{"id":6601,"date":"2025-03-11T06:32:38","date_gmt":"2025-03-11T06:32:38","guid":{"rendered":"https:\/\/fmp-components.com\/product\/dump-truck-telescopic-hydraulic-cylinder-from-fmp"},"modified":"2025-03-12T03:20:08","modified_gmt":"2025-03-12T03:20:08","slug":"dump-truck-telescopic-hydraulic-cylinder-from-fmp","status":"publish","type":"product","link":"https:\/\/fmp-components.com\/hu\/product\/dump-truck-telescopic-hydraulic-cylinder-from-fmp\/","title":{"rendered":"D\u00f6mper teleszk\u00f3pos hidraulikus henger az FMP-t\u0151l"},"content":{"rendered":"<h2>D\u00f6mper teleszk\u00f3pos hidraulikus henger az FMP-t\u0151l<\/h2>\n<p>Olaszorsz\u00e1gban gy\u00e1rtott d\u00f6mperek teleszk\u00f3pos hidraulikus hengere a legmodernebb hidraulikus megold\u00e1s az FMP-t\u0151l, egy 2006-ban alap\u00edtott j\u00f3 h\u00edr\u0171 gy\u00e1rt\u00f3t\u00f3l. Ez a cs\u00facstechnol\u00f3gi\u00e1s hidraulikus berendez\u00e9s p\u00e1ratlan teljes\u00edtm\u00e9nyt ny\u00fajt sz\u00e1mos ipar\u00e1gban, bele\u00e9rtve a gy\u00e1rt\u00f3\u00fczemeket, g\u00e9pjav\u00edt\u00f3 m\u0171helyeket, mez\u0151gazdas\u00e1gi \u00fczemeket, valamint az energia- \u00e9s b\u00e1ny\u00e1szati \u200b\u200b\u00e1gazatokat.<\/p>\n<p><img loading=\"lazy\" decoding=\"async\" class=\"alignnone  wp-image-6665\" src=\"https:\/\/fmp-components.com\/wp-content\/uploads\/2025\/03\/telescopic-hydraulic-cylinder-9.webp\" alt=\"teleszk\u00f3pos hidraulikus henger\" width=\"899\" height=\"899\" title=\"\" srcset=\"https:\/\/fmp-components.com\/wp-content\/uploads\/2025\/03\/telescopic-hydraulic-cylinder-9.webp 899w, https:\/\/fmp-components.com\/wp-content\/uploads\/2025\/03\/telescopic-hydraulic-cylinder-9-480x480.webp 480w\" sizes=\"(min-width: 0px) and (max-width: 480px) 480px, (min-width: 481px) 899px, 100vw\" \/><\/p>\n<h3>Term\u00e9kjellemz\u0151k \u00e9s el\u0151ny\u00f6k<\/h3>\n<ul>\n<li><strong>Energiahat\u00e9kony:<\/strong> Hidraulikus henger\u00fcnk energiatakar\u00e9kos megold\u00e1st k\u00edn\u00e1l, amely cs\u00f6kkenti az \u00fczemeltet\u00e9si k\u00f6lts\u00e9geket.<\/li>\n<li><strong>Nagy hat\u00e9konys\u00e1g:<\/strong> Nagy teljes\u00edtm\u00e9nyre tervezve, gyors \u00e9s megb\u00edzhat\u00f3 m\u0171k\u00f6d\u00e9st biztos\u00edt.<\/li>\n<li><strong>Biztons\u00e1g:<\/strong> A henger biztons\u00e1gos kialak\u00edt\u00e1s\u00fa, amely minimaliz\u00e1lja a balesetek kock\u00e1zat\u00e1t m\u0171k\u00f6d\u00e9s k\u00f6zben.<\/li>\n<\/ul>\n<h2>Hidraulikus rendszerek \u00e9s m\u0171k\u00f6d\u00e9si elvek<\/h2>\n<p>A hidraulikus henger a hidraulikus rendszerek k\u00f6zponti eleme, kulcsszerepet j\u00e1tszik a hidraulikus energia mechanikai mozg\u00e1ss\u00e1 alak\u00edt\u00e1s\u00e1ban. Ez az \u00e1talak\u00edt\u00e1s \u00fagy t\u00f6rt\u00e9nik, hogy a hidraulikus folyad\u00e9k \u00e1ltal kifejtett nyom\u00e1st er\u0151v\u00e9 alak\u00edtj\u00e1k, amelyet azt\u00e1n k\u00fcl\u00f6nf\u00e9le feladatokhoz lehet felhaszn\u00e1lni. A hidraulikus henger szinergi\u00e1ban m\u0171k\u00f6dik a t\u00e1pegys\u00e9ggel, amely el\u0151\u00e1ll\u00edtja a folyad\u00e9k rendszeren kereszt\u00fcli mozgat\u00e1s\u00e1hoz sz\u00fcks\u00e9ges hidraulikus nyom\u00e1st. Ez az \u00f6sszehangolt m\u0171k\u00f6d\u00e9s lehet\u0151v\u00e9 teszi a hidraulikus technol\u00f3gia hat\u00e9kony kihaszn\u00e1l\u00e1s\u00e1t sz\u00e1mos ipari szektorban, lehet\u0151v\u00e9 t\u00e9ve a nagy er\u0151t \u00e9s pontoss\u00e1got ig\u00e9nyl\u0151 feladatok hat\u00e9kony elv\u00e9gz\u00e9s\u00e9t.<\/p>\n<p>A hidraulikus rendszereket \u00fagy tervezt\u00e9k, hogy kihaszn\u00e1lj\u00e1k a folyad\u00e9kok \u00f6sszenyomhatatlans\u00e1g\u00e1t, lehet\u0151v\u00e9 t\u00e9ve a teljes\u00edtm\u00e9ny jelent\u0151s t\u00e1vols\u00e1gokra t\u00f6rt\u00e9n\u0151 \u00e1tvitel\u00e9t jelent\u0151s er\u0151vesztes\u00e9g n\u00e9lk\u00fcl. Ez az elv k\u00fcl\u00f6n\u00f6sen el\u0151ny\u00f6s azokban az alkalmaz\u00e1sokban, ahol neh\u00e9z emel\u00e9sre vagy prec\u00edz mozg\u00e1sokra van sz\u00fcks\u00e9g, \u00edgy a hidraulikus hengerek n\u00e9lk\u00fcl\u00f6zhetetlenek azokban az ipar\u00e1gakban, amelyek robusztus g\u00e9pekre \u00e9s berendez\u00e9sekre t\u00e1maszkodnak.<\/p>\n<h2>Alkalmaz\u00e1s<\/h2>\n<p>Hidraulikus hengereinket sz\u00e1mos ter\u00fcleten alkalmazz\u00e1k, sz\u00e1mos \u00e1gazatban. A gy\u00e1rt\u00f3\u00fczemekben elengedhetetlenek a folyamatok automatiz\u00e1l\u00e1s\u00e1hoz \u00e9s a neh\u00e9z alkatr\u00e9szek hat\u00e9kony kezel\u00e9s\u00e9hez. A g\u00e9pjav\u00edt\u00f3 m\u0171helyek hidraulikus hengerekre t\u00e1maszkodnak a berendez\u00e9sek emel\u00e9s\u00e9hez \u00e9s pozicion\u00e1l\u00e1s\u00e1hoz karbantart\u00e1s k\u00f6zben, biztos\u00edtva a jav\u00edt\u00e1sok biztons\u00e1gos \u00e9s hat\u00e9kony elv\u00e9gz\u00e9s\u00e9t. A mez\u0151gazdas\u00e1gban ezek a hengerek kulcsfontoss\u00e1g\u00faak a traktorok \u00e9s m\u00e1s g\u00e9pek m\u0171k\u00f6dtet\u00e9s\u00e9hez, lehet\u0151v\u00e9 t\u00e9ve a gazd\u00e1lkod\u00f3k sz\u00e1m\u00e1ra, hogy k\u00f6nnyed\u00e9n elv\u00e9gezz\u00e9k az olyan alapvet\u0151 feladatokat, mint a sz\u00e1nt\u00e1s \u00e9s a betakar\u00edt\u00e1s.<\/p>\n<p>Ezenk\u00edv\u00fcl az energia- \u00e9s b\u00e1ny\u00e1szati \u200b\u200bipar jelent\u0151s m\u00e9rt\u00e9kben profit\u00e1l a hidraulikus hengerek erej\u00e9b\u0151l \u00e9s pontoss\u00e1g\u00e1b\u00f3l. Olyan feladatokban alkalmazz\u00e1k \u0151ket, mint a f\u00far\u00e1s, a f\u00f6ldmunka \u00e9s az anyagmozgat\u00e1s, ahol a megb\u00edzhat\u00f3 er\u0151 kritikus fontoss\u00e1g\u00fa. Ezeken az \u00e1gazatokon t\u00fal hidraulikus hengereink az \u00e9p\u00edt\u0151iparban, a sz\u00e1ll\u00edtm\u00e1nyoz\u00e1sban \u00e9s sz\u00e1mos m\u00e1s ter\u00fcleten is alkalmaz\u00e1st tal\u00e1lnak, bemutatva sokoldal\u00fas\u00e1gukat \u00e9s fontoss\u00e1gukat a modern ipari m\u0171veletekben.<\/p>\n<p><img loading=\"lazy\" decoding=\"async\" class=\"alignnone  wp-image-6664\" src=\"https:\/\/fmp-components.com\/wp-content\/uploads\/2025\/03\/telescopic-hydraulic-cylinder-8.webp\" alt=\"teleszk\u00f3pos hidraulikus henger\" width=\"858\" height=\"858\" title=\"\" srcset=\"https:\/\/fmp-components.com\/wp-content\/uploads\/2025\/03\/telescopic-hydraulic-cylinder-8.webp 858w, https:\/\/fmp-components.com\/wp-content\/uploads\/2025\/03\/telescopic-hydraulic-cylinder-8-480x480.webp 480w\" sizes=\"(min-width: 0px) and (max-width: 480px) 480px, (min-width: 481px) 858px, 100vw\" \/><\/p>\n<h2>Hidraulikus hengerek \u00e9s t\u00e1pegys\u00e9gek<\/h2>\n<p>A hidraulikus hengerek \u00e9s a t\u00e1pegys\u00e9gek a hidraulikus rendszerek szerves r\u00e9sz\u00e9t k\u00e9pezik, \u00e9s egy\u00fcttes m\u0171k\u00f6d\u00e9s\u00fck elengedhetetlen a hidraulikus technol\u00f3gia hat\u00e9kony alkalmaz\u00e1s\u00e1hoz az ipari szektorban. A hidraulikus henger m\u0171k\u00f6dtet\u0151k\u00e9nt m\u0171k\u00f6dik, a hidraulikus energi\u00e1t mechanikai mozg\u00e1ss\u00e1 alak\u00edtja, m\u00edg a t\u00e1pegys\u00e9g a rendszer meghajt\u00e1s\u00e1hoz sz\u00fcks\u00e9ges hidraulikus nyom\u00e1s forr\u00e1sak\u00e9nt szolg\u00e1l.<\/p>\n<p>Ezek az alkatr\u00e9szek egy\u00fcttesen megb\u00edzhat\u00f3 energiaell\u00e1t\u00e1st \u00e9s vez\u00e9rl\u00e9st biztos\u00edtanak sz\u00e1mos m\u00e9rn\u00f6ki \u00e9s g\u00e9p\u00e9szeti berendez\u00e9s sz\u00e1m\u00e1ra. A t\u00e1pegys\u00e9g jellemz\u0151en motort, szivatty\u00fat, tart\u00e1lyt \u00e9s vez\u00e9rl\u0151szelepeket tartalmaz, amelyek mind harmonikusan m\u0171k\u00f6dnek az optim\u00e1lis nyom\u00e1s \u00e9s \u00e1raml\u00e1si sebess\u00e9g fenntart\u00e1sa \u00e9rdek\u00e9ben. Ez a szinergia biztos\u00edtja, hogy a hidraulikus hengerek hat\u00e9konyan \u00e9s eredm\u00e9nyesen tudj\u00e1k ell\u00e1tni funkci\u00f3ikat, lehet\u0151v\u00e9 t\u00e9ve az ipar\u00e1gak sz\u00e1m\u00e1ra, hogy kihaszn\u00e1lj\u00e1k a hidraulikus technol\u00f3gia teljes potenci\u00e1lj\u00e1t.<\/p>\n<p>Az FMP-n\u00e9l felismerj\u00fck a t\u00e1pegys\u00e9gek kritikus szerep\u00e9t a hidraulikus rendszerekben, \u00e9s kiv\u00e1l\u00f3 min\u0151s\u00e9g\u0171 t\u00e1pegys\u00e9geket k\u00edn\u00e1lunk \u00e9rt\u00e9kes\u00edt\u00e9sre. Ez lehet\u0151v\u00e9 teszi \u00fcgyfeleink sz\u00e1m\u00e1ra, hogy teljesen integr\u00e1lt, az ig\u00e9nyeikre szabott hidraulikus rendszereket hozzanak l\u00e9tre, n\u00f6velve m\u0171k\u00f6d\u00e9si k\u00e9pess\u00e9geiket, \u00e9s biztos\u00edtva, hogy magabiztosan megfeleljenek ipar\u00e1gaik ig\u00e9nyeinek.<\/p>\n<h3>Az FMP-r\u0151l<\/h3>\n<p class=\"break-words\">Az FMP egy vezet\u0151 olasz gy\u00e1rt\u00f3, amely kiv\u00e1l\u00f3 min\u0151s\u00e9g\u0171 hidraulikus hengerek tervez\u00e9s\u00e9re, fejleszt\u00e9s\u00e9re \u00e9s gy\u00e1rt\u00e1s\u00e1ra specializ\u00e1l\u00f3dott. \u00c9vtizedes szak\u00e9rtelemre \u00e9p\u00fcl\u0151 gazdag \u00f6r\u00f6ks\u00e9g\u00fcnkkel b\u00fcszk\u00e9n \u00f6tv\u00f6zz\u00fck az olasz k\u00e9zm\u0171vess\u00e9get a legmodernebb technol\u00f3gi\u00e1val, hogy kiv\u00e9teles hidraulikus megold\u00e1sokat k\u00edn\u00e1ljunk, amelyek a glob\u00e1lis \u00fcgyfeleink sokr\u00e9t\u0171 ig\u00e9nyeit el\u00e9g\u00edtik ki. Az olaszorsz\u00e1gi sz\u00e9khely\u0171, a m\u00e9rn\u00f6ki kiv\u00e1l\u00f3s\u00e1g k\u00f6zpontj\u00e1ban m\u0171k\u00f6d\u0151 FMP megb\u00edzhat\u00f3 n\u00e9v a hidraulikus iparban, elk\u00f6telezett amellett, hogy megb\u00edzhat\u00f3, tart\u00f3s \u00e9s innovat\u00edv term\u00e9keket k\u00edn\u00e1ljon, amelyek vil\u00e1gszerte lend\u00fcletet adnak a v\u00e1llalkoz\u00e1soknak.<\/p>\n<p class=\"break-words\">C\u00e9g\u00fcnk a fejlett gy\u00e1rt\u00e1si hagyom\u00e1nyok legjav\u00e1t \u00f6tv\u00f6zi az el\u0151remutat\u00f3 megk\u00f6zel\u00edt\u00e9ssel. A hidraulikus rendszerek ter\u00e9n szerzett sok\u00e9ves tapasztalat\u00e1ra \u00e9p\u00edtve az FMP egy modern v\u00e1llalkoz\u00e1ss\u00e1 fejl\u0151d\u00f6tt, amely kiemelked\u0151 a kutat\u00e1s, a tervez\u00e9s \u00e9s a gy\u00e1rt\u00e1s ter\u00e9n. Sz\u00e9les hidraulikus hengerv\u00e1laszt\u00e9kra specializ\u00e1l\u00f3dtunk, bele\u00e9rtve a kett\u0151s m\u0171k\u00f6d\u00e9s\u0171 hengereket, az aut\u00f3ipari emel\u0151hengereket, a mez\u0151gazdas\u00e1gi g\u00e9pek hengereit \u00e9s az egyedi tervez\u00e9s\u0171 megold\u00e1sokat k\u00fcl\u00f6nf\u00e9le ipari alkalmaz\u00e1sokhoz. Legyen sz\u00f3 \u00e9p\u00edt\u0151iparr\u00f3l, ipari telep\u00edt\u00e9sekr\u0151l, mez\u0151gazdas\u00e1gr\u00f3l vagy neh\u00e9zg\u00e9pekr\u0151l, hidraulikus hengereinket a legnehezebb k\u00f6r\u00fclm\u00e9nyek k\u00f6z\u00f6tt is k\u00e9pesek teljes\u00edteni, biztos\u00edtva a biztons\u00e1got, a hat\u00e9konys\u00e1got \u00e9s a hossz\u00fa \u00e9lettartamot.<\/p>\n<p><img loading=\"lazy\" decoding=\"async\" class=\"alignnone size-full wp-image-6720\" src=\"https:\/\/fmp-components.com\/wp-content\/uploads\/2025\/03\/hydraulic-cylinder-8.webp\" alt=\"Teleszk\u00f3pos hidraulikus hengerek\" width=\"933\" height=\"526\" title=\"\" srcset=\"https:\/\/fmp-components.com\/wp-content\/uploads\/2025\/03\/hydraulic-cylinder-8.webp 933w, https:\/\/fmp-components.com\/wp-content\/uploads\/2025\/03\/hydraulic-cylinder-8-480x271.webp 480w\" sizes=\"(min-width: 0px) and (max-width: 480px) 480px, (min-width: 481px) 933px, 100vw\" \/><\/p>\n<p class=\"break-words\">Az FMP-n\u00e9l b\u00fcszk\u00e9k vagyunk a legmodernebb gy\u00e1rt\u00f3\u00fczemeinkre, amelyek prec\u00edzi\u00f3s g\u00e9pekkel \u00e9s fejlett vizsg\u00e1l\u00f3rendszerekkel vannak felszerelve. Gy\u00e1rt\u00e1si folyamataink szigor\u00fa nemzeti \u00e9s nemzetk\u00f6zi szabv\u00e1nyoknak felelnek meg, biztos\u00edtva, hogy minden egyes hidraulikus henger, amely elhagyja gy\u00e1runkat, kiv\u00e1l\u00f3 min\u0151s\u00e9g\u0171 \u00e9s megb\u00edzhat\u00f3 legyen. K\u00e9pzett m\u0171szaki csapatunk a legmodernebb berendez\u00e9sekkel p\u00e1rosulva lehet\u0151v\u00e9 teszi sz\u00e1munkra, hogy szigor\u00fa min\u0151s\u00e9gellen\u0151rz\u00e9st tartsunk fenn a gy\u00e1rt\u00e1s minden szakasz\u00e1ban \u2013 az alapanyagok kiv\u00e1laszt\u00e1s\u00e1t\u00f3l a v\u00e9gs\u0151 ellen\u0151rz\u00e9sig. Ez a kiv\u00e1l\u00f3s\u00e1g ir\u00e1nti elk\u00f6telezetts\u00e9g tan\u00fas\u00edtv\u00e1nyokat \u00e9s elismer\u00e9st szerzett nek\u00fcnk az ipar\u00e1gi hat\u00f3s\u00e1gokt\u00f3l, tov\u00e1bb er\u0151s\u00edtve megb\u00edzhat\u00f3 partnerk\u00e9nt szerzett h\u00edrnev\u00fcnket.<\/p>\n<p class=\"break-words\">K\u00fcldet\u00e9s\u00fcnk egyszer\u0171, m\u00e9gis ambici\u00f3zus: olyan hidraulikus hengereket biztos\u00edtani \u00fcgyfeleinknek, amelyek teljes\u00edtm\u00e9ny, tart\u00f3ss\u00e1g \u00e9s \u00e9rt\u00e9k tekintet\u00e9ben fel\u00fclm\u00falj\u00e1k az elv\u00e1r\u00e1sokat. A professzionalizmus, a feddhetetlens\u00e9g \u00e9s az \u00fcgyf\u00e9lk\u00f6zpont\u00fas\u00e1g vez\u00e9relvei szerint m\u0171k\u00f6d\u00fcnk. Az innov\u00e1ci\u00f3 \u00e9s a precizit\u00e1s kult\u00far\u00e1j\u00e1nak \u00e1pol\u00e1s\u00e1val folyamatosan finom\u00edtjuk term\u00e9keinket, hogy meg\u0151rizz\u00fck el\u0151ny\u00fcnket a versenyk\u00e9pes piacon. \u00c1tfog\u00f3 term\u00e9kk\u00edn\u00e1latunk \u00e9s a szem\u00e9lyre szabott megold\u00e1sok k\u00edn\u00e1l\u00e1s\u00e1nak k\u00e9pess\u00e9ge tesz minket a nagy teljes\u00edtm\u00e9ny\u0171 hidraulikus hengereket keres\u0151 v\u00e1llalkoz\u00e1sok els\u0151 sz\u00e1m\u00fa v\u00e1laszt\u00e1s\u00e1v\u00e1.<\/p>\n<p class=\"break-words\">Az FMP t\u00f6bb mint egy gy\u00e1rt\u00f3 \u2013 partnerek vagyunk a siker\u00e9ben. Meg\u00e9rtj\u00fck, hogy \u00fcgyfeleink olyan szersz\u00e1mok sz\u00e1ll\u00edt\u00e1s\u00e1ban b\u00edznak benn\u00fcnk, amelyek n\u00f6velik termel\u00e9kenys\u00e9g\u00fcket \u00e9s biztons\u00e1gukat. Ez\u00e9rt elk\u00f6telezettek vagyunk nemcsak a legjobb min\u0151s\u00e9g\u0171 term\u00e9kek, hanem a kiv\u00e9teles szolg\u00e1ltat\u00e1s ny\u00fajt\u00e1sa ir\u00e1nt is. A kezdeti konzult\u00e1ci\u00f3t\u00f3l az \u00e9rt\u00e9kes\u00edt\u00e9s ut\u00e1ni t\u00e1mogat\u00e1sig szorosan egy\u00fcttm\u0171k\u00f6d\u00fcnk \u00fcgyfeleinkkel annak biztos\u00edt\u00e1sa \u00e9rdek\u00e9ben, hogy ig\u00e9nyeiket professzionalizmussal \u00e9s gondoss\u00e1ggal el\u00e9g\u00edts\u00fck ki. Versenyk\u00e9pes \u00e1raink, p\u00e1rosulva a min\u0151s\u00e9g ir\u00e1nti rend\u00edthetetlen elk\u00f6telezetts\u00e9g\u00fcnkkel, teszik az FMP-t okos v\u00e1laszt\u00e1ss\u00e1 azoknak a v\u00e1llalatoknak, amelyek megb\u00edzhat\u00f3 hidraulikus megold\u00e1sokba szeretn\u00e9nek befektetni.<\/p>","protected":false},"excerpt":{"rendered":"<p>D\u00f6mper teleszk\u00f3pos hidraulikus henger az FMP-t\u0151l Olaszorsz\u00e1gban gy\u00e1rtott d\u00f6mper teleszk\u00f3pos hidraulikus henger\u00fcnk a legmodernebb hidraulikus megold\u00e1s az FMP-t\u0151l, egy 2006-ban alap\u00edtott j\u00f3 h\u00edr\u0171 gy\u00e1rt\u00f3t\u00f3l. Ez a cs\u00facstechnol\u00f3gi\u00e1s hidraulikus berendez\u00e9s p\u00e1ratlan teljes\u00edtm\u00e9nyt ny\u00fajt a k\u00fcl\u00f6nb\u00f6z\u0151 ipar\u00e1gakban, bele\u00e9rtve a gy\u00e1rt\u00f3\u00fczemeket, g\u00e9pjav\u00edt\u00f3 m\u0171helyeket, mez\u0151gazdas\u00e1gi \u00fczemeket, valamint az energia- \u00e9s b\u00e1ny\u00e1szati \u200b\u200b\u00e1gazatokat. Term\u00e9k [\u2026]<\/p>","protected":false},"featured_media":6711,"comment_status":"closed","ping_status":"closed","template":"","meta":{"_et_pb_use_builder":"","_et_pb_old_content":"","_et_gb_content_width":""},"product_brand":[],"product_cat":[103],"product_tag":[34,105],"class_list":{"0":"post-6601","1":"product","2":"type-product","3":"status-publish","4":"has-post-thumbnail","6":"product_cat-telescopic-hydraulic-cylinders","7":"product_tag-hydraulic-cylinder","8":"product_tag-telescopic-hydraulic-cylinders","10":"first","11":"instock","12":"product-type-simple"},"_links":{"self":[{"href":"https:\/\/fmp-components.com\/hu\/wp-json\/wp\/v2\/product\/6601","targetHints":{"allow":["GET"]}}],"collection":[{"href":"https:\/\/fmp-components.com\/hu\/wp-json\/wp\/v2\/product"}],"about":[{"href":"https:\/\/fmp-components.com\/hu\/wp-json\/wp\/v2\/types\/product"}],"replies":[{"embeddable":true,"href":"https:\/\/fmp-components.com\/hu\/wp-json\/wp\/v2\/comments?post=6601"}],"wp:featuredmedia":[{"embeddable":true,"href":"https:\/\/fmp-components.com\/hu\/wp-json\/wp\/v2\/media\/6711"}],"wp:attachment":[{"href":"https:\/\/fmp-components.com\/hu\/wp-json\/wp\/v2\/media?parent=6601"}],"wp:term":[{"taxonomy":"product_brand","embeddable":true,"href":"https:\/\/fmp-components.com\/hu\/wp-json\/wp\/v2\/product_brand?post=6601"},{"taxonomy":"product_cat","embeddable":true,"href":"https:\/\/fmp-components.com\/hu\/wp-json\/wp\/v2\/product_cat?post=6601"},{"taxonomy":"product_tag","embeddable":true,"href":"https:\/\/fmp-components.com\/hu\/wp-json\/wp\/v2\/product_tag?post=6601"}],"curies":[{"name":"munkaf\u00fczet","href":"https:\/\/api.w.org\/{rel}","templated":true}]}}