{"id":6600,"date":"2025-03-11T06:32:38","date_gmt":"2025-03-11T06:32:38","guid":{"rendered":"https:\/\/fmp-components.com\/product\/3tons-5tons-7tons-12-tons-telescopic-multistages-tipper-truck-hydraulic-cylinder-from-fmp"},"modified":"2025-03-12T03:14:59","modified_gmt":"2025-03-12T03:14:59","slug":"3tons-5tons-7tons-12-tons-telescopic-multistages-tipper-truck-hydraulic-cylinder-from-fmp","status":"publish","type":"product","link":"https:\/\/fmp-components.com\/hu\/product\/3tons-5tons-7tons-12-tons-telescopic-multistages-tipper-truck-hydraulic-cylinder-from-fmp\/","title":{"rendered":"3 tonna, 5 tonna, 7 tonna, 12 tonna teleszk\u00f3pos\/t\u00f6bbl\u00e9pcs\u0151s billen\u0151plat\u00f3s hidraulikus henger az FMP-t\u0151l"},"content":{"rendered":"<h2>3 tonna, 5 tonna, 7 tonna, 12 tonna teleszk\u00f3pos\/t\u00f6bbl\u00e9pcs\u0151s billen\u0151plat\u00f3s hidraulikus henger az FMP-t\u0151l<\/h2>\n<p>Az FMP teleszk\u00f3pos\/t\u00f6bbl\u00e9pcs\u0151s hidraulikus hengere innovat\u00edv megold\u00e1s billen\u0151plat\u00f3s teheraut\u00f3k sz\u00e1m\u00e1ra. Ez a hidraulikus henger 3, 5, 7 \u00e9s 12 tonn\u00e1s teheraut\u00f3khoz k\u00e9sz\u00fclt, kiv\u00e9teles teljes\u00edtm\u00e9nyt \u00e9s pontoss\u00e1got biztos\u00edtva. Kiv\u00e1l\u00f3 min\u0151s\u00e9g\u0171 ac\u00e9lb\u00f3l k\u00e9sz\u00fclt, ezek a hidraulikus hengerek optim\u00e1lis teljes\u00edtm\u00e9nyt \u00e9s tart\u00f3ss\u00e1got biztos\u00edtanak.<\/p>\n<h3>Jellemz\u0151k \u00e9s funkci\u00f3k<\/h3>\n<p>Hidraulikus hengereink ISO 9001:2000 tan\u00fas\u00edtv\u00e1nnyal rendelkeznek, ami a kiv\u00e1l\u00f3 min\u0151s\u00e9g \u00e9s teljes\u00edtm\u00e9ny jele, \u00e9s t\u00fckr\u00f6zi a gy\u00e1rt\u00e1s ir\u00e1nti elk\u00f6telezetts\u00e9g\u00fcnket. Leny\u0171g\u00f6z\u0151, 3000-es maxim\u00e1lis tol\u00f3er\u0151vel \u00e9s 600-as maxim\u00e1lis h\u00faz\u00f3er\u0151vel ezek a hengerek nagy teljes\u00edtm\u00e9nyt ny\u00fajtanak, amely sz\u00e9les k\u00f6r\u0171 ipari alkalmaz\u00e1sokhoz alkalmas. A hengerek \u00e1tm\u00e9r\u0151je 20 mm-t\u0151l 250 mm-ig terjed, \u00edgy p\u00e1ratlan sokoldal\u00fas\u00e1got k\u00edn\u00e1l a k\u00fcl\u00f6nf\u00e9le m\u0171k\u00f6d\u00e9si k\u00f6vetelm\u00e9nyek kiel\u00e9g\u00edt\u00e9s\u00e9re. Ak\u00e1r kompakt megold\u00e1sra van sz\u00fcks\u00e9ge sz\u0171k helyekre, ak\u00e1r nagyobb hengerre a neh\u00e9z feladatokhoz, term\u00e9keink az \u00d6n egyedi ig\u00e9nyeihez igaz\u00edthat\u00f3k.<\/p>\n<p><img loading=\"lazy\" decoding=\"async\" class=\"alignnone  wp-image-6657\" src=\"https:\/\/fmp-components.com\/wp-content\/uploads\/2025\/03\/telescopic-hydraulic-cylinder-3.webp\" alt=\"teleszk\u00f3pos hidraulikus henger\" width=\"902\" height=\"902\" title=\"\" srcset=\"https:\/\/fmp-components.com\/wp-content\/uploads\/2025\/03\/telescopic-hydraulic-cylinder-3.webp 902w, https:\/\/fmp-components.com\/wp-content\/uploads\/2025\/03\/telescopic-hydraulic-cylinder-3-480x480.webp 480w\" sizes=\"(min-width: 0px) and (max-width: 480px) 480px, (min-width: 481px) 902px, 100vw\" \/><\/p>\n<h3>Term\u00e9kspecifik\u00e1ci\u00f3k<\/h3>\n<p>Minden egyes hidraulikus hengert szak\u00e9rt\u0151k terveznek \u00e9s gy\u00e1rtanak pontos specifik\u00e1ci\u00f3k szerint. A furatm\u00e9ret teljes m\u00e9rt\u00e9kben testreszabhat\u00f3, \u00edgy kiv\u00e1laszthatja az alkalmaz\u00e1s\u00e1nak ig\u00e9nyeihez legink\u00e1bb illeszked\u0151 m\u00e9reteket. Ez a rugalmass\u00e1g biztos\u00edtja, hogy olyan term\u00e9ket kapjon, amely t\u00f6k\u00e9letesen illeszkedik az \u00d6n m\u0171k\u00f6d\u00e9si ig\u00e9nyeihez. Ezenk\u00edv\u00fcl ezek a hengerek kiv\u00e1l\u00f3 min\u0151s\u00e9g\u0171 csap\u00e1gyakkal vannak felszerelve, amelyek alapvet\u0151 alkatr\u00e9szekk\u00e9nt szolg\u00e1lnak, ami jelent\u0151sen n\u00f6veli a teljes\u00edtm\u00e9ny\u00fcket \u00e9s a tart\u00f3ss\u00e1gukat. A csap\u00e1gyak haszn\u00e1lata cs\u00f6kkenti a s\u00farl\u00f3d\u00e1st \u00e9s a kop\u00e1st, \u00edgy sim\u00e1bb m\u0171k\u00f6d\u00e9st \u00e9s a hidraulikus henger \u00e9lettartam\u00e1nak meghosszabb\u00edt\u00e1s\u00e1t teszi lehet\u0151v\u00e9.<\/p>\n<h3>Egyedi jellemz\u0151k<\/h3>\n<ul>\n<li><strong>Energiatakar\u00e9koss\u00e1g:<\/strong> Hidraulikus hengereinket az energiatakar\u00e9koss\u00e1g szem el\u0151tt tart\u00e1s\u00e1val tervezz\u00fck. Ez a kialak\u00edt\u00e1s nemcsak az \u00fczemeltet\u00e9si k\u00f6lts\u00e9gek cs\u00f6kkent\u00e9s\u00e9ben seg\u00edt, hanem a k\u00f6rnyezeti fenntarthat\u00f3s\u00e1ghoz is hozz\u00e1j\u00e1rul az\u00e1ltal, hogy minimaliz\u00e1lja az energiapazarl\u00e1st m\u0171k\u00f6d\u00e9s k\u00f6zben. A hidraulikus folyad\u00e9kfelhaszn\u00e1l\u00e1s optimaliz\u00e1l\u00e1s\u00e1val hengereink biztos\u00edtj\u00e1k, hogy a v\u00e1llalkoz\u00e1sok hat\u00e9konyan el\u00e9rhess\u00e9k c\u00e9ljaikat, mik\u00f6zben szem el\u0151tt tartj\u00e1k az energiafogyaszt\u00e1st.<\/li>\n<li><strong>Hat\u00e9kony:<\/strong> Fejlett hidraulikus technol\u00f3gi\u00e1t alkalmazva hengereink magas hat\u00e1sfokot \u00e9s teljes\u00edtm\u00e9nyszintet biztos\u00edtanak. Ez a hat\u00e9konys\u00e1g gyorsabb ciklusid\u0151ket \u00e9s jobb termel\u00e9kenys\u00e9get eredm\u00e9nyez, lehet\u0151v\u00e9 t\u00e9ve az ipar\u00e1gak sz\u00e1m\u00e1ra a folyamatok egyszer\u0171s\u00edt\u00e9s\u00e9t \u00e9s az \u00e1ltal\u00e1nos m\u0171k\u00f6d\u00e9si hat\u00e9konys\u00e1g n\u00f6vel\u00e9s\u00e9t.<\/li>\n<li><strong>Biztons\u00e1g:<\/strong> Az ipari alkalmaz\u00e1sokban a biztons\u00e1g kiemelked\u0151 fontoss\u00e1g\u00fa, \u00e9s hidraulikus hengereink kiv\u00e1l\u00f3 min\u0151s\u00e9g\u0171 anyagokb\u00f3l k\u00e9sz\u00fclnek, amelyek m\u00e9g a legnehezebb munkak\u00f6r\u00fclm\u00e9nyek k\u00f6z\u00f6tt is tart\u00f3ss\u00e1got biztos\u00edtanak. Szigor\u00fa tesztel\u00e9si \u00e9s min\u0151s\u00e9gbiztos\u00edt\u00e1si protokollokat alkalmazunk annak garant\u00e1l\u00e1s\u00e1ra, hogy term\u00e9keink megfeleljenek a legmagasabb biztons\u00e1gi el\u0151\u00edr\u00e1soknak. Ez a robusztus konstrukci\u00f3 nemcsak a kezel\u0151ket v\u00e9di, hanem a g\u00e9pek megb\u00edzhat\u00f3s\u00e1g\u00e1t is n\u00f6veli, lehet\u0151v\u00e9 t\u00e9ve a biztons\u00e1gosabb munkak\u00f6rnyezetet.<\/li>\n<\/ul>\n<p>Hidraulikus hengereinket a teljes\u00edtm\u00e9ny, a biztons\u00e1g \u00e9s a hat\u00e9konys\u00e1g ter\u00e9n val\u00f3 kiemelked\u0151 teljes\u00edtm\u00e9nyre tervezt\u00fck, \u00edgy ide\u00e1lis v\u00e1laszt\u00e1st jelentenek k\u00fcl\u00f6nf\u00e9le ipari alkalmaz\u00e1sokhoz. Testreszabhat\u00f3 specifik\u00e1ci\u00f3kkal \u00e9s a min\u0151s\u00e9g ir\u00e1nti elk\u00f6telezetts\u00e9g\u00fcnkkel olyan megold\u00e1sokat k\u00edn\u00e1lunk, amelyek lehet\u0151v\u00e9 teszik a v\u00e1llalkoz\u00e1sok sz\u00e1m\u00e1ra a hat\u00e9kony \u00e9s biztons\u00e1gos m\u0171k\u00f6d\u00e9st.<\/p>\n<h3>Az FMP-r\u0151l<\/h3>\n<p class=\"break-words\">Az FMP egy vezet\u0151 olasz gy\u00e1rt\u00f3, amely kiv\u00e1l\u00f3 min\u0151s\u00e9g\u0171 hidraulikus hengerek tervez\u00e9s\u00e9re, fejleszt\u00e9s\u00e9re \u00e9s gy\u00e1rt\u00e1s\u00e1ra specializ\u00e1l\u00f3dott. \u00c9vtizedes szak\u00e9rtelemre \u00e9p\u00fcl\u0151 gazdag \u00f6r\u00f6ks\u00e9g\u00fcnkkel b\u00fcszk\u00e9n \u00f6tv\u00f6zz\u00fck az olasz k\u00e9zm\u0171vess\u00e9get a legmodernebb technol\u00f3gi\u00e1val, hogy kiv\u00e9teles hidraulikus megold\u00e1sokat k\u00edn\u00e1ljunk, amelyek a glob\u00e1lis \u00fcgyfeleink sokr\u00e9t\u0171 ig\u00e9nyeit el\u00e9g\u00edtik ki. Az olaszorsz\u00e1gi sz\u00e9khely\u0171, a m\u00e9rn\u00f6ki kiv\u00e1l\u00f3s\u00e1g k\u00f6zpontj\u00e1ban m\u0171k\u00f6d\u0151 FMP megb\u00edzhat\u00f3 n\u00e9v a hidraulikus iparban, elk\u00f6telezett amellett, hogy megb\u00edzhat\u00f3, tart\u00f3s \u00e9s innovat\u00edv term\u00e9keket k\u00edn\u00e1ljon, amelyek vil\u00e1gszerte lend\u00fcletet adnak a v\u00e1llalkoz\u00e1soknak.<\/p>\n<p class=\"break-words\">C\u00e9g\u00fcnk a fejlett gy\u00e1rt\u00e1si hagyom\u00e1nyok legjav\u00e1t \u00f6tv\u00f6zi az el\u0151remutat\u00f3 megk\u00f6zel\u00edt\u00e9ssel. A hidraulikus rendszerek ter\u00e9n szerzett sok\u00e9ves tapasztalat\u00e1ra \u00e9p\u00edtve az FMP egy modern v\u00e1llalkoz\u00e1ss\u00e1 fejl\u0151d\u00f6tt, amely kiemelked\u0151 a kutat\u00e1s, a tervez\u00e9s \u00e9s a gy\u00e1rt\u00e1s ter\u00e9n. Sz\u00e9les hidraulikus hengerv\u00e1laszt\u00e9kra specializ\u00e1l\u00f3dtunk, bele\u00e9rtve a kett\u0151s m\u0171k\u00f6d\u00e9s\u0171 hengereket, az aut\u00f3ipari emel\u0151hengereket, a mez\u0151gazdas\u00e1gi g\u00e9pek hengereit \u00e9s az egyedi tervez\u00e9s\u0171 megold\u00e1sokat k\u00fcl\u00f6nf\u00e9le ipari alkalmaz\u00e1sokhoz. Legyen sz\u00f3 \u00e9p\u00edt\u0151iparr\u00f3l, ipari telep\u00edt\u00e9sekr\u0151l, mez\u0151gazdas\u00e1gr\u00f3l vagy neh\u00e9zg\u00e9pekr\u0151l, hidraulikus hengereinket a legnehezebb k\u00f6r\u00fclm\u00e9nyek k\u00f6z\u00f6tt is k\u00e9pesek teljes\u00edteni, biztos\u00edtva a biztons\u00e1got, a hat\u00e9konys\u00e1got \u00e9s a hossz\u00fa \u00e9lettartamot.<\/p>\n<p><img loading=\"lazy\" decoding=\"async\" class=\"alignnone size-full wp-image-6720\" src=\"https:\/\/fmp-components.com\/wp-content\/uploads\/2025\/03\/hydraulic-cylinder-8.webp\" alt=\"Teleszk\u00f3pos hidraulikus hengerek\" width=\"933\" height=\"526\" title=\"\" srcset=\"https:\/\/fmp-components.com\/wp-content\/uploads\/2025\/03\/hydraulic-cylinder-8.webp 933w, https:\/\/fmp-components.com\/wp-content\/uploads\/2025\/03\/hydraulic-cylinder-8-480x271.webp 480w\" sizes=\"(min-width: 0px) and (max-width: 480px) 480px, (min-width: 481px) 933px, 100vw\" \/><\/p>\n<p class=\"break-words\">Az FMP-n\u00e9l b\u00fcszk\u00e9k vagyunk a legmodernebb gy\u00e1rt\u00f3\u00fczemeinkre, amelyek prec\u00edzi\u00f3s g\u00e9pekkel \u00e9s fejlett vizsg\u00e1l\u00f3rendszerekkel vannak felszerelve. Gy\u00e1rt\u00e1si folyamataink szigor\u00fa nemzeti \u00e9s nemzetk\u00f6zi szabv\u00e1nyoknak felelnek meg, biztos\u00edtva, hogy minden egyes hidraulikus henger, amely elhagyja gy\u00e1runkat, kiv\u00e1l\u00f3 min\u0151s\u00e9g\u0171 \u00e9s megb\u00edzhat\u00f3 legyen. K\u00e9pzett m\u0171szaki csapatunk a legmodernebb berendez\u00e9sekkel p\u00e1rosulva lehet\u0151v\u00e9 teszi sz\u00e1munkra, hogy szigor\u00fa min\u0151s\u00e9gellen\u0151rz\u00e9st tartsunk fenn a gy\u00e1rt\u00e1s minden szakasz\u00e1ban \u2013 az alapanyagok kiv\u00e1laszt\u00e1s\u00e1t\u00f3l a v\u00e9gs\u0151 ellen\u0151rz\u00e9sig. Ez a kiv\u00e1l\u00f3s\u00e1g ir\u00e1nti elk\u00f6telezetts\u00e9g tan\u00fas\u00edtv\u00e1nyokat \u00e9s elismer\u00e9st szerzett nek\u00fcnk az ipar\u00e1gi hat\u00f3s\u00e1gokt\u00f3l, tov\u00e1bb er\u0151s\u00edtve megb\u00edzhat\u00f3 partnerk\u00e9nt szerzett h\u00edrnev\u00fcnket.<\/p>\n<p class=\"break-words\">K\u00fcldet\u00e9s\u00fcnk egyszer\u0171, m\u00e9gis ambici\u00f3zus: olyan hidraulikus hengereket biztos\u00edtani \u00fcgyfeleinknek, amelyek teljes\u00edtm\u00e9ny, tart\u00f3ss\u00e1g \u00e9s \u00e9rt\u00e9k tekintet\u00e9ben fel\u00fclm\u00falj\u00e1k az elv\u00e1r\u00e1sokat. A professzionalizmus, a feddhetetlens\u00e9g \u00e9s az \u00fcgyf\u00e9lk\u00f6zpont\u00fas\u00e1g vez\u00e9relvei szerint m\u0171k\u00f6d\u00fcnk. Az innov\u00e1ci\u00f3 \u00e9s a precizit\u00e1s kult\u00far\u00e1j\u00e1nak \u00e1pol\u00e1s\u00e1val folyamatosan finom\u00edtjuk term\u00e9keinket, hogy meg\u0151rizz\u00fck el\u0151ny\u00fcnket a versenyk\u00e9pes piacon. \u00c1tfog\u00f3 term\u00e9kk\u00edn\u00e1latunk \u00e9s a szem\u00e9lyre szabott megold\u00e1sok k\u00edn\u00e1l\u00e1s\u00e1nak k\u00e9pess\u00e9ge tesz minket a nagy teljes\u00edtm\u00e9ny\u0171 hidraulikus hengereket keres\u0151 v\u00e1llalkoz\u00e1sok els\u0151 sz\u00e1m\u00fa v\u00e1laszt\u00e1s\u00e1v\u00e1.<\/p>\n<p class=\"break-words\">Az FMP t\u00f6bb mint egy gy\u00e1rt\u00f3 \u2013 partnerek vagyunk a siker\u00e9ben. Meg\u00e9rtj\u00fck, hogy \u00fcgyfeleink olyan szersz\u00e1mok sz\u00e1ll\u00edt\u00e1s\u00e1ban b\u00edznak benn\u00fcnk, amelyek n\u00f6velik termel\u00e9kenys\u00e9g\u00fcket \u00e9s biztons\u00e1gukat. Ez\u00e9rt elk\u00f6telezettek vagyunk nemcsak a legjobb min\u0151s\u00e9g\u0171 term\u00e9kek, hanem a kiv\u00e9teles szolg\u00e1ltat\u00e1s ny\u00fajt\u00e1sa ir\u00e1nt is. A kezdeti konzult\u00e1ci\u00f3t\u00f3l az \u00e9rt\u00e9kes\u00edt\u00e9s ut\u00e1ni t\u00e1mogat\u00e1sig szorosan egy\u00fcttm\u0171k\u00f6d\u00fcnk \u00fcgyfeleinkkel annak biztos\u00edt\u00e1sa \u00e9rdek\u00e9ben, hogy ig\u00e9nyeiket professzionalizmussal \u00e9s gondoss\u00e1ggal el\u00e9g\u00edts\u00fck ki. Versenyk\u00e9pes \u00e1raink, p\u00e1rosulva a min\u0151s\u00e9g ir\u00e1nti rend\u00edthetetlen elk\u00f6telezetts\u00e9g\u00fcnkkel, teszik az FMP-t okos v\u00e1laszt\u00e1ss\u00e1 azoknak a v\u00e1llalatoknak, amelyek megb\u00edzhat\u00f3 hidraulikus megold\u00e1sokba szeretn\u00e9nek befektetni.<\/p>\n<h2>GYIK<\/h2>\n<h3>1. k\u00e9rd\u00e9s: Mi a hidraulikus hengerek garanci\u00e1ja?<\/h3>\n<p>Hidraulikus hengereinkre 1 \u00e9v garanci\u00e1t v\u00e1llalunk, ezzel is biztos\u00edtva azok min\u0151s\u00e9g\u00e9t \u00e9s teljes\u00edtm\u00e9ny\u00e9t.<\/p>\n<h3>2. k\u00e9rd\u00e9s: Testreszabhatom a hidraulikus henger furatm\u00e9ret\u00e9t?<\/h3>\n<p>Igen, a hidraulikus hengereink furatm\u00e9rete az \u00d6n ig\u00e9nyei szerint testreszabhat\u00f3.<\/p>\n<h3>3. k\u00e9rd\u00e9s: Mekkora a hidraulikus hengerek maxim\u00e1lis tol\u00f3ereje \u00e9s h\u00faz\u00f3ereje?<\/h3>\n<p>Hidraulikus hengereink maxim\u00e1lis tol\u00f3ereje 3000, maxim\u00e1lis h\u00faz\u00f3ereje pedig 600.<\/p>\n<p><img loading=\"lazy\" decoding=\"async\" class=\"alignnone  wp-image-6717\" src=\"https:\/\/fmp-components.com\/wp-content\/uploads\/2025\/03\/hydraulic-cylinder-211.webp\" alt=\"Hidraulikus hengerek\" width=\"893\" height=\"895\" title=\"\" srcset=\"https:\/\/fmp-components.com\/wp-content\/uploads\/2025\/03\/hydraulic-cylinder-211.webp 893w, https:\/\/fmp-components.com\/wp-content\/uploads\/2025\/03\/hydraulic-cylinder-211-480x481.webp 480w\" sizes=\"(min-width: 0px) and (max-width: 480px) 480px, (min-width: 481px) 893px, 100vw\" \/><\/p>","protected":false},"excerpt":{"rendered":"<p>3 tonn\u00e1s, 5 tonn\u00e1s, 7 tonn\u00e1s, 12 tonn\u00e1s teleszk\u00f3pos\/t\u00f6bbl\u00e9pcs\u0151s billen\u0151plat\u00f3s teheraut\u00f3 hidraulikus henger az FMP-t\u0151l Az FMP teleszk\u00f3pos\/t\u00f6bbl\u00e9pcs\u0151s hidraulikus hengere egy innovat\u00edv megold\u00e1s billen\u0151plat\u00f3s teheraut\u00f3k sz\u00e1m\u00e1ra. Ez a hidraulikus henger 3, 5, 7 \u00e9s 12 tonn\u00e1s teheraut\u00f3khoz k\u00e9sz\u00fclt, kiv\u00e9teles teljes\u00edtm\u00e9nyt \u00e9s pontoss\u00e1got biztos\u00edtva. Kiv\u00e1l\u00f3 min\u0151s\u00e9g\u0171 ac\u00e9lb\u00f3l k\u00e9sz\u00fclt, ezek a hidraulikus hengerek optim\u00e1lis teljes\u00edtm\u00e9nyt \u00e9s tart\u00f3ss\u00e1got biztos\u00edtanak. [\u2026]<\/p>","protected":false},"featured_media":6710,"comment_status":"closed","ping_status":"closed","template":"","meta":{"_et_pb_use_builder":"","_et_pb_old_content":"","_et_gb_content_width":""},"product_brand":[],"product_cat":[103],"product_tag":[34,105],"class_list":{"0":"post-6600","1":"product","2":"type-product","3":"status-publish","4":"has-post-thumbnail","6":"product_cat-telescopic-hydraulic-cylinders","7":"product_tag-hydraulic-cylinder","8":"product_tag-telescopic-hydraulic-cylinders","10":"first","11":"instock","12":"product-type-simple"},"_links":{"self":[{"href":"https:\/\/fmp-components.com\/hu\/wp-json\/wp\/v2\/product\/6600","targetHints":{"allow":["GET"]}}],"collection":[{"href":"https:\/\/fmp-components.com\/hu\/wp-json\/wp\/v2\/product"}],"about":[{"href":"https:\/\/fmp-components.com\/hu\/wp-json\/wp\/v2\/types\/product"}],"replies":[{"embeddable":true,"href":"https:\/\/fmp-components.com\/hu\/wp-json\/wp\/v2\/comments?post=6600"}],"wp:featuredmedia":[{"embeddable":true,"href":"https:\/\/fmp-components.com\/hu\/wp-json\/wp\/v2\/media\/6710"}],"wp:attachment":[{"href":"https:\/\/fmp-components.com\/hu\/wp-json\/wp\/v2\/media?parent=6600"}],"wp:term":[{"taxonomy":"product_brand","embeddable":true,"href":"https:\/\/fmp-components.com\/hu\/wp-json\/wp\/v2\/product_brand?post=6600"},{"taxonomy":"product_cat","embeddable":true,"href":"https:\/\/fmp-components.com\/hu\/wp-json\/wp\/v2\/product_cat?post=6600"},{"taxonomy":"product_tag","embeddable":true,"href":"https:\/\/fmp-components.com\/hu\/wp-json\/wp\/v2\/product_tag?post=6600"}],"curies":[{"name":"munkaf\u00fczet","href":"https:\/\/api.w.org\/{rel}","templated":true}]}}