{"id":6597,"date":"2025-03-11T06:32:38","date_gmt":"2025-03-11T06:32:38","guid":{"rendered":"https:\/\/fmp-components.com\/product\/italy-manufacture-telescopic-multi-stages-hydraulic-cylinder-for-dump-truck-trailer-and-tipper-truck-from-fmp"},"modified":"2025-03-12T03:03:04","modified_gmt":"2025-03-12T03:03:04","slug":"italy-manufacture-telescopic-multi-stages-hydraulic-cylinder-for-dump-truck-trailer-and-tipper-truck-from-fmp","status":"publish","type":"product","link":"https:\/\/fmp-components.com\/hu\/product\/italy-manufacture-telescopic-multi-stages-hydraulic-cylinder-for-dump-truck-trailer-and-tipper-truck-from-fmp\/","title":{"rendered":"Olaszorsz\u00e1g gy\u00e1rt teleszk\u00f3pos \/ t\u00f6bbl\u00e9pcs\u0151s hidraulikus hengert d\u00f6mperekhez \/ p\u00f3tkocsikhoz \u00e9s billen\u0151plat\u00f3s teheraut\u00f3khoz az FMP-t\u0151l"},"content":{"rendered":"<h2>Olaszorsz\u00e1g gy\u00e1rt teleszk\u00f3pos \/ t\u00f6bbl\u00e9pcs\u0151s hidraulikus hengert d\u00f6mperekhez \/ p\u00f3tkocsikhoz \u00e9s billen\u0151plat\u00f3s teheraut\u00f3khoz az FMP-t\u0151l<\/h2>\n<p>Az FMP a leghat\u00e9konyabb \u00e9s leger\u0151sebb teleszk\u00f3pos\/t\u00f6bbfokozat\u00fa hidraulikus hengert k\u00edn\u00e1lja, amely t\u00f6k\u00e9letes megold\u00e1s d\u00f6mperekhez, p\u00f3tkocsikhoz \u00e9s billen\u0151plat\u00f3s teheraut\u00f3khoz. Ez az ipari min\u0151s\u00e9g\u0171 hidraulikus henger p\u00e1ratlan teljes\u00edtm\u00e9nyt \u00e9s szil\u00e1rds\u00e1got biztos\u00edt. Ez a 2021-es \u00e9v \u00faj term\u00e9ke, amely a legfejlettebb technol\u00f3gi\u00e1t \u00e9s min\u0151s\u00e9get \u00edg\u00e9ri.<\/p>\n<h3>Term\u00e9kjellemz\u0151k \u00e9s specifik\u00e1ci\u00f3k<\/h3>\n<p>Ez a hidraulikus henger egy \u00e9v garanci\u00e1val \u00e9s a legmagasabb min\u0151s\u00e9g\u0171 alkatr\u00e9szekkel rendelkezik. Robusztus ac\u00e9l testtel k\u00e9sz\u00fclt, olajjal m\u0171k\u00f6dik \u00e9s ISO9001:2000 tan\u00fas\u00edtv\u00e1nnyal rendelkezik. A hidraulikus teljes\u00edtm\u00e9ny ide\u00e1lis v\u00e1laszt\u00e1ss\u00e1 teszi sz\u00e1mos ipar\u00e1g sz\u00e1m\u00e1ra, bele\u00e9rtve a gy\u00e1rt\u00f3\u00fczemeket, g\u00e9pjav\u00edt\u00f3 m\u0171helyeket, mez\u0151gazdas\u00e1gi \u00fczemeket, az energia- \u00e9s b\u00e1ny\u00e1szati \u200b\u200bszektorokat.<\/p>\n<p><img loading=\"lazy\" decoding=\"async\" class=\"alignnone  wp-image-6661\" src=\"https:\/\/fmp-components.com\/wp-content\/uploads\/2025\/03\/telescopic-hydraulic-cylinder-10.webp\" alt=\"teleszk\u00f3pos hidraulikus henger\" width=\"901\" height=\"901\" title=\"\" srcset=\"https:\/\/fmp-components.com\/wp-content\/uploads\/2025\/03\/telescopic-hydraulic-cylinder-10.webp 901w, https:\/\/fmp-components.com\/wp-content\/uploads\/2025\/03\/telescopic-hydraulic-cylinder-10-480x480.webp 480w\" sizes=\"(min-width: 0px) and (max-width: 480px) 480px, (min-width: 481px) 901px, 100vw\" \/><\/p>\n<h3>Egyedi tulajdons\u00e1gok \u00e9s el\u0151ny\u00f6k<\/h3>\n<ul>\n<li>Energiatakar\u00e9kos \u00e9s rendk\u00edv\u00fcl hat\u00e9kony<\/li>\n<li>Biztons\u00e1gos \u00e9s megb\u00edzhat\u00f3 neh\u00e9zg\u00e9pekhez<\/li>\n<li>Testreszabhat\u00f3 az egyedi ig\u00e9nyekhez<\/li>\n<li>Tart\u00f3s, hossz\u00fa \u00e9lettartam\u00fa<\/li>\n<\/ul>\n<h2>Hidraulikus rendszer \u00e9s m\u0171k\u00f6d\u00e9si elv<\/h2>\n<p>A hidraulikus henger a hidraulikus er\u0151 mechanikus mozg\u00e1ss\u00e1 alak\u00edt\u00e1s\u00e1nak alapelv\u00e9n m\u0171k\u00f6dik. Amikor a hengert hidraulikafolyad\u00e9kkal t\u00f6ltik meg \u00e9s nyom\u00e1s al\u00e1 helyezik, olyan er\u0151t gener\u00e1l, amely hat\u00e9konyan k\u00e9pes mozgatni egy terhet. Ez a mechanizmus k\u00fcl\u00f6n\u00f6sen hasznos sz\u00e1mos alkalmaz\u00e1sban, p\u00e9ld\u00e1ul neh\u00e9z t\u00e1rgyak emel\u00e9s\u00e9ben vagy \u00f6sszetett ipari g\u00e9pek \u00fczemeltet\u00e9s\u00e9ben. Az elv Pascal t\u00f6rv\u00e9ny\u00e9n alapul, amely kimondja, hogy a z\u00e1rt folyad\u00e9kra hat\u00f3 nyom\u00e1s minden ir\u00e1nyban egyenl\u0151en terjed. Ennek eredm\u00e9nyek\u00e9nt m\u00e1r kis mennyis\u00e9g\u0171 hidraulikus folyad\u00e9k is jelent\u0151s emel\u0151er\u0151t k\u00e9pes termelni, \u00edgy a hidraulikus hengerek elengedhetetlenek azokhoz a feladatokhoz, amelyek mind er\u0151t, mind pontoss\u00e1got ig\u00e9nyelnek.<\/p>\n<h2>Hidraulikus henger alkalmaz\u00e1sa<\/h2>\n<p>Az FMP hidraulikus hengere sz\u00e9lesk\u00f6r\u0171 alkalmaz\u00e1si lehet\u0151s\u00e9gekkel b\u00fcszk\u00e9lkedhet sz\u00e1mos ipar\u00e1gban. K\u00fcl\u00f6n\u00f6sen hat\u00e9kony d\u00f6mperekben \u00e9s p\u00f3tkocsikban, ahol megk\u00f6nny\u00edti az olyan anyagok, mint a kavics, a f\u00f6ld vagy a t\u00f6rmel\u00e9k kirakod\u00e1s\u00e1hoz sz\u00fcks\u00e9ges emel\u0151- \u00e9s billent\u0151 mechanizmusokat. Az \u00e9p\u00edt\u0151ipari g\u00e9pekben a hidraulikus hengerek kulcsfontoss\u00e1g\u00faak olyan berendez\u00e9sek m\u0171k\u00f6dtet\u00e9s\u00e9hez, mint a kotr\u00f3g\u00e9pek, kotr\u00f3g\u00e9pek \u00e9s buld\u00f3zerek, lehet\u0151v\u00e9 t\u00e9ve sz\u00e1mukra a neh\u00e9z emel\u00e9st \u00e9s a prec\u00edz mozg\u00e1sokat ig\u00e9nyl\u0151 feladatok elv\u00e9gz\u00e9s\u00e9t.<\/p>\n<p>Ezenk\u00edv\u00fcl ezeket a hengereket sz\u00e9les k\u00f6rben alkalmazz\u00e1k mez\u0151gazdas\u00e1gi g\u00e9pekben, seg\u00edtve olyan feladatokban, mint az ek\u00e9k, vet\u0151g\u00e9pek \u00e9s egy\u00e9b, a mez\u0151gazdas\u00e1gi m\u0171veletekhez elengedhetetlen eszk\u00f6z\u00f6k emel\u00e9se. A hidraulikus hengerek sokoldal\u00fas\u00e1ga sz\u00e1mos ipar\u00e1gra kiterjed, bele\u00e9rtve a gy\u00e1rt\u00f3\u00fczemeket, ahol \u00f6sszeszerel\u0151 sorokban \u00e9s automatiz\u00e1lt folyamatokban haszn\u00e1lj\u00e1k \u0151ket, valamint a g\u00e9pjav\u00edt\u00f3 m\u0171helyeket, ahol seg\u00edtenek a neh\u00e9z berendez\u00e9sek emel\u00e9s\u00e9ben \u00e9s pozicion\u00e1l\u00e1s\u00e1ban karbantart\u00e1s c\u00e9lj\u00e1b\u00f3l. Az energia- \u00e9s b\u00e1ny\u00e1szati \u200b\u200b\u00e1gazatok szint\u00e9n hidraulikus hengerekre t\u00e1maszkodnak olyan feladatokhoz, mint a f\u00far\u00e1s \u00e9s az anyagmozgat\u00e1s, ami bizony\u00edtja n\u00e9lk\u00fcl\u00f6zhetetlen szerep\u00fcket a modern ipari alkalmaz\u00e1sokban.<\/p>\n<p><img loading=\"lazy\" decoding=\"async\" class=\"alignnone size-full wp-image-6660\" src=\"https:\/\/fmp-components.com\/wp-content\/uploads\/2025\/03\/hydraulic-cylinder-workshop-4.webp\" alt=\"teleszk\u00f3pos hidraulikus henger\" width=\"914\" height=\"733\" title=\"\" srcset=\"https:\/\/fmp-components.com\/wp-content\/uploads\/2025\/03\/hydraulic-cylinder-workshop-4.webp 914w, https:\/\/fmp-components.com\/wp-content\/uploads\/2025\/03\/hydraulic-cylinder-workshop-4-480x385.webp 480w\" sizes=\"(min-width: 0px) and (max-width: 480px) 480px, (min-width: 481px) 914px, 100vw\" \/><\/p>\n<h2>Hidraulikus hengerek \u00e9s t\u00e1pegys\u00e9gek<\/h2>\n<p>A hidraulikus hengerek \u00e9s t\u00e1pegys\u00e9gek n\u00e9lk\u00fcl\u00f6zhetetlen alkot\u00f3elemei minden hidraulikus rendszernek. \u00d6sszehangolt m\u0171k\u00f6d\u00e9s\u00fck l\u00e9tfontoss\u00e1g\u00fa a hidraulikus technol\u00f3gia hat\u00e9kony alkalmaz\u00e1s\u00e1hoz az ipari ter\u00fcleten, megb\u00edzhat\u00f3 energia- \u00e9s vez\u00e9rl\u00e9si t\u00e1mogat\u00e1st ny\u00fajtva a k\u00fcl\u00f6nf\u00e9le m\u00e9rn\u00f6ki \u00e9s g\u00e9p\u00e9szeti berendez\u00e9sek sz\u00e1m\u00e1ra. A hidraulikus henger m\u0171k\u00f6dtet\u0151k\u00e9nt m\u0171k\u00f6dik, a hidraulikus energi\u00e1t mechanikai mozg\u00e1ss\u00e1 alak\u00edtja, ez\u00e1ltal prec\u00edzen v\u00e9grehajtja a sz\u00fcks\u00e9ges feladatokat.<\/p>\n<p>Ezzel szemben a t\u00e1pegys\u00e9g a hidraulikus rendszer er\u0151m\u0171vek\u00e9nt szolg\u00e1l, l\u00e9trehozva a folyad\u00e9k rendszeren kereszt\u00fcli mozgat\u00e1s\u00e1hoz \u00e9s az optim\u00e1lis \u00e1raml\u00e1si sebess\u00e9g fenntart\u00e1s\u00e1hoz sz\u00fcks\u00e9ges hidraulikus nyom\u00e1st. A t\u00e1pegys\u00e9g, amely jellemz\u0151en motorb\u00f3l, szivatty\u00fab\u00f3l, tart\u00e1lyb\u00f3l \u00e9s vez\u00e9rl\u0151szelepekb\u0151l \u00e1ll, biztos\u00edtja a hidraulikus henger z\u00f6kken\u0151mentes \u00e9s hat\u00e9kony m\u0171k\u00f6d\u00e9s\u00e9t. Ez a szinergia a hidraulikus henger \u00e9s a t\u00e1pegys\u00e9g k\u00f6z\u00f6tt elengedhetetlen a hidraulikus rendszerek z\u00f6kken\u0151mentes m\u0171k\u00f6d\u00e9s\u00e9hez, lehet\u0151v\u00e9 t\u00e9ve az ipar\u00e1gak sz\u00e1m\u00e1ra, hogy kiakn\u00e1zz\u00e1k a hidraulikus technol\u00f3gia teljes potenci\u00e1lj\u00e1t. Az FMP-n\u00e9l kiv\u00e1l\u00f3 min\u0151s\u00e9g\u0171 t\u00e1pegys\u00e9geket is k\u00edn\u00e1lunk \u00e9rt\u00e9kes\u00edt\u00e9sre, lehet\u0151v\u00e9 t\u00e9ve \u00fcgyfeleink sz\u00e1m\u00e1ra, hogy teljesen integr\u00e1lt hidraulikus rendszereket hozzanak l\u00e9tre, amelyeket az adott m\u0171k\u00f6d\u00e9si ig\u00e9nyeikre szabtak.<\/p>\n<h2>GYIK<\/h2>\n<ol>\n<li>K: Mennyi a hidraulikus henger j\u00f3t\u00e1ll\u00e1si ideje?<br \/>\nV: Egy \u00e9v garanci\u00e1t k\u00edn\u00e1lunk hidraulikus henger\u00fcnkre.<\/li>\n<li>K: Testreszabhat\u00f3-e a hidraulikus henger?<br \/>\nV: Igen, a hidraulikus hengert az \u00d6n egyedi ig\u00e9nyei alapj\u00e1n tudjuk megtervezni \u00e9s gy\u00e1rtani.<\/li>\n<li>K: Milyen ipar\u00e1gak haszn\u00e1lhatj\u00e1k ezt a hidraulikus hengert?<br \/>\nV: A hidraulikus henger sz\u00e1mos ipar\u00e1gban haszn\u00e1lhat\u00f3, p\u00e9ld\u00e1ul gy\u00e1rt\u00f3\u00fczemekben, g\u00e9pjav\u00edt\u00f3 m\u0171helyekben, mez\u0151gazdas\u00e1gi \u00fczemekben, energia- \u00e9s b\u00e1ny\u00e1szati \u200b\u200b\u00e1gazatokban.<\/li>\n<\/ol>\n<h3>Az FMP-r\u0151l<\/h3>\n<p class=\"break-words\">Az FMP egy vezet\u0151 olasz gy\u00e1rt\u00f3, amely kiv\u00e1l\u00f3 min\u0151s\u00e9g\u0171 hidraulikus hengerek tervez\u00e9s\u00e9re, fejleszt\u00e9s\u00e9re \u00e9s gy\u00e1rt\u00e1s\u00e1ra specializ\u00e1l\u00f3dott. \u00c9vtizedes szak\u00e9rtelemre \u00e9p\u00fcl\u0151 gazdag \u00f6r\u00f6ks\u00e9g\u00fcnkkel b\u00fcszk\u00e9n \u00f6tv\u00f6zz\u00fck az olasz k\u00e9zm\u0171vess\u00e9get a legmodernebb technol\u00f3gi\u00e1val, hogy kiv\u00e9teles hidraulikus megold\u00e1sokat k\u00edn\u00e1ljunk, amelyek a glob\u00e1lis \u00fcgyfeleink sokr\u00e9t\u0171 ig\u00e9nyeit el\u00e9g\u00edtik ki. Az olaszorsz\u00e1gi sz\u00e9khely\u0171, a m\u00e9rn\u00f6ki kiv\u00e1l\u00f3s\u00e1g k\u00f6zpontj\u00e1ban m\u0171k\u00f6d\u0151 FMP megb\u00edzhat\u00f3 n\u00e9v a hidraulikus iparban, elk\u00f6telezett amellett, hogy megb\u00edzhat\u00f3, tart\u00f3s \u00e9s innovat\u00edv term\u00e9keket k\u00edn\u00e1ljon, amelyek vil\u00e1gszerte lend\u00fcletet adnak a v\u00e1llalkoz\u00e1soknak.<\/p>\n<p class=\"break-words\">C\u00e9g\u00fcnk a fejlett gy\u00e1rt\u00e1si hagyom\u00e1nyok legjav\u00e1t \u00f6tv\u00f6zi az el\u0151remutat\u00f3 megk\u00f6zel\u00edt\u00e9ssel. A hidraulikus rendszerek ter\u00e9n szerzett sok\u00e9ves tapasztalat\u00e1ra \u00e9p\u00edtve az FMP egy modern v\u00e1llalkoz\u00e1ss\u00e1 fejl\u0151d\u00f6tt, amely kiemelked\u0151 a kutat\u00e1s, a tervez\u00e9s \u00e9s a gy\u00e1rt\u00e1s ter\u00e9n. Sz\u00e9les hidraulikus hengerv\u00e1laszt\u00e9kra specializ\u00e1l\u00f3dtunk, bele\u00e9rtve a kett\u0151s m\u0171k\u00f6d\u00e9s\u0171 hengereket, az aut\u00f3ipari emel\u0151hengereket, a mez\u0151gazdas\u00e1gi g\u00e9pek hengereit \u00e9s az egyedi tervez\u00e9s\u0171 megold\u00e1sokat k\u00fcl\u00f6nf\u00e9le ipari alkalmaz\u00e1sokhoz. Legyen sz\u00f3 \u00e9p\u00edt\u0151iparr\u00f3l, ipari telep\u00edt\u00e9sekr\u0151l, mez\u0151gazdas\u00e1gr\u00f3l vagy neh\u00e9zg\u00e9pekr\u0151l, hidraulikus hengereinket a legnehezebb k\u00f6r\u00fclm\u00e9nyek k\u00f6z\u00f6tt is k\u00e9pesek teljes\u00edteni, biztos\u00edtva a biztons\u00e1got, a hat\u00e9konys\u00e1got \u00e9s a hossz\u00fa \u00e9lettartamot.<\/p>\n<p><img loading=\"lazy\" decoding=\"async\" class=\"alignnone size-full wp-image-6720\" src=\"https:\/\/fmp-components.com\/wp-content\/uploads\/2025\/03\/hydraulic-cylinder-8.webp\" alt=\"Teleszk\u00f3pos hidraulikus hengerek\" width=\"933\" height=\"526\" title=\"\" srcset=\"https:\/\/fmp-components.com\/wp-content\/uploads\/2025\/03\/hydraulic-cylinder-8.webp 933w, https:\/\/fmp-components.com\/wp-content\/uploads\/2025\/03\/hydraulic-cylinder-8-480x271.webp 480w\" sizes=\"(min-width: 0px) and (max-width: 480px) 480px, (min-width: 481px) 933px, 100vw\" \/><\/p>\n<p class=\"break-words\">Az FMP-n\u00e9l b\u00fcszk\u00e9k vagyunk a legmodernebb gy\u00e1rt\u00f3\u00fczemeinkre, amelyek prec\u00edzi\u00f3s g\u00e9pekkel \u00e9s fejlett vizsg\u00e1l\u00f3rendszerekkel vannak felszerelve. Gy\u00e1rt\u00e1si folyamataink szigor\u00fa nemzeti \u00e9s nemzetk\u00f6zi szabv\u00e1nyoknak felelnek meg, biztos\u00edtva, hogy minden egyes hidraulikus henger, amely elhagyja gy\u00e1runkat, kiv\u00e1l\u00f3 min\u0151s\u00e9g\u0171 \u00e9s megb\u00edzhat\u00f3 legyen. K\u00e9pzett m\u0171szaki csapatunk a legmodernebb berendez\u00e9sekkel p\u00e1rosulva lehet\u0151v\u00e9 teszi sz\u00e1munkra, hogy szigor\u00fa min\u0151s\u00e9gellen\u0151rz\u00e9st tartsunk fenn a gy\u00e1rt\u00e1s minden szakasz\u00e1ban \u2013 az alapanyagok kiv\u00e1laszt\u00e1s\u00e1t\u00f3l a v\u00e9gs\u0151 ellen\u0151rz\u00e9sig. Ez a kiv\u00e1l\u00f3s\u00e1g ir\u00e1nti elk\u00f6telezetts\u00e9g tan\u00fas\u00edtv\u00e1nyokat \u00e9s elismer\u00e9st szerzett nek\u00fcnk az ipar\u00e1gi hat\u00f3s\u00e1gokt\u00f3l, tov\u00e1bb er\u0151s\u00edtve megb\u00edzhat\u00f3 partnerk\u00e9nt szerzett h\u00edrnev\u00fcnket.<\/p>\n<p class=\"break-words\">K\u00fcldet\u00e9s\u00fcnk egyszer\u0171, m\u00e9gis ambici\u00f3zus: olyan hidraulikus hengereket biztos\u00edtani \u00fcgyfeleinknek, amelyek teljes\u00edtm\u00e9ny, tart\u00f3ss\u00e1g \u00e9s \u00e9rt\u00e9k tekintet\u00e9ben fel\u00fclm\u00falj\u00e1k az elv\u00e1r\u00e1sokat. A professzionalizmus, a feddhetetlens\u00e9g \u00e9s az \u00fcgyf\u00e9lk\u00f6zpont\u00fas\u00e1g vez\u00e9relvei szerint m\u0171k\u00f6d\u00fcnk. Az innov\u00e1ci\u00f3 \u00e9s a precizit\u00e1s kult\u00far\u00e1j\u00e1nak \u00e1pol\u00e1s\u00e1val folyamatosan finom\u00edtjuk term\u00e9keinket, hogy meg\u0151rizz\u00fck el\u0151ny\u00fcnket a versenyk\u00e9pes piacon. \u00c1tfog\u00f3 term\u00e9kk\u00edn\u00e1latunk \u00e9s a szem\u00e9lyre szabott megold\u00e1sok k\u00edn\u00e1l\u00e1s\u00e1nak k\u00e9pess\u00e9ge tesz minket a nagy teljes\u00edtm\u00e9ny\u0171 hidraulikus hengereket keres\u0151 v\u00e1llalkoz\u00e1sok els\u0151 sz\u00e1m\u00fa v\u00e1laszt\u00e1s\u00e1v\u00e1.<\/p>\n<p class=\"break-words\">Az FMP t\u00f6bb mint egy gy\u00e1rt\u00f3 \u2013 partnerek vagyunk a siker\u00e9ben. Meg\u00e9rtj\u00fck, hogy \u00fcgyfeleink olyan szersz\u00e1mok sz\u00e1ll\u00edt\u00e1s\u00e1ban b\u00edznak benn\u00fcnk, amelyek n\u00f6velik termel\u00e9kenys\u00e9g\u00fcket \u00e9s biztons\u00e1gukat. Ez\u00e9rt elk\u00f6telezettek vagyunk nemcsak a legjobb min\u0151s\u00e9g\u0171 term\u00e9kek, hanem a kiv\u00e9teles szolg\u00e1ltat\u00e1s ny\u00fajt\u00e1sa ir\u00e1nt is. A kezdeti konzult\u00e1ci\u00f3t\u00f3l az \u00e9rt\u00e9kes\u00edt\u00e9s ut\u00e1ni t\u00e1mogat\u00e1sig szorosan egy\u00fcttm\u0171k\u00f6d\u00fcnk \u00fcgyfeleinkkel annak biztos\u00edt\u00e1sa \u00e9rdek\u00e9ben, hogy ig\u00e9nyeiket professzionalizmussal \u00e9s gondoss\u00e1ggal el\u00e9g\u00edts\u00fck ki. Versenyk\u00e9pes \u00e1raink, p\u00e1rosulva a min\u0151s\u00e9g ir\u00e1nti rend\u00edthetetlen elk\u00f6telezetts\u00e9g\u00fcnkkel, teszik az FMP-t okos v\u00e1laszt\u00e1ss\u00e1 azoknak a v\u00e1llalatoknak, amelyek megb\u00edzhat\u00f3 hidraulikus megold\u00e1sokba szeretn\u00e9nek befektetni.<\/p>","protected":false},"excerpt":{"rendered":"<p>Italy Manufacture Telescopic \/Multi Stages Hydraulic Cylinder For Dump Truck \/Trailer and Tipper Truck From FMP FMP brings you the most efficient and powerful Telescopic\/Multi Stages Hydraulic Cylinder, a perfect solution for dump truck, trailer, and tipper truck. This industry-grade hydraulic cylinder is designed to provide unmatched performance and sturdiness. It&#8217;s a new product of [&hellip;]<\/p>","protected":false},"featured_media":6707,"comment_status":"closed","ping_status":"closed","template":"","meta":{"_et_pb_use_builder":"","_et_pb_old_content":"","_et_gb_content_width":""},"product_brand":[],"product_cat":[103],"product_tag":[34,105],"class_list":{"0":"post-6597","1":"product","2":"type-product","3":"status-publish","4":"has-post-thumbnail","6":"product_cat-telescopic-hydraulic-cylinders","7":"product_tag-hydraulic-cylinder","8":"product_tag-telescopic-hydraulic-cylinders","10":"first","11":"instock","12":"product-type-simple"},"_links":{"self":[{"href":"https:\/\/fmp-components.com\/hu\/wp-json\/wp\/v2\/product\/6597","targetHints":{"allow":["GET"]}}],"collection":[{"href":"https:\/\/fmp-components.com\/hu\/wp-json\/wp\/v2\/product"}],"about":[{"href":"https:\/\/fmp-components.com\/hu\/wp-json\/wp\/v2\/types\/product"}],"replies":[{"embeddable":true,"href":"https:\/\/fmp-components.com\/hu\/wp-json\/wp\/v2\/comments?post=6597"}],"wp:featuredmedia":[{"embeddable":true,"href":"https:\/\/fmp-components.com\/hu\/wp-json\/wp\/v2\/media\/6707"}],"wp:attachment":[{"href":"https:\/\/fmp-components.com\/hu\/wp-json\/wp\/v2\/media?parent=6597"}],"wp:term":[{"taxonomy":"product_brand","embeddable":true,"href":"https:\/\/fmp-components.com\/hu\/wp-json\/wp\/v2\/product_brand?post=6597"},{"taxonomy":"product_cat","embeddable":true,"href":"https:\/\/fmp-components.com\/hu\/wp-json\/wp\/v2\/product_cat?post=6597"},{"taxonomy":"product_tag","embeddable":true,"href":"https:\/\/fmp-components.com\/hu\/wp-json\/wp\/v2\/product_tag?post=6597"}],"curies":[{"name":"munkaf\u00fczet","href":"https:\/\/api.w.org\/{rel}","templated":true}]}}