{"id":6595,"date":"2025-03-11T06:32:38","date_gmt":"2025-03-11T06:32:38","guid":{"rendered":"https:\/\/fmp-components.com\/product\/factory-serving-stainless-steel-hydraulic-cylinder-for-seeder"},"modified":"2025-03-12T02:50:08","modified_gmt":"2025-03-12T02:50:08","slug":"factory-serving-stainless-steel-hydraulic-cylinder-for-seeder","status":"publish","type":"product","link":"https:\/\/fmp-components.com\/hu\/product\/factory-serving-stainless-steel-hydraulic-cylinder-for-seeder\/","title":{"rendered":"Gy\u00e1rilag kiszolg\u00e1l\u00f3 rozsdamentes ac\u00e9l hidraulikus henger vet\u0151g\u00e9phez"},"content":{"rendered":"<h2>Gy\u00e1rilag kiszolg\u00e1l\u00f3 rozsdamentes ac\u00e9l hidraulikus henger vet\u0151g\u00e9phez<\/h2>\n<p>Az FMP bemutatja az \u00faj, rozsdamentes ac\u00e9l hidraulikus hengert vet\u0151g\u00e9pekhez, amely \u00e1tt\u00f6r\u00e9st jelent a hidraulikus technol\u00f3gi\u00e1ban. A t\u00f6k\u00e9letess\u00e9gre tervezett er\u0151m\u0171 megv\u00e1ltoztatja a munkav\u00e9gz\u00e9s m\u00f3dj\u00e1t a gazdas\u00e1gokban, g\u00e9pjav\u00edt\u00f3 m\u0171helyekben, az energia- \u00e9s b\u00e1ny\u00e1szati \u200b\u200bszektorban, valamint a g\u00e9pgy\u00e1rt\u00e1sban. Cs\u00facskateg\u00f3ri\u00e1s tulajdons\u00e1gai \u00e9s robusztus fel\u00e9p\u00edt\u00e9se maxim\u00e1lis hat\u00e9konys\u00e1got \u00e9s hossz\u00fa \u00e9lettartamot biztos\u00edt.<\/p>\n<h2>M\u0171szaki adatok<\/h2>\n<p>A hidraulikus henger bonyolultan lett megtervezve, szem el\u0151tt tartva a k\u00fcl\u00f6nf\u00e9le ipar\u00e1gak magas ig\u00e9nyeit. A term\u00e9kre 1 \u00e9v garanci\u00e1t v\u00e1llalunk, \u00e9s a s\u00falya 38 kg. \u00cdme a r\u00e9szletes m\u0171szaki adatok:<\/p>\n<table style=\"width: 100.51%;\" border=\"\">\n<tbody>\n<tr>\n<td style=\"width: 42.9379%;\"><i>Furatm\u00e9ret<\/i><\/td>\n<td style=\"width: 476.836%;\">2-6 h\u00fcvelyk<\/td>\n<\/tr>\n<tr>\n<td style=\"width: 42.9379%;\"><i>R\u00fad m\u00e9rete<\/i><\/td>\n<td style=\"width: 476.836%;\">1,125-4 h\u00fcvelyk<\/td>\n<\/tr>\n<tr>\n<td style=\"width: 42.9379%;\"><i>Ecsetvon\u00e1s m\u00e9rete<\/i><\/td>\n<td style=\"width: 476.836%;\">4-100 h\u00fcvelyk<\/td>\n<\/tr>\n<tr>\n<td style=\"width: 42.9379%;\"><i>Cs\u00edp\u0151m\u00e9ret<\/i><\/td>\n<td style=\"width: 476.836%;\">0,5-2 h\u00fcvelyk<\/td>\n<\/tr>\n<tr>\n<td style=\"width: 42.9379%;\"><i>kik\u00f6t\u0151k<\/i><\/td>\n<td style=\"width: 476.836%;\">G\/SAE\/NPT\/M<\/td>\n<\/tr>\n<\/tbody>\n<\/table>\n<h2>Egyedi tulajdons\u00e1gok \u00e9s el\u0151ny\u00f6k<\/h2>\n<ul>\n<li>Energiatakar\u00e9kos<\/li>\n<li>Nagy hat\u00e9konys\u00e1g \u00e9s teljes\u00edtm\u00e9ny<\/li>\n<li>Biztons\u00e1gos \u00e9s megb\u00edzhat\u00f3<\/li>\n<li>Standard szerkezet dugatty\u00fas hengerrel<\/li>\n<li>Maxim\u00e1lis tol\u00f3er\u0151: 3000 \u00e9s maxim\u00e1lis h\u00faz\u00f3er\u0151: 20 tonna<\/li>\n<li>ISO9001:2000 tan\u00fas\u00edtv\u00e1nnyal<\/li>\n<\/ul>\n<h3>A hidraulikus rendszerek m\u0171k\u00f6d\u00e9si elve<\/h3>\n<p>A hidraulikus henger a nyom\u00e1s alatti folyad\u00e9k alapelv\u00e9n m\u0171k\u00f6dik, ami line\u00e1ris mozg\u00e1st eredm\u00e9nyez. Amikor hidraulikus folyad\u00e9kot vezetnek a hengerbe, egy er\u0151egys\u00e9g nyom\u00e1s al\u00e1 helyezi, ami er\u0151t hoz l\u00e9tre, amely a hengerben l\u00e9v\u0151 dugatty\u00fara hat. Ez az er\u0151 line\u00e1ris ir\u00e1nyban hajtja a dugatty\u00fat, lehet\u0151v\u00e9 t\u00e9ve a szab\u00e1lyozott mozg\u00e1st. A hidraulikus rendszerek egyedi kialak\u00edt\u00e1sa biztos\u00edtja, hogy m\u00e1r kis mennyis\u00e9g\u0171 folyad\u00e9k is jelent\u0151s er\u0151t tudjon kifejteni, \u00edgy rendk\u00edv\u00fcl hat\u00e9konny\u00e1 teszik \u0151ket olyan feladatokn\u00e1l, amelyek neh\u00e9z terhek emel\u00e9s\u00e9t vagy tol\u00e1s\u00e1t ig\u00e9nylik. A folyad\u00e9kdinamika ezen elve teszi lehet\u0151v\u00e9 a hidraulikus hengerek sz\u00e1m\u00e1ra, hogy prec\u00edzen \u00e9s megb\u00edzhat\u00f3an m\u0171k\u00f6djenek k\u00fcl\u00f6nb\u00f6z\u0151 alkalmaz\u00e1sokban.<\/p>\n<p><img loading=\"lazy\" decoding=\"async\" class=\"alignnone  wp-image-6664\" src=\"https:\/\/fmp-components.com\/wp-content\/uploads\/2025\/03\/telescopic-hydraulic-cylinder-8.webp\" alt=\"teleszk\u00f3pos hidraulikus henger\" width=\"884\" height=\"884\" title=\"\" srcset=\"https:\/\/fmp-components.com\/wp-content\/uploads\/2025\/03\/telescopic-hydraulic-cylinder-8.webp 884w, https:\/\/fmp-components.com\/wp-content\/uploads\/2025\/03\/telescopic-hydraulic-cylinder-8-480x480.webp 480w\" sizes=\"(min-width: 0px) and (max-width: 480px) 480px, (min-width: 481px) 884px, 100vw\" \/><\/p>\n<h3>Alkalmaz\u00e1si ter\u00fcletek<\/h3>\n<p>Ez a t\u00f6bbfokozat\u00fa hidraulikus henger sz\u00e9les k\u00f6r\u0171 alkalmaz\u00e1sokhoz t\u00f6k\u00e9letes, k\u00fcl\u00f6n\u00f6sen azokban az ipar\u00e1gakban, amelyek robusztus emel\u00e9si \u00e9s mozg\u00e1si k\u00e9pess\u00e9geket ig\u00e9nyelnek. Ide\u00e1lis p\u00e9ld\u00e1ul d\u00f6mperekn\u00e9l, ahol megk\u00f6nny\u00edti a neh\u00e9z anyagok, p\u00e9ld\u00e1ul kavics, homok vagy \u00e9p\u00edt\u00e9si t\u00f6rmel\u00e9k kirakod\u00e1s\u00e1hoz sz\u00fcks\u00e9ges billent\u0151 mechanizmust. Ezenk\u00edv\u00fcl nagy kapacit\u00e1sa \u00e9s hossz\u00fa l\u00f6kete alkalmass\u00e1 teszi g\u00e9pjav\u00edt\u00f3 m\u0171helyek sz\u00e1m\u00e1ra, ahol neh\u00e9z berendez\u00e9seket emelhet \u00e9s pozicion\u00e1lhat karbantart\u00e1s \u00e9s jav\u00edt\u00e1s c\u00e9lj\u00e1b\u00f3l. A mez\u0151gazdas\u00e1gi \u00e1gazatban ez a hidraulikus henger felbecs\u00fclhetetlen \u00e9rt\u00e9k\u0171 olyan berendez\u00e9sek \u00fczemeltet\u00e9s\u00e9hez, mint a traktorok \u00e9s rakod\u00f3g\u00e9pek, lehet\u0151v\u00e9 t\u00e9ve a gazd\u00e1lkod\u00f3k sz\u00e1m\u00e1ra, hogy hat\u00e9konyan v\u00e9gezzenek k\u00fcl\u00f6nf\u00e9le feladatokat. Az energia- \u00e9s b\u00e1ny\u00e1szati \u200b\u200bipar is profit\u00e1l a f\u00far\u00f3- \u00e9s kotr\u00f3g\u00e9pekben val\u00f3 haszn\u00e1lat\u00e1b\u00f3l, ahol a megb\u00edzhat\u00f3 emel\u0151er\u0151 kulcsfontoss\u00e1g\u00fa. \u00d6sszess\u00e9g\u00e9ben ez a t\u00f6bbfokozat\u00fa hidraulikus henger \u00fagy lett kialak\u00edtva, hogy megfeleljen a k\u00fcl\u00f6nb\u00f6z\u0151 \u00e1gazatok ig\u00e9nyes ig\u00e9nyeinek, biztos\u00edtva a neh\u00e9z alkalmaz\u00e1sokhoz sz\u00fcks\u00e9ges szil\u00e1rds\u00e1got \u00e9s sokoldal\u00fas\u00e1got.<\/p>\n<h2>Hidraulikus hengerek \u00e9s t\u00e1pegys\u00e9gek<\/h2>\n<p>A hidraulikus hengerek \u00e9s a t\u00e1pegys\u00e9gek minden hidraulikus rendszer szerves r\u00e9sz\u00e9t k\u00e9pezik, amelyek egy\u00fcttm\u0171k\u00f6dve biztos\u00edtj\u00e1k az optim\u00e1lis teljes\u00edtm\u00e9nyt \u00e9s hat\u00e9konys\u00e1got. A hidraulikus henger m\u0171k\u00f6dtet\u0151k\u00e9nt szolg\u00e1l, \u00e9s felel\u0151s a hidraulikus energia mechanikai mozg\u00e1ss\u00e1 alak\u00edt\u00e1s\u00e1\u00e9rt. A hidraulikus folyad\u00e9k \u00e1ltal gener\u00e1lt nyom\u00e1st line\u00e1ris mozg\u00e1ss\u00e1 alak\u00edtja, lehet\u0151v\u00e9 t\u00e9ve az olyan feladatok elv\u00e9gz\u00e9s\u00e9t, mint az emel\u00e9s, tol\u00e1s vagy h\u00faz\u00e1s nagy er\u0151vel.<\/p>\n<p>M\u00e1sr\u00e9szt a t\u00e1pegys\u00e9g a hidraulikus rendszer sz\u00edvek\u00e9nt m\u0171k\u00f6dik. Felel\u0151s a hidraulikus nyom\u00e1s el\u0151\u00e1ll\u00edt\u00e1s\u00e1\u00e9rt, amely a folyad\u00e9k rendszeren kereszt\u00fcli mozgat\u00e1s\u00e1hoz \u00e9s az \u00e1lland\u00f3 \u00e1raml\u00e1si sebess\u00e9g fenntart\u00e1s\u00e1hoz sz\u00fcks\u00e9ges. A t\u00e1pegys\u00e9g jellemz\u0151en egy motorb\u00f3l, szivatty\u00fab\u00f3l, tart\u00e1lyb\u00f3l \u00e9s vez\u00e9rl\u0151szelepekb\u0151l \u00e1ll, \u00e9s biztos\u00edtja a hidraulikus henger z\u00f6kken\u0151mentes \u00e9s hat\u00e9kony m\u0171k\u00f6d\u00e9s\u00e9t. E k\u00e9t komponens k\u00f6z\u00f6tti szinergia elengedhetetlen a hidraulikus rendszerek hat\u00e9kony m\u0171k\u00f6d\u00e9s\u00e9hez, lehet\u0151v\u00e9 t\u00e9ve az ipar\u00e1gak sz\u00e1m\u00e1ra, hogy a hidraulikus technol\u00f3gi\u00e1t sz\u00e9les k\u00f6rben alkalmazz\u00e1k. A hidraulikus hengerek \u00e9s a t\u00e1pegys\u00e9gek biztos\u00edt\u00e1s\u00e1val a v\u00e1llalkoz\u00e1sok teljesen integr\u00e1lt rendszereket hozhatnak l\u00e9tre, amelyek n\u00f6velik a termel\u00e9kenys\u00e9get \u00e9s a teljes\u00edtm\u00e9nyt a teljes m\u0171k\u00f6d\u00e9s\u00fck sor\u00e1n.<\/p>\n<p><img loading=\"lazy\" decoding=\"async\" class=\"alignnone  wp-image-6663\" src=\"https:\/\/fmp-components.com\/wp-content\/uploads\/2025\/03\/telescopic-hydraulic-cylinder-11.webp\" alt=\"teleszk\u00f3pos hidraulikus henger\" width=\"930\" height=\"930\" title=\"\" srcset=\"https:\/\/fmp-components.com\/wp-content\/uploads\/2025\/03\/telescopic-hydraulic-cylinder-11.webp 930w, https:\/\/fmp-components.com\/wp-content\/uploads\/2025\/03\/telescopic-hydraulic-cylinder-11-480x480.webp 480w\" sizes=\"(min-width: 0px) and (max-width: 480px) 480px, (min-width: 481px) 930px, 100vw\" \/><\/p>\n<h2>GYIK<\/h2>\n<p>K: Kereskedelmi v\u00e1llalat vagy gy\u00e1rt\u00f3?<br \/>\nV: Mi egy gy\u00e1r vagyunk.<\/p>\n<p>K: Mennyi a sz\u00e1ll\u00edt\u00e1si id\u0151?<br \/>\nV: \u00c1ltal\u00e1ban 25-35 nap.<br \/>\n<img alt=\"\" \/><br \/>\nK: Biztos\u00edtanak mint\u00e1kat? Ingyenes vagy k\u00fcl\u00f6n fizetend\u0151?<br \/>\nV: Igen, felaj\u00e1nlhatn\u00e1nk a mint\u00e1t, de ez nem ingyenes.<\/p>\n<h3>Az FMP-r\u0151l<\/h3>\n<p class=\"break-words\">Az FMP egy vezet\u0151 olasz gy\u00e1rt\u00f3, amely kiv\u00e1l\u00f3 min\u0151s\u00e9g\u0171 hidraulikus hengerek tervez\u00e9s\u00e9re, fejleszt\u00e9s\u00e9re \u00e9s gy\u00e1rt\u00e1s\u00e1ra specializ\u00e1l\u00f3dott. \u00c9vtizedes szak\u00e9rtelemre \u00e9p\u00fcl\u0151 gazdag \u00f6r\u00f6ks\u00e9g\u00fcnkkel b\u00fcszk\u00e9n \u00f6tv\u00f6zz\u00fck az olasz k\u00e9zm\u0171vess\u00e9get a legmodernebb technol\u00f3gi\u00e1val, hogy kiv\u00e9teles hidraulikus megold\u00e1sokat k\u00edn\u00e1ljunk, amelyek a glob\u00e1lis \u00fcgyfeleink sokr\u00e9t\u0171 ig\u00e9nyeit el\u00e9g\u00edtik ki. Az olaszorsz\u00e1gi sz\u00e9khely\u0171, a m\u00e9rn\u00f6ki kiv\u00e1l\u00f3s\u00e1g k\u00f6zpontj\u00e1ban m\u0171k\u00f6d\u0151 FMP megb\u00edzhat\u00f3 n\u00e9v a hidraulikus iparban, elk\u00f6telezett amellett, hogy megb\u00edzhat\u00f3, tart\u00f3s \u00e9s innovat\u00edv term\u00e9keket k\u00edn\u00e1ljon, amelyek vil\u00e1gszerte lend\u00fcletet adnak a v\u00e1llalkoz\u00e1soknak.<\/p>\n<p class=\"break-words\">C\u00e9g\u00fcnk a fejlett gy\u00e1rt\u00e1si hagyom\u00e1nyok legjav\u00e1t \u00f6tv\u00f6zi az el\u0151remutat\u00f3 megk\u00f6zel\u00edt\u00e9ssel. A hidraulikus rendszerek ter\u00e9n szerzett sok\u00e9ves tapasztalat\u00e1ra \u00e9p\u00edtve az FMP egy modern v\u00e1llalkoz\u00e1ss\u00e1 fejl\u0151d\u00f6tt, amely kiemelked\u0151 a kutat\u00e1s, a tervez\u00e9s \u00e9s a gy\u00e1rt\u00e1s ter\u00e9n. Sz\u00e9les hidraulikus hengerv\u00e1laszt\u00e9kra specializ\u00e1l\u00f3dtunk, bele\u00e9rtve a kett\u0151s m\u0171k\u00f6d\u00e9s\u0171 hengereket, az aut\u00f3ipari emel\u0151hengereket, a mez\u0151gazdas\u00e1gi g\u00e9pek hengereit \u00e9s az egyedi tervez\u00e9s\u0171 megold\u00e1sokat k\u00fcl\u00f6nf\u00e9le ipari alkalmaz\u00e1sokhoz. Legyen sz\u00f3 \u00e9p\u00edt\u0151iparr\u00f3l, ipari telep\u00edt\u00e9sekr\u0151l, mez\u0151gazdas\u00e1gr\u00f3l vagy neh\u00e9zg\u00e9pekr\u0151l, hidraulikus hengereinket a legnehezebb k\u00f6r\u00fclm\u00e9nyek k\u00f6z\u00f6tt is k\u00e9pesek teljes\u00edteni, biztos\u00edtva a biztons\u00e1got, a hat\u00e9konys\u00e1got \u00e9s a hossz\u00fa \u00e9lettartamot.<\/p>\n<p><img loading=\"lazy\" decoding=\"async\" class=\"alignnone size-full wp-image-6720\" src=\"https:\/\/fmp-components.com\/wp-content\/uploads\/2025\/03\/hydraulic-cylinder-8.webp\" alt=\"Teleszk\u00f3pos hidraulikus hengerek\" width=\"933\" height=\"526\" title=\"\" srcset=\"https:\/\/fmp-components.com\/wp-content\/uploads\/2025\/03\/hydraulic-cylinder-8.webp 933w, https:\/\/fmp-components.com\/wp-content\/uploads\/2025\/03\/hydraulic-cylinder-8-480x271.webp 480w\" sizes=\"(min-width: 0px) and (max-width: 480px) 480px, (min-width: 481px) 933px, 100vw\" \/><\/p>\n<p class=\"break-words\">Az FMP-n\u00e9l b\u00fcszk\u00e9k vagyunk a legmodernebb gy\u00e1rt\u00f3\u00fczemeinkre, amelyek prec\u00edzi\u00f3s g\u00e9pekkel \u00e9s fejlett vizsg\u00e1l\u00f3rendszerekkel vannak felszerelve. Gy\u00e1rt\u00e1si folyamataink szigor\u00fa nemzeti \u00e9s nemzetk\u00f6zi szabv\u00e1nyoknak felelnek meg, biztos\u00edtva, hogy minden egyes hidraulikus henger, amely elhagyja gy\u00e1runkat, kiv\u00e1l\u00f3 min\u0151s\u00e9g\u0171 \u00e9s megb\u00edzhat\u00f3 legyen. K\u00e9pzett m\u0171szaki csapatunk a legmodernebb berendez\u00e9sekkel p\u00e1rosulva lehet\u0151v\u00e9 teszi sz\u00e1munkra, hogy szigor\u00fa min\u0151s\u00e9gellen\u0151rz\u00e9st tartsunk fenn a gy\u00e1rt\u00e1s minden szakasz\u00e1ban \u2013 az alapanyagok kiv\u00e1laszt\u00e1s\u00e1t\u00f3l a v\u00e9gs\u0151 ellen\u0151rz\u00e9sig. Ez a kiv\u00e1l\u00f3s\u00e1g ir\u00e1nti elk\u00f6telezetts\u00e9g tan\u00fas\u00edtv\u00e1nyokat \u00e9s elismer\u00e9st szerzett nek\u00fcnk az ipar\u00e1gi hat\u00f3s\u00e1gokt\u00f3l, tov\u00e1bb er\u0151s\u00edtve megb\u00edzhat\u00f3 partnerk\u00e9nt szerzett h\u00edrnev\u00fcnket.<\/p>\n<p class=\"break-words\">K\u00fcldet\u00e9s\u00fcnk egyszer\u0171, m\u00e9gis ambici\u00f3zus: olyan hidraulikus hengereket biztos\u00edtani \u00fcgyfeleinknek, amelyek teljes\u00edtm\u00e9ny, tart\u00f3ss\u00e1g \u00e9s \u00e9rt\u00e9k tekintet\u00e9ben fel\u00fclm\u00falj\u00e1k az elv\u00e1r\u00e1sokat. A professzionalizmus, a feddhetetlens\u00e9g \u00e9s az \u00fcgyf\u00e9lk\u00f6zpont\u00fas\u00e1g vez\u00e9relvei szerint m\u0171k\u00f6d\u00fcnk. Az innov\u00e1ci\u00f3 \u00e9s a precizit\u00e1s kult\u00far\u00e1j\u00e1nak \u00e1pol\u00e1s\u00e1val folyamatosan finom\u00edtjuk term\u00e9keinket, hogy meg\u0151rizz\u00fck el\u0151ny\u00fcnket a versenyk\u00e9pes piacon. \u00c1tfog\u00f3 term\u00e9kk\u00edn\u00e1latunk \u00e9s a szem\u00e9lyre szabott megold\u00e1sok k\u00edn\u00e1l\u00e1s\u00e1nak k\u00e9pess\u00e9ge tesz minket a nagy teljes\u00edtm\u00e9ny\u0171 hidraulikus hengereket keres\u0151 v\u00e1llalkoz\u00e1sok els\u0151 sz\u00e1m\u00fa v\u00e1laszt\u00e1s\u00e1v\u00e1.<\/p>\n<p class=\"break-words\">Az FMP t\u00f6bb mint egy gy\u00e1rt\u00f3 \u2013 partnerek vagyunk a siker\u00e9ben. Meg\u00e9rtj\u00fck, hogy \u00fcgyfeleink olyan szersz\u00e1mok sz\u00e1ll\u00edt\u00e1s\u00e1ban b\u00edznak benn\u00fcnk, amelyek n\u00f6velik termel\u00e9kenys\u00e9g\u00fcket \u00e9s biztons\u00e1gukat. Ez\u00e9rt elk\u00f6telezettek vagyunk nemcsak a legjobb min\u0151s\u00e9g\u0171 term\u00e9kek, hanem a kiv\u00e9teles szolg\u00e1ltat\u00e1s ny\u00fajt\u00e1sa ir\u00e1nt is. A kezdeti konzult\u00e1ci\u00f3t\u00f3l az \u00e9rt\u00e9kes\u00edt\u00e9s ut\u00e1ni t\u00e1mogat\u00e1sig szorosan egy\u00fcttm\u0171k\u00f6d\u00fcnk \u00fcgyfeleinkkel annak biztos\u00edt\u00e1sa \u00e9rdek\u00e9ben, hogy ig\u00e9nyeiket professzionalizmussal \u00e9s gondoss\u00e1ggal el\u00e9g\u00edts\u00fck ki. Versenyk\u00e9pes \u00e1raink, p\u00e1rosulva a min\u0151s\u00e9g ir\u00e1nti rend\u00edthetetlen elk\u00f6telezetts\u00e9g\u00fcnkkel, teszik az FMP-t okos v\u00e1laszt\u00e1ss\u00e1 azoknak a v\u00e1llalatoknak, amelyek megb\u00edzhat\u00f3 hidraulikus megold\u00e1sokba szeretn\u00e9nek befektetni.<\/p>","protected":false},"excerpt":{"rendered":"<p>Factory Serving Stainless Steel Hydraulic Cylinder For Seeder FMP brings you the new stainless steel hydraulic cylinder for seeder, a breakthrough in hydraulic technology. Made for perfection, this powerhouse is set to change the way you work in farms, machinery repair shops, energy &amp; mining sectors, and machinery manufacturing. Its high-end features and robust build [&hellip;]<\/p>","protected":false},"featured_media":6705,"comment_status":"closed","ping_status":"closed","template":"","meta":{"_et_pb_use_builder":"","_et_pb_old_content":"","_et_gb_content_width":""},"product_brand":[],"product_cat":[103],"product_tag":[34,105],"class_list":{"0":"post-6595","1":"product","2":"type-product","3":"status-publish","4":"has-post-thumbnail","6":"product_cat-telescopic-hydraulic-cylinders","7":"product_tag-hydraulic-cylinder","8":"product_tag-telescopic-hydraulic-cylinders","10":"first","11":"instock","12":"product-type-simple"},"_links":{"self":[{"href":"https:\/\/fmp-components.com\/hu\/wp-json\/wp\/v2\/product\/6595","targetHints":{"allow":["GET"]}}],"collection":[{"href":"https:\/\/fmp-components.com\/hu\/wp-json\/wp\/v2\/product"}],"about":[{"href":"https:\/\/fmp-components.com\/hu\/wp-json\/wp\/v2\/types\/product"}],"replies":[{"embeddable":true,"href":"https:\/\/fmp-components.com\/hu\/wp-json\/wp\/v2\/comments?post=6595"}],"wp:featuredmedia":[{"embeddable":true,"href":"https:\/\/fmp-components.com\/hu\/wp-json\/wp\/v2\/media\/6705"}],"wp:attachment":[{"href":"https:\/\/fmp-components.com\/hu\/wp-json\/wp\/v2\/media?parent=6595"}],"wp:term":[{"taxonomy":"product_brand","embeddable":true,"href":"https:\/\/fmp-components.com\/hu\/wp-json\/wp\/v2\/product_brand?post=6595"},{"taxonomy":"product_cat","embeddable":true,"href":"https:\/\/fmp-components.com\/hu\/wp-json\/wp\/v2\/product_cat?post=6595"},{"taxonomy":"product_tag","embeddable":true,"href":"https:\/\/fmp-components.com\/hu\/wp-json\/wp\/v2\/product_tag?post=6595"}],"curies":[{"name":"munkaf\u00fczet","href":"https:\/\/api.w.org\/{rel}","templated":true}]}}