{"id":6592,"date":"2025-03-11T06:32:38","date_gmt":"2025-03-11T06:32:38","guid":{"rendered":"https:\/\/fmp-components.com\/product\/professional-craftsmanship-small-hydraulic-cylinder-dump-truck-hydraulic-hoist-cylinder"},"modified":"2025-03-14T02:25:10","modified_gmt":"2025-03-14T02:25:10","slug":"professional-craftsmanship-small-hydraulic-cylinder-dump-truck-hydraulic-hoist-cylinder","status":"publish","type":"product","link":"https:\/\/fmp-components.com\/hu\/product\/professional-craftsmanship-small-hydraulic-cylinder-dump-truck-hydraulic-hoist-cylinder\/","title":{"rendered":"Professzion\u00e1lis k\u00e9zm\u0171ves kis hidraulikus hengeres d\u00f6mper hidraulikus emel\u0151henger"},"content":{"rendered":"<h2>Professzion\u00e1lis k\u00e9zm\u0171ves kis hidraulikus hengeres d\u00f6mper hidraulikus emel\u0151henger<\/h2>\n<p>Bemutatjuk professzion\u00e1lis k\u00e9zm\u0171ves kism\u00e9ret\u0171 hidraulikus henger\u00fcnket, a d\u00f6mperek hidraulikus emel\u0151henger\u00e9t, amely egy \u00faj, szabv\u00e1nym\u00e9ret\u0171, t\u00f6bbfokozat\u00fa hidraulikus henger, amelyet nagy ig\u00e9nybev\u00e9tel\u0171 haszn\u00e1latra terveztek olyan ipar\u00e1gakban, mint a g\u00e9pjav\u00edt\u00e1s \u00e9s -gy\u00e1rt\u00e1s, a mez\u0151gazdas\u00e1g, az energiaipar \u00e9s a b\u00e1ny\u00e1szat. Ez a hidraulikus henger l\u00e9tfontoss\u00e1g\u00fa alkatr\u00e9sze minden hidraulikus rendszernek, amely szab\u00e1lyozhat\u00f3 er\u0151t biztos\u00edt k\u00fcl\u00f6nf\u00e9le alkalmaz\u00e1sokhoz.<\/p>\n<h3>Term\u00e9kspecifik\u00e1ci\u00f3k<\/h3>\n<table style=\"width: 99.1886%; height: 61px;\" border=\"\">\n<tbody>\n<tr>\n<td colspan=\"\" rowspan=\"\"><i>Furatm\u00e9ret<\/i><\/td>\n<td colspan=\"\" rowspan=\"\">2-6 h\u00fcvelyk<\/td>\n<\/tr>\n<tr>\n<td colspan=\"\" rowspan=\"\"><i>R\u00fad m\u00e9rete<\/i><\/td>\n<td colspan=\"\" rowspan=\"\">1,125-4 h\u00fcvelyk<\/td>\n<\/tr>\n<tr>\n<td colspan=\"\" rowspan=\"\"><i>Ecsetvon\u00e1s m\u00e9rete<\/i><\/td>\n<td colspan=\"\" rowspan=\"\">4-100 h\u00fcvelyk<\/td>\n<\/tr>\n<tr>\n<td colspan=\"\" rowspan=\"\"><i>Cs\u00edp\u0151m\u00e9ret<\/i><\/td>\n<td colspan=\"\" rowspan=\"\">0,5-2 h\u00fcvelyk<\/td>\n<\/tr>\n<tr>\n<td colspan=\"\" rowspan=\"\"><i>kik\u00f6t\u0151k<\/i><\/td>\n<td colspan=\"\" rowspan=\"\">G\/SAE\/NPT\/M<\/td>\n<\/tr>\n<\/tbody>\n<\/table>\n<h2>Megk\u00fcl\u00f6nb\u00f6ztet\u0151 jellemz\u0151k \u00e9s el\u0151ny\u00f6k<\/h2>\n<ul>\n<li>Energiahat\u00e9konys\u00e1g: Hidraulikus henger\u00fcnk hidraulikus energi\u00e1val m\u0171k\u00f6dik, ami az energia\u00e1tad\u00e1s egy rendk\u00edv\u00fcl hat\u00e9kony m\u00f3dja.<\/li>\n<li>Nagy teljes\u00edtm\u00e9ny: 3000 tonn\u00e1s maxim\u00e1lis tol\u00f3er\u0151vel \u00e9s 20 tonn\u00e1s maxim\u00e1lis h\u00faz\u00f3er\u0151vel hidraulikus henger\u00fcnket neh\u00e9z terhek kezel\u00e9s\u00e9re tervezt\u00e9k.<\/li>\n<li>Min\u0151s\u00e9g \u00e9s biztons\u00e1g: Az ISO9001:2000 szabv\u00e1ny szerint tan\u00fas\u00edtott hidraulikus henger\u00fcnk megfelel a nemzetk\u00f6zi min\u0151s\u00e9gi \u00e9s biztons\u00e1gi el\u0151\u00edr\u00e1soknak.<\/li>\n<\/ul>\n<p><img loading=\"lazy\" decoding=\"async\" class=\"alignnone  wp-image-6659\" src=\"https:\/\/fmp-components.com\/wp-content\/uploads\/2025\/03\/telescopic-hydraulic-cylinder-12.webp\" alt=\"teleszk\u00f3pos hidraulikus henger\" width=\"787\" height=\"787\" title=\"\" srcset=\"https:\/\/fmp-components.com\/wp-content\/uploads\/2025\/03\/telescopic-hydraulic-cylinder-12.webp 787w, https:\/\/fmp-components.com\/wp-content\/uploads\/2025\/03\/telescopic-hydraulic-cylinder-12-480x480.webp 480w\" sizes=\"(min-width: 0px) and (max-width: 480px) 480px, (min-width: 481px) 787px, 100vw\" \/><\/p>\n<h2>M\u0171k\u00f6d\u00e9si elv \u00e9s alkalmaz\u00e1sok<\/h2>\n<p>A hidraulikus hengerek \u00fagy m\u0171k\u00f6dnek, hogy a hidraulikus energi\u00e1t mechanikai energi\u00e1v\u00e1 alak\u00edtj\u00e1k, ami sz\u00e9les k\u00f6r\u0171 alkalmaz\u00e1si lehet\u0151s\u00e9geket tesz lehet\u0151v\u00e9. Sz\u00e9les k\u00f6rben haszn\u00e1lj\u00e1k \u0151ket \u00e9p\u00edt\u0151ipari berendez\u00e9sekben, gy\u00e1rt\u00f3g\u00e9pekben \u00e9s egyebekben.<\/p>\n<h2>Hidraulikus hengerek \u00e9s t\u00e1pegys\u00e9gek<\/h2>\n<p>A hidraulikus hengerek \u00e9s a t\u00e1pegys\u00e9gek a hidraulikus rendszerek szerves r\u00e9sz\u00e9t k\u00e9pezik. Egy\u00fcttes m\u0171k\u00f6d\u00e9s\u00fck biztos\u00edtja a hidraulikus technol\u00f3gia sz\u00e9les k\u00f6r\u0171 alkalmaz\u00e1s\u00e1t az iparban, megb\u00edzhat\u00f3 energia- \u00e9s vez\u00e9rl\u00e9st\u00e1mogat\u00e1st ny\u00fajtva k\u00fcl\u00f6nf\u00e9le m\u00e9rn\u00f6ki \u00e9s g\u00e9p\u00e9szeti berendez\u00e9sek sz\u00e1m\u00e1ra. M\u0171k\u00f6dtet\u0151k\u00e9nt a hidraulikus henger felel\u0151s a hidraulikus energia mechanikai mozg\u00e1ss\u00e1 alak\u00edt\u00e1s\u00e1\u00e9rt, a nyom\u00e1s er\u0151v\u00e9 alak\u00edt\u00e1s\u00e1\u00e9rt. A t\u00e1pegys\u00e9g ek\u00f6zben az a mag, amely biztos\u00edtja a hidraulikus rendszer \u00e1ltal ig\u00e9nyelt energi\u00e1t \u00e9s vez\u00e9rl\u0151jeleket. A kett\u0151 k\u00f6z\u00f6tti \u00f6sszehangolt egy\u00fcttm\u0171k\u00f6d\u00e9s lehet\u0151v\u00e9 teszi a hidraulikus rendszer norm\u00e1l m\u0171k\u00f6d\u00e9s\u00e9t.<\/p>\n<h2>GYIK<\/h2>\n<p><b>K: Kereskedelmi v\u00e1llalat vagy gy\u00e1rt\u00f3?<\/b><br \/>\nV: Gy\u00e1rt\u00f3 vagyunk.<\/p>\n<p><b>K: Mennyi a hidraulikus hengerek sz\u00e1ll\u00edt\u00e1si ideje?<\/b><br \/>\nV: \u00c1ltal\u00e1ban a sz\u00e1ll\u00edt\u00e1si id\u0151 25-35 nap.<\/p>\n<p><b>K: Tudsz-e a mint\u00e1k szerint gy\u00e1rtani?<\/b><br \/>\nV: Igen, a mint\u00e1k vagy m\u0171szaki rajzok alapj\u00e1n tudunk legy\u00e1rtani. El tudjuk k\u00e9sz\u00edteni a form\u00e1kat \u00e9s a szerelv\u00e9nyeket.<\/p>\n<h3>Az FMP-r\u0151l<\/h3>\n<p class=\"break-words\">Az FMP egy vezet\u0151 olasz gy\u00e1rt\u00f3, amely kiv\u00e1l\u00f3 min\u0151s\u00e9g\u0171 hidraulikus hengerek tervez\u00e9s\u00e9re, fejleszt\u00e9s\u00e9re \u00e9s gy\u00e1rt\u00e1s\u00e1ra specializ\u00e1l\u00f3dott. \u00c9vtizedes szak\u00e9rtelemre \u00e9p\u00fcl\u0151 gazdag \u00f6r\u00f6ks\u00e9g\u00fcnkkel b\u00fcszk\u00e9n \u00f6tv\u00f6zz\u00fck az olasz k\u00e9zm\u0171vess\u00e9get a legmodernebb technol\u00f3gi\u00e1val, hogy kiv\u00e9teles hidraulikus megold\u00e1sokat k\u00edn\u00e1ljunk, amelyek a glob\u00e1lis \u00fcgyfeleink sokr\u00e9t\u0171 ig\u00e9nyeit el\u00e9g\u00edtik ki. Az olaszorsz\u00e1gi sz\u00e9khely\u0171, a m\u00e9rn\u00f6ki kiv\u00e1l\u00f3s\u00e1g k\u00f6zpontj\u00e1ban m\u0171k\u00f6d\u0151 FMP megb\u00edzhat\u00f3 n\u00e9v a hidraulikus iparban, elk\u00f6telezett amellett, hogy megb\u00edzhat\u00f3, tart\u00f3s \u00e9s innovat\u00edv term\u00e9keket k\u00edn\u00e1ljon, amelyek vil\u00e1gszerte lend\u00fcletet adnak a v\u00e1llalkoz\u00e1soknak.<\/p>\n<p class=\"break-words\">C\u00e9g\u00fcnk a fejlett gy\u00e1rt\u00e1si hagyom\u00e1nyok legjav\u00e1t \u00f6tv\u00f6zi az el\u0151remutat\u00f3 megk\u00f6zel\u00edt\u00e9ssel. A hidraulikus rendszerek ter\u00e9n szerzett sok\u00e9ves tapasztalat\u00e1ra \u00e9p\u00edtve az FMP egy modern v\u00e1llalkoz\u00e1ss\u00e1 fejl\u0151d\u00f6tt, amely kiemelked\u0151 a kutat\u00e1s, a tervez\u00e9s \u00e9s a gy\u00e1rt\u00e1s ter\u00e9n. Sz\u00e9les hidraulikus hengerv\u00e1laszt\u00e9kra specializ\u00e1l\u00f3dtunk, bele\u00e9rtve a kett\u0151s m\u0171k\u00f6d\u00e9s\u0171 hengereket, az aut\u00f3ipari emel\u0151hengereket, a mez\u0151gazdas\u00e1gi g\u00e9pek hengereit \u00e9s az egyedi tervez\u00e9s\u0171 megold\u00e1sokat k\u00fcl\u00f6nf\u00e9le ipari alkalmaz\u00e1sokhoz. Legyen sz\u00f3 \u00e9p\u00edt\u0151iparr\u00f3l, ipari telep\u00edt\u00e9sekr\u0151l, mez\u0151gazdas\u00e1gr\u00f3l vagy neh\u00e9zg\u00e9pekr\u0151l, hidraulikus hengereinket a legnehezebb k\u00f6r\u00fclm\u00e9nyek k\u00f6z\u00f6tt is k\u00e9pesek teljes\u00edteni, biztos\u00edtva a biztons\u00e1got, a hat\u00e9konys\u00e1got \u00e9s a hossz\u00fa \u00e9lettartamot.<\/p>\n<p><img loading=\"lazy\" decoding=\"async\" class=\"alignnone size-full wp-image-6720\" src=\"https:\/\/fmp-components.com\/wp-content\/uploads\/2025\/03\/hydraulic-cylinder-8.webp\" alt=\"Teleszk\u00f3pos hidraulikus hengerek\" width=\"933\" height=\"526\" title=\"\" srcset=\"https:\/\/fmp-components.com\/wp-content\/uploads\/2025\/03\/hydraulic-cylinder-8.webp 933w, https:\/\/fmp-components.com\/wp-content\/uploads\/2025\/03\/hydraulic-cylinder-8-480x271.webp 480w\" sizes=\"(min-width: 0px) and (max-width: 480px) 480px, (min-width: 481px) 933px, 100vw\" \/><\/p>\n<p class=\"break-words\">Az FMP-n\u00e9l b\u00fcszk\u00e9k vagyunk a legmodernebb gy\u00e1rt\u00f3\u00fczemeinkre, amelyek prec\u00edzi\u00f3s g\u00e9pekkel \u00e9s fejlett vizsg\u00e1l\u00f3rendszerekkel vannak felszerelve. Gy\u00e1rt\u00e1si folyamataink szigor\u00fa nemzeti \u00e9s nemzetk\u00f6zi szabv\u00e1nyoknak felelnek meg, biztos\u00edtva, hogy minden egyes hidraulikus henger, amely elhagyja gy\u00e1runkat, kiv\u00e1l\u00f3 min\u0151s\u00e9g\u0171 \u00e9s megb\u00edzhat\u00f3 legyen. K\u00e9pzett m\u0171szaki csapatunk a legmodernebb berendez\u00e9sekkel p\u00e1rosulva lehet\u0151v\u00e9 teszi sz\u00e1munkra, hogy szigor\u00fa min\u0151s\u00e9gellen\u0151rz\u00e9st tartsunk fenn a gy\u00e1rt\u00e1s minden szakasz\u00e1ban \u2013 az alapanyagok kiv\u00e1laszt\u00e1s\u00e1t\u00f3l a v\u00e9gs\u0151 ellen\u0151rz\u00e9sig. Ez a kiv\u00e1l\u00f3s\u00e1g ir\u00e1nti elk\u00f6telezetts\u00e9g tan\u00fas\u00edtv\u00e1nyokat \u00e9s elismer\u00e9st szerzett nek\u00fcnk az ipar\u00e1gi hat\u00f3s\u00e1gokt\u00f3l, tov\u00e1bb er\u0151s\u00edtve megb\u00edzhat\u00f3 partnerk\u00e9nt szerzett h\u00edrnev\u00fcnket.<\/p>\n<p class=\"break-words\">K\u00fcldet\u00e9s\u00fcnk egyszer\u0171, m\u00e9gis ambici\u00f3zus: olyan hidraulikus hengereket biztos\u00edtani \u00fcgyfeleinknek, amelyek teljes\u00edtm\u00e9ny, tart\u00f3ss\u00e1g \u00e9s \u00e9rt\u00e9k tekintet\u00e9ben fel\u00fclm\u00falj\u00e1k az elv\u00e1r\u00e1sokat. A professzionalizmus, a feddhetetlens\u00e9g \u00e9s az \u00fcgyf\u00e9lk\u00f6zpont\u00fas\u00e1g vez\u00e9relvei szerint m\u0171k\u00f6d\u00fcnk. Az innov\u00e1ci\u00f3 \u00e9s a precizit\u00e1s kult\u00far\u00e1j\u00e1nak \u00e1pol\u00e1s\u00e1val folyamatosan finom\u00edtjuk term\u00e9keinket, hogy meg\u0151rizz\u00fck el\u0151ny\u00fcnket a versenyk\u00e9pes piacon. \u00c1tfog\u00f3 term\u00e9kk\u00edn\u00e1latunk \u00e9s a szem\u00e9lyre szabott megold\u00e1sok k\u00edn\u00e1l\u00e1s\u00e1nak k\u00e9pess\u00e9ge tesz minket a nagy teljes\u00edtm\u00e9ny\u0171 hidraulikus hengereket keres\u0151 v\u00e1llalkoz\u00e1sok els\u0151 sz\u00e1m\u00fa v\u00e1laszt\u00e1s\u00e1v\u00e1.<\/p>\n<p class=\"break-words\">Az FMP t\u00f6bb mint egy gy\u00e1rt\u00f3 \u2013 partnerek vagyunk a siker\u00e9ben. Meg\u00e9rtj\u00fck, hogy \u00fcgyfeleink olyan szersz\u00e1mok sz\u00e1ll\u00edt\u00e1s\u00e1ban b\u00edznak benn\u00fcnk, amelyek n\u00f6velik termel\u00e9kenys\u00e9g\u00fcket \u00e9s biztons\u00e1gukat. Ez\u00e9rt elk\u00f6telezettek vagyunk nemcsak a legjobb min\u0151s\u00e9g\u0171 term\u00e9kek, hanem a kiv\u00e9teles szolg\u00e1ltat\u00e1s ny\u00fajt\u00e1sa ir\u00e1nt is. A kezdeti konzult\u00e1ci\u00f3t\u00f3l az \u00e9rt\u00e9kes\u00edt\u00e9s ut\u00e1ni t\u00e1mogat\u00e1sig szorosan egy\u00fcttm\u0171k\u00f6d\u00fcnk \u00fcgyfeleinkkel annak biztos\u00edt\u00e1sa \u00e9rdek\u00e9ben, hogy ig\u00e9nyeiket professzionalizmussal \u00e9s gondoss\u00e1ggal el\u00e9g\u00edts\u00fck ki. Versenyk\u00e9pes \u00e1raink, p\u00e1rosulva a min\u0151s\u00e9g ir\u00e1nti rend\u00edthetetlen elk\u00f6telezetts\u00e9g\u00fcnkkel, teszik az FMP-t okos v\u00e1laszt\u00e1ss\u00e1 azoknak a v\u00e1llalatoknak, amelyek megb\u00edzhat\u00f3 hidraulikus megold\u00e1sokba szeretn\u00e9nek befektetni.<\/p>","protected":false},"excerpt":{"rendered":"<p>Professional Craftsmanship Small Hydraulic Cylinder Dump Truck Hydraulic Hoist Cylinder Introducing our Professional Craftsmanship Small hydraulic cylinder Dump Truck Hydraulic Hoist Cylinder, a new, standard-sized multi-stage hydraulic cylinder designed for heavy-duty use in industries such as machinery repair and manufacturing, farming, energy, and mining. This hydraulic cylinder is a vital component in any hydraulic system, [&hellip;]<\/p>","protected":false},"featured_media":6802,"comment_status":"closed","ping_status":"closed","template":"","meta":{"_et_pb_use_builder":"","_et_pb_old_content":"","_et_gb_content_width":""},"product_brand":[],"product_cat":[103],"product_tag":[34,105],"class_list":{"0":"post-6592","1":"product","2":"type-product","3":"status-publish","4":"has-post-thumbnail","6":"product_cat-telescopic-hydraulic-cylinders","7":"product_tag-hydraulic-cylinder","8":"product_tag-telescopic-hydraulic-cylinders","10":"first","11":"instock","12":"product-type-simple"},"_links":{"self":[{"href":"https:\/\/fmp-components.com\/hu\/wp-json\/wp\/v2\/product\/6592","targetHints":{"allow":["GET"]}}],"collection":[{"href":"https:\/\/fmp-components.com\/hu\/wp-json\/wp\/v2\/product"}],"about":[{"href":"https:\/\/fmp-components.com\/hu\/wp-json\/wp\/v2\/types\/product"}],"replies":[{"embeddable":true,"href":"https:\/\/fmp-components.com\/hu\/wp-json\/wp\/v2\/comments?post=6592"}],"wp:featuredmedia":[{"embeddable":true,"href":"https:\/\/fmp-components.com\/hu\/wp-json\/wp\/v2\/media\/6802"}],"wp:attachment":[{"href":"https:\/\/fmp-components.com\/hu\/wp-json\/wp\/v2\/media?parent=6592"}],"wp:term":[{"taxonomy":"product_brand","embeddable":true,"href":"https:\/\/fmp-components.com\/hu\/wp-json\/wp\/v2\/product_brand?post=6592"},{"taxonomy":"product_cat","embeddable":true,"href":"https:\/\/fmp-components.com\/hu\/wp-json\/wp\/v2\/product_cat?post=6592"},{"taxonomy":"product_tag","embeddable":true,"href":"https:\/\/fmp-components.com\/hu\/wp-json\/wp\/v2\/product_tag?post=6592"}],"curies":[{"name":"munkaf\u00fczet","href":"https:\/\/api.w.org\/{rel}","templated":true}]}}