{"id":6587,"date":"2025-03-11T06:32:38","date_gmt":"2025-03-11T06:32:38","guid":{"rendered":"https:\/\/fmp-components.com\/product\/high-quality-4-stage-telescopic-double-acting-telescopic-hydraulic-cylinder"},"modified":"2025-03-17T08:56:27","modified_gmt":"2025-03-17T08:56:27","slug":"high-quality-4-stage-telescopic-double-acting-telescopic-hydraulic-cylinder","status":"publish","type":"product","link":"https:\/\/fmp-components.com\/hu\/product\/high-quality-4-stage-telescopic-double-acting-telescopic-hydraulic-cylinder\/","title":{"rendered":"Kiv\u00e1l\u00f3 min\u0151s\u00e9g\u0171, 4 fokozat\u00fa teleszk\u00f3pos, kett\u0151s m\u0171k\u00f6d\u00e9s\u0171 teleszk\u00f3pos hidraulikus henger"},"content":{"rendered":"<p>&#8221;<\/p>\n<h2>Kiv\u00e1l\u00f3 min\u0151s\u00e9g\u0171, 4 fokozat\u00fa teleszk\u00f3pos, kett\u0151s m\u0171k\u00f6d\u00e9s\u0171 teleszk\u00f3pos hidraulikus henger<\/h2>\n<p>K\u00e9nyeztesd magad 4 fokozat\u00fa teleszk\u00f3pos, kett\u0151s m\u0171k\u00f6d\u00e9s\u0171 hidraulikus henger\u00fcnk legkiv\u00e1l\u00f3bb min\u0151s\u00e9g\u00e9vel, amely egy cs\u00facskateg\u00f3ri\u00e1s term\u00e9k, \u00e9s kiemelkedik alkalmaz\u00e1si ter\u00fcletein olyan ipar\u00e1gakban, mint a g\u00e9pjav\u00edt\u00f3 m\u0171helyek, mez\u0151gazdas\u00e1g, energia \u00e9s b\u00e1ny\u00e1szat, g\u00e9pgy\u00e1rt\u00e1s \u00e9s g\u00e9pgy\u00e1rak.<\/p>\n<h3>F\u0151bb jellemz\u0151k \u00e9s funkci\u00f3k<\/h3>\n<p>Ez a t\u00f6bbfokozat\u00fa hidraulikus henger 3000 tonn\u00e1s nagy tol\u00f3er\u0151vel \u00e9s 20 tonn\u00e1s maxim\u00e1lis h\u00faz\u00f3er\u0151vel b\u00fcszk\u00e9lkedhet. Hidraulikus folyad\u00e9k hajtja, a h\u00e1za rugalmas \u00e9s tart\u00f3s ac\u00e9lb\u00f3l k\u00e9sz\u00fclt. Standard szerkezete egy dugatty\u00fas henger, amely optim\u00e1lis teljes\u00edtm\u00e9nyt \u00e9s hat\u00e9konys\u00e1got k\u00edn\u00e1l.<\/p>\n<h3>M\u0171szaki adatok<\/h3>\n<table style=\"width: 98.7112%;\" border=\"\">\n<tbody>\n<tr>\n<td style=\"width: 42.6136%;\"><i>Furatm\u00e9ret<\/i><\/td>\n<td style=\"width: 303.977%;\">2-6 h\u00fcvelyk<\/td>\n<\/tr>\n<tr>\n<td style=\"width: 42.6136%;\"><i>R\u00fad m\u00e9rete<\/i><\/td>\n<td style=\"width: 303.977%;\">1,125-4 h\u00fcvelyk<\/td>\n<\/tr>\n<tr>\n<td style=\"width: 42.6136%;\"><i>Ecsetvon\u00e1s m\u00e9rete<\/i><\/td>\n<td style=\"width: 303.977%;\">4-100 h\u00fcvelyk<\/td>\n<\/tr>\n<tr>\n<td style=\"width: 42.6136%;\"><i>Cs\u00edp\u0151m\u00e9ret<\/i><\/td>\n<td style=\"width: 303.977%;\">0,5-2 h\u00fcvelyk<\/td>\n<\/tr>\n<tr>\n<td style=\"width: 42.6136%;\"><i>kik\u00f6t\u0151k<\/i><\/td>\n<td style=\"width: 303.977%;\">G\/SAE\/NPT\/M<\/td>\n<\/tr>\n<\/tbody>\n<\/table>\n<h3>Egyedi el\u0151ny\u00f6k<\/h3>\n<p>Hidraulikus henger\u00fcnk ISO9001:2000 tan\u00fas\u00edtv\u00e1nnyal rendelkezik, \u00e9s egy \u00e9v garanci\u00e1t v\u00e1llal a f\u0151 alkatr\u00e9szeire, bele\u00e9rtve a csap\u00e1gyat \u00e9s mag\u00e1t a hidraulikus hengert is. Energiatakar\u00e9kos, nagy hat\u00e9konys\u00e1g\u00fa \u00e9s biztons\u00e1gi jellemz\u0151ivel hidraulikus henger\u00fcnk tagadhatatlanul \u00e9rt\u00e9kes kieg\u00e9sz\u00edt\u0151je lesz g\u00e9peinek.<\/p>\n<p><img loading=\"lazy\" decoding=\"async\" class=\"alignnone size-full wp-image-6757\" src=\"https:\/\/fmp-components.com\/wp-content\/uploads\/2025\/03\/Telescopic-Hydraulic-Cylinders-114.webp\" alt=\"Teleszk\u00f3pos hidraulikus hengerek\" width=\"2160\" height=\"2160\" title=\"\" srcset=\"https:\/\/fmp-components.com\/wp-content\/uploads\/2025\/03\/Telescopic-Hydraulic-Cylinders-114.webp 2160w, https:\/\/fmp-components.com\/wp-content\/uploads\/2025\/03\/Telescopic-Hydraulic-Cylinders-114-1280x1280.webp 1280w, https:\/\/fmp-components.com\/wp-content\/uploads\/2025\/03\/Telescopic-Hydraulic-Cylinders-114-980x980.webp 980w, https:\/\/fmp-components.com\/wp-content\/uploads\/2025\/03\/Telescopic-Hydraulic-Cylinders-114-480x480.webp 480w\" sizes=\"(min-width: 0px) and (max-width: 480px) 480px, (min-width: 481px) and (max-width: 980px) 980px, (min-width: 981px) and (max-width: 1280px) 1280px, (min-width: 1281px) 2160px, 100vw\" \/><\/p>\n<h2>Hidraulikus rendszerek \u00e9s m\u0171k\u00f6d\u00e9si elvek<\/h2>\n<p>A hidraulikus hengerek kulcsfontoss\u00e1g\u00fa szerepet j\u00e1tszanak k\u00fcl\u00f6nf\u00e9le g\u00e9pekben \u00e9s alkalmaz\u00e1sokban az\u00e1ltal, hogy a hidraulikus energi\u00e1t mechanikai mozg\u00e1ss\u00e1, a nyom\u00e1st pedig er\u0151v\u00e9 alak\u00edtj\u00e1k. Ezt a z\u00f6kken\u0151mentes m\u0171k\u00f6d\u00e9st a hidraulikus henger \u00e9s a... k\u00f6z\u00f6tti szinergia teszi lehet\u0151v\u00e9. <b>p<\/b>teljes\u00edtm\u00e9nyegys\u00e9g, az a mag, amely a hidraulikus rendszer sz\u00e1m\u00e1ra a sz\u00fcks\u00e9ges energi\u00e1t \u00e9s vez\u00e9rl\u0151jeleket biztos\u00edtja.<\/p>\n<h2>Hidraulikus henger alkalmaz\u00e1sa<\/h2>\n<p>Hidraulikus henger\u00fcnk sokoldal\u00fas\u00e1ga lehet\u0151v\u00e9 teszi alkalmaz\u00e1s\u00e1t sz\u00e1mos ipar\u00e1gban \u00e9s g\u00e9piparban. A g\u00e9pjav\u00edt\u00f3 m\u0171helyekt\u0151l a mez\u0151gazdas\u00e1gon, az energetikai \u00e9s b\u00e1ny\u00e1szaton \u00e1t a g\u00e9pgy\u00e1rt\u00e1sig \u00e9s a g\u00e9pgy\u00e1rakig hidraulikus henger\u00fcnk n\u00e9lk\u00fcl\u00f6zhetetlennek bizonyul.<\/p>\n<h2>Hidraulikus hengerek \u00e9s t\u00e1pegys\u00e9gek<\/h2>\n<p>A hidraulikus hengerek \u00e9s t\u00e1pegys\u00e9gek a hidraulikus rendszerek szerves r\u00e9sz\u00e9t k\u00e9pezik. Egy\u00fcttm\u0171k\u00f6d\u0151 funkci\u00f3juk biztos\u00edtja a hidraulikus technol\u00f3gia sz\u00e9les k\u00f6r\u0171 alkalmaz\u00e1s\u00e1t az iparban, megb\u00edzhat\u00f3 energia- \u00e9s vez\u00e9rl\u00e9st\u00e1mogat\u00e1st ny\u00fajtva a k\u00fcl\u00f6nf\u00e9le m\u00e9rn\u00f6ki \u00e9s g\u00e9p\u00e9szeti berendez\u00e9sek sz\u00e1m\u00e1ra.<\/p>\n<h2>GYIK<\/h2>\n<h3>K: Kereskedelmi v\u00e1llalat vagy gy\u00e1rt\u00f3?<\/h3>\n<p>V: Gy\u00e1rt\u00f3 vagyunk.<\/p>\n<h3>K: Mennyi a sz\u00e1ll\u00edt\u00e1si id\u0151?<\/h3>\n<p>V: \u00c1ltal\u00e1ban a sz\u00e1ll\u00edt\u00e1si id\u0151nk 25-35 nap k\u00f6z\u00f6tt van.<\/p>\n<h3>K: Biztos\u00edtanak mint\u00e1kat? Ingyenes vagy k\u00fcl\u00f6n fizetend\u0151?<\/h3>\n<p>V: Igen, biztos\u00edtunk mint\u00e1kat, de ezek nem ingyenesek.<\/p>","protected":false},"excerpt":{"rendered":"<p>&#8221; High Quality 4 Stage Telescopic Double Acting Telescopic Hydraulic Cylinder Indulge in the finest quality of our 4 Stage Telescopic Double Acting Telescopic hydraulic cylinder, a top-tier product that stands out in its application across industries such as Machinery Repair Shops, Farms, Energy &amp; Mining, Machinery manufacturing, and Machinery Factory. Key Features and Functions [&hellip;]<\/p>","protected":false},"featured_media":6769,"comment_status":"closed","ping_status":"closed","template":"","meta":{"_et_pb_use_builder":"","_et_pb_old_content":"","_et_gb_content_width":""},"product_brand":[],"product_cat":[103],"product_tag":[34,105],"class_list":{"0":"post-6587","1":"product","2":"type-product","3":"status-publish","4":"has-post-thumbnail","6":"product_cat-telescopic-hydraulic-cylinders","7":"product_tag-hydraulic-cylinder","8":"product_tag-telescopic-hydraulic-cylinders","10":"first","11":"instock","12":"product-type-simple"},"_links":{"self":[{"href":"https:\/\/fmp-components.com\/hu\/wp-json\/wp\/v2\/product\/6587","targetHints":{"allow":["GET"]}}],"collection":[{"href":"https:\/\/fmp-components.com\/hu\/wp-json\/wp\/v2\/product"}],"about":[{"href":"https:\/\/fmp-components.com\/hu\/wp-json\/wp\/v2\/types\/product"}],"replies":[{"embeddable":true,"href":"https:\/\/fmp-components.com\/hu\/wp-json\/wp\/v2\/comments?post=6587"}],"wp:featuredmedia":[{"embeddable":true,"href":"https:\/\/fmp-components.com\/hu\/wp-json\/wp\/v2\/media\/6769"}],"wp:attachment":[{"href":"https:\/\/fmp-components.com\/hu\/wp-json\/wp\/v2\/media?parent=6587"}],"wp:term":[{"taxonomy":"product_brand","embeddable":true,"href":"https:\/\/fmp-components.com\/hu\/wp-json\/wp\/v2\/product_brand?post=6587"},{"taxonomy":"product_cat","embeddable":true,"href":"https:\/\/fmp-components.com\/hu\/wp-json\/wp\/v2\/product_cat?post=6587"},{"taxonomy":"product_tag","embeddable":true,"href":"https:\/\/fmp-components.com\/hu\/wp-json\/wp\/v2\/product_tag?post=6587"}],"curies":[{"name":"munkaf\u00fczet","href":"https:\/\/api.w.org\/{rel}","templated":true}]}}