{"id":6586,"date":"2025-03-11T06:31:13","date_gmt":"2025-03-11T06:31:13","guid":{"rendered":"https:\/\/fmp-components.com\/product\/factory-price-two-stage-hydraulic-telescopic-cylinder"},"modified":"2025-03-12T03:28:50","modified_gmt":"2025-03-12T03:28:50","slug":"factory-price-two-stage-hydraulic-telescopic-cylinder","status":"publish","type":"product","link":"https:\/\/fmp-components.com\/hu\/product\/factory-price-two-stage-hydraulic-telescopic-cylinder\/","title":{"rendered":"Gy\u00e1ri \u00e1r\u00fa k\u00e9tfokozat\u00fa hidraulikus teleszk\u00f3pos henger"},"content":{"rendered":"<h2>Gy\u00e1ri \u00e1r\u00fa k\u00e9tfokozat\u00fa hidraulikus teleszk\u00f3pos henger<\/h2>\n<p>Tapasztalja meg a gy\u00e1ri \u00e1r\u00fa k\u00e9tfokozat\u00fa hidraulikus teleszk\u00f3pos henger erej\u00e9t \u00e9s hat\u00e9konys\u00e1g\u00e1t. Nagy teljes\u00edtm\u00e9nyre \u00e9s tart\u00f3ss\u00e1gra tervezve, ez a hidraulikus henger ide\u00e1lis g\u00e9pjav\u00edt\u00f3 m\u0171helyekben, mez\u0151gazdas\u00e1gi \u00fczemekben, energiaiparban, b\u00e1ny\u00e1szatban, g\u00e9pgy\u00e1rt\u00e1sban \u00e9s g\u00e9pgy\u00e1rakban val\u00f3 haszn\u00e1latra. Ac\u00e9l test\u00e9vel \u00e9s maxim\u00e1lis 3000 tol\u00f3erej\u00e9vel robusztus \u00e9s megb\u00edzhat\u00f3 is. A t\u00f6bbfokozat\u00fa hidraulikus hengert maximum 20 tonna h\u00faz\u00f3er\u0151 elvisel\u00e9s\u00e9re tervezt\u00e9k, \u00edgy sokoldal\u00fa kieg\u00e9sz\u00edt\u0151je lehet g\u00e9pei k\u00edn\u00e1lat\u00e1nak.<\/p>\n<p><img loading=\"lazy\" decoding=\"async\" class=\"alignnone wp-image-6665\" src=\"https:\/\/fmp-components.com\/wp-content\/uploads\/2025\/03\/telescopic-hydraulic-cylinder-9.webp\" alt=\"teleszk\u00f3pos hidraulikus henger\" width=\"905\" height=\"905\" title=\"\" srcset=\"https:\/\/fmp-components.com\/wp-content\/uploads\/2025\/03\/telescopic-hydraulic-cylinder-9.webp 905w, https:\/\/fmp-components.com\/wp-content\/uploads\/2025\/03\/telescopic-hydraulic-cylinder-9-480x480.webp 480w\" sizes=\"(min-width: 0px) and (max-width: 480px) 480px, (min-width: 481px) 905px, 100vw\" \/><\/p>\n<h3>Term\u00e9kspecifik\u00e1ci\u00f3k<\/h3>\n<p>Ennek a hidraulikus hengernek a f\u0151 alkot\u00f3elemei a csap\u00e1gy \u00e9s maga a hidraulikus henger, amelyek mindegyik\u00e9re 1 \u00e9v garancia vonatkozik. Ez egy szabv\u00e1nyos dugatty\u00fas henger, amely hidraulikus er\u0151vel m\u0171k\u00f6dik. A henger teste ac\u00e9lb\u00f3l k\u00e9sz\u00fclt, ami biztos\u00edtja a tart\u00f3ss\u00e1g\u00e1t \u00e9s hossz\u00fa \u00e9lettartam\u00e1t.<\/p>\n<h3>M\u0171szaki param\u00e9terek<\/h3>\n<table style=\"width: 99.4924%; height: 115px;\" border=\"\">\n<tbody>\n<tr style=\"height: 23px;\">\n<td style=\"width: 43.5028%; height: 23px;\"><b>Furatm\u00e9ret<\/b><\/td>\n<td style=\"width: 482.486%; height: 23px;\">2-6 h\u00fcvelyk<\/td>\n<\/tr>\n<tr style=\"height: 23px;\">\n<td style=\"width: 43.5028%; height: 23px;\"><b>R\u00fad m\u00e9rete<\/b><\/td>\n<td style=\"width: 482.486%; height: 23px;\">1,125-4 h\u00fcvelyk<\/td>\n<\/tr>\n<tr style=\"height: 23px;\">\n<td style=\"width: 43.5028%; height: 23px;\"><b>Ecsetvon\u00e1s m\u00e9rete<\/b><\/td>\n<td style=\"width: 482.486%; height: 23px;\">4-100 h\u00fcvelyk<\/td>\n<\/tr>\n<tr style=\"height: 23px;\">\n<td style=\"width: 43.5028%; height: 23px;\"><b>Cs\u00edp\u0151m\u00e9ret<\/b><\/td>\n<td style=\"width: 482.486%; height: 23px;\">0,5-2 h\u00fcvelyk<\/td>\n<\/tr>\n<tr style=\"height: 23px;\">\n<td style=\"width: 43.5028%; height: 23px;\"><b>kik\u00f6t\u0151k<\/b><\/td>\n<td style=\"width: 482.486%; height: 23px;\">G\/SAE\/NPT\/M<\/td>\n<\/tr>\n<\/tbody>\n<\/table>\n<h2>Term\u00e9kjellemz\u0151k<\/h2>\n<ul>\n<li>Energiatakar\u00e9kos: A hidraulikus henger hidraulikus er\u0151vel m\u0171k\u00f6dik, \u00edgy maxim\u00e1lis hat\u00e9konys\u00e1got biztos\u00edt.<\/li>\n<li>Nagy teljes\u00edtm\u00e9ny: A 3000 Nm maxim\u00e1lis tol\u00f3erej\u00e9vel ez a hidraulikus henger nagy terheket is k\u00e9pes kezelni.<\/li>\n<li>Biztons\u00e1g: Az ac\u00e9l test biztos\u00edtja a hidraulikus henger tart\u00f3ss\u00e1g\u00e1t \u00e9s biztons\u00e1g\u00e1t \u00fczem k\u00f6zben.<\/li>\n<\/ul>\n<h2>M\u0171k\u00f6d\u00e9si elv<\/h2>\n<p>A hidraulikus henger a folyad\u00e9knyom\u00e1s elv\u00e9n m\u0171k\u00f6dik. A hidraulikus energi\u00e1t mechanikai mozg\u00e1ss\u00e1 alak\u00edtja, biztos\u00edtva a g\u00e9pek mozgat\u00e1s\u00e1hoz \u00e9s vez\u00e9rl\u00e9s\u00e9hez sz\u00fcks\u00e9ges teljes\u00edtm\u00e9nyt.<\/p>\n<p><img loading=\"lazy\" decoding=\"async\" class=\"alignnone wp-image-6664\" src=\"https:\/\/fmp-components.com\/wp-content\/uploads\/2025\/03\/telescopic-hydraulic-cylinder-8.webp\" alt=\"teleszk\u00f3pos hidraulikus henger\" width=\"884\" height=\"884\" title=\"\" srcset=\"https:\/\/fmp-components.com\/wp-content\/uploads\/2025\/03\/telescopic-hydraulic-cylinder-8.webp 884w, https:\/\/fmp-components.com\/wp-content\/uploads\/2025\/03\/telescopic-hydraulic-cylinder-8-480x480.webp 480w\" sizes=\"(min-width: 0px) and (max-width: 480px) 480px, (min-width: 481px) 884px, 100vw\" \/><\/p>\n<h2>Alkalmaz\u00e1sok<\/h2>\n<p>A hidraulikus henger sz\u00e9les k\u00f6rben alkalmazhat\u00f3 g\u00e9pjav\u00edt\u00f3 m\u0171helyekben, mez\u0151gazdas\u00e1gi \u00fczemekben, energia- \u00e9s b\u00e1ny\u00e1szati \u200b\u200biparban, g\u00e9pgy\u00e1rt\u00e1sban \u00e9s olyan g\u00e9pgy\u00e1rakban, ahol neh\u00e9z emel\u00e9sre \u00e9s mozgat\u00e1sra van sz\u00fcks\u00e9g.<\/p>\n<h2>Hidraulikus hengerek \u00e9s t\u00e1pegys\u00e9gek<\/h2>\n<p>A hidraulikus henger \u00e9s a t\u00e1pegys\u00e9g a hidraulikus rendszer szerves r\u00e9sz\u00e9t k\u00e9pezik. Szinergi\u00e1juk biztos\u00edtja a hidraulikus technol\u00f3gia sz\u00e9les k\u00f6r\u0171 alkalmaz\u00e1s\u00e1t az ipari ter\u00fcleten, megb\u00edzhat\u00f3 energia- \u00e9s vez\u00e9rl\u00e9st\u00e1mogat\u00e1st ny\u00fajtva k\u00fcl\u00f6nf\u00e9le m\u00e9rn\u00f6ki \u00e9s g\u00e9p\u00e9szeti berendez\u00e9sek sz\u00e1m\u00e1ra. A hidraulikus henger, mint aktu\u00e1tor, felel\u0151s a hidraulikus energia mechanikai mozg\u00e1ss\u00e1 alak\u00edt\u00e1s\u00e1\u00e9rt, a nyom\u00e1s er\u0151v\u00e9 alak\u00edt\u00e1s\u00e1\u00e9rt. A t\u00e1pegys\u00e9g ezzel szemben az a mag, amely biztos\u00edtja a hidraulikus rendszer \u00e1ltal ig\u00e9nyelt energi\u00e1t \u00e9s vez\u00e9rl\u0151jeleket. A kett\u0151 k\u00f6z\u00f6tti koordin\u00e1ci\u00f3 biztos\u00edtja a hidraulikus rendszer norm\u00e1l m\u0171k\u00f6d\u00e9s\u00e9t. Az FMP-n\u00e9l t\u00e1pegys\u00e9geket is k\u00edn\u00e1lunk \u00e9rt\u00e9kes\u00edt\u00e9sre.<\/p>\n<h2>Gyakran ism\u00e9telt k\u00e9rd\u00e9sek<\/h2>\n<p><b>K: Kereskedelmi v\u00e1llalat vagy gy\u00e1rt\u00f3?<\/b><br \/>\nV: Mi egy gy\u00e1r vagyunk.<\/p>\n<p><b>K: Mennyi a sz\u00e1ll\u00edt\u00e1si id\u0151?<\/b><br \/>\nV: \u00c1ltal\u00e1ban 25-35 nap.<\/p>\n<p><b>K: Biztos\u00edtanak mint\u00e1kat? Ingyenesek vagy k\u00fcl\u00f6n kaphat\u00f3k?<\/b><br \/>\nV: Igen, felaj\u00e1nlhatn\u00e1nk a mint\u00e1t, de ez nem ingyenes.<\/p>\n<h3>Az FMP-r\u0151l<\/h3>\n<p>Az FMP egy vezet\u0151 olasz gy\u00e1rt\u00f3, amely kiv\u00e1l\u00f3 min\u0151s\u00e9g\u0171 hidraulikus hengerek tervez\u00e9s\u00e9re, fejleszt\u00e9s\u00e9re \u00e9s gy\u00e1rt\u00e1s\u00e1ra specializ\u00e1l\u00f3dott. \u00c9vtizedes szak\u00e9rtelm\u00fcnkre \u00e9p\u00edtve, szak\u00e9rt\u0151 m\u00f3don \u00f6tv\u00f6zz\u00fck az olasz k\u00e9zm\u0171vess\u00e9get az innovat\u00edv technol\u00f3gi\u00e1val, hogy kiv\u00e9teles hidraulikus megold\u00e1sokat k\u00edn\u00e1ljunk, amelyek a glob\u00e1lis \u00fcgyfeleink sokr\u00e9t\u0171 ig\u00e9nyeire szabottak. Az Olaszorsz\u00e1gban, a m\u00e9rn\u00f6ki kiv\u00e1l\u00f3s\u00e1g k\u00f6zpontj\u00e1ban tal\u00e1lhat\u00f3 FMP megb\u00edzhat\u00f3 n\u00e9v a hidraulikus iparban, \u00e9s elk\u00f6telezett amellett, hogy megb\u00edzhat\u00f3, tart\u00f3s \u00e9s innovat\u00edv term\u00e9keket k\u00edn\u00e1ljon, amelyek vil\u00e1gszerte lend\u00fcletet adnak a v\u00e1llalkoz\u00e1soknak.<\/p>\n<p>C\u00e9g\u00fcnk a fejlett gy\u00e1rt\u00e1si hagyom\u00e1nyokat el\u0151remutat\u00f3 megk\u00f6zel\u00edt\u00e9ssel \u00f6tv\u00f6zi. A hidraulikus rendszerek ter\u00e9n szerzett sok\u00e9ves tapasztalat\u00e1ra \u00e9p\u00edtve az FMP modern v\u00e1llalkoz\u00e1ss\u00e1 alakult, amely kiemelked\u0151 a kutat\u00e1s, a tervez\u00e9s \u00e9s a gy\u00e1rt\u00e1s ter\u00e9n. Sz\u00e9les v\u00e1laszt\u00e9kban k\u00edn\u00e1lunk hidraulikus hengereket, bele\u00e9rtve kett\u0151s m\u0171k\u00f6d\u00e9s\u0171 hengereket, aut\u00f3ipari emel\u0151hengereket, mez\u0151gazdas\u00e1gi g\u00e9phengereket \u00e9s egyedi tervez\u00e9s\u0171 megold\u00e1sokat k\u00fcl\u00f6nf\u00e9le ipari alkalmaz\u00e1sokhoz. Legyen sz\u00f3 \u00e9p\u00edt\u0151iparr\u00f3l, ipari telep\u00edt\u00e9sekr\u0151l, mez\u0151gazdas\u00e1gr\u00f3l vagy neh\u00e9zg\u00e9pekr\u0151l, hidraulikus hengereinket \u00fagy tervezt\u00fck, hogy a legig\u00e9nyesebb k\u00f6r\u00fclm\u00e9nyek k\u00f6z\u00f6tt is teljes\u00edtsenek, biztos\u00edtva a biztons\u00e1got, a hat\u00e9konys\u00e1got \u00e9s a hossz\u00fa \u00e9lettartamot.<\/p>\n<p>Az FMP-n\u00e9l b\u00fcszk\u00e9k vagyunk a legmodernebb gy\u00e1rt\u00f3\u00fczemeinkre, amelyek prec\u00edzi\u00f3s g\u00e9pekkel \u00e9s fejlett vizsg\u00e1l\u00f3rendszerekkel vannak felszerelve. Gy\u00e1rt\u00e1si folyamataink szigor\u00fa nemzeti \u00e9s nemzetk\u00f6zi szabv\u00e1nyoknak felelnek meg, garant\u00e1lva, hogy minden gy\u00e1rtott hidraulikus henger megfelel a legmagasabb min\u0151s\u00e9gi \u00e9s megb\u00edzhat\u00f3s\u00e1gi k\u00f6vetelm\u00e9nyeknek. K\u00e9pzett m\u0171szaki csapatunk, amelyet a legmodernebb berendez\u00e9sek t\u00e1mogatnak, lehet\u0151v\u00e9 teszi sz\u00e1munkra, hogy szigor\u00fa min\u0151s\u00e9gellen\u0151rz\u00e9st tartsunk fenn a gy\u00e1rt\u00e1s minden szakasz\u00e1ban \u2013 az alapanyagok kiv\u00e1laszt\u00e1s\u00e1t\u00f3l a v\u00e9gs\u0151 ellen\u0151rz\u00e9sig. Ez a kiv\u00e1l\u00f3s\u00e1g ir\u00e1nti elk\u00f6telezetts\u00e9g tan\u00fas\u00edtv\u00e1nyokat \u00e9s elismer\u00e9st szerzett nek\u00fcnk az ipar\u00e1gi hat\u00f3s\u00e1gokt\u00f3l, tov\u00e1bb er\u0151s\u00edtve megb\u00edzhat\u00f3 partnerk\u00e9nt szerzett h\u00edrnev\u00fcnket.<\/p>\n<p><img loading=\"lazy\" decoding=\"async\" class=\"alignnone size-full wp-image-6720\" src=\"https:\/\/fmp-components.com\/wp-content\/uploads\/2025\/03\/hydraulic-cylinder-8.webp\" alt=\"Teleszk\u00f3pos hidraulikus hengerek\" width=\"933\" height=\"526\" title=\"\" srcset=\"https:\/\/fmp-components.com\/wp-content\/uploads\/2025\/03\/hydraulic-cylinder-8.webp 933w, https:\/\/fmp-components.com\/wp-content\/uploads\/2025\/03\/hydraulic-cylinder-8-480x271.webp 480w\" sizes=\"(min-width: 0px) and (max-width: 480px) 480px, (min-width: 481px) 933px, 100vw\" \/><\/p>\n<p>K\u00fcldet\u00e9s\u00fcnk egyszer\u0171, m\u00e9gis ambici\u00f3zus: olyan hidraulikus hengereket sz\u00e1ll\u00edtani, amelyek teljes\u00edtm\u00e9ny, tart\u00f3ss\u00e1g \u00e9s \u00e9rt\u00e9k tekintet\u00e9ben fel\u00fclm\u00falj\u00e1k az elv\u00e1r\u00e1sokat. A professzionalizmus, a feddhetetlens\u00e9g \u00e9s az \u00fcgyf\u00e9lk\u00f6zpont\u00fas\u00e1g alapelvei vez\u00e9relnek minket, az innov\u00e1ci\u00f3 \u00e9s a precizit\u00e1s kult\u00far\u00e1j\u00e1t \u00e1poljuk, folyamatosan finom\u00edtva term\u00e9keinket, hogy versenyk\u00e9pesek maradjunk a piacon. \u00c1tfog\u00f3 term\u00e9kk\u00edn\u00e1latunk \u00e9s a szem\u00e9lyre szabott megold\u00e1sok ny\u00fajt\u00e1s\u00e1ra val\u00f3 k\u00e9pess\u00e9g\u00fcnk a nagy teljes\u00edtm\u00e9ny\u0171 hidraulikus hengereket keres\u0151 v\u00e1llalkoz\u00e1sok el\u0151nyben r\u00e9szes\u00edtett v\u00e1laszt\u00e1s\u00e1v\u00e1 tesz minket.<\/p>\n<p>Az FMP t\u00f6bb mint egy gy\u00e1rt\u00f3; partnerek vagyunk a siker\u00e9ben. Meg\u00e9rtj\u00fck, hogy \u00fcgyfeleink a termel\u00e9kenys\u00e9get \u00e9s a biztons\u00e1got fokoz\u00f3 eszk\u00f6z\u00f6k tekintet\u00e9ben t\u0151l\u00fcnk f\u00fcggenek. Ez\u00e9rt elk\u00f6telezettek vagyunk nemcsak a legjobb min\u0151s\u00e9g\u0171 term\u00e9kek, hanem a kiv\u00e9teles szolg\u00e1ltat\u00e1s ny\u00fajt\u00e1sa ir\u00e1nt is. A kezdeti konzult\u00e1ci\u00f3t\u00f3l az \u00e9rt\u00e9kes\u00edt\u00e9s ut\u00e1ni t\u00e1mogat\u00e1sig szorosan egy\u00fcttm\u0171k\u00f6d\u00fcnk \u00fcgyfeleinkkel, hogy biztos\u00edtsuk ig\u00e9nyeik professzionalizmussal \u00e9s gondoss\u00e1ggal t\u00f6rt\u00e9n\u0151 kiel\u00e9g\u00edt\u00e9s\u00e9t. Versenyk\u00e9pes \u00e1raink, valamint a min\u0151s\u00e9g ir\u00e1nti rend\u00edthetetlen elk\u00f6telezetts\u00e9g\u00fcnk teszi az FMP-t okos v\u00e1laszt\u00e1ss\u00e1 azoknak a v\u00e1llalatoknak, amelyek megb\u00edzhat\u00f3 hidraulikus megold\u00e1sokba szeretn\u00e9nek befektetni.<\/p>","protected":false},"excerpt":{"rendered":"<p>Factory Price Two Stage Hydraulic Telescopic Cylinder Experience the power and efficiency of the Factory Price Two Stage Hydraulic Telescopic Cylinder. Designed for high performance and durability, this hydraulic cylinder is ideal for use in machinery repair shops, farms, energy, mining, machinery manufacturing and machinery factories. With its steel body and maximum thrust of 3000, [&hellip;]<\/p>","protected":false},"featured_media":6713,"comment_status":"closed","ping_status":"closed","template":"","meta":{"_et_pb_use_builder":"","_et_pb_old_content":"","_et_gb_content_width":""},"product_brand":[],"product_cat":[103],"product_tag":[34,105],"class_list":{"0":"post-6586","1":"product","2":"type-product","3":"status-publish","4":"has-post-thumbnail","6":"product_cat-telescopic-hydraulic-cylinders","7":"product_tag-hydraulic-cylinder","8":"product_tag-telescopic-hydraulic-cylinders","10":"first","11":"instock","12":"product-type-simple"},"_links":{"self":[{"href":"https:\/\/fmp-components.com\/hu\/wp-json\/wp\/v2\/product\/6586","targetHints":{"allow":["GET"]}}],"collection":[{"href":"https:\/\/fmp-components.com\/hu\/wp-json\/wp\/v2\/product"}],"about":[{"href":"https:\/\/fmp-components.com\/hu\/wp-json\/wp\/v2\/types\/product"}],"replies":[{"embeddable":true,"href":"https:\/\/fmp-components.com\/hu\/wp-json\/wp\/v2\/comments?post=6586"}],"wp:featuredmedia":[{"embeddable":true,"href":"https:\/\/fmp-components.com\/hu\/wp-json\/wp\/v2\/media\/6713"}],"wp:attachment":[{"href":"https:\/\/fmp-components.com\/hu\/wp-json\/wp\/v2\/media?parent=6586"}],"wp:term":[{"taxonomy":"product_brand","embeddable":true,"href":"https:\/\/fmp-components.com\/hu\/wp-json\/wp\/v2\/product_brand?post=6586"},{"taxonomy":"product_cat","embeddable":true,"href":"https:\/\/fmp-components.com\/hu\/wp-json\/wp\/v2\/product_cat?post=6586"},{"taxonomy":"product_tag","embeddable":true,"href":"https:\/\/fmp-components.com\/hu\/wp-json\/wp\/v2\/product_tag?post=6586"}],"curies":[{"name":"munkaf\u00fczet","href":"https:\/\/api.w.org\/{rel}","templated":true}]}}