{"id":6582,"date":"2025-03-11T06:31:13","date_gmt":"2025-03-11T06:31:13","guid":{"rendered":"https:\/\/fmp-components.com\/product\/professional-craftsmanship-4-stage-dump-truck-stainless-steel-hydraulic-cylinder"},"modified":"2025-03-12T05:36:17","modified_gmt":"2025-03-12T05:36:17","slug":"professional-craftsmanship-4-stage-dump-truck-stainless-steel-hydraulic-cylinder","status":"publish","type":"product","link":"https:\/\/fmp-components.com\/hu\/product\/professional-craftsmanship-4-stage-dump-truck-stainless-steel-hydraulic-cylinder\/","title":{"rendered":"Professzion\u00e1lis k\u00e9zm\u0171ves 4 fokozat\u00fa d\u00f6mper rozsdamentes ac\u00e9l hidraulikus henger"},"content":{"rendered":"<h2>Professzion\u00e1lis k\u00e9zm\u0171ves 4 fokozat\u00fa d\u00f6mper rozsdamentes ac\u00e9l hidraulikus henger<\/h2>\n<p>Ez egy vadonat\u00faj, professzion\u00e1lis, n\u00e9gyfokozat\u00fa, d\u00f6mperekhez val\u00f3, rozsdamentes ac\u00e9l hidraulikus henger, amelyet k\u00fcl\u00f6nf\u00e9le ipar\u00e1gakban, p\u00e9ld\u00e1ul g\u00e9pjav\u00edt\u00f3 m\u0171helyekben, mez\u0151gazdas\u00e1gi \u00fczemekben, energia- \u00e9s b\u00e1ny\u00e1szatban, g\u00e9pgy\u00e1rt\u00e1sban \u00e9s g\u00e9pgy\u00e1rakban val\u00f3 haszn\u00e1latra terveztek. Ez a t\u00f6bbfokozat\u00fa hidraulikus henger egy \u00e9v garanci\u00e1val rendelkezik a f\u0151 alkatr\u00e9szeire, bele\u00e9rtve a csap\u00e1gyat \u00e9s mag\u00e1t a hidraulikus hengert.<\/p>\n<h3>F\u0151bb jellemz\u0151k \u00e9s specifik\u00e1ci\u00f3k<\/h3>\n<p>A hidraulikus henger szabv\u00e1nyos szerkezettel b\u00fcszk\u00e9lkedhet, pontosabban dugatty\u00fas hengerrel. Hidraulikus a teljes\u00edtm\u00e9nye, a test anyaga pedig ac\u00e9l. A henger maxim\u00e1lis tol\u00f3ereje 3000 tonna, maxim\u00e1lis h\u00faz\u00f3ereje pedig 20 tonna. ISO9001:2000 tan\u00fas\u00edtv\u00e1nnyal rendelkezik, ami garant\u00e1lja a min\u0151s\u00e9g\u00e9t \u00e9s megb\u00edzhat\u00f3s\u00e1g\u00e1t.<\/p>\n<h3>M\u0171szaki adatok<\/h3>\n<table style=\"width: 99.3161%;\" border=\"\">\n<tbody>\n<tr>\n<td style=\"width: 42.9379%;\"><i>Furatm\u00e9ret<\/i><\/td>\n<td style=\"width: 470.621%;\">2-6 h\u00fcvelyk<\/td>\n<\/tr>\n<tr>\n<td style=\"width: 42.9379%;\"><i>R\u00fad m\u00e9rete<\/i><\/td>\n<td style=\"width: 470.621%;\">1,125-4 h\u00fcvelyk<\/td>\n<\/tr>\n<tr>\n<td style=\"width: 42.9379%;\"><i>Ecsetvon\u00e1s m\u00e9rete<\/i><\/td>\n<td style=\"width: 470.621%;\">4-100 h\u00fcvelyk<\/td>\n<\/tr>\n<tr>\n<td style=\"width: 42.9379%;\"><i>Cs\u00edp\u0151m\u00e9ret<\/i><\/td>\n<td style=\"width: 470.621%;\">0,5-2 h\u00fcvelyk<\/td>\n<\/tr>\n<tr>\n<td style=\"width: 42.9379%;\"><i>kik\u00f6t\u0151k<\/i><\/td>\n<td style=\"width: 470.621%;\">G\/SAE\/NPT\/M<\/td>\n<\/tr>\n<\/tbody>\n<\/table>\n<h2>Egyedi tulajdons\u00e1gok \u00e9s el\u0151ny\u00f6k<\/h2>\n<ul>\n<li>Energiatakar\u00e9kos<\/li>\n<li>Rendk\u00edv\u00fcl hat\u00e9kony<\/li>\n<li>Biztons\u00e1gos haszn\u00e1lat<\/li>\n<\/ul>\n<h2>M\u00e9lymer\u00fcl\u00e9s a hidraulikus rendszerekben \u00e9s m\u0171k\u00f6d\u00e9si elv\u00fckben<\/h2>\n<p>A hidraulikus henger a d\u00f6mperek \u00e9s k\u00fcl\u00f6nf\u00e9le egy\u00e9b g\u00e9pek m\u0171k\u00f6dtet\u00e9s\u00e9nek hajt\u00f3ereje, amely a nyom\u00e1s alatt l\u00e9v\u0151 folyad\u00e9k line\u00e1ris er\u0151 \u00e9s mozg\u00e1s l\u00e9trehoz\u00e1s\u00e1nak elv\u00e9n m\u0171k\u00f6dik. Egy hidraulikus rendszeren bel\u00fcl a henger kritikus alkatr\u00e9szk\u00e9nt m\u0171k\u00f6dik, amely a hidraulikus folyad\u00e9kban l\u00e9v\u0151 energi\u00e1t mechanikai munk\u00e1v\u00e1 alak\u00edtja. Amikor a hidraulikus folyad\u00e9kot a hengerbe pump\u00e1lj\u00e1k, nyom\u00e1st hoz l\u00e9tre, amely mozg\u00e1sra k\u00e9nyszer\u00edti a dugatty\u00fat, ami a k\u00edv\u00e1nt line\u00e1ris mozg\u00e1st eredm\u00e9nyezi. Ez az elv nemcsak a d\u00f6mperek m\u0171k\u00f6d\u00e9s\u00e9nek alapj\u00e1t k\u00e9pezi, hanem sz\u00e1mos berendez\u00e9s funkcionalit\u00e1s\u00e1t is jav\u00edtja, \u00edgy a hidraulikus hengerek n\u00e9lk\u00fcl\u00f6zhetetlenek sz\u00e1mos ipari alkalmaz\u00e1sban.<\/p>\n<p><img loading=\"lazy\" decoding=\"async\" class=\"alignnone  wp-image-6659\" src=\"https:\/\/fmp-components.com\/wp-content\/uploads\/2025\/03\/telescopic-hydraulic-cylinder-12.webp\" alt=\"teleszk\u00f3pos hidraulikus henger\" width=\"912\" height=\"912\" title=\"\" srcset=\"https:\/\/fmp-components.com\/wp-content\/uploads\/2025\/03\/telescopic-hydraulic-cylinder-12.webp 912w, https:\/\/fmp-components.com\/wp-content\/uploads\/2025\/03\/telescopic-hydraulic-cylinder-12-480x480.webp 480w\" sizes=\"(min-width: 0px) and (max-width: 480px) 480px, (min-width: 481px) 912px, 100vw\" \/><\/p>\n<h2>A hidraulikus henger alkalmaz\u00e1sa<\/h2>\n<p>A hidraulikus henger sokoldal\u00fas\u00e1g\u00e1t sz\u00e9les k\u00f6r\u0171 felhaszn\u00e1l\u00e1sa bizony\u00edtja sz\u00e1mos ipar\u00e1gban. G\u00e9pjav\u00edt\u00f3 m\u0171helyekben ezek a hengerek megk\u00f6nny\u00edtik a neh\u00e9z berendez\u00e9sek emel\u00e9s\u00e9t \u00e9s pozicion\u00e1l\u00e1s\u00e1t, lehet\u0151v\u00e9 t\u00e9ve a hat\u00e9kony karbantart\u00e1st \u00e9s jav\u00edt\u00e1st. A gazdas\u00e1gokban a hidraulikus hengereket traktorokban \u00e9s m\u00e1s mez\u0151gazdas\u00e1gi g\u00e9pekben alkalmazz\u00e1k anyagok emel\u00e9s\u00e9re, billent\u00e9s\u00e9re \u00e9s sz\u00e1ll\u00edt\u00e1s\u00e1ra, ami jelent\u0151sen n\u00f6veli a mez\u0151gazdas\u00e1gi m\u0171veletek termel\u00e9kenys\u00e9g\u00e9t.<\/p>\n<p>Az energia- \u00e9s b\u00e1ny\u00e1szati \u200b\u200bszektorban a hidraulikus hengerek kulcsszerepet j\u00e1tszanak olyan feladatokban, mint a f\u00far\u00e1s, a f\u00f6ldmunka \u00e9s az anyagmozgat\u00e1s, ahol a nagy teljes\u00edtm\u00e9ny \u00e9s a megb\u00edzhat\u00f3s\u00e1g kulcsfontoss\u00e1g\u00fa. Tov\u00e1bb\u00e1 a g\u00e9pgy\u00e1rt\u00e1sban \u00e9s a gy\u00e1rakban szerves r\u00e9sz\u00e9t k\u00e9pezik az \u00f6sszeszerel\u0151 soroknak \u00e9s a k\u00fcl\u00f6nf\u00e9le automatiz\u00e1lt folyamatoknak, korszer\u0171s\u00edtve a termel\u00e9st \u00e9s n\u00f6velve a m\u0171k\u00f6d\u00e9si hat\u00e9konys\u00e1got. M\u00edg a d\u00f6mperek kiemelked\u0151 alkalmaz\u00e1si ter\u00fcletek, a hidraulikus hengerek haszn\u00e1lata kiterjed m\u00e1s neh\u00e9zg\u00e9pekre is, amelyek megb\u00edzhat\u00f3 line\u00e1ris er\u0151t \u00e9s mozg\u00e1st ig\u00e9nyelnek, \u00edgy n\u00e9lk\u00fcl\u00f6zhetetlenek sz\u00e1mos ipari k\u00f6rnyezetben.<\/p>\n<h2>Hidraulikus hengerek \u00e9s t\u00e1pegys\u00e9gek<\/h2>\n<p>A hidraulikus hengerek \u00e9s a t\u00e1pegys\u00e9gek minden hidraulikus rendszer alapvet\u0151 alkot\u00f3elemei, amelyek egy\u00fcttm\u0171k\u00f6dve biztos\u00edtj\u00e1k az optim\u00e1lis teljes\u00edtm\u00e9nyt \u00e9s megb\u00edzhat\u00f3s\u00e1got. A hidraulikus henger m\u0171k\u00f6dtet\u0151k\u00e9nt m\u0171k\u00f6dik, a nyom\u00e1st er\u0151v\u00e9 alak\u00edtva mechanikai mozg\u00e1ss\u00e1 alak\u00edtja a hidraulikus energi\u00e1t. Ez a k\u00e9pess\u00e9g teszi munkav\u00e9gz\u0151v\u00e9, lehet\u0151v\u00e9 t\u00e9ve neh\u00e9z terhek mozgat\u00e1s\u00e1t \u00e9s kritikus feladatok elv\u00e9gz\u00e9s\u00e9t.<\/p>\n<p>A t\u00e1pegys\u00e9g ezzel szemben a hidraulikus rendszer sz\u00edvek\u00e9nt szolg\u00e1l, biztos\u00edtva a sz\u00fcks\u00e9ges energi\u00e1t \u00e9s vez\u00e9rl\u0151jeleket. Jellemz\u0151en motort, szivatty\u00fat, tart\u00e1lyt \u00e9s vez\u00e9rl\u0151szelepeket tartalmaz, amelyek mind egy\u00fcttm\u0171k\u00f6dve biztos\u00edtj\u00e1k az \u00e1lland\u00f3 nyom\u00e1st \u00e9s \u00e1raml\u00e1si sebess\u00e9get. A hidraulikus henger \u00e9s a t\u00e1pegys\u00e9g k\u00f6z\u00f6tti koordin\u00e1ci\u00f3 l\u00e9tfontoss\u00e1g\u00fa a hidraulikus rendszer z\u00f6kken\u0151mentes m\u0171k\u00f6d\u00e9s\u00e9hez, biztos\u00edtva, hogy minden alkatr\u00e9sz harmonikusan m\u0171k\u00f6dj\u00f6n a megb\u00edzhat\u00f3 teljes\u00edtm\u00e9ny \u00e9s vez\u00e9rl\u00e9s \u00e9rdek\u00e9ben.<\/p>\n<p>Az FMP-n\u00e9l elk\u00f6telezettek vagyunk az \u00e1tfog\u00f3 hidraulikus megold\u00e1sok biztos\u00edt\u00e1sa ir\u00e1nt, bele\u00e9rtve a t\u00e1pegys\u00e9gek \u00e9rt\u00e9kes\u00edt\u00e9s\u00e9t is. Ez biztos\u00edtja, hogy \u00fcgyfeleink hozz\u00e1f\u00e9rjenek mind a hidraulikus hengerekhez, mind a t\u00e1pegys\u00e9gekhez, lehet\u0151v\u00e9 t\u00e9ve az alkatr\u00e9szek z\u00f6kken\u0151mentes integr\u00e1ci\u00f3j\u00e1t hidraulikus rendszereikbe. Ezen alapvet\u0151 elemek biztos\u00edt\u00e1s\u00e1val t\u00e1mogatjuk a k\u00fcl\u00f6nf\u00e9le m\u00e9rn\u00f6ki \u00e9s g\u00e9p\u00e9szeti berendez\u00e9sek hat\u00e9kony \u00e9s eredm\u00e9nyes m\u0171k\u00f6d\u00e9s\u00e9t a v\u00e1ltozatos ipari alkalmaz\u00e1sokban.<\/p>\n<p><img loading=\"lazy\" decoding=\"async\" class=\"alignnone size-full wp-image-6660\" src=\"https:\/\/fmp-components.com\/wp-content\/uploads\/2025\/03\/hydraulic-cylinder-workshop-4.webp\" alt=\"teleszk\u00f3pos hidraulikus henger\" width=\"914\" height=\"733\" title=\"\" srcset=\"https:\/\/fmp-components.com\/wp-content\/uploads\/2025\/03\/hydraulic-cylinder-workshop-4.webp 914w, https:\/\/fmp-components.com\/wp-content\/uploads\/2025\/03\/hydraulic-cylinder-workshop-4-480x385.webp 480w\" sizes=\"(min-width: 0px) and (max-width: 480px) 480px, (min-width: 481px) 914px, 100vw\" \/><\/p>\n<h2>Gyakran ism\u00e9telt k\u00e9rd\u00e9sek<\/h2>\n<p><span>K: Kereskedelmi v\u00e1llalat vagy gy\u00e1rt\u00f3?<\/span><br \/>\n<span>V: Mi egy gy\u00e1r vagyunk.<\/span><br \/>\n<span>K: Mennyi a sz\u00e1ll\u00edt\u00e1si id\u0151?<\/span><br \/>\n<span>V: \u00c1ltal\u00e1ban 25-35 nap.<\/span><br \/>\n<span>K: Biztos\u00edtanak mint\u00e1kat? Ingyenes vagy k\u00fcl\u00f6n fizetend\u0151?<\/span><br \/>\n<span>V: Igen, felaj\u00e1nlhatn\u00e1nk a mint\u00e1t, de ez nem ingyenes.<\/span><\/p>\n<h3>Az FMP-r\u0151l<\/h3>\n<p class=\"break-words\">Az FMP egy vezet\u0151 olasz gy\u00e1rt\u00f3, amely kiv\u00e1l\u00f3 min\u0151s\u00e9g\u0171 hidraulikus hengerek tervez\u00e9s\u00e9re, fejleszt\u00e9s\u00e9re \u00e9s gy\u00e1rt\u00e1s\u00e1ra specializ\u00e1l\u00f3dott. \u00c9vtizedes szak\u00e9rtelemre \u00e9p\u00fcl\u0151 gazdag \u00f6r\u00f6ks\u00e9g\u00fcnkkel b\u00fcszk\u00e9n \u00f6tv\u00f6zz\u00fck az olasz k\u00e9zm\u0171vess\u00e9get a legmodernebb technol\u00f3gi\u00e1val, hogy kiv\u00e9teles hidraulikus megold\u00e1sokat k\u00edn\u00e1ljunk, amelyek a glob\u00e1lis \u00fcgyfeleink sokr\u00e9t\u0171 ig\u00e9nyeit el\u00e9g\u00edtik ki. Az olaszorsz\u00e1gi sz\u00e9khely\u0171, a m\u00e9rn\u00f6ki kiv\u00e1l\u00f3s\u00e1g k\u00f6zpontj\u00e1ban m\u0171k\u00f6d\u0151 FMP megb\u00edzhat\u00f3 n\u00e9v a hidraulikus iparban, elk\u00f6telezett amellett, hogy megb\u00edzhat\u00f3, tart\u00f3s \u00e9s innovat\u00edv term\u00e9keket k\u00edn\u00e1ljon, amelyek vil\u00e1gszerte lend\u00fcletet adnak a v\u00e1llalkoz\u00e1soknak.<\/p>\n<p class=\"break-words\">C\u00e9g\u00fcnk a fejlett gy\u00e1rt\u00e1si hagyom\u00e1nyok legjav\u00e1t \u00f6tv\u00f6zi az el\u0151remutat\u00f3 megk\u00f6zel\u00edt\u00e9ssel. A hidraulikus rendszerek ter\u00e9n szerzett sok\u00e9ves tapasztalat\u00e1ra \u00e9p\u00edtve az FMP egy modern v\u00e1llalkoz\u00e1ss\u00e1 fejl\u0151d\u00f6tt, amely kiemelked\u0151 a kutat\u00e1s, a tervez\u00e9s \u00e9s a gy\u00e1rt\u00e1s ter\u00e9n. Sz\u00e9les hidraulikus hengerv\u00e1laszt\u00e9kra specializ\u00e1l\u00f3dtunk, bele\u00e9rtve a kett\u0151s m\u0171k\u00f6d\u00e9s\u0171 hengereket, az aut\u00f3ipari emel\u0151hengereket, a mez\u0151gazdas\u00e1gi g\u00e9pek hengereit \u00e9s az egyedi tervez\u00e9s\u0171 megold\u00e1sokat k\u00fcl\u00f6nf\u00e9le ipari alkalmaz\u00e1sokhoz. Legyen sz\u00f3 \u00e9p\u00edt\u0151iparr\u00f3l, ipari telep\u00edt\u00e9sekr\u0151l, mez\u0151gazdas\u00e1gr\u00f3l vagy neh\u00e9zg\u00e9pekr\u0151l, hidraulikus hengereinket a legnehezebb k\u00f6r\u00fclm\u00e9nyek k\u00f6z\u00f6tt is k\u00e9pesek teljes\u00edteni, biztos\u00edtva a biztons\u00e1got, a hat\u00e9konys\u00e1got \u00e9s a hossz\u00fa \u00e9lettartamot.<\/p>\n<p><img loading=\"lazy\" decoding=\"async\" class=\"alignnone size-full wp-image-6720\" src=\"https:\/\/fmp-components.com\/wp-content\/uploads\/2025\/03\/hydraulic-cylinder-8.webp\" alt=\"Teleszk\u00f3pos hidraulikus hengerek\" width=\"933\" height=\"526\" title=\"\" srcset=\"https:\/\/fmp-components.com\/wp-content\/uploads\/2025\/03\/hydraulic-cylinder-8.webp 933w, https:\/\/fmp-components.com\/wp-content\/uploads\/2025\/03\/hydraulic-cylinder-8-480x271.webp 480w\" sizes=\"(min-width: 0px) and (max-width: 480px) 480px, (min-width: 481px) 933px, 100vw\" \/><\/p>\n<p class=\"break-words\">Az FMP-n\u00e9l b\u00fcszk\u00e9k vagyunk a legmodernebb gy\u00e1rt\u00f3\u00fczemeinkre, amelyek prec\u00edzi\u00f3s g\u00e9pekkel \u00e9s fejlett vizsg\u00e1l\u00f3rendszerekkel vannak felszerelve. Gy\u00e1rt\u00e1si folyamataink szigor\u00fa nemzeti \u00e9s nemzetk\u00f6zi szabv\u00e1nyoknak felelnek meg, biztos\u00edtva, hogy minden egyes hidraulikus henger, amely elhagyja gy\u00e1runkat, kiv\u00e1l\u00f3 min\u0151s\u00e9g\u0171 \u00e9s megb\u00edzhat\u00f3 legyen. K\u00e9pzett m\u0171szaki csapatunk a legmodernebb berendez\u00e9sekkel p\u00e1rosulva lehet\u0151v\u00e9 teszi sz\u00e1munkra, hogy szigor\u00fa min\u0151s\u00e9gellen\u0151rz\u00e9st tartsunk fenn a gy\u00e1rt\u00e1s minden szakasz\u00e1ban \u2013 az alapanyagok kiv\u00e1laszt\u00e1s\u00e1t\u00f3l a v\u00e9gs\u0151 ellen\u0151rz\u00e9sig. Ez a kiv\u00e1l\u00f3s\u00e1g ir\u00e1nti elk\u00f6telezetts\u00e9g tan\u00fas\u00edtv\u00e1nyokat \u00e9s elismer\u00e9st szerzett nek\u00fcnk az ipar\u00e1gi hat\u00f3s\u00e1gokt\u00f3l, tov\u00e1bb er\u0151s\u00edtve megb\u00edzhat\u00f3 partnerk\u00e9nt szerzett h\u00edrnev\u00fcnket.<\/p>\n<p class=\"break-words\">K\u00fcldet\u00e9s\u00fcnk egyszer\u0171, m\u00e9gis ambici\u00f3zus: olyan hidraulikus hengereket biztos\u00edtani \u00fcgyfeleinknek, amelyek teljes\u00edtm\u00e9ny, tart\u00f3ss\u00e1g \u00e9s \u00e9rt\u00e9k tekintet\u00e9ben fel\u00fclm\u00falj\u00e1k az elv\u00e1r\u00e1sokat. A professzionalizmus, a feddhetetlens\u00e9g \u00e9s az \u00fcgyf\u00e9lk\u00f6zpont\u00fas\u00e1g vez\u00e9relvei szerint m\u0171k\u00f6d\u00fcnk. Az innov\u00e1ci\u00f3 \u00e9s a precizit\u00e1s kult\u00far\u00e1j\u00e1nak \u00e1pol\u00e1s\u00e1val folyamatosan finom\u00edtjuk term\u00e9keinket, hogy meg\u0151rizz\u00fck el\u0151ny\u00fcnket a versenyk\u00e9pes piacon. \u00c1tfog\u00f3 term\u00e9kk\u00edn\u00e1latunk \u00e9s a szem\u00e9lyre szabott megold\u00e1sok k\u00edn\u00e1l\u00e1s\u00e1nak k\u00e9pess\u00e9ge tesz minket a nagy teljes\u00edtm\u00e9ny\u0171 hidraulikus hengereket keres\u0151 v\u00e1llalkoz\u00e1sok els\u0151 sz\u00e1m\u00fa v\u00e1laszt\u00e1s\u00e1v\u00e1.<\/p>\n<p class=\"break-words\">Az FMP t\u00f6bb mint egy gy\u00e1rt\u00f3 \u2013 partnerek vagyunk a siker\u00e9ben. Meg\u00e9rtj\u00fck, hogy \u00fcgyfeleink olyan szersz\u00e1mok sz\u00e1ll\u00edt\u00e1s\u00e1ban b\u00edznak benn\u00fcnk, amelyek n\u00f6velik termel\u00e9kenys\u00e9g\u00fcket \u00e9s biztons\u00e1gukat. Ez\u00e9rt elk\u00f6telezettek vagyunk nemcsak a legjobb min\u0151s\u00e9g\u0171 term\u00e9kek, hanem a kiv\u00e9teles szolg\u00e1ltat\u00e1s ny\u00fajt\u00e1sa ir\u00e1nt is. A kezdeti konzult\u00e1ci\u00f3t\u00f3l az \u00e9rt\u00e9kes\u00edt\u00e9s ut\u00e1ni t\u00e1mogat\u00e1sig szorosan egy\u00fcttm\u0171k\u00f6d\u00fcnk \u00fcgyfeleinkkel annak biztos\u00edt\u00e1sa \u00e9rdek\u00e9ben, hogy ig\u00e9nyeiket professzionalizmussal \u00e9s gondoss\u00e1ggal el\u00e9g\u00edts\u00fck ki. Versenyk\u00e9pes \u00e1raink, p\u00e1rosulva a min\u0151s\u00e9g ir\u00e1nti rend\u00edthetetlen elk\u00f6telezetts\u00e9g\u00fcnkkel, teszik az FMP-t okos v\u00e1laszt\u00e1ss\u00e1 azoknak a v\u00e1llalatoknak, amelyek megb\u00edzhat\u00f3 hidraulikus megold\u00e1sokba szeretn\u00e9nek befektetni.<\/p>","protected":false},"excerpt":{"rendered":"<p>Professional Craftsmanship 4 Stage Dump Truck Stainless Steel Hydraulic Cylinder This is a brand new Professional Craftsmanship 4 Stage Dump Truck Stainless Steel hydraulic cylinder, built to serve you in various industries such as machinery repair shops, farms, energy and mining, machinery manufacturing and machinery factories. This multistage hydraulic cylinder comes with a one-year warranty [&hellip;]<\/p>","protected":false},"featured_media":6725,"comment_status":"closed","ping_status":"closed","template":"","meta":{"_et_pb_use_builder":"","_et_pb_old_content":"","_et_gb_content_width":""},"product_brand":[],"product_cat":[103],"product_tag":[34,105],"class_list":{"0":"post-6582","1":"product","2":"type-product","3":"status-publish","4":"has-post-thumbnail","6":"product_cat-telescopic-hydraulic-cylinders","7":"product_tag-hydraulic-cylinder","8":"product_tag-telescopic-hydraulic-cylinders","10":"first","11":"instock","12":"product-type-simple"},"_links":{"self":[{"href":"https:\/\/fmp-components.com\/hu\/wp-json\/wp\/v2\/product\/6582","targetHints":{"allow":["GET"]}}],"collection":[{"href":"https:\/\/fmp-components.com\/hu\/wp-json\/wp\/v2\/product"}],"about":[{"href":"https:\/\/fmp-components.com\/hu\/wp-json\/wp\/v2\/types\/product"}],"replies":[{"embeddable":true,"href":"https:\/\/fmp-components.com\/hu\/wp-json\/wp\/v2\/comments?post=6582"}],"wp:featuredmedia":[{"embeddable":true,"href":"https:\/\/fmp-components.com\/hu\/wp-json\/wp\/v2\/media\/6725"}],"wp:attachment":[{"href":"https:\/\/fmp-components.com\/hu\/wp-json\/wp\/v2\/media?parent=6582"}],"wp:term":[{"taxonomy":"product_brand","embeddable":true,"href":"https:\/\/fmp-components.com\/hu\/wp-json\/wp\/v2\/product_brand?post=6582"},{"taxonomy":"product_cat","embeddable":true,"href":"https:\/\/fmp-components.com\/hu\/wp-json\/wp\/v2\/product_cat?post=6582"},{"taxonomy":"product_tag","embeddable":true,"href":"https:\/\/fmp-components.com\/hu\/wp-json\/wp\/v2\/product_tag?post=6582"}],"curies":[{"name":"munkaf\u00fczet","href":"https:\/\/api.w.org\/{rel}","templated":true}]}}