{"id":6577,"date":"2025-03-11T06:31:13","date_gmt":"2025-03-11T06:31:13","guid":{"rendered":"https:\/\/fmp-components.com\/product\/factory-direct-sale-20-ton-dump-truck-hoist-hydraulic-cylinder"},"modified":"2025-03-12T05:11:27","modified_gmt":"2025-03-12T05:11:27","slug":"factory-direct-sale-20-ton-dump-truck-hoist-hydraulic-cylinder","status":"publish","type":"product","link":"https:\/\/fmp-components.com\/hu\/product\/factory-direct-sale-20-ton-dump-truck-hoist-hydraulic-cylinder\/","title":{"rendered":"Gy\u00e1ri k\u00f6zvetlen \u00e9rt\u00e9kes\u00edt\u00e9s 20 tonn\u00e1s d\u00f6mper emel\u0151 hidraulikus henger"},"content":{"rendered":"<h2>Gy\u00e1ri k\u00f6zvetlen \u00e9rt\u00e9kes\u00edt\u00e9s 20 tonn\u00e1s d\u00f6mper emel\u0151 hidraulikus henger<\/h2>\n<p>Tekintse meg k\u00f6zelebbr\u0151l a gy\u00e1rilag k\u00f6zvetlen \u00e9rt\u00e9kes\u00edt\u00e9s\u0171 20 tonn\u00e1s d\u00f6mper emel\u0151 hidraulikus henger\u00fcnket. Ez a neh\u00e9z terhek prec\u00edz \u00e9s k\u00f6nny\u0171 emel\u00e9s\u00e9re tervezett berendez\u00e9s n\u00e9lk\u00fcl\u00f6zhetetlen eszk\u00f6z a g\u00e9pjav\u00edt\u00e1sban, a mez\u0151gazdas\u00e1gban, az energia- \u00e9s b\u00e1ny\u00e1szatban, valamint a g\u00e9pgy\u00e1rt\u00f3 ipar\u00e1gakban. Ak\u00e1r egy r\u00e9gi hidraulikus hengert szeretne lecser\u00e9lni, ak\u00e1r egy hat\u00e9konyabb modellre szeretne friss\u00edteni, ezt a term\u00e9ket \u00e9rdemes megfontolni.<\/p>\n<h3>Jellemz\u0151k \u00e9s specifik\u00e1ci\u00f3k<\/h3>\n<p>Hidraulikus henger\u00fcnk robusztus ac\u00e9lszerkezettel b\u00fcszk\u00e9lkedhet, amely k\u00e9pes ellen\u00e1llni a nagy ig\u00e9nybev\u00e9telnek. Hidraulikus er\u0151vel m\u0171k\u00f6dik, \u00edgy rendk\u00edv\u00fcl megb\u00edzhat\u00f3 \u00e9s hat\u00e9kony eszk\u00f6z neh\u00e9z terhek emel\u00e9s\u00e9re \u00e9s mozgat\u00e1s\u00e1ra. Ez a henger ISO9001:2000 tan\u00fas\u00edtv\u00e1nnyal is rendelkezik, ami garant\u00e1lja a min\u0151s\u00e9g\u00e9t \u00e9s megb\u00edzhat\u00f3s\u00e1g\u00e1t.<\/p>\n<table style=\"width: 99.9058%;\" border=\"\">\n<tbody>\n<tr>\n<th style=\"width: 16.9576%;\">Furatm\u00e9ret<\/th>\n<th style=\"width: 20.4489%;\">R\u00fad m\u00e9rete<\/th>\n<th style=\"width: 19.9501%;\">Ecsetvon\u00e1s m\u00e9rete<\/th>\n<th style=\"width: 16.4589%;\">Cs\u00edp\u0151m\u00e9ret<\/th>\n<th style=\"width: 153.616%;\">kik\u00f6t\u0151k<\/th>\n<\/tr>\n<tr>\n<td style=\"width: 16.9576%;\">2-6 h\u00fcvelyk<\/td>\n<td style=\"width: 20.4489%;\">1,125-4 h\u00fcvelyk<\/td>\n<td style=\"width: 19.9501%;\">4-100 h\u00fcvelyk<\/td>\n<td style=\"width: 16.4589%;\">0,5-2 h\u00fcvelyk<\/td>\n<td style=\"width: 153.616%;\">G\/SAE\/NPT\/M<\/td>\n<\/tr>\n<\/tbody>\n<\/table>\n<h2>Egyedi el\u0151ny\u00f6k<\/h2>\n<ul>\n<li>Energiatakar\u00e9kos<\/li>\n<li>Rendk\u00edv\u00fcl hat\u00e9kony<\/li>\n<li>Biztons\u00e1g garant\u00e1lt<\/li>\n<\/ul>\n<p><img loading=\"lazy\" decoding=\"async\" class=\"alignnone  wp-image-6657\" src=\"https:\/\/fmp-components.com\/wp-content\/uploads\/2025\/03\/telescopic-hydraulic-cylinder-3.webp\" alt=\"teleszk\u00f3pos hidraulikus henger\" width=\"940\" height=\"940\" title=\"\" srcset=\"https:\/\/fmp-components.com\/wp-content\/uploads\/2025\/03\/telescopic-hydraulic-cylinder-3.webp 940w, https:\/\/fmp-components.com\/wp-content\/uploads\/2025\/03\/telescopic-hydraulic-cylinder-3-480x480.webp 480w\" sizes=\"(min-width: 0px) and (max-width: 480px) 480px, (min-width: 481px) 940px, 100vw\" \/><\/p>\n<h2>Hidraulikus rendszer \u00e9s m\u0171k\u00f6d\u00e9si elv<\/h2>\n<p>A hidraulikus henger azon az elven m\u0171k\u00f6dik, hogy a folyad\u00e9knyom\u00e1st olyan er\u0151v\u00e9 alak\u00edtja, amely hat\u00e9konyan k\u00e9pes mozgatni a terhet vagy mechanikai munk\u00e1t v\u00e9gezni. Amikor a hidraulikus folyad\u00e9kot egy tart\u00e1lyb\u00f3l a hengerbe pump\u00e1lj\u00e1k, az egy ir\u00e1ny\u00edt\u00f3 szelepen halad \u00e1t, amely szab\u00e1lyozza a folyad\u00e9k \u00e1raml\u00e1s\u00e1t. Ez a nyom\u00e1s alatt \u00e1ll\u00f3 folyad\u00e9k felt\u00f6lti a hengert, \u00e9s olyan er\u0151t hoz l\u00e9tre, amely a benne l\u00e9v\u0151 dugatty\u00fanak nyom\u00f3dik. Ahogy a dugatty\u00fa mozog, line\u00e1ris mozg\u00e1st gener\u00e1l, lehet\u0151v\u00e9 t\u00e9ve a hidraulikus henger sz\u00e1m\u00e1ra, hogy k\u00fcl\u00f6nf\u00e9le feladatokat hajtson v\u00e9gre, p\u00e9ld\u00e1ul neh\u00e9z t\u00e1rgyak emel\u00e9s\u00e9t, tol\u00e1s\u00e1t vagy h\u00faz\u00e1s\u00e1t. Ez a hat\u00e9kony energia\u00e1tad\u00e1s a folyad\u00e9kdinamik\u00e1n kereszt\u00fcl k\u00fcl\u00f6n\u00f6sen er\u0151ss\u00e9 \u00e9s hat\u00e9konny\u00e1 teszi a hidraulikus rendszereket sz\u00e1mos alkalmaz\u00e1si ter\u00fcleten.<\/p>\n<p>A hidraulikus henger kialak\u00edt\u00e1sa, bele\u00e9rtve a robusztus anyagokat \u00e9s a prec\u00edz m\u00e9rn\u00f6ki munk\u00e1t, biztos\u00edtja, hogy ellen\u00e1lljon a nagy nyom\u00e1snak \u00e9s a neh\u00e9z terhel\u00e9seknek, maximaliz\u00e1lva teljes\u00edtm\u00e9ny\u00e9t \u00e9s megb\u00edzhat\u00f3s\u00e1g\u00e1t. Ak\u00e1r emel\u00e9si m\u0171veletekben, ak\u00e1r \u00f6sszetett g\u00e9p\u00e9szeti folyamatokban haszn\u00e1lj\u00e1k, a hidraulikus henger azon k\u00e9pess\u00e9ge, hogy a hidraulikus energi\u00e1t mechanikai mozg\u00e1ss\u00e1 alak\u00edtsa, alapvet\u0151 fontoss\u00e1g\u00fa a m\u0171k\u00f6d\u00e9s\u00e9ben.<\/p>\n<p><img loading=\"lazy\" decoding=\"async\" class=\"alignnone  wp-image-6656\" src=\"https:\/\/fmp-components.com\/wp-content\/uploads\/2025\/03\/telescopic-hydraulic-cylinder-5.webp\" alt=\"teleszk\u00f3pos hidraulikus henger\" width=\"969\" height=\"969\" title=\"\" srcset=\"https:\/\/fmp-components.com\/wp-content\/uploads\/2025\/03\/telescopic-hydraulic-cylinder-5.webp 969w, https:\/\/fmp-components.com\/wp-content\/uploads\/2025\/03\/telescopic-hydraulic-cylinder-5-480x480.webp 480w\" sizes=\"(min-width: 0px) and (max-width: 480px) 480px, (min-width: 481px) 969px, 100vw\" \/><\/p>\n<h2>Hidraulikus henger alkalmaz\u00e1sa<\/h2>\n<p>Ez a hidraulikus henger k\u00fcl\u00f6n\u00f6sen alkalmas k\u00fcl\u00f6nf\u00e9le alkalmaz\u00e1sokhoz t\u00f6bb ipar\u00e1gban. G\u00e9pjav\u00edt\u00f3 m\u0171helyekben kulcsfontoss\u00e1g\u00fa eszk\u00f6zk\u00e9nt szolg\u00e1l a neh\u00e9z berendez\u00e9sek emel\u00e9s\u00e9hez \u00e9s pozicion\u00e1l\u00e1s\u00e1hoz, megk\u00f6nny\u00edtve az egy\u00e9bk\u00e9nt kih\u00edv\u00e1st jelent\u0151 vagy vesz\u00e9lyes karbantart\u00e1si feladatokat. A henger jelent\u0151s terhel\u00e9sek kezel\u00e9s\u00e9re val\u00f3 k\u00e9pess\u00e9ge n\u00e9lk\u00fcl\u00f6zhetetlenn\u00e9 teszi ezekben a k\u00f6rnyezetekben.<\/p>\n<p>Mez\u0151gazdas\u00e1gi k\u00f6rnyezetben a hidraulikus hengert k\u00fcl\u00f6nf\u00e9le g\u00e9pekben, p\u00e9ld\u00e1ul traktorokban \u00e9s betakar\u00edt\u00f3g\u00e9pekben alkalmazz\u00e1k neh\u00e9z anyagok emel\u00e9s\u00e9re \u00e9s sz\u00e1ll\u00edt\u00e1s\u00e1ra, n\u00f6velve a gazdas\u00e1gok m\u0171k\u00f6d\u00e9si hat\u00e9konys\u00e1g\u00e1t \u00e9s termel\u00e9kenys\u00e9g\u00e9t. Robusztus kialak\u00edt\u00e1s\u00e1nak k\u00f6sz\u00f6nhet\u0151en ellen\u00e1ll a k\u00fclt\u00e9ri haszn\u00e1lat \u00e9s a mez\u0151gazdas\u00e1gi feladatok ig\u00e9nybev\u00e9tel\u00e9nek.<\/p>\n<p>Az energia- \u00e9s b\u00e1ny\u00e1szati \u200b\u200bszektorban ez a hidraulikus henger l\u00e9tfontoss\u00e1g\u00fa szerepet j\u00e1tszik olyan m\u0171veletekben, mint a f\u00f6ldmunk\u00e1k \u00e9s az anyagmozgat\u00e1s. A neh\u00e9z terhek prec\u00edz \u00e9s megb\u00edzhat\u00f3 emel\u00e9s\u00e9re val\u00f3 k\u00e9pess\u00e9ge elengedhetetlen az olyan feladatokhoz, amelyek szil\u00e1rds\u00e1got \u00e9s pontoss\u00e1got is ig\u00e9nyelnek. Ezenk\u00edv\u00fcl a g\u00e9pgy\u00e1rt\u00f3 iparban a hidraulikus hengert \u00f6sszeszerel\u0151 sorokban \u00e9s automatiz\u00e1lt folyamatokban haszn\u00e1lj\u00e1k, ahol seg\u00edti az alkatr\u00e9szek emel\u00e9s\u00e9t \u00e9s megk\u00f6nny\u00edti a termel\u00e9st.<\/p>\n<p>\u00d6sszess\u00e9g\u00e9ben a hidraulikus henger n\u00e9lk\u00fcl\u00f6zhetetlen eszk\u00f6z ezekben az ipar\u00e1gakban, mivel biztos\u00edtja a sz\u00fcks\u00e9ges teljes\u00edtm\u00e9nyt \u00e9s vez\u00e9rl\u00e9st a neh\u00e9z terhek emel\u00e9s\u00e9hez, valamint a kritikus feladatok hat\u00e9kony \u00e9s biztons\u00e1gos elv\u00e9gz\u00e9s\u00e9hez. Sokoldal\u00fas\u00e1ga \u00e9s megb\u00edzhat\u00f3s\u00e1ga kulcsfontoss\u00e1g\u00fa elemm\u00e9 teszi a k\u00fcl\u00f6nf\u00e9le g\u00e9pek \u00e9s berendez\u00e9sek m\u0171k\u00f6dtet\u00e9s\u00e9ben.<\/p>\n<h2>GYIK<\/h2>\n<ol>\n<li><strong>K: Haszn\u00e1lhat\u00f3-e a hidraulikus henger k\u00fcl\u00f6nb\u00f6z\u0151 ipar\u00e1gakban?<\/strong><br \/>\nV: Igen, a hidraulikus henger\u00fcnk sokoldal\u00fa, \u00e9s k\u00fcl\u00f6nb\u00f6z\u0151 ipar\u00e1gakban, p\u00e9ld\u00e1ul \u00e9p\u00edt\u0151iparban, b\u00e1ny\u00e1szatban, mez\u0151gazdas\u00e1gban \u00e9s egyebekben haszn\u00e1lhat\u00f3.<\/li>\n<li><strong>K: K\u00edn\u00e1lnak garanci\u00e1t a hidraulikus hengerre?<\/strong><br \/>\nV: Igen, 1 \u00e9v garanci\u00e1t v\u00e1llalunk a hidraulikus henger\u00fcnkre.<\/li>\n<li><strong>K: Megl\u00e1togathatom a gy\u00e1rat?<\/strong><br \/>\nV: Igen, szeretettel v\u00e1rjuk \u00fcgyfeleinket gy\u00e1runkba. A fenti linken kereszt\u00fcl virtu\u00e1lisan is bej\u00e1rhatja gy\u00e1runkat.<\/li>\n<\/ol>\n<h3>Az FMP-r\u0151l<\/h3>\n<p>Az FMP egy vezet\u0151 olasz gy\u00e1rt\u00f3, amely kiv\u00e1l\u00f3 min\u0151s\u00e9g\u0171 hidraulikus hengerek tervez\u00e9s\u00e9re, fejleszt\u00e9s\u00e9re \u00e9s gy\u00e1rt\u00e1s\u00e1ra specializ\u00e1l\u00f3dott. \u00c9vtizedes szak\u00e9rtelm\u00fcnkre \u00e9p\u00edtve, szak\u00e9rt\u0151 m\u00f3don \u00f6tv\u00f6zz\u00fck az olasz k\u00e9zm\u0171vess\u00e9get az innovat\u00edv technol\u00f3gi\u00e1val, hogy kiv\u00e9teles hidraulikus megold\u00e1sokat k\u00edn\u00e1ljunk, amelyek a glob\u00e1lis \u00fcgyfeleink sokr\u00e9t\u0171 ig\u00e9nyeire szabottak. Az Olaszorsz\u00e1gban, a m\u00e9rn\u00f6ki kiv\u00e1l\u00f3s\u00e1g k\u00f6zpontj\u00e1ban tal\u00e1lhat\u00f3 FMP megb\u00edzhat\u00f3 n\u00e9v a hidraulikus iparban, \u00e9s elk\u00f6telezett amellett, hogy megb\u00edzhat\u00f3, tart\u00f3s \u00e9s innovat\u00edv term\u00e9keket k\u00edn\u00e1ljon, amelyek vil\u00e1gszerte lend\u00fcletet adnak a v\u00e1llalkoz\u00e1soknak.<\/p>\n<p>C\u00e9g\u00fcnk a fejlett gy\u00e1rt\u00e1si hagyom\u00e1nyokat el\u0151remutat\u00f3 megk\u00f6zel\u00edt\u00e9ssel \u00f6tv\u00f6zi. A hidraulikus rendszerek ter\u00e9n szerzett sok\u00e9ves tapasztalat\u00e1ra \u00e9p\u00edtve az FMP modern v\u00e1llalkoz\u00e1ss\u00e1 alakult, amely kiemelked\u0151 a kutat\u00e1s, a tervez\u00e9s \u00e9s a gy\u00e1rt\u00e1s ter\u00e9n. Sz\u00e9les v\u00e1laszt\u00e9kban k\u00edn\u00e1lunk hidraulikus hengereket, bele\u00e9rtve kett\u0151s m\u0171k\u00f6d\u00e9s\u0171 hengereket, aut\u00f3ipari emel\u0151hengereket, mez\u0151gazdas\u00e1gi g\u00e9phengereket \u00e9s egyedi tervez\u00e9s\u0171 megold\u00e1sokat k\u00fcl\u00f6nf\u00e9le ipari alkalmaz\u00e1sokhoz. Legyen sz\u00f3 \u00e9p\u00edt\u0151iparr\u00f3l, ipari telep\u00edt\u00e9sekr\u0151l, mez\u0151gazdas\u00e1gr\u00f3l vagy neh\u00e9zg\u00e9pekr\u0151l, hidraulikus hengereinket \u00fagy tervezt\u00fck, hogy a legig\u00e9nyesebb k\u00f6r\u00fclm\u00e9nyek k\u00f6z\u00f6tt is teljes\u00edtsenek, biztos\u00edtva a biztons\u00e1got, a hat\u00e9konys\u00e1got \u00e9s a hossz\u00fa \u00e9lettartamot.<\/p>\n<p>Az FMP-n\u00e9l b\u00fcszk\u00e9k vagyunk a legmodernebb gy\u00e1rt\u00f3\u00fczemeinkre, amelyek prec\u00edzi\u00f3s g\u00e9pekkel \u00e9s fejlett vizsg\u00e1l\u00f3rendszerekkel vannak felszerelve. Gy\u00e1rt\u00e1si folyamataink szigor\u00fa nemzeti \u00e9s nemzetk\u00f6zi szabv\u00e1nyoknak felelnek meg, garant\u00e1lva, hogy minden gy\u00e1rtott hidraulikus henger megfelel a legmagasabb min\u0151s\u00e9gi \u00e9s megb\u00edzhat\u00f3s\u00e1gi k\u00f6vetelm\u00e9nyeknek. K\u00e9pzett m\u0171szaki csapatunk, amelyet a legmodernebb berendez\u00e9sek t\u00e1mogatnak, lehet\u0151v\u00e9 teszi sz\u00e1munkra, hogy szigor\u00fa min\u0151s\u00e9gellen\u0151rz\u00e9st tartsunk fenn a gy\u00e1rt\u00e1s minden szakasz\u00e1ban \u2013 az alapanyagok kiv\u00e1laszt\u00e1s\u00e1t\u00f3l a v\u00e9gs\u0151 ellen\u0151rz\u00e9sig. Ez a kiv\u00e1l\u00f3s\u00e1g ir\u00e1nti elk\u00f6telezetts\u00e9g tan\u00fas\u00edtv\u00e1nyokat \u00e9s elismer\u00e9st szerzett nek\u00fcnk az ipar\u00e1gi hat\u00f3s\u00e1gokt\u00f3l, tov\u00e1bb er\u0151s\u00edtve megb\u00edzhat\u00f3 partnerk\u00e9nt szerzett h\u00edrnev\u00fcnket.<\/p>\n<p><img loading=\"lazy\" decoding=\"async\" class=\"alignnone size-full wp-image-6720\" src=\"https:\/\/fmp-components.com\/wp-content\/uploads\/2025\/03\/hydraulic-cylinder-8.webp\" alt=\"Teleszk\u00f3pos hidraulikus hengerek\" width=\"933\" height=\"526\" title=\"\" srcset=\"https:\/\/fmp-components.com\/wp-content\/uploads\/2025\/03\/hydraulic-cylinder-8.webp 933w, https:\/\/fmp-components.com\/wp-content\/uploads\/2025\/03\/hydraulic-cylinder-8-480x271.webp 480w\" sizes=\"(min-width: 0px) and (max-width: 480px) 480px, (min-width: 481px) 933px, 100vw\" \/><\/p>\n<p>K\u00fcldet\u00e9s\u00fcnk egyszer\u0171, m\u00e9gis ambici\u00f3zus: olyan hidraulikus hengereket sz\u00e1ll\u00edtani, amelyek teljes\u00edtm\u00e9ny, tart\u00f3ss\u00e1g \u00e9s \u00e9rt\u00e9k tekintet\u00e9ben fel\u00fclm\u00falj\u00e1k az elv\u00e1r\u00e1sokat. A professzionalizmus, a feddhetetlens\u00e9g \u00e9s az \u00fcgyf\u00e9lk\u00f6zpont\u00fas\u00e1g alapelvei vez\u00e9relnek minket, az innov\u00e1ci\u00f3 \u00e9s a precizit\u00e1s kult\u00far\u00e1j\u00e1t \u00e1poljuk, folyamatosan finom\u00edtva term\u00e9keinket, hogy versenyk\u00e9pesek maradjunk a piacon. \u00c1tfog\u00f3 term\u00e9kk\u00edn\u00e1latunk \u00e9s a szem\u00e9lyre szabott megold\u00e1sok ny\u00fajt\u00e1s\u00e1ra val\u00f3 k\u00e9pess\u00e9g\u00fcnk a nagy teljes\u00edtm\u00e9ny\u0171 hidraulikus hengereket keres\u0151 v\u00e1llalkoz\u00e1sok el\u0151nyben r\u00e9szes\u00edtett v\u00e1laszt\u00e1s\u00e1v\u00e1 tesz minket.<\/p>\n<p>Az FMP t\u00f6bb mint egy gy\u00e1rt\u00f3; partnerek vagyunk a siker\u00e9ben. Meg\u00e9rtj\u00fck, hogy \u00fcgyfeleink a termel\u00e9kenys\u00e9get \u00e9s a biztons\u00e1got fokoz\u00f3 eszk\u00f6z\u00f6k tekintet\u00e9ben t\u0151l\u00fcnk f\u00fcggenek. Ez\u00e9rt elk\u00f6telezettek vagyunk nemcsak a legjobb min\u0151s\u00e9g\u0171 term\u00e9kek, hanem a kiv\u00e9teles szolg\u00e1ltat\u00e1s ny\u00fajt\u00e1sa ir\u00e1nt is. A kezdeti konzult\u00e1ci\u00f3t\u00f3l az \u00e9rt\u00e9kes\u00edt\u00e9s ut\u00e1ni t\u00e1mogat\u00e1sig szorosan egy\u00fcttm\u0171k\u00f6d\u00fcnk \u00fcgyfeleinkkel, hogy biztos\u00edtsuk ig\u00e9nyeik professzionalizmussal \u00e9s gondoss\u00e1ggal t\u00f6rt\u00e9n\u0151 kiel\u00e9g\u00edt\u00e9s\u00e9t. Versenyk\u00e9pes \u00e1raink, valamint a min\u0151s\u00e9g ir\u00e1nti rend\u00edthetetlen elk\u00f6telezetts\u00e9g\u00fcnk teszi az FMP-t okos v\u00e1laszt\u00e1ss\u00e1 azoknak a v\u00e1llalatoknak, amelyek megb\u00edzhat\u00f3 hidraulikus megold\u00e1sokba szeretn\u00e9nek befektetni.<\/p>","protected":false},"excerpt":{"rendered":"<p>Factory Direct Sale 20 Ton Dump Truck Hoist Hydraulic Cylinder Take a closer look at our Factory Direct Sale 20 Ton Dump Truck Hoist Hydraulic Cylinder. This piece of equipment, designed to lift heavy loads with precision and ease, is an essential tool in the machinery repair, farming, energy &amp; mining, and machinery manufacturing industries. [&hellip;]<\/p>","protected":false},"featured_media":6719,"comment_status":"closed","ping_status":"closed","template":"","meta":{"_et_pb_use_builder":"","_et_pb_old_content":"","_et_gb_content_width":""},"product_brand":[],"product_cat":[103],"product_tag":[34,105],"class_list":{"0":"post-6577","1":"product","2":"type-product","3":"status-publish","4":"has-post-thumbnail","6":"product_cat-telescopic-hydraulic-cylinders","7":"product_tag-hydraulic-cylinder","8":"product_tag-telescopic-hydraulic-cylinders","10":"first","11":"instock","12":"product-type-simple"},"_links":{"self":[{"href":"https:\/\/fmp-components.com\/hu\/wp-json\/wp\/v2\/product\/6577","targetHints":{"allow":["GET"]}}],"collection":[{"href":"https:\/\/fmp-components.com\/hu\/wp-json\/wp\/v2\/product"}],"about":[{"href":"https:\/\/fmp-components.com\/hu\/wp-json\/wp\/v2\/types\/product"}],"replies":[{"embeddable":true,"href":"https:\/\/fmp-components.com\/hu\/wp-json\/wp\/v2\/comments?post=6577"}],"wp:featuredmedia":[{"embeddable":true,"href":"https:\/\/fmp-components.com\/hu\/wp-json\/wp\/v2\/media\/6719"}],"wp:attachment":[{"href":"https:\/\/fmp-components.com\/hu\/wp-json\/wp\/v2\/media?parent=6577"}],"wp:term":[{"taxonomy":"product_brand","embeddable":true,"href":"https:\/\/fmp-components.com\/hu\/wp-json\/wp\/v2\/product_brand?post=6577"},{"taxonomy":"product_cat","embeddable":true,"href":"https:\/\/fmp-components.com\/hu\/wp-json\/wp\/v2\/product_cat?post=6577"},{"taxonomy":"product_tag","embeddable":true,"href":"https:\/\/fmp-components.com\/hu\/wp-json\/wp\/v2\/product_tag?post=6577"}],"curies":[{"name":"munkaf\u00fczet","href":"https:\/\/api.w.org\/{rel}","templated":true}]}}