{"id":6571,"date":"2025-03-11T06:31:13","date_gmt":"2025-03-11T06:31:13","guid":{"rendered":"https:\/\/fmp-components.com\/product\/high-quality-stainless-steel-dump-truck-hydraulic-hoist-cylinder-telescopic-hydraulic-cylinder"},"modified":"2025-03-12T03:40:17","modified_gmt":"2025-03-12T03:40:17","slug":"high-quality-stainless-steel-dump-truck-hydraulic-hoist-cylinder-telescopic-hydraulic-cylinder","status":"publish","type":"product","link":"https:\/\/fmp-components.com\/hu\/product\/high-quality-stainless-steel-dump-truck-hydraulic-hoist-cylinder-telescopic-hydraulic-cylinder\/","title":{"rendered":"Kiv\u00e1l\u00f3 min\u0151s\u00e9g\u0171 rozsdamentes ac\u00e9l d\u00f6mper hidraulikus emel\u0151henger teleszk\u00f3pos hidraulikus henger"},"content":{"rendered":"<h2>Kiv\u00e1l\u00f3 min\u0151s\u00e9g\u0171 rozsdamentes ac\u00e9l d\u00f6mper hidraulikus emel\u0151henger teleszk\u00f3pos hidraulikus henger<\/h2>\n<p>Bemutatjuk forradalmi, kiv\u00e1l\u00f3 min\u0151s\u00e9g\u0171 rozsdamentes ac\u00e9lb\u00f3l k\u00e9sz\u00fclt d\u00f6mper hidraulikus emel\u0151henger\u00fcnket, m\u00e1s n\u00e9ven teleszk\u00f3pos hidraulikus hengert. Ez a legmodernebb term\u00e9k hat\u00e9konys\u00e1got \u00e9s precizit\u00e1st biztos\u00edt az ipari m\u0171veletekhez.<\/p>\n<h3>Funkcionalit\u00e1s \u00e9s fontoss\u00e1g<\/h3>\n<p>A hidraulikus henger l\u00e9tfontoss\u00e1g\u00fa alkatr\u00e9sz sz\u00e1mos ipar\u00e1gban, p\u00e9ld\u00e1ul g\u00e9pjav\u00edt\u00f3 m\u0171helyekben, mez\u0151gazdas\u00e1gban, energiaiparban, b\u00e1ny\u00e1szatban, g\u00e9pgy\u00e1rt\u00e1sban \u00e9s g\u00e9pgy\u00e1rakban. Maxim\u00e1lis tol\u00f3er\u0151 3000 tonna, maxim\u00e1lis h\u00faz\u00f3er\u0151 pedig 20 tonna, \u00edgy n\u00e9lk\u00fcl\u00f6zhetetlen eszk\u00f6z a neh\u00e9zg\u00e9pek \u00fczemeltet\u00e9s\u00e9ben.<\/p>\n<h3>Term\u00e9kspecifik\u00e1ci\u00f3k<\/h3>\n<table style=\"width: 95.0331%;\" border=\"\">\n<tbody>\n<tr>\n<td style=\"width: 43.5028%;\"><b>Furatm\u00e9ret<\/b><\/td>\n<td style=\"width: 458.757%;\">2-6 h\u00fcvelyk<\/td>\n<\/tr>\n<tr>\n<td style=\"width: 43.5028%;\"><b>R\u00fad m\u00e9rete<\/b><\/td>\n<td style=\"width: 458.757%;\">1,125-4 h\u00fcvelyk<\/td>\n<\/tr>\n<tr>\n<td style=\"width: 43.5028%;\"><b>Ecsetvon\u00e1s m\u00e9rete<\/b><\/td>\n<td style=\"width: 458.757%;\">4-100 h\u00fcvelyk<\/td>\n<\/tr>\n<tr>\n<td style=\"width: 43.5028%;\"><b>Cs\u00edp\u0151m\u00e9ret<\/b><\/td>\n<td style=\"width: 458.757%;\">0,5-2 h\u00fcvelyk<\/td>\n<\/tr>\n<tr>\n<td style=\"width: 43.5028%;\"><b>kik\u00f6t\u0151k<\/b><\/td>\n<td style=\"width: 458.757%;\">G\/SAE\/NPT\/M<\/td>\n<\/tr>\n<\/tbody>\n<\/table>\n<h2>Egyedi tulajdons\u00e1gok \u00e9s el\u0151ny\u00f6k<\/h2>\n<p>Hidraulikus henger\u00fcnket az energiahat\u00e9konys\u00e1g, a nagy teljes\u00edtm\u00e9ny, a biztons\u00e1g \u00e9s a megb\u00edzhat\u00f3s\u00e1g szem el\u0151tt tart\u00e1s\u00e1val tervezt\u00fck. ISO9001:2000 tan\u00fas\u00edtv\u00e1nnyal rendelkezik, amely biztos\u00edtja a nemzetk\u00f6zi min\u0151s\u00e9gi szabv\u00e1nyoknak val\u00f3 megfelel\u00e9st. Tov\u00e1bb\u00e1 tart\u00f3s, fekete bevonat\u00fa ac\u00e9lb\u00f3l k\u00e9sz\u00fclt, ami hossz\u00fa \u00e9lettartamot \u00e9s ellen\u00e1ll\u00e1st biztos\u00edt a zord k\u00f6r\u00fclm\u00e9nyekkel szemben.<\/p>\n<h3>Hidraulikus rendszerek \u00e9s m\u0171k\u00f6d\u00e9si elvek<\/h3>\n<p>A hidraulikus hengerek a hidraulikus nyom\u00e1s mechanikai er\u0151v\u00e9 alak\u00edt\u00e1s\u00e1nak elv\u00e9n m\u0171k\u00f6dnek. Ez az \u00e1talak\u00edt\u00e1s a nyom\u00e1s alatt l\u00e9v\u0151 hidraulikus folyad\u00e9k szab\u00e1lyozott \u00e1raml\u00e1sa r\u00e9v\u00e9n v\u00e1lik lehet\u0151v\u00e9. Amikor a hidraulikus folyad\u00e9k a hengerbe ker\u00fcl, nyom\u00e1st hoz l\u00e9tre, amely a benne l\u00e9v\u0151 dugatty\u00fara hat, \u00e9s er\u0151t gener\u00e1l, ami line\u00e1ris mozg\u00e1st eredm\u00e9nyez. Ez a mozg\u00e1s elengedhetetlen a k\u00fcl\u00f6nf\u00e9le munk\u00e1k elv\u00e9gz\u00e9s\u00e9hez, p\u00e9ld\u00e1ul neh\u00e9z terhek emel\u00e9s\u00e9hez, tol\u00e1s\u00e1hoz vagy h\u00faz\u00e1s\u00e1hoz. A hidraulikus rendszerek hat\u00e9konys\u00e1ga abban rejlik, hogy k\u00e9pesek az er\u0151t folyad\u00e9kokon kereszt\u00fcl tov\u00e1bb\u00edtani, lehet\u0151v\u00e9 t\u00e9ve a jelent\u0151s er\u0151k viszonylagos k\u00f6nny\u0171 kezel\u00e9s\u00e9t. A folyad\u00e9kok \u00f6sszenyomhatatlans\u00e1g\u00e1nak kihaszn\u00e1l\u00e1s\u00e1val a hidraulikus hengerek minim\u00e1lis energiabevitellel nagy er\u0151t tudnak el\u00e9rni, \u00edgy sz\u00e1mos ipari alkalmaz\u00e1s l\u00e9tfontoss\u00e1g\u00fa alkatr\u00e9szeiv\u00e9 v\u00e1lnak.<\/p>\n<p><img loading=\"lazy\" decoding=\"async\" class=\"alignnone wp-image-6663\" src=\"https:\/\/fmp-components.com\/wp-content\/uploads\/2025\/03\/telescopic-hydraulic-cylinder-11.webp\" alt=\"teleszk\u00f3pos hidraulikus henger\" width=\"881\" height=\"881\" title=\"\" srcset=\"https:\/\/fmp-components.com\/wp-content\/uploads\/2025\/03\/telescopic-hydraulic-cylinder-11.webp 881w, https:\/\/fmp-components.com\/wp-content\/uploads\/2025\/03\/telescopic-hydraulic-cylinder-11-480x480.webp 480w\" sizes=\"(min-width: 0px) and (max-width: 480px) 480px, (min-width: 481px) 881px, 100vw\" \/><\/p>\n<h2>Term\u00e9kalkalmaz\u00e1sok<\/h2>\n<p>Hidraulikus hengereink sokoldal\u00faak \u00e9s sz\u00e9les k\u00f6r\u0171 alkalmaz\u00e1sokhoz alkalmasak a k\u00fcl\u00f6nb\u00f6z\u0151 ipar\u00e1gakban. A g\u00e9pjav\u00edt\u00f3 m\u0171helyekben n\u00e9lk\u00fcl\u00f6zhetetlenek a neh\u00e9z berendez\u00e9sek emel\u00e9s\u00e9hez \u00e9s pozicion\u00e1l\u00e1s\u00e1hoz karbantart\u00e1si feladatok sor\u00e1n, biztos\u00edtva a jav\u00edt\u00e1sok biztons\u00e1gos \u00e9s hat\u00e9kony elv\u00e9gz\u00e9s\u00e9t. A mez\u0151gazdas\u00e1gban a hidraulikus hengereket traktorokban \u00e9s m\u00e1s mez\u0151gazdas\u00e1gi g\u00e9pekben haszn\u00e1lj\u00e1k olyan alapvet\u0151 feladatok megk\u00f6nny\u00edt\u00e9s\u00e9re, mint a sz\u00e1nt\u00e1s, a betakar\u00edt\u00e1s \u00e9s az anyagok sz\u00e1ll\u00edt\u00e1sa.<\/p>\n<p>Az energia- \u00e9s b\u00e1ny\u00e1szati \u200b\u200b\u00e1gazatok is nagy hasznot h\u00faznak hidraulikus hengereinkb\u0151l, ahol f\u00far\u00e1si, f\u00f6ldmunk\u00e1k \u00e9s anyagmozgat\u00e1si alkalmaz\u00e1sokhoz haszn\u00e1lj\u00e1k \u0151ket. Ezenk\u00edv\u00fcl a g\u00e9pgy\u00e1rt\u00e1sban \u00e9s a gy\u00e1rakban ezek a hengerek kulcsszerepet j\u00e1tszanak az automatiz\u00e1l\u00e1si folyamatokban, seg\u00edtve a termel\u00e9s korszer\u0171s\u00edt\u00e9s\u00e9t \u00e9s a m\u0171k\u00f6d\u00e9si hat\u00e9konys\u00e1g n\u00f6vel\u00e9s\u00e9t. Robusztus kialak\u00edt\u00e1suk \u00e9s megb\u00edzhat\u00f3 teljes\u00edtm\u00e9ny\u00fck ide\u00e1lis v\u00e1laszt\u00e1ss\u00e1 teszi \u0151ket minden olyan alkalmaz\u00e1shoz, amely szil\u00e1rds\u00e1got, pontoss\u00e1got \u00e9s tart\u00f3ss\u00e1got ig\u00e9nyel.<\/p>\n<h2>Hidraulikus hengerek \u00e9s t\u00e1pegys\u00e9gek<\/h2>\n<p>A hidraulikus hengerek \u00e9s a t\u00e1pegys\u00e9gek a hidraulikus rendszerek szerves r\u00e9sz\u00e9t k\u00e9pezik, \u00e9s egy\u00fcttm\u0171k\u00f6dve biztos\u00edtj\u00e1k az optim\u00e1lis teljes\u00edtm\u00e9nyt \u00e9s megb\u00edzhat\u00f3s\u00e1got. A hidraulikus henger m\u0171k\u00f6dtet\u0151k\u00e9nt m\u0171k\u00f6dik, a hidraulikus energi\u00e1t mechanikai mozg\u00e1ss\u00e1 alak\u00edtja, m\u00edg a t\u00e1pegys\u00e9g hidraulikus nyom\u00e1s forr\u00e1sak\u00e9nt szolg\u00e1l, \u00e9s l\u00e9trehozza a folyad\u00e9k rendszeren kereszt\u00fcli mozgat\u00e1s\u00e1hoz sz\u00fcks\u00e9ges er\u0151t.<\/p>\n<p>Ez az egy\u00fcttm\u0171k\u00f6d\u00e9s lehet\u0151v\u00e9 teszi a hidraulikus technol\u00f3gia sz\u00e9les k\u00f6r\u0171 alkalmaz\u00e1s\u00e1t az ipari szektorban, megb\u00edzhat\u00f3 energiaell\u00e1t\u00e1st \u00e9s vez\u00e9rl\u00e9st biztos\u00edtva sz\u00e1mos m\u00e9rn\u00f6ki \u00e9s g\u00e9p\u00e9szeti berendez\u00e9s sz\u00e1m\u00e1ra. A t\u00e1pegys\u00e9g jellemz\u0151en olyan alkatr\u00e9szeket tartalmaz, mint a motor, a szivatty\u00fa, a tart\u00e1ly \u00e9s a vez\u00e9rl\u0151szelepek, amelyek mind egy\u00fcttm\u0171k\u00f6dnek az \u00e1lland\u00f3 nyom\u00e1s \u00e9s \u00e1raml\u00e1si sebess\u00e9g fenntart\u00e1sa \u00e9rdek\u00e9ben. Ez a szinergia a hidraulikus hengerek \u00e9s a t\u00e1pegys\u00e9gek k\u00f6z\u00f6tt nemcsak a m\u0171veletek hat\u00e9konys\u00e1g\u00e1t n\u00f6veli, hanem a g\u00e9pek \u00e9s berendez\u00e9sek \u00e1ltal\u00e1nos termel\u00e9kenys\u00e9g\u00e9t is.<\/p>\n<p>A hidraulikus hengerek \u00e9s a t\u00e1pegys\u00e9gek kombin\u00e1ci\u00f3ja egy robusztus \u00e9s hat\u00e9kony hidraulikus rendszert hoz l\u00e9tre, amely elengedhetetlen sz\u00e1mos ipari alkalmaz\u00e1shoz, biztos\u00edtva, hogy a v\u00e1llalkoz\u00e1sok hat\u00e9konyan \u00e9s biztons\u00e1gosan m\u0171k\u00f6dhessenek a saj\u00e1t ter\u00fclet\u00fck\u00f6n.<\/p>\n<p><img loading=\"lazy\" decoding=\"async\" class=\"alignnone wp-image-6662\" src=\"https:\/\/fmp-components.com\/wp-content\/uploads\/2025\/03\/telescopic-hydraulic-cylinder-4.webp\" alt=\"teleszk\u00f3pos hidraulikus henger\" width=\"930\" height=\"930\" title=\"\" srcset=\"https:\/\/fmp-components.com\/wp-content\/uploads\/2025\/03\/telescopic-hydraulic-cylinder-4.webp 930w, https:\/\/fmp-components.com\/wp-content\/uploads\/2025\/03\/telescopic-hydraulic-cylinder-4-480x480.webp 480w\" sizes=\"(min-width: 0px) and (max-width: 480px) 480px, (min-width: 481px) 930px, 100vw\" \/><\/p>\n<h2>Gyakran ism\u00e9telt k\u00e9rd\u00e9sek<\/h2>\n<p><b>K: Kereskedelmi v\u00e1llalat vagy gy\u00e1rt\u00f3?<\/b><br \/>\nV: Mi egy gy\u00e1r vagyunk.<\/p>\n<p><b>K: Mennyi a sz\u00e1ll\u00edt\u00e1si id\u0151?<\/b><br \/>\nV: \u00c1ltal\u00e1ban 25-35 nap.<\/p>\n<p><b>K: Biztos\u00edtanak mint\u00e1kat? Ingyenes vagy k\u00fcl\u00f6n fizetend\u0151?<\/b><br \/>\nV: Igen, felaj\u00e1nlhatn\u00e1nk a mint\u00e1t, de ez nem ingyenes.<\/p>\n<h3>Az FMP-r\u0151l<\/h3>\n<p>Az FMP egy vezet\u0151 olasz gy\u00e1rt\u00f3, amely kiv\u00e1l\u00f3 min\u0151s\u00e9g\u0171 hidraulikus hengerek tervez\u00e9s\u00e9re, fejleszt\u00e9s\u00e9re \u00e9s gy\u00e1rt\u00e1s\u00e1ra specializ\u00e1l\u00f3dott. \u00c9vtizedes szak\u00e9rtelm\u00fcnkre \u00e9p\u00edtve, szak\u00e9rt\u0151 m\u00f3don \u00f6tv\u00f6zz\u00fck az olasz k\u00e9zm\u0171vess\u00e9get az innovat\u00edv technol\u00f3gi\u00e1val, hogy kiv\u00e9teles hidraulikus megold\u00e1sokat k\u00edn\u00e1ljunk, amelyek a glob\u00e1lis \u00fcgyfeleink sokr\u00e9t\u0171 ig\u00e9nyeire szabottak. Az Olaszorsz\u00e1gban, a m\u00e9rn\u00f6ki kiv\u00e1l\u00f3s\u00e1g k\u00f6zpontj\u00e1ban tal\u00e1lhat\u00f3 FMP megb\u00edzhat\u00f3 n\u00e9v a hidraulikus iparban, \u00e9s elk\u00f6telezett amellett, hogy megb\u00edzhat\u00f3, tart\u00f3s \u00e9s innovat\u00edv term\u00e9keket k\u00edn\u00e1ljon, amelyek vil\u00e1gszerte lend\u00fcletet adnak a v\u00e1llalkoz\u00e1soknak.<\/p>\n<p>C\u00e9g\u00fcnk a fejlett gy\u00e1rt\u00e1si hagyom\u00e1nyokat el\u0151remutat\u00f3 megk\u00f6zel\u00edt\u00e9ssel \u00f6tv\u00f6zi. A hidraulikus rendszerek ter\u00e9n szerzett sok\u00e9ves tapasztalat\u00e1ra \u00e9p\u00edtve az FMP modern v\u00e1llalkoz\u00e1ss\u00e1 alakult, amely kiemelked\u0151 a kutat\u00e1s, a tervez\u00e9s \u00e9s a gy\u00e1rt\u00e1s ter\u00e9n. Sz\u00e9les v\u00e1laszt\u00e9kban k\u00edn\u00e1lunk hidraulikus hengereket, bele\u00e9rtve kett\u0151s m\u0171k\u00f6d\u00e9s\u0171 hengereket, aut\u00f3ipari emel\u0151hengereket, mez\u0151gazdas\u00e1gi g\u00e9phengereket \u00e9s egyedi tervez\u00e9s\u0171 megold\u00e1sokat k\u00fcl\u00f6nf\u00e9le ipari alkalmaz\u00e1sokhoz. Legyen sz\u00f3 \u00e9p\u00edt\u0151iparr\u00f3l, ipari telep\u00edt\u00e9sekr\u0151l, mez\u0151gazdas\u00e1gr\u00f3l vagy neh\u00e9zg\u00e9pekr\u0151l, hidraulikus hengereinket \u00fagy tervezt\u00fck, hogy a legig\u00e9nyesebb k\u00f6r\u00fclm\u00e9nyek k\u00f6z\u00f6tt is teljes\u00edtsenek, biztos\u00edtva a biztons\u00e1got, a hat\u00e9konys\u00e1got \u00e9s a hossz\u00fa \u00e9lettartamot.<\/p>\n<p>Az FMP-n\u00e9l b\u00fcszk\u00e9k vagyunk a legmodernebb gy\u00e1rt\u00f3\u00fczemeinkre, amelyek prec\u00edzi\u00f3s g\u00e9pekkel \u00e9s fejlett vizsg\u00e1l\u00f3rendszerekkel vannak felszerelve. Gy\u00e1rt\u00e1si folyamataink szigor\u00fa nemzeti \u00e9s nemzetk\u00f6zi szabv\u00e1nyoknak felelnek meg, garant\u00e1lva, hogy minden gy\u00e1rtott hidraulikus henger megfelel a legmagasabb min\u0151s\u00e9gi \u00e9s megb\u00edzhat\u00f3s\u00e1gi k\u00f6vetelm\u00e9nyeknek. K\u00e9pzett m\u0171szaki csapatunk, amelyet a legmodernebb berendez\u00e9sek t\u00e1mogatnak, lehet\u0151v\u00e9 teszi sz\u00e1munkra, hogy szigor\u00fa min\u0151s\u00e9gellen\u0151rz\u00e9st tartsunk fenn a gy\u00e1rt\u00e1s minden szakasz\u00e1ban \u2013 az alapanyagok kiv\u00e1laszt\u00e1s\u00e1t\u00f3l a v\u00e9gs\u0151 ellen\u0151rz\u00e9sig. Ez a kiv\u00e1l\u00f3s\u00e1g ir\u00e1nti elk\u00f6telezetts\u00e9g tan\u00fas\u00edtv\u00e1nyokat \u00e9s elismer\u00e9st szerzett nek\u00fcnk az ipar\u00e1gi hat\u00f3s\u00e1gokt\u00f3l, tov\u00e1bb er\u0151s\u00edtve megb\u00edzhat\u00f3 partnerk\u00e9nt szerzett h\u00edrnev\u00fcnket.<\/p>\n<p><img loading=\"lazy\" decoding=\"async\" class=\"alignnone size-full wp-image-6720\" src=\"https:\/\/fmp-components.com\/wp-content\/uploads\/2025\/03\/hydraulic-cylinder-8.webp\" alt=\"Teleszk\u00f3pos hidraulikus hengerek\" width=\"933\" height=\"526\" title=\"\" srcset=\"https:\/\/fmp-components.com\/wp-content\/uploads\/2025\/03\/hydraulic-cylinder-8.webp 933w, https:\/\/fmp-components.com\/wp-content\/uploads\/2025\/03\/hydraulic-cylinder-8-480x271.webp 480w\" sizes=\"(min-width: 0px) and (max-width: 480px) 480px, (min-width: 481px) 933px, 100vw\" \/><\/p>\n<p>K\u00fcldet\u00e9s\u00fcnk egyszer\u0171, m\u00e9gis ambici\u00f3zus: olyan hidraulikus hengereket sz\u00e1ll\u00edtani, amelyek teljes\u00edtm\u00e9ny, tart\u00f3ss\u00e1g \u00e9s \u00e9rt\u00e9k tekintet\u00e9ben fel\u00fclm\u00falj\u00e1k az elv\u00e1r\u00e1sokat. A professzionalizmus, a feddhetetlens\u00e9g \u00e9s az \u00fcgyf\u00e9lk\u00f6zpont\u00fas\u00e1g alapelvei vez\u00e9relnek minket, az innov\u00e1ci\u00f3 \u00e9s a precizit\u00e1s kult\u00far\u00e1j\u00e1t \u00e1poljuk, folyamatosan finom\u00edtva term\u00e9keinket, hogy versenyk\u00e9pesek maradjunk a piacon. \u00c1tfog\u00f3 term\u00e9kk\u00edn\u00e1latunk \u00e9s a szem\u00e9lyre szabott megold\u00e1sok ny\u00fajt\u00e1s\u00e1ra val\u00f3 k\u00e9pess\u00e9g\u00fcnk a nagy teljes\u00edtm\u00e9ny\u0171 hidraulikus hengereket keres\u0151 v\u00e1llalkoz\u00e1sok el\u0151nyben r\u00e9szes\u00edtett v\u00e1laszt\u00e1s\u00e1v\u00e1 tesz minket.<\/p>\n<p>Az FMP t\u00f6bb mint egy gy\u00e1rt\u00f3; partnerek vagyunk a siker\u00e9ben. Meg\u00e9rtj\u00fck, hogy \u00fcgyfeleink a termel\u00e9kenys\u00e9get \u00e9s a biztons\u00e1got fokoz\u00f3 eszk\u00f6z\u00f6k tekintet\u00e9ben t\u0151l\u00fcnk f\u00fcggenek. Ez\u00e9rt elk\u00f6telezettek vagyunk nemcsak a legjobb min\u0151s\u00e9g\u0171 term\u00e9kek, hanem a kiv\u00e9teles szolg\u00e1ltat\u00e1s ny\u00fajt\u00e1sa ir\u00e1nt is. A kezdeti konzult\u00e1ci\u00f3t\u00f3l az \u00e9rt\u00e9kes\u00edt\u00e9s ut\u00e1ni t\u00e1mogat\u00e1sig szorosan egy\u00fcttm\u0171k\u00f6d\u00fcnk \u00fcgyfeleinkkel, hogy biztos\u00edtsuk ig\u00e9nyeik professzionalizmussal \u00e9s gondoss\u00e1ggal t\u00f6rt\u00e9n\u0151 kiel\u00e9g\u00edt\u00e9s\u00e9t. Versenyk\u00e9pes \u00e1raink, valamint a min\u0151s\u00e9g ir\u00e1nti rend\u00edthetetlen elk\u00f6telezetts\u00e9g\u00fcnk teszi az FMP-t okos v\u00e1laszt\u00e1ss\u00e1 azoknak a v\u00e1llalatoknak, amelyek megb\u00edzhat\u00f3 hidraulikus megold\u00e1sokba szeretn\u00e9nek befektetni.<\/p>","protected":false},"excerpt":{"rendered":"<p>High Quality Stainless Steel Dump Truck Hydraulic Hoist Cylinder Telescopic Hydraulic Cylinder Presenting our revolutionary, high-quality stainless steel dump truck hydraulic hoist cylinder, also known as a telescopic hydraulic cylinder. This state-of-the-art product is designed to bring efficiency and precision to your industrial operations. Functionality and Importance The hydraulic cylinder is a vital component in [&hellip;]<\/p>","protected":false},"featured_media":6714,"comment_status":"closed","ping_status":"closed","template":"","meta":{"_et_pb_use_builder":"","_et_pb_old_content":"","_et_gb_content_width":""},"product_brand":[],"product_cat":[103],"product_tag":[34,105],"class_list":{"0":"post-6571","1":"product","2":"type-product","3":"status-publish","4":"has-post-thumbnail","6":"product_cat-telescopic-hydraulic-cylinders","7":"product_tag-hydraulic-cylinder","8":"product_tag-telescopic-hydraulic-cylinders","10":"first","11":"instock","12":"product-type-simple"},"_links":{"self":[{"href":"https:\/\/fmp-components.com\/hu\/wp-json\/wp\/v2\/product\/6571","targetHints":{"allow":["GET"]}}],"collection":[{"href":"https:\/\/fmp-components.com\/hu\/wp-json\/wp\/v2\/product"}],"about":[{"href":"https:\/\/fmp-components.com\/hu\/wp-json\/wp\/v2\/types\/product"}],"replies":[{"embeddable":true,"href":"https:\/\/fmp-components.com\/hu\/wp-json\/wp\/v2\/comments?post=6571"}],"wp:featuredmedia":[{"embeddable":true,"href":"https:\/\/fmp-components.com\/hu\/wp-json\/wp\/v2\/media\/6714"}],"wp:attachment":[{"href":"https:\/\/fmp-components.com\/hu\/wp-json\/wp\/v2\/media?parent=6571"}],"wp:term":[{"taxonomy":"product_brand","embeddable":true,"href":"https:\/\/fmp-components.com\/hu\/wp-json\/wp\/v2\/product_brand?post=6571"},{"taxonomy":"product_cat","embeddable":true,"href":"https:\/\/fmp-components.com\/hu\/wp-json\/wp\/v2\/product_cat?post=6571"},{"taxonomy":"product_tag","embeddable":true,"href":"https:\/\/fmp-components.com\/hu\/wp-json\/wp\/v2\/product_tag?post=6571"}],"curies":[{"name":"munkaf\u00fczet","href":"https:\/\/api.w.org\/{rel}","templated":true}]}}