{"id":6569,"date":"2025-03-11T06:31:13","date_gmt":"2025-03-11T06:31:13","guid":{"rendered":"https:\/\/fmp-components.com\/product\/high-quality-mini-stainless-steel-telescopic-hydraulic-cylinder"},"modified":"2025-03-18T01:04:02","modified_gmt":"2025-03-18T01:04:02","slug":"high-quality-mini-stainless-steel-telescopic-hydraulic-cylinder","status":"publish","type":"product","link":"https:\/\/fmp-components.com\/hu\/product\/high-quality-mini-stainless-steel-telescopic-hydraulic-cylinder\/","title":{"rendered":"Kiv\u00e1l\u00f3 min\u0151s\u00e9g\u0171 mini rozsdamentes ac\u00e9l teleszk\u00f3pos hidraulikus henger"},"content":{"rendered":"<h2>Kiv\u00e1l\u00f3 min\u0151s\u00e9g\u0171 mini rozsdamentes ac\u00e9l teleszk\u00f3pos hidraulikus henger<\/h2>\n<p>Kiv\u00e1l\u00f3 min\u0151s\u00e9g\u0171 mini rozsdamentes ac\u00e9l teleszk\u00f3pos hidraulikus henger\u00fcnk 2025-\u00f6s \u00faj term\u00e9k, amely min\u0151s\u00e9gi teljes\u00edtm\u00e9nyt \u00e9s tart\u00f3ss\u00e1got biztos\u00edt. Ez a henger egy szabv\u00e1nyos hidraulikus teljes\u00edtm\u00e9nyalkatr\u00e9sz, robusztus ac\u00e9l testtel, amelyet a neh\u00e9z k\u00f6r\u00fclm\u00e9nyek elvisel\u00e9s\u00e9re terveztek. Hidraulikus dugatty\u00fas henger szerkezettel felszerelve, maxim\u00e1lisan 3000 tol\u00f3er\u0151t k\u00e9pes gener\u00e1lni, \u00e9s ak\u00e1r 20 tonn\u00e1s h\u00faz\u00f3er\u0151t is k\u00e9pes felmutatni. Ez a hidraulikus henger ISO9001:2000 tan\u00fas\u00edtv\u00e1nnyal rendelkezik, ami garant\u00e1lja a magas min\u0151s\u00e9get \u00e9s megb\u00edzhat\u00f3s\u00e1got.<\/p>\n<h3>Term\u00e9kle\u00edr\u00e1s \u00e9s r\u00e9szletek<\/h3>\n<p>Hidraulikus henger\u00fcnk specifik\u00e1ci\u00f3i k\u00f6z\u00e9 tartozik a 2-6 h\u00fcvelykes furat\u00e1tm\u00e9r\u0151, 1,125-4 h\u00fcvelykes r\u00fad\u00e1tm\u00e9r\u0151 \u00e9s 4-100 h\u00fcvelykes l\u00f6kethossz. A csap m\u00e9rete 0,5-2 h\u00fcvelyk k\u00f6z\u00f6tt van, \u00e9s eleg\u00e1ns fekete sz\u00ednben kaphat\u00f3. Ez a hidraulikus henger k\u00fcl\u00f6nf\u00e9le ipar\u00e1gak sz\u00e1m\u00e1ra alkalmas, bele\u00e9rtve a g\u00e9pjav\u00edt\u00f3 m\u0171helyeket, a mez\u0151gazdas\u00e1got, az energia- \u00e9s b\u00e1ny\u00e1szatot, a g\u00e9pgy\u00e1rt\u00e1st \u00e9s a g\u00e9pgy\u00e1rakat.<\/p>\n<table style=\"width: 99.4514%; height: 144px;\" border=\"\">\n<tbody>\n<tr>\n<td colspan=\"\" rowspan=\"\"><i>Furatm\u00e9ret<\/i><\/td>\n<td colspan=\"\" rowspan=\"\">2-6 h\u00fcvelyk<\/td>\n<\/tr>\n<tr>\n<td colspan=\"\" rowspan=\"\"><i>R\u00fad m\u00e9rete<\/i><\/td>\n<td colspan=\"\" rowspan=\"\">1,125-4 h\u00fcvelyk<\/td>\n<\/tr>\n<tr>\n<td colspan=\"\" rowspan=\"\"><i>Ecsetvon\u00e1s m\u00e9rete<\/i><\/td>\n<td colspan=\"\" rowspan=\"\">4-100 h\u00fcvelyk<\/td>\n<\/tr>\n<tr>\n<td colspan=\"\" rowspan=\"\"><i>Cs\u00edp\u0151m\u00e9ret<\/i><\/td>\n<td colspan=\"\" rowspan=\"\">0,5-2 h\u00fcvelyk<\/td>\n<\/tr>\n<tr>\n<td colspan=\"\" rowspan=\"\"><i>kik\u00f6t\u0151k<\/i><\/td>\n<td colspan=\"\" rowspan=\"\">G\/SAE\/NPT\/M<\/td>\n<\/tr>\n<\/tbody>\n<\/table>\n<h2>Egyedi tulajdons\u00e1gok \u00e9s el\u0151ny\u00f6k<\/h2>\n<p>Hidraulikus henger\u00fcnk egyedi tulajdons\u00e1gaival \u00e9s el\u0151nyeivel t\u0171nik ki. Energiahat\u00e9kony, nagy teljes\u00edtm\u00e9ny\u0171 \u00e9s biztons\u00e1gos. Ez a t\u00f6bbfokozat\u00fa hidraulikus henger a z\u00f6kken\u0151mentes m\u0171k\u00f6d\u00e9s biztos\u00edt\u00e1s\u00e1ra szolg\u00e1l, kiv\u00e1l\u00f3 ir\u00e1ny\u00edt\u00e1st biztos\u00edtva a g\u00e9pek \u00e9s berendez\u00e9sek felett a k\u00fcl\u00f6nb\u00f6z\u0151 ipar\u00e1gakban.<\/p>\n<h2>A hidraulikus henger m\u0171k\u00f6d\u00e9si elve \u00e9s alkalmaz\u00e1sa<\/h2>\n<p>A hidraulikus henger a hidraulikus energia mechanikus mozg\u00e1ss\u00e1 alak\u00edt\u00e1s\u00e1nak elv\u00e9n m\u0171k\u00f6dik. Sz\u00e9les k\u00f6rben haszn\u00e1lj\u00e1k g\u00e9pjav\u00edt\u00f3 m\u0171helyekben, mez\u0151gazdas\u00e1gi \u00fczemekben, energia- \u00e9s b\u00e1ny\u00e1szatban, g\u00e9pgy\u00e1rt\u00e1sban \u00e9s g\u00e9pgy\u00e1rakban, jelent\u0151sen hozz\u00e1j\u00e1rulva ezen ipar\u00e1gak termel\u00e9kenys\u00e9g\u00e9hez \u00e9s hat\u00e9konys\u00e1g\u00e1hoz.<\/p>\n<p><img loading=\"lazy\" decoding=\"async\" class=\"alignnone wp-image-6664\" src=\"https:\/\/fmp-components.com\/wp-content\/uploads\/2025\/03\/telescopic-hydraulic-cylinder-8.webp\" alt=\"teleszk\u00f3pos hidraulikus henger\" width=\"902\" height=\"902\" title=\"\" srcset=\"https:\/\/fmp-components.com\/wp-content\/uploads\/2025\/03\/telescopic-hydraulic-cylinder-8.webp 902w, https:\/\/fmp-components.com\/wp-content\/uploads\/2025\/03\/telescopic-hydraulic-cylinder-8-480x480.webp 480w\" sizes=\"(min-width: 0px) and (max-width: 480px) 480px, (min-width: 481px) 902px, 100vw\" \/><\/p>\n<h2>Hidraulikus hengerek \u00e9s t\u00e1pegys\u00e9gek<\/h2>\n<p>A hidraulikus henger \u00e9s a t\u00e1pegys\u00e9g a hidraulikus rendszer szerves r\u00e9sz\u00e9t k\u00e9pezik. K\u00f6lcs\u00f6n\u00f6s koordin\u00e1ci\u00f3juk biztos\u00edtja a hidraulikus technol\u00f3gia sz\u00e9les k\u00f6r\u0171 alkalmaz\u00e1s\u00e1t az ipari ter\u00fcleten, megb\u00edzhat\u00f3 energia- \u00e9s vez\u00e9rl\u00e9st\u00e1mogat\u00e1st ny\u00fajtva k\u00fcl\u00f6nf\u00e9le m\u00e9rn\u00f6ki \u00e9s g\u00e9p\u00e9szeti berendez\u00e9sek sz\u00e1m\u00e1ra. A hidraulikus henger, mint munkag\u00e9p, felel\u0151s a hidraulikus energia mechanikai mozg\u00e1ss\u00e1, a nyom\u00e1s pedig er\u0151v\u00e9 alak\u00edt\u00e1s\u00e1\u00e9rt. A t\u00e1pegys\u00e9g ezzel szemben az a mag, amely biztos\u00edtja a hidraulikus rendszer \u00e1ltal ig\u00e9nyelt energi\u00e1t \u00e9s vez\u00e9rl\u0151jeleket. E k\u00e9t r\u00e9sz \u00f6sszehangolt m\u0171k\u00f6d\u00e9se teszi lehet\u0151v\u00e9 a hidraulikus rendszer norm\u00e1l m\u0171k\u00f6d\u00e9s\u00e9t. Az FMP-n\u00e9l t\u00e1pegys\u00e9geket is k\u00edn\u00e1lunk \u00e9rt\u00e9kes\u00edt\u00e9sre.<\/p>\n<h2>GYIK<\/h2>\n<p>K: Kereskedelmi v\u00e1llalat vagy gy\u00e1rt\u00f3?<br \/>\nV: Gy\u00e1rt\u00f3 vagyunk.<br \/>\nK: Mennyi a sz\u00e1ll\u00edt\u00e1si id\u0151?<br \/>\nV: \u00c1ltal\u00e1ban 25-35 nap.<br \/>\nK: Biztos\u00edtanak mint\u00e1kat? Ingyenes vagy k\u00fcl\u00f6n fizetend\u0151?<br \/>\nV: Igen, k\u00edn\u00e1lunk mint\u00e1kat, de ezek nem ingyenesek.<\/p>\n<h3>Az FMP-r\u0151l<\/h3>\n<p class=\"break-words\">Az FMP egy vezet\u0151 olasz gy\u00e1rt\u00f3, amely kiv\u00e1l\u00f3 min\u0151s\u00e9g\u0171 hidraulikus hengerek tervez\u00e9s\u00e9re, fejleszt\u00e9s\u00e9re \u00e9s gy\u00e1rt\u00e1s\u00e1ra specializ\u00e1l\u00f3dott. \u00c9vtizedes szak\u00e9rtelemre \u00e9p\u00fcl\u0151 gazdag \u00f6r\u00f6ks\u00e9g\u00fcnkkel b\u00fcszk\u00e9n \u00f6tv\u00f6zz\u00fck az olasz k\u00e9zm\u0171vess\u00e9get a legmodernebb technol\u00f3gi\u00e1val, hogy kiv\u00e9teles hidraulikus megold\u00e1sokat k\u00edn\u00e1ljunk, amelyek a glob\u00e1lis \u00fcgyfeleink sokr\u00e9t\u0171 ig\u00e9nyeit el\u00e9g\u00edtik ki. Az olaszorsz\u00e1gi sz\u00e9khely\u0171, a m\u00e9rn\u00f6ki kiv\u00e1l\u00f3s\u00e1g k\u00f6zpontj\u00e1ban m\u0171k\u00f6d\u0151 FMP megb\u00edzhat\u00f3 n\u00e9v a hidraulikus iparban, elk\u00f6telezett amellett, hogy megb\u00edzhat\u00f3, tart\u00f3s \u00e9s innovat\u00edv term\u00e9keket k\u00edn\u00e1ljon, amelyek vil\u00e1gszerte lend\u00fcletet adnak a v\u00e1llalkoz\u00e1soknak.<\/p>\n<p class=\"break-words\">C\u00e9g\u00fcnk a fejlett gy\u00e1rt\u00e1si hagyom\u00e1nyok legjav\u00e1t \u00f6tv\u00f6zi az el\u0151remutat\u00f3 megk\u00f6zel\u00edt\u00e9ssel. A hidraulikus rendszerek ter\u00e9n szerzett sok\u00e9ves tapasztalat\u00e1ra \u00e9p\u00edtve az FMP egy modern v\u00e1llalkoz\u00e1ss\u00e1 fejl\u0151d\u00f6tt, amely kiemelked\u0151 a kutat\u00e1s, a tervez\u00e9s \u00e9s a gy\u00e1rt\u00e1s ter\u00e9n. Sz\u00e9les hidraulikus hengerv\u00e1laszt\u00e9kra specializ\u00e1l\u00f3dtunk, bele\u00e9rtve a kett\u0151s m\u0171k\u00f6d\u00e9s\u0171 hengereket, az aut\u00f3ipari emel\u0151hengereket, a mez\u0151gazdas\u00e1gi g\u00e9pek hengereit \u00e9s az egyedi tervez\u00e9s\u0171 megold\u00e1sokat k\u00fcl\u00f6nf\u00e9le ipari alkalmaz\u00e1sokhoz. Legyen sz\u00f3 \u00e9p\u00edt\u0151iparr\u00f3l, ipari telep\u00edt\u00e9sekr\u0151l, mez\u0151gazdas\u00e1gr\u00f3l vagy neh\u00e9zg\u00e9pekr\u0151l, hidraulikus hengereinket a legnehezebb k\u00f6r\u00fclm\u00e9nyek k\u00f6z\u00f6tt is k\u00e9pesek teljes\u00edteni, biztos\u00edtva a biztons\u00e1got, a hat\u00e9konys\u00e1got \u00e9s a hossz\u00fa \u00e9lettartamot.<\/p>\n<p><img loading=\"lazy\" decoding=\"async\" class=\"alignnone size-full wp-image-6720\" src=\"https:\/\/fmp-components.com\/wp-content\/uploads\/2025\/03\/hydraulic-cylinder-8.webp\" alt=\"Teleszk\u00f3pos hidraulikus hengerek\" width=\"933\" height=\"526\" title=\"\" srcset=\"https:\/\/fmp-components.com\/wp-content\/uploads\/2025\/03\/hydraulic-cylinder-8.webp 933w, https:\/\/fmp-components.com\/wp-content\/uploads\/2025\/03\/hydraulic-cylinder-8-480x271.webp 480w\" sizes=\"(min-width: 0px) and (max-width: 480px) 480px, (min-width: 481px) 933px, 100vw\" \/><\/p>\n<p class=\"break-words\">Az FMP-n\u00e9l b\u00fcszk\u00e9k vagyunk a legmodernebb gy\u00e1rt\u00f3\u00fczemeinkre, amelyek prec\u00edzi\u00f3s g\u00e9pekkel \u00e9s fejlett vizsg\u00e1l\u00f3rendszerekkel vannak felszerelve. Gy\u00e1rt\u00e1si folyamataink szigor\u00fa nemzeti \u00e9s nemzetk\u00f6zi szabv\u00e1nyoknak felelnek meg, biztos\u00edtva, hogy minden egyes hidraulikus henger, amely elhagyja gy\u00e1runkat, kiv\u00e1l\u00f3 min\u0151s\u00e9g\u0171 \u00e9s megb\u00edzhat\u00f3 legyen. K\u00e9pzett m\u0171szaki csapatunk a legmodernebb berendez\u00e9sekkel p\u00e1rosulva lehet\u0151v\u00e9 teszi sz\u00e1munkra, hogy szigor\u00fa min\u0151s\u00e9gellen\u0151rz\u00e9st tartsunk fenn a gy\u00e1rt\u00e1s minden szakasz\u00e1ban \u2013 az alapanyagok kiv\u00e1laszt\u00e1s\u00e1t\u00f3l a v\u00e9gs\u0151 ellen\u0151rz\u00e9sig. Ez a kiv\u00e1l\u00f3s\u00e1g ir\u00e1nti elk\u00f6telezetts\u00e9g tan\u00fas\u00edtv\u00e1nyokat \u00e9s elismer\u00e9st szerzett nek\u00fcnk az ipar\u00e1gi hat\u00f3s\u00e1gokt\u00f3l, tov\u00e1bb er\u0151s\u00edtve megb\u00edzhat\u00f3 partnerk\u00e9nt szerzett h\u00edrnev\u00fcnket.<\/p>\n<p class=\"break-words\">K\u00fcldet\u00e9s\u00fcnk egyszer\u0171, m\u00e9gis ambici\u00f3zus: olyan hidraulikus hengereket biztos\u00edtani \u00fcgyfeleinknek, amelyek teljes\u00edtm\u00e9ny, tart\u00f3ss\u00e1g \u00e9s \u00e9rt\u00e9k tekintet\u00e9ben fel\u00fclm\u00falj\u00e1k az elv\u00e1r\u00e1sokat. A professzionalizmus, a feddhetetlens\u00e9g \u00e9s az \u00fcgyf\u00e9lk\u00f6zpont\u00fas\u00e1g vez\u00e9relvei szerint m\u0171k\u00f6d\u00fcnk. Az innov\u00e1ci\u00f3 \u00e9s a precizit\u00e1s kult\u00far\u00e1j\u00e1nak \u00e1pol\u00e1s\u00e1val folyamatosan finom\u00edtjuk term\u00e9keinket, hogy meg\u0151rizz\u00fck el\u0151ny\u00fcnket a versenyk\u00e9pes piacon. \u00c1tfog\u00f3 term\u00e9kk\u00edn\u00e1latunk \u00e9s a szem\u00e9lyre szabott megold\u00e1sok k\u00edn\u00e1l\u00e1s\u00e1nak k\u00e9pess\u00e9ge tesz minket a nagy teljes\u00edtm\u00e9ny\u0171 hidraulikus hengereket keres\u0151 v\u00e1llalkoz\u00e1sok els\u0151 sz\u00e1m\u00fa v\u00e1laszt\u00e1s\u00e1v\u00e1.<\/p>\n<p class=\"break-words\">Az FMP t\u00f6bb mint egy gy\u00e1rt\u00f3 \u2013 partnerek vagyunk a siker\u00e9ben. Meg\u00e9rtj\u00fck, hogy \u00fcgyfeleink olyan szersz\u00e1mok sz\u00e1ll\u00edt\u00e1s\u00e1ban b\u00edznak benn\u00fcnk, amelyek n\u00f6velik termel\u00e9kenys\u00e9g\u00fcket \u00e9s biztons\u00e1gukat. Ez\u00e9rt elk\u00f6telezettek vagyunk nemcsak a legjobb min\u0151s\u00e9g\u0171 term\u00e9kek, hanem a kiv\u00e9teles szolg\u00e1ltat\u00e1s ny\u00fajt\u00e1sa ir\u00e1nt is. A kezdeti konzult\u00e1ci\u00f3t\u00f3l az \u00e9rt\u00e9kes\u00edt\u00e9s ut\u00e1ni t\u00e1mogat\u00e1sig szorosan egy\u00fcttm\u0171k\u00f6d\u00fcnk \u00fcgyfeleinkkel annak biztos\u00edt\u00e1sa \u00e9rdek\u00e9ben, hogy ig\u00e9nyeiket professzionalizmussal \u00e9s gondoss\u00e1ggal el\u00e9g\u00edts\u00fck ki. Versenyk\u00e9pes \u00e1raink, p\u00e1rosulva a min\u0151s\u00e9g ir\u00e1nti rend\u00edthetetlen elk\u00f6telezetts\u00e9g\u00fcnkkel, teszik az FMP-t okos v\u00e1laszt\u00e1ss\u00e1 azoknak a v\u00e1llalatoknak, amelyek megb\u00edzhat\u00f3 hidraulikus megold\u00e1sokba szeretn\u00e9nek befektetni.<\/p>","protected":false},"excerpt":{"rendered":"<p>High Quality Mini Stainless Steel Telescopic Hydraulic Cylinder Our High Quality Mini Stainless Steel Telescopic Hydraulic Cylinder is a new product of 2025 that assures quality performance and durability. This cylinder is a standard hydraulic power component, with a robust steel body designed to withstand demanding conditions. Equipped with a hydraulic plunger cylinder structure, it [&hellip;]<\/p>","protected":false},"featured_media":6728,"comment_status":"closed","ping_status":"closed","template":"","meta":{"_et_pb_use_builder":"","_et_pb_old_content":"","_et_gb_content_width":""},"product_brand":[],"product_cat":[103],"product_tag":[34,105],"class_list":{"0":"post-6569","1":"product","2":"type-product","3":"status-publish","4":"has-post-thumbnail","6":"product_cat-telescopic-hydraulic-cylinders","7":"product_tag-hydraulic-cylinder","8":"product_tag-telescopic-hydraulic-cylinders","10":"first","11":"instock","12":"product-type-simple"},"_links":{"self":[{"href":"https:\/\/fmp-components.com\/hu\/wp-json\/wp\/v2\/product\/6569","targetHints":{"allow":["GET"]}}],"collection":[{"href":"https:\/\/fmp-components.com\/hu\/wp-json\/wp\/v2\/product"}],"about":[{"href":"https:\/\/fmp-components.com\/hu\/wp-json\/wp\/v2\/types\/product"}],"replies":[{"embeddable":true,"href":"https:\/\/fmp-components.com\/hu\/wp-json\/wp\/v2\/comments?post=6569"}],"wp:featuredmedia":[{"embeddable":true,"href":"https:\/\/fmp-components.com\/hu\/wp-json\/wp\/v2\/media\/6728"}],"wp:attachment":[{"href":"https:\/\/fmp-components.com\/hu\/wp-json\/wp\/v2\/media?parent=6569"}],"wp:term":[{"taxonomy":"product_brand","embeddable":true,"href":"https:\/\/fmp-components.com\/hu\/wp-json\/wp\/v2\/product_brand?post=6569"},{"taxonomy":"product_cat","embeddable":true,"href":"https:\/\/fmp-components.com\/hu\/wp-json\/wp\/v2\/product_cat?post=6569"},{"taxonomy":"product_tag","embeddable":true,"href":"https:\/\/fmp-components.com\/hu\/wp-json\/wp\/v2\/product_tag?post=6569"}],"curies":[{"name":"munkaf\u00fczet","href":"https:\/\/api.w.org\/{rel}","templated":true}]}}