{"id":6566,"date":"2025-03-11T06:29:39","date_gmt":"2025-03-11T06:29:39","guid":{"rendered":"https:\/\/fmp-components.com\/product\/quality-assurance-telescopic-hydraulic-cylinder-for-dump-trailer"},"modified":"2025-03-12T06:33:56","modified_gmt":"2025-03-12T06:33:56","slug":"quality-assurance-telescopic-hydraulic-cylinder-for-dump-trailer","status":"publish","type":"product","link":"https:\/\/fmp-components.com\/hu\/product\/quality-assurance-telescopic-hydraulic-cylinder-for-dump-trailer\/","title":{"rendered":"Min\u0151s\u00e9gbiztos\u00edt\u00e1s Teleszk\u00f3pos Hidraulikus Henger D\u00f6mper P\u00f3tkocsihoz"},"content":{"rendered":"<h2>Min\u0151s\u00e9gbiztos\u00edt\u00e1s Teleszk\u00f3pos Hidraulikus Henger D\u00f6mper P\u00f3tkocsihoz<\/h2>\n<p>Bemutatjuk leg\u00fajabb term\u00e9k\u00fcnket \u2013 a Min\u0151s\u00e9gbiztos\u00edt\u00e1ssal Biztos\u00edtott Teleszk\u00f3pos Hidraulikus Hengert D\u00f6mper P\u00f3tkocsikhoz. Ez egy cs\u00facskateg\u00f3ri\u00e1s hidraulikus henger, amelyet optim\u00e1lis teljes\u00edtm\u00e9nyre terveztek k\u00fcl\u00f6nf\u00e9le ipar\u00e1gakban, bele\u00e9rtve a g\u00e9pjav\u00edt\u00f3 m\u0171helyeket, a mez\u0151gazdas\u00e1got, az energia- \u00e9s b\u00e1ny\u00e1szatot, valamint a g\u00e9pgy\u00e1rt\u00f3 \u00fczemeket.<\/p>\n<h2>Jellemz\u0151k \u00e9s funkci\u00f3k<\/h2>\n<p>A Teleszk\u00f3pos Hidraulikus Henger egy szabv\u00e1nyos, t\u00f6bbfokozat\u00fa hidraulikus henger dugatty\u00fas szerkezettel. Hidraulikus er\u0151vel m\u0171k\u00f6dik, a teste robusztus ac\u00e9lb\u00f3l k\u00e9sz\u00fclt. Maxim\u00e1lis tol\u00f3ereje 3000, \u00e9s ak\u00e1r 20 tonn\u00e1t is k\u00e9pes h\u00fazni. A hengerre egy \u00e9v garancia vonatkozik, \u00e9s ISO9001:2000 tan\u00fas\u00edtv\u00e1nnyal rendelkezik, ami a term\u00e9k kiv\u00e1l\u00f3 min\u0151s\u00e9g\u00e9t jelzi.<\/p>\n<table style=\"width: 95.4582%;\" border=\"\">\n<tbody>\n<tr>\n<th style=\"width: 43.5028%;\">Furatm\u00e9ret<\/th>\n<td style=\"width: 461.017%;\">2-6 h\u00fcvelyk<\/td>\n<\/tr>\n<tr>\n<th style=\"width: 43.5028%;\">R\u00fad m\u00e9rete<\/th>\n<td style=\"width: 461.017%;\">1,125-4 h\u00fcvelyk<\/td>\n<\/tr>\n<tr>\n<th style=\"width: 43.5028%;\">Ecsetvon\u00e1s m\u00e9rete<\/th>\n<td style=\"width: 461.017%;\">4-100 h\u00fcvelyk<\/td>\n<\/tr>\n<tr>\n<th style=\"width: 43.5028%;\">Cs\u00edp\u0151m\u00e9ret<\/th>\n<td style=\"width: 461.017%;\">0,5-2 h\u00fcvelyk<\/td>\n<\/tr>\n<tr>\n<th style=\"width: 43.5028%;\">kik\u00f6t\u0151k<\/th>\n<td style=\"width: 461.017%;\">G\/SAE\/NPT\/M<\/td>\n<\/tr>\n<\/tbody>\n<\/table>\n<h2>Egyedi el\u0151ny\u00f6k<\/h2>\n<ul>\n<li>Energiatakar\u00e9kos: \u00dagy tervezt\u00e9k, hogy kevesebb energi\u00e1t fogyasztson, mik\u00f6zben maxim\u00e1lis teljes\u00edtm\u00e9nyt ny\u00fajt.<\/li>\n<li>Rendk\u00edv\u00fcl hat\u00e9kony: Ak\u00e1r 20 tonn\u00e1s von\u00f3er\u0151 is alkalmass\u00e1 teszi neh\u00e9z ig\u00e9nybev\u00e9telre.<\/li>\n<li>Biztons\u00e1g: A hidraulikus henger ISO9001:2000 tan\u00fas\u00edtv\u00e1nnyal rendelkezik, ami biztos\u00edtja a biztons\u00e1g\u00e1t \u00e9s megb\u00edzhat\u00f3s\u00e1g\u00e1t.<\/li>\n<\/ul>\n<h2>Hidraulikus rendszer \u00e9s m\u0171k\u00f6d\u00e9si elv<\/h2>\n<p>A hidraulikus hengerek a hidraulikus energia mechanikai mozg\u00e1ss\u00e1 alak\u00edt\u00e1s\u00e1nak alapelv\u00e9n m\u0171k\u00f6dnek. Ez az \u00e1talak\u00edt\u00e1s a hidraulikus henger \u00e9s a t\u00e1pegys\u00e9g k\u00f6z\u00f6tti z\u00f6kken\u0151mentes k\u00f6lcs\u00f6nhat\u00e1s r\u00e9v\u00e9n val\u00f3sul meg. Amikor a hidraulikafolyad\u00e9k nyom\u00e1s al\u00e1 ker\u00fcl, er\u0151t hoz l\u00e9tre, amely mozgatja a dugatty\u00fat a hengeren bel\u00fcl, ami line\u00e1ris mozg\u00e1st eredm\u00e9nyez. Ez a folyamat lehet\u0151v\u00e9 teszi a prec\u00edz vez\u00e9rl\u00e9st \u00e9s az er\u0151teljes m\u0171k\u00f6d\u00e9st, \u00edgy a hidraulikus rendszerek rendk\u00edv\u00fcl hat\u00e9konny\u00e1 v\u00e1lnak k\u00fcl\u00f6nf\u00e9le alkalmaz\u00e1sokban.<\/p>\n<h3>Alkalmaz\u00e1sok<\/h3>\n<p>Hidraulikus hengereinket sz\u00e1mos ipar\u00e1gban haszn\u00e1lj\u00e1k, t\u00f6bbek k\u00f6z\u00f6tt:<\/p>\n<ul>\n<li><strong>G\u00e9pjav\u00edt\u00f3 m\u0171helyek:<\/strong> Ahol seg\u00edtenek a neh\u00e9zg\u00e9pek alkatr\u00e9szeinek emel\u00e9s\u00e9ben \u00e9s pozicion\u00e1l\u00e1s\u00e1ban karbantart\u00e1s \u00e9s jav\u00edt\u00e1s c\u00e9lj\u00e1b\u00f3l.<\/li>\n<li><strong>Gazdas\u00e1gok:<\/strong> Lehet\u0151v\u00e9 teszi a neh\u00e9z terhek, p\u00e9ld\u00e1ul berendez\u00e9sek, talaj \u00e9s term\u00e9nyek hat\u00e9kony mozgat\u00e1s\u00e1t.<\/li>\n<li><strong>Energia \u00e9s b\u00e1ny\u00e1szat:<\/strong> Olyan m\u0171veletek t\u00e1mogat\u00e1sa, amelyek robusztus emel\u00e9si \u00e9s anyagmozgat\u00e1si k\u00e9pess\u00e9get ig\u00e9nyelnek kih\u00edv\u00e1st jelent\u0151 k\u00f6rnyezetben.<\/li>\n<li><strong>G\u00e9pgy\u00e1rt\u00f3 \u00fczemek:<\/strong> Nagy g\u00e9palkatr\u00e9szek \u00f6sszeszerel\u00e9s\u00e9nek \u00e9s mozgat\u00e1s\u00e1nak megk\u00f6nny\u00edt\u00e9se a gy\u00e1rt\u00e1si folyamatok sor\u00e1n.<\/li>\n<\/ul>\n<p><img loading=\"lazy\" decoding=\"async\" class=\"alignnone  wp-image-6665\" src=\"https:\/\/fmp-components.com\/wp-content\/uploads\/2025\/03\/telescopic-hydraulic-cylinder-9.webp\" alt=\"teleszk\u00f3pos hidraulikus henger\" width=\"926\" height=\"926\" title=\"\" srcset=\"https:\/\/fmp-components.com\/wp-content\/uploads\/2025\/03\/telescopic-hydraulic-cylinder-9.webp 926w, https:\/\/fmp-components.com\/wp-content\/uploads\/2025\/03\/telescopic-hydraulic-cylinder-9-480x480.webp 480w\" sizes=\"(min-width: 0px) and (max-width: 480px) 480px, (min-width: 481px) 926px, 100vw\" \/><\/p>\n<h2>Hidraulikus hengerek \u00e9s t\u00e1pegys\u00e9gek<\/h2>\n<p>A hidraulikus hengerek \u00e9s a t\u00e1pegys\u00e9gek a hidraulikus rendszer l\u00e9tfontoss\u00e1g\u00fa alkot\u00f3elemei. Integr\u00e1lt m\u0171k\u00f6d\u00e9s\u00fck lehet\u0151v\u00e9 teszi a hidraulikus technol\u00f3gia sz\u00e9les k\u00f6r\u0171 alkalmaz\u00e1s\u00e1t az ipari k\u00f6rnyezetben. A hidraulikus henger m\u0171k\u00f6dtet\u0151k\u00e9nt m\u0171k\u00f6dik, \u00e9s a nyom\u00e1s er\u0151v\u00e9 alak\u00edt\u00e1s\u00e1val felel\u0151s a hidraulikus energia mechanikai mozg\u00e1ss\u00e1 alak\u00edt\u00e1s\u00e1\u00e9rt. Ez lehet\u0151v\u00e9 teszi a g\u00e9pek sz\u00e9les sk\u00e1l\u00e1j\u00e1nak a feladatok hat\u00e9kony \u00e9s eredm\u00e9nyes elv\u00e9gz\u00e9s\u00e9t.<\/p>\n<p>M\u00e1sr\u00e9szt a t\u00e1pegys\u00e9g a hidraulikus rendszer sz\u00edvek\u00e9nt szolg\u00e1l, amely a sz\u00fcks\u00e9ges energi\u00e1t \u00e9s vez\u00e9rl\u0151jeleket szolg\u00e1ltatja. Egy szivatty\u00fab\u00f3l, tart\u00e1lyb\u00f3l \u00e9s k\u00fcl\u00f6nf\u00e9le vez\u00e9rl\u0151mechanizmusokb\u00f3l \u00e1ll, amelyek szab\u00e1lyozz\u00e1k a folyad\u00e9k \u00e1raml\u00e1s\u00e1t \u00e9s nyom\u00e1s\u00e1t. A hidraulikus henger \u00e9s a t\u00e1pegys\u00e9g egy\u00fcttesen harm\u00f3ni\u00e1ban m\u0171k\u00f6dnek, biztos\u00edtva a hidraulikus rendszer z\u00f6kken\u0151mentes \u00e9s megb\u00edzhat\u00f3 m\u0171k\u00f6d\u00e9s\u00e9t.<\/p>\n<p>Az FMP-n\u00e9l kiv\u00e1l\u00f3 min\u0151s\u00e9g\u0171, a k\u00fcl\u00f6nf\u00e9le alkalmaz\u00e1sok speci\u00e1lis ig\u00e9nyeihez igaz\u00edtott t\u00e1pegys\u00e9geket is k\u00edn\u00e1lunk, tov\u00e1bbi t\u00e1mogat\u00e1st ny\u00fajtva hidraulikus rendszerei sz\u00e1m\u00e1ra. Ez az \u00e1tfog\u00f3 megk\u00f6zel\u00edt\u00e9s biztos\u00edtja, hogy g\u00e9pei optim\u00e1lis teljes\u00edtm\u00e9nnyel m\u0171k\u00f6djenek, n\u00f6velve a termel\u00e9kenys\u00e9get \u00e9s a biztons\u00e1got a m\u0171veletek sor\u00e1n.<\/p>\n<p><img loading=\"lazy\" decoding=\"async\" class=\"alignnone  wp-image-6664\" src=\"https:\/\/fmp-components.com\/wp-content\/uploads\/2025\/03\/telescopic-hydraulic-cylinder-8.webp\" alt=\"teleszk\u00f3pos hidraulikus henger\" width=\"910\" height=\"910\" title=\"\" srcset=\"https:\/\/fmp-components.com\/wp-content\/uploads\/2025\/03\/telescopic-hydraulic-cylinder-8.webp 910w, https:\/\/fmp-components.com\/wp-content\/uploads\/2025\/03\/telescopic-hydraulic-cylinder-8-480x480.webp 480w\" sizes=\"(min-width: 0px) and (max-width: 480px) 480px, (min-width: 481px) 910px, 100vw\" \/><\/p>\n<h3>GYIK<\/h3>\n<p><strong>K: Mennyi a garancia a hidraulikus hengerekre?<\/strong><br \/>\nV: Hidraulikus hengereinkre 1 \u00e9v garanci\u00e1t v\u00e1llalunk.<\/p>\n<p><strong>K: Mekkora a hidraulikus hengerek maxim\u00e1lis tol\u00f3ereje?<\/strong><br \/>\nV: Hidraulikus hengereink maxim\u00e1lis tol\u00f3ereje 3000.<\/p>\n<p><strong>K: Megn\u00e9zhetem a term\u00e9ket v\u00e1s\u00e1rl\u00e1s el\u0151tt?<\/strong><br \/>\nV: Igen, vide\u00f3s kimen\u0151 ellen\u0151rz\u00e9st biztos\u00edtunk \u00fcgyfeleink sz\u00e1m\u00e1ra.<\/p>\n<h3>Az FMP-r\u0151l<\/h3>\n<p>Az FMP egy vezet\u0151 olasz gy\u00e1rt\u00f3, amely kiv\u00e1l\u00f3 min\u0151s\u00e9g\u0171 hidraulikus hengerek tervez\u00e9s\u00e9r\u0151l, fejleszt\u00e9s\u00e9r\u0151l \u00e9s gy\u00e1rt\u00e1s\u00e1r\u00f3l ismert. \u00c9vtizedes szak\u00e9rtelemmel \u00f6tv\u00f6zz\u00fck a hagyom\u00e1nyos olasz k\u00e9zm\u0171vess\u00e9get a fejlett technol\u00f3gi\u00e1val, hogy kiemelked\u0151 hidraulikus megold\u00e1sokat k\u00edn\u00e1ljunk, amelyek glob\u00e1lis \u00fcgyfeleink sokr\u00e9t\u0171 ig\u00e9nyeire szabottak. Az Olaszorsz\u00e1gban, a m\u00e9rn\u00f6ki kiv\u00e1l\u00f3s\u00e1g k\u00f6zpontj\u00e1ban tal\u00e1lhat\u00f3 FMP megb\u00edzhat\u00f3 n\u00e9vv\u00e9 v\u00e1lt a hidraulikus iparban, \u00e9s elk\u00f6telezett amellett, hogy megb\u00edzhat\u00f3, tart\u00f3s \u00e9s innovat\u00edv term\u00e9keket k\u00edn\u00e1ljon, amelyek vil\u00e1gszerte lend\u00fcletet adnak a v\u00e1llalkoz\u00e1soknak.<\/p>\n<p>A fejlett gy\u00e1rt\u00e1si hagyom\u00e1nyok legjav\u00e1t \u00f6tv\u00f6zz\u00fck el\u0151remutat\u00f3 megk\u00f6zel\u00edt\u00e9ssel. A hidraulikus rendszerek ter\u00e9n szerzett sz\u00e9lesk\u00f6r\u0171 tapasztalatainkra \u00e9p\u00edtve az FMP egy modern v\u00e1llalkoz\u00e1ss\u00e1 alakult \u00e1t, amely kiemelked\u0151 a kutat\u00e1s, a tervez\u00e9s \u00e9s a gy\u00e1rt\u00e1s ter\u00e9n. Szakter\u00fclet\u00fcnk a hidraulikus hengerek sz\u00e9les v\u00e1laszt\u00e9ka, p\u00e9ld\u00e1ul kett\u0151s m\u0171k\u00f6d\u00e9s\u0171 hengerek, aut\u00f3ipari emel\u0151hengerek, mez\u0151gazdas\u00e1gi g\u00e9pek hengerei \u00e9s egyedi tervez\u00e9s\u0171 megold\u00e1sok k\u00fcl\u00f6nf\u00e9le ipari alkalmaz\u00e1sokhoz. Hidraulikus hengereinket \u00fagy tervezt\u00fck, hogy a legnehezebb k\u00f6r\u00fclm\u00e9nyek k\u00f6z\u00f6tt is m\u0171k\u00f6djenek, \u00e9s biztons\u00e1got, hat\u00e9konys\u00e1got \u00e9s hossz\u00fa \u00e9lettartamot biztos\u00edtanak olyan \u00e1gazatokban, mint az \u00e9p\u00edt\u0151ipar, az ipari l\u00e9tes\u00edtm\u00e9nyek, a mez\u0151gazdas\u00e1g \u00e9s a neh\u00e9zg\u00e9pek gy\u00e1rt\u00e1sa.<\/p>\n<p>Az FMP-n\u00e9l b\u00fcszk\u00e9k vagyunk a legmodernebb gy\u00e1rt\u00f3\u00fczemeinkre, amelyek prec\u00edzi\u00f3s g\u00e9pekkel \u00e9s fejlett vizsg\u00e1l\u00f3rendszerekkel vannak felszerelve. Gy\u00e1rt\u00e1si folyamataink szigor\u00fa nemzeti \u00e9s nemzetk\u00f6zi szabv\u00e1nyoknak felelnek meg, garant\u00e1lva, hogy minden egyes hidraulikus henger, amely elhagyja gy\u00e1runkat, megfelel a legmagasabb min\u0151s\u00e9gi \u00e9s megb\u00edzhat\u00f3s\u00e1gi k\u00f6vetelm\u00e9nyeknek. K\u00e9pzett m\u0171szaki csapatunk a legmodernebb berendez\u00e9sekkel egy\u00fctt lehet\u0151v\u00e9 teszi sz\u00e1munkra, hogy szigor\u00fa min\u0151s\u00e9gellen\u0151rz\u00e9st tartsunk fenn minden gy\u00e1rt\u00e1si szakaszban \u2013 az alapanyagok kiv\u00e1laszt\u00e1s\u00e1t\u00f3l a v\u00e9gs\u0151 ellen\u0151rz\u00e9sig. Ez a kiv\u00e1l\u00f3s\u00e1g ir\u00e1nti elk\u00f6telezetts\u00e9g\u00fcnk tan\u00fas\u00edtv\u00e1nyokat \u00e9s elismer\u00e9seket szerzett nek\u00fcnk az ipar\u00e1gi hat\u00f3s\u00e1gokt\u00f3l, meger\u0151s\u00edtve megb\u00edzhat\u00f3 partnerk\u00e9nt szerzett h\u00edrnev\u00fcnket.<\/p>\n<p><img loading=\"lazy\" decoding=\"async\" class=\"alignnone size-full wp-image-6720\" src=\"https:\/\/fmp-components.com\/wp-content\/uploads\/2025\/03\/hydraulic-cylinder-8.webp\" alt=\"Teleszk\u00f3pos hidraulikus hengerek\" width=\"933\" height=\"526\" title=\"\" srcset=\"https:\/\/fmp-components.com\/wp-content\/uploads\/2025\/03\/hydraulic-cylinder-8.webp 933w, https:\/\/fmp-components.com\/wp-content\/uploads\/2025\/03\/hydraulic-cylinder-8-480x271.webp 480w\" sizes=\"(min-width: 0px) and (max-width: 480px) 480px, (min-width: 481px) 933px, 100vw\" \/><\/p>\n<p>K\u00fcldet\u00e9s\u00fcnk egyszer\u0171 \u00e9s ambici\u00f3zus: olyan hidraulikus hengereket k\u00edn\u00e1lni, amelyek teljes\u00edtm\u00e9ny, tart\u00f3ss\u00e1g \u00e9s \u00e9rt\u00e9k tekintet\u00e9ben fel\u00fclm\u00falj\u00e1k az elv\u00e1r\u00e1sokat. A professzionalizmus, a feddhetetlens\u00e9g \u00e9s az \u00fcgyf\u00e9lk\u00f6zpont\u00fas\u00e1g alapelvei vez\u00e9relnek minket, az innov\u00e1ci\u00f3 \u00e9s a precizit\u00e1s kult\u00far\u00e1j\u00e1t \u00e1poljuk, folyamatosan finom\u00edtva term\u00e9keinket, hogy meg\u0151rizz\u00fck el\u0151ny\u00fcnket a versenyk\u00e9pes piacon. \u00c1tfog\u00f3 term\u00e9kk\u00edn\u00e1latunkkal \u00e9s a szem\u00e9lyre szabott megold\u00e1sok k\u00edn\u00e1l\u00e1s\u00e1nak k\u00e9pess\u00e9g\u00e9vel mi vagyunk a legjobb v\u00e1laszt\u00e1s a nagy teljes\u00edtm\u00e9ny\u0171 hidraulikus hengereket keres\u0151 v\u00e1llalkoz\u00e1sok sz\u00e1m\u00e1ra.<\/p>\n<p>Az FMP t\u00f6bb mint egy gy\u00e1rt\u00f3; partnerek vagyunk a siker\u00e9ben. Tudjuk, hogy \u00fcgyfeleink olyan szersz\u00e1mok sz\u00e1ll\u00edt\u00e1s\u00e1ban sz\u00e1m\u00edtanak r\u00e1nk, amelyek n\u00f6velik termel\u00e9kenys\u00e9g\u00fcket \u00e9s biztons\u00e1gukat. Ez\u00e9rt elk\u00f6telezettek vagyunk nemcsak a legjobb min\u0151s\u00e9g\u0171 term\u00e9kek, hanem a kiv\u00e9teles szolg\u00e1ltat\u00e1s ny\u00fajt\u00e1sa ir\u00e1nt is. A kezdeti konzult\u00e1ci\u00f3t\u00f3l az \u00e9rt\u00e9kes\u00edt\u00e9s ut\u00e1ni t\u00e1mogat\u00e1sig szorosan egy\u00fcttm\u0171k\u00f6d\u00fcnk \u00fcgyfeleinkkel annak biztos\u00edt\u00e1sa \u00e9rdek\u00e9ben, hogy ig\u00e9nyeiket professzionalizmussal \u00e9s gondoss\u00e1ggal el\u00e9g\u00edts\u00fck ki. Versenyk\u00e9pes \u00e1raink, valamint a min\u0151s\u00e9g ir\u00e1nti rend\u00edthetetlen elk\u00f6telezetts\u00e9g\u00fcnk teszi az FMP-t okos v\u00e1laszt\u00e1ss\u00e1 azoknak a v\u00e1llalatoknak, amelyek megb\u00edzhat\u00f3 hidraulikus megold\u00e1sokba szeretn\u00e9nek befektetni.<\/p>","protected":false},"excerpt":{"rendered":"<p>Quality Assurance Telescopic Hydraulic Cylinder for Dump Trailer Introducing our newest product &#8211; the Quality Assurance Telescopic Hydraulic Cylinder for Dump Trailer. This is a top-tier hydraulic cylinder designed for optimum performance in various industries including Machinery Repair Shops, Farms, Energy &amp; Mining, and Machinery manufacturing plants. Features and Functionality The Telescopic Hydraulic Cylinder is [&hellip;]<\/p>","protected":false},"featured_media":6745,"comment_status":"closed","ping_status":"closed","template":"","meta":{"_et_pb_use_builder":"","_et_pb_old_content":"","_et_gb_content_width":""},"product_brand":[],"product_cat":[103],"product_tag":[34,105],"class_list":{"0":"post-6566","1":"product","2":"type-product","3":"status-publish","4":"has-post-thumbnail","6":"product_cat-telescopic-hydraulic-cylinders","7":"product_tag-hydraulic-cylinder","8":"product_tag-telescopic-hydraulic-cylinders","10":"first","11":"instock","12":"product-type-simple"},"_links":{"self":[{"href":"https:\/\/fmp-components.com\/hu\/wp-json\/wp\/v2\/product\/6566","targetHints":{"allow":["GET"]}}],"collection":[{"href":"https:\/\/fmp-components.com\/hu\/wp-json\/wp\/v2\/product"}],"about":[{"href":"https:\/\/fmp-components.com\/hu\/wp-json\/wp\/v2\/types\/product"}],"replies":[{"embeddable":true,"href":"https:\/\/fmp-components.com\/hu\/wp-json\/wp\/v2\/comments?post=6566"}],"wp:featuredmedia":[{"embeddable":true,"href":"https:\/\/fmp-components.com\/hu\/wp-json\/wp\/v2\/media\/6745"}],"wp:attachment":[{"href":"https:\/\/fmp-components.com\/hu\/wp-json\/wp\/v2\/media?parent=6566"}],"wp:term":[{"taxonomy":"product_brand","embeddable":true,"href":"https:\/\/fmp-components.com\/hu\/wp-json\/wp\/v2\/product_brand?post=6566"},{"taxonomy":"product_cat","embeddable":true,"href":"https:\/\/fmp-components.com\/hu\/wp-json\/wp\/v2\/product_cat?post=6566"},{"taxonomy":"product_tag","embeddable":true,"href":"https:\/\/fmp-components.com\/hu\/wp-json\/wp\/v2\/product_tag?post=6566"}],"curies":[{"name":"munkaf\u00fczet","href":"https:\/\/api.w.org\/{rel}","templated":true}]}}