{"id":6565,"date":"2025-03-11T06:29:39","date_gmt":"2025-03-11T06:29:39","guid":{"rendered":"https:\/\/fmp-components.com\/product\/factory-price-mini-telescopic-double-acting-hydraulic-cylinder"},"modified":"2025-03-12T06:28:26","modified_gmt":"2025-03-12T06:28:26","slug":"factory-price-mini-telescopic-double-acting-hydraulic-cylinder","status":"publish","type":"product","link":"https:\/\/fmp-components.com\/hu\/product\/factory-price-mini-telescopic-double-acting-hydraulic-cylinder\/","title":{"rendered":"Gy\u00e1ri \u00e1r\u00fa mini teleszk\u00f3pos kett\u0151s m\u0171k\u00f6d\u00e9s\u0171 hidraulikus henger"},"content":{"rendered":"<h2>Gy\u00e1ri \u00e1r\u00fa mini teleszk\u00f3pos kett\u0151s m\u0171k\u00f6d\u00e9s\u0171 hidraulikus henger<\/h2>\n<p>Gy\u00e1ri \u00e1r\u00fa mini teleszk\u00f3pos kett\u0151s m\u0171k\u00f6d\u00e9s\u0171 hidraulikus henger\u00fcnk egy kiv\u00e1l\u00f3 min\u0151s\u00e9g\u0171, sokoldal\u00fa alkatr\u00e9sz, amely ide\u00e1lis sz\u00e1mos ipar\u00e1gban val\u00f3 haszn\u00e1latra. Legyen sz\u00f3 g\u00e9pjav\u00edt\u00f3 m\u0171helyekr\u0151l, mez\u0151gazdas\u00e1gr\u00f3l, energia- \u00e9s b\u00e1ny\u00e1szatr\u00f3l, vagy g\u00e9pgy\u00e1rt\u00e1sr\u00f3l, ezt a hidraulikus hengert a hat\u00e9konys\u00e1g \u00e9s a tart\u00f3ss\u00e1g jegy\u00e9ben tervezt\u00e9k. Ac\u00e9l teste, szabv\u00e1nyos szerkezete \u00e9s hidraulikus teljes\u00edtm\u00e9nye megb\u00edzhat\u00f3 v\u00e1laszt\u00e1ss\u00e1 teszi b\u00e1rmilyen g\u00e9pkonfigur\u00e1ci\u00f3hoz.<\/p>\n<h3>Term\u00e9kspecifik\u00e1ci\u00f3k<\/h3>\n<p>Hidraulikus henger\u00fcnk nemcsak robusztus, hanem rugalmas is. 2-6 h\u00fcvelykes furat\u00e1tm\u00e9r\u0151j\u00e9vel, 1,125-4 h\u00fcvelykes r\u00fad\u00e1tm\u00e9r\u0151j\u00e9vel \u00e9s 4-100 h\u00fcvelykes l\u00f6kethossz\u00e1val k\u00f6nnyen illeszkedik k\u00fcl\u00f6nf\u00e9le berendez\u00e9skonfigur\u00e1ci\u00f3kba. Emellett maxim\u00e1lis tol\u00f3ereje 3000 tonna, maxim\u00e1lis h\u00faz\u00f3ereje pedig 20 tonna, \u00edgy b\u00e1rmilyen g\u00e9p er\u0151teljes kieg\u00e9sz\u00edt\u0151je.<\/p>\n<table style=\"width: 94.502%;\" border=\"\">\n<tbody>\n<tr>\n<th style=\"width: 43.5028%;\">Furatm\u00e9ret<\/th>\n<td style=\"width: 455.932%;\">2-6 h\u00fcvelyk<\/td>\n<\/tr>\n<tr>\n<th style=\"width: 43.5028%;\">R\u00fad m\u00e9rete<\/th>\n<td style=\"width: 455.932%;\">1,125-4 h\u00fcvelyk<\/td>\n<\/tr>\n<tr>\n<th style=\"width: 43.5028%;\">Ecsetvon\u00e1s m\u00e9rete<\/th>\n<td style=\"width: 455.932%;\">4-100 h\u00fcvelyk<\/td>\n<\/tr>\n<tr>\n<th style=\"width: 43.5028%;\">Cs\u00edp\u0151m\u00e9ret<\/th>\n<td style=\"width: 455.932%;\">0,5-2 h\u00fcvelyk<\/td>\n<\/tr>\n<tr>\n<th style=\"width: 43.5028%;\">kik\u00f6t\u0151k<\/th>\n<td style=\"width: 455.932%;\">G\/SAE\/NPT\/M<\/td>\n<\/tr>\n<\/tbody>\n<\/table>\n<h2>Term\u00e9kjellemz\u0151k \u00e9s el\u0151ny\u00f6k<\/h2>\n<p>Hidraulikus henger\u00fcnket a hat\u00e9konys\u00e1g, a biztons\u00e1g \u00e9s az energiatakar\u00e9koss\u00e1g szem el\u0151tt tart\u00e1s\u00e1val tervezt\u00fck. T\u00f6bbl\u00e9pcs\u0151s szerkezete lehet\u0151v\u00e9 teszi a hat\u00e9kony m\u0171k\u00f6d\u00e9st, m\u00edg ISO9001:2000 tan\u00fas\u00edtv\u00e1nya bizony\u00edtja biztons\u00e1g\u00e1t \u00e9s min\u0151s\u00e9g\u00e9t. Maxim\u00e1lis 20 tonn\u00e1s h\u00faz\u00f3erej\u00e9vel \u00e9s maxim\u00e1lis 3000 tonn\u00e1s tol\u00f3erej\u00e9vel egy er\u0151teljes, m\u00e9gis energiatudatos kieg\u00e9sz\u00edt\u0151je lehet g\u00e9peinek.<\/p>\n<h2>Hidraulikus rendszerek \u00e9s m\u0171k\u00f6d\u00e9si elv<\/h2>\n<p>A mi\u00e9nkhez hasonl\u00f3 hidraulikus hengerek \u00fagy m\u0171k\u00f6dnek, hogy a nyom\u00e1s alatt l\u00e9v\u0151 hidraulikafolyad\u00e9k energi\u00e1j\u00e1t olyan er\u0151v\u00e9 alak\u00edtj\u00e1k, amely k\u00e9pes g\u00e9peket mozgatni. Ezt egy hengerh\u00fcvelyben elhelyezett dugatty\u00fa seg\u00edts\u00e9g\u00e9vel \u00e9rik el. Ahogy a hidraulikafolyad\u00e9k a hengerbe nyom\u00f3dik, nyomja a dugatty\u00fat, ami viszont nyomja a rudat, mozg\u00e1st hozva l\u00e9tre.<\/p>\n<p><img loading=\"lazy\" decoding=\"async\" class=\"alignnone  wp-image-6664\" src=\"https:\/\/fmp-components.com\/wp-content\/uploads\/2025\/03\/telescopic-hydraulic-cylinder-8.webp\" alt=\"teleszk\u00f3pos hidraulikus henger\" width=\"902\" height=\"902\" title=\"\" srcset=\"https:\/\/fmp-components.com\/wp-content\/uploads\/2025\/03\/telescopic-hydraulic-cylinder-8.webp 902w, https:\/\/fmp-components.com\/wp-content\/uploads\/2025\/03\/telescopic-hydraulic-cylinder-8-480x480.webp 480w\" sizes=\"(min-width: 0px) and (max-width: 480px) 480px, (min-width: 481px) 902px, 100vw\" \/><\/p>\n<h2>Term\u00e9kalkalmaz\u00e1s<\/h2>\n<p>Ez a hidraulikus henger sz\u00e1mos ipar\u00e1gban haszn\u00e1lhat\u00f3, bele\u00e9rtve a g\u00e9pjav\u00edt\u00f3 m\u0171helyeket, a mez\u0151gazdas\u00e1got, az energia- \u00e9s b\u00e1ny\u00e1szatot, a g\u00e9pgy\u00e1rt\u00e1st \u00e9s sok m\u00e1s ter\u00fcletet. Sokoldal\u00fa kialak\u00edt\u00e1s\u00e1nak k\u00f6sz\u00f6nhet\u0151en sz\u00e1mos k\u00fcl\u00f6nb\u00f6z\u0151 t\u00edpus\u00fa g\u00e9p n\u00e9lk\u00fcl\u00f6zhetetlen alkot\u00f3eleme.<\/p>\n<h2>Hidraulikus hengerek \u00e9s t\u00e1pegys\u00e9gek<\/h2>\n<p>A hidraulikus hengerek \u00e9s a t\u00e1pegys\u00e9gek minden hidraulikus rendszer szerves r\u00e9sz\u00e9t k\u00e9pezik. Egy\u00fcttm\u0171k\u00f6dve biztos\u00edtj\u00e1k a hidraulikus technol\u00f3gia sz\u00e9les k\u00f6r\u0171 alkalmaz\u00e1s\u00e1t az ipari ter\u00fcleten, megb\u00edzhat\u00f3 energia- \u00e9s vez\u00e9rl\u00e9si t\u00e1mogat\u00e1st ny\u00fajtva k\u00fcl\u00f6nf\u00e9le m\u00e9rn\u00f6ki \u00e9s g\u00e9p\u00e9szeti berendez\u00e9sek sz\u00e1m\u00e1ra. A hidraulikus henger, mint aktu\u00e1tor, felel\u0151s a hidraulikus energia mechanikai mozg\u00e1ss\u00e1 alak\u00edt\u00e1s\u00e1\u00e9rt, a nyom\u00e1s er\u0151v\u00e9 alak\u00edt\u00e1s\u00e1\u00e9rt. A t\u00e1pegys\u00e9g ezzel szemben az a mag, amely biztos\u00edtja a hidraulikus rendszer \u00e1ltal ig\u00e9nyelt energi\u00e1t \u00e9s vez\u00e9rl\u0151jeleket. \u00d6sszehangolt egy\u00fcttm\u0171k\u00f6d\u00e9s\u00fck biztos\u00edtja a hidraulikus rendszer norm\u00e1l m\u0171k\u00f6d\u00e9s\u00e9t. A hidraulikus hengerek mellett az FMP t\u00e1pegys\u00e9geket is forgalmaz.<\/p>\n<h2>GYIK<\/h2>\n<p><b>K: Kereskedelmi v\u00e1llalat vagy gy\u00e1rt\u00f3?<\/b><br \/>\nV: Mi egy gy\u00e1r vagyunk.<\/p>\n<p><b>K: Mennyi a sz\u00e1ll\u00edt\u00e1si id\u0151?<\/b><br \/>\nV: \u00c1ltal\u00e1ban 25-35 nap.<\/p>\n<p><b>K: Tudsz-e a mint\u00e1k szerint gy\u00e1rtani?<\/b><br \/>\nV: Igen, a mint\u00e1k vagy m\u0171szaki rajzok alapj\u00e1n tudunk legy\u00e1rtani. El tudjuk k\u00e9sz\u00edteni a form\u00e1kat \u00e9s a szerelv\u00e9nyeket.<\/p>\n<h3>Az FMP-r\u0151l<\/h3>\n<p>Az FMP egy vezet\u0151 olasz gy\u00e1rt\u00f3, amely kiv\u00e1l\u00f3 min\u0151s\u00e9g\u0171 hidraulikus hengerek tervez\u00e9s\u00e9r\u0151l, fejleszt\u00e9s\u00e9r\u0151l \u00e9s gy\u00e1rt\u00e1s\u00e1r\u00f3l ismert. \u00c9vtizedes szak\u00e9rtelemmel \u00f6tv\u00f6zz\u00fck a hagyom\u00e1nyos olasz k\u00e9zm\u0171vess\u00e9get a fejlett technol\u00f3gi\u00e1val, hogy kiemelked\u0151 hidraulikus megold\u00e1sokat k\u00edn\u00e1ljunk, amelyek glob\u00e1lis \u00fcgyfeleink sokr\u00e9t\u0171 ig\u00e9nyeire szabottak. Az Olaszorsz\u00e1gban, a m\u00e9rn\u00f6ki kiv\u00e1l\u00f3s\u00e1g k\u00f6zpontj\u00e1ban tal\u00e1lhat\u00f3 FMP megb\u00edzhat\u00f3 n\u00e9vv\u00e9 v\u00e1lt a hidraulikus iparban, \u00e9s elk\u00f6telezett amellett, hogy megb\u00edzhat\u00f3, tart\u00f3s \u00e9s innovat\u00edv term\u00e9keket k\u00edn\u00e1ljon, amelyek vil\u00e1gszerte lend\u00fcletet adnak a v\u00e1llalkoz\u00e1soknak.<\/p>\n<p>A fejlett gy\u00e1rt\u00e1si hagyom\u00e1nyok legjav\u00e1t \u00f6tv\u00f6zz\u00fck el\u0151remutat\u00f3 megk\u00f6zel\u00edt\u00e9ssel. A hidraulikus rendszerek ter\u00e9n szerzett sz\u00e9lesk\u00f6r\u0171 tapasztalatainkra \u00e9p\u00edtve az FMP egy modern v\u00e1llalkoz\u00e1ss\u00e1 alakult \u00e1t, amely kiemelked\u0151 a kutat\u00e1s, a tervez\u00e9s \u00e9s a gy\u00e1rt\u00e1s ter\u00e9n. Szakter\u00fclet\u00fcnk a hidraulikus hengerek sz\u00e9les v\u00e1laszt\u00e9ka, p\u00e9ld\u00e1ul kett\u0151s m\u0171k\u00f6d\u00e9s\u0171 hengerek, aut\u00f3ipari emel\u0151hengerek, mez\u0151gazdas\u00e1gi g\u00e9pek hengerei \u00e9s egyedi tervez\u00e9s\u0171 megold\u00e1sok k\u00fcl\u00f6nf\u00e9le ipari alkalmaz\u00e1sokhoz. Hidraulikus hengereinket \u00fagy tervezt\u00fck, hogy a legnehezebb k\u00f6r\u00fclm\u00e9nyek k\u00f6z\u00f6tt is m\u0171k\u00f6djenek, \u00e9s biztons\u00e1got, hat\u00e9konys\u00e1got \u00e9s hossz\u00fa \u00e9lettartamot biztos\u00edtanak olyan \u00e1gazatokban, mint az \u00e9p\u00edt\u0151ipar, az ipari l\u00e9tes\u00edtm\u00e9nyek, a mez\u0151gazdas\u00e1g \u00e9s a neh\u00e9zg\u00e9pek gy\u00e1rt\u00e1sa.<\/p>\n<p>Az FMP-n\u00e9l b\u00fcszk\u00e9k vagyunk a legmodernebb gy\u00e1rt\u00f3\u00fczemeinkre, amelyek prec\u00edzi\u00f3s g\u00e9pekkel \u00e9s fejlett vizsg\u00e1l\u00f3rendszerekkel vannak felszerelve. Gy\u00e1rt\u00e1si folyamataink szigor\u00fa nemzeti \u00e9s nemzetk\u00f6zi szabv\u00e1nyoknak felelnek meg, garant\u00e1lva, hogy minden egyes hidraulikus henger, amely elhagyja gy\u00e1runkat, megfelel a legmagasabb min\u0151s\u00e9gi \u00e9s megb\u00edzhat\u00f3s\u00e1gi k\u00f6vetelm\u00e9nyeknek. K\u00e9pzett m\u0171szaki csapatunk a legmodernebb berendez\u00e9sekkel egy\u00fctt lehet\u0151v\u00e9 teszi sz\u00e1munkra, hogy szigor\u00fa min\u0151s\u00e9gellen\u0151rz\u00e9st tartsunk fenn minden gy\u00e1rt\u00e1si szakaszban \u2013 az alapanyagok kiv\u00e1laszt\u00e1s\u00e1t\u00f3l a v\u00e9gs\u0151 ellen\u0151rz\u00e9sig. Ez a kiv\u00e1l\u00f3s\u00e1g ir\u00e1nti elk\u00f6telezetts\u00e9g\u00fcnk tan\u00fas\u00edtv\u00e1nyokat \u00e9s elismer\u00e9seket szerzett nek\u00fcnk az ipar\u00e1gi hat\u00f3s\u00e1gokt\u00f3l, meger\u0151s\u00edtve megb\u00edzhat\u00f3 partnerk\u00e9nt szerzett h\u00edrnev\u00fcnket.<\/p>\n<p><img loading=\"lazy\" decoding=\"async\" class=\"alignnone size-full wp-image-6720\" src=\"https:\/\/fmp-components.com\/wp-content\/uploads\/2025\/03\/hydraulic-cylinder-8.webp\" alt=\"Teleszk\u00f3pos hidraulikus hengerek\" width=\"933\" height=\"526\" title=\"\" srcset=\"https:\/\/fmp-components.com\/wp-content\/uploads\/2025\/03\/hydraulic-cylinder-8.webp 933w, https:\/\/fmp-components.com\/wp-content\/uploads\/2025\/03\/hydraulic-cylinder-8-480x271.webp 480w\" sizes=\"(min-width: 0px) and (max-width: 480px) 480px, (min-width: 481px) 933px, 100vw\" \/><\/p>\n<p>K\u00fcldet\u00e9s\u00fcnk egyszer\u0171 \u00e9s ambici\u00f3zus: olyan hidraulikus hengereket k\u00edn\u00e1lni, amelyek teljes\u00edtm\u00e9ny, tart\u00f3ss\u00e1g \u00e9s \u00e9rt\u00e9k tekintet\u00e9ben fel\u00fclm\u00falj\u00e1k az elv\u00e1r\u00e1sokat. A professzionalizmus, a feddhetetlens\u00e9g \u00e9s az \u00fcgyf\u00e9lk\u00f6zpont\u00fas\u00e1g alapelvei vez\u00e9relnek minket, az innov\u00e1ci\u00f3 \u00e9s a precizit\u00e1s kult\u00far\u00e1j\u00e1t \u00e1poljuk, folyamatosan finom\u00edtva term\u00e9keinket, hogy meg\u0151rizz\u00fck el\u0151ny\u00fcnket a versenyk\u00e9pes piacon. \u00c1tfog\u00f3 term\u00e9kk\u00edn\u00e1latunkkal \u00e9s a szem\u00e9lyre szabott megold\u00e1sok k\u00edn\u00e1l\u00e1s\u00e1nak k\u00e9pess\u00e9g\u00e9vel mi vagyunk a legjobb v\u00e1laszt\u00e1s a nagy teljes\u00edtm\u00e9ny\u0171 hidraulikus hengereket keres\u0151 v\u00e1llalkoz\u00e1sok sz\u00e1m\u00e1ra.<\/p>\n<p>Az FMP t\u00f6bb mint egy gy\u00e1rt\u00f3; partnerek vagyunk a siker\u00e9ben. Tudjuk, hogy \u00fcgyfeleink olyan szersz\u00e1mok sz\u00e1ll\u00edt\u00e1s\u00e1ban sz\u00e1m\u00edtanak r\u00e1nk, amelyek n\u00f6velik termel\u00e9kenys\u00e9g\u00fcket \u00e9s biztons\u00e1gukat. Ez\u00e9rt elk\u00f6telezettek vagyunk nemcsak a legjobb min\u0151s\u00e9g\u0171 term\u00e9kek, hanem a kiv\u00e9teles szolg\u00e1ltat\u00e1s ny\u00fajt\u00e1sa ir\u00e1nt is. A kezdeti konzult\u00e1ci\u00f3t\u00f3l az \u00e9rt\u00e9kes\u00edt\u00e9s ut\u00e1ni t\u00e1mogat\u00e1sig szorosan egy\u00fcttm\u0171k\u00f6d\u00fcnk \u00fcgyfeleinkkel annak biztos\u00edt\u00e1sa \u00e9rdek\u00e9ben, hogy ig\u00e9nyeiket professzionalizmussal \u00e9s gondoss\u00e1ggal el\u00e9g\u00edts\u00fck ki. Versenyk\u00e9pes \u00e1raink, valamint a min\u0151s\u00e9g ir\u00e1nti rend\u00edthetetlen elk\u00f6telezetts\u00e9g\u00fcnk teszi az FMP-t okos v\u00e1laszt\u00e1ss\u00e1 azoknak a v\u00e1llalatoknak, amelyek megb\u00edzhat\u00f3 hidraulikus megold\u00e1sokba szeretn\u00e9nek befektetni.<\/p>","protected":false},"excerpt":{"rendered":"<p>Gy\u00e1ri \u00e1r\u00fa mini teleszk\u00f3pos kett\u0151s m\u0171k\u00f6d\u00e9s\u0171 hidraulikus henger Gy\u00e1ri \u00e1r\u00fa mini teleszk\u00f3pos kett\u0151s m\u0171k\u00f6d\u00e9s\u0171 hidraulikus henger\u00fcnk egy kiv\u00e1l\u00f3 min\u0151s\u00e9g\u0171, sokoldal\u00fa alkatr\u00e9sz, amely ide\u00e1lis sz\u00e1mos ipar\u00e1gban val\u00f3 haszn\u00e1latra. Legyen sz\u00f3 g\u00e9pjav\u00edt\u00f3 m\u0171helyekr\u0151l, mez\u0151gazdas\u00e1gr\u00f3l, energia- \u00e9s b\u00e1ny\u00e1szatr\u00f3l, vagy g\u00e9pgy\u00e1rt\u00e1sr\u00f3l, ezt a hidraulikus hengert a hat\u00e9konys\u00e1g \u00e9s a tart\u00f3ss\u00e1g jegy\u00e9ben tervezt\u00e9k. Ac\u00e9l teste, [\u2026]<\/p>","protected":false},"featured_media":6743,"comment_status":"closed","ping_status":"closed","template":"","meta":{"_et_pb_use_builder":"","_et_pb_old_content":"","_et_gb_content_width":""},"product_brand":[],"product_cat":[103],"product_tag":[34,105],"class_list":{"0":"post-6565","1":"product","2":"type-product","3":"status-publish","4":"has-post-thumbnail","6":"product_cat-telescopic-hydraulic-cylinders","7":"product_tag-hydraulic-cylinder","8":"product_tag-telescopic-hydraulic-cylinders","10":"first","11":"instock","12":"product-type-simple"},"_links":{"self":[{"href":"https:\/\/fmp-components.com\/hu\/wp-json\/wp\/v2\/product\/6565","targetHints":{"allow":["GET"]}}],"collection":[{"href":"https:\/\/fmp-components.com\/hu\/wp-json\/wp\/v2\/product"}],"about":[{"href":"https:\/\/fmp-components.com\/hu\/wp-json\/wp\/v2\/types\/product"}],"replies":[{"embeddable":true,"href":"https:\/\/fmp-components.com\/hu\/wp-json\/wp\/v2\/comments?post=6565"}],"wp:featuredmedia":[{"embeddable":true,"href":"https:\/\/fmp-components.com\/hu\/wp-json\/wp\/v2\/media\/6743"}],"wp:attachment":[{"href":"https:\/\/fmp-components.com\/hu\/wp-json\/wp\/v2\/media?parent=6565"}],"wp:term":[{"taxonomy":"product_brand","embeddable":true,"href":"https:\/\/fmp-components.com\/hu\/wp-json\/wp\/v2\/product_brand?post=6565"},{"taxonomy":"product_cat","embeddable":true,"href":"https:\/\/fmp-components.com\/hu\/wp-json\/wp\/v2\/product_cat?post=6565"},{"taxonomy":"product_tag","embeddable":true,"href":"https:\/\/fmp-components.com\/hu\/wp-json\/wp\/v2\/product_tag?post=6565"}],"curies":[{"name":"munkaf\u00fczet","href":"https:\/\/api.w.org\/{rel}","templated":true}]}}