{"id":6563,"date":"2025-03-11T06:29:39","date_gmt":"2025-03-11T06:29:39","guid":{"rendered":"https:\/\/fmp-components.com\/product\/quality-manufacturing-4-stage-telescopic-hydraulic-cylinder-for-dump-trailer"},"modified":"2025-03-12T06:21:59","modified_gmt":"2025-03-12T06:21:59","slug":"quality-manufacturing-4-stage-telescopic-hydraulic-cylinder-for-dump-trailer","status":"publish","type":"product","link":"https:\/\/fmp-components.com\/hu\/product\/quality-manufacturing-4-stage-telescopic-hydraulic-cylinder-for-dump-trailer\/","title":{"rendered":"Min\u0151s\u00e9gi gy\u00e1rt\u00e1s\u00fa 4 fokozat\u00fa teleszk\u00f3pos hidraulikus henger d\u00f6mperhez"},"content":{"rendered":"<h2>Min\u0151s\u00e9gi gy\u00e1rt\u00e1s\u00fa 4 fokozat\u00fa teleszk\u00f3pos hidraulikus henger d\u00f6mperhez<\/h2>\n<p>A 4 fokozat\u00fa teleszk\u00f3pos hidraulikus henger egy kiv\u00e9teles term\u00e9k, amely leny\u0171g\u00f6z\u0151 funkcionalit\u00e1st \u00e9s teljes\u00edtm\u00e9nyt k\u00edn\u00e1l. K\u00fcl\u00f6nb\u00f6z\u0151 ipar\u00e1gakban val\u00f3 haszn\u00e1latra tervezt\u00e9k, bele\u00e9rtve a g\u00e9pjav\u00edt\u00f3 m\u0171helyeket, a mez\u0151gazdas\u00e1got, az energia- \u00e9s b\u00e1ny\u00e1szatot, a g\u00e9pgy\u00e1rt\u00e1st \u00e9s a g\u00e9pgy\u00e1rakat.<\/p>\n<h2>Term\u00e9kspecifik\u00e1ci\u00f3k<\/h2>\n<table style=\"width: 97.0168%; height: 123px;\" border=\"\">\n<tbody>\n<tr>\n<td><b>Furatm\u00e9ret<\/b><\/td>\n<td>2-6 h\u00fcvelyk<\/td>\n<\/tr>\n<tr>\n<td><b>R\u00fad m\u00e9rete<\/b><\/td>\n<td>1,125-4 h\u00fcvelyk<\/td>\n<\/tr>\n<tr>\n<td><b>Ecsetvon\u00e1s m\u00e9rete<\/b><\/td>\n<td>4-100 h\u00fcvelyk<\/td>\n<\/tr>\n<tr>\n<td><b>Cs\u00edp\u0151m\u00e9ret<\/b><\/td>\n<td>0,5-2 h\u00fcvelyk<\/td>\n<\/tr>\n<tr>\n<td><b>kik\u00f6t\u0151k<\/b><\/td>\n<td>G\/SAE\/NPT\/M<\/td>\n<\/tr>\n<\/tbody>\n<\/table>\n<h3>Egyedi tulajdons\u00e1gok \u00e9s el\u0151ny\u00f6k<\/h3>\n<ul>\n<li>Energiatakar\u00e9kos<\/li>\n<li>Rendk\u00edv\u00fcl hat\u00e9kony<\/li>\n<li>Biztons\u00e1gos haszn\u00e1lat<\/li>\n<\/ul>\n<h2>A hidraulikus rendszer meg\u00e9rt\u00e9se<\/h2>\n<p>A hidraulikus rendszer a folyad\u00e9knyom\u00e1s alapelv\u00e9n m\u0171k\u00f6dik, amely a funkcionalit\u00e1s\u00e1nak \u00e9s hat\u00e9konys\u00e1g\u00e1nak alapja. Egy hidraulikus rendszerben, amikor b\u00e1rmely ponton nyom\u00e1st alkalmazunk, az er\u0151t hoz l\u00e9tre, amely a hidraulikus folyad\u00e9kon kereszt\u00fcl a rendszer \u00f6sszes t\u00f6bbi pontj\u00e1ra tov\u00e1bb\u00edt\u00f3dik. Ez a tulajdons\u00e1g lehet\u0151v\u00e9 teszi a rendszer sz\u00e1m\u00e1ra, hogy a neh\u00e9z terhek emel\u00e9s\u00e9t\u0151l a g\u00e9pek prec\u00edz mozgat\u00e1s\u00e1ig sz\u00e1mos feladatot ell\u00e1sson.<\/p>\n<p>A nyom\u00e1s\u00e1tvitel az\u00e9rt t\u00f6rt\u00e9nik, mert a hidraulikus folyad\u00e9kok \u00f6sszenyomhatatlanok; amikor er\u0151 hat a folyad\u00e9kra, annak minden ir\u00e1nyban mozognia \u00e9s nyom\u00e1st kell kifejtenie. Ez azt jelenti, hogy egy kis bemeneti er\u0151 jelent\u0151s kimeneti er\u0151t eredm\u00e9nyezhet, ami a hidraulikus rendszereket kiv\u00e9telesen er\u0151ss\u00e9 \u00e9s hat\u00e9konny\u00e1 teszi. P\u00e9ld\u00e1ul, amikor egy hidraulikus szivatty\u00fa nyom\u00e1st gener\u00e1l, a folyad\u00e9kot cs\u00f6veken \u00e9s t\u00f6ml\u0151k\u00f6n kereszt\u00fcl k\u00fcl\u00f6nb\u00f6z\u0151 alkatr\u00e9szekhez, p\u00e9ld\u00e1ul hidraulikus hengerekhez vagy motorokhoz juttatja, ahol a nyom\u00e1s mechanikai mozg\u00e1ss\u00e1 alakul.<\/p>\n<p><img loading=\"lazy\" decoding=\"async\" class=\"alignnone  wp-image-6663\" src=\"https:\/\/fmp-components.com\/wp-content\/uploads\/2025\/03\/telescopic-hydraulic-cylinder-11.webp\" alt=\"teleszk\u00f3pos hidraulikus henger\" width=\"914\" height=\"914\" title=\"\" srcset=\"https:\/\/fmp-components.com\/wp-content\/uploads\/2025\/03\/telescopic-hydraulic-cylinder-11.webp 914w, https:\/\/fmp-components.com\/wp-content\/uploads\/2025\/03\/telescopic-hydraulic-cylinder-11-480x480.webp 480w\" sizes=\"(min-width: 0px) and (max-width: 480px) 480px, (min-width: 481px) 914px, 100vw\" \/><\/p>\n<p>Tov\u00e1bb\u00e1 a hidraulikus rendszerek \u00f6sszekapcsolt jellege lehet\u0151v\u00e9 teszi t\u00f6bb komponens szinkroniz\u00e1l\u00e1s\u00e1t, \u00edgy azok egyidej\u0171 \u00e9s hat\u00e9kony m\u0171k\u00f6d\u00e9s\u00e9t. Ez a funkci\u00f3 k\u00fcl\u00f6n\u00f6sen el\u0151ny\u00f6s az \u00f6sszehangolt mozg\u00e1sokat ig\u00e9nyl\u0151 alkalmaz\u00e1sokban, p\u00e9ld\u00e1ul az \u00e9p\u00edt\u0151ipari g\u00e9pekn\u00e9l, ahol t\u00f6bb funkci\u00f3t kell egyszerre v\u00e9grehajtani.<\/p>\n<p>Ezenk\u00edv\u00fcl a hidraulikus rendszerek k\u00f6nnyen vez\u00e9relhet\u0151k \u00e9s \u00e1ll\u00edthat\u00f3k. A hidraulikafolyad\u00e9k \u00e1raml\u00e1s\u00e1nak szelepek \u00e9s szivatty\u00fak seg\u00edts\u00e9g\u00e9vel t\u00f6rt\u00e9n\u0151 manipul\u00e1l\u00e1s\u00e1val a kezel\u0151k finomhangolhatj\u00e1k a rendszer teljes\u00edtm\u00e9ny\u00e9t az adott k\u00f6vetelm\u00e9nyeknek megfelel\u0151en. Ez a sokoldal\u00fas\u00e1g alkalmass\u00e1 teszi a hidraulikus rendszereket k\u00fcl\u00f6nf\u00e9le alkalmaz\u00e1sokhoz sz\u00e1mos ipar\u00e1gban, bele\u00e9rtve a gy\u00e1rt\u00e1st, a mez\u0151gazdas\u00e1got, az aut\u00f3ipart \u00e9s az energiaipart.<\/p>\n<h2>GYIK<\/h2>\n<dl>\n<dt><b>K: Kereskedelmi v\u00e1llalat vagy gy\u00e1rt\u00f3?<\/b><\/dt>\n<dd>V: Mi egy gy\u00e1r vagyunk.<\/dd>\n<dt><b>K: Mennyi a sz\u00e1ll\u00edt\u00e1si id\u0151?<\/b><\/dt>\n<dd>V: \u00c1ltal\u00e1ban 25-35 napot vesz ig\u00e9nybe.<\/dd>\n<dt><b>K: Biztos\u00edtanak mint\u00e1kat? Ingyenes vagy k\u00fcl\u00f6n fizetend\u0151?<\/b><\/dt>\n<dd>V: Igen, biztos\u00edtunk mint\u00e1kat, de ezek nem ingyenesek.<\/dd>\n<\/dl>\n<h3>Az FMP-r\u0151l<\/h3>\n<p>Az FMP egy vezet\u0151 olasz gy\u00e1rt\u00f3, amely kiv\u00e1l\u00f3 min\u0151s\u00e9g\u0171 hidraulikus hengerek tervez\u00e9s\u00e9r\u0151l, fejleszt\u00e9s\u00e9r\u0151l \u00e9s gy\u00e1rt\u00e1s\u00e1r\u00f3l ismert. \u00c9vtizedes szak\u00e9rtelemmel \u00f6tv\u00f6zz\u00fck a hagyom\u00e1nyos olasz k\u00e9zm\u0171vess\u00e9get a fejlett technol\u00f3gi\u00e1val, hogy kiemelked\u0151 hidraulikus megold\u00e1sokat k\u00edn\u00e1ljunk, amelyek glob\u00e1lis \u00fcgyfeleink sokr\u00e9t\u0171 ig\u00e9nyeire szabottak. Az Olaszorsz\u00e1gban, a m\u00e9rn\u00f6ki kiv\u00e1l\u00f3s\u00e1g k\u00f6zpontj\u00e1ban tal\u00e1lhat\u00f3 FMP megb\u00edzhat\u00f3 n\u00e9vv\u00e9 v\u00e1lt a hidraulikus iparban, \u00e9s elk\u00f6telezett amellett, hogy megb\u00edzhat\u00f3, tart\u00f3s \u00e9s innovat\u00edv term\u00e9keket k\u00edn\u00e1ljon, amelyek vil\u00e1gszerte lend\u00fcletet adnak a v\u00e1llalkoz\u00e1soknak.<\/p>\n<p>A fejlett gy\u00e1rt\u00e1si hagyom\u00e1nyok legjav\u00e1t \u00f6tv\u00f6zz\u00fck el\u0151remutat\u00f3 megk\u00f6zel\u00edt\u00e9ssel. A hidraulikus rendszerek ter\u00e9n szerzett sz\u00e9lesk\u00f6r\u0171 tapasztalatainkra \u00e9p\u00edtve az FMP egy modern v\u00e1llalkoz\u00e1ss\u00e1 alakult \u00e1t, amely kiemelked\u0151 a kutat\u00e1s, a tervez\u00e9s \u00e9s a gy\u00e1rt\u00e1s ter\u00e9n. Szakter\u00fclet\u00fcnk a hidraulikus hengerek sz\u00e9les v\u00e1laszt\u00e9ka, p\u00e9ld\u00e1ul kett\u0151s m\u0171k\u00f6d\u00e9s\u0171 hengerek, aut\u00f3ipari emel\u0151hengerek, mez\u0151gazdas\u00e1gi g\u00e9pek hengerei \u00e9s egyedi tervez\u00e9s\u0171 megold\u00e1sok k\u00fcl\u00f6nf\u00e9le ipari alkalmaz\u00e1sokhoz. Hidraulikus hengereinket \u00fagy tervezt\u00fck, hogy a legnehezebb k\u00f6r\u00fclm\u00e9nyek k\u00f6z\u00f6tt is m\u0171k\u00f6djenek, \u00e9s biztons\u00e1got, hat\u00e9konys\u00e1got \u00e9s hossz\u00fa \u00e9lettartamot biztos\u00edtanak olyan \u00e1gazatokban, mint az \u00e9p\u00edt\u0151ipar, az ipari l\u00e9tes\u00edtm\u00e9nyek, a mez\u0151gazdas\u00e1g \u00e9s a neh\u00e9zg\u00e9pek gy\u00e1rt\u00e1sa.<\/p>\n<p>Az FMP-n\u00e9l b\u00fcszk\u00e9k vagyunk a legmodernebb gy\u00e1rt\u00f3\u00fczemeinkre, amelyek prec\u00edzi\u00f3s g\u00e9pekkel \u00e9s fejlett vizsg\u00e1l\u00f3rendszerekkel vannak felszerelve. Gy\u00e1rt\u00e1si folyamataink szigor\u00fa nemzeti \u00e9s nemzetk\u00f6zi szabv\u00e1nyoknak felelnek meg, garant\u00e1lva, hogy minden egyes hidraulikus henger, amely elhagyja gy\u00e1runkat, megfelel a legmagasabb min\u0151s\u00e9gi \u00e9s megb\u00edzhat\u00f3s\u00e1gi k\u00f6vetelm\u00e9nyeknek. K\u00e9pzett m\u0171szaki csapatunk a legmodernebb berendez\u00e9sekkel egy\u00fctt lehet\u0151v\u00e9 teszi sz\u00e1munkra, hogy szigor\u00fa min\u0151s\u00e9gellen\u0151rz\u00e9st tartsunk fenn minden gy\u00e1rt\u00e1si szakaszban \u2013 az alapanyagok kiv\u00e1laszt\u00e1s\u00e1t\u00f3l a v\u00e9gs\u0151 ellen\u0151rz\u00e9sig. Ez a kiv\u00e1l\u00f3s\u00e1g ir\u00e1nti elk\u00f6telezetts\u00e9g\u00fcnk tan\u00fas\u00edtv\u00e1nyokat \u00e9s elismer\u00e9seket szerzett nek\u00fcnk az ipar\u00e1gi hat\u00f3s\u00e1gokt\u00f3l, meger\u0151s\u00edtve megb\u00edzhat\u00f3 partnerk\u00e9nt szerzett h\u00edrnev\u00fcnket.<\/p>\n<p><img loading=\"lazy\" decoding=\"async\" class=\"alignnone size-full wp-image-6720\" src=\"https:\/\/fmp-components.com\/wp-content\/uploads\/2025\/03\/hydraulic-cylinder-8.webp\" alt=\"Teleszk\u00f3pos hidraulikus hengerek\" width=\"933\" height=\"526\" title=\"\" srcset=\"https:\/\/fmp-components.com\/wp-content\/uploads\/2025\/03\/hydraulic-cylinder-8.webp 933w, https:\/\/fmp-components.com\/wp-content\/uploads\/2025\/03\/hydraulic-cylinder-8-480x271.webp 480w\" sizes=\"(min-width: 0px) and (max-width: 480px) 480px, (min-width: 481px) 933px, 100vw\" \/><\/p>\n<p>K\u00fcldet\u00e9s\u00fcnk egyszer\u0171 \u00e9s ambici\u00f3zus: olyan hidraulikus hengereket k\u00edn\u00e1lni, amelyek teljes\u00edtm\u00e9ny, tart\u00f3ss\u00e1g \u00e9s \u00e9rt\u00e9k tekintet\u00e9ben fel\u00fclm\u00falj\u00e1k az elv\u00e1r\u00e1sokat. A professzionalizmus, a feddhetetlens\u00e9g \u00e9s az \u00fcgyf\u00e9lk\u00f6zpont\u00fas\u00e1g alapelvei vez\u00e9relnek minket, az innov\u00e1ci\u00f3 \u00e9s a precizit\u00e1s kult\u00far\u00e1j\u00e1t \u00e1poljuk, folyamatosan finom\u00edtva term\u00e9keinket, hogy meg\u0151rizz\u00fck el\u0151ny\u00fcnket a versenyk\u00e9pes piacon. \u00c1tfog\u00f3 term\u00e9kk\u00edn\u00e1latunkkal \u00e9s a szem\u00e9lyre szabott megold\u00e1sok k\u00edn\u00e1l\u00e1s\u00e1nak k\u00e9pess\u00e9g\u00e9vel mi vagyunk a legjobb v\u00e1laszt\u00e1s a nagy teljes\u00edtm\u00e9ny\u0171 hidraulikus hengereket keres\u0151 v\u00e1llalkoz\u00e1sok sz\u00e1m\u00e1ra.<\/p>\n<p>Az FMP t\u00f6bb mint egy gy\u00e1rt\u00f3; partnerek vagyunk a siker\u00e9ben. Tudjuk, hogy \u00fcgyfeleink olyan szersz\u00e1mok sz\u00e1ll\u00edt\u00e1s\u00e1ban sz\u00e1m\u00edtanak r\u00e1nk, amelyek n\u00f6velik termel\u00e9kenys\u00e9g\u00fcket \u00e9s biztons\u00e1gukat. Ez\u00e9rt elk\u00f6telezettek vagyunk nemcsak a legjobb min\u0151s\u00e9g\u0171 term\u00e9kek, hanem a kiv\u00e9teles szolg\u00e1ltat\u00e1s ny\u00fajt\u00e1sa ir\u00e1nt is. A kezdeti konzult\u00e1ci\u00f3t\u00f3l az \u00e9rt\u00e9kes\u00edt\u00e9s ut\u00e1ni t\u00e1mogat\u00e1sig szorosan egy\u00fcttm\u0171k\u00f6d\u00fcnk \u00fcgyfeleinkkel annak biztos\u00edt\u00e1sa \u00e9rdek\u00e9ben, hogy ig\u00e9nyeiket professzionalizmussal \u00e9s gondoss\u00e1ggal el\u00e9g\u00edts\u00fck ki. Versenyk\u00e9pes \u00e1raink, valamint a min\u0151s\u00e9g ir\u00e1nti rend\u00edthetetlen elk\u00f6telezetts\u00e9g\u00fcnk teszi az FMP-t okos v\u00e1laszt\u00e1ss\u00e1 azoknak a v\u00e1llalatoknak, amelyek megb\u00edzhat\u00f3 hidraulikus megold\u00e1sokba szeretn\u00e9nek befektetni.<\/p>","protected":false},"excerpt":{"rendered":"<p>Quality Manufacturing 4 Stage Telescopic Hydraulic Cylinder for Dump Trailer The 4 Stage Telescopic Hydraulic Cylinder is an exceptional product that offers impressive functionality and performance. It is designed for use in various industries including Machinery Repair Shops, Farms, Energy &amp; Mining, Machinery manufacturing and Machinery Factories. Product Specifications Bore Size 2-6 inch Rod Size [&hellip;]<\/p>","protected":false},"featured_media":6739,"comment_status":"closed","ping_status":"closed","template":"","meta":{"_et_pb_use_builder":"","_et_pb_old_content":"","_et_gb_content_width":""},"product_brand":[],"product_cat":[103],"product_tag":[34,105],"class_list":{"0":"post-6563","1":"product","2":"type-product","3":"status-publish","4":"has-post-thumbnail","6":"product_cat-telescopic-hydraulic-cylinders","7":"product_tag-hydraulic-cylinder","8":"product_tag-telescopic-hydraulic-cylinders","10":"first","11":"instock","12":"product-type-simple"},"_links":{"self":[{"href":"https:\/\/fmp-components.com\/hu\/wp-json\/wp\/v2\/product\/6563","targetHints":{"allow":["GET"]}}],"collection":[{"href":"https:\/\/fmp-components.com\/hu\/wp-json\/wp\/v2\/product"}],"about":[{"href":"https:\/\/fmp-components.com\/hu\/wp-json\/wp\/v2\/types\/product"}],"replies":[{"embeddable":true,"href":"https:\/\/fmp-components.com\/hu\/wp-json\/wp\/v2\/comments?post=6563"}],"wp:featuredmedia":[{"embeddable":true,"href":"https:\/\/fmp-components.com\/hu\/wp-json\/wp\/v2\/media\/6739"}],"wp:attachment":[{"href":"https:\/\/fmp-components.com\/hu\/wp-json\/wp\/v2\/media?parent=6563"}],"wp:term":[{"taxonomy":"product_brand","embeddable":true,"href":"https:\/\/fmp-components.com\/hu\/wp-json\/wp\/v2\/product_brand?post=6563"},{"taxonomy":"product_cat","embeddable":true,"href":"https:\/\/fmp-components.com\/hu\/wp-json\/wp\/v2\/product_cat?post=6563"},{"taxonomy":"product_tag","embeddable":true,"href":"https:\/\/fmp-components.com\/hu\/wp-json\/wp\/v2\/product_tag?post=6563"}],"curies":[{"name":"munkaf\u00fczet","href":"https:\/\/api.w.org\/{rel}","templated":true}]}}