{"id":6548,"date":"2025-03-11T06:29:39","date_gmt":"2025-03-11T06:29:39","guid":{"rendered":"https:\/\/fmp-components.com\/product\/manufacturer-supplier-20-ton-hydraulic-telescopic-cylinder-for-sale"},"modified":"2025-03-12T06:24:11","modified_gmt":"2025-03-12T06:24:11","slug":"manufacturer-supplier-20-ton-hydraulic-telescopic-cylinder-for-sale","status":"publish","type":"product","link":"https:\/\/fmp-components.com\/hu\/product\/manufacturer-supplier-20-ton-hydraulic-telescopic-cylinder-for-sale\/","title":{"rendered":"Gy\u00e1rt\u00f3 Besz\u00e1ll\u00edt\u00f3 20 Tonn\u00e1s Hidraulikus Teleszk\u00f3pos Henger Elad\u00f3"},"content":{"rendered":"<h2>Gy\u00e1rt\u00f3 Besz\u00e1ll\u00edt\u00f3 20 Tonn\u00e1s Hidraulikus Teleszk\u00f3pos Henger Elad\u00f3<\/h2>\n<p>Tapasztalja meg 20 tonn\u00e1s hidraulikus teleszk\u00f3pos henger\u00fcnk erej\u00e9t \u00e9s hat\u00e9konys\u00e1g\u00e1t, amely az FMP egyik cs\u00facskateg\u00f3ri\u00e1s term\u00e9ke. Ez a t\u00f6bbfokozat\u00fa hidraulikus henger \u00faj \u00e9s szabv\u00e1nyos gy\u00e1rt\u00e1s\u00fa, \u00edgy megb\u00edzhat\u00f3 \u00e9s robusztus teljes\u00edtm\u00e9nyt biztos\u00edt minden neh\u00e9z ig\u00e9nybev\u00e9telhez.<\/p>\n<p><img loading=\"lazy\" decoding=\"async\" class=\"alignnone  wp-image-6661\" src=\"https:\/\/fmp-components.com\/wp-content\/uploads\/2025\/03\/telescopic-hydraulic-cylinder-10.webp\" alt=\"teleszk\u00f3pos hidraulikus henger\" width=\"888\" height=\"888\" title=\"\" srcset=\"https:\/\/fmp-components.com\/wp-content\/uploads\/2025\/03\/telescopic-hydraulic-cylinder-10.webp 888w, https:\/\/fmp-components.com\/wp-content\/uploads\/2025\/03\/telescopic-hydraulic-cylinder-10-480x480.webp 480w\" sizes=\"(min-width: 0px) and (max-width: 480px) 480px, (min-width: 481px) 888px, 100vw\" \/><\/p>\n<h3>Jellemz\u0151k \u00e9s funkci\u00f3k<\/h3>\n<p>A hidraulikus teleszk\u00f3pos henger maxim\u00e1lis tol\u00f3ereje 3000 tonna, maxim\u00e1lis h\u00faz\u00f3ereje pedig 20 tonna. Massz\u00edv ac\u00e9lb\u00f3l k\u00e9sz\u00fclt \u00e9s hidraulikusan m\u0171k\u00f6dik. A henger k\u00fcl\u00f6nf\u00e9le ipar\u00e1gakban alkalmazhat\u00f3, bele\u00e9rtve a g\u00e9pjav\u00edt\u00f3 m\u0171helyeket, a mez\u0151gazdas\u00e1got, az energia- \u00e9s b\u00e1ny\u00e1szatot, a g\u00e9pgy\u00e1rt\u00e1st \u00e9s a g\u00e9pgy\u00e1rakat.<\/p>\n<h3>Term\u00e9kspecifik\u00e1ci\u00f3k<\/h3>\n<table style=\"width: 100.077%;\" border=\"\">\n<tbody>\n<tr>\n<td style=\"width: 42.9379%;\"><i>Furatm\u00e9ret<\/i><\/td>\n<td style=\"width: 474.576%;\">2-6 h\u00fcvelyk<\/td>\n<\/tr>\n<tr>\n<td style=\"width: 42.9379%;\"><i>R\u00fad m\u00e9rete<\/i><\/td>\n<td style=\"width: 474.576%;\">1,125-4 h\u00fcvelyk<\/td>\n<\/tr>\n<tr>\n<td style=\"width: 42.9379%;\"><i>Ecsetvon\u00e1s m\u00e9rete<\/i><\/td>\n<td style=\"width: 474.576%;\">4-100 h\u00fcvelyk<\/td>\n<\/tr>\n<tr>\n<td style=\"width: 42.9379%;\"><i>Cs\u00edp\u0151m\u00e9ret<\/i><\/td>\n<td style=\"width: 474.576%;\">0,5-2 h\u00fcvelyk<\/td>\n<\/tr>\n<tr>\n<td style=\"width: 42.9379%;\"><i>kik\u00f6t\u0151k<\/i><\/td>\n<td style=\"width: 474.576%;\">G\/SAE\/NPT\/M<\/td>\n<\/tr>\n<\/tbody>\n<\/table>\n<h3>F\u0151bb el\u0151ny\u00f6k<\/h3>\n<ul>\n<li>Energiahat\u00e9kony: A hidraulikus henger hat\u00e9konyan m\u0171k\u00f6dik, maxim\u00e1lis termel\u00e9kenys\u00e9get biztos\u00edtva minim\u00e1lis energiafogyaszt\u00e1s mellett.<\/li>\n<li>Nagy teljes\u00edtm\u00e9ny: A 3000 Nm maxim\u00e1lis tol\u00f3er\u0151vel \u00e9s a 20 tonn\u00e1s h\u00faz\u00f3er\u0151vel ez a henger nagy teljes\u00edtm\u00e9ny\u0171 feladatokra k\u00e9sz\u00fclt.<\/li>\n<li>Biztons\u00e1g: A biztons\u00e1got szem el\u0151tt tartva tervezett hidraulikus henger tart\u00f3s anyagokb\u00f3l k\u00e9sz\u00fclt, amelyek ellen\u00e1llnak a nagy nyom\u00e1snak.<\/li>\n<\/ul>\n<h2>Hidraulikus rendszer \u00e9s m\u0171k\u00f6d\u00e9si elv<\/h2>\n<p>A hidraulikus teleszk\u00f3pos henger \u00fagy m\u0171k\u00f6dik, hogy hat\u00e9konyan alak\u00edtja \u00e1t a hidraulikus energi\u00e1t mechanikus mozg\u00e1ss\u00e1. A folyamat akkor kezd\u0151dik, amikor a hidraulikafolyad\u00e9kot egy szivatty\u00fa nyom\u00e1s al\u00e1 helyezi, jelent\u0151s er\u0151t hozva l\u00e9tre. Ez a nyom\u00e1s alatt \u00e1ll\u00f3 folyad\u00e9k ezut\u00e1n a teleszk\u00f3pos hengerbe ker\u00fcl, ahol hat a benne l\u00e9v\u0151 dugatty\u00fa(k)ra. Amikor a hidraulikafolyad\u00e9k bel\u00e9p a hengerbe, nyom\u00e1st gener\u00e1l, amely kiny\u00fajtja a henger bels\u0151 r\u00e9szeit, lehet\u0151v\u00e9 t\u00e9ve a jelent\u0151s line\u00e1ris mozg\u00e1st. Ez az egyedi kialak\u00edt\u00e1s lehet\u0151v\u00e9 teszi, hogy a hidraulikus henger leny\u0171g\u00f6z\u0151 kiny\u00fal\u00e1si hossz\u00fas\u00e1gokat \u00e9rjen el, mik\u00f6zben visszah\u00fazott \u00e1llapotban kompakt m\u00e9retet tart fenn.<\/p>\n<p>A hidraulikus energia mechanikai mozg\u00e1ss\u00e1 alak\u00edt\u00e1s\u00e1nak k\u00e9pess\u00e9ge n\u00e9lk\u00fcl\u00f6zhetetlenn\u00e9 teszi a teleszk\u00f3pos hengereket k\u00fcl\u00f6nf\u00e9le alkalmaz\u00e1sokban. A nyom\u00e1s alatt \u00e1ll\u00f3 folyad\u00e9k \u00e1ltal l\u00e9trehozott er\u0151 finoman szab\u00e1lyozhat\u00f3, lehet\u0151v\u00e9 t\u00e9ve a kezel\u0151k sz\u00e1m\u00e1ra a sima \u00e9s prec\u00edz mozg\u00e1sok el\u00e9r\u00e9s\u00e9t. Ez a k\u00e9pess\u00e9g kulcsfontoss\u00e1g\u00fa azokban a k\u00f6rnyezetben, ahol pontos pozicion\u00e1l\u00e1sra \u00e9s nagy teljes\u00edtm\u00e9ny\u0171 emel\u00e9sre van sz\u00fcks\u00e9g, \u00edgy a hidraulikus teleszk\u00f3pos hengerek l\u00e9tfontoss\u00e1g\u00fa alkot\u00f3elemei a modern g\u00e9peknek \u00e9s berendez\u00e9seknek.<\/p>\n<h3>A hidraulikus henger alkalmaz\u00e1sa<\/h3>\n<p>A hidraulikus henger sz\u00e9les k\u00f6rben alkalmazhat\u00f3 sz\u00e1mos ipar\u00e1gban, bele\u00e9rtve a g\u00e9pgy\u00e1rt\u00e1st \u00e9s -jav\u00edt\u00e1st, a mez\u0151gazdas\u00e1got, az energetik\u00e1t \u00e9s a b\u00e1ny\u00e1szatot. A g\u00e9pgy\u00e1rt\u00e1sban \u00e9s -jav\u00edt\u00e1sban megk\u00f6nny\u00edti a neh\u00e9z berendez\u00e9sek emel\u00e9s\u00e9t \u00e9s pozicion\u00e1l\u00e1s\u00e1t, egyszer\u0171s\u00edti a karbantart\u00e1si feladatokat \u00e9s n\u00f6veli az \u00e1ltal\u00e1nos m\u0171k\u00f6d\u00e9si hat\u00e9konys\u00e1got. Robusztus konstrukci\u00f3ja biztos\u00edtja, hogy ellen\u00e1lljon az ilyen k\u00f6rnyezetekre jellemz\u0151 ig\u00e9nyes k\u00f6r\u00fclm\u00e9nyeknek.<\/p>\n<p>A mez\u0151gazdas\u00e1gi szektorban a hidraulikus hengerek elengedhetetlenek k\u00fcl\u00f6nf\u00e9le g\u00e9pek, p\u00e9ld\u00e1ul traktorok \u00e9s rakod\u00f3g\u00e9pek m\u0171k\u00f6dtet\u00e9s\u00e9hez. Lehet\u0151v\u00e9 teszik az olyan m\u0171veleteket, mint az anyagok emel\u00e9se, billent\u00e9se \u00e9s \u00fcr\u00edt\u00e9se, jelent\u0151sen jav\u00edtva a gazdas\u00e1gok termel\u00e9kenys\u00e9g\u00e9t \u00e9s hat\u00e9konys\u00e1g\u00e1t. Ezen feladatok prec\u00edz elv\u00e9gz\u00e9s\u00e9nek k\u00e9pess\u00e9ge elengedhetetlen a mez\u0151gazdas\u00e1gi m\u0171veletek optimaliz\u00e1l\u00e1s\u00e1hoz \u00e9s a feladatok id\u0151ben t\u00f6rt\u00e9n\u0151 elv\u00e9gz\u00e9s\u00e9nek biztos\u00edt\u00e1s\u00e1hoz.<\/p>\n<p>Az energia- \u00e9s b\u00e1ny\u00e1szati \u200b\u200biparban a hidraulikus hengerek kulcsszerepet j\u00e1tszanak olyan alkalmaz\u00e1sokban, mint a f\u00far\u00e1s, a f\u00f6ldmunka \u00e9s az anyagmozgat\u00e1s. Jelent\u0151s er\u0151kifejt\u00e9si k\u00e9pess\u00e9g\u00fck alkalmass\u00e1 teszi \u0151ket ezen \u00e1gazatok szigor\u00fa k\u00f6vetelm\u00e9nyeire, ahol a megb\u00edzhat\u00f3s\u00e1g \u00e9s a teljes\u00edtm\u00e9ny kiemelked\u0151 fontoss\u00e1g\u00fa. Ak\u00e1r neh\u00e9z terhek emel\u00e9s\u00e9r\u0151l, ak\u00e1r g\u00e9pek vez\u00e9rl\u00e9s\u00e9r\u0151l van sz\u00f3, a hidraulikus hengerek biztos\u00edtj\u00e1k az ipari kih\u00edv\u00e1soknak val\u00f3 megfelel\u00e9shez sz\u00fcks\u00e9ges teljes\u00edtm\u00e9nyt \u00e9s pontoss\u00e1got.<\/p>\n<h2>Hidraulikus hengerek \u00e9s t\u00e1pegys\u00e9gek<\/h2>\n<p>A hidraulikus hengerek \u00e9s a t\u00e1pegys\u00e9gek a hidraulikus rendszerek szerves r\u00e9sz\u00e9t k\u00e9pezik, \u00e9s egy\u00fcttm\u0171k\u00f6dve biztos\u00edtj\u00e1k a hidraulikus technol\u00f3gia hat\u00e9kony alkalmaz\u00e1s\u00e1t ipari k\u00f6rnyezetben. A hidraulikus henger m\u0171k\u00f6dtet\u0151k\u00e9nt szolg\u00e1l, a hidraulikus energi\u00e1t mechanikai mozg\u00e1ss\u00e1 alak\u00edtja, m\u00edg a t\u00e1pegys\u00e9g energiaforr\u00e1sk\u00e9nt m\u0171k\u00f6dik, el\u0151\u00e1ll\u00edtva a rendszer m\u0171k\u00f6dtet\u00e9s\u00e9hez sz\u00fcks\u00e9ges nyom\u00e1st \u00e9s \u00e1raml\u00e1st.<\/p>\n<p>Ez az egy\u00fcttm\u0171k\u00f6d\u0151 funkci\u00f3 elengedhetetlen a k\u00fcl\u00f6nf\u00e9le m\u00e9rn\u00f6ki \u00e9s g\u00e9p\u00e9szeti berendez\u00e9sek megb\u00edzhat\u00f3 energiaell\u00e1t\u00e1s\u00e1hoz \u00e9s vez\u00e9rl\u00e9s\u00e9hez. A t\u00e1pegys\u00e9g jellemz\u0151en egy hidraulikus szivatty\u00fab\u00f3l, motorb\u00f3l, tart\u00e1lyb\u00f3l \u00e9s vez\u00e9rl\u0151szelepekb\u0151l \u00e1ll, amelyek egy\u00fcttesen m\u0171k\u00f6dnek az optim\u00e1lis nyom\u00e1s \u00e9s \u00e1raml\u00e1si sebess\u00e9g fenntart\u00e1sa \u00e9rdek\u00e9ben. Azzal, hogy biztos\u00edtja, hogy a hidraulikus hengerek megfelel\u0151 mennyis\u00e9g\u0171 nyom\u00e1s alatti folyad\u00e9kot kapjanak, a t\u00e1pegys\u00e9g jav\u00edtja a hidraulikus rendszer \u00e1ltal\u00e1nos teljes\u00edtm\u00e9ny\u00e9t \u00e9s hat\u00e9konys\u00e1g\u00e1t.<\/p>\n<p>Az FMP-n\u00e9l felismerj\u00fck ennek a szinergi\u00e1nak a fontoss\u00e1g\u00e1t, \u00e9s \u00e1tfog\u00f3 v\u00e1laszt\u00e9kot k\u00edn\u00e1lunk t\u00e1pegys\u00e9gekb\u0151l. Megold\u00e1sainkat \u00fagy tervezt\u00fck, hogy kiel\u00e9g\u00edts\u00e9k minden hidraulikus rendszerig\u00e9ny\u00e9t, lehet\u0151v\u00e9 t\u00e9ve az alkalmaz\u00e1sok optim\u00e1lis teljes\u00edtm\u00e9ny\u00e9nek el\u00e9r\u00e9s\u00e9t. A min\u0151s\u00e9g \u00e9s a megb\u00edzhat\u00f3s\u00e1g ir\u00e1nti elk\u00f6telezetts\u00e9g\u00fcnkkel biztos\u00edtjuk, hogy hidraulikus hengereink \u00e9s t\u00e1pegys\u00e9geink z\u00f6kken\u0151mentesen m\u0171k\u00f6djenek egy\u00fctt, hogy biztos\u00edts\u00e1k az \u00d6n m\u0171k\u00f6d\u00e9s\u00e9hez sz\u00fcks\u00e9ges teljes\u00edtm\u00e9nyt \u00e9s hat\u00e9konys\u00e1got.<\/p>\n<p><img loading=\"lazy\" decoding=\"async\" class=\"alignnone  wp-image-6662\" src=\"https:\/\/fmp-components.com\/wp-content\/uploads\/2025\/03\/telescopic-hydraulic-cylinder-4.webp\" alt=\"teleszk\u00f3pos hidraulikus henger\" width=\"999\" height=\"999\" title=\"\" srcset=\"https:\/\/fmp-components.com\/wp-content\/uploads\/2025\/03\/telescopic-hydraulic-cylinder-4.webp 999w, https:\/\/fmp-components.com\/wp-content\/uploads\/2025\/03\/telescopic-hydraulic-cylinder-4-480x480.webp 480w\" sizes=\"(min-width: 0px) and (max-width: 480px) 480px, (min-width: 481px) 999px, 100vw\" \/><\/p>\n<h2>Gyakran ism\u00e9telt k\u00e9rd\u00e9sek<\/h2>\n<p><span>K: Kereskedelmi v\u00e1llalat vagy gy\u00e1rt\u00f3?<\/span><br \/>\n<span>V: Gy\u00e1rt\u00f3 vagyunk.<\/span><br \/>\n<span>K: Mennyi a sz\u00e1ll\u00edt\u00e1si id\u0151?<\/span><br \/>\n<span>V: \u00c1ltal\u00e1ban 25-35 nap.<\/span><br \/>\n<span>K: Biztos\u00edtanak mint\u00e1kat? Ingyenes vagy k\u00fcl\u00f6n fizetend\u0151?<\/span><br \/>\n<span>V: Igen, felaj\u00e1nlhatn\u00e1nk a mint\u00e1t, de ez nem ingyenes.<\/span>&#8221;<\/p>\n<h3>Az FMP-r\u0151l<\/h3>\n<p>Az FMP egy vezet\u0151 olasz gy\u00e1rt\u00f3, amely kiv\u00e1l\u00f3 min\u0151s\u00e9g\u0171 hidraulikus hengerek tervez\u00e9s\u00e9r\u0151l, fejleszt\u00e9s\u00e9r\u0151l \u00e9s gy\u00e1rt\u00e1s\u00e1r\u00f3l ismert. \u00c9vtizedes szak\u00e9rtelemmel \u00f6tv\u00f6zz\u00fck a hagyom\u00e1nyos olasz k\u00e9zm\u0171vess\u00e9get a fejlett technol\u00f3gi\u00e1val, hogy kiemelked\u0151 hidraulikus megold\u00e1sokat k\u00edn\u00e1ljunk, amelyek glob\u00e1lis \u00fcgyfeleink sokr\u00e9t\u0171 ig\u00e9nyeire szabottak. Az Olaszorsz\u00e1gban, a m\u00e9rn\u00f6ki kiv\u00e1l\u00f3s\u00e1g k\u00f6zpontj\u00e1ban tal\u00e1lhat\u00f3 FMP megb\u00edzhat\u00f3 n\u00e9vv\u00e9 v\u00e1lt a hidraulikus iparban, \u00e9s elk\u00f6telezett amellett, hogy megb\u00edzhat\u00f3, tart\u00f3s \u00e9s innovat\u00edv term\u00e9keket k\u00edn\u00e1ljon, amelyek vil\u00e1gszerte lend\u00fcletet adnak a v\u00e1llalkoz\u00e1soknak.<\/p>\n<p>A fejlett gy\u00e1rt\u00e1si hagyom\u00e1nyok legjav\u00e1t \u00f6tv\u00f6zz\u00fck el\u0151remutat\u00f3 megk\u00f6zel\u00edt\u00e9ssel. A hidraulikus rendszerek ter\u00e9n szerzett sz\u00e9lesk\u00f6r\u0171 tapasztalatainkra \u00e9p\u00edtve az FMP egy modern v\u00e1llalkoz\u00e1ss\u00e1 alakult \u00e1t, amely kiemelked\u0151 a kutat\u00e1s, a tervez\u00e9s \u00e9s a gy\u00e1rt\u00e1s ter\u00e9n. Szakter\u00fclet\u00fcnk a hidraulikus hengerek sz\u00e9les v\u00e1laszt\u00e9ka, p\u00e9ld\u00e1ul kett\u0151s m\u0171k\u00f6d\u00e9s\u0171 hengerek, aut\u00f3ipari emel\u0151hengerek, mez\u0151gazdas\u00e1gi g\u00e9pek hengerei \u00e9s egyedi tervez\u00e9s\u0171 megold\u00e1sok k\u00fcl\u00f6nf\u00e9le ipari alkalmaz\u00e1sokhoz. Hidraulikus hengereinket \u00fagy tervezt\u00fck, hogy a legnehezebb k\u00f6r\u00fclm\u00e9nyek k\u00f6z\u00f6tt is m\u0171k\u00f6djenek, \u00e9s biztons\u00e1got, hat\u00e9konys\u00e1got \u00e9s hossz\u00fa \u00e9lettartamot biztos\u00edtanak olyan \u00e1gazatokban, mint az \u00e9p\u00edt\u0151ipar, az ipari l\u00e9tes\u00edtm\u00e9nyek, a mez\u0151gazdas\u00e1g \u00e9s a neh\u00e9zg\u00e9pek gy\u00e1rt\u00e1sa.<\/p>\n<p>Az FMP-n\u00e9l b\u00fcszk\u00e9k vagyunk a legmodernebb gy\u00e1rt\u00f3\u00fczemeinkre, amelyek prec\u00edzi\u00f3s g\u00e9pekkel \u00e9s fejlett vizsg\u00e1l\u00f3rendszerekkel vannak felszerelve. Gy\u00e1rt\u00e1si folyamataink szigor\u00fa nemzeti \u00e9s nemzetk\u00f6zi szabv\u00e1nyoknak felelnek meg, garant\u00e1lva, hogy minden egyes hidraulikus henger, amely elhagyja gy\u00e1runkat, megfelel a legmagasabb min\u0151s\u00e9gi \u00e9s megb\u00edzhat\u00f3s\u00e1gi k\u00f6vetelm\u00e9nyeknek. K\u00e9pzett m\u0171szaki csapatunk a legmodernebb berendez\u00e9sekkel egy\u00fctt lehet\u0151v\u00e9 teszi sz\u00e1munkra, hogy szigor\u00fa min\u0151s\u00e9gellen\u0151rz\u00e9st tartsunk fenn minden gy\u00e1rt\u00e1si szakaszban \u2013 az alapanyagok kiv\u00e1laszt\u00e1s\u00e1t\u00f3l a v\u00e9gs\u0151 ellen\u0151rz\u00e9sig. Ez a kiv\u00e1l\u00f3s\u00e1g ir\u00e1nti elk\u00f6telezetts\u00e9g\u00fcnk tan\u00fas\u00edtv\u00e1nyokat \u00e9s elismer\u00e9seket szerzett nek\u00fcnk az ipar\u00e1gi hat\u00f3s\u00e1gokt\u00f3l, meger\u0151s\u00edtve megb\u00edzhat\u00f3 partnerk\u00e9nt szerzett h\u00edrnev\u00fcnket.<\/p>\n<p><img loading=\"lazy\" decoding=\"async\" class=\"alignnone size-full wp-image-6720\" src=\"https:\/\/fmp-components.com\/wp-content\/uploads\/2025\/03\/hydraulic-cylinder-8.webp\" alt=\"Teleszk\u00f3pos hidraulikus hengerek\" width=\"933\" height=\"526\" title=\"\" srcset=\"https:\/\/fmp-components.com\/wp-content\/uploads\/2025\/03\/hydraulic-cylinder-8.webp 933w, https:\/\/fmp-components.com\/wp-content\/uploads\/2025\/03\/hydraulic-cylinder-8-480x271.webp 480w\" sizes=\"(min-width: 0px) and (max-width: 480px) 480px, (min-width: 481px) 933px, 100vw\" \/><\/p>\n<p>K\u00fcldet\u00e9s\u00fcnk egyszer\u0171 \u00e9s ambici\u00f3zus: olyan hidraulikus hengereket k\u00edn\u00e1lni, amelyek teljes\u00edtm\u00e9ny, tart\u00f3ss\u00e1g \u00e9s \u00e9rt\u00e9k tekintet\u00e9ben fel\u00fclm\u00falj\u00e1k az elv\u00e1r\u00e1sokat. A professzionalizmus, a feddhetetlens\u00e9g \u00e9s az \u00fcgyf\u00e9lk\u00f6zpont\u00fas\u00e1g alapelvei vez\u00e9relnek minket, az innov\u00e1ci\u00f3 \u00e9s a precizit\u00e1s kult\u00far\u00e1j\u00e1t \u00e1poljuk, folyamatosan finom\u00edtva term\u00e9keinket, hogy meg\u0151rizz\u00fck el\u0151ny\u00fcnket a versenyk\u00e9pes piacon. \u00c1tfog\u00f3 term\u00e9kk\u00edn\u00e1latunkkal \u00e9s a szem\u00e9lyre szabott megold\u00e1sok k\u00edn\u00e1l\u00e1s\u00e1nak k\u00e9pess\u00e9g\u00e9vel mi vagyunk a legjobb v\u00e1laszt\u00e1s a nagy teljes\u00edtm\u00e9ny\u0171 hidraulikus hengereket keres\u0151 v\u00e1llalkoz\u00e1sok sz\u00e1m\u00e1ra.<\/p>\n<p>Az FMP t\u00f6bb mint egy gy\u00e1rt\u00f3; partnerek vagyunk a siker\u00e9ben. Tudjuk, hogy \u00fcgyfeleink olyan szersz\u00e1mok sz\u00e1ll\u00edt\u00e1s\u00e1ban sz\u00e1m\u00edtanak r\u00e1nk, amelyek n\u00f6velik termel\u00e9kenys\u00e9g\u00fcket \u00e9s biztons\u00e1gukat. Ez\u00e9rt elk\u00f6telezettek vagyunk nemcsak a legjobb min\u0151s\u00e9g\u0171 term\u00e9kek, hanem a kiv\u00e9teles szolg\u00e1ltat\u00e1s ny\u00fajt\u00e1sa ir\u00e1nt is. A kezdeti konzult\u00e1ci\u00f3t\u00f3l az \u00e9rt\u00e9kes\u00edt\u00e9s ut\u00e1ni t\u00e1mogat\u00e1sig szorosan egy\u00fcttm\u0171k\u00f6d\u00fcnk \u00fcgyfeleinkkel annak biztos\u00edt\u00e1sa \u00e9rdek\u00e9ben, hogy ig\u00e9nyeiket professzionalizmussal \u00e9s gondoss\u00e1ggal el\u00e9g\u00edts\u00fck ki. Versenyk\u00e9pes \u00e1raink, valamint a min\u0151s\u00e9g ir\u00e1nti rend\u00edthetetlen elk\u00f6telezetts\u00e9g\u00fcnk teszi az FMP-t okos v\u00e1laszt\u00e1ss\u00e1 azoknak a v\u00e1llalatoknak, amelyek megb\u00edzhat\u00f3 hidraulikus megold\u00e1sokba szeretn\u00e9nek befektetni.<\/p>","protected":false},"excerpt":{"rendered":"<p>Manufacturer Supplier 20 Ton Hydraulic Telescopic Cylinder for Sale Experience the power and efficiency of our 20 Ton Hydraulic Telescopic Cylinder, a top-notch product From FMP. This multistage hydraulic cylinder is new and built to standard, ensuring reliable and robust performance for all your heavy-duty needs. Features and Functionality The hydraulic telescopic cylinder boasts of [&hellip;]<\/p>","protected":false},"featured_media":6740,"comment_status":"closed","ping_status":"closed","template":"","meta":{"_et_pb_use_builder":"","_et_pb_old_content":"","_et_gb_content_width":""},"product_brand":[],"product_cat":[103],"product_tag":[34,105],"class_list":{"0":"post-6548","1":"product","2":"type-product","3":"status-publish","4":"has-post-thumbnail","6":"product_cat-telescopic-hydraulic-cylinders","7":"product_tag-hydraulic-cylinder","8":"product_tag-telescopic-hydraulic-cylinders","10":"first","11":"instock","12":"product-type-simple"},"_links":{"self":[{"href":"https:\/\/fmp-components.com\/hu\/wp-json\/wp\/v2\/product\/6548","targetHints":{"allow":["GET"]}}],"collection":[{"href":"https:\/\/fmp-components.com\/hu\/wp-json\/wp\/v2\/product"}],"about":[{"href":"https:\/\/fmp-components.com\/hu\/wp-json\/wp\/v2\/types\/product"}],"replies":[{"embeddable":true,"href":"https:\/\/fmp-components.com\/hu\/wp-json\/wp\/v2\/comments?post=6548"}],"wp:featuredmedia":[{"embeddable":true,"href":"https:\/\/fmp-components.com\/hu\/wp-json\/wp\/v2\/media\/6740"}],"wp:attachment":[{"href":"https:\/\/fmp-components.com\/hu\/wp-json\/wp\/v2\/media?parent=6548"}],"wp:term":[{"taxonomy":"product_brand","embeddable":true,"href":"https:\/\/fmp-components.com\/hu\/wp-json\/wp\/v2\/product_brand?post=6548"},{"taxonomy":"product_cat","embeddable":true,"href":"https:\/\/fmp-components.com\/hu\/wp-json\/wp\/v2\/product_cat?post=6548"},{"taxonomy":"product_tag","embeddable":true,"href":"https:\/\/fmp-components.com\/hu\/wp-json\/wp\/v2\/product_tag?post=6548"}],"curies":[{"name":"munkaf\u00fczet","href":"https:\/\/api.w.org\/{rel}","templated":true}]}}