{"id":6547,"date":"2025-03-11T06:29:39","date_gmt":"2025-03-11T06:29:39","guid":{"rendered":"https:\/\/fmp-components.com\/product\/factory-direct-sale-hydraulic-telescope-cylinder-dump-truck-multistage-hydraulic-cylinder"},"modified":"2025-03-12T06:19:29","modified_gmt":"2025-03-12T06:19:29","slug":"factory-direct-sale-hydraulic-telescope-cylinder-dump-truck-multistage-hydraulic-cylinder","status":"publish","type":"product","link":"https:\/\/fmp-components.com\/hu\/product\/factory-direct-sale-hydraulic-telescope-cylinder-dump-truck-multistage-hydraulic-cylinder\/","title":{"rendered":"Gy\u00e1ri k\u00f6zvetlen \u00e9rt\u00e9kes\u00edt\u00e9s\u0171 hidraulikus teleszk\u00f3pos henger d\u00f6mper t\u00f6bbfokozat\u00fa hidraulikus henger"},"content":{"rendered":"<h2>Gy\u00e1ri k\u00f6zvetlen \u00e9rt\u00e9kes\u00edt\u00e9s\u0171 hidraulikus teleszk\u00f3pos henger d\u00f6mper t\u00f6bbfokozat\u00fa hidraulikus henger<\/h2>\n<p>K\u00f6zvetlen\u00fcl a gy\u00e1rb\u00f3l, vadonat\u00faj hidraulikus teleszk\u00f3pos hengeres d\u00f6mperaut\u00f3 t\u00f6bbfokozat\u00fa hidraulikus henger\u00fcnk elengedhetetlen sz\u00e1mos ipar\u00e1g sz\u00e1m\u00e1ra, bele\u00e9rtve a g\u00e9pjav\u00edt\u00f3 m\u0171helyeket, a mez\u0151gazdas\u00e1got, az energia- \u00e9s b\u00e1ny\u00e1szatot, a g\u00e9pgy\u00e1rt\u00e1st \u00e9s a g\u00e9pgy\u00e1rakat.<\/p>\n<h3>Term\u00e9kspecifik\u00e1ci\u00f3k<\/h3>\n<p>Ez a t\u00f6bbfokozat\u00fa hidraulikus henger szabv\u00e1nyos fel\u00e9p\u00edt\u00e9s\u0171, ac\u00e9lb\u00f3l k\u00e9sz\u00fclt \u00e9s hidraulikus meghajt\u00e1s\u00fa. Maxim\u00e1lis tol\u00f3ereje 3000, maxim\u00e1lis h\u00faz\u00f3ereje pedig 20 tonna. A 2 \u00e9s 6 h\u00fcvelyk k\u00f6z\u00f6tti furat\u00e1tm\u00e9r\u0151j\u00e9vel \u00e9s 1,125 \u00e9s 4 h\u00fcvelyk k\u00f6z\u00f6tti r\u00fad\u00e1tm\u00e9r\u0151j\u00e9vel ez a hidraulikus henger nagy ig\u00e9nybev\u00e9tel\u0171 alkalmaz\u00e1sokhoz k\u00e9sz\u00fclt.<\/p>\n<h3>M\u0171szaki param\u00e9terek<\/h3>\n<table style=\"width: 97.5804%;\" border=\"\">\n<tbody>\n<tr>\n<td style=\"width: 42.9379%;\"><i>Furatm\u00e9ret<\/i><\/td>\n<td style=\"width: 461.582%;\">2-6 h\u00fcvelyk<\/td>\n<\/tr>\n<tr>\n<td style=\"width: 42.9379%;\"><i>R\u00fad m\u00e9rete<\/i><\/td>\n<td style=\"width: 461.582%;\">1,125-4 h\u00fcvelyk<\/td>\n<\/tr>\n<tr>\n<td style=\"width: 42.9379%;\"><i>Ecsetvon\u00e1s m\u00e9rete<\/i><\/td>\n<td style=\"width: 461.582%;\">4-100 h\u00fcvelyk<\/td>\n<\/tr>\n<tr>\n<td style=\"width: 42.9379%;\"><i>Cs\u00edp\u0151m\u00e9ret<\/i><\/td>\n<td style=\"width: 461.582%;\">0,5-2 h\u00fcvelyk<\/td>\n<\/tr>\n<tr>\n<td style=\"width: 42.9379%;\"><i>kik\u00f6t\u0151k<\/i><\/td>\n<td style=\"width: 461.582%;\">G\/SAE\/NPT\/M<\/td>\n<\/tr>\n<\/tbody>\n<\/table>\n<h2>Egyedi tulajdons\u00e1gok \u00e9s el\u0151ny\u00f6k<\/h2>\n<ul>\n<li>Energiatakar\u00e9kos<\/li>\n<li>Hat\u00e9kony teljes\u00edtm\u00e9ny<\/li>\n<li>Magas biztons\u00e1gi szabv\u00e1nyok<\/li>\n<\/ul>\n<h2>Alkalmaz\u00e1sok \u00e9s haszn\u00e1lat<\/h2>\n<p>Hidraulikus teleszk\u00f3pos hengeres d\u00f6mperaut\u00f3 t\u00f6bbfokozat\u00fa hidraulikus henger\u00fcnk sz\u00e1mos ipar\u00e1gban alkalmazhat\u00f3, amelyek k\u00fcl\u00f6nb\u00f6z\u0151 c\u00e9lokat szolg\u00e1lnak, mint p\u00e9ld\u00e1ul a g\u00e9pjav\u00edt\u00e1s, a mez\u0151gazdas\u00e1g, az energia \u00e9s a b\u00e1ny\u00e1szat, a g\u00e9pgy\u00e1rt\u00e1s \u00e9s a g\u00e9pgy\u00e1rak.<\/p>\n<p><img loading=\"lazy\" decoding=\"async\" class=\"alignnone  wp-image-6664\" src=\"https:\/\/fmp-components.com\/wp-content\/uploads\/2025\/03\/telescopic-hydraulic-cylinder-8.webp\" alt=\"teleszk\u00f3pos hidraulikus henger\" width=\"899\" height=\"899\" title=\"\" srcset=\"https:\/\/fmp-components.com\/wp-content\/uploads\/2025\/03\/telescopic-hydraulic-cylinder-8.webp 899w, https:\/\/fmp-components.com\/wp-content\/uploads\/2025\/03\/telescopic-hydraulic-cylinder-8-480x480.webp 480w\" sizes=\"(min-width: 0px) and (max-width: 480px) 480px, (min-width: 481px) 899px, 100vw\" \/><\/p>\n<h2>Hidraulikus hengerek \u00e9s t\u00e1pegys\u00e9gek<\/h2>\n<p>A hidraulikus hengerek \u00e9s a t\u00e1pegys\u00e9gek a hidraulikus rendszer szerves r\u00e9sz\u00e9t k\u00e9pezik. Egy\u00fcttm\u0171k\u00f6dve biztos\u00edtj\u00e1k a hidraulikus technol\u00f3gia sz\u00e9les k\u00f6r\u0171 alkalmaz\u00e1s\u00e1t az ipari szektorban, megb\u00edzhat\u00f3 energiaell\u00e1t\u00e1st \u00e9s vez\u00e9rl\u00e9st biztos\u00edtva a k\u00fcl\u00f6nf\u00e9le m\u00e9rn\u00f6ki \u00e9s g\u00e9p\u00e9szeti berendez\u00e9sek sz\u00e1m\u00e1ra.<\/p>\n<h2>GYIK<\/h2>\n<p><b>K: Mennyi a sz\u00e1ll\u00edt\u00e1si id\u0151?<\/b><br \/>\nV: \u00c1ltal\u00e1ban 25-35 nap.<\/p>\n<p><b>K: Mint\u00e1kat is biztos\u00edtanak?<\/b><br \/>\nV: Igen, felaj\u00e1nlhatn\u00e1nk a mint\u00e1t, de ez nem ingyenes.<\/p>\n<p><b>K: Tudsz-e a mint\u00e1k szerint gy\u00e1rtani?<\/b><br \/>\nV: Igen, a mint\u00e1k vagy m\u0171szaki rajzok alapj\u00e1n tudunk legy\u00e1rtani. El tudjuk k\u00e9sz\u00edteni a form\u00e1kat \u00e9s a szerelv\u00e9nyeket.<\/p>\n<p>Javasoljuk, hogy tekintse meg term\u00e9k\u00fcnket, \u00e9s vegye fel vel\u00fcnk a kapcsolatot v\u00e1s\u00e1rl\u00e1s c\u00e9lj\u00e1b\u00f3l. Fedezze fel, milyen k\u00fcl\u00f6nbs\u00e9get jelenthet egy min\u0151s\u00e9gi hidraulikus henger az \u00d6n \u00fczleti tev\u00e9kenys\u00e9g\u00e9ben.<\/p>\n<h3>Az FMP-r\u0151l<\/h3>\n<p>Az FMP egy vezet\u0151 olasz gy\u00e1rt\u00f3, amely kiv\u00e1l\u00f3 min\u0151s\u00e9g\u0171 hidraulikus hengerek tervez\u00e9s\u00e9r\u0151l, fejleszt\u00e9s\u00e9r\u0151l \u00e9s gy\u00e1rt\u00e1s\u00e1r\u00f3l ismert. \u00c9vtizedes szak\u00e9rtelemmel \u00f6tv\u00f6zz\u00fck a hagyom\u00e1nyos olasz k\u00e9zm\u0171vess\u00e9get a fejlett technol\u00f3gi\u00e1val, hogy kiemelked\u0151 hidraulikus megold\u00e1sokat k\u00edn\u00e1ljunk, amelyek glob\u00e1lis \u00fcgyfeleink sokr\u00e9t\u0171 ig\u00e9nyeire szabottak. Az Olaszorsz\u00e1gban, a m\u00e9rn\u00f6ki kiv\u00e1l\u00f3s\u00e1g k\u00f6zpontj\u00e1ban tal\u00e1lhat\u00f3 FMP megb\u00edzhat\u00f3 n\u00e9vv\u00e9 v\u00e1lt a hidraulikus iparban, \u00e9s elk\u00f6telezett amellett, hogy megb\u00edzhat\u00f3, tart\u00f3s \u00e9s innovat\u00edv term\u00e9keket k\u00edn\u00e1ljon, amelyek vil\u00e1gszerte lend\u00fcletet adnak a v\u00e1llalkoz\u00e1soknak.<\/p>\n<p>A fejlett gy\u00e1rt\u00e1si hagyom\u00e1nyok legjav\u00e1t \u00f6tv\u00f6zz\u00fck el\u0151remutat\u00f3 megk\u00f6zel\u00edt\u00e9ssel. A hidraulikus rendszerek ter\u00e9n szerzett sz\u00e9lesk\u00f6r\u0171 tapasztalatainkra \u00e9p\u00edtve az FMP egy modern v\u00e1llalkoz\u00e1ss\u00e1 alakult \u00e1t, amely kiemelked\u0151 a kutat\u00e1s, a tervez\u00e9s \u00e9s a gy\u00e1rt\u00e1s ter\u00e9n. Szakter\u00fclet\u00fcnk a hidraulikus hengerek sz\u00e9les v\u00e1laszt\u00e9ka, p\u00e9ld\u00e1ul kett\u0151s m\u0171k\u00f6d\u00e9s\u0171 hengerek, aut\u00f3ipari emel\u0151hengerek, mez\u0151gazdas\u00e1gi g\u00e9pek hengerei \u00e9s egyedi tervez\u00e9s\u0171 megold\u00e1sok k\u00fcl\u00f6nf\u00e9le ipari alkalmaz\u00e1sokhoz. Hidraulikus hengereinket \u00fagy tervezt\u00fck, hogy a legnehezebb k\u00f6r\u00fclm\u00e9nyek k\u00f6z\u00f6tt is m\u0171k\u00f6djenek, \u00e9s biztons\u00e1got, hat\u00e9konys\u00e1got \u00e9s hossz\u00fa \u00e9lettartamot biztos\u00edtanak olyan \u00e1gazatokban, mint az \u00e9p\u00edt\u0151ipar, az ipari l\u00e9tes\u00edtm\u00e9nyek, a mez\u0151gazdas\u00e1g \u00e9s a neh\u00e9zg\u00e9pek gy\u00e1rt\u00e1sa.<\/p>\n<p>Az FMP-n\u00e9l b\u00fcszk\u00e9k vagyunk a legmodernebb gy\u00e1rt\u00f3\u00fczemeinkre, amelyek prec\u00edzi\u00f3s g\u00e9pekkel \u00e9s fejlett vizsg\u00e1l\u00f3rendszerekkel vannak felszerelve. Gy\u00e1rt\u00e1si folyamataink szigor\u00fa nemzeti \u00e9s nemzetk\u00f6zi szabv\u00e1nyoknak felelnek meg, garant\u00e1lva, hogy minden egyes hidraulikus henger, amely elhagyja gy\u00e1runkat, megfelel a legmagasabb min\u0151s\u00e9gi \u00e9s megb\u00edzhat\u00f3s\u00e1gi k\u00f6vetelm\u00e9nyeknek. K\u00e9pzett m\u0171szaki csapatunk a legmodernebb berendez\u00e9sekkel egy\u00fctt lehet\u0151v\u00e9 teszi sz\u00e1munkra, hogy szigor\u00fa min\u0151s\u00e9gellen\u0151rz\u00e9st tartsunk fenn minden gy\u00e1rt\u00e1si szakaszban \u2013 az alapanyagok kiv\u00e1laszt\u00e1s\u00e1t\u00f3l a v\u00e9gs\u0151 ellen\u0151rz\u00e9sig. Ez a kiv\u00e1l\u00f3s\u00e1g ir\u00e1nti elk\u00f6telezetts\u00e9g\u00fcnk tan\u00fas\u00edtv\u00e1nyokat \u00e9s elismer\u00e9seket szerzett nek\u00fcnk az ipar\u00e1gi hat\u00f3s\u00e1gokt\u00f3l, meger\u0151s\u00edtve megb\u00edzhat\u00f3 partnerk\u00e9nt szerzett h\u00edrnev\u00fcnket.<\/p>\n<p><img loading=\"lazy\" decoding=\"async\" class=\"alignnone size-full wp-image-6720\" src=\"https:\/\/fmp-components.com\/wp-content\/uploads\/2025\/03\/hydraulic-cylinder-8.webp\" alt=\"Teleszk\u00f3pos hidraulikus hengerek\" width=\"933\" height=\"526\" title=\"\" srcset=\"https:\/\/fmp-components.com\/wp-content\/uploads\/2025\/03\/hydraulic-cylinder-8.webp 933w, https:\/\/fmp-components.com\/wp-content\/uploads\/2025\/03\/hydraulic-cylinder-8-480x271.webp 480w\" sizes=\"(min-width: 0px) and (max-width: 480px) 480px, (min-width: 481px) 933px, 100vw\" \/><\/p>\n<p>K\u00fcldet\u00e9s\u00fcnk egyszer\u0171 \u00e9s ambici\u00f3zus: olyan hidraulikus hengereket k\u00edn\u00e1lni, amelyek teljes\u00edtm\u00e9ny, tart\u00f3ss\u00e1g \u00e9s \u00e9rt\u00e9k tekintet\u00e9ben fel\u00fclm\u00falj\u00e1k az elv\u00e1r\u00e1sokat. A professzionalizmus, a feddhetetlens\u00e9g \u00e9s az \u00fcgyf\u00e9lk\u00f6zpont\u00fas\u00e1g alapelvei vez\u00e9relnek minket, az innov\u00e1ci\u00f3 \u00e9s a precizit\u00e1s kult\u00far\u00e1j\u00e1t \u00e1poljuk, folyamatosan finom\u00edtva term\u00e9keinket, hogy meg\u0151rizz\u00fck el\u0151ny\u00fcnket a versenyk\u00e9pes piacon. \u00c1tfog\u00f3 term\u00e9kk\u00edn\u00e1latunkkal \u00e9s a szem\u00e9lyre szabott megold\u00e1sok k\u00edn\u00e1l\u00e1s\u00e1nak k\u00e9pess\u00e9g\u00e9vel mi vagyunk a legjobb v\u00e1laszt\u00e1s a nagy teljes\u00edtm\u00e9ny\u0171 hidraulikus hengereket keres\u0151 v\u00e1llalkoz\u00e1sok sz\u00e1m\u00e1ra.<\/p>\n<p>Az FMP t\u00f6bb mint egy gy\u00e1rt\u00f3; partnerek vagyunk a siker\u00e9ben. Tudjuk, hogy \u00fcgyfeleink olyan szersz\u00e1mok sz\u00e1ll\u00edt\u00e1s\u00e1ban sz\u00e1m\u00edtanak r\u00e1nk, amelyek n\u00f6velik termel\u00e9kenys\u00e9g\u00fcket \u00e9s biztons\u00e1gukat. Ez\u00e9rt elk\u00f6telezettek vagyunk nemcsak a legjobb min\u0151s\u00e9g\u0171 term\u00e9kek, hanem a kiv\u00e9teles szolg\u00e1ltat\u00e1s ny\u00fajt\u00e1sa ir\u00e1nt is. A kezdeti konzult\u00e1ci\u00f3t\u00f3l az \u00e9rt\u00e9kes\u00edt\u00e9s ut\u00e1ni t\u00e1mogat\u00e1sig szorosan egy\u00fcttm\u0171k\u00f6d\u00fcnk \u00fcgyfeleinkkel annak biztos\u00edt\u00e1sa \u00e9rdek\u00e9ben, hogy ig\u00e9nyeiket professzionalizmussal \u00e9s gondoss\u00e1ggal el\u00e9g\u00edts\u00fck ki. Versenyk\u00e9pes \u00e1raink, valamint a min\u0151s\u00e9g ir\u00e1nti rend\u00edthetetlen elk\u00f6telezetts\u00e9g\u00fcnk teszi az FMP-t okos v\u00e1laszt\u00e1ss\u00e1 azoknak a v\u00e1llalatoknak, amelyek megb\u00edzhat\u00f3 hidraulikus megold\u00e1sokba szeretn\u00e9nek befektetni.<\/p>","protected":false},"excerpt":{"rendered":"<p>Factory Direct Sale Hydraulic Telescope Cylinder Dump Truck Multistage Hydraulic Cylinder Direct from the factory, our brand-new hydraulic telescope cylinder dump truck multistage hydraulic cylinder is essential for various industries including machinery repair shops, farms, energy and mining, machinery manufacturing, and machinery factories. Product Specifications This multistage hydraulic cylinder is of standard structure, made of [&hellip;]<\/p>","protected":false},"featured_media":6738,"comment_status":"closed","ping_status":"closed","template":"","meta":{"_et_pb_use_builder":"","_et_pb_old_content":"","_et_gb_content_width":""},"product_brand":[],"product_cat":[103],"product_tag":[34,105],"class_list":{"0":"post-6547","1":"product","2":"type-product","3":"status-publish","4":"has-post-thumbnail","6":"product_cat-telescopic-hydraulic-cylinders","7":"product_tag-hydraulic-cylinder","8":"product_tag-telescopic-hydraulic-cylinders","10":"first","11":"instock","12":"product-type-simple"},"_links":{"self":[{"href":"https:\/\/fmp-components.com\/hu\/wp-json\/wp\/v2\/product\/6547","targetHints":{"allow":["GET"]}}],"collection":[{"href":"https:\/\/fmp-components.com\/hu\/wp-json\/wp\/v2\/product"}],"about":[{"href":"https:\/\/fmp-components.com\/hu\/wp-json\/wp\/v2\/types\/product"}],"replies":[{"embeddable":true,"href":"https:\/\/fmp-components.com\/hu\/wp-json\/wp\/v2\/comments?post=6547"}],"wp:featuredmedia":[{"embeddable":true,"href":"https:\/\/fmp-components.com\/hu\/wp-json\/wp\/v2\/media\/6738"}],"wp:attachment":[{"href":"https:\/\/fmp-components.com\/hu\/wp-json\/wp\/v2\/media?parent=6547"}],"wp:term":[{"taxonomy":"product_brand","embeddable":true,"href":"https:\/\/fmp-components.com\/hu\/wp-json\/wp\/v2\/product_brand?post=6547"},{"taxonomy":"product_cat","embeddable":true,"href":"https:\/\/fmp-components.com\/hu\/wp-json\/wp\/v2\/product_cat?post=6547"},{"taxonomy":"product_tag","embeddable":true,"href":"https:\/\/fmp-components.com\/hu\/wp-json\/wp\/v2\/product_tag?post=6547"}],"curies":[{"name":"munkaf\u00fczet","href":"https:\/\/api.w.org\/{rel}","templated":true}]}}