{"id":6546,"date":"2025-03-11T06:28:19","date_gmt":"2025-03-11T06:28:19","guid":{"rendered":"https:\/\/fmp-components.com\/product\/professional-5-stage-multi-stage-telescopic-hydraulic-cylinder"},"modified":"2025-03-12T02:00:00","modified_gmt":"2025-03-12T02:00:00","slug":"professional-5-stage-multi-stage-telescopic-hydraulic-cylinder","status":"publish","type":"product","link":"https:\/\/fmp-components.com\/hu\/product\/professional-5-stage-multi-stage-telescopic-hydraulic-cylinder\/","title":{"rendered":"Professzion\u00e1lis 5 fokozat\u00fa, t\u00f6bbfokozat\u00fa teleszk\u00f3pos hidraulikus henger"},"content":{"rendered":"<h2>Professzion\u00e1lis 5 fokozat\u00fa, t\u00f6bbfokozat\u00fa teleszk\u00f3pos hidraulikus henger<\/h2>\n<p>Bemutatjuk cs\u00facskateg\u00f3ri\u00e1s professzion\u00e1lis, 5 fokozat\u00fa, t\u00f6bbfokozat\u00fa teleszk\u00f3pos hidraulikus henger\u00fcnket. Ez a cs\u00facstechnol\u00f3gi\u00e1s hidraulikus henger sz\u00e9lesk\u00f6r\u0171 felhaszn\u00e1l\u00e1sra k\u00e9sz\u00fclt k\u00fcl\u00f6nf\u00e9le ipar\u00e1gakban, bele\u00e9rtve a g\u00e9pjav\u00edt\u00f3 m\u0171helyeket, a mez\u0151gazdas\u00e1got, az energetikai \u00e9s b\u00e1ny\u00e1szatot, valamint a gy\u00e1rt\u00e1st. Ez egy kulcsfontoss\u00e1g\u00fa alkatr\u00e9sz, amely kiv\u00e9teles funkcionalit\u00e1s\u00e1r\u00f3l, tart\u00f3ss\u00e1g\u00e1r\u00f3l \u00e9s hat\u00e9konys\u00e1g\u00e1r\u00f3l ismert.<\/p>\n<h2>Term\u00e9kspecifik\u00e1ci\u00f3k<\/h2>\n<table style=\"width: 102.74%;\" border=\"\">\n<tbody>\n<tr>\n<th style=\"width: 42.9185%;\">Term\u00e9k neve<\/th>\n<td style=\"width: 357.94%;\">Teleszk\u00f3pos henger<\/td>\n<\/tr>\n<tr>\n<th style=\"width: 42.9185%;\">Tan\u00fas\u00edtv\u00e1ny<\/th>\n<td style=\"width: 357.94%;\">ISO9001:2000<\/td>\n<\/tr>\n<tr>\n<th style=\"width: 42.9185%;\">Furatm\u00e9ret<\/th>\n<td style=\"width: 357.94%;\">2-6 h\u00fcvelyk<\/td>\n<\/tr>\n<tr>\n<th style=\"width: 42.9185%;\">R\u00fad m\u00e9rete<\/th>\n<td style=\"width: 357.94%;\">1,125-4 h\u00fcvelyk<\/td>\n<\/tr>\n<tr>\n<th style=\"width: 42.9185%;\">Ecsetvon\u00e1s m\u00e9rete<\/th>\n<td style=\"width: 357.94%;\">4-100 h\u00fcvelyk<\/td>\n<\/tr>\n<tr>\n<th style=\"width: 42.9185%;\">Cs\u00edp\u0151m\u00e9ret<\/th>\n<td style=\"width: 357.94%;\">0,5-2 h\u00fcvelyk<\/td>\n<\/tr>\n<tr>\n<th style=\"width: 42.9185%;\">kik\u00f6t\u0151k<\/th>\n<td style=\"width: 357.94%;\">G\/SAE\/NPT\/M<\/td>\n<\/tr>\n<\/tbody>\n<\/table>\n<h2>Megk\u00fcl\u00f6nb\u00f6ztet\u0151 jellemz\u0151k \u00e9s el\u0151ny\u00f6k<\/h2>\n<ul>\n<li>Energiahat\u00e9kony: Cs\u00f6kkentett energiafogyaszt\u00e1s.<\/li>\n<li>Nagy teljes\u00edtm\u00e9ny: Biztos\u00edtja a z\u00f6kken\u0151mentes \u00e9s hat\u00e9kony m\u0171k\u00f6d\u00e9st.<\/li>\n<li>Biztons\u00e1g: A felhaszn\u00e1l\u00f3k biztons\u00e1g\u00e1t szem el\u0151tt tartva tervezt\u00e9k.<\/li>\n<\/ul>\n<h2>A hidraulikus rendszerek \u00e9s m\u0171k\u00f6d\u00e9si elv\u00e9nek meg\u00e9rt\u00e9se<\/h2>\n<p>A hidraulikus rendszerek a folyad\u00e9knyom\u00e1s alapelv\u00e9n m\u0171k\u00f6dnek, amely kimondja, hogy a z\u00e1rt folyad\u00e9k b\u00e1rmely pontj\u00e1n bek\u00f6vetkez\u0151 nyom\u00e1sv\u00e1ltoz\u00e1s v\u00e1ltozatlanul \u00e1tjut a folyad\u00e9k \u00f6sszes t\u00f6bbi pontj\u00e1ra. Ez az alapvet\u0151 elv alapozza meg a hidraulikus hengerek m\u0171k\u00f6d\u00e9s\u00e9t, amelyek m\u0171k\u00f6dtet\u0151k\u00e9nt szolg\u00e1lnak, \u00e9s a hidraulikus energi\u00e1t mechanikai energi\u00e1v\u00e1 alak\u00edtj\u00e1k. A nyom\u00e1s alatt \u00e1ll\u00f3 folyad\u00e9k erej\u00e9nek kihaszn\u00e1l\u00e1s\u00e1val a hidraulikus rendszerek rendk\u00edv\u00fcl hat\u00e9kony eszk\u00f6zt biztos\u00edtanak a feladatok sz\u00e9les sk\u00e1l\u00e1j\u00e1nak elv\u00e9gz\u00e9s\u00e9hez, a neh\u00e9z terhek emel\u00e9s\u00e9t\u0151l a prec\u00edz mozg\u00e1sok lehet\u0151v\u00e9 t\u00e9tel\u00e9ig k\u00fcl\u00f6nb\u00f6z\u0151 ipari alkalmaz\u00e1sokban.<\/p>\n<p><img loading=\"lazy\" decoding=\"async\" class=\"alignnone  wp-image-6661\" src=\"https:\/\/fmp-components.com\/wp-content\/uploads\/2025\/03\/telescopic-hydraulic-cylinder-10.webp\" alt=\"teleszk\u00f3pos hidraulikus henger\" width=\"896\" height=\"896\" title=\"\" srcset=\"https:\/\/fmp-components.com\/wp-content\/uploads\/2025\/03\/telescopic-hydraulic-cylinder-10.webp 896w, https:\/\/fmp-components.com\/wp-content\/uploads\/2025\/03\/telescopic-hydraulic-cylinder-10-480x480.webp 480w\" sizes=\"(min-width: 0px) and (max-width: 480px) 480px, (min-width: 481px) 896px, 100vw\" \/><\/p>\n<p>A hidraulikus rendszerek hat\u00e9konys\u00e1ga nagyr\u00e9szt a haszn\u00e1lt folyad\u00e9k \u00f6sszenyomhatatlans\u00e1g\u00e1nak tulajdon\u00edthat\u00f3. Amikor nyom\u00e1st alkalmazunk egy hidraulikus folyad\u00e9kra, az \u00e1thalad a rendszeren, er\u0151t hozva l\u00e9tre, amely meghat\u00e1rozott m\u0171veletek v\u00e9grehajt\u00e1s\u00e1ra ir\u00e1ny\u00edthat\u00f3. Ez a z\u00f6kken\u0151mentes nyom\u00e1s\u00e1tad\u00e1s gyors \u00e9s er\u0151teljes mozg\u00e1sokat tesz lehet\u0151v\u00e9, \u00edgy a hidraulikus rendszerek k\u00fcl\u00f6n\u00f6sen hat\u00e9konny\u00e1 v\u00e1lnak olyan feladatokn\u00e1l, amelyek minim\u00e1lis fizikai er\u0151fesz\u00edt\u00e9ssel nagy er\u0151kifejt\u00e9st ig\u00e9nyelnek. A nyom\u00e1s szab\u00e1lyoz\u00e1s\u00e1nak \u00e9s manipul\u00e1l\u00e1s\u00e1nak k\u00e9pess\u00e9ge teszi lehet\u0151v\u00e9 a hidraulikus hengerek ilyen prec\u00edz \u00e9s megb\u00edzhat\u00f3 m\u0171k\u00f6d\u00e9s\u00e9t.<\/p>\n<h2>Hidraulikus hengerek \u00e9s t\u00e1pegys\u00e9gek<\/h2>\n<p>A hidraulikus hengerek \u00e9s t\u00e1pegys\u00e9gek n\u00e9lk\u00fcl\u00f6zhetetlen alkatr\u00e9szek a hidraulikus rendszerekben. Szinergi\u00e1juk kulcsfontoss\u00e1g\u00fa a hidraulikus technol\u00f3gia sz\u00e9les k\u00f6r\u0171 ipari alkalmaz\u00e1s\u00e1hoz, megb\u00edzhat\u00f3 energiaell\u00e1t\u00e1st \u00e9s vez\u00e9rl\u00e9st biztos\u00edtva a k\u00fcl\u00f6nf\u00e9le m\u00e9rn\u00f6ki \u00e9s g\u00e9p\u00e9szeti berendez\u00e9sek sz\u00e1m\u00e1ra.<\/p>\n<p>A hidraulikus henger m\u0171k\u00f6dtet\u0151k\u00e9nt m\u0171k\u00f6dik, \u00e9s a hidraulikus energi\u00e1t mechanikai mozg\u00e1ss\u00e1 alak\u00edtja. Ezt \u00fagy \u00e9ri el, hogy a nyom\u00e1st er\u0151v\u00e9 alak\u00edtja, lehet\u0151v\u00e9 t\u00e9ve a henger sz\u00e1m\u00e1ra, hogy figyelemre m\u00e9lt\u00f3 hat\u00e9konys\u00e1ggal emeljen, toljon vagy h\u00fazzon t\u00e1rgyakat. A henger kialak\u00edt\u00e1sa lehet\u0151v\u00e9 teszi a v\u00e1ltoz\u00f3 l\u00f6kethosszakat \u00e9s er\u0151kifejt\u00e9st, \u00edgy sz\u00e1mos alkalmaz\u00e1shoz alkalmazhat\u00f3, az \u00e9p\u00edt\u0151ipari g\u00e9pekt\u0151l az aut\u00f3ipari emel\u0151kig.<\/p>\n<p>M\u00e1sr\u00e9szt a t\u00e1pegys\u00e9g a hidraulikus rendszer sz\u00edve. Ez termeli a hidraulikafolyad\u00e9k rendszeren kereszt\u00fcli mozgat\u00e1s\u00e1hoz sz\u00fcks\u00e9ges energi\u00e1t, \u00e9s biztos\u00edtja a m\u0171k\u00f6d\u00e9shez sz\u00fcks\u00e9ges vez\u00e9rl\u0151jeleket. A t\u00e1pegys\u00e9g, amely jellemz\u0151en motorb\u00f3l, szivatty\u00fab\u00f3l, tart\u00e1lyb\u00f3l \u00e9s vez\u00e9rl\u0151szelepekb\u0151l \u00e1ll, elengedhetetlen a hidraulikus rendszeren bel\u00fcli \u00e1lland\u00f3 nyom\u00e1s \u00e9s \u00e1raml\u00e1si sebess\u00e9g fenntart\u00e1s\u00e1hoz. A hidraulikus henger \u00e9s a t\u00e1pegys\u00e9g k\u00f6z\u00f6tti koordin\u00e1ci\u00f3 l\u00e9tfontoss\u00e1g\u00fa; csak harmonikus m\u0171k\u00f6d\u00e9s\u00fck r\u00e9v\u00e9n m\u0171k\u00f6dhet hat\u00e9konyan \u00e9s megb\u00edzhat\u00f3an a hidraulikus rendszer.<\/p>\n<p><img loading=\"lazy\" decoding=\"async\" class=\"alignnone  wp-image-6662\" src=\"https:\/\/fmp-components.com\/wp-content\/uploads\/2025\/03\/telescopic-hydraulic-cylinder-4.webp\" alt=\"teleszk\u00f3pos hidraulikus henger\" width=\"907\" height=\"907\" title=\"\" srcset=\"https:\/\/fmp-components.com\/wp-content\/uploads\/2025\/03\/telescopic-hydraulic-cylinder-4.webp 907w, https:\/\/fmp-components.com\/wp-content\/uploads\/2025\/03\/telescopic-hydraulic-cylinder-4-480x480.webp 480w\" sizes=\"(min-width: 0px) and (max-width: 480px) 480px, (min-width: 481px) 907px, 100vw\" \/><\/p>\n<p>Az FMP-n\u00e9l felismerj\u00fck ezen alkatr\u00e9szek fontoss\u00e1g\u00e1t a hidraulikus alkalmaz\u00e1sokban, \u00e9s b\u00fcszk\u00e9n k\u00edn\u00e1lunk kiv\u00e1l\u00f3 min\u0151s\u00e9g\u0171 t\u00e1pegys\u00e9geket v\u00e1s\u00e1rl\u00e1sra. Azzal, hogy mind hidraulikus hengereket, mind t\u00e1pegys\u00e9geket k\u00edn\u00e1lunk, biztos\u00edtjuk, hogy \u00fcgyfeleink hozz\u00e1f\u00e9rjenek minden sz\u00fcks\u00e9ges elemhez a hat\u00e9kony \u00e9s eredm\u00e9nyes hidraulikus rendszerek l\u00e9trehoz\u00e1s\u00e1hoz. Ez az \u00e1tfog\u00f3 megk\u00f6zel\u00edt\u00e9s lehet\u0151v\u00e9 teszi sz\u00e1munkra, hogy az ipar\u00e1gak sz\u00e9les sk\u00e1l\u00e1j\u00e1t t\u00e1mogassuk, \u00e9s a v\u00e1llalkoz\u00e1sokat arra \u00f6szt\u00f6n\u00f6zz\u00fck, hogy megb\u00edzhat\u00f3 hidraulikus megold\u00e1sokon kereszt\u00fcl n\u00f6velj\u00e9k m\u0171k\u00f6d\u00e9si k\u00e9pess\u00e9geiket.<\/p>\n<h2>GYIK<\/h2>\n<dl>\n<dt>K: Kereskedelmi v\u00e1llalat vagy gy\u00e1rt\u00f3?<\/dt>\n<dd>V: Mi egy gy\u00e1r vagyunk.<\/dd>\n<dt>K: Mennyi a sz\u00e1ll\u00edt\u00e1si id\u0151?<\/dt>\n<dd>V: \u00c1ltal\u00e1ban 25-35 nap.<\/dd>\n<dt>K: Biztos\u00edtanak mint\u00e1kat? Ingyenesek vagy k\u00fcl\u00f6n kaphat\u00f3k?<\/dt>\n<dd>V: Igen, felaj\u00e1nlhatn\u00e1nk a mint\u00e1t, de ez nem ingyenes.<\/dd>\n<\/dl>\n<h3>Az FMP-r\u0151l<\/h3>\n<p>Az FMP egy vezet\u0151 olasz gy\u00e1rt\u00f3, amely kiv\u00e1l\u00f3 min\u0151s\u00e9g\u0171 hidraulikus hengerek tervez\u00e9s\u00e9re, fejleszt\u00e9s\u00e9re \u00e9s gy\u00e1rt\u00e1s\u00e1ra specializ\u00e1l\u00f3dott. \u00c9vtizedes szak\u00e9rtelm\u00fcnkre \u00e9p\u00edtve z\u00f6kken\u0151mentesen \u00f6tv\u00f6zz\u00fck az olasz k\u00e9zm\u0171vess\u00e9get a legmodernebb technol\u00f3gi\u00e1val, kiv\u00e9teles hidraulikus megold\u00e1sokat k\u00edn\u00e1lva, amelyek glob\u00e1lis \u00fcgyfeleink sokr\u00e9t\u0171 ig\u00e9nyeire szabottak. Olaszorsz\u00e1gban \u2013 a m\u00e9rn\u00f6ki kiv\u00e1l\u00f3s\u00e1g k\u00f6zpontj\u00e1ban \u2013 tal\u00e1lhat\u00f3 FMP megb\u00edzhat\u00f3 n\u00e9vv\u00e9 v\u00e1lt a hidraulikus iparban, \u00e9s elk\u00f6telezett amellett, hogy megb\u00edzhat\u00f3, tart\u00f3s \u00e9s innovat\u00edv term\u00e9keket k\u00edn\u00e1ljon, amelyek vil\u00e1gszerte t\u00e1mogass\u00e1k a v\u00e1llalkoz\u00e1sokat.<\/p>\n<p>C\u00e9g\u00fcnk a fejlett gy\u00e1rt\u00e1si hagyom\u00e1nyokat el\u0151remutat\u00f3 megk\u00f6zel\u00edt\u00e9ssel \u00f6tv\u00f6zi. A hidraulikus rendszerek ter\u00e9n szerzett sz\u00e9lesk\u00f6r\u0171 tapasztalataira \u00e9p\u00edtve az FMP modern v\u00e1llalkoz\u00e1ss\u00e1 alakult, amely kiemelked\u0151 a kutat\u00e1s, a tervez\u00e9s \u00e9s a gy\u00e1rt\u00e1s ter\u00e9n. Sz\u00e9les v\u00e1laszt\u00e9kban k\u00edn\u00e1lunk hidraulikus hengereket, bele\u00e9rtve a kett\u0151s m\u0171k\u00f6d\u00e9s\u0171 hengereket, az aut\u00f3ipari emel\u0151hengereket, a mez\u0151gazdas\u00e1gi g\u00e9pek hengereit \u00e9s az egyedi tervez\u00e9s\u0171 megold\u00e1sokat k\u00fcl\u00f6nf\u00e9le ipari alkalmaz\u00e1sokhoz. \u00c1gazatt\u00f3l f\u00fcggetlen\u00fcl \u2013 legyen sz\u00f3 \u00e9p\u00edt\u0151iparr\u00f3l, ipari telep\u00edt\u00e9sekr\u0151l, mez\u0151gazdas\u00e1gr\u00f3l vagy neh\u00e9zg\u00e9pekr\u0151l \u2013 hidraulikus hengereinket \u00fagy tervezt\u00fck, hogy a legig\u00e9nyesebb k\u00f6r\u00fclm\u00e9nyek k\u00f6z\u00f6tt is m\u0171k\u00f6djenek, biztos\u00edtva a biztons\u00e1got, a hat\u00e9konys\u00e1got \u00e9s a hossz\u00fa \u00e9lettartamot.<\/p>\n<p><img loading=\"lazy\" decoding=\"async\" class=\"alignnone size-full wp-image-6720\" src=\"https:\/\/fmp-components.com\/wp-content\/uploads\/2025\/03\/hydraulic-cylinder-8.webp\" alt=\"Teleszk\u00f3pos hidraulikus hengerek\" width=\"933\" height=\"526\" title=\"\" srcset=\"https:\/\/fmp-components.com\/wp-content\/uploads\/2025\/03\/hydraulic-cylinder-8.webp 933w, https:\/\/fmp-components.com\/wp-content\/uploads\/2025\/03\/hydraulic-cylinder-8-480x271.webp 480w\" sizes=\"(min-width: 0px) and (max-width: 480px) 480px, (min-width: 481px) 933px, 100vw\" \/><\/p>\n<p>Az FMP-n\u00e9l b\u00fcszk\u00e9k vagyunk a legmodernebb gy\u00e1rt\u00f3\u00fczemeinkre, amelyek prec\u00edzi\u00f3s g\u00e9pekkel \u00e9s fejlett vizsg\u00e1l\u00f3rendszerekkel vannak felszerelve. Gy\u00e1rt\u00e1si folyamataink szigor\u00fa nemzeti \u00e9s nemzetk\u00f6zi szabv\u00e1nyoknak felelnek meg, biztos\u00edtva, hogy minden gy\u00e1rtott hidraulikus henger a legmagasabb min\u0151s\u00e9g\u0171 \u00e9s megb\u00edzhat\u00f3s\u00e1g\u00fa legyen. K\u00e9pzett m\u0171szaki csapatunk a legmodernebb berendez\u00e9sekkel egy\u00fctt lehet\u0151v\u00e9 teszi sz\u00e1munkra, hogy szigor\u00fa min\u0151s\u00e9gellen\u0151rz\u00e9st tartsunk fenn a gy\u00e1rt\u00e1s minden szakasz\u00e1ban \u2013 az alapanyagok kiv\u00e1laszt\u00e1s\u00e1t\u00f3l a v\u00e9gs\u0151 ellen\u0151rz\u00e9sig. Ez a kiv\u00e1l\u00f3s\u00e1g ir\u00e1nti elk\u00f6telezetts\u00e9g\u00fcnk tan\u00fas\u00edtv\u00e1nyokat \u00e9s elismer\u00e9st szerzett nek\u00fcnk az ipar\u00e1gi hat\u00f3s\u00e1gokt\u00f3l, tov\u00e1bb er\u0151s\u00edtve megb\u00edzhat\u00f3 partnerk\u00e9nt szerzett h\u00edrnev\u00fcnket.<\/p>\n<p>K\u00fcldet\u00e9s\u00fcnk egyszerre egyszer\u0171 \u00e9s ambici\u00f3zus: olyan hidraulikus hengereket biztos\u00edtani \u00fcgyfeleinknek, amelyek teljes\u00edtm\u00e9ny, tart\u00f3ss\u00e1g \u00e9s \u00e9rt\u00e9k tekintet\u00e9ben fel\u00fclm\u00falj\u00e1k az elv\u00e1r\u00e1sokat. A professzionalizmus, a feddhetetlens\u00e9g \u00e9s az \u00fcgyf\u00e9lk\u00f6zpont\u00fas\u00e1g alapelvei szerint m\u0171k\u00f6d\u00fcnk. Az innov\u00e1ci\u00f3 \u00e9s a precizit\u00e1s kult\u00far\u00e1j\u00e1nak \u00e1pol\u00e1s\u00e1val folyamatosan finom\u00edtjuk term\u00e9keinket, hogy meg\u0151rizz\u00fck el\u0151ny\u00fcnket a versenyk\u00e9pes piacon. \u00c1tfog\u00f3 term\u00e9kk\u00edn\u00e1latunk \u00e9s a szem\u00e9lyre szabott megold\u00e1sok k\u00edn\u00e1l\u00e1s\u00e1nak k\u00e9pess\u00e9ge tesz minket a nagy teljes\u00edtm\u00e9ny\u0171 hidraulikus hengereket keres\u0151 v\u00e1llalkoz\u00e1sok el\u0151nyben r\u00e9szes\u00edtett v\u00e1laszt\u00e1s\u00e1v\u00e1.<\/p>\n<p>Az FMP t\u00f6bb mint egy gy\u00e1rt\u00f3; partnerek vagyunk a siker\u00e9ben. Meg\u00e9rtj\u00fck, hogy \u00fcgyfeleink r\u00e1nk t\u00e1maszkodnak, ha olyan eszk\u00f6z\u00f6ket szeretn\u00e9nk biztos\u00edtani, amelyek n\u00f6velik a termel\u00e9kenys\u00e9get \u00e9s a biztons\u00e1got. Ez\u00e9rt elk\u00f6telezettek vagyunk nemcsak a cs\u00facskateg\u00f3ri\u00e1s term\u00e9kek sz\u00e1ll\u00edt\u00e1sa, hanem a kiv\u00e9teles szolg\u00e1ltat\u00e1s ny\u00fajt\u00e1sa ir\u00e1nt is. A kezdeti konzult\u00e1ci\u00f3kt\u00f3l az \u00e9rt\u00e9kes\u00edt\u00e9s ut\u00e1ni t\u00e1mogat\u00e1sig szorosan egy\u00fcttm\u0171k\u00f6d\u00fcnk \u00fcgyfeleinkkel annak biztos\u00edt\u00e1sa \u00e9rdek\u00e9ben, hogy ig\u00e9nyeiket professzionalizmussal \u00e9s gondoss\u00e1ggal el\u00e9g\u00edts\u00fck ki. Versenyk\u00e9pes \u00e1raink, valamint a min\u0151s\u00e9g ir\u00e1nti rend\u00edthetetlen elk\u00f6telezetts\u00e9g\u00fcnk teszi az FMP-t okos v\u00e1laszt\u00e1ss\u00e1 azoknak a v\u00e1llalatoknak, amelyek megb\u00edzhat\u00f3 hidraulikus megold\u00e1sokba szeretn\u00e9nek befektetni.<\/p>","protected":false},"excerpt":{"rendered":"<p>Professional 5 Stage Multi Stage Telescopic Hydraulic Cylinder Introducing our top-tier Professional 5 Stage Multi Stage Telescopic Hydraulic Cylinder. This state-of-the-art hydraulic cylinder is designed for extensive use across various industries, including machinery repair shops, farms, energy and mining, and manufacturing. It&#8217;s a crucial component known for its exceptional functionality, durability, and efficiency. Product Specifications [&hellip;]<\/p>","protected":false},"featured_media":6697,"comment_status":"closed","ping_status":"closed","template":"","meta":{"_et_pb_use_builder":"","_et_pb_old_content":"","_et_gb_content_width":""},"product_brand":[],"product_cat":[103],"product_tag":[34,105],"class_list":{"0":"post-6546","1":"product","2":"type-product","3":"status-publish","4":"has-post-thumbnail","6":"product_cat-telescopic-hydraulic-cylinders","7":"product_tag-hydraulic-cylinder","8":"product_tag-telescopic-hydraulic-cylinders","10":"first","11":"instock","12":"product-type-simple"},"_links":{"self":[{"href":"https:\/\/fmp-components.com\/hu\/wp-json\/wp\/v2\/product\/6546","targetHints":{"allow":["GET"]}}],"collection":[{"href":"https:\/\/fmp-components.com\/hu\/wp-json\/wp\/v2\/product"}],"about":[{"href":"https:\/\/fmp-components.com\/hu\/wp-json\/wp\/v2\/types\/product"}],"replies":[{"embeddable":true,"href":"https:\/\/fmp-components.com\/hu\/wp-json\/wp\/v2\/comments?post=6546"}],"wp:featuredmedia":[{"embeddable":true,"href":"https:\/\/fmp-components.com\/hu\/wp-json\/wp\/v2\/media\/6697"}],"wp:attachment":[{"href":"https:\/\/fmp-components.com\/hu\/wp-json\/wp\/v2\/media?parent=6546"}],"wp:term":[{"taxonomy":"product_brand","embeddable":true,"href":"https:\/\/fmp-components.com\/hu\/wp-json\/wp\/v2\/product_brand?post=6546"},{"taxonomy":"product_cat","embeddable":true,"href":"https:\/\/fmp-components.com\/hu\/wp-json\/wp\/v2\/product_cat?post=6546"},{"taxonomy":"product_tag","embeddable":true,"href":"https:\/\/fmp-components.com\/hu\/wp-json\/wp\/v2\/product_tag?post=6546"}],"curies":[{"name":"munkaf\u00fczet","href":"https:\/\/api.w.org\/{rel}","templated":true}]}}