{"id":6545,"date":"2025-03-11T06:28:19","date_gmt":"2025-03-11T06:28:19","guid":{"rendered":"https:\/\/fmp-components.com\/product\/chinese-factory-dump-truck-hydraulic-cylinders-multistage-hydraulic-cylinder-for-sale"},"modified":"2025-03-18T02:11:48","modified_gmt":"2025-03-18T02:11:48","slug":"italian-factory-dump-truck-hydraulic-cylinders-multistage-hydraulic-cylinder-for-sale","status":"publish","type":"product","link":"https:\/\/fmp-components.com\/hu\/product\/italian-factory-dump-truck-hydraulic-cylinders-multistage-hydraulic-cylinder-for-sale\/","title":{"rendered":"Olasz gy\u00e1ri d\u00f6mper hidraulikus hengerek t\u00f6bbfokozat\u00fa hidraulikus henger elad\u00f3"},"content":{"rendered":"<h2>Olasz gy\u00e1ri d\u00f6mper hidraulikus hengerek t\u00f6bbfokozat\u00fa hidraulikus henger elad\u00f3<\/h2>\n<p>Bemutatjuk \u00d6nnek cs\u00facskateg\u00f3ri\u00e1s, olasz gy\u00e1ri d\u00f6mperekhez val\u00f3, t\u00f6bbfokozat\u00fa hidraulikus henger\u00fcnket. Szak\u00e9rt\u0151i tervez\u00e9s\u0171 \u00e9s sokoldal\u00fa hidraulikus henger\u00fcnket \u00fagy tervezt\u00fck, hogy megfeleljen a k\u00fcl\u00f6nf\u00e9le ipar\u00e1gak nagy ig\u00e9nybev\u00e9tel\u0171 ig\u00e9nyeinek.<\/p>\n<h3>Jellemz\u0151k \u00e9s funkci\u00f3k<\/h3>\n<p>T\u00f6bbfokozat\u00fa hidraulikus henger\u00fcnk n\u00e9lk\u00fcl\u00f6zhetetlen szerepet j\u00e1tszik a g\u00e9pjav\u00edt\u00f3 m\u0171helyekben, mez\u0151gazdas\u00e1gi \u00fczemekben, energia- \u00e9s b\u00e1ny\u00e1szati \u200b\u200bszektorokban, g\u00e9pgy\u00e1rt\u00e1sban \u00e9s g\u00e9pgy\u00e1rakban. Ez egy szabv\u00e1nyos, hidraulikusan hajtott dugatty\u00fas henger, amely biztos\u00edtja a sima \u00e9s hat\u00e9kony m\u0171k\u00f6d\u00e9st.<\/p>\n<p><img loading=\"lazy\" decoding=\"async\" class=\"alignnone wp-image-6658\" src=\"https:\/\/fmp-components.com\/wp-content\/uploads\/2025\/03\/telescopic-hydraulic-cylinder-6.webp\" alt=\"teleszk\u00f3pos hidraulikus henger\" width=\"929\" height=\"929\" title=\"\" srcset=\"https:\/\/fmp-components.com\/wp-content\/uploads\/2025\/03\/telescopic-hydraulic-cylinder-6.webp 929w, https:\/\/fmp-components.com\/wp-content\/uploads\/2025\/03\/telescopic-hydraulic-cylinder-6-480x480.webp 480w\" sizes=\"(min-width: 0px) and (max-width: 480px) 480px, (min-width: 481px) 929px, 100vw\" \/><\/p>\n<h3>M\u0171szaki adatok<\/h3>\n<p>Hidraulikus munkahenger\u00fcnk a k\u00f6vetkez\u0151 tulajdons\u00e1gokkal rendelkezik:<\/p>\n<table style=\"width: 101.731%; height: 112px;\" border=\"\">\n<tbody>\n<tr>\n<td colspan=\"\" rowspan=\"\"><i>Furatm\u00e9ret<\/i><\/td>\n<td colspan=\"\" rowspan=\"\">2-6 h\u00fcvelyk<\/td>\n<\/tr>\n<tr>\n<td colspan=\"\" rowspan=\"\"><i>R\u00fad m\u00e9rete<\/i><\/td>\n<td colspan=\"\" rowspan=\"\">1,125-4 h\u00fcvelyk<\/td>\n<\/tr>\n<tr>\n<td colspan=\"\" rowspan=\"\"><i>Ecsetvon\u00e1s m\u00e9rete<\/i><\/td>\n<td colspan=\"\" rowspan=\"\">4-100 h\u00fcvelyk<\/td>\n<\/tr>\n<tr>\n<td colspan=\"\" rowspan=\"\"><i>Cs\u00edp\u0151m\u00e9ret<\/i><\/td>\n<td colspan=\"\" rowspan=\"\">0,5-2 h\u00fcvelyk<\/td>\n<\/tr>\n<tr>\n<td colspan=\"\" rowspan=\"\"><i>kik\u00f6t\u0151k<\/i><\/td>\n<td colspan=\"\" rowspan=\"\">G\/SAE\/NPT\/M<\/td>\n<\/tr>\n<\/tbody>\n<\/table>\n<h2>Egyedi el\u0151ny\u00f6k<\/h2>\n<h3>Energiatakar\u00e9kos<\/h3>\n<p>Hidraulikus hengereinket az energiahat\u00e9konys\u00e1g szem el\u0151tt tart\u00e1s\u00e1val tervezt\u00fck. Maximaliz\u00e1lj\u00e1k a hidraulikafolyad\u00e9k felhaszn\u00e1l\u00e1s\u00e1t, jelent\u0151s er\u0151t fejlesszenek ki, mik\u00f6zben minimaliz\u00e1lj\u00e1k az energiafogyaszt\u00e1st. Ez nemcsak az \u00fczemeltet\u00e9si k\u00f6lts\u00e9geket cs\u00f6kkenti, hanem az ipari m\u0171veletekkel j\u00e1r\u00f3 sz\u00e9nl\u00e1bnyom cs\u00f6kkent\u00e9s\u00e9vel hozz\u00e1j\u00e1rul a k\u00f6rnyezeti fenntarthat\u00f3s\u00e1ghoz is. Az energiafelhaszn\u00e1l\u00e1s optimaliz\u00e1l\u00e1s\u00e1val hengereink biztos\u00edtj\u00e1k, hogy a v\u00e1llalkoz\u00e1sok felesleges pazarl\u00e1s n\u00e9lk\u00fcl el\u00e9rhess\u00e9k m\u0171k\u00f6d\u00e9si c\u00e9ljaikat.<\/p>\n<h3>Rendk\u00edv\u00fcl hat\u00e9kony<\/h3>\n<p>Az energiahat\u00e9konys\u00e1g mellett hidraulikus hengereinket nagy hat\u00e9konys\u00e1g\u00fa teljes\u00edtm\u00e9nyre tervezt\u00fck. Gyors v\u00e1laszid\u0151vel \u00e9s prec\u00edz vez\u00e9rl\u00e9ssel rendelkeznek, ami lehet\u0151v\u00e9 teszi a z\u00f6kken\u0151mentes \u00e9s hat\u00e9kony m\u0171k\u00f6d\u00e9st sz\u00e1mos alkalmaz\u00e1sban. Ez a hat\u00e9konys\u00e1g fokozott termel\u00e9kenys\u00e9get eredm\u00e9nyez, mivel a feladatok gyorsabban \u00e9s nagyobb pontoss\u00e1ggal v\u00e9gezhet\u0151k el. Hidraulikus hengereinket a legig\u00e9nyesebb k\u00f6r\u00fclm\u00e9nyek kezel\u00e9s\u00e9re tervezt\u00fck, biztos\u00edtva, hogy m\u00e9g a legnagyobb kih\u00edv\u00e1st jelent\u0151 k\u00f6rnyezetben is megb\u00edzhat\u00f3an m\u0171k\u00f6djenek.<\/p>\n<h3>Biztons\u00e1gos \u00e9s megb\u00edzhat\u00f3<\/h3>\n<p>A biztons\u00e1g \u00e9s a megb\u00edzhat\u00f3s\u00e1g kiemelked\u0151 fontoss\u00e1g\u00fa az ipari alkalmaz\u00e1sokban, \u00e9s hidraulikus hengereinket \u00fagy tervezt\u00fck, hogy megfeleljenek ezeknek a kritikus szabv\u00e1nyoknak. Kiv\u00e1l\u00f3 min\u0151s\u00e9g\u0171 anyagokb\u00f3l \u00e9s fejlett m\u00e9rn\u00f6ki technik\u00e1kb\u00f3l k\u00e9sz\u00fclnek, biztos\u00edtva a tart\u00f3ss\u00e1got \u00e9s a hossz\u00fa \u00e9lettartamot. Ezenk\u00edv\u00fcl minden henger szigor\u00fa tesztel\u00e9sen esik \u00e1t annak garant\u00e1l\u00e1s\u00e1ra, hogy meghib\u00e1sod\u00e1s n\u00e9lk\u00fcl ellen\u00e1lljon a nagy nyom\u00e1snak \u00e9s a neh\u00e9z terhel\u00e9seknek. Ez a biztons\u00e1g ir\u00e1nti elk\u00f6telezetts\u00e9g azt jelenti, hogy \u00fcgyfeleink magabiztosan \u00fczemeltethetik g\u00e9peiket, tudv\u00e1n, hogy hidraulikus megold\u00e1saink megb\u00edzhat\u00f3an fognak m\u0171k\u00f6dni.<\/p>\n<p><img loading=\"lazy\" decoding=\"async\" class=\"alignnone wp-image-6657\" src=\"https:\/\/fmp-components.com\/wp-content\/uploads\/2025\/03\/telescopic-hydraulic-cylinder-3.webp\" alt=\"teleszk\u00f3pos hidraulikus henger\" width=\"904\" height=\"904\" title=\"\" srcset=\"https:\/\/fmp-components.com\/wp-content\/uploads\/2025\/03\/telescopic-hydraulic-cylinder-3.webp 904w, https:\/\/fmp-components.com\/wp-content\/uploads\/2025\/03\/telescopic-hydraulic-cylinder-3-480x480.webp 480w\" sizes=\"(min-width: 0px) and (max-width: 480px) 480px, (min-width: 481px) 904px, 100vw\" \/><\/p>\n<h2>Hidraulikus rendszer \u00e9s m\u0171k\u00f6d\u00e9si elv<\/h2>\n<p>Hidraulikus henger\u00fcnk Pascal t\u00f6rv\u00e9ny\u00e9nek elv\u00e9n m\u0171k\u00f6dik, amely kimondja, hogy egy z\u00e1rt, \u00f6sszenyomhatatlan folyad\u00e9k egy pontj\u00e1n bek\u00f6vetkez\u0151 nyom\u00e1sv\u00e1ltoz\u00e1s egyenletesen terjed a folyad\u00e9kban. Ez az alapelv lehet\u0151v\u00e9 teszi a hidraulikus henger sz\u00e1m\u00e1ra, hogy hat\u00e9konyan line\u00e1ris mozg\u00e1st \u00e9s er\u0151t gener\u00e1ljon. Amikor a hidraulikus folyad\u00e9k nyom\u00e1s al\u00e1 ker\u00fcl, olyan er\u0151t hoz l\u00e9tre, amely mozgatja a dugatty\u00fat a hengeren bel\u00fcl, a hidraulikus energi\u00e1t mechanikai mozg\u00e1ss\u00e1 alak\u00edtva. Ez a hat\u00e9kony \u00e1talak\u00edt\u00e1s lehet\u0151v\u00e9 teszi az er\u0151teljes emel\u0151- \u00e9s tol\u00f3mozg\u00e1sokat, \u00edgy a hidraulikus rendszerek sz\u00e9les k\u00f6rben alkalmazhat\u00f3k a k\u00fcl\u00f6nb\u00f6z\u0151 ipar\u00e1gakban.<\/p>\n<h2>Hidraulikus hengerek \u00e9s t\u00e1pegys\u00e9gek<\/h2>\n<p>A hidraulikus hengerek \u00e9s t\u00e1pegys\u00e9gek minden hidraulikus rendszer szerves r\u00e9sz\u00e9t k\u00e9pezik. Szinergi\u00e1juk elengedhetetlen a hidraulikus technol\u00f3gia sz\u00e9les k\u00f6r\u0171 alkalmaz\u00e1s\u00e1hoz az ipari szektorban, megb\u00edzhat\u00f3 energiaell\u00e1t\u00e1st \u00e9s vez\u00e9rl\u00e9st biztos\u00edtva a k\u00fcl\u00f6nf\u00e9le m\u00e9rn\u00f6ki \u00e9s g\u00e9p\u00e9szeti berendez\u00e9sek sz\u00e1m\u00e1ra.<\/p>\n<p>A hidraulikus henger m\u0171k\u00f6dtet\u0151k\u00e9nt m\u0171k\u00f6dik, \u00e9s felel\u0151s a hidraulikus energia mechanikai mozg\u00e1ss\u00e1 alak\u00edt\u00e1s\u00e1\u00e9rt. \u00dagy tervezt\u00e9k, hogy k\u00fcl\u00f6nf\u00e9le feladatokat l\u00e1tson el, a neh\u00e9z terhek emel\u00e9s\u00e9t\u0151l a g\u00e9pek prec\u00edz mozgat\u00e1s\u00e1ig. M\u00e1sr\u00e9szt a t\u00e1pegys\u00e9g a hidraulikus rendszer sz\u00edvek\u00e9nt szolg\u00e1l, el\u0151\u00e1ll\u00edtja a sz\u00fcks\u00e9ges energi\u00e1t a hidraulikafolyad\u00e9k meghajt\u00e1s\u00e1hoz, \u00e9s biztos\u00edtja a rendszer hat\u00e9kony m\u0171k\u00f6d\u00e9s\u00e9t.<\/p>\n<p>Az FMP-n\u00e9l felismerj\u00fck ezen alkatr\u00e9szek fontoss\u00e1g\u00e1t, \u00e9s b\u00fcszk\u00e9n k\u00edn\u00e1lunk kiv\u00e1l\u00f3 min\u0151s\u00e9g\u0171 t\u00e1pegys\u00e9geket \u00e9rt\u00e9kes\u00edt\u00e9sre. Azzal, hogy mind hidraulikus hengereket, mind t\u00e1pegys\u00e9geket k\u00edn\u00e1lunk, lehet\u0151v\u00e9 tessz\u00fck \u00fcgyfeleink sz\u00e1m\u00e1ra, hogy teljesen integr\u00e1lt hidraulikus rendszereket hozzanak l\u00e9tre, amelyek jav\u00edtj\u00e1k a m\u0171k\u00f6d\u00e9si k\u00e9pess\u00e9geket. Ez az \u00e1tfog\u00f3 megk\u00f6zel\u00edt\u00e9s lehet\u0151v\u00e9 teszi a v\u00e1llalkoz\u00e1sok sz\u00e1m\u00e1ra, hogy kihaszn\u00e1lj\u00e1k a hidraulikus technol\u00f3gia el\u0151nyeit, biztos\u00edtva a hat\u00e9konys\u00e1got, a biztons\u00e1got \u00e9s a teljes\u00edtm\u00e9nyt m\u0171k\u00f6d\u00e9s\u00fck sor\u00e1n.<\/p>\n<p><img loading=\"lazy\" decoding=\"async\" class=\"alignnone wp-image-6656\" src=\"https:\/\/fmp-components.com\/wp-content\/uploads\/2025\/03\/telescopic-hydraulic-cylinder-5.webp\" alt=\"teleszk\u00f3pos hidraulikus henger\" width=\"895\" height=\"895\" title=\"\" srcset=\"https:\/\/fmp-components.com\/wp-content\/uploads\/2025\/03\/telescopic-hydraulic-cylinder-5.webp 895w, https:\/\/fmp-components.com\/wp-content\/uploads\/2025\/03\/telescopic-hydraulic-cylinder-5-480x480.webp 480w\" sizes=\"(min-width: 0px) and (max-width: 480px) 480px, (min-width: 481px) 895px, 100vw\" \/><\/p>\n<h2>Gyakran ism\u00e9telt k\u00e9rd\u00e9sek<\/h2>\n<p>K: Kereskedelmi v\u00e1llalat vagy gy\u00e1rt\u00f3?<br \/>\nV: Gy\u00e1rt\u00f3 vagyunk.<br \/>\n<img alt=\"\" \/><br \/>\nK: Mi a sz\u00e1ll\u00edt\u00e1si hat\u00e1rideje?<br \/>\nV: \u00c1ltal\u00e1ban 25-35 nap.<br \/>\nK: Biztos\u00edtanak mint\u00e1kat? Ingyenes vagy k\u00fcl\u00f6n fizetend\u0151?<br \/>\nV: Igen, k\u00edn\u00e1lunk mint\u00e1kat, de ezek nem ingyenesek.<\/p>\n<h3>Az FMP-r\u0151l<\/h3>\n<p>Az FMP egy vezet\u0151 olasz gy\u00e1rt\u00f3, amely kiv\u00e1l\u00f3 min\u0151s\u00e9g\u0171 hidraulikus hengerek tervez\u00e9s\u00e9re, fejleszt\u00e9s\u00e9re \u00e9s gy\u00e1rt\u00e1s\u00e1ra specializ\u00e1l\u00f3dott. \u00c9vtizedes szak\u00e9rtelm\u00fcnkre \u00e9p\u00edtve z\u00f6kken\u0151mentesen \u00f6tv\u00f6zz\u00fck az olasz k\u00e9zm\u0171vess\u00e9get a legmodernebb technol\u00f3gi\u00e1val, kiv\u00e9teles hidraulikus megold\u00e1sokat k\u00edn\u00e1lva, amelyek glob\u00e1lis \u00fcgyfeleink sokr\u00e9t\u0171 ig\u00e9nyeire szabottak. Olaszorsz\u00e1gban \u2013 a m\u00e9rn\u00f6ki kiv\u00e1l\u00f3s\u00e1g k\u00f6zpontj\u00e1ban \u2013 tal\u00e1lhat\u00f3 FMP megb\u00edzhat\u00f3 n\u00e9vv\u00e9 v\u00e1lt a hidraulikus iparban, \u00e9s elk\u00f6telezett amellett, hogy megb\u00edzhat\u00f3, tart\u00f3s \u00e9s innovat\u00edv term\u00e9keket k\u00edn\u00e1ljon, amelyek vil\u00e1gszerte t\u00e1mogass\u00e1k a v\u00e1llalkoz\u00e1sokat.<\/p>\n<p>C\u00e9g\u00fcnk a fejlett gy\u00e1rt\u00e1si hagyom\u00e1nyokat el\u0151remutat\u00f3 megk\u00f6zel\u00edt\u00e9ssel \u00f6tv\u00f6zi. A hidraulikus rendszerek ter\u00e9n szerzett sz\u00e9lesk\u00f6r\u0171 tapasztalataira \u00e9p\u00edtve az FMP modern v\u00e1llalkoz\u00e1ss\u00e1 alakult, amely kiemelked\u0151 a kutat\u00e1s, a tervez\u00e9s \u00e9s a gy\u00e1rt\u00e1s ter\u00e9n. Sz\u00e9les v\u00e1laszt\u00e9kban k\u00edn\u00e1lunk hidraulikus hengereket, bele\u00e9rtve a kett\u0151s m\u0171k\u00f6d\u00e9s\u0171 hengereket, az aut\u00f3ipari emel\u0151hengereket, a mez\u0151gazdas\u00e1gi g\u00e9pek hengereit \u00e9s az egyedi tervez\u00e9s\u0171 megold\u00e1sokat k\u00fcl\u00f6nf\u00e9le ipari alkalmaz\u00e1sokhoz. \u00c1gazatt\u00f3l f\u00fcggetlen\u00fcl \u2013 legyen sz\u00f3 \u00e9p\u00edt\u0151iparr\u00f3l, ipari telep\u00edt\u00e9sekr\u0151l, mez\u0151gazdas\u00e1gr\u00f3l vagy neh\u00e9zg\u00e9pekr\u0151l \u2013 hidraulikus hengereinket \u00fagy tervezt\u00fck, hogy a legig\u00e9nyesebb k\u00f6r\u00fclm\u00e9nyek k\u00f6z\u00f6tt is m\u0171k\u00f6djenek, biztos\u00edtva a biztons\u00e1got, a hat\u00e9konys\u00e1got \u00e9s a hossz\u00fa \u00e9lettartamot.<\/p>\n<p><img loading=\"lazy\" decoding=\"async\" class=\"alignnone size-full wp-image-6720\" src=\"https:\/\/fmp-components.com\/wp-content\/uploads\/2025\/03\/hydraulic-cylinder-8.webp\" alt=\"Teleszk\u00f3pos hidraulikus hengerek\" width=\"933\" height=\"526\" title=\"\" srcset=\"https:\/\/fmp-components.com\/wp-content\/uploads\/2025\/03\/hydraulic-cylinder-8.webp 933w, https:\/\/fmp-components.com\/wp-content\/uploads\/2025\/03\/hydraulic-cylinder-8-480x271.webp 480w\" sizes=\"(min-width: 0px) and (max-width: 480px) 480px, (min-width: 481px) 933px, 100vw\" \/><\/p>\n<p>Az FMP-n\u00e9l b\u00fcszk\u00e9k vagyunk a legmodernebb gy\u00e1rt\u00f3\u00fczemeinkre, amelyek prec\u00edzi\u00f3s g\u00e9pekkel \u00e9s fejlett vizsg\u00e1l\u00f3rendszerekkel vannak felszerelve. Gy\u00e1rt\u00e1si folyamataink szigor\u00fa nemzeti \u00e9s nemzetk\u00f6zi szabv\u00e1nyoknak felelnek meg, biztos\u00edtva, hogy minden gy\u00e1rtott hidraulikus henger a legmagasabb min\u0151s\u00e9g\u0171 \u00e9s megb\u00edzhat\u00f3s\u00e1g\u00fa legyen. K\u00e9pzett m\u0171szaki csapatunk a legmodernebb berendez\u00e9sekkel egy\u00fctt lehet\u0151v\u00e9 teszi sz\u00e1munkra, hogy szigor\u00fa min\u0151s\u00e9gellen\u0151rz\u00e9st tartsunk fenn a gy\u00e1rt\u00e1s minden szakasz\u00e1ban \u2013 az alapanyagok kiv\u00e1laszt\u00e1s\u00e1t\u00f3l a v\u00e9gs\u0151 ellen\u0151rz\u00e9sig. Ez a kiv\u00e1l\u00f3s\u00e1g ir\u00e1nti elk\u00f6telezetts\u00e9g\u00fcnk tan\u00fas\u00edtv\u00e1nyokat \u00e9s elismer\u00e9st szerzett nek\u00fcnk az ipar\u00e1gi hat\u00f3s\u00e1gokt\u00f3l, tov\u00e1bb er\u0151s\u00edtve megb\u00edzhat\u00f3 partnerk\u00e9nt szerzett h\u00edrnev\u00fcnket.<\/p>\n<p>K\u00fcldet\u00e9s\u00fcnk egyszerre egyszer\u0171 \u00e9s ambici\u00f3zus: olyan hidraulikus hengereket biztos\u00edtani \u00fcgyfeleinknek, amelyek teljes\u00edtm\u00e9ny, tart\u00f3ss\u00e1g \u00e9s \u00e9rt\u00e9k tekintet\u00e9ben fel\u00fclm\u00falj\u00e1k az elv\u00e1r\u00e1sokat. A professzionalizmus, a feddhetetlens\u00e9g \u00e9s az \u00fcgyf\u00e9lk\u00f6zpont\u00fas\u00e1g alapelvei szerint m\u0171k\u00f6d\u00fcnk. Az innov\u00e1ci\u00f3 \u00e9s a precizit\u00e1s kult\u00far\u00e1j\u00e1nak \u00e1pol\u00e1s\u00e1val folyamatosan finom\u00edtjuk term\u00e9keinket, hogy meg\u0151rizz\u00fck el\u0151ny\u00fcnket a versenyk\u00e9pes piacon. \u00c1tfog\u00f3 term\u00e9kk\u00edn\u00e1latunk \u00e9s a szem\u00e9lyre szabott megold\u00e1sok k\u00edn\u00e1l\u00e1s\u00e1nak k\u00e9pess\u00e9ge tesz minket a nagy teljes\u00edtm\u00e9ny\u0171 hidraulikus hengereket keres\u0151 v\u00e1llalkoz\u00e1sok el\u0151nyben r\u00e9szes\u00edtett v\u00e1laszt\u00e1s\u00e1v\u00e1.<\/p>\n<p>Az FMP t\u00f6bb mint egy gy\u00e1rt\u00f3; partnerek vagyunk a siker\u00e9ben. Meg\u00e9rtj\u00fck, hogy \u00fcgyfeleink r\u00e1nk t\u00e1maszkodnak, ha olyan eszk\u00f6z\u00f6ket szeretn\u00e9nk biztos\u00edtani, amelyek n\u00f6velik a termel\u00e9kenys\u00e9get \u00e9s a biztons\u00e1got. Ez\u00e9rt elk\u00f6telezettek vagyunk nemcsak a cs\u00facskateg\u00f3ri\u00e1s term\u00e9kek sz\u00e1ll\u00edt\u00e1sa, hanem a kiv\u00e9teles szolg\u00e1ltat\u00e1s ny\u00fajt\u00e1sa ir\u00e1nt is. A kezdeti konzult\u00e1ci\u00f3kt\u00f3l az \u00e9rt\u00e9kes\u00edt\u00e9s ut\u00e1ni t\u00e1mogat\u00e1sig szorosan egy\u00fcttm\u0171k\u00f6d\u00fcnk \u00fcgyfeleinkkel annak biztos\u00edt\u00e1sa \u00e9rdek\u00e9ben, hogy ig\u00e9nyeiket professzionalizmussal \u00e9s gondoss\u00e1ggal el\u00e9g\u00edts\u00fck ki. Versenyk\u00e9pes \u00e1raink, valamint a min\u0151s\u00e9g ir\u00e1nti rend\u00edthetetlen elk\u00f6telezetts\u00e9g\u00fcnk teszi az FMP-t okos v\u00e1laszt\u00e1ss\u00e1 azoknak a v\u00e1llalatoknak, amelyek megb\u00edzhat\u00f3 hidraulikus megold\u00e1sokba szeretn\u00e9nek befektetni.<\/p>","protected":false},"excerpt":{"rendered":"<p>Italian Factory Dump Truck Hydraulic Cylinders Multistage Hydraulic Cylinder For Sale We present to you our top-of-the-line, Italian Factory Dump Truck Hydraulic Cylinders Multistage Hydraulic Cylinder. Expertly engineered and versatile, our hydraulic cylinder is designed to meet the heavy-duty demands of various industries. Features and Functions Our multistage hydraulic cylinder plays an indispensable role in [&hellip;]<\/p>","protected":false},"featured_media":6699,"comment_status":"closed","ping_status":"closed","template":"","meta":{"_et_pb_use_builder":"","_et_pb_old_content":"","_et_gb_content_width":""},"product_brand":[],"product_cat":[103],"product_tag":[34,105],"class_list":{"0":"post-6545","1":"product","2":"type-product","3":"status-publish","4":"has-post-thumbnail","6":"product_cat-telescopic-hydraulic-cylinders","7":"product_tag-hydraulic-cylinder","8":"product_tag-telescopic-hydraulic-cylinders","10":"first","11":"instock","12":"product-type-simple"},"_links":{"self":[{"href":"https:\/\/fmp-components.com\/hu\/wp-json\/wp\/v2\/product\/6545","targetHints":{"allow":["GET"]}}],"collection":[{"href":"https:\/\/fmp-components.com\/hu\/wp-json\/wp\/v2\/product"}],"about":[{"href":"https:\/\/fmp-components.com\/hu\/wp-json\/wp\/v2\/types\/product"}],"replies":[{"embeddable":true,"href":"https:\/\/fmp-components.com\/hu\/wp-json\/wp\/v2\/comments?post=6545"}],"wp:featuredmedia":[{"embeddable":true,"href":"https:\/\/fmp-components.com\/hu\/wp-json\/wp\/v2\/media\/6699"}],"wp:attachment":[{"href":"https:\/\/fmp-components.com\/hu\/wp-json\/wp\/v2\/media?parent=6545"}],"wp:term":[{"taxonomy":"product_brand","embeddable":true,"href":"https:\/\/fmp-components.com\/hu\/wp-json\/wp\/v2\/product_brand?post=6545"},{"taxonomy":"product_cat","embeddable":true,"href":"https:\/\/fmp-components.com\/hu\/wp-json\/wp\/v2\/product_cat?post=6545"},{"taxonomy":"product_tag","embeddable":true,"href":"https:\/\/fmp-components.com\/hu\/wp-json\/wp\/v2\/product_tag?post=6545"}],"curies":[{"name":"munkaf\u00fczet","href":"https:\/\/api.w.org\/{rel}","templated":true}]}}