{"id":6539,"date":"2025-03-11T06:28:19","date_gmt":"2025-03-11T06:28:19","guid":{"rendered":"https:\/\/fmp-components.com\/product\/professional-craftsmanship-telescopic-double-acting-hydraulic-cylinder-for-dump-truck"},"modified":"2025-03-18T01:59:35","modified_gmt":"2025-03-18T01:59:35","slug":"professional-craftsmanship-telescopic-double-acting-hydraulic-cylinder-for-dump-truck","status":"publish","type":"product","link":"https:\/\/fmp-components.com\/hu\/product\/professional-craftsmanship-telescopic-double-acting-hydraulic-cylinder-for-dump-truck\/","title":{"rendered":"Professzion\u00e1lis k\u00e9zm\u0171ves teleszk\u00f3pos kett\u0151s m\u0171k\u00f6d\u00e9s\u0171 hidraulikus henger d\u00f6mperhez"},"content":{"rendered":"<h2>Professzion\u00e1lis k\u00e9zm\u0171ves teleszk\u00f3pos kett\u0151s m\u0171k\u00f6d\u00e9s\u0171 hidraulikus henger d\u00f6mperhez<\/h2>\n<p>Teleszk\u00f3pos, kett\u0151s m\u0171k\u00f6d\u00e9s\u0171 hidraulikus henger\u00fcnket professzion\u00e1lis kivitelez\u00e9ssel, kifejezetten d\u00f6mperek sz\u00e1m\u00e1ra tervezt\u00fck. Az olaszorsz\u00e1gi sz\u00e9khely\u0171 FMP, az ipar\u00e1g vezet\u0151 v\u00e1llalata \u00e1ltal gy\u00e1rtott hidraulikus henger garant\u00e1ltan megb\u00edzhat\u00f3 \u00e9s hat\u00e9kony teljes\u00edtm\u00e9nyt ny\u00fajt. F\u0151bb jellemz\u0151i k\u00f6z\u00e9 tartozik a t\u00f6bbl\u00e9pcs\u0151s szerkezet, a nagy tol\u00f3- \u00e9s h\u00faz\u00f3er\u0151, valamint az ISO9001:2000 tan\u00fas\u00edtv\u00e1ny.<\/p>\n<p><img loading=\"lazy\" decoding=\"async\" class=\"alignnone wp-image-6665\" src=\"https:\/\/fmp-components.com\/wp-content\/uploads\/2025\/03\/telescopic-hydraulic-cylinder-9.webp\" alt=\"teleszk\u00f3pos hidraulikus henger\" width=\"934\" height=\"934\" title=\"\" srcset=\"https:\/\/fmp-components.com\/wp-content\/uploads\/2025\/03\/telescopic-hydraulic-cylinder-9.webp 934w, https:\/\/fmp-components.com\/wp-content\/uploads\/2025\/03\/telescopic-hydraulic-cylinder-9-480x480.webp 480w\" sizes=\"(min-width: 0px) and (max-width: 480px) 480px, (min-width: 481px) 934px, 100vw\" \/><\/p>\n<h3>Term\u00e9kjellemz\u0151k \u00e9s fontoss\u00e1g<\/h3>\n<p>Szabv\u00e1nyos dugatty\u00fas henger szerkezettel hidraulikus henger\u00fcnk maxim\u00e1lis tol\u00f3ereje 3000 tonna, maxim\u00e1lis h\u00faz\u00f3ereje pedig 20 tonna. A test anyaga tart\u00f3s ac\u00e9lb\u00f3l k\u00e9sz\u00fclt, ami hossz\u00fa \u00e9lettartamot \u00e9s kop\u00e1s\u00e1ll\u00f3s\u00e1got biztos\u00edt. A furat \u00e9s a r\u00fad m\u00e9rete 2-6 h\u00fcvelyk, illetve 1,125-4 h\u00fcvelyk k\u00f6z\u00f6tt mozog, \u00edgy sokoldal\u00faan haszn\u00e1lhat\u00f3 k\u00fcl\u00f6nf\u00e9le alkalmaz\u00e1sokhoz.<\/p>\n<h3>M\u0171szaki adatok<\/h3>\n<table style=\"width: 101.297%; height: 118px;\" border=\"\">\n<tbody>\n<tr>\n<td><i>Furatm\u00e9ret<\/i><\/td>\n<td>2-6 h\u00fcvelyk<\/td>\n<\/tr>\n<tr>\n<td><i>R\u00fad m\u00e9rete<\/i><\/td>\n<td>1,125-4 h\u00fcvelyk<\/td>\n<\/tr>\n<tr>\n<td><i>Ecsetvon\u00e1s m\u00e9rete<\/i><\/td>\n<td>4-100 h\u00fcvelyk<\/td>\n<\/tr>\n<tr>\n<td><i>Cs\u00edp\u0151m\u00e9ret<\/i><\/td>\n<td>0,5-2 h\u00fcvelyk<\/td>\n<\/tr>\n<tr>\n<td><i>kik\u00f6t\u0151k<\/i><\/td>\n<td>G\/SAE\/NPT\/M<\/td>\n<\/tr>\n<\/tbody>\n<\/table>\n<h2>Egyedi tulajdons\u00e1gok \u00e9s el\u0151ny\u00f6k<\/h2>\n<h3>Energiatakar\u00e9kos<\/h3>\n<p>Hidraulikus hengereinket apr\u00f3l\u00e9kosan \u00fagy tervezt\u00fck, hogy optimaliz\u00e1lj\u00e1k az energiahat\u00e9konys\u00e1got, jelent\u0151sen cs\u00f6kkentve az energiafogyaszt\u00e1st \u00fczem k\u00f6zben. Ez nemcsak a v\u00e1llalkoz\u00e1sok m\u0171k\u00f6d\u00e9si k\u00f6lts\u00e9geinek cs\u00f6kkent\u00e9s\u00e9ben seg\u00edt, hanem a hullad\u00e9k \u00e9s az energiafelhaszn\u00e1l\u00e1s minimaliz\u00e1l\u00e1s\u00e1val hozz\u00e1j\u00e1rul a k\u00f6rnyezeti fenntarthat\u00f3s\u00e1ghoz is. Fejlett m\u00e9rn\u00f6ki technik\u00e1k alkalmaz\u00e1s\u00e1val hengereink biztos\u00edtj\u00e1k, hogy minden energiaegys\u00e9g hat\u00e9konyan ker\u00fclj\u00f6n felhaszn\u00e1l\u00e1sra, maximaliz\u00e1lva a termel\u00e9kenys\u00e9get, mik\u00f6zben takar\u00e9koskodnak az er\u0151forr\u00e1sokkal.<\/p>\n<h3>Rendk\u00edv\u00fcl hat\u00e9kony<\/h3>\n<p>Leny\u0171g\u00f6z\u0151 tol\u00f3- \u00e9s h\u00faz\u00f3k\u00e9pess\u00e9g\u00fckkel hidraulikus hengereink ig\u00e9nyes k\u00f6r\u00fclm\u00e9nyek k\u00f6z\u00f6tt is kiv\u00e1l\u00f3an teljes\u00edtenek. \u00dagy tervezt\u00e9k \u0151ket, hogy m\u00e9g a legnagyobb kih\u00edv\u00e1st jelent\u0151 k\u00f6rnyezetben is nagy teljes\u00edtm\u00e9nyt ny\u00fajtsanak, \u00edgy alkalmasak nagy ig\u00e9nybev\u00e9tel\u0171 alkalmaz\u00e1sokhoz. Robusztus konstrukci\u00f3juk tart\u00f3ss\u00e1got \u00e9s megb\u00edzhat\u00f3s\u00e1got biztos\u00edt, lehet\u0151v\u00e9 t\u00e9ve sz\u00e1mukra a nagy terhek kezel\u00e9s\u00e9t \u00e9s az \u00e1lland\u00f3 teljes\u00edtm\u00e9nyt, legyen sz\u00f3 emel\u00e9sr\u0151l, tol\u00e1sr\u00f3l vagy h\u00faz\u00e1sr\u00f3l k\u00fcl\u00f6nb\u00f6z\u0151 ipari k\u00f6rnyezetben.<\/p>\n<h3>Biztons\u00e1g<\/h3>\n<p>A biztons\u00e1g kiemelt fontoss\u00e1g\u00fa tervez\u00e9si filoz\u00f3fi\u00e1nkban. Hidraulikus hengereink ISO 9001:2000 szabv\u00e1ny szerint tan\u00fas\u00edtottak, amely garant\u00e1lja a szigor\u00fa biztons\u00e1gi \u00e9s min\u0151s\u00e9gi k\u00f6vetelm\u00e9nyeknek val\u00f3 megfelel\u00e9st. Ez a tan\u00fas\u00edtv\u00e1ny megnyugtatja \u00fcgyfeleinket, tudv\u00e1n, hogy term\u00e9keink megfelelnek a szigor\u00fa ipar\u00e1gi teljes\u00edtm\u00e9ny- \u00e9s megb\u00edzhat\u00f3s\u00e1gi szabv\u00e1nyoknak. A biztons\u00e1g el\u0151t\u00e9rbe helyez\u00e9s\u00e9vel seg\u00edt\u00fcnk cs\u00f6kkenteni a hidraulikus m\u0171veletekkel kapcsolatos kock\u00e1zatokat, biztos\u00edtva a biztons\u00e1gos munkak\u00f6rnyezetet.<\/p>\n<h2>M\u0171k\u00f6d\u00e9si elv \u00e9s alkalmaz\u00e1sok<\/h2>\n<p>A hidraulikus henger \u00fagy m\u0171k\u00f6dik, hogy a hidraulikus energi\u00e1t mechanikai energi\u00e1v\u00e1 alak\u00edtja. Ez az \u00e1talak\u00edt\u00e1s a hidraulikus folyad\u00e9k nyom\u00e1s al\u00e1 helyez\u00e9s\u00e9vel val\u00f3sul meg, amely a hengeren bel\u00fcli dugatty\u00fat mozgatja, line\u00e1ris mozg\u00e1st gener\u00e1lva. Ez az elv n\u00e9lk\u00fcl\u00f6zhetetlenn\u00e9 teszi a hidraulikus hengereket sz\u00e1mos ipar\u00e1gban, bele\u00e9rtve a k\u00f6vetkez\u0151ket:<\/p>\n<ul>\n<li><strong>G\u00e9pjav\u00edt\u00f3 m\u0171helyek:<\/strong> Ide\u00e1lis neh\u00e9zg\u00e9pek emel\u00e9s\u00e9hez \u00e9s pozicion\u00e1l\u00e1s\u00e1hoz, megk\u00f6nny\u00edtve a hat\u00e9kony karbantart\u00e1si \u00e9s jav\u00edt\u00e1si munk\u00e1kat.<\/li>\n<li><strong>Gazdas\u00e1gok:<\/strong> N\u00e9lk\u00fcl\u00f6zhetetlen olyan feladatokhoz, mint a neh\u00e9z terhek mozgat\u00e1sa \u00e9s a mez\u0151gazdas\u00e1gi g\u00e9pek kezel\u00e9se, a termel\u00e9kenys\u00e9g \u00e9s a hat\u00e9konys\u00e1g n\u00f6vel\u00e9se \u00e9rdek\u00e9ben.<\/li>\n<li><strong>Energia \u00e9s b\u00e1ny\u00e1szat:<\/strong> Jelent\u0151s emel\u00e9st \u00e9s er\u0151kifejt\u00e9st ig\u00e9nyl\u0151 m\u0171veletekhez haszn\u00e1lj\u00e1k, teljes\u00edtm\u00e9nyt \u00e9s megb\u00edzhat\u00f3s\u00e1got biztos\u00edtva zord k\u00f6rnyezetben.<\/li>\n<li><strong>G\u00e9pgy\u00e1rt\u00e1s:<\/strong> A g\u00e9palkatr\u00e9szek \u00f6sszeszerel\u00e9s\u00e9nek \u00e9s mozgat\u00e1s\u00e1nak szerves r\u00e9sze, biztos\u00edtva a pontoss\u00e1got \u00e9s a hat\u00e9konys\u00e1got a gy\u00e1rt\u00e1si folyamatokban.<\/li>\n<li><strong>G\u00e9pgy\u00e1rak:<\/strong> K\u00fcl\u00f6nb\u00f6z\u0151 alkalmaz\u00e1sokhoz haszn\u00e1lj\u00e1k, az emel\u00e9st\u0151l a pr\u00e9sel\u00e9sig, biztos\u00edtva a z\u00f6kken\u0151mentes m\u0171k\u00f6d\u00e9st a gy\u00e1rt\u00f3sorokon.<\/li>\n<\/ul>\n<p><img loading=\"lazy\" decoding=\"async\" class=\"alignnone wp-image-6664\" src=\"https:\/\/fmp-components.com\/wp-content\/uploads\/2025\/03\/telescopic-hydraulic-cylinder-8.webp\" alt=\"teleszk\u00f3pos hidraulikus henger\" width=\"907\" height=\"907\" title=\"\" srcset=\"https:\/\/fmp-components.com\/wp-content\/uploads\/2025\/03\/telescopic-hydraulic-cylinder-8.webp 907w, https:\/\/fmp-components.com\/wp-content\/uploads\/2025\/03\/telescopic-hydraulic-cylinder-8-480x480.webp 480w\" sizes=\"(min-width: 0px) and (max-width: 480px) 480px, (min-width: 481px) 907px, 100vw\" \/><\/p>\n<h2>Hidraulikus hengerek \u00e9s t\u00e1pegys\u00e9gek<\/h2>\n<p>A hidraulikus hengerek \u00e9s a t\u00e1pegys\u00e9gek a hidraulikus rendszer kritikus elemei, amelyek harmonikusan m\u0171k\u00f6dnek, hogy megk\u00f6nny\u00edts\u00e9k a hidraulikus technol\u00f3gia hat\u00e9kony alkalmaz\u00e1s\u00e1t a k\u00fcl\u00f6nb\u00f6z\u0151 ipar\u00e1gakban. A hidraulikus henger m\u0171k\u00f6dtet\u0151k\u00e9nt m\u0171k\u00f6dik, a hidraulikus energi\u00e1t mechanikai mozg\u00e1ss\u00e1 alak\u00edtja, m\u00edg a t\u00e1pegys\u00e9g el\u0151\u00e1ll\u00edtja \u00e9s szab\u00e1lyozza a sz\u00fcks\u00e9ges hidraulikus nyom\u00e1st.<\/p>\n<p>Szinergikus m\u0171k\u00f6d\u00e9s\u00fck biztos\u00edtja a hidraulikus technol\u00f3gia sz\u00e9les k\u00f6r\u0171 elterjed\u00e9s\u00e9t az ipari alkalmaz\u00e1sokban, megb\u00edzhat\u00f3 teljes\u00edtm\u00e9nyt \u00e9s prec\u00edz vez\u00e9rl\u00e9st biztos\u00edtva sz\u00e1mos m\u00e9rn\u00f6ki \u00e9s g\u00e9p\u00e9szeti berendez\u00e9s sz\u00e1m\u00e1ra. Az FMP-n\u00e9l kiv\u00e1l\u00f3 min\u0151s\u00e9g\u0171 teljes\u00edtm\u00e9nyegys\u00e9gek sz\u00e9les v\u00e1laszt\u00e9k\u00e1t is k\u00edn\u00e1ljuk \u00e9rt\u00e9kes\u00edt\u00e9sre, amelyeket a hidraulikus hengereink kieg\u00e9sz\u00edt\u00e9s\u00e9re \u00e9s a rendszer teljes\u00edtm\u00e9ny\u00e9nek jav\u00edt\u00e1s\u00e1ra szabtunk. Ez az \u00e1tfog\u00f3 megk\u00f6zel\u00edt\u00e9s seg\u00edt \u00fcgyfeleinknek optim\u00e1lis hat\u00e9konys\u00e1got \u00e9s termel\u00e9kenys\u00e9get el\u00e9rni m\u0171k\u00f6d\u00e9s\u00fck sor\u00e1n.<\/p>\n<h2>GYIK<\/h2>\n<h3>K: Kereskedelmi v\u00e1llalat vagy gy\u00e1rt\u00f3?<\/h3>\n<p>V: Gy\u00e1rt\u00f3 vagyunk.<\/p>\n<h3>K: Mennyi a sz\u00e1ll\u00edt\u00e1si id\u0151?<\/h3>\n<p>V: \u00c1ltal\u00e1ban 25-35 nap.<\/p>\n<h3>K: Mint\u00e1kat is biztos\u00edtanak?<\/h3>\n<p>V: Igen, felaj\u00e1nlhatn\u00e1nk a mint\u00e1t, de ez nem ingyenes.<\/p>\n<h3>Az FMP-r\u0151l<\/h3>\n<p>Az FMP egy vezet\u0151 olasz gy\u00e1rt\u00f3, amely kiv\u00e1l\u00f3 min\u0151s\u00e9g\u0171 hidraulikus hengerek tervez\u00e9s\u00e9re, fejleszt\u00e9s\u00e9re \u00e9s gy\u00e1rt\u00e1s\u00e1ra specializ\u00e1l\u00f3dott. \u00c9vtizedes szak\u00e9rtelemmel \u00f6tv\u00f6zz\u00fck a hagyom\u00e1nyos olasz k\u00e9zm\u0171vess\u00e9get a legmodernebb technol\u00f3gi\u00e1val, hogy kiv\u00e9teles hidraulikus megold\u00e1sokat k\u00edn\u00e1ljunk, amelyek kiel\u00e9g\u00edtik glob\u00e1lis \u00fcgyfeleink v\u00e1ltozatos ig\u00e9nyeit. Az olaszorsz\u00e1gi, a m\u00e9rn\u00f6ki kiv\u00e1l\u00f3s\u00e1g k\u00f6zpontj\u00e1ban tal\u00e1lhat\u00f3 FMP megb\u00edzhat\u00f3 n\u00e9vv\u00e9 v\u00e1lt a hidraulikus iparban, \u00e9s elk\u00f6telezett amellett, hogy megb\u00edzhat\u00f3, tart\u00f3s \u00e9s innovat\u00edv term\u00e9keket sz\u00e1ll\u00edtson, amelyek vil\u00e1gszerte lend\u00fcletet adnak a v\u00e1llalkoz\u00e1soknak.<\/p>\n<p>C\u00e9g\u00fcnk a fejlett gy\u00e1rt\u00e1si hagyom\u00e1nyokat az el\u0151remutat\u00f3 megk\u00f6zel\u00edt\u00e9ssel \u00f6tv\u00f6zi. A hidraulikus rendszerek ter\u00e9n szerzett sok\u00e9ves tapasztalat\u00e1ra \u00e9p\u00edtve az FMP modern v\u00e1llalkoz\u00e1ss\u00e1 alakult, amely kiemelked\u0151 a kutat\u00e1s, a tervez\u00e9s \u00e9s a gy\u00e1rt\u00e1s ter\u00e9n. Sz\u00e9les v\u00e1laszt\u00e9kban k\u00edn\u00e1lunk hidraulikus hengereket, bele\u00e9rtve a kett\u0151s m\u0171k\u00f6d\u00e9s\u0171 hengereket, az aut\u00f3ipari emel\u0151hengereket, a mez\u0151gazdas\u00e1gi g\u00e9pek hengereit \u00e9s az egyedi tervez\u00e9s\u0171 megold\u00e1sokat a k\u00fcl\u00f6nf\u00e9le ipari alkalmaz\u00e1sokhoz. Legyen sz\u00f3 \u00e9p\u00edt\u0151iparr\u00f3l, ipari telep\u00edt\u00e9sekr\u0151l, mez\u0151gazdas\u00e1gr\u00f3l vagy neh\u00e9zg\u00e9pekr\u0151l, hidraulikus hengereinket \u00fagy tervezt\u00fck, hogy a legig\u00e9nyesebb k\u00f6r\u00fclm\u00e9nyek k\u00f6z\u00f6tt is m\u0171k\u00f6djenek, biztos\u00edtva a biztons\u00e1got, a hat\u00e9konys\u00e1got \u00e9s a hossz\u00fa \u00e9lettartamot.<\/p>\n<p><img loading=\"lazy\" decoding=\"async\" class=\"alignnone size-full wp-image-6720\" src=\"https:\/\/fmp-components.com\/wp-content\/uploads\/2025\/03\/hydraulic-cylinder-8.webp\" alt=\"Teleszk\u00f3pos hidraulikus hengerek\" width=\"933\" height=\"526\" title=\"\" srcset=\"https:\/\/fmp-components.com\/wp-content\/uploads\/2025\/03\/hydraulic-cylinder-8.webp 933w, https:\/\/fmp-components.com\/wp-content\/uploads\/2025\/03\/hydraulic-cylinder-8-480x271.webp 480w\" sizes=\"(min-width: 0px) and (max-width: 480px) 480px, (min-width: 481px) 933px, 100vw\" \/><\/p>\n<p>Az FMP-n\u00e9l b\u00fcszk\u00e9k vagyunk a legmodernebb gy\u00e1rt\u00f3\u00fczemeinkre, amelyek prec\u00edzi\u00f3s g\u00e9pekkel \u00e9s fejlett vizsg\u00e1l\u00f3rendszerekkel vannak felszerelve. Gy\u00e1rt\u00e1si folyamataink szigor\u00fa nemzeti \u00e9s nemzetk\u00f6zi szabv\u00e1nyoknak felelnek meg, garant\u00e1lva, hogy minden gy\u00e1rtott hidraulikus henger megfelel a legmagasabb min\u0151s\u00e9gi \u00e9s megb\u00edzhat\u00f3s\u00e1gi k\u00f6vetelm\u00e9nyeknek. K\u00e9pzett m\u0171szaki csapatunk a legmodernebb berendez\u00e9sekkel egy\u00fctt lehet\u0151v\u00e9 teszi sz\u00e1munkra, hogy szigor\u00fa min\u0151s\u00e9gellen\u0151rz\u00e9st tartsunk fenn a gy\u00e1rt\u00e1s minden szakasz\u00e1ban \u2013 az alapanyagok kiv\u00e1laszt\u00e1s\u00e1t\u00f3l a v\u00e9gs\u0151 ellen\u0151rz\u00e9sig. Ez a kiv\u00e1l\u00f3s\u00e1g ir\u00e1nti elk\u00f6telezetts\u00e9g\u00fcnk tan\u00fas\u00edtv\u00e1nyokat \u00e9s elismer\u00e9st szerzett nek\u00fcnk az ipar\u00e1gi hat\u00f3s\u00e1gokt\u00f3l, megszil\u00e1rd\u00edtva h\u00edrnev\u00fcnket megb\u00edzhat\u00f3 partnerk\u00e9nt.<\/p>\n<p>K\u00fcldet\u00e9s\u00fcnk egyszerre egyszer\u0171 \u00e9s ambici\u00f3zus: olyan hidraulikus hengereket biztos\u00edtani \u00fcgyfeleinknek, amelyek teljes\u00edtm\u00e9ny, tart\u00f3ss\u00e1g \u00e9s \u00e9rt\u00e9k tekintet\u00e9ben fel\u00fclm\u00falj\u00e1k az elv\u00e1r\u00e1sokat. A professzionalizmus, a feddhetetlens\u00e9g \u00e9s az \u00fcgyf\u00e9lk\u00f6zpont\u00fas\u00e1g alapelvei szerint m\u0171k\u00f6d\u00fcnk. Az innov\u00e1ci\u00f3 \u00e9s a precizit\u00e1s kult\u00far\u00e1j\u00e1nak \u00e1pol\u00e1s\u00e1val folyamatosan finom\u00edtjuk term\u00e9keinket, hogy meg\u0151rizz\u00fck el\u0151ny\u00fcnket a versenyk\u00e9pes piacon. Kiterjedt term\u00e9kk\u00edn\u00e1latunk \u00e9s a szem\u00e9lyre szabott megold\u00e1sok k\u00edn\u00e1l\u00e1s\u00e1nak k\u00e9pess\u00e9ge tesz minket a nagy teljes\u00edtm\u00e9ny\u0171 hidraulikus hengereket keres\u0151 v\u00e1llalkoz\u00e1sok el\u0151nyben r\u00e9szes\u00edtett v\u00e1laszt\u00e1s\u00e1v\u00e1.<\/p>\n<p>Az FMP t\u00f6bb mint egy gy\u00e1rt\u00f3; partnerek vagyunk a siker\u00e9ben. Meg\u00e9rtj\u00fck, hogy \u00fcgyfeleink olyan szersz\u00e1mokat sz\u00e1ll\u00edtunk t\u0151l\u00fcnk, amelyek n\u00f6velik termel\u00e9kenys\u00e9g\u00fcket \u00e9s biztons\u00e1gukat. Ez\u00e9rt elk\u00f6telezettek vagyunk nemcsak a cs\u00facskateg\u00f3ri\u00e1s term\u00e9kek, hanem a kiv\u00e9teles szolg\u00e1ltat\u00e1s ny\u00fajt\u00e1sa ir\u00e1nt is. A kezdeti konzult\u00e1ci\u00f3t\u00f3l az \u00e9rt\u00e9kes\u00edt\u00e9s ut\u00e1ni t\u00e1mogat\u00e1sig szorosan egy\u00fcttm\u0171k\u00f6d\u00fcnk \u00fcgyfeleinkkel, hogy biztos\u00edtsuk ig\u00e9nyeik professzionalizmussal \u00e9s gondoss\u00e1ggal t\u00f6rt\u00e9n\u0151 kiel\u00e9g\u00edt\u00e9s\u00e9t. Versenyk\u00e9pes \u00e1raink, valamint a min\u0151s\u00e9g ir\u00e1nti rend\u00edthetetlen elk\u00f6telezetts\u00e9g\u00fcnk teszi az FMP-t okos v\u00e1laszt\u00e1ss\u00e1 azoknak a v\u00e1llalatoknak, amelyek megb\u00edzhat\u00f3 hidraulikus megold\u00e1sokba szeretn\u00e9nek befektetni.<\/p>","protected":false},"excerpt":{"rendered":"<p>Professional Craftsmanship Telescopic Double Acting Hydraulic Cylinder For Dump Truck Our Telescopic Double Acting Hydraulic Cylinder is designed with professional craftsmanship, specifically for Dump Trucks. Manufactured by FMP, an industry leader located in Italy City, this hydraulic cylinder is guaranteed to provide reliable and efficient performance. Its key features include its multistage structure, high thrust [&hellip;]<\/p>","protected":false},"featured_media":6751,"comment_status":"closed","ping_status":"closed","template":"","meta":{"_et_pb_use_builder":"","_et_pb_old_content":"","_et_gb_content_width":""},"product_brand":[],"product_cat":[103],"product_tag":[34,105],"class_list":{"0":"post-6539","1":"product","2":"type-product","3":"status-publish","4":"has-post-thumbnail","6":"product_cat-telescopic-hydraulic-cylinders","7":"product_tag-hydraulic-cylinder","8":"product_tag-telescopic-hydraulic-cylinders","10":"first","11":"instock","12":"product-type-simple"},"_links":{"self":[{"href":"https:\/\/fmp-components.com\/hu\/wp-json\/wp\/v2\/product\/6539","targetHints":{"allow":["GET"]}}],"collection":[{"href":"https:\/\/fmp-components.com\/hu\/wp-json\/wp\/v2\/product"}],"about":[{"href":"https:\/\/fmp-components.com\/hu\/wp-json\/wp\/v2\/types\/product"}],"replies":[{"embeddable":true,"href":"https:\/\/fmp-components.com\/hu\/wp-json\/wp\/v2\/comments?post=6539"}],"wp:featuredmedia":[{"embeddable":true,"href":"https:\/\/fmp-components.com\/hu\/wp-json\/wp\/v2\/media\/6751"}],"wp:attachment":[{"href":"https:\/\/fmp-components.com\/hu\/wp-json\/wp\/v2\/media?parent=6539"}],"wp:term":[{"taxonomy":"product_brand","embeddable":true,"href":"https:\/\/fmp-components.com\/hu\/wp-json\/wp\/v2\/product_brand?post=6539"},{"taxonomy":"product_cat","embeddable":true,"href":"https:\/\/fmp-components.com\/hu\/wp-json\/wp\/v2\/product_cat?post=6539"},{"taxonomy":"product_tag","embeddable":true,"href":"https:\/\/fmp-components.com\/hu\/wp-json\/wp\/v2\/product_tag?post=6539"}],"curies":[{"name":"munkaf\u00fczet","href":"https:\/\/api.w.org\/{rel}","templated":true}]}}