{"id":6531,"date":"2025-03-11T06:28:19","date_gmt":"2025-03-11T06:28:19","guid":{"rendered":"https:\/\/fmp-components.com\/product\/quality-assurance-dump-truck-hydraulic-hoist-cylinder-4-stage-small-dump-truck-hydraulic-cylinder"},"modified":"2025-03-18T01:06:05","modified_gmt":"2025-03-18T01:06:05","slug":"quality-assurance-dump-truck-hydraulic-hoist-cylinder-4-stage-small-dump-truck-hydraulic-cylinder","status":"publish","type":"product","link":"https:\/\/fmp-components.com\/hu\/product\/quality-assurance-dump-truck-hydraulic-hoist-cylinder-4-stage-small-dump-truck-hydraulic-cylinder\/","title":{"rendered":"Min\u0151s\u00e9gbiztos\u00edt\u00e1si d\u00f6mper hidraulikus emel\u0151henger 4 fokozat\u00fa kis d\u00f6mper hidraulikus henger"},"content":{"rendered":"<h2>Min\u0151s\u00e9gbiztos\u00edt\u00e1si d\u00f6mper hidraulikus emel\u0151henger 4 fokozat\u00fa kis d\u00f6mper hidraulikus henger<\/h2>\n<p>4 fokozat\u00fa kis d\u00f6mperekhez val\u00f3 hidraulikus henger\u00fcnk min\u0151s\u00e9gbiztos\u00edtott term\u00e9k, amely optim\u00e1lis teljes\u00edtm\u00e9nyt biztos\u00edt. \u00daj term\u00e9k\u00fcnk, amely 2025-ben ker\u00fcl forgalomba, 1 \u00e9v garanci\u00e1val. Ezt a hidraulikus hengert g\u00e9pjav\u00edt\u00f3 m\u0171helyekben, mez\u0151gazdas\u00e1gi \u00fczemekben, energia- \u00e9s b\u00e1ny\u00e1szati \u200b\u200biparban, g\u00e9pgy\u00e1rt\u00e1sban \u00e9s g\u00e9pgy\u00e1rakban val\u00f3 haszn\u00e1latra tervezt\u00e9k.<\/p>\n<h3>Jellemz\u0151k \u00e9s el\u0151ny\u00f6k<\/h3>\n<ul>\n<li>Szabv\u00e1nyos szerkezet\u0171, hidraulikus meghajt\u00e1s\u00fa dugatty\u00fas hengerrel rendelkezik.<\/li>\n<li>Ac\u00e9lb\u00f3l k\u00e9sz\u00fclt, ami n\u00f6veli a tart\u00f3ss\u00e1g\u00e1t.<\/li>\n<li>Maxim\u00e1lis tol\u00f3ereje 3000, maxim\u00e1lis h\u00faz\u00f3ereje pedig 20 tonna.<\/li>\n<li>Ez egy t\u00f6bbfokozat\u00fa hidraulikus henger G\/SAE\/NPT\/M csatlakoz\u00f3kkal.<\/li>\n<li>ISO9001:2000 min\u0151s\u00e9gbiztos\u00edt\u00e1si tan\u00fas\u00edtv\u00e1nnyal rendelkezik.<\/li>\n<li>A furat\u00e1tm\u00e9r\u0151 2-6 h\u00fcvelyk, a r\u00fad\u00e1tm\u00e9r\u0151 1,125-4 h\u00fcvelyk, a l\u00f6kethossz pedig 4-100 h\u00fcvelyk.<\/li>\n<\/ul>\n<h2>M\u0171szaki adatok<\/h2>\n<table style=\"width: 100.336%;\" border=\"\">\n<tbody>\n<tr>\n<th style=\"width: 42.9185%;\">Term\u00e9k neve<\/th>\n<td style=\"width: 348.498%;\">Teleszk\u00f3pos henger<\/td>\n<\/tr>\n<tr>\n<th style=\"width: 42.9185%;\">Tan\u00fas\u00edtv\u00e1ny<\/th>\n<td style=\"width: 348.498%;\">ISO9001:2000<\/td>\n<\/tr>\n<tr>\n<th style=\"width: 42.9185%;\">Furatm\u00e9ret<\/th>\n<td style=\"width: 348.498%;\">2-6 h\u00fcvelyk<\/td>\n<\/tr>\n<tr>\n<th style=\"width: 42.9185%;\">R\u00fad m\u00e9rete<\/th>\n<td style=\"width: 348.498%;\">1,125-4 h\u00fcvelyk<\/td>\n<\/tr>\n<tr>\n<th style=\"width: 42.9185%;\">Ecsetvon\u00e1s m\u00e9rete<\/th>\n<td style=\"width: 348.498%;\">4-100 h\u00fcvelyk<\/td>\n<\/tr>\n<tr>\n<th style=\"width: 42.9185%;\">Cs\u00edp\u0151m\u00e9ret<\/th>\n<td style=\"width: 348.498%;\">0,5-2 h\u00fcvelyk<\/td>\n<\/tr>\n<tr>\n<th style=\"width: 42.9185%;\">kik\u00f6t\u0151k<\/th>\n<td style=\"width: 348.498%;\">G\/SAE\/NPT\/M<\/td>\n<\/tr>\n<\/tbody>\n<\/table>\n<h2>Egyedi tulajdons\u00e1gok \u00e9s el\u0151ny\u00f6k<\/h2>\n<p>Hidraulikus henger\u00fcnk energiahat\u00e9konys\u00e1g\u00e1val, nagy teljes\u00edtm\u00e9ny\u00e9vel \u00e9s biztons\u00e1g\u00e1val t\u0171nik ki. Emellett sz\u00e9lesk\u00f6r\u0171 alkalmaz\u00e1si lehet\u0151s\u00e9geket k\u00edn\u00e1l, \u00edgy sokoldal\u00fa v\u00e1laszt\u00e1s a k\u00fcl\u00f6nb\u00f6z\u0151 ipar\u00e1gak sz\u00e1m\u00e1ra.<\/p>\n<h2>Hidraulikus rendszerek \u00e9s m\u0171k\u00f6d\u00e9si elvek<\/h2>\n<p>Hidraulikus henger\u00fcnk a nyom\u00e1s alatti folyad\u00e9k erej\u00e9nek alapelv\u00e9n m\u0171k\u00f6dik, amely elengedhetetlen az er\u0151 l\u00e9trehoz\u00e1s\u00e1hoz \u00e9s a mozg\u00e1s el\u0151seg\u00edt\u00e9s\u00e9hez. Ez az elv azon a koncepci\u00f3n alapul, hogy a nyom\u00e1s alatt l\u00e9v\u0151 folyad\u00e9kok hat\u00e9konyan \u00e9s eredm\u00e9nyesen tudj\u00e1k tov\u00e1bb\u00edtani az er\u0151t. Hidraulikus henger\u00fcnkben a nyom\u00e1s alatt \u00e1ll\u00f3 hidraulikafolyad\u00e9kot egy z\u00e1rt kamr\u00e1ba vezetj\u00fck, ahol egy dugatty\u00fara hat. Ez a k\u00f6lcs\u00f6nhat\u00e1s jelent\u0151s er\u0151t gener\u00e1l, lehet\u0151v\u00e9 t\u00e9ve a henger sz\u00e1m\u00e1ra, hogy k\u00fcl\u00f6nf\u00e9le feladatokat hajtson v\u00e9gre.<\/p>\n<p>A hidraulikus rendszer szerves r\u00e9szek\u00e9nt a hidraulikus henger kulcsszerepet j\u00e1tszik a hidraulikus energia mechanikai energi\u00e1v\u00e1 alak\u00edt\u00e1s\u00e1ban. Amikor hidraulikafolyad\u00e9kot pump\u00e1lnak a hengerbe, nyom\u00e1st hoz l\u00e9tre, amely line\u00e1ris ir\u00e1nyban nyomja a dugatty\u00fat. Ez a mozg\u00e1s mechanikai er\u0151v\u00e9 alakul, lehet\u0151v\u00e9 t\u00e9ve a henger sz\u00e1m\u00e1ra, hogy neh\u00e9z terheket emeljen, toljon vagy h\u00fazzon figyelemre m\u00e9lt\u00f3 pontoss\u00e1ggal \u00e9s kontrollal. A hidraulikus energia ilyen m\u00f3don t\u00f6rt\u00e9n\u0151 hasznos\u00edt\u00e1s\u00e1nak k\u00e9pess\u00e9ge n\u00e9lk\u00fcl\u00f6zhetetlen eszk\u00f6zz\u00e9 teszi a hidraulikus hengereket sz\u00e1mos ipari alkalmaz\u00e1sban.<\/p>\n<p><img loading=\"lazy\" decoding=\"async\" class=\"alignnone wp-image-6664\" src=\"https:\/\/fmp-components.com\/wp-content\/uploads\/2025\/03\/telescopic-hydraulic-cylinder-8.webp\" alt=\"teleszk\u00f3pos hidraulikus henger\" width=\"928\" height=\"928\" title=\"\" srcset=\"https:\/\/fmp-components.com\/wp-content\/uploads\/2025\/03\/telescopic-hydraulic-cylinder-8.webp 928w, https:\/\/fmp-components.com\/wp-content\/uploads\/2025\/03\/telescopic-hydraulic-cylinder-8-480x480.webp 480w\" sizes=\"(min-width: 0px) and (max-width: 480px) 480px, (min-width: 481px) 928px, 100vw\" \/><\/p>\n<p>Hidraulikus henger\u00fcnk hat\u00e9konys\u00e1ga a kialak\u00edt\u00e1s\u00e1b\u00f3l fakad, amely maximaliz\u00e1lja az energia\u00e1tad\u00e1st a folyad\u00e9kb\u00f3l a mechanikai mozg\u00e1sba. Az \u00f6sszenyomhatatlan folyad\u00e9kok haszn\u00e1lat\u00e1val a rendszer biztos\u00edtja, hogy m\u00e9g a kis nyom\u00e1sv\u00e1ltoz\u00e1sok is jelent\u0151s mozg\u00e1st eredm\u00e9nyezzenek, ami jelent\u0151s el\u0151nyt biztos\u00edt a nagy er\u0151t ig\u00e9nyl\u0151 feladatokban minim\u00e1lis r\u00e1ford\u00edt\u00e1ssal. Ez a hat\u00e9konys\u00e1g nemcsak a teljes\u00edtm\u00e9nyt n\u00f6veli, hanem hozz\u00e1j\u00e1rul a hidraulikus rendszer hossz\u00fa \u00e9lettartam\u00e1hoz is, mivel cs\u00f6kkenti az alkatr\u00e9szek kop\u00e1s\u00e1t.<\/p>\n<p>\u00d6sszefoglalva, hidraulikus henger\u00fcnk a nyom\u00e1s alatti folyad\u00e9kenergia hat\u00e9kony alkalmaz\u00e1s\u00e1t p\u00e9ld\u00e1zza er\u0151 l\u00e9trehoz\u00e1s\u00e1ra \u00e9s mozg\u00e1s l\u00e9trehoz\u00e1s\u00e1ra. A hidraulikus rendszeren bel\u00fcli szerepe kiemeli a hidraulikus energia mechanikai energi\u00e1v\u00e1 alak\u00edt\u00e1s\u00e1ban bet\u00f6lt\u00f6tt fontoss\u00e1g\u00e1t, lehet\u0151v\u00e9 t\u00e9ve sz\u00e1m\u00e1ra, hogy sz\u00e9les k\u00f6r\u0171 feladatokat hajtson v\u00e9gre a k\u00fcl\u00f6nb\u00f6z\u0151 ipar\u00e1gakban. M\u0171k\u00f6d\u00e9s\u00e9nek alapelvei biztos\u00edtj\u00e1k, hogy hidraulikus hengereink megb\u00edzhat\u00f3 teljes\u00edtm\u00e9nyt ny\u00fajtsanak, \u00edgy l\u00e9tfontoss\u00e1g\u00fa v\u00e1laszt\u00e1st jelentenek minden olyan alkalmaz\u00e1shoz, amely szil\u00e1rds\u00e1got \u00e9s hat\u00e9konys\u00e1got ig\u00e9nyel.<\/p>\n<p><img loading=\"lazy\" decoding=\"async\" class=\"alignnone wp-image-6663\" src=\"https:\/\/fmp-components.com\/wp-content\/uploads\/2025\/03\/telescopic-hydraulic-cylinder-11.webp\" alt=\"teleszk\u00f3pos hidraulikus henger\" width=\"923\" height=\"923\" title=\"\" srcset=\"https:\/\/fmp-components.com\/wp-content\/uploads\/2025\/03\/telescopic-hydraulic-cylinder-11.webp 923w, https:\/\/fmp-components.com\/wp-content\/uploads\/2025\/03\/telescopic-hydraulic-cylinder-11-480x480.webp 480w\" sizes=\"(min-width: 0px) and (max-width: 480px) 480px, (min-width: 481px) 923px, 100vw\" \/><\/p>\n<h2>GYIK<\/h2>\n<p><strong>K: Mennyi a sz\u00e1ll\u00edt\u00e1si id\u0151? <\/strong><br \/>\nV: Az \u00e1ltal\u00e1nos sz\u00e1ll\u00edt\u00e1si id\u0151 25-35 nap.<\/p>\n<p><strong>K: Mint\u00e1kat is biztos\u00edtanak? <\/strong><br \/>\nV: Igen, biztos\u00edtunk mint\u00e1kat, de ezek nem ingyenesek.<\/p>\n<p><strong>K: Tudsz-e a mint\u00e1k szerint gy\u00e1rtani? <\/strong><br \/>\nV: Igen, a mint\u00e1k vagy m\u0171szaki rajzok alapj\u00e1n tudunk legy\u00e1rtani. El tudjuk k\u00e9sz\u00edteni a form\u00e1kat \u00e9s a szerelv\u00e9nyeket.<\/p>\n<h3>Az FMP-r\u0151l<\/h3>\n<p>Az FMP egy vezet\u0151 olasz gy\u00e1rt\u00f3, amely kiv\u00e1l\u00f3 min\u0151s\u00e9g\u0171 hidraulikus hengerek tervez\u00e9s\u00e9re, fejleszt\u00e9s\u00e9re \u00e9s gy\u00e1rt\u00e1s\u00e1ra specializ\u00e1l\u00f3dott. \u00c9vtizedes szak\u00e9rtelm\u00fcnkre \u00e9p\u00edtve z\u00f6kken\u0151mentesen \u00f6tv\u00f6zz\u00fck az olasz k\u00e9zm\u0171vess\u00e9get a legmodernebb technol\u00f3gi\u00e1val, kiv\u00e9teles hidraulikus megold\u00e1sokat k\u00edn\u00e1lva, amelyek glob\u00e1lis \u00fcgyfeleink sokr\u00e9t\u0171 ig\u00e9nyeire szabottak. Olaszorsz\u00e1gban \u2013 a m\u00e9rn\u00f6ki kiv\u00e1l\u00f3s\u00e1g k\u00f6zpontj\u00e1ban \u2013 tal\u00e1lhat\u00f3 FMP megb\u00edzhat\u00f3 n\u00e9vv\u00e9 v\u00e1lt a hidraulikus iparban, \u00e9s elk\u00f6telezett amellett, hogy megb\u00edzhat\u00f3, tart\u00f3s \u00e9s innovat\u00edv term\u00e9keket k\u00edn\u00e1ljon, amelyek vil\u00e1gszerte t\u00e1mogass\u00e1k a v\u00e1llalkoz\u00e1sokat.<\/p>\n<p>C\u00e9g\u00fcnk a fejlett gy\u00e1rt\u00e1si hagyom\u00e1nyokat el\u0151remutat\u00f3 megk\u00f6zel\u00edt\u00e9ssel \u00f6tv\u00f6zi. A hidraulikus rendszerek ter\u00e9n szerzett sz\u00e9lesk\u00f6r\u0171 tapasztalataira \u00e9p\u00edtve az FMP modern v\u00e1llalkoz\u00e1ss\u00e1 alakult, amely kiemelked\u0151 a kutat\u00e1s, a tervez\u00e9s \u00e9s a gy\u00e1rt\u00e1s ter\u00e9n. Sz\u00e9les v\u00e1laszt\u00e9kban k\u00edn\u00e1lunk hidraulikus hengereket, bele\u00e9rtve a kett\u0151s m\u0171k\u00f6d\u00e9s\u0171 hengereket, az aut\u00f3ipari emel\u0151hengereket, a mez\u0151gazdas\u00e1gi g\u00e9pek hengereit \u00e9s az egyedi tervez\u00e9s\u0171 megold\u00e1sokat k\u00fcl\u00f6nf\u00e9le ipari alkalmaz\u00e1sokhoz. \u00c1gazatt\u00f3l f\u00fcggetlen\u00fcl \u2013 legyen sz\u00f3 \u00e9p\u00edt\u0151iparr\u00f3l, ipari telep\u00edt\u00e9sekr\u0151l, mez\u0151gazdas\u00e1gr\u00f3l vagy neh\u00e9zg\u00e9pekr\u0151l \u2013 hidraulikus hengereinket \u00fagy tervezt\u00fck, hogy a legig\u00e9nyesebb k\u00f6r\u00fclm\u00e9nyek k\u00f6z\u00f6tt is m\u0171k\u00f6djenek, biztos\u00edtva a biztons\u00e1got, a hat\u00e9konys\u00e1got \u00e9s a hossz\u00fa \u00e9lettartamot.<\/p>\n<p><img loading=\"lazy\" decoding=\"async\" class=\"alignnone size-full wp-image-6720\" src=\"https:\/\/fmp-components.com\/wp-content\/uploads\/2025\/03\/hydraulic-cylinder-8.webp\" alt=\"Teleszk\u00f3pos hidraulikus hengerek\" width=\"933\" height=\"526\" title=\"\" srcset=\"https:\/\/fmp-components.com\/wp-content\/uploads\/2025\/03\/hydraulic-cylinder-8.webp 933w, https:\/\/fmp-components.com\/wp-content\/uploads\/2025\/03\/hydraulic-cylinder-8-480x271.webp 480w\" sizes=\"(min-width: 0px) and (max-width: 480px) 480px, (min-width: 481px) 933px, 100vw\" \/><\/p>\n<p>Az FMP-n\u00e9l b\u00fcszk\u00e9k vagyunk a legmodernebb gy\u00e1rt\u00f3\u00fczemeinkre, amelyek prec\u00edzi\u00f3s g\u00e9pekkel \u00e9s fejlett vizsg\u00e1l\u00f3rendszerekkel vannak felszerelve. Gy\u00e1rt\u00e1si folyamataink szigor\u00fa nemzeti \u00e9s nemzetk\u00f6zi szabv\u00e1nyoknak felelnek meg, biztos\u00edtva, hogy minden gy\u00e1rtott hidraulikus henger a legmagasabb min\u0151s\u00e9g\u0171 \u00e9s megb\u00edzhat\u00f3s\u00e1g\u00fa legyen. K\u00e9pzett m\u0171szaki csapatunk a legmodernebb berendez\u00e9sekkel egy\u00fctt lehet\u0151v\u00e9 teszi sz\u00e1munkra, hogy szigor\u00fa min\u0151s\u00e9gellen\u0151rz\u00e9st tartsunk fenn a gy\u00e1rt\u00e1s minden szakasz\u00e1ban \u2013 az alapanyagok kiv\u00e1laszt\u00e1s\u00e1t\u00f3l a v\u00e9gs\u0151 ellen\u0151rz\u00e9sig. Ez a kiv\u00e1l\u00f3s\u00e1g ir\u00e1nti elk\u00f6telezetts\u00e9g\u00fcnk tan\u00fas\u00edtv\u00e1nyokat \u00e9s elismer\u00e9st szerzett nek\u00fcnk az ipar\u00e1gi hat\u00f3s\u00e1gokt\u00f3l, tov\u00e1bb er\u0151s\u00edtve megb\u00edzhat\u00f3 partnerk\u00e9nt szerzett h\u00edrnev\u00fcnket.<\/p>\n<p>K\u00fcldet\u00e9s\u00fcnk egyszerre egyszer\u0171 \u00e9s ambici\u00f3zus: olyan hidraulikus hengereket biztos\u00edtani \u00fcgyfeleinknek, amelyek teljes\u00edtm\u00e9ny, tart\u00f3ss\u00e1g \u00e9s \u00e9rt\u00e9k tekintet\u00e9ben fel\u00fclm\u00falj\u00e1k az elv\u00e1r\u00e1sokat. A professzionalizmus, a feddhetetlens\u00e9g \u00e9s az \u00fcgyf\u00e9lk\u00f6zpont\u00fas\u00e1g alapelvei szerint m\u0171k\u00f6d\u00fcnk. Az innov\u00e1ci\u00f3 \u00e9s a precizit\u00e1s kult\u00far\u00e1j\u00e1nak \u00e1pol\u00e1s\u00e1val folyamatosan finom\u00edtjuk term\u00e9keinket, hogy meg\u0151rizz\u00fck el\u0151ny\u00fcnket a versenyk\u00e9pes piacon. \u00c1tfog\u00f3 term\u00e9kk\u00edn\u00e1latunk \u00e9s a szem\u00e9lyre szabott megold\u00e1sok k\u00edn\u00e1l\u00e1s\u00e1nak k\u00e9pess\u00e9ge tesz minket a nagy teljes\u00edtm\u00e9ny\u0171 hidraulikus hengereket keres\u0151 v\u00e1llalkoz\u00e1sok el\u0151nyben r\u00e9szes\u00edtett v\u00e1laszt\u00e1s\u00e1v\u00e1.<\/p>\n<p>Az FMP t\u00f6bb mint egy gy\u00e1rt\u00f3; partnerek vagyunk a siker\u00e9ben. Meg\u00e9rtj\u00fck, hogy \u00fcgyfeleink r\u00e1nk t\u00e1maszkodnak, ha olyan eszk\u00f6z\u00f6ket szeretn\u00e9nk biztos\u00edtani, amelyek n\u00f6velik a termel\u00e9kenys\u00e9get \u00e9s a biztons\u00e1got. Ez\u00e9rt elk\u00f6telezettek vagyunk nemcsak a cs\u00facskateg\u00f3ri\u00e1s term\u00e9kek sz\u00e1ll\u00edt\u00e1sa, hanem a kiv\u00e9teles szolg\u00e1ltat\u00e1s ny\u00fajt\u00e1sa ir\u00e1nt is. A kezdeti konzult\u00e1ci\u00f3kt\u00f3l az \u00e9rt\u00e9kes\u00edt\u00e9s ut\u00e1ni t\u00e1mogat\u00e1sig szorosan egy\u00fcttm\u0171k\u00f6d\u00fcnk \u00fcgyfeleinkkel annak biztos\u00edt\u00e1sa \u00e9rdek\u00e9ben, hogy ig\u00e9nyeiket professzionalizmussal \u00e9s gondoss\u00e1ggal el\u00e9g\u00edts\u00fck ki. Versenyk\u00e9pes \u00e1raink, valamint a min\u0151s\u00e9g ir\u00e1nti rend\u00edthetetlen elk\u00f6telezetts\u00e9g\u00fcnk teszi az FMP-t okos v\u00e1laszt\u00e1ss\u00e1 azoknak a v\u00e1llalatoknak, amelyek megb\u00edzhat\u00f3 hidraulikus megold\u00e1sokba szeretn\u00e9nek befektetni.<\/p>","protected":false},"excerpt":{"rendered":"<p>Quality Assurance Dump Truck Hydraulic Hoist Cylinder 4 Stage Small Dump Truck Hydraulic Cylinder Our 4 Stage Small Dump Truck hydraulic cylinder is a quality assured product that ensures optimal performance. It is a new product, launching in 2025, with a 1-year warranty. This hydraulic cylinder is designed for use in machinery repair shops, farms, [&hellip;]<\/p>","protected":false},"featured_media":6696,"comment_status":"closed","ping_status":"closed","template":"","meta":{"_et_pb_use_builder":"","_et_pb_old_content":"","_et_gb_content_width":""},"product_brand":[],"product_cat":[103],"product_tag":[34,105],"class_list":{"0":"post-6531","1":"product","2":"type-product","3":"status-publish","4":"has-post-thumbnail","6":"product_cat-telescopic-hydraulic-cylinders","7":"product_tag-hydraulic-cylinder","8":"product_tag-telescopic-hydraulic-cylinders","10":"first","11":"instock","12":"product-type-simple"},"_links":{"self":[{"href":"https:\/\/fmp-components.com\/hu\/wp-json\/wp\/v2\/product\/6531","targetHints":{"allow":["GET"]}}],"collection":[{"href":"https:\/\/fmp-components.com\/hu\/wp-json\/wp\/v2\/product"}],"about":[{"href":"https:\/\/fmp-components.com\/hu\/wp-json\/wp\/v2\/types\/product"}],"replies":[{"embeddable":true,"href":"https:\/\/fmp-components.com\/hu\/wp-json\/wp\/v2\/comments?post=6531"}],"wp:featuredmedia":[{"embeddable":true,"href":"https:\/\/fmp-components.com\/hu\/wp-json\/wp\/v2\/media\/6696"}],"wp:attachment":[{"href":"https:\/\/fmp-components.com\/hu\/wp-json\/wp\/v2\/media?parent=6531"}],"wp:term":[{"taxonomy":"product_brand","embeddable":true,"href":"https:\/\/fmp-components.com\/hu\/wp-json\/wp\/v2\/product_brand?post=6531"},{"taxonomy":"product_cat","embeddable":true,"href":"https:\/\/fmp-components.com\/hu\/wp-json\/wp\/v2\/product_cat?post=6531"},{"taxonomy":"product_tag","embeddable":true,"href":"https:\/\/fmp-components.com\/hu\/wp-json\/wp\/v2\/product_tag?post=6531"}],"curies":[{"name":"munkaf\u00fczet","href":"https:\/\/api.w.org\/{rel}","templated":true}]}}