{"id":6529,"date":"2025-03-11T06:28:19","date_gmt":"2025-03-11T06:28:19","guid":{"rendered":"https:\/\/fmp-components.com\/product\/dump-trailer-truck-20-tons-100-ton-5-stage-telescopic-hydraulic-cylinder-with-long-stroke"},"modified":"2025-03-12T02:11:55","modified_gmt":"2025-03-12T02:11:55","slug":"dump-trailer-truck-20-tons-100-ton-5-stage-telescopic-hydraulic-cylinder-with-long-stroke","status":"publish","type":"product","link":"https:\/\/fmp-components.com\/hu\/product\/dump-trailer-truck-20-tons-100-ton-5-stage-telescopic-hydraulic-cylinder-with-long-stroke\/","title":{"rendered":"20 tonna 100 tonn\u00e1s billen\u0151p\u00f3tkocsi, 5 fokozat\u00fa teleszk\u00f3pos hidraulikus henger hossz\u00fa l\u00f6kettel"},"content":{"rendered":"<h2>20 tonna 100 tonn\u00e1s billen\u0151p\u00f3tkocsi, 5 fokozat\u00fa teleszk\u00f3pos hidraulikus henger hossz\u00fa l\u00f6kettel<\/h2>\n<p>Az 5 fokozat\u00fa, hossz\u00fa l\u00f6ket\u0171 teleszk\u00f3pos hidraulikus henger egy kiv\u00e1l\u00f3 min\u0151s\u00e9g\u0171, nagy teherb\u00edr\u00e1s\u00fa berendez\u00e9s, amelyet d\u00f6mperekhez terveztek. 38 kg s\u00faly\u00fa, maxim\u00e1lis tol\u00f3ereje 3000 Nm, h\u00faz\u00f3ereje pedig ak\u00e1r 20 tonna. Ez a hidraulikus henger t\u00f6k\u00e9letes a k\u00fcl\u00f6nf\u00e9le ipar\u00e1gakban, bele\u00e9rtve a g\u00e9pjav\u00edt\u00f3 m\u0171helyeket, a mez\u0151gazdas\u00e1got, az energia- \u00e9s b\u00e1ny\u00e1szatot, valamint a g\u00e9pgy\u00e1rt\u00e1st.<\/p>\n<p><img loading=\"lazy\" decoding=\"async\" class=\"alignnone  wp-image-6664\" src=\"https:\/\/fmp-components.com\/wp-content\/uploads\/2025\/03\/telescopic-hydraulic-cylinder-8.webp\" alt=\"teleszk\u00f3pos hidraulikus henger\" width=\"873\" height=\"873\" title=\"\" srcset=\"https:\/\/fmp-components.com\/wp-content\/uploads\/2025\/03\/telescopic-hydraulic-cylinder-8.webp 873w, https:\/\/fmp-components.com\/wp-content\/uploads\/2025\/03\/telescopic-hydraulic-cylinder-8-480x480.webp 480w\" sizes=\"(min-width: 0px) and (max-width: 480px) 480px, (min-width: 481px) 873px, 100vw\" \/><\/p>\n<h3>F\u0151bb term\u00e9kspecifik\u00e1ci\u00f3k<\/h3>\n<table style=\"width: 102.38%;\" border=\"\">\n<tbody>\n<tr>\n<td style=\"width: 41.5179%;\">Term\u00e9k neve<\/td>\n<td style=\"width: 381.25%;\">Teleszk\u00f3pos henger<\/td>\n<\/tr>\n<tr>\n<td style=\"width: 41.5179%;\">Tan\u00fas\u00edtv\u00e1ny<\/td>\n<td style=\"width: 381.25%;\">ISO9001:2000<\/td>\n<\/tr>\n<tr>\n<td style=\"width: 41.5179%;\">Furatm\u00e9ret<\/td>\n<td style=\"width: 381.25%;\">2-6 h\u00fcvelyk<\/td>\n<\/tr>\n<tr>\n<td style=\"width: 41.5179%;\">R\u00fad m\u00e9rete<\/td>\n<td style=\"width: 381.25%;\">1,125-4 h\u00fcvelyk<\/td>\n<\/tr>\n<tr>\n<td style=\"width: 41.5179%;\">Ecsetvon\u00e1s m\u00e9rete<\/td>\n<td style=\"width: 381.25%;\">4-100 h\u00fcvelyk<\/td>\n<\/tr>\n<tr>\n<td style=\"width: 41.5179%;\">Cs\u00edp\u0151m\u00e9ret<\/td>\n<td style=\"width: 381.25%;\">0,5-2 h\u00fcvelyk<\/td>\n<\/tr>\n<tr>\n<td style=\"width: 41.5179%;\">kik\u00f6t\u0151k<\/td>\n<td style=\"width: 381.25%;\">G\/SAE\/NPT\/M<\/td>\n<\/tr>\n<\/tbody>\n<\/table>\n<h2>Figyelemre m\u00e9lt\u00f3 tulajdons\u00e1gok \u00e9s el\u0151ny\u00f6k<\/h2>\n<p>Ez a t\u00f6bbfokozat\u00fa hidraulikus henger apr\u00f3l\u00e9kosan lett megtervezve, az energiatakar\u00e9koss\u00e1gra, a hat\u00e9konys\u00e1gra \u00e9s a biztons\u00e1gra \u00f6sszpontos\u00edtva. Tervez\u00e9se sz\u00e1mos figyelemre m\u00e9lt\u00f3 tulajdons\u00e1got tartalmaz, amelyek fokozz\u00e1k funkcionalit\u00e1s\u00e1t \u00e9s megb\u00edzhat\u00f3s\u00e1g\u00e1t. Az egyik kulcsfontoss\u00e1g\u00fa elem a csap\u00e1gy, amely biztos\u00edtja a sima m\u0171k\u00f6d\u00e9st \u00e9s cs\u00f6kkenti a s\u00farl\u00f3d\u00e1st, ez\u00e1ltal meghosszabb\u00edtva a henger \u00e9lettartam\u00e1t. A henger teste robusztus ac\u00e9lb\u00f3l k\u00e9sz\u00fclt, amely kiv\u00e9teles szil\u00e1rds\u00e1g\u00e1r\u00f3l \u00e9s tart\u00f3ss\u00e1g\u00e1r\u00f3l ismert. Ez az anyagv\u00e1laszt\u00e1s nemcsak a henger \u00e9lettartam\u00e1t n\u00f6veli, hanem biztos\u00edtja, hogy a teljes\u00edtm\u00e9ny fel\u00e1ldoz\u00e1sa n\u00e9lk\u00fcl ellen\u00e1lljon a zord munkak\u00f6r\u00fclm\u00e9nyeknek.<\/p>\n<p>Tov\u00e1bb\u00e1, ez a hidraulikus henger megfelel az ISO 9001:2000 szabv\u00e1nynak, ami a magas min\u0151s\u00e9gi szabv\u00e1nyok betart\u00e1s\u00e1t bizony\u00edtja. Ez a tan\u00fas\u00edtv\u00e1ny t\u00fckr\u00f6zi elk\u00f6telezetts\u00e9g\u00fcnket a min\u0151s\u00e9gir\u00e1ny\u00edt\u00e1si rendszerek \u00e9s a folyamatos fejleszt\u00e9s ir\u00e1nt, biztos\u00edtva \u00fcgyfeleinket arr\u00f3l, hogy megb\u00edzhat\u00f3 \u00e9s hat\u00e9kony term\u00e9kbe fektetnek be. Ezen tulajdons\u00e1gok kombin\u00e1ci\u00f3ja teszi t\u00f6bbfokozat\u00fa hidraulikus henger\u00fcnket megb\u00edzhat\u00f3 v\u00e1laszt\u00e1ss\u00e1 k\u00fcl\u00f6nf\u00e9le ipari alkalmaz\u00e1sokhoz.<\/p>\n<h2>Hidraulikus rendszer \u00e9s m\u0171k\u00f6d\u00e9si elv<\/h2>\n<p>A hidraulikus henger a hidraulikus energia mechanikai mozg\u00e1ss\u00e1 alak\u00edt\u00e1s\u00e1nak alapelv\u00e9n m\u0171k\u00f6dik. A nyom\u00e1s alatt \u00e1ll\u00f3 folyad\u00e9k erej\u00e9t hasznos\u00edtja jelent\u0151s er\u0151 \u00e9s mozg\u00e1s l\u00e9trehoz\u00e1s\u00e1ra, ami elengedhetetlen a mechanikai m\u0171veletek sz\u00e9les sk\u00e1l\u00e1j\u00e1hoz. Amikor hidraulikus folyad\u00e9kot vezetnek a hengerbe, nyom\u00e1st hoz l\u00e9tre, amely hat a benne l\u00e9v\u0151 dugatty\u00fara. Ez a nyom\u00e1s a dugatty\u00fa mozg\u00e1s\u00e1t id\u00e9zi el\u0151, a hidraulikus energi\u00e1t line\u00e1ris mozg\u00e1ss\u00e1 alak\u00edtva. Ez a hat\u00e9kony \u00e1talak\u00edt\u00e1si folyamat teszi a hidraulikus rendszereket olyan hat\u00e9konny\u00e1 az olyan feladatokhoz, amelyek er\u0151t \u00e9s pontoss\u00e1got ig\u00e9nyelnek.<\/p>\n<p>A hidraulikus henger folyad\u00e9knyom\u00e1son kereszt\u00fcli er\u0151termel\u00e9si k\u00e9pess\u00e9ge lehet\u0151v\u00e9 teszi sz\u00e1m\u00e1ra k\u00fcl\u00f6nf\u00e9le m\u0171veletek v\u00e9grehajt\u00e1s\u00e1t, p\u00e9ld\u00e1ul neh\u00e9z terhek emel\u00e9s\u00e9t, tol\u00e1s\u00e1t vagy h\u00faz\u00e1s\u00e1t. Ez az elv nemcsak a m\u0171veletek hat\u00e9konys\u00e1g\u00e1t n\u00f6veli, hanem hozz\u00e1j\u00e1rul a g\u00e9pek \u00e1ltal\u00e1nos biztons\u00e1g\u00e1hoz \u00e9s megb\u00edzhat\u00f3s\u00e1g\u00e1hoz is, amelyekben alkalmazz\u00e1k.<\/p>\n<p><img loading=\"lazy\" decoding=\"async\" class=\"alignnone  wp-image-6665\" src=\"https:\/\/fmp-components.com\/wp-content\/uploads\/2025\/03\/telescopic-hydraulic-cylinder-9.webp\" alt=\"teleszk\u00f3pos hidraulikus henger\" width=\"874\" height=\"874\" title=\"\" srcset=\"https:\/\/fmp-components.com\/wp-content\/uploads\/2025\/03\/telescopic-hydraulic-cylinder-9.webp 874w, https:\/\/fmp-components.com\/wp-content\/uploads\/2025\/03\/telescopic-hydraulic-cylinder-9-480x480.webp 480w\" sizes=\"(min-width: 0px) and (max-width: 480px) 480px, (min-width: 481px) 874px, 100vw\" \/><\/p>\n<h2>Hidraulikus henger alkalmaz\u00e1sa<\/h2>\n<p>Leny\u0171g\u00f6z\u0151 kapacit\u00e1s\u00e1nak \u00e9s kialak\u00edt\u00e1s\u00e1nak k\u00f6sz\u00f6nhet\u0151en ez a hidraulikus henger a legalkalmasabb nagy ig\u00e9nybev\u00e9tel\u0171 alkalmaz\u00e1sokhoz sz\u00e1mos ipar\u00e1gban. Kiv\u00e1l\u00f3an haszn\u00e1lhat\u00f3 g\u00e9pgy\u00e1rt\u00e1sban, energetikai \u00e9s b\u00e1ny\u00e1szati \u200b\u200bszektorban, valamint mez\u0151gazdas\u00e1gi m\u0171veletekben. Hossz\u00fa l\u00f6ket\u00e9vel \u00e9s 20 tonn\u00e1s maxim\u00e1lis h\u00faz\u00f3er\u0151vel ez a henger ide\u00e1lisan alkalmas nagy terhek k\u00f6nny\u0171 kezel\u00e9s\u00e9re. Robusztus fel\u00e9p\u00edt\u00e9se \u00e9s nagy teljes\u00edtm\u00e9nye n\u00e9lk\u00fcl\u00f6zhetetlen eszk\u00f6zz\u00e9 teszi azokban a m\u0171veletekben, amelyek neh\u00e9z anyagok megb\u00edzhat\u00f3 emel\u00e9s\u00e9t \u00e9s mozgat\u00e1s\u00e1t ig\u00e9nylik.<\/p>\n<p>Ak\u00e1r nagy g\u00e9palkatr\u00e9szek emel\u00e9s\u00e9r\u0151l, b\u00e1ny\u00e1szati \u200b\u200bm\u0171veletekben val\u00f3 seg\u00edts\u00e9gny\u00fajt\u00e1sr\u00f3l, vagy mez\u0151gazdas\u00e1gi feladatok, p\u00e9ld\u00e1ul berendez\u00e9sek vagy neh\u00e9z terhek emel\u00e9s\u00e9r\u0151l van sz\u00f3, ez a hidraulikus henger kiv\u00e9teles teljes\u00edtm\u00e9nyt ny\u00fajt. Sokoldal\u00fas\u00e1ga biztos\u00edtja, hogy a k\u00fcl\u00f6nf\u00e9le alkalmaz\u00e1sokhoz alkalmazkodjon, \u00edgy sz\u00e1mos \u00e1gazatban a szakemberek kedvelt v\u00e1laszt\u00e1sa.<\/p>\n<h2>Hidraulikus hengerek \u00e9s t\u00e1pegys\u00e9gek<\/h2>\n<p>A hidraulikus henger \u00e9s a t\u00e1pegys\u00e9g minden hidraulikus rendszer kritikus alkot\u00f3elemei. Egy\u00fcttes funkcionalit\u00e1suk biztos\u00edtja a hidraulikus technol\u00f3gia sz\u00e9les k\u00f6r\u0171 alkalmaz\u00e1s\u00e1t az ipari szektorban, megb\u00edzhat\u00f3 energia- \u00e9s vez\u00e9rl\u00e9si t\u00e1mogat\u00e1st ny\u00fajtva a k\u00fcl\u00f6nf\u00e9le m\u00e9rn\u00f6ki \u00e9s g\u00e9p\u00e9szeti berendez\u00e9sekhez. A hidraulikus henger v\u00e9grehajt\u00f3 elemk\u00e9nt szolg\u00e1l, felel\u0151s a hidraulikus energia mechanikai mozg\u00e1ss\u00e1 alak\u00edt\u00e1s\u00e1\u00e9rt, lehet\u0151v\u00e9 t\u00e9ve a feladatok sz\u00e9les k\u00f6r\u00e9nek hat\u00e9kony elv\u00e9gz\u00e9s\u00e9t.<\/p>\n<p>Ek\u00f6zben a t\u00e1pegys\u00e9g a hidraulikus rendszer magjak\u00e9nt m\u0171k\u00f6dik, el\u0151\u00e1ll\u00edtja a hidraulikafolyad\u00e9k meghajt\u00e1s\u00e1hoz sz\u00fcks\u00e9ges energi\u00e1t, \u00e9s biztos\u00edtja a m\u0171k\u00f6d\u00e9shez sz\u00fcks\u00e9ges vez\u00e9rl\u0151jeleket. A t\u00e1pegys\u00e9g jellemz\u0151en egy motorb\u00f3l, szivatty\u00fab\u00f3l, tart\u00e1lyb\u00f3l \u00e9s vez\u00e9rl\u0151szelepekb\u0151l \u00e1ll, amelyek mind harm\u00f3ni\u00e1ban m\u0171k\u00f6dnek a rendszeren bel\u00fcli \u00e1lland\u00f3 nyom\u00e1s \u00e9s \u00e1raml\u00e1si sebess\u00e9g fenntart\u00e1sa \u00e9rdek\u00e9ben.<\/p>\n<p>A hidraulikus henger \u00e9s a t\u00e1pegys\u00e9g k\u00f6z\u00f6tti \u00f6sszehangolt egy\u00fcttm\u0171k\u00f6d\u00e9s elengedhetetlen a hidraulikus rendszer z\u00f6kken\u0151mentes m\u0171k\u00f6d\u00e9s\u00e9hez. Egy\u00fcttesen biztos\u00edtj\u00e1k, hogy az ipari g\u00e9pek megb\u00edzhat\u00f3an \u00e9s hat\u00e9konyan m\u0171k\u00f6djenek, n\u00f6velve a termel\u00e9kenys\u00e9get \u00e9s a biztons\u00e1got. Az FMP-n\u00e9l kiv\u00e1l\u00f3 min\u0151s\u00e9g\u0171 t\u00e1pegys\u00e9geket is k\u00edn\u00e1lunk \u00e9rt\u00e9kes\u00edt\u00e9sre, lehet\u0151v\u00e9 t\u00e9ve \u00fcgyfeleink sz\u00e1m\u00e1ra, hogy teljesen integr\u00e1lt, az ig\u00e9nyeikre szabott hidraulikus rendszereket hozzanak l\u00e9tre. Ez az \u00e1tfog\u00f3 megk\u00f6zel\u00edt\u00e9s biztos\u00edtja, hogy a v\u00e1llalkoz\u00e1sok kihaszn\u00e1lhass\u00e1k a hidraulikus technol\u00f3gia minden el\u0151ny\u00e9t, lehet\u0151v\u00e9 t\u00e9ve sz\u00e1mukra, hogy magabiztosan el\u00e9rj\u00e9k m\u0171k\u00f6d\u00e9si c\u00e9ljaikat.<\/p>\n<p><img loading=\"lazy\" decoding=\"async\" class=\"alignnone  wp-image-6717\" src=\"https:\/\/fmp-components.com\/wp-content\/uploads\/2025\/03\/hydraulic-cylinder-211.webp\" alt=\"Hidraulikus hengerek\" width=\"923\" height=\"925\" title=\"\" srcset=\"https:\/\/fmp-components.com\/wp-content\/uploads\/2025\/03\/hydraulic-cylinder-211.webp 923w, https:\/\/fmp-components.com\/wp-content\/uploads\/2025\/03\/hydraulic-cylinder-211-480x481.webp 480w\" sizes=\"(min-width: 0px) and (max-width: 480px) 480px, (min-width: 481px) 923px, 100vw\" \/><\/p>\n<h3>Gyakran ism\u00e9telt k\u00e9rd\u00e9sek<\/h3>\n<p><strong>K: Kereskedelmi v\u00e1llalat vagy gy\u00e1rt\u00f3?<\/strong><br \/>\nV: Gy\u00e1rt\u00f3 vagyunk.<\/p>\n<p><strong>K: Mennyi a sz\u00e1ll\u00edt\u00e1si id\u0151?<\/strong><br \/>\nV: \u00c1ltal\u00e1ban 25-35 nap.<\/p>\n<p><strong>K: Biztos\u00edtanak mint\u00e1kat? Ingyenes vagy k\u00fcl\u00f6n fizetend\u0151?<\/strong><br \/>\nV: Igen, felaj\u00e1nlhatn\u00e1nk a mint\u00e1t, de ez nem ingyenes.<\/p>\n<h3>Az FMP-r\u0151l<\/h3>\n<p>Az FMP egy vezet\u0151 olasz gy\u00e1rt\u00f3, amely kiv\u00e1l\u00f3 min\u0151s\u00e9g\u0171 hidraulikus hengerek tervez\u00e9s\u00e9re, fejleszt\u00e9s\u00e9re \u00e9s gy\u00e1rt\u00e1s\u00e1ra specializ\u00e1l\u00f3dott. \u00c9vtizedes szak\u00e9rtelm\u00fcnkre \u00e9p\u00edtve z\u00f6kken\u0151mentesen \u00f6tv\u00f6zz\u00fck az olasz k\u00e9zm\u0171vess\u00e9get a legmodernebb technol\u00f3gi\u00e1val, kiv\u00e9teles hidraulikus megold\u00e1sokat k\u00edn\u00e1lva, amelyek glob\u00e1lis \u00fcgyfeleink sokr\u00e9t\u0171 ig\u00e9nyeire szabottak. Olaszorsz\u00e1gban \u2013 a m\u00e9rn\u00f6ki kiv\u00e1l\u00f3s\u00e1g k\u00f6zpontj\u00e1ban \u2013 tal\u00e1lhat\u00f3 FMP megb\u00edzhat\u00f3 n\u00e9vv\u00e9 v\u00e1lt a hidraulikus iparban, \u00e9s elk\u00f6telezett amellett, hogy megb\u00edzhat\u00f3, tart\u00f3s \u00e9s innovat\u00edv term\u00e9keket k\u00edn\u00e1ljon, amelyek vil\u00e1gszerte t\u00e1mogass\u00e1k a v\u00e1llalkoz\u00e1sokat.<\/p>\n<p>C\u00e9g\u00fcnk a fejlett gy\u00e1rt\u00e1si hagyom\u00e1nyokat el\u0151remutat\u00f3 megk\u00f6zel\u00edt\u00e9ssel \u00f6tv\u00f6zi. A hidraulikus rendszerek ter\u00e9n szerzett sz\u00e9lesk\u00f6r\u0171 tapasztalataira \u00e9p\u00edtve az FMP modern v\u00e1llalkoz\u00e1ss\u00e1 alakult, amely kiemelked\u0151 a kutat\u00e1s, a tervez\u00e9s \u00e9s a gy\u00e1rt\u00e1s ter\u00e9n. Sz\u00e9les v\u00e1laszt\u00e9kban k\u00edn\u00e1lunk hidraulikus hengereket, bele\u00e9rtve a kett\u0151s m\u0171k\u00f6d\u00e9s\u0171 hengereket, az aut\u00f3ipari emel\u0151hengereket, a mez\u0151gazdas\u00e1gi g\u00e9pek hengereit \u00e9s az egyedi tervez\u00e9s\u0171 megold\u00e1sokat k\u00fcl\u00f6nf\u00e9le ipari alkalmaz\u00e1sokhoz. \u00c1gazatt\u00f3l f\u00fcggetlen\u00fcl \u2013 legyen sz\u00f3 \u00e9p\u00edt\u0151iparr\u00f3l, ipari telep\u00edt\u00e9sekr\u0151l, mez\u0151gazdas\u00e1gr\u00f3l vagy neh\u00e9zg\u00e9pekr\u0151l \u2013 hidraulikus hengereinket \u00fagy tervezt\u00fck, hogy a legig\u00e9nyesebb k\u00f6r\u00fclm\u00e9nyek k\u00f6z\u00f6tt is m\u0171k\u00f6djenek, biztos\u00edtva a biztons\u00e1got, a hat\u00e9konys\u00e1got \u00e9s a hossz\u00fa \u00e9lettartamot.<\/p>\n<p><img loading=\"lazy\" decoding=\"async\" class=\"alignnone size-full wp-image-6720\" src=\"https:\/\/fmp-components.com\/wp-content\/uploads\/2025\/03\/hydraulic-cylinder-8.webp\" alt=\"Teleszk\u00f3pos hidraulikus hengerek\" width=\"933\" height=\"526\" title=\"\" srcset=\"https:\/\/fmp-components.com\/wp-content\/uploads\/2025\/03\/hydraulic-cylinder-8.webp 933w, https:\/\/fmp-components.com\/wp-content\/uploads\/2025\/03\/hydraulic-cylinder-8-480x271.webp 480w\" sizes=\"(min-width: 0px) and (max-width: 480px) 480px, (min-width: 481px) 933px, 100vw\" \/><\/p>\n<p>Az FMP-n\u00e9l b\u00fcszk\u00e9k vagyunk a legmodernebb gy\u00e1rt\u00f3\u00fczemeinkre, amelyek prec\u00edzi\u00f3s g\u00e9pekkel \u00e9s fejlett vizsg\u00e1l\u00f3rendszerekkel vannak felszerelve. Gy\u00e1rt\u00e1si folyamataink szigor\u00fa nemzeti \u00e9s nemzetk\u00f6zi szabv\u00e1nyoknak felelnek meg, biztos\u00edtva, hogy minden gy\u00e1rtott hidraulikus henger a legmagasabb min\u0151s\u00e9g\u0171 \u00e9s megb\u00edzhat\u00f3s\u00e1g\u00fa legyen. K\u00e9pzett m\u0171szaki csapatunk a legmodernebb berendez\u00e9sekkel egy\u00fctt lehet\u0151v\u00e9 teszi sz\u00e1munkra, hogy szigor\u00fa min\u0151s\u00e9gellen\u0151rz\u00e9st tartsunk fenn a gy\u00e1rt\u00e1s minden szakasz\u00e1ban \u2013 az alapanyagok kiv\u00e1laszt\u00e1s\u00e1t\u00f3l a v\u00e9gs\u0151 ellen\u0151rz\u00e9sig. Ez a kiv\u00e1l\u00f3s\u00e1g ir\u00e1nti elk\u00f6telezetts\u00e9g\u00fcnk tan\u00fas\u00edtv\u00e1nyokat \u00e9s elismer\u00e9st szerzett nek\u00fcnk az ipar\u00e1gi hat\u00f3s\u00e1gokt\u00f3l, tov\u00e1bb er\u0151s\u00edtve megb\u00edzhat\u00f3 partnerk\u00e9nt szerzett h\u00edrnev\u00fcnket.<\/p>\n<p>K\u00fcldet\u00e9s\u00fcnk egyszerre egyszer\u0171 \u00e9s ambici\u00f3zus: olyan hidraulikus hengereket biztos\u00edtani \u00fcgyfeleinknek, amelyek teljes\u00edtm\u00e9ny, tart\u00f3ss\u00e1g \u00e9s \u00e9rt\u00e9k tekintet\u00e9ben fel\u00fclm\u00falj\u00e1k az elv\u00e1r\u00e1sokat. A professzionalizmus, a feddhetetlens\u00e9g \u00e9s az \u00fcgyf\u00e9lk\u00f6zpont\u00fas\u00e1g alapelvei szerint m\u0171k\u00f6d\u00fcnk. Az innov\u00e1ci\u00f3 \u00e9s a precizit\u00e1s kult\u00far\u00e1j\u00e1nak \u00e1pol\u00e1s\u00e1val folyamatosan finom\u00edtjuk term\u00e9keinket, hogy meg\u0151rizz\u00fck el\u0151ny\u00fcnket a versenyk\u00e9pes piacon. \u00c1tfog\u00f3 term\u00e9kk\u00edn\u00e1latunk \u00e9s a szem\u00e9lyre szabott megold\u00e1sok k\u00edn\u00e1l\u00e1s\u00e1nak k\u00e9pess\u00e9ge tesz minket a nagy teljes\u00edtm\u00e9ny\u0171 hidraulikus hengereket keres\u0151 v\u00e1llalkoz\u00e1sok el\u0151nyben r\u00e9szes\u00edtett v\u00e1laszt\u00e1s\u00e1v\u00e1.<\/p>\n<p>Az FMP t\u00f6bb mint egy gy\u00e1rt\u00f3; partnerek vagyunk a siker\u00e9ben. Meg\u00e9rtj\u00fck, hogy \u00fcgyfeleink r\u00e1nk t\u00e1maszkodnak, ha olyan eszk\u00f6z\u00f6ket szeretn\u00e9nk biztos\u00edtani, amelyek n\u00f6velik a termel\u00e9kenys\u00e9get \u00e9s a biztons\u00e1got. Ez\u00e9rt elk\u00f6telezettek vagyunk nemcsak a cs\u00facskateg\u00f3ri\u00e1s term\u00e9kek sz\u00e1ll\u00edt\u00e1sa, hanem a kiv\u00e9teles szolg\u00e1ltat\u00e1s ny\u00fajt\u00e1sa ir\u00e1nt is. A kezdeti konzult\u00e1ci\u00f3kt\u00f3l az \u00e9rt\u00e9kes\u00edt\u00e9s ut\u00e1ni t\u00e1mogat\u00e1sig szorosan egy\u00fcttm\u0171k\u00f6d\u00fcnk \u00fcgyfeleinkkel annak biztos\u00edt\u00e1sa \u00e9rdek\u00e9ben, hogy ig\u00e9nyeiket professzionalizmussal \u00e9s gondoss\u00e1ggal el\u00e9g\u00edts\u00fck ki. Versenyk\u00e9pes \u00e1raink, valamint a min\u0151s\u00e9g ir\u00e1nti rend\u00edthetetlen elk\u00f6telezetts\u00e9g\u00fcnk teszi az FMP-t okos v\u00e1laszt\u00e1ss\u00e1 azoknak a v\u00e1llalatoknak, amelyek megb\u00edzhat\u00f3 hidraulikus megold\u00e1sokba szeretn\u00e9nek befektetni.<\/p>","protected":false},"excerpt":{"rendered":"<p>Dump Trailer Truck 20 Tons 100 Ton 5 Stage Telescopic Hydraulic Cylinder with Long Stroke The 5 stage telescopic hydraulic cylinder with long stroke is a high-quality, heavy-duty piece of equipment designed for dump trailer trucks. It carries a weight of 38kg and can deliver a maximum thrust of 3000 and pull up to 20 [&hellip;]<\/p>","protected":false},"featured_media":6700,"comment_status":"closed","ping_status":"closed","template":"","meta":{"_et_pb_use_builder":"","_et_pb_old_content":"","_et_gb_content_width":""},"product_brand":[],"product_cat":[103],"product_tag":[34,105],"class_list":{"0":"post-6529","1":"product","2":"type-product","3":"status-publish","4":"has-post-thumbnail","6":"product_cat-telescopic-hydraulic-cylinders","7":"product_tag-hydraulic-cylinder","8":"product_tag-telescopic-hydraulic-cylinders","10":"first","11":"instock","12":"product-type-simple"},"_links":{"self":[{"href":"https:\/\/fmp-components.com\/hu\/wp-json\/wp\/v2\/product\/6529","targetHints":{"allow":["GET"]}}],"collection":[{"href":"https:\/\/fmp-components.com\/hu\/wp-json\/wp\/v2\/product"}],"about":[{"href":"https:\/\/fmp-components.com\/hu\/wp-json\/wp\/v2\/types\/product"}],"replies":[{"embeddable":true,"href":"https:\/\/fmp-components.com\/hu\/wp-json\/wp\/v2\/comments?post=6529"}],"wp:featuredmedia":[{"embeddable":true,"href":"https:\/\/fmp-components.com\/hu\/wp-json\/wp\/v2\/media\/6700"}],"wp:attachment":[{"href":"https:\/\/fmp-components.com\/hu\/wp-json\/wp\/v2\/media?parent=6529"}],"wp:term":[{"taxonomy":"product_brand","embeddable":true,"href":"https:\/\/fmp-components.com\/hu\/wp-json\/wp\/v2\/product_brand?post=6529"},{"taxonomy":"product_cat","embeddable":true,"href":"https:\/\/fmp-components.com\/hu\/wp-json\/wp\/v2\/product_cat?post=6529"},{"taxonomy":"product_tag","embeddable":true,"href":"https:\/\/fmp-components.com\/hu\/wp-json\/wp\/v2\/product_tag?post=6529"}],"curies":[{"name":"munkaf\u00fczet","href":"https:\/\/api.w.org\/{rel}","templated":true}]}}