{"id":6526,"date":"2025-03-11T06:26:57","date_gmt":"2025-03-11T06:26:57","guid":{"rendered":"https:\/\/fmp-components.com\/product\/factory-price-small-dump-truck-hydraulic-cylinder-telescopic-hydraulic-cylinder-for-sale"},"modified":"2025-03-18T01:07:30","modified_gmt":"2025-03-18T01:07:30","slug":"factory-price-small-dump-truck-hydraulic-cylinder-telescopic-hydraulic-cylinder-for-sale","status":"publish","type":"product","link":"https:\/\/fmp-components.com\/hu\/product\/factory-price-small-dump-truck-hydraulic-cylinder-telescopic-hydraulic-cylinder-for-sale\/","title":{"rendered":"Gy\u00e1ri \u00e1r\u00fa kis d\u00f6mper hidraulikus henger teleszk\u00f3pos hidraulikus henger elad\u00f3"},"content":{"rendered":"<h2>Gy\u00e1ri \u00e1r\u00fa kis d\u00f6mper hidraulikus henger teleszk\u00f3pos hidraulikus henger elad\u00f3<\/h2>\n<p>A t\u00f6bbfokozat\u00fa hidraulikus henger egy \u00faj term\u00e9k 2025-re, amely kiv\u00e9teles teljes\u00edtm\u00e9nyt k\u00edn\u00e1l kis d\u00f6mperek, g\u00e9pjav\u00edt\u00f3 m\u0171helyek, mez\u0151gazdas\u00e1gi \u00fczemek, energia- \u00e9s b\u00e1ny\u00e1szat, g\u00e9pgy\u00e1rt\u00e1s \u00e9s g\u00e9pgy\u00e1rak sz\u00e1m\u00e1ra. Massz\u00edv ac\u00e9lb\u00f3l k\u00e9sz\u00fclt, ez a hidraulikus henger nagy tol\u00f3er\u0151 \u00e9s h\u00faz\u00f3er\u0151 elvisel\u00e9s\u00e9re van tervezve, biztos\u00edtva a megb\u00edzhat\u00f3 m\u0171k\u00f6d\u00e9st \u00e9s a hossz\u00fa \u00e9lettartamot.<\/p>\n<h2>Jellemz\u0151k \u00e9s specifik\u00e1ci\u00f3k<\/h2>\n<table style=\"width: 100.555%;\" border=\"\">\n<tbody>\n<tr>\n<th style=\"width: 43.5028%;\">Furatm\u00e9ret<\/th>\n<td style=\"width: 488.136%;\">2-6 h\u00fcvelyk<\/td>\n<\/tr>\n<tr>\n<th style=\"width: 43.5028%;\">R\u00fad m\u00e9rete<\/th>\n<td style=\"width: 488.136%;\">1,125-4 h\u00fcvelyk<\/td>\n<\/tr>\n<tr>\n<th style=\"width: 43.5028%;\">Ecsetvon\u00e1s m\u00e9rete<\/th>\n<td style=\"width: 488.136%;\">4-100 h\u00fcvelyk<\/td>\n<\/tr>\n<tr>\n<th style=\"width: 43.5028%;\">Cs\u00edp\u0151m\u00e9ret<\/th>\n<td style=\"width: 488.136%;\">0,5-2 h\u00fcvelyk<\/td>\n<\/tr>\n<tr>\n<th style=\"width: 43.5028%;\">kik\u00f6t\u0151k<\/th>\n<td style=\"width: 488.136%;\">G\/SAE\/NPT\/M<\/td>\n<\/tr>\n<\/tbody>\n<\/table>\n<h2>F\u0151bb el\u0151ny\u00f6k<\/h2>\n<ul>\n<li>Energiatakar\u00e9kos<\/li>\n<li>Nagy teljes\u00edtm\u00e9ny\u0171<\/li>\n<li>Biztons\u00e1g \u00e9s megb\u00edzhat\u00f3s\u00e1g<\/li>\n<\/ul>\n<h2>Hidraulikus rendszerek \u00e9s m\u0171k\u00f6d\u00e9si elv<\/h2>\n<p>A hidraulikus hengerek alapvet\u0151 fontoss\u00e1g\u00fa alkatr\u00e9szek, amelyek a hidraulikus energi\u00e1t mechanikus mozg\u00e1ss\u00e1 alak\u00edtj\u00e1k. Ez az \u00e1talak\u00edt\u00e1s kulcsfontoss\u00e1g\u00fa, mivel biztos\u00edtja a d\u00f6mperek \u00e9s k\u00fcl\u00f6nf\u00e9le egy\u00e9b g\u00e9pek m\u0171k\u00f6dtet\u00e9s\u00e9hez sz\u00fcks\u00e9ges hajt\u00f3er\u0151t. Amikor a hidraulikus folyad\u00e9k nyom\u00e1s al\u00e1 ker\u00fcl \u00e9s a hengerbe ker\u00fcl, az megnyomja a dugatty\u00fat, line\u00e1ris mozg\u00e1st hozva l\u00e9tre, ami er\u0151teljes \u00e9s prec\u00edz mozg\u00e1sokat eredm\u00e9nyez. Ez a mechanizmus lehet\u0151v\u00e9 teszi a neh\u00e9z terhek hat\u00e9kony emel\u00e9s\u00e9t, tol\u00e1s\u00e1t vagy h\u00faz\u00e1s\u00e1t, \u00edgy a hidraulikus hengerek n\u00e9lk\u00fcl\u00f6zhetetlenek sz\u00e1mos ipari alkalmaz\u00e1sban. Az \u00e1lland\u00f3 \u00e9s megb\u00edzhat\u00f3 er\u0151 lead\u00e1s\u00e1ra val\u00f3 k\u00e9pess\u00e9g\u00fck lehet\u0151v\u00e9 teszi a g\u00e9pek sz\u00e1m\u00e1ra, hogy hat\u00e9konyan v\u00e9gezz\u00e9k el a feladataikat, legyen sz\u00f3 ak\u00e1r az \u00e9p\u00edt\u0151iparr\u00f3l, a sz\u00e1ll\u00edt\u00e1sr\u00f3l vagy a gy\u00e1rt\u00e1sr\u00f3l.<\/p>\n<p><img loading=\"lazy\" decoding=\"async\" class=\"alignnone wp-image-6662\" src=\"https:\/\/fmp-components.com\/wp-content\/uploads\/2025\/03\/telescopic-hydraulic-cylinder-4.webp\" alt=\"teleszk\u00f3pos hidraulikus henger\" width=\"898\" height=\"898\" title=\"\" srcset=\"https:\/\/fmp-components.com\/wp-content\/uploads\/2025\/03\/telescopic-hydraulic-cylinder-4.webp 898w, https:\/\/fmp-components.com\/wp-content\/uploads\/2025\/03\/telescopic-hydraulic-cylinder-4-480x480.webp 480w\" sizes=\"(min-width: 0px) and (max-width: 480px) 480px, (min-width: 481px) 898px, 100vw\" \/><\/p>\n<h2>Alkalmaz\u00e1sok<\/h2>\n<p>Ezek a hidraulikus hengerek ide\u00e1lisan alkalmasak sz\u00e1mos alkalmaz\u00e1sra. Kis d\u00f6mperekben l\u00e9tfontoss\u00e1g\u00fa szerepet j\u00e1tszanak a teheraut\u00f3 plat\u00f3j\u00e1nak emel\u00e9s\u00e9ben \u00e9s billent\u00e9s\u00e9ben, megk\u00f6nny\u00edtve az anyagok k\u00f6nny\u0171 kirakod\u00e1s\u00e1t. G\u00e9pjav\u00edt\u00f3 m\u0171helyekben ezek a hengerek seg\u00edtik a technikusokat a neh\u00e9z alkatr\u00e9szek biztons\u00e1gos emel\u00e9s\u00e9ben \u00e9s man\u0151verez\u00e9s\u00e9ben, biztos\u00edtva a hat\u00e9kony karbantart\u00e1st \u00e9s jav\u00edt\u00e1sokat. Az energia- \u00e9s b\u00e1ny\u00e1szati \u200b\u200b\u00e1gazatok is jelent\u0151sen profit\u00e1lnak robusztus kialak\u00edt\u00e1sukb\u00f3l, mivel ezek a hengerek ellen\u00e1llnak a neh\u00e9z berendez\u00e9sek \u00e9s anyagok emel\u00e9s\u00e9nek szigor\u00fa k\u00f6vetelm\u00e9nyeinek kih\u00edv\u00e1st jelent\u0151 k\u00f6rnyezetben. Ezenk\u00edv\u00fcl a g\u00e9pgy\u00e1rt\u00e1sban \u00e9s a gy\u00e1rakban ezek a hidraulikus hengerek n\u00f6velik a termel\u00e9si folyamatok hat\u00e9konys\u00e1g\u00e1t az\u00e1ltal, hogy biztos\u00edtj\u00e1k a sz\u00fcks\u00e9ges er\u0151t az \u00f6sszeszerel\u00e9shez, az anyagmozgat\u00e1shoz \u00e9s m\u00e1s kritikus m\u0171veletekhez. Sokoldal\u00fas\u00e1guk \u00e9s megb\u00edzhat\u00f3s\u00e1guk elengedhetetlen v\u00e1laszt\u00e1ss\u00e1 teszi \u0151ket a k\u00fcl\u00f6nb\u00f6z\u0151 ipar\u00e1gak szakemberei sz\u00e1m\u00e1ra.<\/p>\n<h2>Hidraulikus hengerek \u00e9s t\u00e1pegys\u00e9gek<\/h2>\n<p>A hidraulikus henger \u00e9s a t\u00e1pegys\u00e9g minden hidraulikus rendszer szerves r\u00e9sz\u00e9t k\u00e9pezik, amelyek egy\u00fcttm\u0171k\u00f6dve biztos\u00edtj\u00e1k az optim\u00e1lis teljes\u00edtm\u00e9nyt \u00e9s funkcionalit\u00e1st. A hidraulikus henger m\u0171k\u00f6dtet\u0151k\u00e9nt m\u0171k\u00f6dik, a hidraulikus energi\u00e1t mechanikai mozg\u00e1ss\u00e1 alak\u00edtja, m\u00edg a t\u00e1pegys\u00e9g energiaforr\u00e1sk\u00e9nt szolg\u00e1l, biztos\u00edtva a m\u0171k\u00f6d\u00e9shez sz\u00fcks\u00e9ges nyom\u00e1s alatti folyad\u00e9kot. Ez a kombin\u00e1lt funkci\u00f3 kulcsfontoss\u00e1g\u00fa a hidraulikus technol\u00f3gia hat\u00e9kony megval\u00f3s\u00edt\u00e1s\u00e1hoz az ipari szektorban, megb\u00edzhat\u00f3 energia- \u00e9s vez\u00e9rl\u00e9si t\u00e1mogat\u00e1st ny\u00fajtva a k\u00fcl\u00f6nf\u00e9le m\u00e9rn\u00f6ki \u00e9s g\u00e9p\u00e9szeti berendez\u00e9sek sz\u00e1m\u00e1ra. Szinergi\u00e1juk nemcsak a m\u0171veletek hat\u00e9konys\u00e1g\u00e1t n\u00f6veli, hanem lehet\u0151v\u00e9 teszi a jelent\u0151s er\u0151t \u00e9s pontoss\u00e1got ig\u00e9nyl\u0151 feladatok v\u00e9grehajt\u00e1s\u00e1t is. Az FMP-n\u00e9l t\u00e1pegys\u00e9gek sz\u00e9les v\u00e1laszt\u00e9k\u00e1t is k\u00edn\u00e1ljuk \u00e9rt\u00e9kes\u00edt\u00e9sre, kieg\u00e9sz\u00edtve hidraulikus hengereinket, \u00e9s \u00e1tfog\u00f3 megold\u00e1sokat ny\u00fajtva hidraulikus rendszerig\u00e9nyeire. A min\u0151s\u00e9g \u00e9s az innov\u00e1ci\u00f3 ir\u00e1nti elk\u00f6telezetts\u00e9g\u00fcnk biztos\u00edtja, hogy a legjobb term\u00e9keket kapja m\u0171k\u00f6d\u00e9si k\u00e9pess\u00e9geinek n\u00f6vel\u00e9s\u00e9hez.<\/p>\n<p><img loading=\"lazy\" decoding=\"async\" class=\"alignnone wp-image-6661\" src=\"https:\/\/fmp-components.com\/wp-content\/uploads\/2025\/03\/telescopic-hydraulic-cylinder-10.webp\" alt=\"teleszk\u00f3pos hidraulikus henger\" width=\"924\" height=\"924\" title=\"\" srcset=\"https:\/\/fmp-components.com\/wp-content\/uploads\/2025\/03\/telescopic-hydraulic-cylinder-10.webp 924w, https:\/\/fmp-components.com\/wp-content\/uploads\/2025\/03\/telescopic-hydraulic-cylinder-10-480x480.webp 480w\" sizes=\"(min-width: 0px) and (max-width: 480px) 480px, (min-width: 481px) 924px, 100vw\" \/><\/p>\n<h3>Az FMP-r\u0151l<\/h3>\n<p class=\"break-words\">Az FMP egy vezet\u0151 olasz gy\u00e1rt\u00f3, amely kiv\u00e1l\u00f3 min\u0151s\u00e9g\u0171 hidraulikus hengerek tervez\u00e9s\u00e9re, fejleszt\u00e9s\u00e9re \u00e9s gy\u00e1rt\u00e1s\u00e1ra specializ\u00e1l\u00f3dott. \u00c9vtizedes szak\u00e9rtelemre \u00e9p\u00fcl\u0151 gazdag \u00f6r\u00f6ks\u00e9g\u00fcnkkel b\u00fcszk\u00e9n \u00f6tv\u00f6zz\u00fck az olasz k\u00e9zm\u0171vess\u00e9get a legmodernebb technol\u00f3gi\u00e1val, hogy kiv\u00e9teles hidraulikus megold\u00e1sokat k\u00edn\u00e1ljunk, amelyek a glob\u00e1lis \u00fcgyfeleink sokr\u00e9t\u0171 ig\u00e9nyeit el\u00e9g\u00edtik ki. Az olaszorsz\u00e1gi sz\u00e9khely\u0171, a m\u00e9rn\u00f6ki kiv\u00e1l\u00f3s\u00e1g k\u00f6zpontj\u00e1ban m\u0171k\u00f6d\u0151 FMP megb\u00edzhat\u00f3 n\u00e9v a hidraulikus iparban, elk\u00f6telezett amellett, hogy megb\u00edzhat\u00f3, tart\u00f3s \u00e9s innovat\u00edv term\u00e9keket k\u00edn\u00e1ljon, amelyek vil\u00e1gszerte lend\u00fcletet adnak a v\u00e1llalkoz\u00e1soknak.<\/p>\n<p class=\"break-words\">C\u00e9g\u00fcnk a fejlett gy\u00e1rt\u00e1si hagyom\u00e1nyok legjav\u00e1t \u00f6tv\u00f6zi az el\u0151remutat\u00f3 megk\u00f6zel\u00edt\u00e9ssel. A hidraulikus rendszerek ter\u00e9n szerzett sok\u00e9ves tapasztalat\u00e1ra \u00e9p\u00edtve az FMP egy modern v\u00e1llalkoz\u00e1ss\u00e1 fejl\u0151d\u00f6tt, amely kiemelked\u0151 a kutat\u00e1s, a tervez\u00e9s \u00e9s a gy\u00e1rt\u00e1s ter\u00e9n. Sz\u00e9les hidraulikus hengerv\u00e1laszt\u00e9kra specializ\u00e1l\u00f3dtunk, bele\u00e9rtve a kett\u0151s m\u0171k\u00f6d\u00e9s\u0171 hengereket, az aut\u00f3ipari emel\u0151hengereket, a mez\u0151gazdas\u00e1gi g\u00e9pek hengereit \u00e9s az egyedi tervez\u00e9s\u0171 megold\u00e1sokat k\u00fcl\u00f6nf\u00e9le ipari alkalmaz\u00e1sokhoz. Legyen sz\u00f3 \u00e9p\u00edt\u0151iparr\u00f3l, ipari telep\u00edt\u00e9sekr\u0151l, mez\u0151gazdas\u00e1gr\u00f3l vagy neh\u00e9zg\u00e9pekr\u0151l, hidraulikus hengereinket a legnehezebb k\u00f6r\u00fclm\u00e9nyek k\u00f6z\u00f6tt is k\u00e9pesek teljes\u00edteni, biztos\u00edtva a biztons\u00e1got, a hat\u00e9konys\u00e1got \u00e9s a hossz\u00fa \u00e9lettartamot.<\/p>\n<p><img loading=\"lazy\" decoding=\"async\" class=\"alignnone size-full wp-image-6720\" src=\"https:\/\/fmp-components.com\/wp-content\/uploads\/2025\/03\/hydraulic-cylinder-8.webp\" alt=\"Teleszk\u00f3pos hidraulikus hengerek\" width=\"933\" height=\"526\" title=\"\" srcset=\"https:\/\/fmp-components.com\/wp-content\/uploads\/2025\/03\/hydraulic-cylinder-8.webp 933w, https:\/\/fmp-components.com\/wp-content\/uploads\/2025\/03\/hydraulic-cylinder-8-480x271.webp 480w\" sizes=\"(min-width: 0px) and (max-width: 480px) 480px, (min-width: 481px) 933px, 100vw\" \/><\/p>\n<p class=\"break-words\">Az FMP-n\u00e9l b\u00fcszk\u00e9k vagyunk a legmodernebb gy\u00e1rt\u00f3\u00fczemeinkre, amelyek prec\u00edzi\u00f3s g\u00e9pekkel \u00e9s fejlett vizsg\u00e1l\u00f3rendszerekkel vannak felszerelve. Gy\u00e1rt\u00e1si folyamataink szigor\u00fa nemzeti \u00e9s nemzetk\u00f6zi szabv\u00e1nyoknak felelnek meg, biztos\u00edtva, hogy minden egyes hidraulikus henger, amely elhagyja gy\u00e1runkat, kiv\u00e1l\u00f3 min\u0151s\u00e9g\u0171 \u00e9s megb\u00edzhat\u00f3 legyen. K\u00e9pzett m\u0171szaki csapatunk a legmodernebb berendez\u00e9sekkel p\u00e1rosulva lehet\u0151v\u00e9 teszi sz\u00e1munkra, hogy szigor\u00fa min\u0151s\u00e9gellen\u0151rz\u00e9st tartsunk fenn a gy\u00e1rt\u00e1s minden szakasz\u00e1ban \u2013 az alapanyagok kiv\u00e1laszt\u00e1s\u00e1t\u00f3l a v\u00e9gs\u0151 ellen\u0151rz\u00e9sig. Ez a kiv\u00e1l\u00f3s\u00e1g ir\u00e1nti elk\u00f6telezetts\u00e9g tan\u00fas\u00edtv\u00e1nyokat \u00e9s elismer\u00e9st szerzett nek\u00fcnk az ipar\u00e1gi hat\u00f3s\u00e1gokt\u00f3l, tov\u00e1bb er\u0151s\u00edtve megb\u00edzhat\u00f3 partnerk\u00e9nt szerzett h\u00edrnev\u00fcnket.<\/p>\n<p class=\"break-words\">K\u00fcldet\u00e9s\u00fcnk egyszer\u0171, m\u00e9gis ambici\u00f3zus: olyan hidraulikus hengereket biztos\u00edtani \u00fcgyfeleinknek, amelyek teljes\u00edtm\u00e9ny, tart\u00f3ss\u00e1g \u00e9s \u00e9rt\u00e9k tekintet\u00e9ben fel\u00fclm\u00falj\u00e1k az elv\u00e1r\u00e1sokat. A professzionalizmus, a feddhetetlens\u00e9g \u00e9s az \u00fcgyf\u00e9lk\u00f6zpont\u00fas\u00e1g vez\u00e9relvei szerint m\u0171k\u00f6d\u00fcnk. Az innov\u00e1ci\u00f3 \u00e9s a precizit\u00e1s kult\u00far\u00e1j\u00e1nak \u00e1pol\u00e1s\u00e1val folyamatosan finom\u00edtjuk term\u00e9keinket, hogy meg\u0151rizz\u00fck el\u0151ny\u00fcnket a versenyk\u00e9pes piacon. \u00c1tfog\u00f3 term\u00e9kk\u00edn\u00e1latunk \u00e9s a szem\u00e9lyre szabott megold\u00e1sok k\u00edn\u00e1l\u00e1s\u00e1nak k\u00e9pess\u00e9ge tesz minket a nagy teljes\u00edtm\u00e9ny\u0171 hidraulikus hengereket keres\u0151 v\u00e1llalkoz\u00e1sok els\u0151 sz\u00e1m\u00fa v\u00e1laszt\u00e1s\u00e1v\u00e1.<\/p>\n<p class=\"break-words\">Az FMP t\u00f6bb mint egy gy\u00e1rt\u00f3 \u2013 partnerek vagyunk a siker\u00e9ben. Meg\u00e9rtj\u00fck, hogy \u00fcgyfeleink olyan szersz\u00e1mok sz\u00e1ll\u00edt\u00e1s\u00e1ban b\u00edznak benn\u00fcnk, amelyek n\u00f6velik termel\u00e9kenys\u00e9g\u00fcket \u00e9s biztons\u00e1gukat. Ez\u00e9rt elk\u00f6telezettek vagyunk nemcsak a legjobb min\u0151s\u00e9g\u0171 term\u00e9kek, hanem a kiv\u00e9teles szolg\u00e1ltat\u00e1s ny\u00fajt\u00e1sa ir\u00e1nt is. A kezdeti konzult\u00e1ci\u00f3t\u00f3l az \u00e9rt\u00e9kes\u00edt\u00e9s ut\u00e1ni t\u00e1mogat\u00e1sig szorosan egy\u00fcttm\u0171k\u00f6d\u00fcnk \u00fcgyfeleinkkel annak biztos\u00edt\u00e1sa \u00e9rdek\u00e9ben, hogy ig\u00e9nyeiket professzionalizmussal \u00e9s gondoss\u00e1ggal el\u00e9g\u00edts\u00fck ki. Versenyk\u00e9pes \u00e1raink, p\u00e1rosulva a min\u0151s\u00e9g ir\u00e1nti rend\u00edthetetlen elk\u00f6telezetts\u00e9g\u00fcnkkel, teszik az FMP-t okos v\u00e1laszt\u00e1ss\u00e1 azoknak a v\u00e1llalatoknak, amelyek megb\u00edzhat\u00f3 hidraulikus megold\u00e1sokba szeretn\u00e9nek befektetni.<\/p>\n<h2>GYIK<\/h2>\n<dl>\n<dt>K: Kereskedelmi v\u00e1llalat vagy gy\u00e1rt\u00f3?<\/dt>\n<dd>V: Gy\u00e1rt\u00f3 vagyunk.<\/dd>\n<dt>K: Mennyi a sz\u00e1ll\u00edt\u00e1si id\u0151?<\/dt>\n<dd>V: \u00c1ltal\u00e1ban 25-35 nap.<\/dd>\n<dt>K: Biztos\u00edtanak mint\u00e1kat? Ingyenesek vagy k\u00fcl\u00f6n kaphat\u00f3k?<\/dt>\n<dd>V: Igen, felaj\u00e1nlhatn\u00e1nk a mint\u00e1t, de ez nem ingyenes.<\/dd>\n<\/dl>","protected":false},"excerpt":{"rendered":"<p>Factory Price Small Dump Truck Hydraulic Cylinder Telescopic Hydraulic Cylinder For Sale The multi-stage hydraulic cylinder is a new product for 2025, which offers exceptional performance for small dump trucks, machinery repair shops, farms, energy and mining, machinery manufacturing, and machinery factories. Made from sturdy steel, this hydraulic cylinder is designed to withstand high thrust [&hellip;]<\/p>","protected":false},"featured_media":6682,"comment_status":"closed","ping_status":"closed","template":"","meta":{"_et_pb_use_builder":"","_et_pb_old_content":"","_et_gb_content_width":""},"product_brand":[],"product_cat":[103],"product_tag":[34,105],"class_list":{"0":"post-6526","1":"product","2":"type-product","3":"status-publish","4":"has-post-thumbnail","6":"product_cat-telescopic-hydraulic-cylinders","7":"product_tag-hydraulic-cylinder","8":"product_tag-telescopic-hydraulic-cylinders","10":"first","11":"instock","12":"product-type-simple"},"_links":{"self":[{"href":"https:\/\/fmp-components.com\/hu\/wp-json\/wp\/v2\/product\/6526","targetHints":{"allow":["GET"]}}],"collection":[{"href":"https:\/\/fmp-components.com\/hu\/wp-json\/wp\/v2\/product"}],"about":[{"href":"https:\/\/fmp-components.com\/hu\/wp-json\/wp\/v2\/types\/product"}],"replies":[{"embeddable":true,"href":"https:\/\/fmp-components.com\/hu\/wp-json\/wp\/v2\/comments?post=6526"}],"wp:featuredmedia":[{"embeddable":true,"href":"https:\/\/fmp-components.com\/hu\/wp-json\/wp\/v2\/media\/6682"}],"wp:attachment":[{"href":"https:\/\/fmp-components.com\/hu\/wp-json\/wp\/v2\/media?parent=6526"}],"wp:term":[{"taxonomy":"product_brand","embeddable":true,"href":"https:\/\/fmp-components.com\/hu\/wp-json\/wp\/v2\/product_brand?post=6526"},{"taxonomy":"product_cat","embeddable":true,"href":"https:\/\/fmp-components.com\/hu\/wp-json\/wp\/v2\/product_cat?post=6526"},{"taxonomy":"product_tag","embeddable":true,"href":"https:\/\/fmp-components.com\/hu\/wp-json\/wp\/v2\/product_tag?post=6526"}],"curies":[{"name":"munkaf\u00fczet","href":"https:\/\/api.w.org\/{rel}","templated":true}]}}