{"id":6525,"date":"2025-03-11T06:26:57","date_gmt":"2025-03-11T06:26:57","guid":{"rendered":"https:\/\/fmp-components.com\/product\/chinese-factory-dump-trailer-hydraulic-cylinders-multistage-hydraulic-cylinder-for-sale"},"modified":"2025-03-18T02:13:23","modified_gmt":"2025-03-18T02:13:23","slug":"italian-factory-dump-trailer-hydraulic-cylinders-multistage-hydraulic-cylinder-for-sale","status":"publish","type":"product","link":"https:\/\/fmp-components.com\/hu\/product\/italian-factory-dump-trailer-hydraulic-cylinders-multistage-hydraulic-cylinder-for-sale\/","title":{"rendered":"Olasz gy\u00e1ri d\u00f6mper p\u00f3tkocsi hidraulikus hengerek t\u00f6bbfokozat\u00fa hidraulikus henger elad\u00f3"},"content":{"rendered":"<h2>Olasz gy\u00e1ri d\u00f6mper p\u00f3tkocsi hidraulikus hengerek t\u00f6bbfokozat\u00fa hidraulikus henger elad\u00f3<\/h2>\n<p>Fedezze fel t\u00f6bbfokozat\u00fa hidraulikus hengereink erej\u00e9t. Ezek a rendk\u00edv\u00fcl hat\u00e9kony \u00e9s megb\u00edzhat\u00f3 hengerek nagy ig\u00e9nybev\u00e9tel\u0171 alkalmaz\u00e1sokhoz k\u00e9sz\u00fcltek, kiv\u00e1l\u00f3 teljes\u00edtm\u00e9nyt ny\u00fajtanak sz\u00e1mos ipar\u00e1gban, bele\u00e9rtve a g\u00e9pjav\u00edt\u00f3 m\u0171helyeket, a mez\u0151gazdas\u00e1got, az energetikai \u00e9s b\u00e1ny\u00e1szatot, valamint a g\u00e9pgy\u00e1rt\u00e1st. Hidraulikus hengereink prec\u00edzen k\u00e9sz\u00fclnek, biztos\u00edtva a kiv\u00e1l\u00f3 funkcionalit\u00e1st \u00e9s tart\u00f3ss\u00e1got. Maxim\u00e1lis 3000 tol\u00f3er\u0151vel \u00e9s maxim\u00e1lis 20 tonn\u00e1s h\u00faz\u00f3er\u0151vel val\u00f3ban tart\u00f3sak.<\/p>\n<h3>Term\u00e9kspecifik\u00e1ci\u00f3k<\/h3>\n<table style=\"width: 101.086%;\" border=\"\">\n<tbody>\n<tr>\n<td style=\"width: 43.5028%;\"><b>Furatm\u00e9ret<\/b><\/td>\n<td style=\"width: 490.96%;\">2-6 h\u00fcvelyk<\/td>\n<\/tr>\n<tr>\n<td style=\"width: 43.5028%;\"><b>R\u00fad m\u00e9rete<\/b><\/td>\n<td style=\"width: 490.96%;\">1,125-4 h\u00fcvelyk<\/td>\n<\/tr>\n<tr>\n<td style=\"width: 43.5028%;\"><b>Ecsetvon\u00e1s m\u00e9rete<\/b><\/td>\n<td style=\"width: 490.96%;\">4-100 h\u00fcvelyk<\/td>\n<\/tr>\n<tr>\n<td style=\"width: 43.5028%;\"><b>Cs\u00edp\u0151m\u00e9ret<\/b><\/td>\n<td style=\"width: 490.96%;\">0,5-2 h\u00fcvelyk<\/td>\n<\/tr>\n<tr>\n<td style=\"width: 43.5028%;\"><b>kik\u00f6t\u0151k<\/b><\/td>\n<td style=\"width: 490.96%;\">G\/SAE\/NPT\/M<\/td>\n<\/tr>\n<\/tbody>\n<\/table>\n<h3>Egyedi tulajdons\u00e1gok \u00e9s el\u0151ny\u00f6k<\/h3>\n<ul>\n<li>Energiatakar\u00e9kos<\/li>\n<li>Nagy teljes\u00edtm\u00e9ny\u0171<\/li>\n<li>Biztons\u00e1g garant\u00e1lt<\/li>\n<\/ul>\n<h3>A hidraulikus rendszer \u00e9s m\u0171k\u00f6d\u00e9si elv\u00e9nek meg\u00e9rt\u00e9se<\/h3>\n<p>A hidraulikus rendszerek n\u00e9lk\u00fcl\u00f6zhetetlenek sz\u00e1mos ipar\u00e1gban, els\u0151sorban a nagy teljes\u00edtm\u00e9nytermel\u00e9sre val\u00f3 figyelemre m\u00e9lt\u00f3 k\u00e9pess\u00e9g\u00fck \u00e9s a magas szint\u0171 szab\u00e1lyoz\u00e1s miatt. Ezek a rendszerek a folyad\u00e9kmechanika elveit alkalmazz\u00e1k az er\u0151 \u00e1tvitel\u00e9re \u00e9s feler\u0151s\u00edt\u00e9s\u00e9re, \u00edgy ide\u00e1lisak olyan alkalmaz\u00e1sokhoz, amelyek prec\u00edz mozg\u00e1st \u00e9s jelent\u0151s emel\u0151k\u00e9pess\u00e9get ig\u00e9nyelnek. A hidraulikus rendszerek kulcsfontoss\u00e1g\u00fa eleme a t\u00f6bbfokozat\u00fa hidraulikus henger, amely a hidraulikus energi\u00e1t mechanikai mozg\u00e1ss\u00e1 alak\u00edtja. Ez az \u00e1talak\u00edt\u00e1si folyamat egy er\u0151teljes er\u0151t gener\u00e1l, amely sz\u00e1mos alkalmaz\u00e1shoz hasznos\u00edthat\u00f3, a neh\u00e9z terhek emel\u00e9s\u00e9t\u0151l a g\u00e9pek pontos pozicion\u00e1l\u00e1s\u00e1ig. Ezeknek a hengereknek a kialak\u00edt\u00e1sa lehet\u0151v\u00e9 teszi a hat\u00e9kony m\u0171k\u00f6d\u00e9st k\u00fcl\u00f6nb\u00f6z\u0151 nyom\u00e1sszinteken, biztos\u00edtva, hogy megb\u00edzhat\u00f3an m\u0171k\u00f6djenek k\u00fcl\u00f6nb\u00f6z\u0151 k\u00f6r\u00fclm\u00e9nyek k\u00f6z\u00f6tt.<\/p>\n<p><img loading=\"lazy\" decoding=\"async\" class=\"alignnone wp-image-6659\" src=\"https:\/\/fmp-components.com\/wp-content\/uploads\/2025\/03\/telescopic-hydraulic-cylinder-12.webp\" alt=\"teleszk\u00f3pos hidraulikus henger\" width=\"953\" height=\"953\" title=\"\" srcset=\"https:\/\/fmp-components.com\/wp-content\/uploads\/2025\/03\/telescopic-hydraulic-cylinder-12.webp 953w, https:\/\/fmp-components.com\/wp-content\/uploads\/2025\/03\/telescopic-hydraulic-cylinder-12-480x480.webp 480w\" sizes=\"(min-width: 0px) and (max-width: 480px) 480px, (min-width: 481px) 953px, 100vw\" \/><\/p>\n<h3>Hidraulikus henger alkalmaz\u00e1sai<\/h3>\n<p>Hidraulikus hengereink hihetetlen\u00fcl sokoldal\u00faak \u00e9s sz\u00e9les k\u00f6rben alkalmazhat\u00f3k. A g\u00e9piparban elengedhetetlenek az er\u0151s \u00e9s kontroll\u00e1lt mozg\u00e1sokat ig\u00e9nyl\u0151 berendez\u00e9sek, p\u00e9ld\u00e1ul pr\u00e9sek, emel\u0151k \u00e9s sz\u00e1ll\u00edt\u00f3szalagok m\u0171k\u00f6dtet\u00e9s\u00e9hez. Az \u00e9p\u00edt\u0151iparban ezek a hengerek megk\u00f6nny\u00edtik a daruk, kotr\u00f3g\u00e9pek \u00e9s m\u00e1s neh\u00e9zg\u00e9pek m\u0171k\u00f6dtet\u00e9s\u00e9t, lehet\u0151v\u00e9 t\u00e9ve a nagyobb anyagok k\u00f6nny\u0171 emel\u00e9s\u00e9t \u00e9s mozgat\u00e1s\u00e1t. Ezenk\u00edv\u00fcl a mez\u0151gazdas\u00e1gban a hidraulikus hengerek olyan berendez\u00e9seket hajtanak meg, mint a traktorok \u00e9s a betakar\u00edt\u00f3g\u00e9pek, lehet\u0151v\u00e9 t\u00e9ve a hat\u00e9kony mez\u0151gazdas\u00e1gi m\u0171veleteket, amelyek n\u00f6velik a termel\u00e9kenys\u00e9get.<\/p>\n<p>Robusztus konstrukci\u00f3juk \u00e9s hat\u00e9kony m\u0171k\u00f6d\u00e9s\u00fck \u00e9rt\u00e9kes eszk\u00f6zz\u00e9 teszi a hidraulikus hengereket minden olyan ipar\u00e1gban, amely er\u0151teljes mozg\u00e1st \u00e9s prec\u00edz vez\u00e9rl\u00e9st ig\u00e9nyel. Ak\u00e1r gy\u00e1rt\u00e1sban, ak\u00e1r sz\u00e1ll\u00edt\u00e1sban, ak\u00e1r energiaszektorban haszn\u00e1lj\u00e1k \u0151ket, ezek a hengerek fokozz\u00e1k a m\u0171k\u00f6d\u00e9si hat\u00e9konys\u00e1got \u00e9s eredm\u00e9nyess\u00e9get, seg\u00edtve a v\u00e1llalkoz\u00e1sokat c\u00e9ljaik el\u00e9r\u00e9s\u00e9ben, mik\u00f6zben fenntartj\u00e1k a biztons\u00e1got \u00e9s a megb\u00edzhat\u00f3s\u00e1got. Hidraulikus hengereink alkalmazkod\u00f3k\u00e9pess\u00e9ge \u00e9s szil\u00e1rds\u00e1ga biztos\u00edtja, hogy megfeleljenek a k\u00fcl\u00f6nf\u00e9le alkalmaz\u00e1sok sokr\u00e9t\u0171 ig\u00e9nyeinek, \u00edgy n\u00e9lk\u00fcl\u00f6zhetetlen eszk\u00f6zz\u00e9 v\u00e1lnak a modern ipari m\u0171veletekben.<\/p>\n<h3>Az FMP-r\u0151l<\/h3>\n<p class=\"break-words\">Az FMP egy vezet\u0151 olasz gy\u00e1rt\u00f3, amely kiv\u00e1l\u00f3 min\u0151s\u00e9g\u0171 hidraulikus hengerek tervez\u00e9s\u00e9re, fejleszt\u00e9s\u00e9re \u00e9s gy\u00e1rt\u00e1s\u00e1ra specializ\u00e1l\u00f3dott. \u00c9vtizedes szak\u00e9rtelemre \u00e9p\u00fcl\u0151 gazdag \u00f6r\u00f6ks\u00e9g\u00fcnkkel b\u00fcszk\u00e9n \u00f6tv\u00f6zz\u00fck az olasz k\u00e9zm\u0171vess\u00e9get a legmodernebb technol\u00f3gi\u00e1val, hogy kiv\u00e9teles hidraulikus megold\u00e1sokat k\u00edn\u00e1ljunk, amelyek a glob\u00e1lis \u00fcgyfeleink sokr\u00e9t\u0171 ig\u00e9nyeit el\u00e9g\u00edtik ki. Az olaszorsz\u00e1gi sz\u00e9khely\u0171, a m\u00e9rn\u00f6ki kiv\u00e1l\u00f3s\u00e1g k\u00f6zpontj\u00e1ban m\u0171k\u00f6d\u0151 FMP megb\u00edzhat\u00f3 n\u00e9v a hidraulikus iparban, elk\u00f6telezett amellett, hogy megb\u00edzhat\u00f3, tart\u00f3s \u00e9s innovat\u00edv term\u00e9keket k\u00edn\u00e1ljon, amelyek vil\u00e1gszerte lend\u00fcletet adnak a v\u00e1llalkoz\u00e1soknak.<\/p>\n<p class=\"break-words\">C\u00e9g\u00fcnk a fejlett gy\u00e1rt\u00e1si hagyom\u00e1nyok legjav\u00e1t \u00f6tv\u00f6zi az el\u0151remutat\u00f3 megk\u00f6zel\u00edt\u00e9ssel. A hidraulikus rendszerek ter\u00e9n szerzett sok\u00e9ves tapasztalat\u00e1ra \u00e9p\u00edtve az FMP egy modern v\u00e1llalkoz\u00e1ss\u00e1 fejl\u0151d\u00f6tt, amely kiemelked\u0151 a kutat\u00e1s, a tervez\u00e9s \u00e9s a gy\u00e1rt\u00e1s ter\u00e9n. Sz\u00e9les hidraulikus hengerv\u00e1laszt\u00e9kra specializ\u00e1l\u00f3dtunk, bele\u00e9rtve a kett\u0151s m\u0171k\u00f6d\u00e9s\u0171 hengereket, az aut\u00f3ipari emel\u0151hengereket, a mez\u0151gazdas\u00e1gi g\u00e9pek hengereit \u00e9s az egyedi tervez\u00e9s\u0171 megold\u00e1sokat k\u00fcl\u00f6nf\u00e9le ipari alkalmaz\u00e1sokhoz. Legyen sz\u00f3 \u00e9p\u00edt\u0151iparr\u00f3l, ipari telep\u00edt\u00e9sekr\u0151l, mez\u0151gazdas\u00e1gr\u00f3l vagy neh\u00e9zg\u00e9pekr\u0151l, hidraulikus hengereinket a legnehezebb k\u00f6r\u00fclm\u00e9nyek k\u00f6z\u00f6tt is k\u00e9pesek teljes\u00edteni, biztos\u00edtva a biztons\u00e1got, a hat\u00e9konys\u00e1got \u00e9s a hossz\u00fa \u00e9lettartamot.<\/p>\n<p><img loading=\"lazy\" decoding=\"async\" class=\"alignnone size-full wp-image-6720\" src=\"https:\/\/fmp-components.com\/wp-content\/uploads\/2025\/03\/hydraulic-cylinder-8.webp\" alt=\"Teleszk\u00f3pos hidraulikus hengerek\" width=\"933\" height=\"526\" title=\"\" srcset=\"https:\/\/fmp-components.com\/wp-content\/uploads\/2025\/03\/hydraulic-cylinder-8.webp 933w, https:\/\/fmp-components.com\/wp-content\/uploads\/2025\/03\/hydraulic-cylinder-8-480x271.webp 480w\" sizes=\"(min-width: 0px) and (max-width: 480px) 480px, (min-width: 481px) 933px, 100vw\" \/><\/p>\n<p class=\"break-words\">Az FMP-n\u00e9l b\u00fcszk\u00e9k vagyunk a legmodernebb gy\u00e1rt\u00f3\u00fczemeinkre, amelyek prec\u00edzi\u00f3s g\u00e9pekkel \u00e9s fejlett vizsg\u00e1l\u00f3rendszerekkel vannak felszerelve. Gy\u00e1rt\u00e1si folyamataink szigor\u00fa nemzeti \u00e9s nemzetk\u00f6zi szabv\u00e1nyoknak felelnek meg, biztos\u00edtva, hogy minden egyes hidraulikus henger, amely elhagyja gy\u00e1runkat, kiv\u00e1l\u00f3 min\u0151s\u00e9g\u0171 \u00e9s megb\u00edzhat\u00f3 legyen. K\u00e9pzett m\u0171szaki csapatunk a legmodernebb berendez\u00e9sekkel p\u00e1rosulva lehet\u0151v\u00e9 teszi sz\u00e1munkra, hogy szigor\u00fa min\u0151s\u00e9gellen\u0151rz\u00e9st tartsunk fenn a gy\u00e1rt\u00e1s minden szakasz\u00e1ban \u2013 az alapanyagok kiv\u00e1laszt\u00e1s\u00e1t\u00f3l a v\u00e9gs\u0151 ellen\u0151rz\u00e9sig. Ez a kiv\u00e1l\u00f3s\u00e1g ir\u00e1nti elk\u00f6telezetts\u00e9g tan\u00fas\u00edtv\u00e1nyokat \u00e9s elismer\u00e9st szerzett nek\u00fcnk az ipar\u00e1gi hat\u00f3s\u00e1gokt\u00f3l, tov\u00e1bb er\u0151s\u00edtve megb\u00edzhat\u00f3 partnerk\u00e9nt szerzett h\u00edrnev\u00fcnket.<\/p>\n<p class=\"break-words\">K\u00fcldet\u00e9s\u00fcnk egyszer\u0171, m\u00e9gis ambici\u00f3zus: olyan hidraulikus hengereket biztos\u00edtani \u00fcgyfeleinknek, amelyek teljes\u00edtm\u00e9ny, tart\u00f3ss\u00e1g \u00e9s \u00e9rt\u00e9k tekintet\u00e9ben fel\u00fclm\u00falj\u00e1k az elv\u00e1r\u00e1sokat. A professzionalizmus, a feddhetetlens\u00e9g \u00e9s az \u00fcgyf\u00e9lk\u00f6zpont\u00fas\u00e1g vez\u00e9relvei szerint m\u0171k\u00f6d\u00fcnk. Az innov\u00e1ci\u00f3 \u00e9s a precizit\u00e1s kult\u00far\u00e1j\u00e1nak \u00e1pol\u00e1s\u00e1val folyamatosan finom\u00edtjuk term\u00e9keinket, hogy meg\u0151rizz\u00fck el\u0151ny\u00fcnket a versenyk\u00e9pes piacon. \u00c1tfog\u00f3 term\u00e9kk\u00edn\u00e1latunk \u00e9s a szem\u00e9lyre szabott megold\u00e1sok k\u00edn\u00e1l\u00e1s\u00e1nak k\u00e9pess\u00e9ge tesz minket a nagy teljes\u00edtm\u00e9ny\u0171 hidraulikus hengereket keres\u0151 v\u00e1llalkoz\u00e1sok els\u0151 sz\u00e1m\u00fa v\u00e1laszt\u00e1s\u00e1v\u00e1.<\/p>\n<p class=\"break-words\">Az FMP t\u00f6bb mint egy gy\u00e1rt\u00f3 \u2013 partnerek vagyunk a siker\u00e9ben. Meg\u00e9rtj\u00fck, hogy \u00fcgyfeleink olyan szersz\u00e1mok sz\u00e1ll\u00edt\u00e1s\u00e1ban b\u00edznak benn\u00fcnk, amelyek n\u00f6velik termel\u00e9kenys\u00e9g\u00fcket \u00e9s biztons\u00e1gukat. Ez\u00e9rt elk\u00f6telezettek vagyunk nemcsak a legjobb min\u0151s\u00e9g\u0171 term\u00e9kek, hanem a kiv\u00e9teles szolg\u00e1ltat\u00e1s ny\u00fajt\u00e1sa ir\u00e1nt is. A kezdeti konzult\u00e1ci\u00f3t\u00f3l az \u00e9rt\u00e9kes\u00edt\u00e9s ut\u00e1ni t\u00e1mogat\u00e1sig szorosan egy\u00fcttm\u0171k\u00f6d\u00fcnk \u00fcgyfeleinkkel annak biztos\u00edt\u00e1sa \u00e9rdek\u00e9ben, hogy ig\u00e9nyeiket professzionalizmussal \u00e9s gondoss\u00e1ggal el\u00e9g\u00edts\u00fck ki. Versenyk\u00e9pes \u00e1raink, p\u00e1rosulva a min\u0151s\u00e9g ir\u00e1nti rend\u00edthetetlen elk\u00f6telezetts\u00e9g\u00fcnkkel, teszik az FMP-t okos v\u00e1laszt\u00e1ss\u00e1 azoknak a v\u00e1llalatoknak, amelyek megb\u00edzhat\u00f3 hidraulikus megold\u00e1sokba szeretn\u00e9nek befektetni.<\/p>\n<h2>Gyakran ism\u00e9telt k\u00e9rd\u00e9sek<\/h2>\n<p><b>K: Kereskedelmi v\u00e1llalat vagy gy\u00e1rt\u00f3?<\/b><br \/>\nV: Gy\u00e1rt\u00f3 vagyunk.<\/p>\n<p><b>K: Mennyi a sz\u00e1ll\u00edt\u00e1si id\u0151?<\/b><br \/>\nV: \u00c1ltal\u00e1ban 25-35 nap.<\/p>\n<p><b>K: Biztos\u00edtanak mint\u00e1kat? Ingyenes vagy k\u00fcl\u00f6n fizetend\u0151?<\/b><br \/>\nV: Igen, biztos\u00edtunk mint\u00e1kat, de ezek nem ingyenesek.<\/p>\n<p><img loading=\"lazy\" decoding=\"async\" class=\"alignnone size-full wp-image-6660\" src=\"https:\/\/fmp-components.com\/wp-content\/uploads\/2025\/03\/hydraulic-cylinder-workshop-4.webp\" alt=\"teleszk\u00f3pos hidraulikus henger\" width=\"914\" height=\"733\" title=\"\" srcset=\"https:\/\/fmp-components.com\/wp-content\/uploads\/2025\/03\/hydraulic-cylinder-workshop-4.webp 914w, https:\/\/fmp-components.com\/wp-content\/uploads\/2025\/03\/hydraulic-cylinder-workshop-4-480x385.webp 480w\" sizes=\"(min-width: 0px) and (max-width: 480px) 480px, (min-width: 481px) 914px, 100vw\" \/><\/p>","protected":false},"excerpt":{"rendered":"<p>Italian Factory Dump Trailer Hydraulic Cylinders Multistage Hydraulic Cylinder For Sale Discover the power of our multistage hydraulic cylinders. These highly efficient and reliable cylinders are designed for heavy-duty applications, offering excellent performance in a variety of industries including machinery repair shops, farms, energy and mining, and machinery manufacturing. Our hydraulic cylinders are crafted with [&hellip;]<\/p>","protected":false},"featured_media":6686,"comment_status":"closed","ping_status":"closed","template":"","meta":{"_et_pb_use_builder":"","_et_pb_old_content":"","_et_gb_content_width":""},"product_brand":[],"product_cat":[103],"product_tag":[34,105],"class_list":{"0":"post-6525","1":"product","2":"type-product","3":"status-publish","4":"has-post-thumbnail","6":"product_cat-telescopic-hydraulic-cylinders","7":"product_tag-hydraulic-cylinder","8":"product_tag-telescopic-hydraulic-cylinders","10":"first","11":"instock","12":"product-type-simple"},"_links":{"self":[{"href":"https:\/\/fmp-components.com\/hu\/wp-json\/wp\/v2\/product\/6525","targetHints":{"allow":["GET"]}}],"collection":[{"href":"https:\/\/fmp-components.com\/hu\/wp-json\/wp\/v2\/product"}],"about":[{"href":"https:\/\/fmp-components.com\/hu\/wp-json\/wp\/v2\/types\/product"}],"replies":[{"embeddable":true,"href":"https:\/\/fmp-components.com\/hu\/wp-json\/wp\/v2\/comments?post=6525"}],"wp:featuredmedia":[{"embeddable":true,"href":"https:\/\/fmp-components.com\/hu\/wp-json\/wp\/v2\/media\/6686"}],"wp:attachment":[{"href":"https:\/\/fmp-components.com\/hu\/wp-json\/wp\/v2\/media?parent=6525"}],"wp:term":[{"taxonomy":"product_brand","embeddable":true,"href":"https:\/\/fmp-components.com\/hu\/wp-json\/wp\/v2\/product_brand?post=6525"},{"taxonomy":"product_cat","embeddable":true,"href":"https:\/\/fmp-components.com\/hu\/wp-json\/wp\/v2\/product_cat?post=6525"},{"taxonomy":"product_tag","embeddable":true,"href":"https:\/\/fmp-components.com\/hu\/wp-json\/wp\/v2\/product_tag?post=6525"}],"curies":[{"name":"munkaf\u00fczet","href":"https:\/\/api.w.org\/{rel}","templated":true}]}}