{"id":6523,"date":"2025-03-11T06:26:57","date_gmt":"2025-03-11T06:26:57","guid":{"rendered":"https:\/\/fmp-components.com\/product\/chinese-factory-5-stage-telescopic-hydraulic-cylinder-multistage-hydraulic-cylinder"},"modified":"2025-03-18T02:13:27","modified_gmt":"2025-03-18T02:13:27","slug":"italian-factory-5-stage-telescopic-hydraulic-cylinder-multistage-hydraulic-cylinder","status":"publish","type":"product","link":"https:\/\/fmp-components.com\/hu\/product\/italian-factory-5-stage-telescopic-hydraulic-cylinder-multistage-hydraulic-cylinder\/","title":{"rendered":"Olasz gy\u00e1ri 5 fokozat\u00fa teleszk\u00f3pos hidraulikus henger T\u00f6bbfokozat\u00fa hidraulikus henger"},"content":{"rendered":"<h2>Gy\u00e1ri 5 fokozat\u00fa teleszk\u00f3pos hidraulikus henger T\u00f6bbfokozat\u00fa hidraulikus henger<\/h2>\n<p>Bemutatjuk az FMP, egy kiv\u00e1l\u00f3 min\u0151s\u00e9g\u0171 hidraulikus hengereir\u0151l ismert olasz gy\u00e1r 5 fokozat\u00fa teleszk\u00f3pos hidraulikus henger\u00e9t. A t\u00f6k\u00e9letesen elk\u00e9sz\u00edtett, t\u00f6bbfokozat\u00fa hidraulikus henger p\u00e1ratlan hat\u00e9konys\u00e1got \u00e9s teljes\u00edtm\u00e9nyt k\u00edn\u00e1l sz\u00e1mos ipar\u00e1gban, p\u00e9ld\u00e1ul g\u00e9pjav\u00edt\u00f3 m\u0171helyekben, mez\u0151gazdas\u00e1gban, energia- \u00e9s b\u00e1ny\u00e1szatban, g\u00e9pgy\u00e1rt\u00e1sban \u00e9s g\u00e9pgy\u00e1rakban.<\/p>\n<h3>Jellemz\u0151k \u00e9s funkci\u00f3k<\/h3>\n<p>Hidraulikus henger\u00fcnk er\u0151s ac\u00e9l testtel rendelkezik, maxim\u00e1lis tol\u00f3ereje 3000 tonna, h\u00faz\u00f3ereje pedig 20 tonna. A henger ISO9001:2000 tan\u00fas\u00edtv\u00e1nnyal is rendelkezik, \u00edgy biztos\u00edtva a legmagasabb min\u0151s\u00e9get \u00e9s megb\u00edzhat\u00f3s\u00e1got.<\/p>\n<h3>M\u0171szaki adatok<\/h3>\n<table style=\"width: 98.6435%;\" border=\"\">\n<tbody>\n<tr>\n<td style=\"width: 43.5028%;\"><b>Furatm\u00e9ret<\/b><\/td>\n<td style=\"width: 477.966%;\">2-6 h\u00fcvelyk<\/td>\n<\/tr>\n<tr>\n<td style=\"width: 43.5028%;\"><b>R\u00fad m\u00e9rete<\/b><\/td>\n<td style=\"width: 477.966%;\">1,125-4 h\u00fcvelyk<\/td>\n<\/tr>\n<tr>\n<td style=\"width: 43.5028%;\"><b>Ecsetvon\u00e1s m\u00e9rete<\/b><\/td>\n<td style=\"width: 477.966%;\">4-100 h\u00fcvelyk<\/td>\n<\/tr>\n<tr>\n<td style=\"width: 43.5028%;\"><b>Cs\u00edp\u0151m\u00e9ret<\/b><\/td>\n<td style=\"width: 477.966%;\">0,5-2 h\u00fcvelyk<\/td>\n<\/tr>\n<tr>\n<td style=\"width: 43.5028%;\"><b>kik\u00f6t\u0151k<\/b><\/td>\n<td style=\"width: 477.966%;\">G\/SAE\/NPT\/M<\/td>\n<\/tr>\n<\/tbody>\n<\/table>\n<h3>Egyedi el\u0151ny\u00f6k<\/h3>\n<ul>\n<li>Energiatakar\u00e9kos: Hidraulikus henger\u00fcnk optim\u00e1lis teljes\u00edtm\u00e9nyt ny\u00fajt minim\u00e1lis energiafogyaszt\u00e1s mellett.<\/li>\n<li>Rendk\u00edv\u00fcl hat\u00e9kony: A t\u00f6bbl\u00e9pcs\u0151s kialak\u00edt\u00e1s fokozott hat\u00e9konys\u00e1got tesz lehet\u0151v\u00e9 k\u00fcl\u00f6nf\u00e9le alkalmaz\u00e1sokban.<\/li>\n<li>Biztons\u00e1g: A term\u00e9kre 1 \u00e9v garanci\u00e1t v\u00e1llalunk az alapvet\u0151 alkatr\u00e9szekre a felhaszn\u00e1l\u00f3 biztons\u00e1ga \u00e9rdek\u00e9ben.<\/li>\n<\/ul>\n<h2>Hidraulikus rendszer \u00e9s m\u0171k\u00f6d\u00e9si elv<\/h2>\n<p>A hidraulikus rendszer a hidraulikus energia mechanikai mozg\u00e1ss\u00e1 alak\u00edt\u00e1s\u00e1nak alapelv\u00e9n m\u0171k\u00f6dik, amely folyamat nagym\u00e9rt\u00e9kben t\u00e1maszkodik a hidraulikus hengerre. Ez a henger kulcsfontoss\u00e1g\u00fa a nyom\u00e1s alatt l\u00e9v\u0151 folyad\u00e9k er\u0151teljes mozg\u00e1ss\u00e1 alak\u00edt\u00e1s\u00e1ban, lehet\u0151v\u00e9 t\u00e9ve a sz\u00e9les k\u00f6r\u0171 alkalmaz\u00e1sokat a k\u00fcl\u00f6nb\u00f6z\u0151 ipar\u00e1gakban. A hidraulikus henger jelent\u0151s er\u0151 el\u0151\u00e1ll\u00edt\u00e1s\u00e1ra val\u00f3 k\u00e9pess\u00e9ge felbecs\u00fclhetetlen \u00e9rt\u00e9k\u0171v\u00e9 teszi azokn\u00e1l a feladatokn\u00e1l, amelyek prec\u00edz vez\u00e9rl\u00e9st \u00e9s teljes\u00edtm\u00e9nyt ig\u00e9nyelnek.<\/p>\n<p>A hidraulikus hengert kieg\u00e9sz\u00edti a t\u00e1pegys\u00e9g, amely biztos\u00edtja a sz\u00fcks\u00e9ges energi\u00e1t \u00e9s vez\u00e9rl\u0151jeleket a hidraulikus rendszer sz\u00e1m\u00e1ra. Ez az egys\u00e9g gener\u00e1lja \u00e9s szab\u00e1lyozza a hidraulikafolyad\u00e9k nyom\u00e1s\u00e1t, biztos\u00edtva a rendszer hat\u00e9kony \u00e9s eredm\u00e9nyes m\u0171k\u00f6d\u00e9s\u00e9t. A hidraulikus henger \u00e9s a t\u00e1pegys\u00e9g k\u00f6z\u00f6tti harmonikus k\u00f6lcs\u00f6nhat\u00e1s egy robusztus rendszert eredm\u00e9nyez, amely maximaliz\u00e1lja a teljes\u00edtm\u00e9nyt, minimaliz\u00e1lja az energiavesztes\u00e9get \u00e9s n\u00f6veli az \u00e1ltal\u00e1nos termel\u00e9kenys\u00e9get. Egy\u00fcttesen z\u00f6kken\u0151mentes m\u0171k\u00f6d\u00e9st hoznak l\u00e9tre, amely elengedhetetlen a k\u00fcl\u00f6nf\u00e9le mechanikai \u00e9s ipari alkalmaz\u00e1sokhoz.<\/p>\n<p><img loading=\"lazy\" decoding=\"async\" class=\"alignnone wp-image-6662\" src=\"https:\/\/fmp-components.com\/wp-content\/uploads\/2025\/03\/telescopic-hydraulic-cylinder-4.webp\" alt=\"teleszk\u00f3pos hidraulikus henger\" width=\"931\" height=\"931\" title=\"\" srcset=\"https:\/\/fmp-components.com\/wp-content\/uploads\/2025\/03\/telescopic-hydraulic-cylinder-4.webp 931w, https:\/\/fmp-components.com\/wp-content\/uploads\/2025\/03\/telescopic-hydraulic-cylinder-4-480x480.webp 480w\" sizes=\"(min-width: 0px) and (max-width: 480px) 480px, (min-width: 481px) 931px, 100vw\" \/><\/p>\n<h2>Alkalmaz\u00e1s<\/h2>\n<p>Hidraulikus hengereink t\u00f6k\u00e9letesen alkalmasak k\u00fcl\u00f6nf\u00e9le alkalmaz\u00e1sokhoz, \u00edgy ide\u00e1lis v\u00e1laszt\u00e1st jelentenek olyan ipar\u00e1gak sz\u00e1m\u00e1ra, mint a g\u00e9pjav\u00edt\u00f3 m\u0171helyek, mez\u0151gazdas\u00e1gi \u00fczemek, energia- \u00e9s b\u00e1ny\u00e1szat, g\u00e9pgy\u00e1rt\u00e1s \u00e9s g\u00e9pgy\u00e1rak. A g\u00e9pjav\u00edt\u00f3 m\u0171helyekben megk\u00f6nny\u00edtik a neh\u00e9z alkatr\u00e9szek emel\u00e9s\u00e9t \u00e9s man\u0151verez\u00e9s\u00e9t, lehet\u0151v\u00e9 t\u00e9ve a technikusok sz\u00e1m\u00e1ra, hogy biztons\u00e1gosan \u00e9s hat\u00e9konyan v\u00e9gezz\u00e9k el a jav\u00edt\u00e1sokat. Mez\u0151gazdas\u00e1gi k\u00f6rnyezetben ezek a hengerek jav\u00edtj\u00e1k az olyan berendez\u00e9sek, mint a traktorok, funkcionalit\u00e1s\u00e1t, lehet\u0151v\u00e9 t\u00e9ve a hat\u00e9kony anyagmozgat\u00e1st. Az energia- \u00e9s b\u00e1ny\u00e1szati \u200b\u200b\u00e1gazatok profit\u00e1lnak hidraulikus hengereink robusztus teljes\u00edtm\u00e9ny\u00e9b\u0151l, amelyek ellen\u00e1llnak a neh\u00e9z feladatok ig\u00e9nyes k\u00f6r\u00fclm\u00e9nyeinek. Ezenk\u00edv\u00fcl gy\u00e1rt\u00e1si k\u00f6rnyezetben hengereink k\u00fcl\u00f6nf\u00e9le termel\u00e9si folyamatokat t\u00e1mogatnak, biztos\u00edtva a m\u0171veletek z\u00f6kken\u0151mentes \u00e9s hat\u00e9kony m\u0171k\u00f6d\u00e9s\u00e9t.<\/p>\n<p>Megh\u00edvjuk \u00d6nt, hogy l\u00e9pjen be a vil\u00e1gunkba, \u00e9s legyen tan\u00faja term\u00e9keink m\u00f6g\u00f6tt \u00e1ll\u00f3 k\u00e9zm\u0171ves munk\u00e1nak. L\u00e1togasson el VR-gy\u00e1runkba, ahol a gyakorlatban is megismerheti gy\u00e1rt\u00e1si folyamatunkat. Ez a virtu\u00e1lis t\u00fara betekint\u00e9st ny\u00fajt a min\u0151s\u00e9g \u00e9s az innov\u00e1ci\u00f3 ir\u00e1nti elk\u00f6telezetts\u00e9g\u00fcnkbe, \u00e9s bemutatja, hogyan keltj\u00fck \u00e9letre hidraulikus megold\u00e1sainkat.<\/p>\n<h2>Hidraulikus hengerek \u00e9s t\u00e1pegys\u00e9gek<\/h2>\n<p>A hidraulikus hengerek \u00e9s a t\u00e1pegys\u00e9gek minden hidraulikus rendszer szerves r\u00e9sz\u00e9t k\u00e9pezik. Egy\u00fcttm\u0171k\u00f6d\u00e9s\u00fck elengedhetetlen a hidraulikus technol\u00f3gia sz\u00e9les k\u00f6r\u0171 alkalmaz\u00e1s\u00e1hoz az ipari szektorban. Egy\u00fcttesen megb\u00edzhat\u00f3 energiaell\u00e1t\u00e1st \u00e9s vez\u00e9rl\u00e9st biztos\u00edtanak sz\u00e1mos m\u00e9rn\u00f6ki \u00e9s g\u00e9p\u00e9szeti berendez\u00e9s sz\u00e1m\u00e1ra. A hidraulikus henger m\u0171k\u00f6dtet\u0151k\u00e9nt m\u0171k\u00f6dik, a hidraulikus energi\u00e1t mechanikai mozg\u00e1ss\u00e1 alak\u00edtja, m\u00edg a t\u00e1pegys\u00e9g energiaforr\u00e1sk\u00e9nt szolg\u00e1l, biztos\u00edtva a sz\u00fcks\u00e9ges nyom\u00e1st \u00e9s vez\u00e9rl\u0151jeleket.<\/p>\n<p>Az FMP-n\u00e9l sz\u00e1mos t\u00e1pegys\u00e9get is k\u00edn\u00e1lunk elad\u00e1sra, \u00edgy minden hidraulikus ig\u00e9nyre mi vagyunk az \u00d6n \u00e1tfog\u00f3 megold\u00e1sa. Elk\u00f6telezettek vagyunk a kiv\u00e1l\u00f3 min\u0151s\u00e9g\u0171 hidraulikus megold\u00e1sok ir\u00e1nt, \u00edgy mind a hengerek, mind a t\u00e1pegys\u00e9gek tekintet\u00e9ben sz\u00e1m\u00edthat r\u00e1nk, \u00edgy korszer\u0171s\u00edtj\u00fck m\u0171k\u00f6d\u00e9s\u00e9t \u00e9s n\u00f6velj\u00fck termel\u00e9kenys\u00e9g\u00e9t. \u00c1tfog\u00f3 term\u00e9kk\u00edn\u00e1latunkkal elk\u00f6telezettek vagyunk \u00fcgyfeleink k\u00fcl\u00f6nb\u00f6z\u0151 ipar\u00e1gakban jelentkez\u0151, v\u00e1ltozatos ig\u00e9nyeinek kiel\u00e9g\u00edt\u00e9se ir\u00e1nt.<\/p>\n<p><img loading=\"lazy\" decoding=\"async\" class=\"alignnone wp-image-6663\" src=\"https:\/\/fmp-components.com\/wp-content\/uploads\/2025\/03\/telescopic-hydraulic-cylinder-11.webp\" alt=\"teleszk\u00f3pos hidraulikus henger\" width=\"941\" height=\"941\" title=\"\" srcset=\"https:\/\/fmp-components.com\/wp-content\/uploads\/2025\/03\/telescopic-hydraulic-cylinder-11.webp 941w, https:\/\/fmp-components.com\/wp-content\/uploads\/2025\/03\/telescopic-hydraulic-cylinder-11-480x480.webp 480w\" sizes=\"(min-width: 0px) and (max-width: 480px) 480px, (min-width: 481px) 941px, 100vw\" \/><\/p>\n<h2>GYIK<\/h2>\n<p><b>K: Kereskedelmi v\u00e1llalat vagy gy\u00e1rt\u00f3?<\/b><br \/>\nV: Olaszorsz\u00e1gi sz\u00e9khely\u0171 gy\u00e1rt\u00f3 vagyunk.<\/p>\n<p><b>K: Mennyi a hidraulikus hengerek sz\u00e1ll\u00edt\u00e1si ideje?<\/b><br \/>\nV: \u00c1ltal\u00e1ban 25-35 nap.<\/p>\n<p><b>K: Mint\u00e1kat is biztos\u00edtanak?<\/b><br \/>\nV: Igen, biztos\u00edtunk mint\u00e1kat, de ezek nem ingyenesek.<\/p>\n<h3>Az FMP-r\u0151l<\/h3>\n<p>Az FMP egy vezet\u0151 olasz gy\u00e1rt\u00f3, amely a kiv\u00e1l\u00f3 min\u0151s\u00e9g\u0171 hidraulikus hengerek tervez\u00e9s\u00e9ben, fejleszt\u00e9s\u00e9ben \u00e9s gy\u00e1rt\u00e1s\u00e1ban szerzett szak\u00e9rtelm\u00e9r\u0151l ismert. \u00c9vtizedek alatt fel\u00e9p\u00edtett gazdag \u00f6r\u00f6ks\u00e9g\u00fcnkkel a hagyom\u00e1nyos olasz k\u00e9zm\u0171vess\u00e9get a legmodernebb technol\u00f3gi\u00e1val \u00f6tv\u00f6zve kiv\u00e9teles hidraulikus megold\u00e1sokat hozunk l\u00e9tre, amelyek kiel\u00e9g\u00edtik glob\u00e1lis \u00fcgyfeleink sokr\u00e9t\u0171 ig\u00e9nyeit. Az olaszorsz\u00e1gi, a m\u00e9rn\u00f6ki kiv\u00e1l\u00f3s\u00e1g k\u00f6zpontj\u00e1ban tal\u00e1lhat\u00f3 FMP megb\u00edzhat\u00f3 n\u00e9vv\u00e9 v\u00e1lt a hidraulikus iparban, \u00e9s elk\u00f6telezett amellett, hogy megb\u00edzhat\u00f3, tart\u00f3s \u00e9s innovat\u00edv term\u00e9keket sz\u00e1ll\u00edtson, amelyek vil\u00e1gszerte lend\u00fcletet adnak a v\u00e1llalkoz\u00e1soknak.<\/p>\n<p>C\u00e9g\u00fcnk a fejlett gy\u00e1rt\u00e1si hagyom\u00e1nyokat \u00f6tv\u00f6zi a progressz\u00edv gondolkod\u00e1sm\u00f3ddal. A hidraulikus rendszerek ter\u00e9n szerzett sz\u00e9lesk\u00f6r\u0171 tapasztalatainkra \u00e9p\u00edtve az FMP modern v\u00e1llalkoz\u00e1ss\u00e1 alakult, amely kiemelked\u0151 a kutat\u00e1s, a tervez\u00e9s \u00e9s a gy\u00e1rt\u00e1s ter\u00e9n. Hidraulikus hengerek \u00e1tfog\u00f3 v\u00e1laszt\u00e9k\u00e1t k\u00edn\u00e1ljuk, bele\u00e9rtve a kett\u0151s m\u0171k\u00f6d\u00e9s\u0171 hengereket, az aut\u00f3ipari emel\u0151hengereket, a mez\u0151gazdas\u00e1gi g\u00e9pek hengereit \u00e9s a k\u00fcl\u00f6nf\u00e9le ipari alkalmaz\u00e1sokhoz szabott, egyedi tervez\u00e9s\u0171 megold\u00e1sokat. Legyen sz\u00f3 \u00e9p\u00edt\u0151iparr\u00f3l, ipari telep\u00edt\u00e9sekr\u0151l, mez\u0151gazdas\u00e1gr\u00f3l vagy neh\u00e9zg\u00e9pekr\u0151l, hidraulikus hengereinket \u00fagy tervezt\u00fck, hogy a legig\u00e9nyesebb k\u00f6r\u00fclm\u00e9nyek k\u00f6z\u00f6tt is m\u0171k\u00f6djenek, biztos\u00edtva a biztons\u00e1got, a hat\u00e9konys\u00e1got \u00e9s a hossz\u00fa \u00e9lettartamot.<\/p>\n<p>Az FMP-n\u00e9l b\u00fcszk\u00e9k vagyunk a legmodernebb gy\u00e1rt\u00f3\u00fczemeinkre, amelyek prec\u00edzi\u00f3s g\u00e9pekkel \u00e9s fejlett vizsg\u00e1l\u00f3rendszerekkel vannak felszerelve. Gy\u00e1rt\u00e1si folyamataink szigor\u00fa nemzeti \u00e9s nemzetk\u00f6zi szabv\u00e1nyoknak felelnek meg, biztos\u00edtva, hogy minden gy\u00e1rtott hidraulikus henger megfeleljen a legmagasabb min\u0151s\u00e9gi \u00e9s megb\u00edzhat\u00f3s\u00e1gi k\u00f6vetelm\u00e9nyeknek. K\u00e9pzett m\u0171szaki csapatunk a korszer\u0171 berendez\u00e9sekkel egy\u00fctt lehet\u0151v\u00e9 teszi sz\u00e1munkra, hogy szigor\u00fa min\u0151s\u00e9gellen\u0151rz\u00e9st tartsunk fenn a gy\u00e1rt\u00e1s minden szakasz\u00e1ban \u2013 az alapanyagok kiv\u00e1laszt\u00e1s\u00e1t\u00f3l a v\u00e9gs\u0151 ellen\u0151rz\u00e9sig. Ez a kiv\u00e1l\u00f3s\u00e1g ir\u00e1nti elk\u00f6telezetts\u00e9g\u00fcnk tan\u00fas\u00edtv\u00e1nyokat \u00e9s elismer\u00e9seket szerzett nek\u00fcnk az ipar\u00e1gi hat\u00f3s\u00e1gokt\u00f3l, meger\u0151s\u00edtve megb\u00edzhat\u00f3 partnerk\u00e9nt szerzett h\u00edrnev\u00fcnket.<\/p>\n<p><img loading=\"lazy\" decoding=\"async\" class=\"alignnone size-full wp-image-6720\" src=\"https:\/\/fmp-components.com\/wp-content\/uploads\/2025\/03\/hydraulic-cylinder-8.webp\" alt=\"Teleszk\u00f3pos hidraulikus hengerek\" width=\"933\" height=\"526\" title=\"\" srcset=\"https:\/\/fmp-components.com\/wp-content\/uploads\/2025\/03\/hydraulic-cylinder-8.webp 933w, https:\/\/fmp-components.com\/wp-content\/uploads\/2025\/03\/hydraulic-cylinder-8-480x271.webp 480w\" sizes=\"(min-width: 0px) and (max-width: 480px) 480px, (min-width: 481px) 933px, 100vw\" \/><\/p>\n<p>K\u00fcldet\u00e9s\u00fcnk egyszer\u0171, m\u00e9gis ambici\u00f3zus: olyan hidraulikus hengereket biztos\u00edtani \u00fcgyfeleinknek, amelyek teljes\u00edtm\u00e9ny, tart\u00f3ss\u00e1g \u00e9s \u00e9rt\u00e9k tekintet\u00e9ben fel\u00fclm\u00falj\u00e1k az elv\u00e1r\u00e1sokat. A professzionalizmus, a feddhetetlens\u00e9g \u00e9s az \u00fcgyf\u00e9lk\u00f6zpont\u00fas\u00e1g alapelveire \u00e9p\u00edtve m\u0171k\u00f6d\u00fcnk. Az innov\u00e1ci\u00f3 \u00e9s a precizit\u00e1s kult\u00far\u00e1j\u00e1nak \u00e1pol\u00e1s\u00e1val folyamatosan fejlesztj\u00fck term\u00e9keinket, hogy meg\u0151rizz\u00fck versenyel\u0151ny\u00fcnket a piacon. Kiterjedt term\u00e9kk\u00edn\u00e1latunk \u00e9s a szem\u00e9lyre szabott megold\u00e1sok k\u00edn\u00e1l\u00e1s\u00e1nak k\u00e9pess\u00e9ge tesz minket a nagy teljes\u00edtm\u00e9ny\u0171 hidraulikus hengereket keres\u0151 v\u00e1llalkoz\u00e1sok el\u0151nyben r\u00e9szes\u00edtett v\u00e1laszt\u00e1s\u00e1v\u00e1.<\/p>\n<p>Az FMP t\u00f6bb mint egy gy\u00e1rt\u00f3; partnerek vagyunk a siker\u00e9ben. Tudjuk, hogy \u00fcgyfeleink olyan szersz\u00e1mok sz\u00e1ll\u00edt\u00e1s\u00e1ra t\u00e1maszkodnak t\u0151l\u00fcnk, amelyek n\u00f6velik termel\u00e9kenys\u00e9g\u00fcket \u00e9s biztons\u00e1gukat. Ez\u00e9rt elk\u00f6telezettek vagyunk nemcsak a kiv\u00e1l\u00f3 min\u0151s\u00e9g\u0171 term\u00e9kek, hanem a kiv\u00e9teles szolg\u00e1ltat\u00e1s ny\u00fajt\u00e1sa ir\u00e1nt is. A kezdeti konzult\u00e1ci\u00f3t\u00f3l az \u00e9rt\u00e9kes\u00edt\u00e9s ut\u00e1ni t\u00e1mogat\u00e1sig szorosan egy\u00fcttm\u0171k\u00f6d\u00fcnk \u00fcgyfeleinkkel, hogy biztos\u00edtsuk ig\u00e9nyeik professzionalizmussal \u00e9s gondoss\u00e1ggal t\u00f6rt\u00e9n\u0151 kiel\u00e9g\u00edt\u00e9s\u00e9t. Versenyk\u00e9pes \u00e1raink, valamint a min\u0151s\u00e9g ir\u00e1nti rend\u00edthetetlen elk\u00f6telezetts\u00e9g\u00fcnk r\u00e9v\u00e9n az FMP okos v\u00e1laszt\u00e1s azoknak a v\u00e1llalatoknak, amelyek megb\u00edzhat\u00f3 hidraulikus megold\u00e1sokba szeretn\u00e9nek befektetni.<\/p>","protected":false},"excerpt":{"rendered":"<p>Factory 5 Stage Telescopic Hydraulic Cylinder Multistage Hydraulic Cylinder Introducing the 5 Stage Telescopic hydraulic cylinder From FMP, a Italian Factory renowned for its high-quality hydraulic cylinders. Crafted to perfection, this multistage hydraulic cylinder offers unparalleled efficiency and performance in various industries such as machinery repair shops, farms, energy &amp; mining, machinery manufacturing, and machinery [&hellip;]<\/p>","protected":false},"featured_media":6688,"comment_status":"closed","ping_status":"closed","template":"","meta":{"_et_pb_use_builder":"","_et_pb_old_content":"","_et_gb_content_width":""},"product_brand":[],"product_cat":[103],"product_tag":[34,105],"class_list":{"0":"post-6523","1":"product","2":"type-product","3":"status-publish","4":"has-post-thumbnail","6":"product_cat-telescopic-hydraulic-cylinders","7":"product_tag-hydraulic-cylinder","8":"product_tag-telescopic-hydraulic-cylinders","10":"first","11":"instock","12":"product-type-simple"},"_links":{"self":[{"href":"https:\/\/fmp-components.com\/hu\/wp-json\/wp\/v2\/product\/6523","targetHints":{"allow":["GET"]}}],"collection":[{"href":"https:\/\/fmp-components.com\/hu\/wp-json\/wp\/v2\/product"}],"about":[{"href":"https:\/\/fmp-components.com\/hu\/wp-json\/wp\/v2\/types\/product"}],"replies":[{"embeddable":true,"href":"https:\/\/fmp-components.com\/hu\/wp-json\/wp\/v2\/comments?post=6523"}],"wp:featuredmedia":[{"embeddable":true,"href":"https:\/\/fmp-components.com\/hu\/wp-json\/wp\/v2\/media\/6688"}],"wp:attachment":[{"href":"https:\/\/fmp-components.com\/hu\/wp-json\/wp\/v2\/media?parent=6523"}],"wp:term":[{"taxonomy":"product_brand","embeddable":true,"href":"https:\/\/fmp-components.com\/hu\/wp-json\/wp\/v2\/product_brand?post=6523"},{"taxonomy":"product_cat","embeddable":true,"href":"https:\/\/fmp-components.com\/hu\/wp-json\/wp\/v2\/product_cat?post=6523"},{"taxonomy":"product_tag","embeddable":true,"href":"https:\/\/fmp-components.com\/hu\/wp-json\/wp\/v2\/product_tag?post=6523"}],"curies":[{"name":"munkaf\u00fczet","href":"https:\/\/api.w.org\/{rel}","templated":true}]}}