{"id":6522,"date":"2025-03-11T06:26:57","date_gmt":"2025-03-11T06:26:57","guid":{"rendered":"https:\/\/fmp-components.com\/product\/factory-customized-2-stage-hydraulic-cylinder-small-dump-truck-multistage-hydraulic-cylinder"},"modified":"2025-03-12T01:10:20","modified_gmt":"2025-03-12T01:10:20","slug":"factory-customized-2-stage-hydraulic-cylinder-small-dump-truck-multistage-hydraulic-cylinder","status":"publish","type":"product","link":"https:\/\/fmp-components.com\/hu\/product\/factory-customized-2-stage-hydraulic-cylinder-small-dump-truck-multistage-hydraulic-cylinder\/","title":{"rendered":"Gy\u00e1rilag testreszabott k\u00e9tfokozat\u00fa hidraulikus henger kis d\u00f6mper teheraut\u00f3 t\u00f6bbfokozat\u00fa hidraulikus henger"},"content":{"rendered":"<h2>Gy\u00e1rilag testreszabott k\u00e9tfokozat\u00fa hidraulikus henger kis d\u00f6mper teheraut\u00f3 t\u00f6bbfokozat\u00fa hidraulikus henger<\/h2>\n<p>Fedezze fel gy\u00e1rilag testreszabott k\u00e9tfokozat\u00fa hidraulikus henger\u00fcnk figyelemre m\u00e9lt\u00f3 hat\u00e9konys\u00e1g\u00e1t \u00e9s tart\u00f3ss\u00e1g\u00e1t. Kifejezetten kis d\u00f6mperekhez \u00e9s egy\u00e9b g\u00e9pekhez tervezett, t\u00f6bbfokozat\u00fa hidraulikus henger p\u00e1ratlan teljes\u00edtm\u00e9nyt \u00e9s megb\u00edzhat\u00f3s\u00e1got k\u00edn\u00e1l. Ak\u00e1r g\u00e9pjav\u00edt\u00e1sban, mez\u0151gazdas\u00e1gban, energiaiparban \u00e9s b\u00e1ny\u00e1szatban, ak\u00e1r g\u00e9pgy\u00e1rt\u00e1sban dolgozik, hidraulikus henger\u00fcnk fel\u00fclm\u00falja az elv\u00e1r\u00e1sait.<\/p>\n<h2>Term\u00e9kspecifik\u00e1ci\u00f3k<\/h2>\n<p>Hidraulikus hengereink tervez\u00e9s\u00e9be \u00e9s gy\u00e1rt\u00e1si folyamat\u00e1ba sok figyelmet \u00e9s figyelmet fektett\u00fcnk. \u00cdme a legfontosabb param\u00e9terek:<\/p>\n<table style=\"width: 100.555%;\" border=\"\">\n<tbody>\n<tr>\n<td style=\"width: 43.5028%;\"><i>Furatm\u00e9ret:<\/i><\/td>\n<td style=\"width: 488.136%;\">2-6 h\u00fcvelyk<\/td>\n<\/tr>\n<tr>\n<td style=\"width: 43.5028%;\"><i>R\u00fad m\u00e9rete:<\/i><\/td>\n<td style=\"width: 488.136%;\">1,125-4 h\u00fcvelyk<\/td>\n<\/tr>\n<tr>\n<td style=\"width: 43.5028%;\"><i>Ecsetvon\u00e1s m\u00e9rete:<\/i><\/td>\n<td style=\"width: 488.136%;\">4-100 h\u00fcvelyk<\/td>\n<\/tr>\n<tr>\n<td style=\"width: 43.5028%;\"><i>Csapm\u00e9ret:<\/i><\/td>\n<td style=\"width: 488.136%;\">0,5-2 h\u00fcvelyk<\/td>\n<\/tr>\n<tr>\n<td style=\"width: 43.5028%;\"><i>Portok:<\/i><\/td>\n<td style=\"width: 488.136%;\">G\/SAE\/NPT\/M<\/td>\n<\/tr>\n<\/tbody>\n<\/table>\n<h2>Egyedi tulajdons\u00e1gok \u00e9s el\u0151ny\u00f6k<\/h2>\n<p>Hidraulikus hengereink sz\u00e1mos egyedi tulajdons\u00e1ggal rendelkeznek, amelyek megk\u00fcl\u00f6nb\u00f6ztetik \u0151ket a piacon. Az egyik kiemelked\u0151 tulajdons\u00e1guk az energiahat\u00e9konys\u00e1guk, amely biztos\u00edtja a minim\u00e1lis energiapazarl\u00e1st m\u0171k\u00f6d\u00e9s k\u00f6zben, ami alacsonyabb \u00fczemeltet\u00e9si k\u00f6lts\u00e9gekhez \u00e9s kisebb k\u00f6rnyezeti terhel\u00e9shez vezet. Ezenk\u00edv\u00fcl ezeket a hengereket nagy teljes\u00edtm\u00e9nyre tervezt\u00e9k, biztos\u00edtva a sz\u00fcks\u00e9ges er\u0151t \u00e9s sebess\u00e9get m\u00e9g a legig\u00e9nyesebb feladatok prec\u00edz elv\u00e9gz\u00e9s\u00e9hez is. A biztons\u00e1g is kiemelt fontoss\u00e1g\u00fa; hidraulikus hengereink fejlett biztons\u00e1gi mechanizmusokkal vannak felszerelve, amelyek megakad\u00e1lyozz\u00e1k a t\u00falnyom\u00e1st, \u00e9s megb\u00edzhat\u00f3 m\u0171k\u00f6d\u00e9st biztos\u00edtanak k\u00fcl\u00f6nb\u00f6z\u0151 k\u00f6r\u00fclm\u00e9nyek k\u00f6z\u00f6tt.<\/p>\n<p>Ezek a munkahengerek a legmostoh\u00e1bb k\u00f6rnyezeti k\u00f6r\u00fclm\u00e9nyek elvisel\u00e9s\u00e9re k\u00e9sz\u00fcltek, tart\u00f3s anyagokb\u00f3l \u00e9s robusztus konstrukci\u00f3b\u00f3l k\u00e9sz\u00fclnek, amelyek n\u00f6velik \u00e9lettartamukat \u00e9s teljes\u00edtm\u00e9ny\u00fcket. Ak\u00e1r sz\u00e9ls\u0151s\u00e9ges h\u0151m\u00e9rs\u00e9kleteknek, nagy terhel\u00e9seknek vagy zord munkak\u00f6r\u00fclm\u00e9nyeknek vannak kit\u00e9ve, hidraulikus munkahengereink tart\u00f3sak, k\u00f6vetkezetes eredm\u00e9nyeket biztos\u00edtanak \u00e9s minimaliz\u00e1lj\u00e1k az \u00e1ll\u00e1sid\u0151t. Az energiahat\u00e9konys\u00e1g, a nagy teljes\u00edtm\u00e9ny \u00e9s a biztons\u00e1g ezen kombin\u00e1ci\u00f3ja \u00e9rt\u00e9kes befektet\u00e9ss\u00e9 teszi hidraulikus munkahengereinket b\u00e1rmely ipar\u00e1g sz\u00e1m\u00e1ra.<\/p>\n<p><img loading=\"lazy\" decoding=\"async\" class=\"alignnone  wp-image-6665\" src=\"https:\/\/fmp-components.com\/wp-content\/uploads\/2025\/03\/telescopic-hydraulic-cylinder-9.webp\" alt=\"teleszk\u00f3pos hidraulikus henger\" width=\"916\" height=\"916\" title=\"\" srcset=\"https:\/\/fmp-components.com\/wp-content\/uploads\/2025\/03\/telescopic-hydraulic-cylinder-9.webp 916w, https:\/\/fmp-components.com\/wp-content\/uploads\/2025\/03\/telescopic-hydraulic-cylinder-9-480x480.webp 480w\" sizes=\"(min-width: 0px) and (max-width: 480px) 480px, (min-width: 481px) 916px, 100vw\" \/><\/p>\n<h3>Hidraulikus rendszerek \u00e9s m\u0171k\u00f6d\u00e9si elvek<\/h3>\n<p>A hidraulikus rendszerek a folyad\u00e9knyom\u00e1s erej\u00e9nek kihaszn\u00e1l\u00e1s\u00e1n alapulnak. A hidraulikus hengerekben egy dugatty\u00fat a hengerbe pump\u00e1lt hidraulikafolyad\u00e9k nyom\u00e1sa m\u0171k\u00f6dtet. Amikor a folyad\u00e9k bel\u00e9p, nyom\u00e1st gyakorol a dugatty\u00fara, ami mozg\u00e1sra k\u00e9szteti azt. Ez a mozg\u00e1s ezut\u00e1n hat\u00e9konyan \u00e1tker\u00fcl a csatlakoztatott g\u00e9pre, biztos\u00edtva a sz\u00fcks\u00e9ges teljes\u00edtm\u00e9nyt a feladatok sz\u00e9les sk\u00e1l\u00e1j\u00e1nak elv\u00e9gz\u00e9s\u00e9hez. A folyad\u00e9knyom\u00e1s felhaszn\u00e1l\u00e1s\u00e1val a hidraulikus rendszerek jelent\u0151s er\u0151t tudnak gener\u00e1lni, \u00e9s sima, szab\u00e1lyozott mozg\u00e1st tesznek lehet\u0151v\u00e9, \u00edgy elengedhetetlenek az \u00e9p\u00edt\u0151ipari berendez\u00e9sekt\u0151l a gy\u00e1rt\u00e1si folyamatokig terjed\u0151 alkalmaz\u00e1sokban.<\/p>\n<h2>Hidraulikus hengerek \u00e9s t\u00e1pegys\u00e9gek<\/h2>\n<p>A hidraulikus hengerek \u00e9s a t\u00e1pegys\u00e9gek a hidraulikus rendszerek szerves r\u00e9sz\u00e9t k\u00e9pezik, \u00e9s harmonikusan m\u0171k\u00f6dnek, hogy biztos\u00edts\u00e1k a hidraulikus technol\u00f3gia hat\u00e9kony alkalmaz\u00e1s\u00e1t a k\u00fcl\u00f6nb\u00f6z\u0151 ipar\u00e1gakban. A hidraulikus henger m\u0171k\u00f6dtet\u0151k\u00e9nt m\u0171k\u00f6dik, a hidraulikus energi\u00e1t mechanikai mozg\u00e1ss\u00e1 alak\u00edtja, m\u00edg a t\u00e1pegys\u00e9g a rendszer sz\u00edve, amely a henger m\u0171k\u00f6d\u00e9s\u00e9t hajt\u00f3 nyom\u00e1s alatti folyad\u00e9kot sz\u00e1ll\u00edtja. Egy\u00fcttesen megb\u00edzhat\u00f3 energiaell\u00e1t\u00e1st \u00e9s vez\u00e9rl\u00e9si t\u00e1mogat\u00e1st ny\u00fajtanak a k\u00fcl\u00f6nf\u00e9le m\u00e9rn\u00f6ki \u00e9s g\u00e9p\u00e9szeti berendez\u00e9sek sz\u00e1m\u00e1ra.<\/p>\n<p>Az FMP-n\u00e9l felismerj\u00fck, hogy ezek az alkatr\u00e9szek kritikus szerepet j\u00e1tszanak a m\u0171k\u00f6d\u00e9si hat\u00e9konys\u00e1g n\u00f6vel\u00e9s\u00e9ben. Ez\u00e9rt k\u00edn\u00e1lunk \u00e9rt\u00e9kes\u00edt\u00e9sre k\u00fcl\u00f6nf\u00e9le t\u00e1pegys\u00e9geket is, biztos\u00edtva, hogy \u00e1tfog\u00f3 megold\u00e1st tal\u00e1ljon minden hidraulikus rendszerig\u00e9ny\u00e9re. A min\u0151s\u00e9g \u00e9s a teljes\u00edtm\u00e9ny ir\u00e1nti elk\u00f6telezetts\u00e9g\u00fcnk azt jelenti, hogy megb\u00edzhat term\u00e9keinkben, hogy biztos\u00edts\u00e1k a m\u0171k\u00f6d\u00e9s\u00e9hez sz\u00fcks\u00e9ges megb\u00edzhat\u00f3s\u00e1got \u00e9s hat\u00e9konys\u00e1got, f\u00fcggetlen\u00fcl az ipar\u00e1gt\u00f3l vagy az alkalmaz\u00e1st\u00f3l.<\/p>\n<h2>GYIK<\/h2>\n<p><b>K: Kereskedelmi v\u00e1llalat vagy gy\u00e1rt\u00f3?<\/b><br \/>\nV: Mi egy gy\u00e1r vagyunk.<\/p>\n<p><b>K: Mennyi a sz\u00e1ll\u00edt\u00e1si id\u0151?<\/b><br \/>\nV: \u00c1ltal\u00e1ban 25-35 nap.<\/p>\n<p><b>K: Biztos\u00edtanak mint\u00e1kat? Ingyenes vagy k\u00fcl\u00f6n fizetend\u0151?<\/b><br \/>\nV: Igen, felaj\u00e1nlhatn\u00e1nk a mint\u00e1t, de ez nem ingyenes.<\/p>\n<p><img loading=\"lazy\" decoding=\"async\" class=\"alignnone  wp-image-6717\" src=\"https:\/\/fmp-components.com\/wp-content\/uploads\/2025\/03\/hydraulic-cylinder-211.webp\" alt=\"Hidraulikus hengerek\" width=\"910\" height=\"912\" title=\"\" srcset=\"https:\/\/fmp-components.com\/wp-content\/uploads\/2025\/03\/hydraulic-cylinder-211.webp 910w, https:\/\/fmp-components.com\/wp-content\/uploads\/2025\/03\/hydraulic-cylinder-211-480x481.webp 480w\" sizes=\"(min-width: 0px) and (max-width: 480px) 480px, (min-width: 481px) 910px, 100vw\" \/><\/p>\n<h3>Az FMP-r\u0151l<\/h3>\n<p>Az FMP egy vezet\u0151 olasz gy\u00e1rt\u00f3, amely a kiv\u00e1l\u00f3 min\u0151s\u00e9g\u0171 hidraulikus hengerek tervez\u00e9s\u00e9ben, fejleszt\u00e9s\u00e9ben \u00e9s gy\u00e1rt\u00e1s\u00e1ban szerzett szak\u00e9rtelm\u00e9r\u0151l ismert. \u00c9vtizedek alatt fel\u00e9p\u00edtett gazdag \u00f6r\u00f6ks\u00e9g\u00fcnkkel a hagyom\u00e1nyos olasz k\u00e9zm\u0171vess\u00e9get a legmodernebb technol\u00f3gi\u00e1val \u00f6tv\u00f6zve kiv\u00e9teles hidraulikus megold\u00e1sokat hozunk l\u00e9tre, amelyek kiel\u00e9g\u00edtik glob\u00e1lis \u00fcgyfeleink sokr\u00e9t\u0171 ig\u00e9nyeit. Az olaszorsz\u00e1gi, a m\u00e9rn\u00f6ki kiv\u00e1l\u00f3s\u00e1g k\u00f6zpontj\u00e1ban tal\u00e1lhat\u00f3 FMP megb\u00edzhat\u00f3 n\u00e9vv\u00e9 v\u00e1lt a hidraulikus iparban, \u00e9s elk\u00f6telezett amellett, hogy megb\u00edzhat\u00f3, tart\u00f3s \u00e9s innovat\u00edv term\u00e9keket sz\u00e1ll\u00edtson, amelyek vil\u00e1gszerte lend\u00fcletet adnak a v\u00e1llalkoz\u00e1soknak.<\/p>\n<p>C\u00e9g\u00fcnk a fejlett gy\u00e1rt\u00e1si hagyom\u00e1nyokat \u00f6tv\u00f6zi a progressz\u00edv gondolkod\u00e1sm\u00f3ddal. A hidraulikus rendszerek ter\u00e9n szerzett sz\u00e9lesk\u00f6r\u0171 tapasztalatainkra \u00e9p\u00edtve az FMP modern v\u00e1llalkoz\u00e1ss\u00e1 alakult, amely kiemelked\u0151 a kutat\u00e1s, a tervez\u00e9s \u00e9s a gy\u00e1rt\u00e1s ter\u00e9n. Hidraulikus hengerek \u00e1tfog\u00f3 v\u00e1laszt\u00e9k\u00e1t k\u00edn\u00e1ljuk, bele\u00e9rtve a kett\u0151s m\u0171k\u00f6d\u00e9s\u0171 hengereket, az aut\u00f3ipari emel\u0151hengereket, a mez\u0151gazdas\u00e1gi g\u00e9pek hengereit \u00e9s a k\u00fcl\u00f6nf\u00e9le ipari alkalmaz\u00e1sokhoz szabott, egyedi tervez\u00e9s\u0171 megold\u00e1sokat. Legyen sz\u00f3 \u00e9p\u00edt\u0151iparr\u00f3l, ipari telep\u00edt\u00e9sekr\u0151l, mez\u0151gazdas\u00e1gr\u00f3l vagy neh\u00e9zg\u00e9pekr\u0151l, hidraulikus hengereinket \u00fagy tervezt\u00fck, hogy a legig\u00e9nyesebb k\u00f6r\u00fclm\u00e9nyek k\u00f6z\u00f6tt is m\u0171k\u00f6djenek, biztos\u00edtva a biztons\u00e1got, a hat\u00e9konys\u00e1got \u00e9s a hossz\u00fa \u00e9lettartamot.<\/p>\n<p>Az FMP-n\u00e9l b\u00fcszk\u00e9k vagyunk a legmodernebb gy\u00e1rt\u00f3\u00fczemeinkre, amelyek prec\u00edzi\u00f3s g\u00e9pekkel \u00e9s fejlett vizsg\u00e1l\u00f3rendszerekkel vannak felszerelve. Gy\u00e1rt\u00e1si folyamataink szigor\u00fa nemzeti \u00e9s nemzetk\u00f6zi szabv\u00e1nyoknak felelnek meg, biztos\u00edtva, hogy minden gy\u00e1rtott hidraulikus henger megfeleljen a legmagasabb min\u0151s\u00e9gi \u00e9s megb\u00edzhat\u00f3s\u00e1gi k\u00f6vetelm\u00e9nyeknek. K\u00e9pzett m\u0171szaki csapatunk a korszer\u0171 berendez\u00e9sekkel egy\u00fctt lehet\u0151v\u00e9 teszi sz\u00e1munkra, hogy szigor\u00fa min\u0151s\u00e9gellen\u0151rz\u00e9st tartsunk fenn a gy\u00e1rt\u00e1s minden szakasz\u00e1ban \u2013 az alapanyagok kiv\u00e1laszt\u00e1s\u00e1t\u00f3l a v\u00e9gs\u0151 ellen\u0151rz\u00e9sig. Ez a kiv\u00e1l\u00f3s\u00e1g ir\u00e1nti elk\u00f6telezetts\u00e9g\u00fcnk tan\u00fas\u00edtv\u00e1nyokat \u00e9s elismer\u00e9seket szerzett nek\u00fcnk az ipar\u00e1gi hat\u00f3s\u00e1gokt\u00f3l, meger\u0151s\u00edtve megb\u00edzhat\u00f3 partnerk\u00e9nt szerzett h\u00edrnev\u00fcnket.<\/p>\n<p><img loading=\"lazy\" decoding=\"async\" class=\"alignnone size-full wp-image-6720\" src=\"https:\/\/fmp-components.com\/wp-content\/uploads\/2025\/03\/hydraulic-cylinder-8.webp\" alt=\"Teleszk\u00f3pos hidraulikus hengerek\" width=\"933\" height=\"526\" title=\"\" srcset=\"https:\/\/fmp-components.com\/wp-content\/uploads\/2025\/03\/hydraulic-cylinder-8.webp 933w, https:\/\/fmp-components.com\/wp-content\/uploads\/2025\/03\/hydraulic-cylinder-8-480x271.webp 480w\" sizes=\"(min-width: 0px) and (max-width: 480px) 480px, (min-width: 481px) 933px, 100vw\" \/><\/p>\n<p>K\u00fcldet\u00e9s\u00fcnk egyszer\u0171, m\u00e9gis ambici\u00f3zus: olyan hidraulikus hengereket biztos\u00edtani \u00fcgyfeleinknek, amelyek teljes\u00edtm\u00e9ny, tart\u00f3ss\u00e1g \u00e9s \u00e9rt\u00e9k tekintet\u00e9ben fel\u00fclm\u00falj\u00e1k az elv\u00e1r\u00e1sokat. A professzionalizmus, a feddhetetlens\u00e9g \u00e9s az \u00fcgyf\u00e9lk\u00f6zpont\u00fas\u00e1g alapelveire \u00e9p\u00edtve m\u0171k\u00f6d\u00fcnk. Az innov\u00e1ci\u00f3 \u00e9s a precizit\u00e1s kult\u00far\u00e1j\u00e1nak \u00e1pol\u00e1s\u00e1val folyamatosan fejlesztj\u00fck term\u00e9keinket, hogy meg\u0151rizz\u00fck versenyel\u0151ny\u00fcnket a piacon. Kiterjedt term\u00e9kk\u00edn\u00e1latunk \u00e9s a szem\u00e9lyre szabott megold\u00e1sok k\u00edn\u00e1l\u00e1s\u00e1nak k\u00e9pess\u00e9ge tesz minket a nagy teljes\u00edtm\u00e9ny\u0171 hidraulikus hengereket keres\u0151 v\u00e1llalkoz\u00e1sok el\u0151nyben r\u00e9szes\u00edtett v\u00e1laszt\u00e1s\u00e1v\u00e1.<\/p>\n<p>Az FMP t\u00f6bb mint egy gy\u00e1rt\u00f3; partnerek vagyunk a siker\u00e9ben. Tudjuk, hogy \u00fcgyfeleink olyan szersz\u00e1mok sz\u00e1ll\u00edt\u00e1s\u00e1ra t\u00e1maszkodnak t\u0151l\u00fcnk, amelyek n\u00f6velik termel\u00e9kenys\u00e9g\u00fcket \u00e9s biztons\u00e1gukat. Ez\u00e9rt elk\u00f6telezettek vagyunk nemcsak a kiv\u00e1l\u00f3 min\u0151s\u00e9g\u0171 term\u00e9kek, hanem a kiv\u00e9teles szolg\u00e1ltat\u00e1s ny\u00fajt\u00e1sa ir\u00e1nt is. A kezdeti konzult\u00e1ci\u00f3t\u00f3l az \u00e9rt\u00e9kes\u00edt\u00e9s ut\u00e1ni t\u00e1mogat\u00e1sig szorosan egy\u00fcttm\u0171k\u00f6d\u00fcnk \u00fcgyfeleinkkel, hogy biztos\u00edtsuk ig\u00e9nyeik professzionalizmussal \u00e9s gondoss\u00e1ggal t\u00f6rt\u00e9n\u0151 kiel\u00e9g\u00edt\u00e9s\u00e9t. Versenyk\u00e9pes \u00e1raink, valamint a min\u0151s\u00e9g ir\u00e1nti rend\u00edthetetlen elk\u00f6telezetts\u00e9g\u00fcnk r\u00e9v\u00e9n az FMP okos v\u00e1laszt\u00e1s azoknak a v\u00e1llalatoknak, amelyek megb\u00edzhat\u00f3 hidraulikus megold\u00e1sokba szeretn\u00e9nek befektetni.<\/p>","protected":false},"excerpt":{"rendered":"<p>Factory Customized 2 Stage Hydraulic Cylinder Small Dump Truck Multistage Hydraulic Cylinder Discover the remarkable efficiency and durability of our Factory Customized 2 Stage Hydraulic Cylinder. Designed specifically for small dump trucks and other machinery, this multistage hydraulic cylinder offers unmatched performance and reliability. Whether you work in machinery repair, farming, energy &amp; mining, or [&hellip;]<\/p>","protected":false},"featured_media":6690,"comment_status":"closed","ping_status":"closed","template":"","meta":{"_et_pb_use_builder":"","_et_pb_old_content":"","_et_gb_content_width":""},"product_brand":[],"product_cat":[103],"product_tag":[34,105],"class_list":{"0":"post-6522","1":"product","2":"type-product","3":"status-publish","4":"has-post-thumbnail","6":"product_cat-telescopic-hydraulic-cylinders","7":"product_tag-hydraulic-cylinder","8":"product_tag-telescopic-hydraulic-cylinders","10":"first","11":"instock","12":"product-type-simple"},"_links":{"self":[{"href":"https:\/\/fmp-components.com\/hu\/wp-json\/wp\/v2\/product\/6522","targetHints":{"allow":["GET"]}}],"collection":[{"href":"https:\/\/fmp-components.com\/hu\/wp-json\/wp\/v2\/product"}],"about":[{"href":"https:\/\/fmp-components.com\/hu\/wp-json\/wp\/v2\/types\/product"}],"replies":[{"embeddable":true,"href":"https:\/\/fmp-components.com\/hu\/wp-json\/wp\/v2\/comments?post=6522"}],"wp:featuredmedia":[{"embeddable":true,"href":"https:\/\/fmp-components.com\/hu\/wp-json\/wp\/v2\/media\/6690"}],"wp:attachment":[{"href":"https:\/\/fmp-components.com\/hu\/wp-json\/wp\/v2\/media?parent=6522"}],"wp:term":[{"taxonomy":"product_brand","embeddable":true,"href":"https:\/\/fmp-components.com\/hu\/wp-json\/wp\/v2\/product_brand?post=6522"},{"taxonomy":"product_cat","embeddable":true,"href":"https:\/\/fmp-components.com\/hu\/wp-json\/wp\/v2\/product_cat?post=6522"},{"taxonomy":"product_tag","embeddable":true,"href":"https:\/\/fmp-components.com\/hu\/wp-json\/wp\/v2\/product_tag?post=6522"}],"curies":[{"name":"munkaf\u00fczet","href":"https:\/\/api.w.org\/{rel}","templated":true}]}}