{"id":6519,"date":"2025-03-11T06:26:57","date_gmt":"2025-03-11T06:26:57","guid":{"rendered":"https:\/\/fmp-components.com\/product\/quality-manufacturing-small-dump-truck-telescopic-hydraulic-cylinder-for-sale"},"modified":"2025-03-12T01:20:27","modified_gmt":"2025-03-12T01:20:27","slug":"quality-manufacturing-small-dump-truck-telescopic-hydraulic-cylinder-for-sale","status":"publish","type":"product","link":"https:\/\/fmp-components.com\/hu\/product\/quality-manufacturing-small-dump-truck-telescopic-hydraulic-cylinder-for-sale\/","title":{"rendered":"Min\u0151s\u00e9gi gy\u00e1rt\u00e1s\u00fa kis d\u00f6mper teleszk\u00f3pos hidraulikus henger elad\u00f3"},"content":{"rendered":"<h2>Min\u0151s\u00e9gi gy\u00e1rt\u00e1s\u00fa kis d\u00f6mper teleszk\u00f3pos hidraulikus henger elad\u00f3<\/h2>\n<p>Bemutatjuk kiv\u00e1l\u00f3 min\u0151s\u00e9g\u0171, kis d\u00f6mperekhez val\u00f3 teleszk\u00f3pos hidraulikus munkahenger\u00fcnket, amely a legkiv\u00e1l\u00f3bb gy\u00e1rt\u00e1si technik\u00e1kkal k\u00e9sz\u00fclt. Ez a term\u00e9k forradalmi v\u00e1ltoz\u00e1st hoz az ipar\u00e1gban, egy \u00e9v garanci\u00e1t \u00e9s \u00fajszer\u0171 \u00e1llapotot k\u00edn\u00e1l. Min\u0151s\u00e9g\u00e9t az ISO9001:2000 tan\u00fas\u00edtv\u00e1ny garant\u00e1lja.<\/p>\n<h3>Term\u00e9kjellemz\u0151k<\/h3>\n<p>Term\u00e9k\u00fcnk egy t\u00f6bbfokozat\u00fa hidraulikus henger, amely leny\u0171g\u00f6z\u0151, 3000 tonn\u00e1s maxim\u00e1lis tol\u00f3er\u0151vel \u00e9s 20 tonn\u00e1s maxim\u00e1lis h\u00faz\u00f3er\u0151vel b\u00fcszk\u00e9lkedhet. Standard szerkezete egy hidraulikusan meghajtott dugatty\u00fas henger, amely tart\u00f3s ac\u00e9lb\u00f3l k\u00e9sz\u00fclt.<\/p>\n<h3>M\u0171szaki param\u00e9terek<\/h3>\n<table style=\"width: 101.206%;\" border=\"\">\n<tbody>\n<tr>\n<th style=\"width: 16.9576%;\">Furatm\u00e9ret<\/th>\n<th style=\"width: 20.4489%;\">R\u00fad m\u00e9rete<\/th>\n<th style=\"width: 19.9501%;\">Ecsetvon\u00e1s m\u00e9rete<\/th>\n<th style=\"width: 16.4589%;\">Cs\u00edp\u0151m\u00e9ret<\/th>\n<th style=\"width: 156.608%;\">kik\u00f6t\u0151k<\/th>\n<\/tr>\n<tr>\n<td style=\"width: 16.9576%;\">2-6 h\u00fcvelyk<\/td>\n<td style=\"width: 20.4489%;\">1,125-4 h\u00fcvelyk<\/td>\n<td style=\"width: 19.9501%;\">4-100 h\u00fcvelyk<\/td>\n<td style=\"width: 16.4589%;\">0,5-2 h\u00fcvelyk<\/td>\n<td style=\"width: 156.608%;\">G\/SAE\/NPT\/M<\/td>\n<\/tr>\n<\/tbody>\n<\/table>\n<h3>Egyedi el\u0151ny\u00f6k<\/h3>\n<p>Hidraulikus hengereink sz\u00e1mos egyedi el\u0151nnyel t\u0171nnek ki, bele\u00e9rtve a kiv\u00e9teles energiahat\u00e9konys\u00e1got, a nagy teljes\u00edtm\u00e9nyt \u00e9s a robusztus biztons\u00e1gi funkci\u00f3kat. Ezeket a hengereket \u00fagy tervezt\u00fck, hogy minimaliz\u00e1lj\u00e1k az energiafogyaszt\u00e1st, mik\u00f6zben maximaliz\u00e1lj\u00e1k a teljes\u00edtm\u00e9nyt, \u00edgy nemcsak k\u00f6lts\u00e9ghat\u00e9konyak, hanem k\u00f6rnyezetbar\u00e1tak is. Nagy teljes\u00edtm\u00e9ny\u00fck biztos\u00edtja, hogy prec\u00edzen \u00e9s er\u0151teljesen tudj\u00e1k kezelni az ig\u00e9nyes feladatokat, \u00edgy sz\u00e9les k\u00f6r\u0171 ipari alkalmaz\u00e1sokhoz alkalmasak. A biztons\u00e1g kiemelked\u0151 szempont a tervez\u00e9si folyamatunkban; hidraulikus hengereink fejlett biztons\u00e1gi mechanizmusokkal vannak felszerelve, amelyek megakad\u00e1lyozz\u00e1k a t\u00falnyom\u00e1st, \u00e9s megb\u00edzhat\u00f3 m\u0171k\u00f6d\u00e9st biztos\u00edtanak kih\u00edv\u00e1st jelent\u0151 k\u00f6r\u00fclm\u00e9nyek k\u00f6z\u00f6tt. A megb\u00edzhat\u00f3s\u00e1g \u00e9s az \u00e1lland\u00f3s\u00e1g ezen kombin\u00e1ci\u00f3ja teszi hidraulikus hengereinket n\u00e9lk\u00fcl\u00f6zhetetlen alkot\u00f3elemm\u00e9 a k\u00fcl\u00f6nb\u00f6z\u0151 ipar\u00e1gakban, bele\u00e9rtve a g\u00e9pjav\u00edt\u00f3 m\u0171helyeket, a mez\u0151gazdas\u00e1got, az energia- \u00e9s b\u00e1ny\u00e1szatot, a g\u00e9pgy\u00e1rt\u00e1st \u00e9s a g\u00e9pgy\u00e1rakat.<\/p>\n<h3>M\u0171k\u00f6d\u00e9si elv \u00e9s alkalmaz\u00e1sok<\/h3>\n<p>A hidraulikus henger \u00fagy m\u0171k\u00f6dik, hogy a hidraulikus energi\u00e1t mechanikai mozg\u00e1ss\u00e1 alak\u00edtja, \u00edgy a nyom\u00e1st hat\u00e9konyan er\u0151v\u00e9 alak\u00edtja. Amikor hidraulikafolyad\u00e9kot pump\u00e1lnak a hengerbe, nyom\u00e1st hoz l\u00e9tre, amely a benne l\u00e9v\u0151 dugatty\u00fat mozgatja. Ez a mozg\u00e1s egy line\u00e1ris er\u0151t gener\u00e1l, amely k\u00fcl\u00f6nf\u00e9le feladatok elv\u00e9gz\u00e9s\u00e9re haszn\u00e1lhat\u00f3, \u00edgy a hidraulikus hengerek sz\u00e1mos alkalmaz\u00e1s szerves r\u00e9sz\u00e9t k\u00e9pezik. P\u00e9ld\u00e1ul kulcsfontoss\u00e1g\u00faak a kis d\u00f6mperek \u00e9s m\u00e1s neh\u00e9z teherg\u00e9pj\u00e1rm\u0171vek m\u0171k\u00f6dtet\u00e9s\u00e9ben, ahol emel\u0151- \u00e9s billent\u0151 mechanizmusokat tesznek lehet\u0151v\u00e9. Ezenk\u00edv\u00fcl a szab\u00e1lyozott \u00e9s er\u0151teljes mozg\u00e1s biztos\u00edt\u00e1s\u00e1ra val\u00f3 k\u00e9pess\u00e9g\u00fck felbecs\u00fclhetetlen \u00e9rt\u00e9k\u0171 az \u00e9p\u00edt\u0151iparban, a mez\u0151gazdas\u00e1gi g\u00e9pekben \u00e9s az anyagmozgat\u00f3 berendez\u00e9sekben, ahol a pontoss\u00e1g \u00e9s az er\u0151 elengedhetetlen.<\/p>\n<p><img loading=\"lazy\" decoding=\"async\" class=\"alignnone  wp-image-6661\" src=\"https:\/\/fmp-components.com\/wp-content\/uploads\/2025\/03\/telescopic-hydraulic-cylinder-10.webp\" alt=\"teleszk\u00f3pos hidraulikus henger\" width=\"911\" height=\"911\" title=\"\" srcset=\"https:\/\/fmp-components.com\/wp-content\/uploads\/2025\/03\/telescopic-hydraulic-cylinder-10.webp 911w, https:\/\/fmp-components.com\/wp-content\/uploads\/2025\/03\/telescopic-hydraulic-cylinder-10-480x480.webp 480w\" sizes=\"(min-width: 0px) and (max-width: 480px) 480px, (min-width: 481px) 911px, 100vw\" \/><\/p>\n<h2>Hidraulikus hengerek \u00e9s t\u00e1pegys\u00e9gek<\/h2>\n<p>A hidraulikus hengerek \u00e9s a t\u00e1pegys\u00e9gek n\u00e9lk\u00fcl\u00f6zhetetlen alkot\u00f3elemei minden hidraulikus rendszernek. Szinergi\u00e1juk l\u00e9tfontoss\u00e1g\u00fa a hidraulikus technol\u00f3gia hat\u00e9kony alkalmaz\u00e1s\u00e1hoz a k\u00fcl\u00f6nb\u00f6z\u0151 ipari szektorokban. A hidraulikus henger m\u0171k\u00f6dtet\u0151k\u00e9nt m\u0171k\u00f6dik, a hidraulikus energi\u00e1t mechanikai mozg\u00e1ss\u00e1 alak\u00edtja, m\u00edg a t\u00e1pegys\u00e9g a rendszer sz\u00edvek\u00e9nt m\u0171k\u00f6dik, biztos\u00edtva a sz\u00fcks\u00e9ges hidraulikus folyad\u00e9kot \u00e9s nyom\u00e1st a henger m\u0171k\u00f6d\u00e9s\u00e9hez. Egy\u00fcttesen megb\u00edzhat\u00f3 energiaell\u00e1t\u00e1st \u00e9s vez\u00e9rl\u00e9si t\u00e1mogat\u00e1st ny\u00fajtanak a k\u00fcl\u00f6nf\u00e9le m\u00e9rn\u00f6ki \u00e9s g\u00e9p\u00e9szeti berendez\u00e9sek sz\u00e1m\u00e1ra.<\/p>\n<p>Az FMP-n\u00e9l felismerj\u00fck a hidraulikus hengerek \u00e9s a t\u00e1pegys\u00e9gek kritikus szerep\u00e9t a m\u0171k\u00f6d\u00e9si hat\u00e9konys\u00e1g n\u00f6vel\u00e9s\u00e9ben. Ez\u00e9rt k\u00edn\u00e1lunk t\u00e1pegys\u00e9gek sz\u00e9les v\u00e1laszt\u00e9k\u00e1t is, biztos\u00edtva, hogy \u00d6n teljes k\u00f6r\u0171 hidraulikus megold\u00e1shoz f\u00e9rjen hozz\u00e1. Elk\u00f6telezettek vagyunk a kiv\u00e1l\u00f3 min\u0151s\u00e9g\u0171 term\u00e9kek sz\u00e1ll\u00edt\u00e1sa ir\u00e1nt, \u00edgy megb\u00edzhat megold\u00e1sainkban, amelyek n\u00f6velik m\u0171k\u00f6d\u00e9se megb\u00edzhat\u00f3s\u00e1g\u00e1t \u00e9s hat\u00e9konys\u00e1g\u00e1t, f\u00fcggetlen\u00fcl az adott ipar\u00e1gt\u00f3l vagy alkalmaz\u00e1st\u00f3l.<\/p>\n<h2>GYIK<\/h2>\n<p><b>K: Kereskedelmi v\u00e1llalat vagy gy\u00e1rt\u00f3?<\/b><br \/>\nV: Gy\u00e1rt\u00f3 vagyunk.<\/p>\n<p><b>K: Mennyi a sz\u00e1ll\u00edt\u00e1si id\u0151?<\/b><br \/>\nV: \u00c1ltal\u00e1ban 25-35 nap.<\/p>\n<p><b>K: Mint\u00e1kat is biztos\u00edtanak?<\/b><br \/>\nV: Igen, k\u00edn\u00e1lunk mint\u00e1kat, de ezek nem ingyenesek.<\/p>\n<p><img loading=\"lazy\" decoding=\"async\" class=\"alignnone size-full wp-image-6660\" src=\"https:\/\/fmp-components.com\/wp-content\/uploads\/2025\/03\/hydraulic-cylinder-workshop-4.webp\" alt=\"teleszk\u00f3pos hidraulikus henger\" width=\"914\" height=\"733\" title=\"\" srcset=\"https:\/\/fmp-components.com\/wp-content\/uploads\/2025\/03\/hydraulic-cylinder-workshop-4.webp 914w, https:\/\/fmp-components.com\/wp-content\/uploads\/2025\/03\/hydraulic-cylinder-workshop-4-480x385.webp 480w\" sizes=\"(min-width: 0px) and (max-width: 480px) 480px, (min-width: 481px) 914px, 100vw\" \/><\/p>\n<h3>Az FMP-r\u0151l<\/h3>\n<p>Az FMP egy vezet\u0151 olasz gy\u00e1rt\u00f3, amely a kiv\u00e1l\u00f3 min\u0151s\u00e9g\u0171 hidraulikus hengerek tervez\u00e9s\u00e9ben, fejleszt\u00e9s\u00e9ben \u00e9s gy\u00e1rt\u00e1s\u00e1ban szerzett szak\u00e9rtelm\u00e9r\u0151l ismert. \u00c9vtizedek alatt fel\u00e9p\u00edtett gazdag \u00f6r\u00f6ks\u00e9g\u00fcnkkel a hagyom\u00e1nyos olasz k\u00e9zm\u0171vess\u00e9get a legmodernebb technol\u00f3gi\u00e1val \u00f6tv\u00f6zve kiv\u00e9teles hidraulikus megold\u00e1sokat hozunk l\u00e9tre, amelyek kiel\u00e9g\u00edtik glob\u00e1lis \u00fcgyfeleink sokr\u00e9t\u0171 ig\u00e9nyeit. Az olaszorsz\u00e1gi, a m\u00e9rn\u00f6ki kiv\u00e1l\u00f3s\u00e1g k\u00f6zpontj\u00e1ban tal\u00e1lhat\u00f3 FMP megb\u00edzhat\u00f3 n\u00e9vv\u00e9 v\u00e1lt a hidraulikus iparban, \u00e9s elk\u00f6telezett amellett, hogy megb\u00edzhat\u00f3, tart\u00f3s \u00e9s innovat\u00edv term\u00e9keket sz\u00e1ll\u00edtson, amelyek vil\u00e1gszerte lend\u00fcletet adnak a v\u00e1llalkoz\u00e1soknak.<\/p>\n<p>C\u00e9g\u00fcnk a fejlett gy\u00e1rt\u00e1si hagyom\u00e1nyokat \u00f6tv\u00f6zi a progressz\u00edv gondolkod\u00e1sm\u00f3ddal. A hidraulikus rendszerek ter\u00e9n szerzett sz\u00e9lesk\u00f6r\u0171 tapasztalatainkra \u00e9p\u00edtve az FMP modern v\u00e1llalkoz\u00e1ss\u00e1 alakult, amely kiemelked\u0151 a kutat\u00e1s, a tervez\u00e9s \u00e9s a gy\u00e1rt\u00e1s ter\u00e9n. Hidraulikus hengerek \u00e1tfog\u00f3 v\u00e1laszt\u00e9k\u00e1t k\u00edn\u00e1ljuk, bele\u00e9rtve a kett\u0151s m\u0171k\u00f6d\u00e9s\u0171 hengereket, az aut\u00f3ipari emel\u0151hengereket, a mez\u0151gazdas\u00e1gi g\u00e9pek hengereit \u00e9s a k\u00fcl\u00f6nf\u00e9le ipari alkalmaz\u00e1sokhoz szabott, egyedi tervez\u00e9s\u0171 megold\u00e1sokat. Legyen sz\u00f3 \u00e9p\u00edt\u0151iparr\u00f3l, ipari telep\u00edt\u00e9sekr\u0151l, mez\u0151gazdas\u00e1gr\u00f3l vagy neh\u00e9zg\u00e9pekr\u0151l, hidraulikus hengereinket \u00fagy tervezt\u00fck, hogy a legig\u00e9nyesebb k\u00f6r\u00fclm\u00e9nyek k\u00f6z\u00f6tt is m\u0171k\u00f6djenek, biztos\u00edtva a biztons\u00e1got, a hat\u00e9konys\u00e1got \u00e9s a hossz\u00fa \u00e9lettartamot.<\/p>\n<p>Az FMP-n\u00e9l b\u00fcszk\u00e9k vagyunk a legmodernebb gy\u00e1rt\u00f3\u00fczemeinkre, amelyek prec\u00edzi\u00f3s g\u00e9pekkel \u00e9s fejlett vizsg\u00e1l\u00f3rendszerekkel vannak felszerelve. Gy\u00e1rt\u00e1si folyamataink szigor\u00fa nemzeti \u00e9s nemzetk\u00f6zi szabv\u00e1nyoknak felelnek meg, biztos\u00edtva, hogy minden gy\u00e1rtott hidraulikus henger megfeleljen a legmagasabb min\u0151s\u00e9gi \u00e9s megb\u00edzhat\u00f3s\u00e1gi k\u00f6vetelm\u00e9nyeknek. K\u00e9pzett m\u0171szaki csapatunk a korszer\u0171 berendez\u00e9sekkel egy\u00fctt lehet\u0151v\u00e9 teszi sz\u00e1munkra, hogy szigor\u00fa min\u0151s\u00e9gellen\u0151rz\u00e9st tartsunk fenn a gy\u00e1rt\u00e1s minden szakasz\u00e1ban \u2013 az alapanyagok kiv\u00e1laszt\u00e1s\u00e1t\u00f3l a v\u00e9gs\u0151 ellen\u0151rz\u00e9sig. Ez a kiv\u00e1l\u00f3s\u00e1g ir\u00e1nti elk\u00f6telezetts\u00e9g\u00fcnk tan\u00fas\u00edtv\u00e1nyokat \u00e9s elismer\u00e9seket szerzett nek\u00fcnk az ipar\u00e1gi hat\u00f3s\u00e1gokt\u00f3l, meger\u0151s\u00edtve megb\u00edzhat\u00f3 partnerk\u00e9nt szerzett h\u00edrnev\u00fcnket.<\/p>\n<p><img loading=\"lazy\" decoding=\"async\" class=\"alignnone size-full wp-image-6720\" src=\"https:\/\/fmp-components.com\/wp-content\/uploads\/2025\/03\/hydraulic-cylinder-8.webp\" alt=\"Teleszk\u00f3pos hidraulikus hengerek\" width=\"933\" height=\"526\" title=\"\" srcset=\"https:\/\/fmp-components.com\/wp-content\/uploads\/2025\/03\/hydraulic-cylinder-8.webp 933w, https:\/\/fmp-components.com\/wp-content\/uploads\/2025\/03\/hydraulic-cylinder-8-480x271.webp 480w\" sizes=\"(min-width: 0px) and (max-width: 480px) 480px, (min-width: 481px) 933px, 100vw\" \/><\/p>\n<p>K\u00fcldet\u00e9s\u00fcnk egyszer\u0171, m\u00e9gis ambici\u00f3zus: olyan hidraulikus hengereket biztos\u00edtani \u00fcgyfeleinknek, amelyek teljes\u00edtm\u00e9ny, tart\u00f3ss\u00e1g \u00e9s \u00e9rt\u00e9k tekintet\u00e9ben fel\u00fclm\u00falj\u00e1k az elv\u00e1r\u00e1sokat. A professzionalizmus, a feddhetetlens\u00e9g \u00e9s az \u00fcgyf\u00e9lk\u00f6zpont\u00fas\u00e1g alapelveire \u00e9p\u00edtve m\u0171k\u00f6d\u00fcnk. Az innov\u00e1ci\u00f3 \u00e9s a precizit\u00e1s kult\u00far\u00e1j\u00e1nak \u00e1pol\u00e1s\u00e1val folyamatosan fejlesztj\u00fck term\u00e9keinket, hogy meg\u0151rizz\u00fck versenyel\u0151ny\u00fcnket a piacon. Kiterjedt term\u00e9kk\u00edn\u00e1latunk \u00e9s a szem\u00e9lyre szabott megold\u00e1sok k\u00edn\u00e1l\u00e1s\u00e1nak k\u00e9pess\u00e9ge tesz minket a nagy teljes\u00edtm\u00e9ny\u0171 hidraulikus hengereket keres\u0151 v\u00e1llalkoz\u00e1sok el\u0151nyben r\u00e9szes\u00edtett v\u00e1laszt\u00e1s\u00e1v\u00e1.<\/p>\n<p>Az FMP t\u00f6bb mint egy gy\u00e1rt\u00f3; partnerek vagyunk a siker\u00e9ben. Tudjuk, hogy \u00fcgyfeleink olyan szersz\u00e1mok sz\u00e1ll\u00edt\u00e1s\u00e1ra t\u00e1maszkodnak t\u0151l\u00fcnk, amelyek n\u00f6velik termel\u00e9kenys\u00e9g\u00fcket \u00e9s biztons\u00e1gukat. Ez\u00e9rt elk\u00f6telezettek vagyunk nemcsak a kiv\u00e1l\u00f3 min\u0151s\u00e9g\u0171 term\u00e9kek, hanem a kiv\u00e9teles szolg\u00e1ltat\u00e1s ny\u00fajt\u00e1sa ir\u00e1nt is. A kezdeti konzult\u00e1ci\u00f3t\u00f3l az \u00e9rt\u00e9kes\u00edt\u00e9s ut\u00e1ni t\u00e1mogat\u00e1sig szorosan egy\u00fcttm\u0171k\u00f6d\u00fcnk \u00fcgyfeleinkkel, hogy biztos\u00edtsuk ig\u00e9nyeik professzionalizmussal \u00e9s gondoss\u00e1ggal t\u00f6rt\u00e9n\u0151 kiel\u00e9g\u00edt\u00e9s\u00e9t. Versenyk\u00e9pes \u00e1raink, valamint a min\u0151s\u00e9g ir\u00e1nti rend\u00edthetetlen elk\u00f6telezetts\u00e9g\u00fcnk r\u00e9v\u00e9n az FMP okos v\u00e1laszt\u00e1s azoknak a v\u00e1llalatoknak, amelyek megb\u00edzhat\u00f3 hidraulikus megold\u00e1sokba szeretn\u00e9nek befektetni.<\/p>","protected":false},"excerpt":{"rendered":"<p>Quality Manufacturing Small Dump Truck Telescopic Hydraulic Cylinder For Sale Introducing our top-quality small dump truck telescopic hydraulic cylinder, made with supreme manufacturing techniques. This product is a game-changer in the industry, offering a one-year warranty and a new condition. Its quality is guaranteed by ISO9001:2000 certification. Product Features Our product is a multistage hydraulic [&hellip;]<\/p>","protected":false},"featured_media":6692,"comment_status":"closed","ping_status":"closed","template":"","meta":{"_et_pb_use_builder":"","_et_pb_old_content":"","_et_gb_content_width":""},"product_brand":[],"product_cat":[103],"product_tag":[34,105],"class_list":{"0":"post-6519","1":"product","2":"type-product","3":"status-publish","4":"has-post-thumbnail","6":"product_cat-telescopic-hydraulic-cylinders","7":"product_tag-hydraulic-cylinder","8":"product_tag-telescopic-hydraulic-cylinders","10":"first","11":"instock","12":"product-type-simple"},"_links":{"self":[{"href":"https:\/\/fmp-components.com\/hu\/wp-json\/wp\/v2\/product\/6519","targetHints":{"allow":["GET"]}}],"collection":[{"href":"https:\/\/fmp-components.com\/hu\/wp-json\/wp\/v2\/product"}],"about":[{"href":"https:\/\/fmp-components.com\/hu\/wp-json\/wp\/v2\/types\/product"}],"replies":[{"embeddable":true,"href":"https:\/\/fmp-components.com\/hu\/wp-json\/wp\/v2\/comments?post=6519"}],"wp:featuredmedia":[{"embeddable":true,"href":"https:\/\/fmp-components.com\/hu\/wp-json\/wp\/v2\/media\/6692"}],"wp:attachment":[{"href":"https:\/\/fmp-components.com\/hu\/wp-json\/wp\/v2\/media?parent=6519"}],"wp:term":[{"taxonomy":"product_brand","embeddable":true,"href":"https:\/\/fmp-components.com\/hu\/wp-json\/wp\/v2\/product_brand?post=6519"},{"taxonomy":"product_cat","embeddable":true,"href":"https:\/\/fmp-components.com\/hu\/wp-json\/wp\/v2\/product_cat?post=6519"},{"taxonomy":"product_tag","embeddable":true,"href":"https:\/\/fmp-components.com\/hu\/wp-json\/wp\/v2\/product_tag?post=6519"}],"curies":[{"name":"munkaf\u00fczet","href":"https:\/\/api.w.org\/{rel}","templated":true}]}}