{"id":6511,"date":"2025-03-11T06:26:57","date_gmt":"2025-03-11T06:26:57","guid":{"rendered":"https:\/\/fmp-components.com\/product\/competitive-price-telescopic-hydraulic-cylinder-hydraulic-cylinder-for-dump-trailer"},"modified":"2025-03-11T08:51:40","modified_gmt":"2025-03-11T08:51:40","slug":"competitive-price-telescopic-hydraulic-cylinder-hydraulic-cylinder-for-dump-trailer","status":"publish","type":"product","link":"https:\/\/fmp-components.com\/hu\/product\/competitive-price-telescopic-hydraulic-cylinder-hydraulic-cylinder-for-dump-trailer\/","title":{"rendered":"Versenyk\u00e9pes \u00e1r\u00fa teleszk\u00f3pos hidraulikus henger hidraulikus henger d\u00f6mperhez"},"content":{"rendered":"<h2>Versenyk\u00e9pes \u00e1r\u00fa teleszk\u00f3pos hidraulikus henger hidraulikus henger d\u00f6mperhez<\/h2>\n<p>Az FMP d\u00f6mperekhez val\u00f3 teleszk\u00f3pos hidraulikus hengere egy kiv\u00e9teles term\u00e9k, amely kiv\u00e1l\u00f3 teljes\u00edtm\u00e9nyt \u00e9s funkcionalit\u00e1st k\u00edn\u00e1l. K\u00fcl\u00f6nb\u00f6z\u0151 alkalmaz\u00e1sokhoz tervezt\u00e9k, ez a hidraulikus henger sz\u00e1mos ipar\u00e1gban kritikus alkatr\u00e9sz, kiemelve fontoss\u00e1g\u00e1t \u00e9s sokoldal\u00fas\u00e1g\u00e1t.<\/p>\n<h3>M\u0171szaki adatok<\/h3>\n<p>A hidraulikus henger a k\u00f6vetkez\u0151 m\u0171szaki adatokkal rendelkezik:<\/p>\n<table style=\"width: 98.5375%;\" border=\"\">\n<tbody>\n<tr>\n<th style=\"width: 43.5028%;\">Furatm\u00e9ret<\/th>\n<td style=\"width: 477.401%;\">2-6 h\u00fcvelyk<\/td>\n<\/tr>\n<tr>\n<th style=\"width: 43.5028%;\">R\u00fad m\u00e9rete<\/th>\n<td style=\"width: 477.401%;\">1,125-4 h\u00fcvelyk<\/td>\n<\/tr>\n<tr>\n<th style=\"width: 43.5028%;\">Ecsetvon\u00e1s m\u00e9rete<\/th>\n<td style=\"width: 477.401%;\">4-100 h\u00fcvelyk<\/td>\n<\/tr>\n<tr>\n<th style=\"width: 43.5028%;\">Cs\u00edp\u0151m\u00e9ret<\/th>\n<td style=\"width: 477.401%;\">0,5-2 h\u00fcvelyk<\/td>\n<\/tr>\n<tr>\n<th style=\"width: 43.5028%;\">kik\u00f6t\u0151k<\/th>\n<td style=\"width: 477.401%;\">G\/SAE\/NPT\/M<\/td>\n<\/tr>\n<\/tbody>\n<\/table>\n<h3>Egyedi tulajdons\u00e1gok \u00e9s el\u0151ny\u00f6k<\/h3>\n<h4>Energiahat\u00e9kony<\/h4>\n<p>A hidraulikus hengert apr\u00f3l\u00e9kosan \u00fagy tervezt\u00e9k, hogy kevesebb energi\u00e1t fogyasztson, mik\u00f6zben optim\u00e1lis teljes\u00edtm\u00e9nyt ny\u00fajt. Ez az energiahat\u00e9kony kialak\u00edt\u00e1s nemcsak az \u00fczemeltet\u00e9si k\u00f6lts\u00e9geket cs\u00f6kkenti, hanem hozz\u00e1j\u00e1rul a kisebb k\u00f6rnyezeti l\u00e1bnyomhoz is. A hidraulikafolyad\u00e9k-felhaszn\u00e1l\u00e1s maximaliz\u00e1l\u00e1s\u00e1val \u00e9s az energiapazarl\u00e1s minimaliz\u00e1l\u00e1s\u00e1val ez a henger seg\u00edt a v\u00e1llalkoz\u00e1soknak fenntarthat\u00f3s\u00e1gi c\u00e9ljaik el\u00e9r\u00e9s\u00e9ben, mik\u00f6zben magas termel\u00e9kenys\u00e9gi szintet tartanak fenn.<\/p>\n<h4>Rendk\u00edv\u00fcl hat\u00e9kony<\/h4>\n<p>Innovat\u00edv, t\u00f6bbl\u00e9pcs\u0151s kialak\u00edt\u00e1s\u00e1nak k\u00f6sz\u00f6nhet\u0151en a hidraulikus henger sz\u00e9les munkak\u00f6r\u00fclm\u00e9ny-tartom\u00e1nyban kiv\u00e1l\u00f3 hat\u00e1sfokot biztos\u00edt. Ez a kialak\u00edt\u00e1s nagyobb er\u0151kifejt\u00e9st tesz lehet\u0151v\u00e9 kompakt m\u00e9ret\u00e9nek meg\u0151rz\u00e9se mellett, \u00edgy k\u00f6nnyed\u00e9n kezeli a neh\u00e9z terheket. Ak\u00e1r sz\u00e9ls\u0151s\u00e9ges h\u0151m\u00e9rs\u00e9kleten, ak\u00e1r v\u00e1ltoz\u00f3 nyom\u00e1sviszonyok k\u00f6z\u00f6tt m\u0171k\u00f6dik, ez a hidraulikus henger \u00e1lland\u00f3 teljes\u00edtm\u00e9nyt biztos\u00edt, \u00edgy megb\u00edzhat\u00f3 v\u00e1laszt\u00e1s az ig\u00e9nyes ipari alkalmaz\u00e1sokhoz.<\/p>\n<h4>Biztons\u00e1g<\/h4>\n<p>A biztons\u00e1g kiemelked\u0151 fontoss\u00e1g\u00fa ennek a hidraulikus hengernek a tervez\u00e9s\u00e9n\u00e9l. A legmagasabb biztons\u00e1gi szabv\u00e1nyok figyelembev\u00e9tel\u00e9vel k\u00e9sz\u00fclt, olyan funkci\u00f3kkal, amelyek mind a felhaszn\u00e1l\u00f3kat, mind a berendez\u00e9seket v\u00e9dik. Ezek a biztons\u00e1gi mechanizmusok nyom\u00e1scs\u00f6kkent\u0151 szelepeket \u00e9s robusztus anyagokat tartalmaznak, amelyek ellen\u00e1llnak a nagy terhel\u00e9snek, biztos\u00edtva, hogy a henger biztons\u00e1gosan m\u0171k\u00f6dj\u00f6n m\u00e9g kih\u00edv\u00e1st jelent\u0151 k\u00f6rnyezetben is. A biztons\u00e1g el\u0151t\u00e9rbe helyez\u00e9s\u00e9vel ez a hidraulikus henger minimaliz\u00e1lja a balesetek kock\u00e1zat\u00e1t \u00e9s n\u00f6veli az \u00e1ltal\u00e1nos \u00fczembiztons\u00e1got, nyugalmat adva a felhaszn\u00e1l\u00f3knak.<\/p>\n<p><img loading=\"lazy\" decoding=\"async\" class=\"alignnone  wp-image-6663\" src=\"https:\/\/fmp-components.com\/wp-content\/uploads\/2025\/03\/telescopic-hydraulic-cylinder-11.webp\" alt=\"teleszk\u00f3pos hidraulikus henger\" width=\"925\" height=\"925\" title=\"\" srcset=\"https:\/\/fmp-components.com\/wp-content\/uploads\/2025\/03\/telescopic-hydraulic-cylinder-11.webp 925w, https:\/\/fmp-components.com\/wp-content\/uploads\/2025\/03\/telescopic-hydraulic-cylinder-11-480x480.webp 480w\" sizes=\"(min-width: 0px) and (max-width: 480px) 480px, (min-width: 481px) 925px, 100vw\" \/><\/p>\n<h2>Hogyan m\u0171k\u00f6dik a hidraulikus rendszer<\/h2>\n<p>A hidraulikus henger a hidraulikus rendszer kulcsfontoss\u00e1g\u00fa eleme, amely kulcsfontoss\u00e1g\u00fa szerepet j\u00e1tszik annak m\u0171k\u00f6d\u00e9s\u00e9ben. \u00dagy m\u0171k\u00f6dik, hogy a hidraulikus energi\u00e1t mechanikai mozg\u00e1ss\u00e1 alak\u00edtja, hat\u00e9konyan biztos\u00edtva a k\u00fcl\u00f6nf\u00e9le ipari alkalmaz\u00e1sokhoz sz\u00fcks\u00e9ges er\u0151t. Amikor a hidraulikafolyad\u00e9kot nyom\u00e1s al\u00e1 helyezik \u00e9s a hengerbe ir\u00e1ny\u00edtj\u00e1k, er\u0151t hoz l\u00e9tre, amely mozgatja a benne l\u00e9v\u0151 dugatty\u00fat. Ez a mozg\u00e1s line\u00e1ris mozg\u00e1ss\u00e1 alakul, lehet\u0151v\u00e9 t\u00e9ve a henger sz\u00e1m\u00e1ra olyan feladatok elv\u00e9gz\u00e9s\u00e9t, mint a neh\u00e9z terhek emel\u00e9se, tol\u00e1sa vagy h\u00faz\u00e1sa. A folyamat hat\u00e9konys\u00e1g\u00e1t fokozza a hidraulikus henger \u00e9s a t\u00f6bbi rendszerkomponens, p\u00e9ld\u00e1ul a sz\u00fcks\u00e9ges nyom\u00e1st biztos\u00edt\u00f3 t\u00e1pegys\u00e9g k\u00f6z\u00f6tti \u00f6sszehangolt k\u00f6lcs\u00f6nhat\u00e1s. Ez a szinergia lehet\u0151v\u00e9 teszi a pontos vez\u00e9rl\u00e9st \u00e9s alkalmazkod\u00f3k\u00e9pess\u00e9get, \u00edgy a hidraulikus rendszerek n\u00e9lk\u00fcl\u00f6zhetetlenek sz\u00e1mos ipari tev\u00e9kenys\u00e9ghez, az \u00e9p\u00edt\u0151ipart\u00f3l a gy\u00e1rt\u00e1sig.<\/p>\n<h3>Az FMP-r\u0151l<\/h3>\n<p class=\"break-words\">Az FMP egy vezet\u0151 olasz gy\u00e1rt\u00f3, amely kiv\u00e1l\u00f3 min\u0151s\u00e9g\u0171 hidraulikus hengerek tervez\u00e9s\u00e9re, fejleszt\u00e9s\u00e9re \u00e9s gy\u00e1rt\u00e1s\u00e1ra specializ\u00e1l\u00f3dott. \u00c9vtizedes szak\u00e9rtelemre \u00e9p\u00fcl\u0151 gazdag \u00f6r\u00f6ks\u00e9g\u00fcnkkel b\u00fcszk\u00e9n \u00f6tv\u00f6zz\u00fck az olasz k\u00e9zm\u0171vess\u00e9get a legmodernebb technol\u00f3gi\u00e1val, hogy kiv\u00e9teles hidraulikus megold\u00e1sokat k\u00edn\u00e1ljunk, amelyek a glob\u00e1lis \u00fcgyfeleink sokr\u00e9t\u0171 ig\u00e9nyeit el\u00e9g\u00edtik ki. Az olaszorsz\u00e1gi sz\u00e9khely\u0171, a m\u00e9rn\u00f6ki kiv\u00e1l\u00f3s\u00e1g k\u00f6zpontj\u00e1ban m\u0171k\u00f6d\u0151 FMP megb\u00edzhat\u00f3 n\u00e9v a hidraulikus iparban, elk\u00f6telezett amellett, hogy megb\u00edzhat\u00f3, tart\u00f3s \u00e9s innovat\u00edv term\u00e9keket k\u00edn\u00e1ljon, amelyek vil\u00e1gszerte lend\u00fcletet adnak a v\u00e1llalkoz\u00e1soknak.<\/p>\n<p class=\"break-words\">C\u00e9g\u00fcnk a fejlett gy\u00e1rt\u00e1si hagyom\u00e1nyok legjav\u00e1t \u00f6tv\u00f6zi az el\u0151remutat\u00f3 megk\u00f6zel\u00edt\u00e9ssel. A hidraulikus rendszerek ter\u00e9n szerzett sok\u00e9ves tapasztalat\u00e1ra \u00e9p\u00edtve az FMP egy modern v\u00e1llalkoz\u00e1ss\u00e1 fejl\u0151d\u00f6tt, amely kiemelked\u0151 a kutat\u00e1s, a tervez\u00e9s \u00e9s a gy\u00e1rt\u00e1s ter\u00e9n. Sz\u00e9les hidraulikus hengerv\u00e1laszt\u00e9kra specializ\u00e1l\u00f3dtunk, bele\u00e9rtve a kett\u0151s m\u0171k\u00f6d\u00e9s\u0171 hengereket, az aut\u00f3ipari emel\u0151hengereket, a mez\u0151gazdas\u00e1gi g\u00e9pek hengereit \u00e9s az egyedi tervez\u00e9s\u0171 megold\u00e1sokat k\u00fcl\u00f6nf\u00e9le ipari alkalmaz\u00e1sokhoz. Legyen sz\u00f3 \u00e9p\u00edt\u0151iparr\u00f3l, ipari telep\u00edt\u00e9sekr\u0151l, mez\u0151gazdas\u00e1gr\u00f3l vagy neh\u00e9zg\u00e9pekr\u0151l, hidraulikus hengereinket a legnehezebb k\u00f6r\u00fclm\u00e9nyek k\u00f6z\u00f6tt is k\u00e9pesek teljes\u00edteni, biztos\u00edtva a biztons\u00e1got, a hat\u00e9konys\u00e1got \u00e9s a hossz\u00fa \u00e9lettartamot.<\/p>\n<p><img loading=\"lazy\" decoding=\"async\" class=\"alignnone size-full wp-image-6720\" src=\"https:\/\/fmp-components.com\/wp-content\/uploads\/2025\/03\/hydraulic-cylinder-8.webp\" alt=\"Teleszk\u00f3pos hidraulikus hengerek\" width=\"933\" height=\"526\" title=\"\" srcset=\"https:\/\/fmp-components.com\/wp-content\/uploads\/2025\/03\/hydraulic-cylinder-8.webp 933w, https:\/\/fmp-components.com\/wp-content\/uploads\/2025\/03\/hydraulic-cylinder-8-480x271.webp 480w\" sizes=\"(min-width: 0px) and (max-width: 480px) 480px, (min-width: 481px) 933px, 100vw\" \/><\/p>\n<p class=\"break-words\">Az FMP-n\u00e9l b\u00fcszk\u00e9k vagyunk a legmodernebb gy\u00e1rt\u00f3\u00fczemeinkre, amelyek prec\u00edzi\u00f3s g\u00e9pekkel \u00e9s fejlett vizsg\u00e1l\u00f3rendszerekkel vannak felszerelve. Gy\u00e1rt\u00e1si folyamataink szigor\u00fa nemzeti \u00e9s nemzetk\u00f6zi szabv\u00e1nyoknak felelnek meg, biztos\u00edtva, hogy minden egyes hidraulikus henger, amely elhagyja gy\u00e1runkat, kiv\u00e1l\u00f3 min\u0151s\u00e9g\u0171 \u00e9s megb\u00edzhat\u00f3 legyen. K\u00e9pzett m\u0171szaki csapatunk a legmodernebb berendez\u00e9sekkel p\u00e1rosulva lehet\u0151v\u00e9 teszi sz\u00e1munkra, hogy szigor\u00fa min\u0151s\u00e9gellen\u0151rz\u00e9st tartsunk fenn a gy\u00e1rt\u00e1s minden szakasz\u00e1ban \u2013 az alapanyagok kiv\u00e1laszt\u00e1s\u00e1t\u00f3l a v\u00e9gs\u0151 ellen\u0151rz\u00e9sig. Ez a kiv\u00e1l\u00f3s\u00e1g ir\u00e1nti elk\u00f6telezetts\u00e9g tan\u00fas\u00edtv\u00e1nyokat \u00e9s elismer\u00e9st szerzett nek\u00fcnk az ipar\u00e1gi hat\u00f3s\u00e1gokt\u00f3l, tov\u00e1bb er\u0151s\u00edtve megb\u00edzhat\u00f3 partnerk\u00e9nt szerzett h\u00edrnev\u00fcnket.<\/p>\n<p class=\"break-words\">K\u00fcldet\u00e9s\u00fcnk egyszer\u0171, m\u00e9gis ambici\u00f3zus: olyan hidraulikus hengereket biztos\u00edtani \u00fcgyfeleinknek, amelyek teljes\u00edtm\u00e9ny, tart\u00f3ss\u00e1g \u00e9s \u00e9rt\u00e9k tekintet\u00e9ben fel\u00fclm\u00falj\u00e1k az elv\u00e1r\u00e1sokat. A professzionalizmus, a feddhetetlens\u00e9g \u00e9s az \u00fcgyf\u00e9lk\u00f6zpont\u00fas\u00e1g vez\u00e9relvei szerint m\u0171k\u00f6d\u00fcnk. Az innov\u00e1ci\u00f3 \u00e9s a precizit\u00e1s kult\u00far\u00e1j\u00e1nak \u00e1pol\u00e1s\u00e1val folyamatosan finom\u00edtjuk term\u00e9keinket, hogy meg\u0151rizz\u00fck el\u0151ny\u00fcnket a versenyk\u00e9pes piacon. \u00c1tfog\u00f3 term\u00e9kk\u00edn\u00e1latunk \u00e9s a szem\u00e9lyre szabott megold\u00e1sok k\u00edn\u00e1l\u00e1s\u00e1nak k\u00e9pess\u00e9ge tesz minket a nagy teljes\u00edtm\u00e9ny\u0171 hidraulikus hengereket keres\u0151 v\u00e1llalkoz\u00e1sok els\u0151 sz\u00e1m\u00fa v\u00e1laszt\u00e1s\u00e1v\u00e1.<\/p>\n<p class=\"break-words\">Az FMP t\u00f6bb mint egy gy\u00e1rt\u00f3 \u2013 partnerek vagyunk a siker\u00e9ben. Meg\u00e9rtj\u00fck, hogy \u00fcgyfeleink olyan szersz\u00e1mok sz\u00e1ll\u00edt\u00e1s\u00e1ban b\u00edznak benn\u00fcnk, amelyek n\u00f6velik termel\u00e9kenys\u00e9g\u00fcket \u00e9s biztons\u00e1gukat. Ez\u00e9rt elk\u00f6telezettek vagyunk nemcsak a legjobb min\u0151s\u00e9g\u0171 term\u00e9kek, hanem a kiv\u00e9teles szolg\u00e1ltat\u00e1s ny\u00fajt\u00e1sa ir\u00e1nt is. A kezdeti konzult\u00e1ci\u00f3t\u00f3l az \u00e9rt\u00e9kes\u00edt\u00e9s ut\u00e1ni t\u00e1mogat\u00e1sig szorosan egy\u00fcttm\u0171k\u00f6d\u00fcnk \u00fcgyfeleinkkel annak biztos\u00edt\u00e1sa \u00e9rdek\u00e9ben, hogy ig\u00e9nyeiket professzionalizmussal \u00e9s gondoss\u00e1ggal el\u00e9g\u00edts\u00fck ki. Versenyk\u00e9pes \u00e1raink, p\u00e1rosulva a min\u0151s\u00e9g ir\u00e1nti rend\u00edthetetlen elk\u00f6telezetts\u00e9g\u00fcnkkel, teszik az FMP-t okos v\u00e1laszt\u00e1ss\u00e1 azoknak a v\u00e1llalatoknak, amelyek megb\u00edzhat\u00f3 hidraulikus megold\u00e1sokba szeretn\u00e9nek befektetni.<\/p>\n<p><img loading=\"lazy\" decoding=\"async\" class=\"alignnone  wp-image-6717\" src=\"https:\/\/fmp-components.com\/wp-content\/uploads\/2025\/03\/hydraulic-cylinder-211.webp\" alt=\"Hidraulikus hengerek\" width=\"954\" height=\"956\" title=\"\" srcset=\"https:\/\/fmp-components.com\/wp-content\/uploads\/2025\/03\/hydraulic-cylinder-211.webp 954w, https:\/\/fmp-components.com\/wp-content\/uploads\/2025\/03\/hydraulic-cylinder-211-480x481.webp 480w\" sizes=\"(min-width: 0px) and (max-width: 480px) 480px, (min-width: 481px) 954px, 100vw\" \/><\/p>\n<h2>GYIK<\/h2>\n<dl>\n<dt>K: Mennyi a sz\u00e1ll\u00edt\u00e1si id\u0151?<\/dt>\n<dd>V: \u00c1ltal\u00e1ban 25-35 nap.<\/dd>\n<dt>K: Biztos\u00edtanak mint\u00e1kat? Ingyenes vagy k\u00fcl\u00f6n fizetend\u0151?<\/dt>\n<dd>V: Igen, felaj\u00e1nlhatn\u00e1nk a mint\u00e1t, de ez nem ingyenes.<\/dd>\n<dt>K: Tudsz-e a mint\u00e1k szerint gy\u00e1rtani?<\/dt>\n<dd>V: Igen, a mint\u00e1k vagy m\u0171szaki rajzok alapj\u00e1n tudunk legy\u00e1rtani. El tudjuk k\u00e9sz\u00edteni a form\u00e1kat \u00e9s a szerelv\u00e9nyeket.<\/dd>\n<\/dl>","protected":false},"excerpt":{"rendered":"<p>Competitive Price Telescopic Hydraulic Cylinder Hydraulic Cylinder For Dump Trailer The Telescopic hydraulic cylinder for Dump Trailers From FMP is an exceptional product offering superior performance and functionality. Designed for a variety of applications, this hydraulic cylinder is a critical component in many industries, highlighting its importance and versatility. Technical Specifications The hydraulic cylinder comes [&hellip;]<\/p>","protected":false},"featured_media":6681,"comment_status":"closed","ping_status":"closed","template":"","meta":{"_et_pb_use_builder":"","_et_pb_old_content":"","_et_gb_content_width":""},"product_brand":[],"product_cat":[103],"product_tag":[34,105],"class_list":{"0":"post-6511","1":"product","2":"type-product","3":"status-publish","4":"has-post-thumbnail","6":"product_cat-telescopic-hydraulic-cylinders","7":"product_tag-hydraulic-cylinder","8":"product_tag-telescopic-hydraulic-cylinders","10":"first","11":"instock","12":"product-type-simple"},"_links":{"self":[{"href":"https:\/\/fmp-components.com\/hu\/wp-json\/wp\/v2\/product\/6511","targetHints":{"allow":["GET"]}}],"collection":[{"href":"https:\/\/fmp-components.com\/hu\/wp-json\/wp\/v2\/product"}],"about":[{"href":"https:\/\/fmp-components.com\/hu\/wp-json\/wp\/v2\/types\/product"}],"replies":[{"embeddable":true,"href":"https:\/\/fmp-components.com\/hu\/wp-json\/wp\/v2\/comments?post=6511"}],"wp:featuredmedia":[{"embeddable":true,"href":"https:\/\/fmp-components.com\/hu\/wp-json\/wp\/v2\/media\/6681"}],"wp:attachment":[{"href":"https:\/\/fmp-components.com\/hu\/wp-json\/wp\/v2\/media?parent=6511"}],"wp:term":[{"taxonomy":"product_brand","embeddable":true,"href":"https:\/\/fmp-components.com\/hu\/wp-json\/wp\/v2\/product_brand?post=6511"},{"taxonomy":"product_cat","embeddable":true,"href":"https:\/\/fmp-components.com\/hu\/wp-json\/wp\/v2\/product_cat?post=6511"},{"taxonomy":"product_tag","embeddable":true,"href":"https:\/\/fmp-components.com\/hu\/wp-json\/wp\/v2\/product_tag?post=6511"}],"curies":[{"name":"munkaf\u00fczet","href":"https:\/\/api.w.org\/{rel}","templated":true}]}}