{"id":6504,"date":"2025-03-11T06:25:30","date_gmt":"2025-03-11T06:25:30","guid":{"rendered":"https:\/\/fmp-components.com\/product\/manufacturer-supplier-double-acting-telescopic-hydraulic-cylinder-for-dump-truck"},"modified":"2025-03-18T02:00:27","modified_gmt":"2025-03-18T02:00:27","slug":"manufacturer-supplier-double-acting-telescopic-hydraulic-cylinder-for-dump-truck","status":"publish","type":"product","link":"https:\/\/fmp-components.com\/hu\/product\/manufacturer-supplier-double-acting-telescopic-hydraulic-cylinder-for-dump-truck\/","title":{"rendered":"Gy\u00e1rt\u00f3 Besz\u00e1ll\u00edt\u00f3 Kett\u0151s M\u0171k\u00f6d\u00e9s\u0171 Teleszk\u00f3pos Hidraulikus Henger D\u00f6mperhez"},"content":{"rendered":"<h2>Gy\u00e1rt\u00f3 Besz\u00e1ll\u00edt\u00f3 Kett\u0151s M\u0171k\u00f6d\u00e9s\u0171 Teleszk\u00f3pos Hidraulikus Henger D\u00f6mperhez<\/h2>\n<p>Bemutatjuk a d\u00f6mperekhez val\u00f3 kett\u0151s m\u0171k\u00f6d\u00e9s\u0171 teleszk\u00f3pos hidraulikus hengert, az FMP, a kiv\u00e1l\u00f3 min\u0151s\u00e9g\u0171 hidraulikus hengereir\u0151l ismert gy\u00e1rt\u00f3 \u00e9s besz\u00e1ll\u00edt\u00f3 \u00e9lvonalbeli term\u00e9k\u00e9t. Ez a term\u00e9k maxim\u00e1lis hat\u00e9konys\u00e1gra \u00e9s tart\u00f3ss\u00e1gra lett tervezve, kiv\u00e1l\u00f3 \u00e9rt\u00e9ket k\u00e9pviselve g\u00e9pjav\u00edt\u00f3 m\u0171helyek, mez\u0151gazdas\u00e1gi \u00fczemek, energia- \u00e9s b\u00e1ny\u00e1szati \u200b\u200bszektorok, g\u00e9pgy\u00e1rt\u00e1s \u00e9s g\u00e9pgy\u00e1rak sz\u00e1m\u00e1ra.<\/p>\n<h3>Term\u00e9kjellemz\u0151k \u00e9s specifik\u00e1ci\u00f3k<\/h3>\n<p>Kett\u0151s m\u0171k\u00f6d\u00e9s\u0171 teleszk\u00f3pos hidraulikus henger\u00fcnket robusztus \u00e9s megb\u00edzhat\u00f3 kialak\u00edt\u00e1sra tervezt\u00fck, ac\u00e9l testtel. Maxim\u00e1lis tol\u00f3ereje 3000, maxim\u00e1lis h\u00faz\u00f3ereje pedig 20 tonna. A furat\u00e1tm\u00e9r\u0151 2-6 h\u00fcvelyk, a r\u00fad m\u00e9rete 1,125-4 h\u00fcvelyk, a l\u00f6kethossz pedig 4-100 h\u00fcvelyk. A csap m\u00e9rete 0,5-2 h\u00fcvelyk, \u00e9s eleg\u00e1ns fekete sz\u00ednben kaphat\u00f3. T\u00f6bbfokozat\u00fa funkcionalit\u00e1s\u00e1val ez a hidraulikus henger ISO9001:2000 tan\u00fas\u00edtv\u00e1nnyal rendelkezik, ami biztos\u00edtja a magas min\u0151s\u00e9get \u00e9s szabv\u00e1nyokat.<\/p>\n<table style=\"width: 98.2317%;\" border=\"\">\n<tbody>\n<tr>\n<td style=\"width: 42.9379%;\"><i>Furatm\u00e9ret<\/i><\/td>\n<td style=\"width: 464.972%;\">2-6 h\u00fcvelyk<\/td>\n<\/tr>\n<tr>\n<td style=\"width: 42.9379%;\"><i>R\u00fad m\u00e9rete<\/i><\/td>\n<td style=\"width: 464.972%;\">1,125-4 h\u00fcvelyk<\/td>\n<\/tr>\n<tr>\n<td style=\"width: 42.9379%;\"><i>Ecsetvon\u00e1s m\u00e9rete<\/i><\/td>\n<td style=\"width: 464.972%;\">4-100 h\u00fcvelyk<\/td>\n<\/tr>\n<tr>\n<td style=\"width: 42.9379%;\"><i>Cs\u00edp\u0151m\u00e9ret<\/i><\/td>\n<td style=\"width: 464.972%;\">0,5-2 h\u00fcvelyk<\/td>\n<\/tr>\n<tr>\n<td style=\"width: 42.9379%;\"><i>kik\u00f6t\u0151k<\/i><\/td>\n<td style=\"width: 464.972%;\">G\/SAE\/NPT\/M<\/td>\n<\/tr>\n<\/tbody>\n<\/table>\n<h3>Egyedi el\u0151ny\u00f6k<\/h3>\n<p>Hidraulikus henger\u00fcnk kiv\u00e9teles energiahat\u00e9konys\u00e1g\u00e1val, nagy teljes\u00edtm\u00e9ny\u00e9vel \u00e9s robusztus biztons\u00e1gi jellemz\u0151ivel t\u0171nik ki a piacon. Nagy nyom\u00e1s alatti hat\u00e9kony m\u0171k\u00f6d\u00e9sre tervezt\u00e9k, \u00edgy biztos\u00edtja a hidraulikus energia sima \u00e9s stabil \u00e1tvitel\u00e9t, minimaliz\u00e1lva a teljes\u00edtm\u00e9nyt ront\u00f3 ingadoz\u00e1sokat. Hidraulikus henger\u00fcnk tart\u00f3s konstrukci\u00f3ja nemcsak a hossz\u00fa t\u00e1v\u00fa haszn\u00e1latot garant\u00e1lja, hanem jelent\u0151sen cs\u00f6kkenti a karbantart\u00e1si k\u00f6lts\u00e9geket is, \u00edgy k\u00f6lts\u00e9ghat\u00e9kony megold\u00e1st jelent a v\u00e1llalkoz\u00e1sok sz\u00e1m\u00e1ra. A megb\u00edzhat\u00f3s\u00e1g \u00e9s a hat\u00e9konys\u00e1g ezen kombin\u00e1ci\u00f3ja lehet\u0151v\u00e9 teszi a felhaszn\u00e1l\u00f3k sz\u00e1m\u00e1ra a termel\u00e9kenys\u00e9g maximaliz\u00e1l\u00e1s\u00e1t, mik\u00f6zben minimaliz\u00e1lja az \u00e1ll\u00e1sid\u0151t \u00e9s az \u00fczemeltet\u00e9si k\u00f6lts\u00e9geket.<\/p>\n<h3>A hidraulikus rendszer meg\u00e9rt\u00e9se<\/h3>\n<p>A hidraulikus rendszer hat\u00e9kony energia\u00e1tviteli m\u00f3dszerk\u00e9nt szolg\u00e1l, nyom\u00e1s alatt l\u00e9v\u0151 folyad\u00e9kot haszn\u00e1lva az er\u0151 \u00e9s a mozg\u00e1s \u00e1tvitel\u00e9re. Ebben a rendszerben a hidraulikus henger m\u0171k\u00f6dtet\u0151k\u00e9nt m\u0171k\u00f6dik, a hidraulikus energi\u00e1t mechanikai mozg\u00e1ss\u00e1 alak\u00edtva. Ez az \u00e1talak\u00edt\u00e1s sz\u00e1mos ipar\u00e1gban elengedhetetlen a k\u00fcl\u00f6nf\u00e9le alkalmaz\u00e1sokhoz, mivel biztos\u00edtja a g\u00e9pek \u00e9s berendez\u00e9sek sz\u00fcks\u00e9ges teljes\u00edtm\u00e9ny\u00e9t \u00e9s vez\u00e9rl\u00e9s\u00e9t. A hidraulika elveinek kihaszn\u00e1l\u00e1s\u00e1val a kezel\u0151k prec\u00edz mozg\u00e1st \u00e9s a neh\u00e9z terhek hat\u00e9kony kezel\u00e9s\u00e9t \u00e9rhetik el, \u00edgy a hidraulikus rendszerek kulcsfontoss\u00e1g\u00faak a pontoss\u00e1got \u00e9s az er\u0151t ig\u00e9nyl\u0151 feladatokhoz.<\/p>\n<h3>Alkalmaz\u00e1sok<\/h3>\n<p>A kett\u0151s m\u0171k\u00f6d\u00e9s\u0171 teleszk\u00f3pos hidraulikus hengert sz\u00e9les k\u00f6rben haszn\u00e1lj\u00e1k d\u00f6mperekben, ahol kritikus szerepet j\u00e1tszik a neh\u00e9z anyagok hat\u00e9kony \u00e9s biztons\u00e1gos emel\u00e9s\u00e9ben. Kialak\u00edt\u00e1sa jelent\u0151s kiny\u00fal\u00e1st \u00e9s visszah\u00faz\u00e1st tesz lehet\u0151v\u00e9, \u00edgy ide\u00e1lis a nagy emel\u00e9si kapacit\u00e1st ig\u00e9nyl\u0151 alkalmaz\u00e1sokhoz. A d\u00f6mpereken t\u00fal ez a hidraulikus henger sz\u00e1mos neh\u00e9zg\u00e9phez alkalmazhat\u00f3 k\u00fcl\u00f6nb\u00f6z\u0151 ipar\u00e1gakban, bele\u00e9rtve az \u00e9p\u00edt\u0151ipart, a mez\u0151gazdas\u00e1got \u00e9s a logisztik\u00e1t. Sokoldal\u00fas\u00e1ga biztos\u00edtja, hogy megfeleljen a k\u00fcl\u00f6nb\u00f6z\u0151 k\u00f6rnyezetek ig\u00e9nyeinek, megb\u00edzhat\u00f3 teljes\u00edtm\u00e9nyt ny\u00fajtva, b\u00e1rhol is alkalmazz\u00e1k.<\/p>\n<h3>Hidraulikus hengerek \u00e9s t\u00e1pegys\u00e9gek<\/h3>\n<p>A hidraulikus hengerek \u00e9s a t\u00e1pegys\u00e9gek a hidraulikus rendszerek alapvet\u0151 alkot\u00f3elemei, amelyek egy\u00fcttm\u0171k\u00f6dve teszik lehet\u0151v\u00e9 a hat\u00e9kony m\u0171k\u00f6d\u00e9st. Ezen alkatr\u00e9szek k\u00f6z\u00f6tti szinergia megk\u00f6nny\u00edti a hidraulikus technol\u00f3gia sz\u00e9les k\u00f6r\u0171 alkalmaz\u00e1s\u00e1t az ipari k\u00f6rnyezetben, biztos\u00edtva a megb\u00edzhat\u00f3 energia- \u00e9s vez\u00e9rl\u00e9st\u00e1mogat\u00e1st a k\u00fcl\u00f6nf\u00e9le m\u00e9rn\u00f6ki \u00e9s g\u00e9p\u00e9szeti berendez\u00e9sek sz\u00e1m\u00e1ra. A hidraulikus henger m\u0171k\u00f6dtet\u0151k\u00e9nt szolg\u00e1l, a hidraulikus energi\u00e1t mechanikai mozg\u00e1ss\u00e1 alak\u00edtja, \u00e9s a nyom\u00e1sb\u00f3l er\u0151t gener\u00e1l. Ezzel szemben a t\u00e1pegys\u00e9g a rendszer sz\u00edvek\u00e9nt m\u0171k\u00f6dik, biztos\u00edtva a m\u0171k\u00f6d\u00e9shez sz\u00fcks\u00e9ges energi\u00e1t \u00e9s vez\u00e9rl\u0151jeleket. Ez az \u00f6sszehangolt interakci\u00f3 l\u00e9tfontoss\u00e1g\u00fa a hidraulikus rendszerek z\u00f6kken\u0151mentes m\u0171k\u00f6d\u00e9s\u00e9hez. Az FMP-n\u00e9l sz\u00e1mos t\u00e1pegys\u00e9get is k\u00edn\u00e1lunk \u00e9rt\u00e9kes\u00edt\u00e9sre, kieg\u00e9sz\u00edtve hidraulikus hengereinket, hogy \u00e1tfog\u00f3 megold\u00e1sokat ny\u00fajtsunk az \u00d6n hidraulikus ig\u00e9nyeire.<\/p>\n<p><img loading=\"lazy\" decoding=\"async\" class=\"alignnone wp-image-6659\" src=\"https:\/\/fmp-components.com\/wp-content\/uploads\/2025\/03\/telescopic-hydraulic-cylinder-12.webp\" alt=\"teleszk\u00f3pos hidraulikus henger\" width=\"917\" height=\"917\" title=\"\" srcset=\"https:\/\/fmp-components.com\/wp-content\/uploads\/2025\/03\/telescopic-hydraulic-cylinder-12.webp 917w, https:\/\/fmp-components.com\/wp-content\/uploads\/2025\/03\/telescopic-hydraulic-cylinder-12-480x480.webp 480w\" sizes=\"(min-width: 0px) and (max-width: 480px) 480px, (min-width: 481px) 917px, 100vw\" \/><\/p>\n<h3>Az FMP-r\u0151l<\/h3>\n<p class=\"break-words\">Az FMP egy vezet\u0151 olasz gy\u00e1rt\u00f3, amely kiv\u00e1l\u00f3 min\u0151s\u00e9g\u0171 hidraulikus hengerek tervez\u00e9s\u00e9re, fejleszt\u00e9s\u00e9re \u00e9s gy\u00e1rt\u00e1s\u00e1ra specializ\u00e1l\u00f3dott. \u00c9vtizedes szak\u00e9rtelemre \u00e9p\u00fcl\u0151 gazdag \u00f6r\u00f6ks\u00e9g\u00fcnkkel b\u00fcszk\u00e9n \u00f6tv\u00f6zz\u00fck az olasz k\u00e9zm\u0171vess\u00e9get a legmodernebb technol\u00f3gi\u00e1val, hogy kiv\u00e9teles hidraulikus megold\u00e1sokat k\u00edn\u00e1ljunk, amelyek a glob\u00e1lis \u00fcgyfeleink sokr\u00e9t\u0171 ig\u00e9nyeit el\u00e9g\u00edtik ki. Az olaszorsz\u00e1gi sz\u00e9khely\u0171, a m\u00e9rn\u00f6ki kiv\u00e1l\u00f3s\u00e1g k\u00f6zpontj\u00e1ban m\u0171k\u00f6d\u0151 FMP megb\u00edzhat\u00f3 n\u00e9v a hidraulikus iparban, elk\u00f6telezett amellett, hogy megb\u00edzhat\u00f3, tart\u00f3s \u00e9s innovat\u00edv term\u00e9keket k\u00edn\u00e1ljon, amelyek vil\u00e1gszerte lend\u00fcletet adnak a v\u00e1llalkoz\u00e1soknak.<\/p>\n<p class=\"break-words\">C\u00e9g\u00fcnk a fejlett gy\u00e1rt\u00e1si hagyom\u00e1nyok legjav\u00e1t \u00f6tv\u00f6zi az el\u0151remutat\u00f3 megk\u00f6zel\u00edt\u00e9ssel. A hidraulikus rendszerek ter\u00e9n szerzett sok\u00e9ves tapasztalat\u00e1ra \u00e9p\u00edtve az FMP egy modern v\u00e1llalkoz\u00e1ss\u00e1 fejl\u0151d\u00f6tt, amely kiemelked\u0151 a kutat\u00e1s, a tervez\u00e9s \u00e9s a gy\u00e1rt\u00e1s ter\u00e9n. Sz\u00e9les hidraulikus hengerv\u00e1laszt\u00e9kra specializ\u00e1l\u00f3dtunk, bele\u00e9rtve a kett\u0151s m\u0171k\u00f6d\u00e9s\u0171 hengereket, az aut\u00f3ipari emel\u0151hengereket, a mez\u0151gazdas\u00e1gi g\u00e9pek hengereit \u00e9s az egyedi tervez\u00e9s\u0171 megold\u00e1sokat k\u00fcl\u00f6nf\u00e9le ipari alkalmaz\u00e1sokhoz. Legyen sz\u00f3 \u00e9p\u00edt\u0151iparr\u00f3l, ipari telep\u00edt\u00e9sekr\u0151l, mez\u0151gazdas\u00e1gr\u00f3l vagy neh\u00e9zg\u00e9pekr\u0151l, hidraulikus hengereinket a legnehezebb k\u00f6r\u00fclm\u00e9nyek k\u00f6z\u00f6tt is k\u00e9pesek teljes\u00edteni, biztos\u00edtva a biztons\u00e1got, a hat\u00e9konys\u00e1got \u00e9s a hossz\u00fa \u00e9lettartamot.<\/p>\n<p><img loading=\"lazy\" decoding=\"async\" class=\"alignnone size-full wp-image-6720\" src=\"https:\/\/fmp-components.com\/wp-content\/uploads\/2025\/03\/hydraulic-cylinder-8.webp\" alt=\"Teleszk\u00f3pos hidraulikus hengerek\" width=\"933\" height=\"526\" title=\"\" srcset=\"https:\/\/fmp-components.com\/wp-content\/uploads\/2025\/03\/hydraulic-cylinder-8.webp 933w, https:\/\/fmp-components.com\/wp-content\/uploads\/2025\/03\/hydraulic-cylinder-8-480x271.webp 480w\" sizes=\"(min-width: 0px) and (max-width: 480px) 480px, (min-width: 481px) 933px, 100vw\" \/><\/p>\n<p class=\"break-words\">Az FMP-n\u00e9l b\u00fcszk\u00e9k vagyunk a legmodernebb gy\u00e1rt\u00f3\u00fczemeinkre, amelyek prec\u00edzi\u00f3s g\u00e9pekkel \u00e9s fejlett vizsg\u00e1l\u00f3rendszerekkel vannak felszerelve. Gy\u00e1rt\u00e1si folyamataink szigor\u00fa nemzeti \u00e9s nemzetk\u00f6zi szabv\u00e1nyoknak felelnek meg, biztos\u00edtva, hogy minden egyes hidraulikus henger, amely elhagyja gy\u00e1runkat, kiv\u00e1l\u00f3 min\u0151s\u00e9g\u0171 \u00e9s megb\u00edzhat\u00f3 legyen. K\u00e9pzett m\u0171szaki csapatunk a legmodernebb berendez\u00e9sekkel p\u00e1rosulva lehet\u0151v\u00e9 teszi sz\u00e1munkra, hogy szigor\u00fa min\u0151s\u00e9gellen\u0151rz\u00e9st tartsunk fenn a gy\u00e1rt\u00e1s minden szakasz\u00e1ban \u2013 az alapanyagok kiv\u00e1laszt\u00e1s\u00e1t\u00f3l a v\u00e9gs\u0151 ellen\u0151rz\u00e9sig. Ez a kiv\u00e1l\u00f3s\u00e1g ir\u00e1nti elk\u00f6telezetts\u00e9g tan\u00fas\u00edtv\u00e1nyokat \u00e9s elismer\u00e9st szerzett nek\u00fcnk az ipar\u00e1gi hat\u00f3s\u00e1gokt\u00f3l, tov\u00e1bb er\u0151s\u00edtve megb\u00edzhat\u00f3 partnerk\u00e9nt szerzett h\u00edrnev\u00fcnket.<\/p>\n<p class=\"break-words\">K\u00fcldet\u00e9s\u00fcnk egyszer\u0171, m\u00e9gis ambici\u00f3zus: olyan hidraulikus hengereket biztos\u00edtani \u00fcgyfeleinknek, amelyek teljes\u00edtm\u00e9ny, tart\u00f3ss\u00e1g \u00e9s \u00e9rt\u00e9k tekintet\u00e9ben fel\u00fclm\u00falj\u00e1k az elv\u00e1r\u00e1sokat. A professzionalizmus, a feddhetetlens\u00e9g \u00e9s az \u00fcgyf\u00e9lk\u00f6zpont\u00fas\u00e1g vez\u00e9relvei szerint m\u0171k\u00f6d\u00fcnk. Az innov\u00e1ci\u00f3 \u00e9s a precizit\u00e1s kult\u00far\u00e1j\u00e1nak \u00e1pol\u00e1s\u00e1val folyamatosan finom\u00edtjuk term\u00e9keinket, hogy meg\u0151rizz\u00fck el\u0151ny\u00fcnket a versenyk\u00e9pes piacon. \u00c1tfog\u00f3 term\u00e9kk\u00edn\u00e1latunk \u00e9s a szem\u00e9lyre szabott megold\u00e1sok k\u00edn\u00e1l\u00e1s\u00e1nak k\u00e9pess\u00e9ge tesz minket a nagy teljes\u00edtm\u00e9ny\u0171 hidraulikus hengereket keres\u0151 v\u00e1llalkoz\u00e1sok els\u0151 sz\u00e1m\u00fa v\u00e1laszt\u00e1s\u00e1v\u00e1.<\/p>\n<p class=\"break-words\">Az FMP t\u00f6bb mint egy gy\u00e1rt\u00f3 \u2013 partnerek vagyunk a siker\u00e9ben. Meg\u00e9rtj\u00fck, hogy \u00fcgyfeleink olyan szersz\u00e1mok sz\u00e1ll\u00edt\u00e1s\u00e1ban b\u00edznak benn\u00fcnk, amelyek n\u00f6velik termel\u00e9kenys\u00e9g\u00fcket \u00e9s biztons\u00e1gukat. Ez\u00e9rt elk\u00f6telezettek vagyunk nemcsak a legjobb min\u0151s\u00e9g\u0171 term\u00e9kek, hanem a kiv\u00e9teles szolg\u00e1ltat\u00e1s ny\u00fajt\u00e1sa ir\u00e1nt is. A kezdeti konzult\u00e1ci\u00f3t\u00f3l az \u00e9rt\u00e9kes\u00edt\u00e9s ut\u00e1ni t\u00e1mogat\u00e1sig szorosan egy\u00fcttm\u0171k\u00f6d\u00fcnk \u00fcgyfeleinkkel annak biztos\u00edt\u00e1sa \u00e9rdek\u00e9ben, hogy ig\u00e9nyeiket professzionalizmussal \u00e9s gondoss\u00e1ggal el\u00e9g\u00edts\u00fck ki. Versenyk\u00e9pes \u00e1raink, p\u00e1rosulva a min\u0151s\u00e9g ir\u00e1nti rend\u00edthetetlen elk\u00f6telezetts\u00e9g\u00fcnkkel, teszik az FMP-t okos v\u00e1laszt\u00e1ss\u00e1 azoknak a v\u00e1llalatoknak, amelyek megb\u00edzhat\u00f3 hidraulikus megold\u00e1sokba szeretn\u00e9nek befektetni.<\/p>\n<h2>GYIK<\/h2>\n<p><b>K: Mennyi a sz\u00e1ll\u00edt\u00e1si id\u0151?<\/b><br \/>\nV: \u00c1ltal\u00e1ban 25-35 nap.<\/p>\n<p><b>K: Biztos\u00edtanak mint\u00e1kat? Ingyenesek vagy k\u00fcl\u00f6n kaphat\u00f3k?<\/b><br \/>\nV: Igen, k\u00edn\u00e1lunk mint\u00e1kat, de ezek nem ingyenesek.<\/p>\n<p><b>K: Tudsz-e a mint\u00e1k szerint gy\u00e1rtani?<\/b><br \/>\nV: Igen, a mint\u00e1k vagy m\u0171szaki rajzok alapj\u00e1n tudunk legy\u00e1rtani. El tudjuk k\u00e9sz\u00edteni a form\u00e1kat \u00e9s a szerelv\u00e9nyeket.<\/p>\n<p>Fedezze fel az FMP kett\u0151s m\u0171k\u00f6d\u00e9s\u0171 teleszk\u00f3pos hidraulikus hengert d\u00f6mperekhez, \u00e9s tapasztalja meg a p\u00e1ratlan teljes\u00edtm\u00e9nyt \u00e9s szab\u00e1lyozhat\u00f3s\u00e1got. Vegye fel vel\u00fcnk a kapcsolatot m\u00e9g ma, hogy megv\u00e1s\u00e1rolhassa \u00e9s a g\u00e9pei teljes\u00edtm\u00e9ny\u00e9t a k\u00f6vetkez\u0151 szintre emelhesse.<\/p>\n<p><img loading=\"lazy\" decoding=\"async\" class=\"alignnone size-full wp-image-6660\" src=\"https:\/\/fmp-components.com\/wp-content\/uploads\/2025\/03\/hydraulic-cylinder-workshop-4.webp\" alt=\"teleszk\u00f3pos hidraulikus henger\" width=\"914\" height=\"733\" title=\"\" srcset=\"https:\/\/fmp-components.com\/wp-content\/uploads\/2025\/03\/hydraulic-cylinder-workshop-4.webp 914w, https:\/\/fmp-components.com\/wp-content\/uploads\/2025\/03\/hydraulic-cylinder-workshop-4-480x385.webp 480w\" sizes=\"(min-width: 0px) and (max-width: 480px) 480px, (min-width: 481px) 914px, 100vw\" \/><\/p>","protected":false},"excerpt":{"rendered":"<p>Gy\u00e1rt\u00f3 Besz\u00e1ll\u00edt\u00f3 Kett\u0151s m\u0171k\u00f6d\u00e9s\u0171 Teleszk\u00f3pos Hidraulikus Henger D\u00f6mperekhez Bemutatjuk a Kett\u0151s m\u0171k\u00f6d\u00e9s\u0171 Teleszk\u00f3pos Hidraulikus Hengert D\u00f6mperekhez, az FMP, a kiv\u00e1l\u00f3 min\u0151s\u00e9g\u0171 hidraulikus hengereir\u0151l ismert gy\u00e1rt\u00f3 \u00e9s besz\u00e1ll\u00edt\u00f3 \u00e9lvonalbeli term\u00e9k\u00e9t. Ez a term\u00e9k maxim\u00e1lis hat\u00e9konys\u00e1gra \u00e9s tart\u00f3ss\u00e1gra lett tervezve, kiv\u00e1l\u00f3 \u00e9rt\u00e9ket k\u00e9pviselve g\u00e9pjav\u00edt\u00f3 m\u0171helyek, gazdas\u00e1gok, energia- \u00e9s b\u00e1ny\u00e1szati \u200b\u200b[\u2026] sz\u00e1m\u00e1ra.<\/p>","protected":false},"featured_media":6671,"comment_status":"closed","ping_status":"closed","template":"","meta":{"_et_pb_use_builder":"","_et_pb_old_content":"","_et_gb_content_width":""},"product_brand":[],"product_cat":[103],"product_tag":[34,105],"class_list":{"0":"post-6504","1":"product","2":"type-product","3":"status-publish","4":"has-post-thumbnail","6":"product_cat-telescopic-hydraulic-cylinders","7":"product_tag-hydraulic-cylinder","8":"product_tag-telescopic-hydraulic-cylinders","10":"first","11":"instock","12":"product-type-simple"},"_links":{"self":[{"href":"https:\/\/fmp-components.com\/hu\/wp-json\/wp\/v2\/product\/6504","targetHints":{"allow":["GET"]}}],"collection":[{"href":"https:\/\/fmp-components.com\/hu\/wp-json\/wp\/v2\/product"}],"about":[{"href":"https:\/\/fmp-components.com\/hu\/wp-json\/wp\/v2\/types\/product"}],"replies":[{"embeddable":true,"href":"https:\/\/fmp-components.com\/hu\/wp-json\/wp\/v2\/comments?post=6504"}],"wp:featuredmedia":[{"embeddable":true,"href":"https:\/\/fmp-components.com\/hu\/wp-json\/wp\/v2\/media\/6671"}],"wp:attachment":[{"href":"https:\/\/fmp-components.com\/hu\/wp-json\/wp\/v2\/media?parent=6504"}],"wp:term":[{"taxonomy":"product_brand","embeddable":true,"href":"https:\/\/fmp-components.com\/hu\/wp-json\/wp\/v2\/product_brand?post=6504"},{"taxonomy":"product_cat","embeddable":true,"href":"https:\/\/fmp-components.com\/hu\/wp-json\/wp\/v2\/product_cat?post=6504"},{"taxonomy":"product_tag","embeddable":true,"href":"https:\/\/fmp-components.com\/hu\/wp-json\/wp\/v2\/product_tag?post=6504"}],"curies":[{"name":"munkaf\u00fczet","href":"https:\/\/api.w.org\/{rel}","templated":true}]}}