{"id":6501,"date":"2025-03-11T06:25:30","date_gmt":"2025-03-11T06:25:30","guid":{"rendered":"https:\/\/fmp-components.com\/product\/low-price-multistage-hydraulic-cylinder-double-acting-for-dump-truck"},"modified":"2025-03-18T02:01:22","modified_gmt":"2025-03-18T02:01:22","slug":"low-price-multistage-hydraulic-cylinder-double-acting-for-dump-truck","status":"publish","type":"product","link":"https:\/\/fmp-components.com\/hu\/product\/low-price-multistage-hydraulic-cylinder-double-acting-for-dump-truck\/","title":{"rendered":"Alacsony \u00e1r\u00fa, t\u00f6bbl\u00e9pcs\u0151s hidraulikus henger, kett\u0151s m\u0171k\u00f6d\u00e9s\u0171 d\u00f6mperhez"},"content":{"rendered":"<h2>Alacsony \u00e1r\u00fa, t\u00f6bbl\u00e9pcs\u0151s hidraulikus henger, kett\u0151s m\u0171k\u00f6d\u00e9s\u0171 d\u00f6mperhez<\/h2>\n<p>Bemutatjuk versenyk\u00e9pes \u00e1r\u00fa, t\u00f6bbfokozat\u00fa hidraulikus henger\u00fcnket, egy kett\u0151s m\u0171k\u00f6d\u00e9s\u0171 megold\u00e1st, amelyet kifejezetten d\u00f6mperekhez terveztek. Ez a nagy teljes\u00edtm\u00e9ny\u0171 g\u00e9p megb\u00edzhat\u00f3 \u00e9s hat\u00e9kony kieg\u00e9sz\u00edt\u0151je lehet neh\u00e9zg\u00e9peinek.<\/p>\n<h2>Term\u00e9kjellemz\u0151k \u00e9s specifik\u00e1ci\u00f3k<\/h2>\n<p>Hidraulikus henger\u00fcnk massz\u00edv ac\u00e9l testtel k\u00e9sz\u00fclt, amelyet sz\u00e9ls\u0151s\u00e9ges munkak\u00f6r\u00fclm\u00e9nyek elvisel\u00e9s\u00e9re tervezt\u00fcnk. Maxim\u00e1lis tol\u00f3ereje 3000, maxim\u00e1lis h\u00faz\u00f3ereje pedig 20 tonna, \u00edgy alkalmass\u00e1 teszi nagy ig\u00e9nybev\u00e9tel\u0171 alkalmaz\u00e1sokhoz.<\/p>\n<table style=\"width: 98.5375%;\" border=\"\">\n<tbody>\n<tr>\n<td style=\"width: 43.5028%;\"><strong>Furatm\u00e9ret<\/strong><\/td>\n<td style=\"width: 477.401%;\">2-6 h\u00fcvelyk<\/td>\n<\/tr>\n<tr>\n<td style=\"width: 43.5028%;\"><strong>R\u00fad m\u00e9rete<\/strong><\/td>\n<td style=\"width: 477.401%;\">1,125-4 h\u00fcvelyk<\/td>\n<\/tr>\n<tr>\n<td style=\"width: 43.5028%;\"><strong>Ecsetvon\u00e1s m\u00e9rete<\/strong><\/td>\n<td style=\"width: 477.401%;\">4-100 h\u00fcvelyk<\/td>\n<\/tr>\n<tr>\n<td style=\"width: 43.5028%;\"><strong>Cs\u00edp\u0151m\u00e9ret<\/strong><\/td>\n<td style=\"width: 477.401%;\">0,5-2 h\u00fcvelyk<\/td>\n<\/tr>\n<tr>\n<td style=\"width: 43.5028%;\"><strong>kik\u00f6t\u0151k<\/strong><\/td>\n<td style=\"width: 477.401%;\">G\/SAE\/NPT\/M<\/td>\n<\/tr>\n<\/tbody>\n<\/table>\n<h2>Egyedi el\u0151ny\u00f6k<\/h2>\n<ul>\n<li>Energiatakar\u00e9kos: Hat\u00e9kony m\u0171k\u00f6d\u00e9st biztos\u00edt, cs\u00f6kkentve az energiafogyaszt\u00e1st \u00e9s az \u00fczemeltet\u00e9si k\u00f6lts\u00e9geket.<\/li>\n<li>Nagy teljes\u00edtm\u00e9ny: Er\u0151s tol\u00f3er\u0151t \u00e9s h\u00faz\u00f3er\u0151t biztos\u00edt neh\u00e9z alkalmaz\u00e1sokhoz.<\/li>\n<li>Biztons\u00e1g: Kiv\u00e1l\u00f3 min\u0151s\u00e9g\u0171 ac\u00e9lb\u00f3l k\u00e9sz\u00fclt, ami tart\u00f3ss\u00e1got \u00e9s megb\u00edzhat\u00f3s\u00e1got biztos\u00edt m\u0171k\u00f6d\u00e9s k\u00f6zben.<\/li>\n<\/ul>\n<h2>M\u0171veletek \u00e9s alkalmaz\u00e1sok<\/h2>\n<p>A t\u00f6bbfokozat\u00fa hidraulikus henger \u00fagy m\u0171k\u00f6dik, hogy a hidraulikus energi\u00e1t mechanikus mozg\u00e1ss\u00e1 alak\u00edtja, biztos\u00edtva a d\u00f6mperek sz\u00e1m\u00e1ra a rakom\u00e1nyuk emel\u00e9s\u00e9hez \u00e9s s\u00fcllyeszt\u00e9s\u00e9hez sz\u00fcks\u00e9ges er\u0151t. Ez alapvet\u0151 fontoss\u00e1g\u00fa alkatr\u00e9szr\u00e9 teszi olyan ipar\u00e1gakban, mint az \u00e9p\u00edt\u0151ipar, a b\u00e1ny\u00e1szat \u00e9s a mez\u0151gazdas\u00e1g.<\/p>\n<p><img loading=\"lazy\" decoding=\"async\" class=\"alignnone wp-image-6656\" src=\"https:\/\/fmp-components.com\/wp-content\/uploads\/2025\/03\/telescopic-hydraulic-cylinder-5.webp\" alt=\"teleszk\u00f3pos hidraulikus henger\" width=\"904\" height=\"904\" title=\"\" srcset=\"https:\/\/fmp-components.com\/wp-content\/uploads\/2025\/03\/telescopic-hydraulic-cylinder-5.webp 904w, https:\/\/fmp-components.com\/wp-content\/uploads\/2025\/03\/telescopic-hydraulic-cylinder-5-480x480.webp 480w\" sizes=\"(min-width: 0px) and (max-width: 480px) 480px, (min-width: 481px) 904px, 100vw\" \/><\/p>\n<h2>Hidraulikus hengerek \u00e9s t\u00e1pegys\u00e9gek<\/h2>\n<p>A hidraulikus hengerek \u00e9s a t\u00e1pegys\u00e9gek minden hidraulikus rendszer szerves r\u00e9sz\u00e9t k\u00e9pezik. A henger a hidraulikus energi\u00e1t mechanikus mozg\u00e1ss\u00e1 alak\u00edtja, m\u00edg a t\u00e1pegys\u00e9g biztos\u00edtja a sz\u00fcks\u00e9ges energi\u00e1t \u00e9s vez\u00e9rl\u0151jeleket. Ez a szinergia biztos\u00edtja a hidraulikus technol\u00f3gia sz\u00e9les k\u00f6r\u0171 alkalmaz\u00e1s\u00e1t a k\u00fcl\u00f6nb\u00f6z\u0151 ipar\u00e1gakban, megb\u00edzhat\u00f3 teljes\u00edtm\u00e9ny- \u00e9s vez\u00e9rl\u00e9si t\u00e1mogat\u00e1st ny\u00fajtva. Az FMP-n\u00e9l t\u00e1pegys\u00e9geket is k\u00edn\u00e1lunk \u00e9rt\u00e9kes\u00edt\u00e9sre, biztos\u00edtva, hogy hidraulikus rendszere a lehet\u0151 legjobban m\u0171k\u00f6dj\u00f6n.<\/p>\n<h3>Az FMP-r\u0151l<\/h3>\n<p>Az FMP egy vezet\u0151 olasz gy\u00e1rt\u00f3, amely a kiv\u00e1l\u00f3 min\u0151s\u00e9g\u0171 hidraulikus hengerek tervez\u00e9s\u00e9ben, fejleszt\u00e9s\u00e9ben \u00e9s gy\u00e1rt\u00e1s\u00e1ban szerzett szak\u00e9rtelm\u00e9r\u0151l ismert. \u00c9vtizedek alatt fel\u00e9p\u00edtett gazdag \u00f6r\u00f6ks\u00e9g\u00fcnkkel z\u00f6kken\u0151mentesen \u00f6tv\u00f6zz\u00fck az olasz k\u00e9zm\u0171vess\u00e9get a legmodernebb technol\u00f3gi\u00e1val, hogy kiemelked\u0151 hidraulikus megold\u00e1sokat k\u00edn\u00e1ljunk, amelyek glob\u00e1lis \u00fcgyfeleink v\u00e1ltozatos ig\u00e9nyeire szabottak. Az Olaszorsz\u00e1gban, a m\u00e9rn\u00f6ki kiv\u00e1l\u00f3s\u00e1g k\u00f6zpontj\u00e1ban tal\u00e1lhat\u00f3 FMP a hidraulikus ipar megb\u00edzhat\u00f3 vezet\u0151jek\u00e9nt l\u00e9pett fel, \u00e9s elk\u00f6telezett amellett, hogy megb\u00edzhat\u00f3, tart\u00f3s \u00e9s innovat\u00edv term\u00e9keket k\u00edn\u00e1ljon, amelyek vil\u00e1gszerte t\u00e1mogass\u00e1k a v\u00e1llalkoz\u00e1sokat.<\/p>\n<p>A fejlett gy\u00e1rt\u00e1si hagyom\u00e1nyokat progressz\u00edv szeml\u00e9lettel \u00f6tv\u00f6zz\u00fck. A hidraulikus rendszerek ter\u00e9n szerzett sok\u00e9ves tapasztalatra \u00e9p\u00edtve az FMP modern v\u00e1llalkoz\u00e1ss\u00e1 alakult, amely kiemelked\u0151 a kutat\u00e1s, a tervez\u00e9s \u00e9s a gy\u00e1rt\u00e1s ter\u00e9n. Szakter\u00fclet\u00fcnk a hidraulikus hengerek sz\u00e9les spektrum\u00e1t \u00f6leli fel, bele\u00e9rtve a kett\u0151s m\u0171k\u00f6d\u00e9s\u0171 hengereket, az aut\u00f3ipari emel\u0151hengereket, a mez\u0151gazdas\u00e1gi g\u00e9pek hengereit \u00e9s az egyedi tervez\u00e9s\u0171 megold\u00e1sokat a k\u00fcl\u00f6nf\u00e9le ipari alkalmaz\u00e1sokhoz. Legyen sz\u00f3 \u00e9p\u00edt\u0151iparr\u00f3l, ipari telep\u00edt\u00e9sekr\u0151l, mez\u0151gazdas\u00e1gr\u00f3l vagy neh\u00e9zg\u00e9pekr\u0151l, hidraulikus hengereinket \u00fagy tervezt\u00fck, hogy a legig\u00e9nyesebb k\u00f6r\u00fclm\u00e9nyek k\u00f6z\u00f6tt is teljes\u00edtsenek, biztos\u00edtva a biztons\u00e1got, a hat\u00e9konys\u00e1got \u00e9s a hossz\u00fa \u00e9lettartamot.<\/p>\n<p><img loading=\"lazy\" decoding=\"async\" class=\"alignnone size-full wp-image-6720\" src=\"https:\/\/fmp-components.com\/wp-content\/uploads\/2025\/03\/hydraulic-cylinder-8.webp\" alt=\"Teleszk\u00f3pos hidraulikus hengerek\" width=\"933\" height=\"526\" title=\"\" srcset=\"https:\/\/fmp-components.com\/wp-content\/uploads\/2025\/03\/hydraulic-cylinder-8.webp 933w, https:\/\/fmp-components.com\/wp-content\/uploads\/2025\/03\/hydraulic-cylinder-8-480x271.webp 480w\" sizes=\"(min-width: 0px) and (max-width: 480px) 480px, (min-width: 481px) 933px, 100vw\" \/><\/p>\n<p>Az FMP-n\u00e9l b\u00fcszk\u00e9k vagyunk a legmodernebb gy\u00e1rt\u00f3\u00fczemeinkre, amelyek prec\u00edzi\u00f3s g\u00e9pekkel \u00e9s fejlett vizsg\u00e1l\u00f3rendszerekkel vannak felszerelve. Gy\u00e1rt\u00e1si folyamataink szigor\u00fa nemzeti \u00e9s nemzetk\u00f6zi szabv\u00e1nyoknak felelnek meg, biztos\u00edtva, hogy minden gy\u00e1rtott hidraulikus henger a legmagasabb min\u0151s\u00e9g\u0171 \u00e9s megb\u00edzhat\u00f3s\u00e1g\u00fa legyen. K\u00e9pzett m\u0171szaki csapatunk \u00e9s korszer\u0171 berendez\u00e9seink lehet\u0151v\u00e9 teszik sz\u00e1munkra, hogy minden gy\u00e1rt\u00e1si szakaszban szigor\u00fa min\u0151s\u00e9gellen\u0151rz\u00e9st tartsunk fenn \u2013 az alapanyagok kiv\u00e1laszt\u00e1s\u00e1t\u00f3l a v\u00e9gs\u0151 ellen\u0151rz\u00e9sig. Ez a kiv\u00e1l\u00f3s\u00e1g ir\u00e1nti elk\u00f6telezetts\u00e9g\u00fcnk tan\u00fas\u00edtv\u00e1nyokat \u00e9s elismer\u00e9st szerzett nek\u00fcnk az ipar\u00e1gi hat\u00f3s\u00e1gokt\u00f3l, tov\u00e1bb er\u0151s\u00edtve megb\u00edzhat\u00f3 partnerk\u00e9nt szerzett h\u00edrnev\u00fcnket.<\/p>\n<p>K\u00fcldet\u00e9s\u00fcnk egyszer\u0171, m\u00e9gis ambici\u00f3zus: olyan hidraulikus hengereket k\u00edn\u00e1lni, amelyek teljes\u00edtm\u00e9ny, tart\u00f3ss\u00e1g \u00e9s \u00e9rt\u00e9k tekintet\u00e9ben fel\u00fclm\u00falj\u00e1k az elv\u00e1r\u00e1sokat. A professzionalizmus, a feddhetetlens\u00e9g \u00e9s az \u00fcgyf\u00e9lk\u00f6zpont\u00fas\u00e1g alapelveit k\u00f6vetj\u00fck. Az innov\u00e1ci\u00f3 \u00e9s a precizit\u00e1s kult\u00far\u00e1j\u00e1nak \u00e1pol\u00e1s\u00e1val folyamatosan finom\u00edtjuk term\u00e9keinket, hogy versenyk\u00e9pesek maradjunk a piacon. Kiterjedt term\u00e9kk\u00edn\u00e1latunk \u00e9s az egyedi megold\u00e1sok k\u00edn\u00e1l\u00e1s\u00e1nak k\u00e9pess\u00e9ge miatt a nagy teljes\u00edtm\u00e9ny\u0171 hidraulikus hengereket ig\u00e9nyl\u0151 v\u00e1llalkoz\u00e1sok el\u0151nyben r\u00e9szes\u00edtett v\u00e1laszt\u00e1s\u00e1v\u00e1 v\u00e1lunk.<\/p>\n<p>Az FMP t\u00f6bb mint egy gy\u00e1rt\u00f3; partnerek vagyunk a siker\u00e9ben. Tudjuk, hogy \u00fcgyfeleink a termel\u00e9kenys\u00e9get \u00e9s a biztons\u00e1got fokoz\u00f3 eszk\u00f6z\u00f6k tekintet\u00e9ben r\u00e1nk t\u00e1maszkodnak. Ez\u00e9rt elk\u00f6telezettek vagyunk nemcsak a kiv\u00e1l\u00f3 min\u0151s\u00e9g\u0171 term\u00e9kek, hanem a kiv\u00e9teles szolg\u00e1ltat\u00e1s ny\u00fajt\u00e1sa ir\u00e1nt is. A kezdeti konzult\u00e1ci\u00f3kt\u00f3l az \u00e9rt\u00e9kes\u00edt\u00e9s ut\u00e1ni t\u00e1mogat\u00e1sig szorosan egy\u00fcttm\u0171k\u00f6d\u00fcnk \u00fcgyfeleinkkel, hogy ig\u00e9nyeiket professzion\u00e1lisan \u00e9s gondosan el\u00e9g\u00edts\u00fck ki. Versenyk\u00e9pes \u00e1raink, valamint a min\u0151s\u00e9g ir\u00e1nti rend\u00edthetetlen elk\u00f6telezetts\u00e9g\u00fcnk teszi az FMP-t okos v\u00e1laszt\u00e1ss\u00e1 a megb\u00edzhat\u00f3 hidraulikus megold\u00e1sokat keres\u0151 v\u00e1llalatok sz\u00e1m\u00e1ra.<\/p>\n<h2>GYIK<\/h2>\n<p><strong>K: Kereskedelmi v\u00e1llalat vagy gy\u00e1rt\u00f3?<\/strong><br \/>\nV: Gy\u00e1rt\u00f3 vagyunk.<\/p>\n<p><strong>K: Mennyi a sz\u00e1ll\u00edt\u00e1si id\u0151?<\/strong><br \/>\nV: \u00c1ltal\u00e1ban 25-35 nap.<\/p>\n<p><strong>K: Biztos\u00edtanak mint\u00e1kat? Ingyenes vagy k\u00fcl\u00f6n fizetend\u0151?<\/strong><br \/>\nV: Igen, felaj\u00e1nlhatn\u00e1nk a mint\u00e1t, de ez nem ingyenes.<\/p>\n<p><img loading=\"lazy\" decoding=\"async\" class=\"alignnone wp-image-6717\" src=\"https:\/\/fmp-components.com\/wp-content\/uploads\/2025\/03\/hydraulic-cylinder-211.webp\" alt=\"Hidraulikus hengerek\" width=\"947\" height=\"949\" title=\"\" srcset=\"https:\/\/fmp-components.com\/wp-content\/uploads\/2025\/03\/hydraulic-cylinder-211.webp 947w, https:\/\/fmp-components.com\/wp-content\/uploads\/2025\/03\/hydraulic-cylinder-211-480x481.webp 480w\" sizes=\"(min-width: 0px) and (max-width: 480px) 480px, (min-width: 481px) 947px, 100vw\" \/><\/p>","protected":false},"excerpt":{"rendered":"<p>Low Price Multistage Hydraulic Cylinder Double Acting For Dump Truck Introducing our competitively priced Multistage hydraulic cylinder, a double acting solution specifically designed for dump trucks. This powerful piece of machinery is a dependable and efficient addition to your heavy-duty equipment. Product Features and Specifications Our hydraulic cylinder is built with a sturdy steel body, [&hellip;]<\/p>","protected":false},"featured_media":6676,"comment_status":"closed","ping_status":"closed","template":"","meta":{"_et_pb_use_builder":"","_et_pb_old_content":"","_et_gb_content_width":""},"product_brand":[],"product_cat":[103],"product_tag":[34,105],"class_list":{"0":"post-6501","1":"product","2":"type-product","3":"status-publish","4":"has-post-thumbnail","6":"product_cat-telescopic-hydraulic-cylinders","7":"product_tag-hydraulic-cylinder","8":"product_tag-telescopic-hydraulic-cylinders","10":"first","11":"instock","12":"product-type-simple"},"_links":{"self":[{"href":"https:\/\/fmp-components.com\/hu\/wp-json\/wp\/v2\/product\/6501","targetHints":{"allow":["GET"]}}],"collection":[{"href":"https:\/\/fmp-components.com\/hu\/wp-json\/wp\/v2\/product"}],"about":[{"href":"https:\/\/fmp-components.com\/hu\/wp-json\/wp\/v2\/types\/product"}],"replies":[{"embeddable":true,"href":"https:\/\/fmp-components.com\/hu\/wp-json\/wp\/v2\/comments?post=6501"}],"wp:featuredmedia":[{"embeddable":true,"href":"https:\/\/fmp-components.com\/hu\/wp-json\/wp\/v2\/media\/6676"}],"wp:attachment":[{"href":"https:\/\/fmp-components.com\/hu\/wp-json\/wp\/v2\/media?parent=6501"}],"wp:term":[{"taxonomy":"product_brand","embeddable":true,"href":"https:\/\/fmp-components.com\/hu\/wp-json\/wp\/v2\/product_brand?post=6501"},{"taxonomy":"product_cat","embeddable":true,"href":"https:\/\/fmp-components.com\/hu\/wp-json\/wp\/v2\/product_cat?post=6501"},{"taxonomy":"product_tag","embeddable":true,"href":"https:\/\/fmp-components.com\/hu\/wp-json\/wp\/v2\/product_tag?post=6501"}],"curies":[{"name":"munkaf\u00fczet","href":"https:\/\/api.w.org\/{rel}","templated":true}]}}