{"id":6499,"date":"2025-03-11T06:25:30","date_gmt":"2025-03-11T06:25:30","guid":{"rendered":"https:\/\/fmp-components.com\/product\/professional-craftsmanship-dump-truck-4-stage-hydraulic-cylinder-small-multistage-hydraulic-cylinder"},"modified":"2025-03-11T08:42:42","modified_gmt":"2025-03-11T08:42:42","slug":"professional-craftsmanship-dump-truck-4-stage-hydraulic-cylinder-small-multistage-hydraulic-cylinder","status":"publish","type":"product","link":"https:\/\/fmp-components.com\/hu\/product\/professional-craftsmanship-dump-truck-4-stage-hydraulic-cylinder-small-multistage-hydraulic-cylinder\/","title":{"rendered":"Professzion\u00e1lis k\u00e9zm\u0171ves d\u00f6mper 4 fokozat\u00fa hidraulikus henger kis t\u00f6bbfokozat\u00fa hidraulikus henger"},"content":{"rendered":"<h2>Professzion\u00e1lis k\u00e9zm\u0171ves d\u00f6mper 4 fokozat\u00fa hidraulikus henger kis t\u00f6bbfokozat\u00fa hidraulikus henger<\/h2>\n<p>A t\u00f6bbfokozat\u00fa hidraulikus henger egy vil\u00e1gsz\u00ednvonal\u00fa term\u00e9k, amelyet k\u00fcl\u00f6nf\u00e9le ipari alkalmaz\u00e1sokhoz terveztek. Kiv\u00e9teles teljes\u00edtm\u00e9nyt, tart\u00f3ss\u00e1got \u00e9s hat\u00e9konys\u00e1got mutat. N\u00e9lk\u00fcl\u00f6zhetetlen eszk\u00f6z a g\u00e9pjav\u00edt\u00f3 m\u0171helyek, mez\u0151gazdas\u00e1gi \u00fczemek, energia- \u00e9s b\u00e1ny\u00e1szati \u200b\u200bipar, g\u00e9pgy\u00e1rt\u00e1s \u00e9s g\u00e9pgy\u00e1rak sz\u00e1m\u00e1ra.<\/p>\n<h2>Term\u00e9kspecifik\u00e1ci\u00f3k<\/h2>\n<table style=\"width: 98.1124%;\" border=\"\">\n<tbody>\n<tr>\n<th style=\"width: 43.5028%;\">Furatm\u00e9ret<\/th>\n<td style=\"width: 475.141%;\">2-6 h\u00fcvelyk<\/td>\n<\/tr>\n<tr>\n<th style=\"width: 43.5028%;\">R\u00fad m\u00e9rete<\/th>\n<td style=\"width: 475.141%;\">1,125-4 h\u00fcvelyk<\/td>\n<\/tr>\n<tr>\n<th style=\"width: 43.5028%;\">Ecsetvon\u00e1s m\u00e9rete<\/th>\n<td style=\"width: 475.141%;\">4-100 h\u00fcvelyk<\/td>\n<\/tr>\n<tr>\n<th style=\"width: 43.5028%;\">Cs\u00edp\u0151m\u00e9ret<\/th>\n<td style=\"width: 475.141%;\">0,5-2 h\u00fcvelyk<\/td>\n<\/tr>\n<tr>\n<th style=\"width: 43.5028%;\">kik\u00f6t\u0151k<\/th>\n<td style=\"width: 475.141%;\">G\/SAE\/NPT\/M<\/td>\n<\/tr>\n<\/tbody>\n<\/table>\n<h2>A t\u00f6bbfokozat\u00fa hidraulikus henger f\u0151bb jellemz\u0151i<\/h2>\n<ul>\n<li>Energiatakar\u00e9kos<\/li>\n<li>Nagy teljes\u00edtm\u00e9ny\u0171<\/li>\n<li>Biztons\u00e1g garant\u00e1lt<\/li>\n<\/ul>\n<h3>Hidraulikus rendszerek \u00e9s m\u0171k\u00f6d\u00e9si elv<\/h3>\n<p>A t\u00f6bbfokozat\u00fa hidraulikus henger a hidraulikus rendszerekben rejl\u0151 folyad\u00e9kteljes\u00edtm\u00e9ny kihaszn\u00e1l\u00e1s\u00e1val m\u0171k\u00f6dik. Ez az innovat\u00edv technol\u00f3gia lehet\u0151v\u00e9 teszi a henger sz\u00e1m\u00e1ra, hogy a hidraulikus energi\u00e1t mechanikai energi\u00e1v\u00e1 alak\u00edtsa, \u00edgy hat\u00e9konyan v\u00e9gez munk\u00e1t sz\u00e1mos ipari alkalmaz\u00e1sban. Amikor a hidraulikus folyad\u00e9kot nyom\u00e1s al\u00e1 helyezik \u00e9s a hengerbe ir\u00e1ny\u00edtj\u00e1k, az egy olyan mozg\u00e1st ind\u00edt el, amely line\u00e1ris mozg\u00e1ss\u00e1 alakul. Ennek a hidraulikus hengernek a hat\u00e9konys\u00e1ga \u00e9s teljes\u00edtm\u00e9nye a kiv\u00e1l\u00f3 tervez\u00e9s \u00e9s kivitelez\u00e9s bizony\u00edt\u00e9ka, biztos\u00edtva, hogy nagy terheket k\u00e9pes pontosan \u00e9s megb\u00edzhat\u00f3an kezelni. Fejlett m\u00e9rn\u00f6ki alkot\u00e1sa z\u00f6kken\u0151mentes m\u0171k\u00f6d\u00e9st \u00e9s alkalmazkod\u00f3k\u00e9pess\u00e9get tesz lehet\u0151v\u00e9, \u00edgy alkalmass\u00e1 teszi az olyan feladatokhoz, amelyek mind az er\u0151t, mind a pontoss\u00e1got ig\u00e9nylik.<\/p>\n<p><img loading=\"lazy\" decoding=\"async\" class=\"alignnone  wp-image-6664\" src=\"https:\/\/fmp-components.com\/wp-content\/uploads\/2025\/03\/telescopic-hydraulic-cylinder-8.webp\" alt=\"teleszk\u00f3pos hidraulikus henger\" width=\"898\" height=\"898\" title=\"\" srcset=\"https:\/\/fmp-components.com\/wp-content\/uploads\/2025\/03\/telescopic-hydraulic-cylinder-8.webp 898w, https:\/\/fmp-components.com\/wp-content\/uploads\/2025\/03\/telescopic-hydraulic-cylinder-8-480x480.webp 480w\" sizes=\"(min-width: 0px) and (max-width: 480px) 480px, (min-width: 481px) 898px, 100vw\" \/><\/p>\n<h3>A hidraulikus henger alkalmaz\u00e1sai<\/h3>\n<p>Ez a hidraulikus henger sokoldal\u00fa, \u00e9s sz\u00e1mos ter\u00fcleten alkalmazhat\u00f3. G\u00e9pjav\u00edt\u00f3 m\u0171helyekben elengedhetetlen a neh\u00e9z alkatr\u00e9szek emel\u00e9s\u00e9hez \u00e9s mozgat\u00e1s\u00e1hoz, megk\u00f6nny\u00edtve a hat\u00e9kony jav\u00edt\u00e1sokat \u00e9s karbantart\u00e1st. Mez\u0151gazdas\u00e1gi k\u00f6rnyezetben kritikus szerepet j\u00e1tszik olyan berendez\u00e9sek hajt\u00e1s\u00e1ban, mint a traktorok \u00e9s a d\u00f6mperek, n\u00f6velve a mez\u0151gazdas\u00e1gi m\u0171veletek termel\u00e9kenys\u00e9g\u00e9t. Az energia- \u00e9s b\u00e1ny\u00e1szati \u200b\u200b\u00e1gazatok jelent\u0151sen profit\u00e1lnak robusztus kialak\u00edt\u00e1s\u00e1b\u00f3l, mivel ellen\u00e1ll az ezekre az ipar\u00e1gakra jellemz\u0151 ig\u00e9nyes k\u00f6r\u00fclm\u00e9nyeknek, \u00edgy ide\u00e1lis a neh\u00e9z feladatokhoz. Ezenk\u00edv\u00fcl sz\u00e9les k\u00f6rben haszn\u00e1lj\u00e1k a g\u00e9pgy\u00e1rt\u00e1sban \u00e9s a gy\u00e1rakban, ahol a sz\u00fcks\u00e9ges er\u0151 biztos\u00edt\u00e1s\u00e1val t\u00e1mogatja a k\u00fcl\u00f6nf\u00e9le termel\u00e9si folyamatokat. Alkalmazkod\u00f3k\u00e9pess\u00e9ge ezekben a v\u00e1ltozatos k\u00f6rnyezetekben kiemeli fontoss\u00e1g\u00e1t, mint megb\u00edzhat\u00f3 eszk\u00f6z a sz\u00e1mos \u00e1gazatban dolgoz\u00f3 szakemberek sz\u00e1m\u00e1ra.<\/p>\n<h3>Hidraulikus hengerek \u00e9s t\u00e1pegys\u00e9gek<\/h3>\n<p>A hidraulikus hengerek \u00e9s a t\u00e1pegys\u00e9gek a hidraulikus rendszerek szerves r\u00e9sz\u00e9t k\u00e9pezik, amelyek harmonikusan m\u0171k\u00f6dnek az optim\u00e1lis teljes\u00edtm\u00e9ny biztos\u00edt\u00e1sa \u00e9rdek\u00e9ben. A hidraulikus henger m\u0171k\u00f6dtet\u0151k\u00e9nt szolg\u00e1l, a hidraulikus energi\u00e1t mechanikai mozg\u00e1ss\u00e1 alak\u00edtja, m\u00edg a t\u00e1pegys\u00e9g energiaforr\u00e1sk\u00e9nt m\u0171k\u00f6dik, ell\u00e1tva a m\u0171k\u00f6d\u00e9shez sz\u00fcks\u00e9ges nyom\u00e1s alatti folyad\u00e9kot. Egy\u00fcttesen megk\u00f6nny\u00edtik a hidraulikus technol\u00f3gia hat\u00e9kony alkalmaz\u00e1s\u00e1t az ipari ter\u00fcleten, megb\u00edzhat\u00f3 energia- \u00e9s vez\u00e9rl\u00e9si t\u00e1mogat\u00e1st ny\u00fajtva sz\u00e1mos m\u00e9rn\u00f6ki \u00e9s g\u00e9p\u00e9szeti berendez\u00e9s sz\u00e1m\u00e1ra. Ez az \u00f6sszehangolt funkci\u00f3 elengedhetetlen a jelent\u0151s er\u0151t \u00e9s pontoss\u00e1got ig\u00e9nyl\u0151 feladatok v\u00e9grehajt\u00e1s\u00e1hoz, biztos\u00edtva a m\u0171veletek z\u00f6kken\u0151mentes \u00e9s hat\u00e9kony m\u0171k\u00f6d\u00e9s\u00e9t. Az FMP-n\u00e9l sz\u00e1mos t\u00e1pegys\u00e9get is k\u00edn\u00e1lunk \u00e9rt\u00e9kes\u00edt\u00e9sre, kieg\u00e9sz\u00edtve hidraulikus hengereinket, \u00e9s teljes k\u00f6r\u0171 megold\u00e1st ny\u00fajtva hidraulikus rendszerig\u00e9nyeire. A min\u0151s\u00e9g \u00e9s az innov\u00e1ci\u00f3 ir\u00e1nti elk\u00f6telezetts\u00e9g\u00fcnk biztos\u00edtja, hogy minden hidraulikus ig\u00e9ny\u00e9vel kapcsolatban r\u00e1nk sz\u00e1m\u00edthasson.<\/p>\n<p><img loading=\"lazy\" decoding=\"async\" class=\"alignnone  wp-image-6665\" src=\"https:\/\/fmp-components.com\/wp-content\/uploads\/2025\/03\/telescopic-hydraulic-cylinder-9.webp\" alt=\"teleszk\u00f3pos hidraulikus henger\" width=\"921\" height=\"921\" title=\"\" srcset=\"https:\/\/fmp-components.com\/wp-content\/uploads\/2025\/03\/telescopic-hydraulic-cylinder-9.webp 921w, https:\/\/fmp-components.com\/wp-content\/uploads\/2025\/03\/telescopic-hydraulic-cylinder-9-480x480.webp 480w\" sizes=\"(min-width: 0px) and (max-width: 480px) 480px, (min-width: 481px) 921px, 100vw\" \/><\/p>\n<h3>Az FMP-r\u0151l<\/h3>\n<p class=\"break-words\">Az FMP egy vezet\u0151 olasz gy\u00e1rt\u00f3, amely kiv\u00e1l\u00f3 min\u0151s\u00e9g\u0171 hidraulikus hengerek tervez\u00e9s\u00e9re, fejleszt\u00e9s\u00e9re \u00e9s gy\u00e1rt\u00e1s\u00e1ra specializ\u00e1l\u00f3dott. \u00c9vtizedes szak\u00e9rtelemre \u00e9p\u00fcl\u0151 gazdag \u00f6r\u00f6ks\u00e9g\u00fcnkkel b\u00fcszk\u00e9n \u00f6tv\u00f6zz\u00fck az olasz k\u00e9zm\u0171vess\u00e9get a legmodernebb technol\u00f3gi\u00e1val, hogy kiv\u00e9teles hidraulikus megold\u00e1sokat k\u00edn\u00e1ljunk, amelyek a glob\u00e1lis \u00fcgyfeleink sokr\u00e9t\u0171 ig\u00e9nyeit el\u00e9g\u00edtik ki. Az olaszorsz\u00e1gi sz\u00e9khely\u0171, a m\u00e9rn\u00f6ki kiv\u00e1l\u00f3s\u00e1g k\u00f6zpontj\u00e1ban m\u0171k\u00f6d\u0151 FMP megb\u00edzhat\u00f3 n\u00e9v a hidraulikus iparban, elk\u00f6telezett amellett, hogy megb\u00edzhat\u00f3, tart\u00f3s \u00e9s innovat\u00edv term\u00e9keket k\u00edn\u00e1ljon, amelyek vil\u00e1gszerte lend\u00fcletet adnak a v\u00e1llalkoz\u00e1soknak.<\/p>\n<p class=\"break-words\">C\u00e9g\u00fcnk a fejlett gy\u00e1rt\u00e1si hagyom\u00e1nyok legjav\u00e1t \u00f6tv\u00f6zi az el\u0151remutat\u00f3 megk\u00f6zel\u00edt\u00e9ssel. A hidraulikus rendszerek ter\u00e9n szerzett sok\u00e9ves tapasztalat\u00e1ra \u00e9p\u00edtve az FMP egy modern v\u00e1llalkoz\u00e1ss\u00e1 fejl\u0151d\u00f6tt, amely kiemelked\u0151 a kutat\u00e1s, a tervez\u00e9s \u00e9s a gy\u00e1rt\u00e1s ter\u00e9n. Sz\u00e9les hidraulikus hengerv\u00e1laszt\u00e9kra specializ\u00e1l\u00f3dtunk, bele\u00e9rtve a kett\u0151s m\u0171k\u00f6d\u00e9s\u0171 hengereket, az aut\u00f3ipari emel\u0151hengereket, a mez\u0151gazdas\u00e1gi g\u00e9pek hengereit \u00e9s az egyedi tervez\u00e9s\u0171 megold\u00e1sokat k\u00fcl\u00f6nf\u00e9le ipari alkalmaz\u00e1sokhoz. Legyen sz\u00f3 \u00e9p\u00edt\u0151iparr\u00f3l, ipari telep\u00edt\u00e9sekr\u0151l, mez\u0151gazdas\u00e1gr\u00f3l vagy neh\u00e9zg\u00e9pekr\u0151l, hidraulikus hengereinket a legnehezebb k\u00f6r\u00fclm\u00e9nyek k\u00f6z\u00f6tt is k\u00e9pesek teljes\u00edteni, biztos\u00edtva a biztons\u00e1got, a hat\u00e9konys\u00e1got \u00e9s a hossz\u00fa \u00e9lettartamot.<\/p>\n<p><img loading=\"lazy\" decoding=\"async\" class=\"alignnone size-full wp-image-6720\" src=\"https:\/\/fmp-components.com\/wp-content\/uploads\/2025\/03\/hydraulic-cylinder-8.webp\" alt=\"Teleszk\u00f3pos hidraulikus hengerek\" width=\"933\" height=\"526\" title=\"\" srcset=\"https:\/\/fmp-components.com\/wp-content\/uploads\/2025\/03\/hydraulic-cylinder-8.webp 933w, https:\/\/fmp-components.com\/wp-content\/uploads\/2025\/03\/hydraulic-cylinder-8-480x271.webp 480w\" sizes=\"(min-width: 0px) and (max-width: 480px) 480px, (min-width: 481px) 933px, 100vw\" \/><\/p>\n<p class=\"break-words\">Az FMP-n\u00e9l b\u00fcszk\u00e9k vagyunk a legmodernebb gy\u00e1rt\u00f3\u00fczemeinkre, amelyek prec\u00edzi\u00f3s g\u00e9pekkel \u00e9s fejlett vizsg\u00e1l\u00f3rendszerekkel vannak felszerelve. Gy\u00e1rt\u00e1si folyamataink szigor\u00fa nemzeti \u00e9s nemzetk\u00f6zi szabv\u00e1nyoknak felelnek meg, biztos\u00edtva, hogy minden egyes hidraulikus henger, amely elhagyja gy\u00e1runkat, kiv\u00e1l\u00f3 min\u0151s\u00e9g\u0171 \u00e9s megb\u00edzhat\u00f3 legyen. K\u00e9pzett m\u0171szaki csapatunk a legmodernebb berendez\u00e9sekkel p\u00e1rosulva lehet\u0151v\u00e9 teszi sz\u00e1munkra, hogy szigor\u00fa min\u0151s\u00e9gellen\u0151rz\u00e9st tartsunk fenn a gy\u00e1rt\u00e1s minden szakasz\u00e1ban \u2013 az alapanyagok kiv\u00e1laszt\u00e1s\u00e1t\u00f3l a v\u00e9gs\u0151 ellen\u0151rz\u00e9sig. Ez a kiv\u00e1l\u00f3s\u00e1g ir\u00e1nti elk\u00f6telezetts\u00e9g tan\u00fas\u00edtv\u00e1nyokat \u00e9s elismer\u00e9st szerzett nek\u00fcnk az ipar\u00e1gi hat\u00f3s\u00e1gokt\u00f3l, tov\u00e1bb er\u0151s\u00edtve megb\u00edzhat\u00f3 partnerk\u00e9nt szerzett h\u00edrnev\u00fcnket.<\/p>\n<p class=\"break-words\">K\u00fcldet\u00e9s\u00fcnk egyszer\u0171, m\u00e9gis ambici\u00f3zus: olyan hidraulikus hengereket biztos\u00edtani \u00fcgyfeleinknek, amelyek teljes\u00edtm\u00e9ny, tart\u00f3ss\u00e1g \u00e9s \u00e9rt\u00e9k tekintet\u00e9ben fel\u00fclm\u00falj\u00e1k az elv\u00e1r\u00e1sokat. A professzionalizmus, a feddhetetlens\u00e9g \u00e9s az \u00fcgyf\u00e9lk\u00f6zpont\u00fas\u00e1g vez\u00e9relvei szerint m\u0171k\u00f6d\u00fcnk. Az innov\u00e1ci\u00f3 \u00e9s a precizit\u00e1s kult\u00far\u00e1j\u00e1nak \u00e1pol\u00e1s\u00e1val folyamatosan finom\u00edtjuk term\u00e9keinket, hogy meg\u0151rizz\u00fck el\u0151ny\u00fcnket a versenyk\u00e9pes piacon. \u00c1tfog\u00f3 term\u00e9kk\u00edn\u00e1latunk \u00e9s a szem\u00e9lyre szabott megold\u00e1sok k\u00edn\u00e1l\u00e1s\u00e1nak k\u00e9pess\u00e9ge tesz minket a nagy teljes\u00edtm\u00e9ny\u0171 hidraulikus hengereket keres\u0151 v\u00e1llalkoz\u00e1sok els\u0151 sz\u00e1m\u00fa v\u00e1laszt\u00e1s\u00e1v\u00e1.<\/p>\n<p class=\"break-words\">Az FMP t\u00f6bb mint egy gy\u00e1rt\u00f3 \u2013 partnerek vagyunk a siker\u00e9ben. Meg\u00e9rtj\u00fck, hogy \u00fcgyfeleink olyan szersz\u00e1mok sz\u00e1ll\u00edt\u00e1s\u00e1ban b\u00edznak benn\u00fcnk, amelyek n\u00f6velik termel\u00e9kenys\u00e9g\u00fcket \u00e9s biztons\u00e1gukat. Ez\u00e9rt elk\u00f6telezettek vagyunk nemcsak a legjobb min\u0151s\u00e9g\u0171 term\u00e9kek, hanem a kiv\u00e9teles szolg\u00e1ltat\u00e1s ny\u00fajt\u00e1sa ir\u00e1nt is. A kezdeti konzult\u00e1ci\u00f3t\u00f3l az \u00e9rt\u00e9kes\u00edt\u00e9s ut\u00e1ni t\u00e1mogat\u00e1sig szorosan egy\u00fcttm\u0171k\u00f6d\u00fcnk \u00fcgyfeleinkkel annak biztos\u00edt\u00e1sa \u00e9rdek\u00e9ben, hogy ig\u00e9nyeiket professzionalizmussal \u00e9s gondoss\u00e1ggal el\u00e9g\u00edts\u00fck ki. Versenyk\u00e9pes \u00e1raink, p\u00e1rosulva a min\u0151s\u00e9g ir\u00e1nti rend\u00edthetetlen elk\u00f6telezetts\u00e9g\u00fcnkkel, teszik az FMP-t okos v\u00e1laszt\u00e1ss\u00e1 azoknak a v\u00e1llalatoknak, amelyek megb\u00edzhat\u00f3 hidraulikus megold\u00e1sokba szeretn\u00e9nek befektetni.<\/p>","protected":false},"excerpt":{"rendered":"<p>Professional Craftsmanship Dump Truck 4 Stage Hydraulic Cylinder Small Multistage Hydraulic Cylinder The Multistage Hydraulic Cylinder is a world-class product designed for various industrial applications. It demonstrates exceptional performance, durability, and efficiency. It is an essential tool for machinery repair shops, farms, energy &amp; mining industries, machinery manufacturing, and machinery factories. Product Specifications Bore Size [&hellip;]<\/p>","protected":false},"featured_media":6678,"comment_status":"closed","ping_status":"closed","template":"","meta":{"_et_pb_use_builder":"","_et_pb_old_content":"","_et_gb_content_width":""},"product_brand":[],"product_cat":[103],"product_tag":[34,105],"class_list":{"0":"post-6499","1":"product","2":"type-product","3":"status-publish","4":"has-post-thumbnail","6":"product_cat-telescopic-hydraulic-cylinders","7":"product_tag-hydraulic-cylinder","8":"product_tag-telescopic-hydraulic-cylinders","10":"first","11":"instock","12":"product-type-simple"},"_links":{"self":[{"href":"https:\/\/fmp-components.com\/hu\/wp-json\/wp\/v2\/product\/6499","targetHints":{"allow":["GET"]}}],"collection":[{"href":"https:\/\/fmp-components.com\/hu\/wp-json\/wp\/v2\/product"}],"about":[{"href":"https:\/\/fmp-components.com\/hu\/wp-json\/wp\/v2\/types\/product"}],"replies":[{"embeddable":true,"href":"https:\/\/fmp-components.com\/hu\/wp-json\/wp\/v2\/comments?post=6499"}],"wp:featuredmedia":[{"embeddable":true,"href":"https:\/\/fmp-components.com\/hu\/wp-json\/wp\/v2\/media\/6678"}],"wp:attachment":[{"href":"https:\/\/fmp-components.com\/hu\/wp-json\/wp\/v2\/media?parent=6499"}],"wp:term":[{"taxonomy":"product_brand","embeddable":true,"href":"https:\/\/fmp-components.com\/hu\/wp-json\/wp\/v2\/product_brand?post=6499"},{"taxonomy":"product_cat","embeddable":true,"href":"https:\/\/fmp-components.com\/hu\/wp-json\/wp\/v2\/product_cat?post=6499"},{"taxonomy":"product_tag","embeddable":true,"href":"https:\/\/fmp-components.com\/hu\/wp-json\/wp\/v2\/product_tag?post=6499"}],"curies":[{"name":"munkaf\u00fczet","href":"https:\/\/api.w.org\/{rel}","templated":true}]}}