{"id":6498,"date":"2025-03-11T06:25:30","date_gmt":"2025-03-11T06:25:30","guid":{"rendered":"https:\/\/fmp-components.com\/product\/high-quality-double-acting-dump-truck-telescopic-hydraulic-cylinder-for-sale"},"modified":"2025-03-11T08:45:51","modified_gmt":"2025-03-11T08:45:51","slug":"high-quality-double-acting-dump-truck-telescopic-hydraulic-cylinder-for-sale","status":"publish","type":"product","link":"https:\/\/fmp-components.com\/hu\/product\/high-quality-double-acting-dump-truck-telescopic-hydraulic-cylinder-for-sale\/","title":{"rendered":"Kiv\u00e1l\u00f3 min\u0151s\u00e9g\u0171 kett\u0151s m\u0171k\u00f6d\u00e9s\u0171 d\u00f6mper teleszk\u00f3pos hidraulikus henger elad\u00f3"},"content":{"rendered":"<h2>Kiv\u00e1l\u00f3 min\u0151s\u00e9g\u0171 kett\u0151s m\u0171k\u00f6d\u00e9s\u0171 d\u00f6mper teleszk\u00f3pos hidraulikus henger elad\u00f3<\/h2>\n<p>A kiv\u00e1l\u00f3 min\u0151s\u00e9g\u0171, kett\u0151s m\u0171k\u00f6d\u00e9s\u0171 d\u00f6mper teleszk\u00f3pos hidraulikus henger n\u00e9lk\u00fcl\u00f6zhetetlen eszk\u00f6z minden ipari m\u0171velethez. Ez a nagy teljes\u00edtm\u00e9ny\u0171 berendez\u00e9s k\u00fcl\u00f6nf\u00e9le ipar\u00e1gakban val\u00f3 haszn\u00e1latra k\u00e9sz\u00fclt, bele\u00e9rtve a g\u00e9pjav\u00edt\u00f3 m\u0171helyeket, a mez\u0151gazdas\u00e1got, az energia- \u00e9s b\u00e1ny\u00e1szatot, a g\u00e9pgy\u00e1rt\u00e1st \u00e9s a g\u00e9pgy\u00e1rakat.<\/p>\n<p>Hidraulikus henger\u00fcnk nemcsak robusztus \u00e9s tart\u00f3s, hanem hat\u00e9kony \u00e9s megb\u00edzhat\u00f3 is. Alkalmaz\u00e1sa kritikus fontoss\u00e1g\u00fa sz\u00e1mos ipari m\u0171veletben, mivel biztos\u00edtja a sz\u00fcks\u00e9ges teljes\u00edtm\u00e9nyt \u00e9s vez\u00e9rl\u00e9st az ig\u00e9nyes k\u00f6rnyezetben az optim\u00e1lis teljes\u00edtm\u00e9nyhez.<\/p>\n<h2>Term\u00e9kadatok<\/h2>\n<table style=\"width: 93.8844%;\" border=\"\">\n<tbody>\n<tr>\n<th style=\"width: 42.9379%;\">Furatm\u00e9ret<\/th>\n<th style=\"width: 455.367%;\">2-6 h\u00fcvelyk<\/th>\n<\/tr>\n<tr>\n<th style=\"width: 42.9379%;\">R\u00fad m\u00e9rete<\/th>\n<th style=\"width: 455.367%;\">1,125-4 h\u00fcvelyk<\/th>\n<\/tr>\n<tr>\n<th style=\"width: 42.9379%;\">Ecsetvon\u00e1s m\u00e9rete<\/th>\n<th style=\"width: 455.367%;\">4-100 h\u00fcvelyk<\/th>\n<\/tr>\n<tr>\n<th style=\"width: 42.9379%;\">Cs\u00edp\u0151m\u00e9ret<\/th>\n<th style=\"width: 455.367%;\">0,5-2 h\u00fcvelyk<\/th>\n<\/tr>\n<tr>\n<th style=\"width: 42.9379%;\">kik\u00f6t\u0151k<\/th>\n<th style=\"width: 455.367%;\">G\/SAE\/NPT\/M<\/th>\n<\/tr>\n<\/tbody>\n<\/table>\n<h2>F\u0151bb jellemz\u0151k<\/h2>\n<ul>\n<li>Energiatakar\u00e9kos<\/li>\n<li>Nagy teljes\u00edtm\u00e9ny\u0171<\/li>\n<li>Biztons\u00e1gos \u00e9s megb\u00edzhat\u00f3<\/li>\n<li>Standard \u00e9s nem szabv\u00e1nyos szerkezet<\/li>\n<li>Nagy maxim\u00e1lis tol\u00f3er\u0151 \u00e9s h\u00faz\u00f3er\u0151<\/li>\n<\/ul>\n<h2>Hidraulikus rendszer \u00e9s m\u0171k\u00f6d\u00e9si elv<\/h2>\n<p>A hidraulikus henger a hidraulikus rendszer alapvet\u0151 alkot\u00f3eleme, amely a folyad\u00e9kdinamika elveit alkalmazza er\u0151 \u00e9s mozg\u00e1s l\u00e9trehoz\u00e1s\u00e1ra. Ez a henger \u00fagy m\u0171k\u00f6dik, hogy a hidraulikus nyom\u00e1st mechanikai er\u0151v\u00e9 alak\u00edtja, lehet\u0151v\u00e9 t\u00e9ve az ipari g\u00e9pek \u00e9s berendez\u00e9sek pontos \u00e9s hat\u00e9kony mozg\u00e1s\u00e1t. Amikor a hidraulikus folyad\u00e9kot nyom\u00e1s al\u00e1 helyezik \u00e9s a hengerbe ir\u00e1ny\u00edtj\u00e1k, er\u0151t hoz l\u00e9tre, amely mozgatja a benne l\u00e9v\u0151 dugatty\u00fat, lehet\u0151v\u00e9 t\u00e9ve a tev\u00e9kenys\u00e9gek sz\u00e9les sk\u00e1l\u00e1j\u00e1t az emel\u00e9st\u0151l \u00e9s a tol\u00e1st\u00f3l a forgat\u00e1sig \u00e9s a befog\u00e1sig. Ez a mechanizmus biztos\u00edtja a sima \u00e9s \u00e9rz\u00e9keny m\u0171k\u00f6d\u00e9st, lehet\u0151v\u00e9 t\u00e9ve a magas szint\u0171 termel\u00e9kenys\u00e9get \u00e9s megb\u00edzhat\u00f3s\u00e1got a k\u00fcl\u00f6nb\u00f6z\u0151 ipari alkalmaz\u00e1sokban.<\/p>\n<p><img loading=\"lazy\" decoding=\"async\" class=\"alignnone  wp-image-6662\" src=\"https:\/\/fmp-components.com\/wp-content\/uploads\/2025\/03\/telescopic-hydraulic-cylinder-4.webp\" alt=\"teleszk\u00f3pos hidraulikus henger\" width=\"915\" height=\"915\" title=\"\" srcset=\"https:\/\/fmp-components.com\/wp-content\/uploads\/2025\/03\/telescopic-hydraulic-cylinder-4.webp 915w, https:\/\/fmp-components.com\/wp-content\/uploads\/2025\/03\/telescopic-hydraulic-cylinder-4-480x480.webp 480w\" sizes=\"(min-width: 0px) and (max-width: 480px) 480px, (min-width: 481px) 915px, 100vw\" \/><\/p>\n<h2>Alkalmaz\u00e1sok<\/h2>\n<p>Teleszk\u00f3pos hidraulikus henger\u00fcnket \u00fagy tervezt\u00fck, hogy a legk\u00fcl\u00f6nf\u00e9l\u00e9bb alkalmaz\u00e1sok ig\u00e9nyeit kiel\u00e9g\u00edtse. G\u00e9pjav\u00edt\u00f3 m\u0171helyekben felbecs\u00fclhetetlen \u00e9rt\u00e9k\u0171nek bizonyul neh\u00e9z berendez\u00e9sek \u00e9s alkatr\u00e9szek emel\u00e9s\u00e9hez, lehet\u0151v\u00e9 t\u00e9ve a technikusok sz\u00e1m\u00e1ra a karbantart\u00e1s \u00e9s jav\u00edt\u00e1sok egyszer\u0171 elv\u00e9gz\u00e9s\u00e9t. Mez\u0151gazdas\u00e1gi k\u00f6rnyezetben ez a hidraulikus henger jav\u00edtja a traktorok \u00e9s egy\u00e9b mez\u0151gazdas\u00e1gi g\u00e9pek funkcionalit\u00e1s\u00e1t, lehet\u0151v\u00e9 t\u00e9ve az anyagok \u00e9s term\u00e9nyek hat\u00e9kony kezel\u00e9s\u00e9t. Az energia- \u00e9s b\u00e1ny\u00e1szati \u200b\u200b\u00e1gazatok is profit\u00e1lnak robusztus teljes\u00edtm\u00e9ny\u00e9b\u0151l, mivel ellen\u00e1ll az ezekben az ipar\u00e1gakban gyakran el\u0151fordul\u00f3 zord k\u00f6r\u00fclm\u00e9nyeknek, \u00edgy ide\u00e1liss\u00e1 teszik a neh\u00e9z feladatokhoz, p\u00e9ld\u00e1ul az anyagok emel\u00e9s\u00e9hez \u00e9s sz\u00e1ll\u00edt\u00e1s\u00e1hoz. Ezenk\u00edv\u00fcl a g\u00e9pgy\u00e1rt\u00e1sban \u00e9s a gy\u00e1rakban a teleszk\u00f3pos hidraulikus henger megk\u00f6nny\u00edti a k\u00fcl\u00f6nb\u00f6z\u0151 termel\u00e9si folyamatokat, biztos\u00edtva a sz\u00fcks\u00e9ges er\u0151t az \u00f6sszeszerel\u00e9shez \u00e9s az anyagmozgat\u00e1shoz. Sokoldal\u00fas\u00e1ga \u00e9s szil\u00e1rds\u00e1ga n\u00e9lk\u00fcl\u00f6zhetetlen eszk\u00f6zz\u00e9 teszi a szakemberek sz\u00e1m\u00e1ra sz\u00e1mos ter\u00fcleten.<\/p>\n<h2>Hidraulikus hengerek \u00e9s t\u00e1pegys\u00e9gek<\/h2>\n<p>A hidraulikus henger \u00e9s a t\u00e1pegys\u00e9g minden hidraulikus rendszer elv\u00e1laszthatatlan elemei, amelyek egy\u00fcttm\u0171k\u00f6dve biztos\u00edtj\u00e1k az optim\u00e1lis teljes\u00edtm\u00e9nyt \u00e9s hat\u00e9konys\u00e1got. A hidraulikus henger m\u0171k\u00f6dtet\u0151k\u00e9nt m\u0171k\u00f6dik, a hidraulikus energi\u00e1t mechanikai mozg\u00e1ss\u00e1 alak\u00edtja, m\u00edg a t\u00e1pegys\u00e9g a rendszer motorjak\u00e9nt szolg\u00e1l, ell\u00e1tva a m\u0171k\u00f6d\u00e9shez sz\u00fcks\u00e9ges nyom\u00e1s alatti folyad\u00e9kot. Ez az \u00f6sszehangolt funkci\u00f3 kulcsfontoss\u00e1g\u00fa a hidraulikus technol\u00f3gia ipari szektorban t\u00f6rt\u00e9n\u0151 megval\u00f3s\u00edt\u00e1s\u00e1hoz, megb\u00edzhat\u00f3 energia- \u00e9s vez\u00e9rl\u00e9si t\u00e1mogat\u00e1st ny\u00fajtva sz\u00e1mos m\u00e9rn\u00f6ki \u00e9s g\u00e9p\u00e9szeti berendez\u00e9s sz\u00e1m\u00e1ra. Ezen alkatr\u00e9szek k\u00f6z\u00f6tti szinergia lehet\u0151v\u00e9 teszi sz\u00e1mukra, hogy a neh\u00e9z feladatokat pontosan \u00e9s megb\u00edzhat\u00f3an kezelj\u00e9k. Az Ever-powern\u00e9l t\u00e1pegys\u00e9gek v\u00e1laszt\u00e9k\u00e1t is k\u00edn\u00e1ljuk \u00e9rt\u00e9kes\u00edt\u00e9sre, kieg\u00e9sz\u00edtve hidraulikus hengereinket, \u00e9s \u00e1tfog\u00f3 megold\u00e1sokat ny\u00fajtva hidraulikus rendszerig\u00e9nyeire. A min\u0151s\u00e9g \u00e9s az innov\u00e1ci\u00f3 ir\u00e1nti elk\u00f6telezetts\u00e9g\u00fcnk biztos\u00edtja, hogy a legjobb term\u00e9keket kapja m\u0171k\u00f6d\u00e9si k\u00e9pess\u00e9geinek n\u00f6vel\u00e9se \u00e9rdek\u00e9ben.<\/p>\n<p><img loading=\"lazy\" decoding=\"async\" class=\"alignnone  wp-image-6663\" src=\"https:\/\/fmp-components.com\/wp-content\/uploads\/2025\/03\/telescopic-hydraulic-cylinder-11.webp\" alt=\"teleszk\u00f3pos hidraulikus henger\" width=\"905\" height=\"905\" title=\"\" srcset=\"https:\/\/fmp-components.com\/wp-content\/uploads\/2025\/03\/telescopic-hydraulic-cylinder-11.webp 905w, https:\/\/fmp-components.com\/wp-content\/uploads\/2025\/03\/telescopic-hydraulic-cylinder-11-480x480.webp 480w\" sizes=\"(min-width: 0px) and (max-width: 480px) 480px, (min-width: 481px) 905px, 100vw\" \/><\/p>\n<h2>GYIK<\/h2>\n<ol>\n<li><strong>Kereskedelmi v\u00e1llalat vagy gy\u00e1rt\u00f3?<\/strong><br \/>\nMi egy gy\u00e1r vagyunk.<\/li>\n<li><strong>Mennyi a sz\u00e1ll\u00edt\u00e1si id\u0151?<\/strong><br \/>\nSz\u00e1ll\u00edt\u00e1si id\u0151nk jellemz\u0151en 25-35 nap.<\/li>\n<li><strong>Tudsz a mint\u00e1k szerint gy\u00e1rtani?<\/strong><br \/>\nIgen, a mint\u00e1k vagy m\u0171szaki rajzok alapj\u00e1n tudunk legy\u00e1rtani. A form\u00e1kat \u00e9s a szerelv\u00e9nyeket is elk\u00e9sz\u00edtj\u00fck.<\/li>\n<\/ol>\n<h3>Az FMP-r\u0151l<\/h3>\n<p class=\"break-words\">Az FMP egy vezet\u0151 olasz gy\u00e1rt\u00f3, amely kiv\u00e1l\u00f3 min\u0151s\u00e9g\u0171 hidraulikus hengerek tervez\u00e9s\u00e9re, fejleszt\u00e9s\u00e9re \u00e9s gy\u00e1rt\u00e1s\u00e1ra specializ\u00e1l\u00f3dott. \u00c9vtizedes szak\u00e9rtelemre \u00e9p\u00fcl\u0151 gazdag \u00f6r\u00f6ks\u00e9g\u00fcnkkel b\u00fcszk\u00e9n \u00f6tv\u00f6zz\u00fck az olasz k\u00e9zm\u0171vess\u00e9get a legmodernebb technol\u00f3gi\u00e1val, hogy kiv\u00e9teles hidraulikus megold\u00e1sokat k\u00edn\u00e1ljunk, amelyek a glob\u00e1lis \u00fcgyfeleink sokr\u00e9t\u0171 ig\u00e9nyeit el\u00e9g\u00edtik ki. Az olaszorsz\u00e1gi sz\u00e9khely\u0171, a m\u00e9rn\u00f6ki kiv\u00e1l\u00f3s\u00e1g k\u00f6zpontj\u00e1ban m\u0171k\u00f6d\u0151 FMP megb\u00edzhat\u00f3 n\u00e9v a hidraulikus iparban, elk\u00f6telezett amellett, hogy megb\u00edzhat\u00f3, tart\u00f3s \u00e9s innovat\u00edv term\u00e9keket k\u00edn\u00e1ljon, amelyek vil\u00e1gszerte lend\u00fcletet adnak a v\u00e1llalkoz\u00e1soknak.<\/p>\n<p class=\"break-words\">C\u00e9g\u00fcnk a fejlett gy\u00e1rt\u00e1si hagyom\u00e1nyok legjav\u00e1t \u00f6tv\u00f6zi az el\u0151remutat\u00f3 megk\u00f6zel\u00edt\u00e9ssel. A hidraulikus rendszerek ter\u00e9n szerzett sok\u00e9ves tapasztalat\u00e1ra \u00e9p\u00edtve az FMP egy modern v\u00e1llalkoz\u00e1ss\u00e1 fejl\u0151d\u00f6tt, amely kiemelked\u0151 a kutat\u00e1s, a tervez\u00e9s \u00e9s a gy\u00e1rt\u00e1s ter\u00e9n. Sz\u00e9les hidraulikus hengerv\u00e1laszt\u00e9kra specializ\u00e1l\u00f3dtunk, bele\u00e9rtve a kett\u0151s m\u0171k\u00f6d\u00e9s\u0171 hengereket, az aut\u00f3ipari emel\u0151hengereket, a mez\u0151gazdas\u00e1gi g\u00e9pek hengereit \u00e9s az egyedi tervez\u00e9s\u0171 megold\u00e1sokat k\u00fcl\u00f6nf\u00e9le ipari alkalmaz\u00e1sokhoz. Legyen sz\u00f3 \u00e9p\u00edt\u0151iparr\u00f3l, ipari telep\u00edt\u00e9sekr\u0151l, mez\u0151gazdas\u00e1gr\u00f3l vagy neh\u00e9zg\u00e9pekr\u0151l, hidraulikus hengereinket a legnehezebb k\u00f6r\u00fclm\u00e9nyek k\u00f6z\u00f6tt is k\u00e9pesek teljes\u00edteni, biztos\u00edtva a biztons\u00e1got, a hat\u00e9konys\u00e1got \u00e9s a hossz\u00fa \u00e9lettartamot.<\/p>\n<p><img loading=\"lazy\" decoding=\"async\" class=\"alignnone size-full wp-image-6720\" src=\"https:\/\/fmp-components.com\/wp-content\/uploads\/2025\/03\/hydraulic-cylinder-8.webp\" alt=\"Teleszk\u00f3pos hidraulikus hengerek\" width=\"933\" height=\"526\" title=\"\" srcset=\"https:\/\/fmp-components.com\/wp-content\/uploads\/2025\/03\/hydraulic-cylinder-8.webp 933w, https:\/\/fmp-components.com\/wp-content\/uploads\/2025\/03\/hydraulic-cylinder-8-480x271.webp 480w\" sizes=\"(min-width: 0px) and (max-width: 480px) 480px, (min-width: 481px) 933px, 100vw\" \/><\/p>\n<p class=\"break-words\">Az FMP-n\u00e9l b\u00fcszk\u00e9k vagyunk a legmodernebb gy\u00e1rt\u00f3\u00fczemeinkre, amelyek prec\u00edzi\u00f3s g\u00e9pekkel \u00e9s fejlett vizsg\u00e1l\u00f3rendszerekkel vannak felszerelve. Gy\u00e1rt\u00e1si folyamataink szigor\u00fa nemzeti \u00e9s nemzetk\u00f6zi szabv\u00e1nyoknak felelnek meg, biztos\u00edtva, hogy minden egyes hidraulikus henger, amely elhagyja gy\u00e1runkat, kiv\u00e1l\u00f3 min\u0151s\u00e9g\u0171 \u00e9s megb\u00edzhat\u00f3 legyen. K\u00e9pzett m\u0171szaki csapatunk a legmodernebb berendez\u00e9sekkel p\u00e1rosulva lehet\u0151v\u00e9 teszi sz\u00e1munkra, hogy szigor\u00fa min\u0151s\u00e9gellen\u0151rz\u00e9st tartsunk fenn a gy\u00e1rt\u00e1s minden szakasz\u00e1ban \u2013 az alapanyagok kiv\u00e1laszt\u00e1s\u00e1t\u00f3l a v\u00e9gs\u0151 ellen\u0151rz\u00e9sig. Ez a kiv\u00e1l\u00f3s\u00e1g ir\u00e1nti elk\u00f6telezetts\u00e9g tan\u00fas\u00edtv\u00e1nyokat \u00e9s elismer\u00e9st szerzett nek\u00fcnk az ipar\u00e1gi hat\u00f3s\u00e1gokt\u00f3l, tov\u00e1bb er\u0151s\u00edtve megb\u00edzhat\u00f3 partnerk\u00e9nt szerzett h\u00edrnev\u00fcnket.<\/p>\n<p class=\"break-words\">K\u00fcldet\u00e9s\u00fcnk egyszer\u0171, m\u00e9gis ambici\u00f3zus: olyan hidraulikus hengereket biztos\u00edtani \u00fcgyfeleinknek, amelyek teljes\u00edtm\u00e9ny, tart\u00f3ss\u00e1g \u00e9s \u00e9rt\u00e9k tekintet\u00e9ben fel\u00fclm\u00falj\u00e1k az elv\u00e1r\u00e1sokat. A professzionalizmus, a feddhetetlens\u00e9g \u00e9s az \u00fcgyf\u00e9lk\u00f6zpont\u00fas\u00e1g vez\u00e9relvei szerint m\u0171k\u00f6d\u00fcnk. Az innov\u00e1ci\u00f3 \u00e9s a precizit\u00e1s kult\u00far\u00e1j\u00e1nak \u00e1pol\u00e1s\u00e1val folyamatosan finom\u00edtjuk term\u00e9keinket, hogy meg\u0151rizz\u00fck el\u0151ny\u00fcnket a versenyk\u00e9pes piacon. \u00c1tfog\u00f3 term\u00e9kk\u00edn\u00e1latunk \u00e9s a szem\u00e9lyre szabott megold\u00e1sok k\u00edn\u00e1l\u00e1s\u00e1nak k\u00e9pess\u00e9ge tesz minket a nagy teljes\u00edtm\u00e9ny\u0171 hidraulikus hengereket keres\u0151 v\u00e1llalkoz\u00e1sok els\u0151 sz\u00e1m\u00fa v\u00e1laszt\u00e1s\u00e1v\u00e1.<\/p>\n<p class=\"break-words\">Az FMP t\u00f6bb mint egy gy\u00e1rt\u00f3 \u2013 partnerek vagyunk a siker\u00e9ben. Meg\u00e9rtj\u00fck, hogy \u00fcgyfeleink olyan szersz\u00e1mok sz\u00e1ll\u00edt\u00e1s\u00e1ban b\u00edznak benn\u00fcnk, amelyek n\u00f6velik termel\u00e9kenys\u00e9g\u00fcket \u00e9s biztons\u00e1gukat. Ez\u00e9rt elk\u00f6telezettek vagyunk nemcsak a legjobb min\u0151s\u00e9g\u0171 term\u00e9kek, hanem a kiv\u00e9teles szolg\u00e1ltat\u00e1s ny\u00fajt\u00e1sa ir\u00e1nt is. A kezdeti konzult\u00e1ci\u00f3t\u00f3l az \u00e9rt\u00e9kes\u00edt\u00e9s ut\u00e1ni t\u00e1mogat\u00e1sig szorosan egy\u00fcttm\u0171k\u00f6d\u00fcnk \u00fcgyfeleinkkel annak biztos\u00edt\u00e1sa \u00e9rdek\u00e9ben, hogy ig\u00e9nyeiket professzionalizmussal \u00e9s gondoss\u00e1ggal el\u00e9g\u00edts\u00fck ki. Versenyk\u00e9pes \u00e1raink, p\u00e1rosulva a min\u0151s\u00e9g ir\u00e1nti rend\u00edthetetlen elk\u00f6telezetts\u00e9g\u00fcnkkel, teszik az FMP-t okos v\u00e1laszt\u00e1ss\u00e1 azoknak a v\u00e1llalatoknak, amelyek megb\u00edzhat\u00f3 hidraulikus megold\u00e1sokba szeretn\u00e9nek befektetni.<\/p>\n<p><img loading=\"lazy\" decoding=\"async\" class=\"alignnone  wp-image-6717\" src=\"https:\/\/fmp-components.com\/wp-content\/uploads\/2025\/03\/hydraulic-cylinder-211.webp\" alt=\"Hidraulikus hengerek\" width=\"922\" height=\"924\" title=\"\" srcset=\"https:\/\/fmp-components.com\/wp-content\/uploads\/2025\/03\/hydraulic-cylinder-211.webp 922w, https:\/\/fmp-components.com\/wp-content\/uploads\/2025\/03\/hydraulic-cylinder-211-480x481.webp 480w\" sizes=\"(min-width: 0px) and (max-width: 480px) 480px, (min-width: 481px) 922px, 100vw\" \/><\/p>","protected":false},"excerpt":{"rendered":"<p>High Quality Double Acting Dump Truck Telescopic Hydraulic Cylinder for Sale The High Quality Double Acting Dump Truck Telescopic hydraulic cylinder is an essential tool for any industrial operation. This powerful piece of equipment is designed for use in various industries, including machinery repair shops, farms, energy &amp; mining, machinery manufacturing, and machinery factories. Our [&hellip;]<\/p>","protected":false},"featured_media":6679,"comment_status":"closed","ping_status":"closed","template":"","meta":{"_et_pb_use_builder":"","_et_pb_old_content":"","_et_gb_content_width":""},"product_brand":[],"product_cat":[103],"product_tag":[34,105],"class_list":{"0":"post-6498","1":"product","2":"type-product","3":"status-publish","4":"has-post-thumbnail","6":"product_cat-telescopic-hydraulic-cylinders","7":"product_tag-hydraulic-cylinder","8":"product_tag-telescopic-hydraulic-cylinders","10":"first","11":"instock","12":"product-type-simple"},"_links":{"self":[{"href":"https:\/\/fmp-components.com\/hu\/wp-json\/wp\/v2\/product\/6498","targetHints":{"allow":["GET"]}}],"collection":[{"href":"https:\/\/fmp-components.com\/hu\/wp-json\/wp\/v2\/product"}],"about":[{"href":"https:\/\/fmp-components.com\/hu\/wp-json\/wp\/v2\/types\/product"}],"replies":[{"embeddable":true,"href":"https:\/\/fmp-components.com\/hu\/wp-json\/wp\/v2\/comments?post=6498"}],"wp:featuredmedia":[{"embeddable":true,"href":"https:\/\/fmp-components.com\/hu\/wp-json\/wp\/v2\/media\/6679"}],"wp:attachment":[{"href":"https:\/\/fmp-components.com\/hu\/wp-json\/wp\/v2\/media?parent=6498"}],"wp:term":[{"taxonomy":"product_brand","embeddable":true,"href":"https:\/\/fmp-components.com\/hu\/wp-json\/wp\/v2\/product_brand?post=6498"},{"taxonomy":"product_cat","embeddable":true,"href":"https:\/\/fmp-components.com\/hu\/wp-json\/wp\/v2\/product_cat?post=6498"},{"taxonomy":"product_tag","embeddable":true,"href":"https:\/\/fmp-components.com\/hu\/wp-json\/wp\/v2\/product_tag?post=6498"}],"curies":[{"name":"munkaf\u00fczet","href":"https:\/\/api.w.org\/{rel}","templated":true}]}}