{"id":6494,"date":"2025-03-11T06:25:30","date_gmt":"2025-03-11T06:25:30","guid":{"rendered":"https:\/\/fmp-components.com\/product\/direct-sales-mini-dump-truck-hydraulic-cylinder-telescopic-hydraulic-cylinder"},"modified":"2025-03-11T07:47:56","modified_gmt":"2025-03-11T07:47:56","slug":"direct-sales-mini-dump-truck-hydraulic-cylinder-telescopic-hydraulic-cylinder","status":"publish","type":"product","link":"https:\/\/fmp-components.com\/hu\/product\/direct-sales-mini-dump-truck-hydraulic-cylinder-telescopic-hydraulic-cylinder\/","title":{"rendered":"K\u00f6zvetlen \u00e9rt\u00e9kes\u00edt\u00e9s\u0171 mini d\u00f6mper hidraulikus henger teleszk\u00f3pos hidraulikus henger"},"content":{"rendered":"<h2>K\u00f6zvetlen \u00e9rt\u00e9kes\u00edt\u00e9s\u0171 mini d\u00f6mper hidraulikus henger teleszk\u00f3pos hidraulikus henger<\/h2>\n<p>A k\u00f6zvetlen \u00e9rt\u00e9kes\u00edt\u00e9s\u0171 mini d\u00f6mper hidraulikus hengere, a teleszk\u00f3pos hidraulikus henger minden hidraulikus rendszer szerves r\u00e9sz\u00e9t k\u00e9pezi, biztos\u00edtva a sz\u00fcks\u00e9ges teljes\u00edtm\u00e9nyt \u00e9s vez\u00e9rl\u00e9st a k\u00fcl\u00f6nf\u00e9le ipari alkalmaz\u00e1sokhoz. Ez a henger \u00fagy van kialak\u00edtva, hogy a hidraulikus energi\u00e1t mechanikai mozg\u00e1ss\u00e1 alak\u00edtsa, a nyom\u00e1st er\u0151v\u00e9 alak\u00edtva a kiv\u00e1l\u00f3 teljes\u00edtm\u00e9ny \u00e9rdek\u00e9ben.<\/p>\n<h2>Term\u00e9kspecifik\u00e1ci\u00f3k<\/h2>\n<p>A hidraulikus henger leny\u0171g\u00f6z\u0151 m\u0171szaki specifik\u00e1ci\u00f3kkal b\u00fcszk\u00e9lkedhet, amelyek kiemelked\u0151 v\u00e1laszt\u00e1ss\u00e1 teszik az ig\u00e9nyes alkalmaz\u00e1sokhoz. Ezek k\u00f6z\u00e9 tartozik a t\u00f6bbl\u00e9pcs\u0151s kialak\u00edt\u00e1s, a standard szerkezet, a hidraulikus teljes\u00edtm\u00e9ny, az ac\u00e9l testanyag, a maxim\u00e1lis tol\u00f3er\u0151 3000 \u00e9s a maxim\u00e1lis h\u00faz\u00f3er\u0151 20 tonna. A furatm\u00e9ret 2-6 h\u00fcvelyk, a r\u00fadm\u00e9ret 1,125-4 h\u00fcvelyk, a l\u00f6kethossz pedig 4-100 h\u00fcvelyk k\u00f6z\u00f6tt mozog. A csap m\u00e9rete 0,5-2 h\u00fcvelyk, a henger pedig eleg\u00e1ns fekete sz\u00ednben kaphat\u00f3.<\/p>\n<table style=\"width: 102.247%;\" border=\"\">\n<tbody>\n<tr>\n<td style=\"width: 42.9379%;\"><i>Furatm\u00e9ret<\/i><\/td>\n<td style=\"width: 485.876%;\">2-6 h\u00fcvelyk<\/td>\n<\/tr>\n<tr>\n<td style=\"width: 42.9379%;\"><i>R\u00fad m\u00e9rete<\/i><\/td>\n<td style=\"width: 485.876%;\">1,125-4 h\u00fcvelyk<\/td>\n<\/tr>\n<tr>\n<td style=\"width: 42.9379%;\"><i>Ecsetvon\u00e1s m\u00e9rete<\/i><\/td>\n<td style=\"width: 485.876%;\">4-100 h\u00fcvelyk<\/td>\n<\/tr>\n<tr>\n<td style=\"width: 42.9379%;\"><i>Cs\u00edp\u0151m\u00e9ret<\/i><\/td>\n<td style=\"width: 485.876%;\">0,5-2 h\u00fcvelyk<\/td>\n<\/tr>\n<tr>\n<td style=\"width: 42.9379%;\"><i>kik\u00f6t\u0151k<\/i><\/td>\n<td style=\"width: 485.876%;\">G\/SAE\/NPT\/M<\/td>\n<\/tr>\n<\/tbody>\n<\/table>\n<h2>Egyedi tulajdons\u00e1gok \u00e9s el\u0151ny\u00f6k<\/h2>\n<p>Ez a hidraulikus henger energiahat\u00e9kony, nagy teljes\u00edtm\u00e9ny\u0171 \u00e9s biztons\u00e1gos. Kiemelked\u0151 teljes\u00edtm\u00e9nyre \u00e9s tart\u00f3ss\u00e1gra tervezt\u00e9k k\u00fcl\u00f6nf\u00e9le ipar\u00e1gakban, bele\u00e9rtve a g\u00e9pjav\u00edt\u00f3 m\u0171helyeket, a mez\u0151gazdas\u00e1got, az energia- \u00e9s b\u00e1ny\u00e1szatot, valamint a g\u00e9pgy\u00e1rt\u00e1st \u00e9s a gy\u00e1rakat.<\/p>\n<p><img loading=\"lazy\" decoding=\"async\" class=\"wp-image-6664 aligncenter\" src=\"https:\/\/fmp-components.com\/wp-content\/uploads\/2025\/03\/telescopic-hydraulic-cylinder-8.webp\" alt=\"teleszk\u00f3pos hidraulikus henger\" width=\"897\" height=\"897\" title=\"\" srcset=\"https:\/\/fmp-components.com\/wp-content\/uploads\/2025\/03\/telescopic-hydraulic-cylinder-8.webp 897w, https:\/\/fmp-components.com\/wp-content\/uploads\/2025\/03\/telescopic-hydraulic-cylinder-8-480x480.webp 480w\" sizes=\"(min-width: 0px) and (max-width: 480px) 480px, (min-width: 481px) 897px, 100vw\" \/><\/p>\n<h3>Hidraulikus rendszer \u00e9s m\u0171k\u00f6d\u00e9si elv<\/h3>\n<p>A hidraulikus rendszer \u00e9s m\u0171k\u00f6d\u00e9si elv\u00e9nek meg\u00e9rt\u00e9se elengedhetetlen ahhoz, hogy meg\u00e9rts\u00fck ennek a hidraulikus hengernek a hat\u00e9konys\u00e1g\u00e1t. A rendszer a folyad\u00e9knyom\u00e1s elv\u00e9n m\u0171k\u00f6dik, ahol az egyik ponton kifejtett er\u0151t egy \u00f6sszenyomhatatlan folyad\u00e9k, \u00e1ltal\u00e1ban olaj seg\u00edts\u00e9g\u00e9vel tov\u00e1bb\u00edtj\u00e1k egy m\u00e1sik pontra. A hidraulikus henger kulcsszerepet j\u00e1tszik ebben a rendszerben, mivel a hidraulikus energi\u00e1t mechanikai energi\u00e1v\u00e1 alak\u00edtja.<\/p>\n<h3>Hidraulikus henger alkalmaz\u00e1sa<\/h3>\n<p>Ez a hidraulikus henger egy sokoldal\u00fa berendez\u00e9s, amelyet k\u00fcl\u00f6nf\u00e9le alkalmaz\u00e1sokban haszn\u00e1lnak, bele\u00e9rtve az \u00e9p\u00edt\u0151ipari berendez\u00e9seket, a gy\u00e1rt\u00f3g\u00e9peket \u00e9s a mez\u0151gazdas\u00e1gi g\u00e9peket.<\/p>\n<h3>Az FMP-r\u0151l<\/h3>\n<p class=\"break-words\">Az FMP egy vezet\u0151 olasz gy\u00e1rt\u00f3, amely kiv\u00e1l\u00f3 min\u0151s\u00e9g\u0171 hidraulikus hengerek tervez\u00e9s\u00e9re, fejleszt\u00e9s\u00e9re \u00e9s gy\u00e1rt\u00e1s\u00e1ra specializ\u00e1l\u00f3dott. \u00c9vtizedes szak\u00e9rtelemre \u00e9p\u00fcl\u0151 gazdag \u00f6r\u00f6ks\u00e9g\u00fcnkkel b\u00fcszk\u00e9n \u00f6tv\u00f6zz\u00fck az olasz k\u00e9zm\u0171vess\u00e9get a legmodernebb technol\u00f3gi\u00e1val, hogy kiv\u00e9teles hidraulikus megold\u00e1sokat k\u00edn\u00e1ljunk, amelyek a glob\u00e1lis \u00fcgyfeleink sokr\u00e9t\u0171 ig\u00e9nyeit el\u00e9g\u00edtik ki. Az olaszorsz\u00e1gi sz\u00e9khely\u0171, a m\u00e9rn\u00f6ki kiv\u00e1l\u00f3s\u00e1g k\u00f6zpontj\u00e1ban m\u0171k\u00f6d\u0151 FMP megb\u00edzhat\u00f3 n\u00e9v a hidraulikus iparban, elk\u00f6telezett amellett, hogy megb\u00edzhat\u00f3, tart\u00f3s \u00e9s innovat\u00edv term\u00e9keket k\u00edn\u00e1ljon, amelyek vil\u00e1gszerte lend\u00fcletet adnak a v\u00e1llalkoz\u00e1soknak.<\/p>\n<p class=\"break-words\">C\u00e9g\u00fcnk a fejlett gy\u00e1rt\u00e1si hagyom\u00e1nyok legjav\u00e1t \u00f6tv\u00f6zi az el\u0151remutat\u00f3 megk\u00f6zel\u00edt\u00e9ssel. A hidraulikus rendszerek ter\u00e9n szerzett sok\u00e9ves tapasztalat\u00e1ra \u00e9p\u00edtve az FMP egy modern v\u00e1llalkoz\u00e1ss\u00e1 fejl\u0151d\u00f6tt, amely kiemelked\u0151 a kutat\u00e1s, a tervez\u00e9s \u00e9s a gy\u00e1rt\u00e1s ter\u00e9n. Sz\u00e9les hidraulikus hengerv\u00e1laszt\u00e9kra specializ\u00e1l\u00f3dtunk, bele\u00e9rtve a kett\u0151s m\u0171k\u00f6d\u00e9s\u0171 hengereket, az aut\u00f3ipari emel\u0151hengereket, a mez\u0151gazdas\u00e1gi g\u00e9pek hengereit \u00e9s az egyedi tervez\u00e9s\u0171 megold\u00e1sokat k\u00fcl\u00f6nf\u00e9le ipari alkalmaz\u00e1sokhoz. Legyen sz\u00f3 \u00e9p\u00edt\u0151iparr\u00f3l, ipari telep\u00edt\u00e9sekr\u0151l, mez\u0151gazdas\u00e1gr\u00f3l vagy neh\u00e9zg\u00e9pekr\u0151l, hidraulikus hengereinket a legnehezebb k\u00f6r\u00fclm\u00e9nyek k\u00f6z\u00f6tt is k\u00e9pesek teljes\u00edteni, biztos\u00edtva a biztons\u00e1got, a hat\u00e9konys\u00e1got \u00e9s a hossz\u00fa \u00e9lettartamot.<\/p>\n<p><img loading=\"lazy\" decoding=\"async\" class=\"alignnone size-full wp-image-6720\" src=\"https:\/\/fmp-components.com\/wp-content\/uploads\/2025\/03\/hydraulic-cylinder-8.webp\" alt=\"Teleszk\u00f3pos hidraulikus hengerek\" width=\"933\" height=\"526\" title=\"\" srcset=\"https:\/\/fmp-components.com\/wp-content\/uploads\/2025\/03\/hydraulic-cylinder-8.webp 933w, https:\/\/fmp-components.com\/wp-content\/uploads\/2025\/03\/hydraulic-cylinder-8-480x271.webp 480w\" sizes=\"(min-width: 0px) and (max-width: 480px) 480px, (min-width: 481px) 933px, 100vw\" \/><\/p>\n<p class=\"break-words\">Az FMP-n\u00e9l b\u00fcszk\u00e9k vagyunk a legmodernebb gy\u00e1rt\u00f3\u00fczemeinkre, amelyek prec\u00edzi\u00f3s g\u00e9pekkel \u00e9s fejlett vizsg\u00e1l\u00f3rendszerekkel vannak felszerelve. Gy\u00e1rt\u00e1si folyamataink szigor\u00fa nemzeti \u00e9s nemzetk\u00f6zi szabv\u00e1nyoknak felelnek meg, biztos\u00edtva, hogy minden egyes hidraulikus henger, amely elhagyja gy\u00e1runkat, kiv\u00e1l\u00f3 min\u0151s\u00e9g\u0171 \u00e9s megb\u00edzhat\u00f3 legyen. K\u00e9pzett m\u0171szaki csapatunk a legmodernebb berendez\u00e9sekkel p\u00e1rosulva lehet\u0151v\u00e9 teszi sz\u00e1munkra, hogy szigor\u00fa min\u0151s\u00e9gellen\u0151rz\u00e9st tartsunk fenn a gy\u00e1rt\u00e1s minden szakasz\u00e1ban \u2013 az alapanyagok kiv\u00e1laszt\u00e1s\u00e1t\u00f3l a v\u00e9gs\u0151 ellen\u0151rz\u00e9sig. Ez a kiv\u00e1l\u00f3s\u00e1g ir\u00e1nti elk\u00f6telezetts\u00e9g tan\u00fas\u00edtv\u00e1nyokat \u00e9s elismer\u00e9st szerzett nek\u00fcnk az ipar\u00e1gi hat\u00f3s\u00e1gokt\u00f3l, tov\u00e1bb er\u0151s\u00edtve megb\u00edzhat\u00f3 partnerk\u00e9nt szerzett h\u00edrnev\u00fcnket.<\/p>\n<p class=\"break-words\">K\u00fcldet\u00e9s\u00fcnk egyszer\u0171, m\u00e9gis ambici\u00f3zus: olyan hidraulikus hengereket biztos\u00edtani \u00fcgyfeleinknek, amelyek teljes\u00edtm\u00e9ny, tart\u00f3ss\u00e1g \u00e9s \u00e9rt\u00e9k tekintet\u00e9ben fel\u00fclm\u00falj\u00e1k az elv\u00e1r\u00e1sokat. A professzionalizmus, a feddhetetlens\u00e9g \u00e9s az \u00fcgyf\u00e9lk\u00f6zpont\u00fas\u00e1g vez\u00e9relvei szerint m\u0171k\u00f6d\u00fcnk. Az innov\u00e1ci\u00f3 \u00e9s a precizit\u00e1s kult\u00far\u00e1j\u00e1nak \u00e1pol\u00e1s\u00e1val folyamatosan finom\u00edtjuk term\u00e9keinket, hogy meg\u0151rizz\u00fck el\u0151ny\u00fcnket a versenyk\u00e9pes piacon. \u00c1tfog\u00f3 term\u00e9kk\u00edn\u00e1latunk \u00e9s a szem\u00e9lyre szabott megold\u00e1sok k\u00edn\u00e1l\u00e1s\u00e1nak k\u00e9pess\u00e9ge tesz minket a nagy teljes\u00edtm\u00e9ny\u0171 hidraulikus hengereket keres\u0151 v\u00e1llalkoz\u00e1sok els\u0151 sz\u00e1m\u00fa v\u00e1laszt\u00e1s\u00e1v\u00e1.<\/p>\n<p class=\"break-words\">Az FMP t\u00f6bb mint egy gy\u00e1rt\u00f3 \u2013 partnerek vagyunk a siker\u00e9ben. Meg\u00e9rtj\u00fck, hogy \u00fcgyfeleink olyan szersz\u00e1mok sz\u00e1ll\u00edt\u00e1s\u00e1ban b\u00edznak benn\u00fcnk, amelyek n\u00f6velik termel\u00e9kenys\u00e9g\u00fcket \u00e9s biztons\u00e1gukat. Ez\u00e9rt elk\u00f6telezettek vagyunk nemcsak a legjobb min\u0151s\u00e9g\u0171 term\u00e9kek, hanem a kiv\u00e9teles szolg\u00e1ltat\u00e1s ny\u00fajt\u00e1sa ir\u00e1nt is. A kezdeti konzult\u00e1ci\u00f3t\u00f3l az \u00e9rt\u00e9kes\u00edt\u00e9s ut\u00e1ni t\u00e1mogat\u00e1sig szorosan egy\u00fcttm\u0171k\u00f6d\u00fcnk \u00fcgyfeleinkkel annak biztos\u00edt\u00e1sa \u00e9rdek\u00e9ben, hogy ig\u00e9nyeiket professzionalizmussal \u00e9s gondoss\u00e1ggal el\u00e9g\u00edts\u00fck ki. Versenyk\u00e9pes \u00e1raink, p\u00e1rosulva a min\u0151s\u00e9g ir\u00e1nti rend\u00edthetetlen elk\u00f6telezetts\u00e9g\u00fcnkkel, teszik az FMP-t okos v\u00e1laszt\u00e1ss\u00e1 azoknak a v\u00e1llalatoknak, amelyek megb\u00edzhat\u00f3 hidraulikus megold\u00e1sokba szeretn\u00e9nek befektetni.<\/p>\n<h2>GYIK<\/h2>\n<p><b>K: Milyen ipar\u00e1gak haszn\u00e1lj\u00e1k ezt a hidraulikus hengert?<\/b><br \/>\nV: Ezt a hidraulikus hengert sz\u00e9les k\u00f6rben haszn\u00e1lj\u00e1k g\u00e9pjav\u00edt\u00f3 m\u0171helyekben, gazdas\u00e1gokban, energia- \u00e9s b\u00e1ny\u00e1szatban, g\u00e9pgy\u00e1rt\u00e1sban \u00e9s gy\u00e1rakban.<\/p>\n<p><b>K: Mi a sz\u00e1ll\u00edt\u00e1si id\u0151 ehhez a hidraulikus hengerhez?<\/b><br \/>\nV: Az \u00e1ltal\u00e1nos sz\u00e1ll\u00edt\u00e1si id\u0151 25-35 nap.<\/p>\n<p><b>K: Testreszabhatom ezt a hidraulikus hengert?<\/b><br \/>\nV: Igen, sz\u00edvesen l\u00e1tjuk az \u00fcgyfeleket, hogy rajzokkal vagy mint\u00e1kkal testreszabj\u00e1k.<\/p>\n<p>Tapasztalja meg hidraulikus hengereink erej\u00e9t \u00e9s teljes\u00edtm\u00e9ny\u00e9t m\u00e9g ma! L\u00e9pjen kapcsolatba vel\u00fcnk, hogy t\u00f6bbet megtudjon err\u0151l a term\u00e9kr\u0151l \u00e9s leadja rendel\u00e9s\u00e9t!<\/p>\n<p><img loading=\"lazy\" decoding=\"async\" class=\"alignnone size-full wp-image-6717\" src=\"https:\/\/fmp-components.com\/wp-content\/uploads\/2025\/03\/hydraulic-cylinder-211.webp\" alt=\"Hidraulikus hengerek\" width=\"775\" height=\"777\" title=\"\" srcset=\"https:\/\/fmp-components.com\/wp-content\/uploads\/2025\/03\/hydraulic-cylinder-211.webp 775w, https:\/\/fmp-components.com\/wp-content\/uploads\/2025\/03\/hydraulic-cylinder-211-480x481.webp 480w\" sizes=\"(min-width: 0px) and (max-width: 480px) 480px, (min-width: 481px) 775px, 100vw\" \/><\/p>","protected":false},"excerpt":{"rendered":"<p>Direct Sales Mini Dump Truck Hydraulic Cylinder Telescopic Hydraulic Cylinder The Direct Sales Mini Dump Truck hydraulic cylinder Telescopic Hydraulic Cylinder is an integral part of any hydraulic system, providing the necessary power and control needed for various industrial applications. This cylinder is designed to convert hydraulic energy into mechanical motion, transforming pressure into force [&hellip;]<\/p>","protected":false},"featured_media":6667,"comment_status":"closed","ping_status":"closed","template":"","meta":{"_et_pb_use_builder":"","_et_pb_old_content":"","_et_gb_content_width":""},"product_brand":[],"product_cat":[103],"product_tag":[34,105],"class_list":{"0":"post-6494","1":"product","2":"type-product","3":"status-publish","4":"has-post-thumbnail","6":"product_cat-telescopic-hydraulic-cylinders","7":"product_tag-hydraulic-cylinder","8":"product_tag-telescopic-hydraulic-cylinders","10":"first","11":"instock","12":"product-type-simple"},"_links":{"self":[{"href":"https:\/\/fmp-components.com\/hu\/wp-json\/wp\/v2\/product\/6494","targetHints":{"allow":["GET"]}}],"collection":[{"href":"https:\/\/fmp-components.com\/hu\/wp-json\/wp\/v2\/product"}],"about":[{"href":"https:\/\/fmp-components.com\/hu\/wp-json\/wp\/v2\/types\/product"}],"replies":[{"embeddable":true,"href":"https:\/\/fmp-components.com\/hu\/wp-json\/wp\/v2\/comments?post=6494"}],"wp:featuredmedia":[{"embeddable":true,"href":"https:\/\/fmp-components.com\/hu\/wp-json\/wp\/v2\/media\/6667"}],"wp:attachment":[{"href":"https:\/\/fmp-components.com\/hu\/wp-json\/wp\/v2\/media?parent=6494"}],"wp:term":[{"taxonomy":"product_brand","embeddable":true,"href":"https:\/\/fmp-components.com\/hu\/wp-json\/wp\/v2\/product_brand?post=6494"},{"taxonomy":"product_cat","embeddable":true,"href":"https:\/\/fmp-components.com\/hu\/wp-json\/wp\/v2\/product_cat?post=6494"},{"taxonomy":"product_tag","embeddable":true,"href":"https:\/\/fmp-components.com\/hu\/wp-json\/wp\/v2\/product_tag?post=6494"}],"curies":[{"name":"munkaf\u00fczet","href":"https:\/\/api.w.org\/{rel}","templated":true}]}}