{"id":6487,"date":"2025-03-11T06:25:30","date_gmt":"2025-03-11T06:25:30","guid":{"rendered":"https:\/\/fmp-components.com\/product\/new-arrival-telescopic-hydraulic-cylinder-hydraulic-cylinder-for-dump-trailer"},"modified":"2025-03-11T08:25:50","modified_gmt":"2025-03-11T08:25:50","slug":"new-arrival-telescopic-hydraulic-cylinder-hydraulic-cylinder-for-dump-trailer","status":"publish","type":"product","link":"https:\/\/fmp-components.com\/hu\/product\/new-arrival-telescopic-hydraulic-cylinder-hydraulic-cylinder-for-dump-trailer\/","title":{"rendered":"\u00daj \u00e9rkez\u00e9s\u0171 teleszk\u00f3pos hidraulikus henger hidraulikus henger d\u00f6mperhez"},"content":{"rendered":"<h2>\u00daj \u00e9rkez\u00e9s\u0171 teleszk\u00f3pos hidraulikus henger hidraulikus henger d\u00f6mperhez<\/h2>\n<p>Bemutatjuk leg\u00fajabb term\u00e9k\u00fcnket, a Teleszk\u00f3pos Hidraulikus Hengert. Ez a term\u00e9k d\u00f6mperekhez k\u00e9sz\u00fclt, robusztus \u00e9s hat\u00e9kony megold\u00e1st k\u00edn\u00e1lva az \u00d6n ig\u00e9nyeinek kiel\u00e9g\u00edt\u00e9s\u00e9re. 1 \u00e9v garanci\u00e1val ez az \u00faj hidraulikus henger nagyszer\u0171 kieg\u00e9sz\u00edt\u0151je lesz g\u00e9peinek.<\/p>\n<h4>Funkci\u00f3k \u00e9s jellemz\u0151k<\/h4>\n<p>A teleszk\u00f3pos hidraulikus henger egy szabv\u00e1nyos, hidraulikus technol\u00f3gi\u00e1val m\u0171k\u00f6d\u0151 dugatty\u00fas henger. A henger teste tart\u00f3s ac\u00e9lb\u00f3l k\u00e9sz\u00fclt, ami hossz\u00fa \u00e9lettartamot \u00e9s kop\u00e1s\u00e1ll\u00f3s\u00e1got biztos\u00edt. Maxim\u00e1lis tol\u00f3ereje 3000, maxim\u00e1lis h\u00faz\u00f3ereje pedig 20 tonna. Ez a hidraulikus henger egy t\u00f6bbl\u00e9pcs\u0151s eszk\u00f6z is, \u00edgy sokoldal\u00faan haszn\u00e1lhat\u00f3 k\u00fcl\u00f6nf\u00e9le alkalmaz\u00e1sokhoz.<\/p>\n<h2>Term\u00e9kadatok<\/h2>\n<table style=\"width: 99.5341%;\" border=\"\">\n<tbody>\n<tr>\n<td style=\"width: 42.9379%;\"><i>Furatm\u00e9ret<\/i><\/td>\n<td style=\"width: 471.751%;\">2-6 h\u00fcvelyk<\/td>\n<\/tr>\n<tr>\n<td style=\"width: 42.9379%;\"><i>R\u00fad m\u00e9rete<\/i><\/td>\n<td style=\"width: 471.751%;\">1,125-4 h\u00fcvelyk<\/td>\n<\/tr>\n<tr>\n<td style=\"width: 42.9379%;\"><i>Ecsetvon\u00e1s m\u00e9rete<\/i><\/td>\n<td style=\"width: 471.751%;\">4-100 h\u00fcvelyk<\/td>\n<\/tr>\n<tr>\n<td style=\"width: 42.9379%;\"><i>Cs\u00edp\u0151m\u00e9ret<\/i><\/td>\n<td style=\"width: 471.751%;\">0,5-2 h\u00fcvelyk<\/td>\n<\/tr>\n<tr>\n<td style=\"width: 42.9379%;\"><i>kik\u00f6t\u0151k<\/i><\/td>\n<td style=\"width: 471.751%;\">G\/SAE\/NPT\/M<\/td>\n<\/tr>\n<\/tbody>\n<\/table>\n<h3>Egyedi el\u0151ny\u00f6k<\/h3>\n<p>A teleszk\u00f3pos hidraulikus henger sz\u00e1mos egyedi el\u0151nnyel b\u00fcszk\u00e9lkedhet. Energiahat\u00e9kony, nagy teljes\u00edtm\u00e9ny\u0171 \u00e9s megb\u00edzhat\u00f3. Ez a term\u00e9k ISO9001:2000 tan\u00fas\u00edtv\u00e1nnyal rendelkezik, amely biztos\u00edtja a min\u0151s\u00e9g\u00e9t \u00e9s a felhaszn\u00e1l\u00f3k biztons\u00e1g\u00e1t. Eleg\u00e1ns fekete sz\u00ednben kaphat\u00f3, \u00edgy z\u00f6kken\u0151mentesen illeszkedik a g\u00e9peibe.<\/p>\n<h2>Hidraulikus rendszer \u00e9s m\u0171k\u00f6d\u00e9si elv<\/h2>\n<p>Hidraulikus henger\u00fcnk azon az alapelven m\u0171k\u00f6dik, hogy nyom\u00e1s alatt l\u00e9v\u0151 hidraulikus folyad\u00e9kot haszn\u00e1l line\u00e1ris mozg\u00e1s l\u00e9trehoz\u00e1s\u00e1ra. Amikor a hidraulikus folyad\u00e9kot nyom\u00e1s al\u00e1 helyezik \u00e9s a hengerbe vezetik, er\u0151t gener\u00e1l, amely mozgatja a benne l\u00e9v\u0151 dugatty\u00fat. Ez a mechanizmus lehet\u0151v\u00e9 teszi a hidraulikus henger sz\u00e1m\u00e1ra, hogy a hidraulikus energi\u00e1t figyelemre m\u00e9lt\u00f3 hat\u00e9konys\u00e1ggal \u00e9s pontoss\u00e1ggal mechanikai mozg\u00e1ss\u00e1 alak\u00edtsa. Hidraulikus hengereink m\u00f6g\u00f6tt \u00e1ll\u00f3 technol\u00f3gia megk\u00f6nny\u00edti a m\u0171k\u00f6d\u00e9st, lehet\u0151v\u00e9 t\u00e9ve a neh\u00e9zg\u00e9pek \u00e9s berendez\u00e9sek finomvez\u00e9rl\u00e9s\u00e9t. Ez a pontoss\u00e1g elengedhetetlen a pontos mozg\u00e1sokat ig\u00e9nyl\u0151 feladatokhoz, biztos\u00edtva, hogy a kezel\u0151k biztons\u00e1gosan \u00e9s hat\u00e9konyan v\u00e9gezhessenek \u00f6sszetett m\u0171veleteket.<\/p>\n<p><img loading=\"lazy\" decoding=\"async\" class=\"alignnone  wp-image-6662\" src=\"https:\/\/fmp-components.com\/wp-content\/uploads\/2025\/03\/telescopic-hydraulic-cylinder-4.webp\" alt=\"teleszk\u00f3pos hidraulikus henger\" width=\"915\" height=\"915\" title=\"\" srcset=\"https:\/\/fmp-components.com\/wp-content\/uploads\/2025\/03\/telescopic-hydraulic-cylinder-4.webp 915w, https:\/\/fmp-components.com\/wp-content\/uploads\/2025\/03\/telescopic-hydraulic-cylinder-4-480x480.webp 480w\" sizes=\"(min-width: 0px) and (max-width: 480px) 480px, (min-width: 481px) 915px, 100vw\" \/><\/p>\n<h2>Alkalmaz\u00e1s<\/h2>\n<p>Ez a hidraulikus henger ide\u00e1lisan alkalmazhat\u00f3 sz\u00e1mos ipar\u00e1gban. G\u00e9pjav\u00edt\u00f3 m\u0171helyekben felbecs\u00fclhetetlen \u00e9rt\u00e9k\u0171 a neh\u00e9z alkatr\u00e9szek emel\u00e9s\u00e9hez \u00e9s kezel\u00e9s\u00e9hez, lehet\u0151v\u00e9 t\u00e9ve a technikusok hat\u00e9kony \u00e9s biztons\u00e1gos munkav\u00e9gz\u00e9s\u00e9t. Mez\u0151gazdas\u00e1gi k\u00f6rnyezetben a hidraulikus henger jav\u00edtja az olyan berendez\u00e9sek funkcionalit\u00e1s\u00e1t, mint a d\u00f6mperek, traktorok \u00e9s egy\u00e9b neh\u00e9zg\u00e9pek, lehet\u0151v\u00e9 t\u00e9ve a hat\u00e9kony anyagmozgat\u00e1st \u00e9s sz\u00e1ll\u00edt\u00e1st. Az energia- \u00e9s b\u00e1ny\u00e1szati \u200b\u200bipar is jelent\u0151sen profit\u00e1l robusztus konstrukci\u00f3j\u00e1b\u00f3l \u00e9s nagy teljes\u00edtm\u00e9ny\u00e9b\u0151l, mivel ellen\u00e1ll az ezekben a k\u00f6rnyezetben gyakran el\u0151fordul\u00f3 zord k\u00f6r\u00fclm\u00e9nyeknek. Ezenk\u00edv\u00fcl a g\u00e9pgy\u00e1rt\u00e1sban hidraulikus henger\u00fcnk n\u00e9lk\u00fcl\u00f6zhetetlennek bizonyul az \u00f6sszeszerel\u0151 sorokban \u00e9s a gy\u00e1rt\u00e1si folyamatokban, ahol a megb\u00edzhat\u00f3s\u00e1g \u00e9s a tart\u00f3ss\u00e1g kiemelked\u0151 fontoss\u00e1g\u00fa. Sokoldal\u00fas\u00e1ga \u00e9s szil\u00e1rds\u00e1ga miatt a megb\u00edzhat\u00f3 hidraulikus megold\u00e1sokat keres\u0151 szakemberek sz\u00e1m\u00e1ra a legjobb v\u00e1laszt\u00e1s a k\u00fcl\u00f6nb\u00f6z\u0151 \u00e1gazatokban.<\/p>\n<h3>Az FMP-r\u0151l<\/h3>\n<p>Az FMP egy vezet\u0151 olasz gy\u00e1rt\u00f3, amely a kiv\u00e1l\u00f3 min\u0151s\u00e9g\u0171 hidraulikus hengerek tervez\u00e9s\u00e9ben, fejleszt\u00e9s\u00e9ben \u00e9s gy\u00e1rt\u00e1s\u00e1ban szerzett szak\u00e9rtelm\u00e9r\u0151l ismert. \u00c9vtizedek alatt fel\u00e9p\u00edtett gazdag \u00f6r\u00f6ks\u00e9g\u00fcnkkel z\u00f6kken\u0151mentesen \u00f6tv\u00f6zz\u00fck az olasz k\u00e9zm\u0171vess\u00e9get a legmodernebb technol\u00f3gi\u00e1val, hogy kiemelked\u0151 hidraulikus megold\u00e1sokat k\u00edn\u00e1ljunk, amelyek glob\u00e1lis \u00fcgyfeleink v\u00e1ltozatos ig\u00e9nyeire szabottak. Az Olaszorsz\u00e1gban, a m\u00e9rn\u00f6ki kiv\u00e1l\u00f3s\u00e1g k\u00f6zpontj\u00e1ban tal\u00e1lhat\u00f3 FMP a hidraulikus ipar megb\u00edzhat\u00f3 vezet\u0151jek\u00e9nt l\u00e9pett fel, \u00e9s elk\u00f6telezett amellett, hogy megb\u00edzhat\u00f3, tart\u00f3s \u00e9s innovat\u00edv term\u00e9keket k\u00edn\u00e1ljon, amelyek vil\u00e1gszerte t\u00e1mogass\u00e1k a v\u00e1llalkoz\u00e1sokat.<\/p>\n<p>A fejlett gy\u00e1rt\u00e1si hagyom\u00e1nyokat progressz\u00edv szeml\u00e9lettel \u00f6tv\u00f6zz\u00fck. A hidraulikus rendszerek ter\u00e9n szerzett sok\u00e9ves tapasztalatra \u00e9p\u00edtve az FMP modern v\u00e1llalkoz\u00e1ss\u00e1 alakult, amely kiemelked\u0151 a kutat\u00e1s, a tervez\u00e9s \u00e9s a gy\u00e1rt\u00e1s ter\u00e9n. Szakter\u00fclet\u00fcnk a hidraulikus hengerek sz\u00e9les spektrum\u00e1t \u00f6leli fel, bele\u00e9rtve a kett\u0151s m\u0171k\u00f6d\u00e9s\u0171 hengereket, az aut\u00f3ipari emel\u0151hengereket, a mez\u0151gazdas\u00e1gi g\u00e9pek hengereit \u00e9s az egyedi tervez\u00e9s\u0171 megold\u00e1sokat a k\u00fcl\u00f6nf\u00e9le ipari alkalmaz\u00e1sokhoz. Legyen sz\u00f3 \u00e9p\u00edt\u0151iparr\u00f3l, ipari telep\u00edt\u00e9sekr\u0151l, mez\u0151gazdas\u00e1gr\u00f3l vagy neh\u00e9zg\u00e9pekr\u0151l, hidraulikus hengereinket \u00fagy tervezt\u00fck, hogy a legig\u00e9nyesebb k\u00f6r\u00fclm\u00e9nyek k\u00f6z\u00f6tt is teljes\u00edtsenek, biztos\u00edtva a biztons\u00e1got, a hat\u00e9konys\u00e1got \u00e9s a hossz\u00fa \u00e9lettartamot.<\/p>\n<p><img loading=\"lazy\" decoding=\"async\" class=\"alignnone size-full wp-image-6720\" src=\"https:\/\/fmp-components.com\/wp-content\/uploads\/2025\/03\/hydraulic-cylinder-8.webp\" alt=\"Teleszk\u00f3pos hidraulikus hengerek\" width=\"933\" height=\"526\" title=\"\" srcset=\"https:\/\/fmp-components.com\/wp-content\/uploads\/2025\/03\/hydraulic-cylinder-8.webp 933w, https:\/\/fmp-components.com\/wp-content\/uploads\/2025\/03\/hydraulic-cylinder-8-480x271.webp 480w\" sizes=\"(min-width: 0px) and (max-width: 480px) 480px, (min-width: 481px) 933px, 100vw\" \/><\/p>\n<p>Az FMP-n\u00e9l b\u00fcszk\u00e9k vagyunk a legmodernebb gy\u00e1rt\u00f3\u00fczemeinkre, amelyek prec\u00edzi\u00f3s g\u00e9pekkel \u00e9s fejlett vizsg\u00e1l\u00f3rendszerekkel vannak felszerelve. Gy\u00e1rt\u00e1si folyamataink szigor\u00fa nemzeti \u00e9s nemzetk\u00f6zi szabv\u00e1nyoknak felelnek meg, biztos\u00edtva, hogy minden gy\u00e1rtott hidraulikus henger a legmagasabb min\u0151s\u00e9g\u0171 \u00e9s megb\u00edzhat\u00f3s\u00e1g\u00fa legyen. K\u00e9pzett m\u0171szaki csapatunk \u00e9s korszer\u0171 berendez\u00e9seink lehet\u0151v\u00e9 teszik sz\u00e1munkra, hogy minden gy\u00e1rt\u00e1si szakaszban szigor\u00fa min\u0151s\u00e9gellen\u0151rz\u00e9st tartsunk fenn \u2013 az alapanyagok kiv\u00e1laszt\u00e1s\u00e1t\u00f3l a v\u00e9gs\u0151 ellen\u0151rz\u00e9sig. Ez a kiv\u00e1l\u00f3s\u00e1g ir\u00e1nti elk\u00f6telezetts\u00e9g\u00fcnk tan\u00fas\u00edtv\u00e1nyokat \u00e9s elismer\u00e9st szerzett nek\u00fcnk az ipar\u00e1gi hat\u00f3s\u00e1gokt\u00f3l, tov\u00e1bb er\u0151s\u00edtve megb\u00edzhat\u00f3 partnerk\u00e9nt szerzett h\u00edrnev\u00fcnket.<\/p>\n<p>K\u00fcldet\u00e9s\u00fcnk egyszer\u0171, m\u00e9gis ambici\u00f3zus: olyan hidraulikus hengereket k\u00edn\u00e1lni, amelyek teljes\u00edtm\u00e9ny, tart\u00f3ss\u00e1g \u00e9s \u00e9rt\u00e9k tekintet\u00e9ben fel\u00fclm\u00falj\u00e1k az elv\u00e1r\u00e1sokat. A professzionalizmus, a feddhetetlens\u00e9g \u00e9s az \u00fcgyf\u00e9lk\u00f6zpont\u00fas\u00e1g alapelveit k\u00f6vetj\u00fck. Az innov\u00e1ci\u00f3 \u00e9s a precizit\u00e1s kult\u00far\u00e1j\u00e1nak \u00e1pol\u00e1s\u00e1val folyamatosan finom\u00edtjuk term\u00e9keinket, hogy versenyk\u00e9pesek maradjunk a piacon. Kiterjedt term\u00e9kk\u00edn\u00e1latunk \u00e9s az egyedi megold\u00e1sok k\u00edn\u00e1l\u00e1s\u00e1nak k\u00e9pess\u00e9ge miatt a nagy teljes\u00edtm\u00e9ny\u0171 hidraulikus hengereket ig\u00e9nyl\u0151 v\u00e1llalkoz\u00e1sok el\u0151nyben r\u00e9szes\u00edtett v\u00e1laszt\u00e1s\u00e1v\u00e1 v\u00e1lunk.<\/p>\n<p>Az FMP t\u00f6bb mint egy gy\u00e1rt\u00f3; partnerek vagyunk a siker\u00e9ben. Tudjuk, hogy \u00fcgyfeleink a termel\u00e9kenys\u00e9get \u00e9s a biztons\u00e1got fokoz\u00f3 eszk\u00f6z\u00f6k tekintet\u00e9ben r\u00e1nk t\u00e1maszkodnak. Ez\u00e9rt elk\u00f6telezettek vagyunk nemcsak a kiv\u00e1l\u00f3 min\u0151s\u00e9g\u0171 term\u00e9kek, hanem a kiv\u00e9teles szolg\u00e1ltat\u00e1s ny\u00fajt\u00e1sa ir\u00e1nt is. A kezdeti konzult\u00e1ci\u00f3kt\u00f3l az \u00e9rt\u00e9kes\u00edt\u00e9s ut\u00e1ni t\u00e1mogat\u00e1sig szorosan egy\u00fcttm\u0171k\u00f6d\u00fcnk \u00fcgyfeleinkkel, hogy ig\u00e9nyeiket professzion\u00e1lisan \u00e9s gondosan el\u00e9g\u00edts\u00fck ki. Versenyk\u00e9pes \u00e1raink, valamint a min\u0151s\u00e9g ir\u00e1nti rend\u00edthetetlen elk\u00f6telezetts\u00e9g\u00fcnk teszi az FMP-t okos v\u00e1laszt\u00e1ss\u00e1 a megb\u00edzhat\u00f3 hidraulikus megold\u00e1sokat keres\u0151 v\u00e1llalatok sz\u00e1m\u00e1ra.<\/p>\n<h2>Gyakran ism\u00e9telt k\u00e9rd\u00e9sek<\/h2>\n<p>K: Kereskedelmi v\u00e1llalat vagy gy\u00e1rt\u00f3?<br \/>\nV: Gy\u00e1rt\u00f3 vagyunk.<br \/>\nK: Mennyi a sz\u00e1ll\u00edt\u00e1si id\u0151?<br \/>\nV: \u00c1ltal\u00e1ban 25-35 nap.<br \/>\nK: Biztos\u00edtanak mint\u00e1kat? Ingyenes vagy k\u00fcl\u00f6n fizetend\u0151?<br \/>\nV: Igen, felaj\u00e1nlhatn\u00e1nk a mint\u00e1t, de ez nem ingyenes.<\/p>\n<p><img loading=\"lazy\" decoding=\"async\" class=\"alignnone  wp-image-6717\" src=\"https:\/\/fmp-components.com\/wp-content\/uploads\/2025\/03\/hydraulic-cylinder-211.webp\" alt=\"Hidraulikus hengerek\" width=\"914\" height=\"916\" title=\"\" srcset=\"https:\/\/fmp-components.com\/wp-content\/uploads\/2025\/03\/hydraulic-cylinder-211.webp 914w, https:\/\/fmp-components.com\/wp-content\/uploads\/2025\/03\/hydraulic-cylinder-211-480x481.webp 480w\" sizes=\"(min-width: 0px) and (max-width: 480px) 480px, (min-width: 481px) 914px, 100vw\" \/><\/p>","protected":false},"excerpt":{"rendered":"<p>New Arrival Telescopic Hydraulic Cylinder Hydraulic Cylinder For Dump Trailer Introducing our latest arrival, the Telescopic Hydraulic Cylinder. This product is designed for dump trailers, providing a robust and efficient solution to meet your needs. With a 1-year warranty, this new hydraulic cylinder will serve as a great addition to your machinery. Functions and Features [&hellip;]<\/p>","protected":false},"featured_media":6674,"comment_status":"closed","ping_status":"closed","template":"","meta":{"_et_pb_use_builder":"","_et_pb_old_content":"","_et_gb_content_width":""},"product_brand":[],"product_cat":[103],"product_tag":[34,105],"class_list":{"0":"post-6487","1":"product","2":"type-product","3":"status-publish","4":"has-post-thumbnail","6":"product_cat-telescopic-hydraulic-cylinders","7":"product_tag-hydraulic-cylinder","8":"product_tag-telescopic-hydraulic-cylinders","10":"first","11":"instock","12":"product-type-simple"},"_links":{"self":[{"href":"https:\/\/fmp-components.com\/hu\/wp-json\/wp\/v2\/product\/6487","targetHints":{"allow":["GET"]}}],"collection":[{"href":"https:\/\/fmp-components.com\/hu\/wp-json\/wp\/v2\/product"}],"about":[{"href":"https:\/\/fmp-components.com\/hu\/wp-json\/wp\/v2\/types\/product"}],"replies":[{"embeddable":true,"href":"https:\/\/fmp-components.com\/hu\/wp-json\/wp\/v2\/comments?post=6487"}],"wp:featuredmedia":[{"embeddable":true,"href":"https:\/\/fmp-components.com\/hu\/wp-json\/wp\/v2\/media\/6674"}],"wp:attachment":[{"href":"https:\/\/fmp-components.com\/hu\/wp-json\/wp\/v2\/media?parent=6487"}],"wp:term":[{"taxonomy":"product_brand","embeddable":true,"href":"https:\/\/fmp-components.com\/hu\/wp-json\/wp\/v2\/product_brand?post=6487"},{"taxonomy":"product_cat","embeddable":true,"href":"https:\/\/fmp-components.com\/hu\/wp-json\/wp\/v2\/product_cat?post=6487"},{"taxonomy":"product_tag","embeddable":true,"href":"https:\/\/fmp-components.com\/hu\/wp-json\/wp\/v2\/product_tag?post=6487"}],"curies":[{"name":"munkaf\u00fczet","href":"https:\/\/api.w.org\/{rel}","templated":true}]}}