{"id":6420,"date":"2025-03-10T06:32:17","date_gmt":"2025-03-10T06:32:17","guid":{"rendered":"https:\/\/fmp-components.com\/?post_type=product&#038;p=6420"},"modified":"2025-03-10T06:34:35","modified_gmt":"2025-03-10T06:34:35","slug":"jaw-couplings","status":"publish","type":"product","link":"https:\/\/fmp-components.com\/hu\/product\/jaw-couplings\/","title":{"rendered":"Pof\u00e1s tengelykapcsol\u00f3k"},"content":{"rendered":"<p>A pof\u00e1s tengelykapcsol\u00f3k sokoldal\u00fa mechanikus alkatr\u00e9szek, amelyeket sz\u00e9les k\u00f6rben haszn\u00e1lnak az er\u0151\u00e1tviteli alkalmaz\u00e1sokban. Ez a rugalmas tengelykapcsol\u00f3 mechanizmus k\u00e9t forg\u00f3 tengely \u00f6sszekapcsol\u00e1s\u00e1val m\u0171k\u00f6dik, hogy tov\u00e1bb\u00edtsa a forg\u00f3er\u0151t, mik\u00f6zben egyidej\u0171leg elnyeli a rezg\u00e9si energi\u00e1t \u00e9s kompenz\u00e1lja az axi\u00e1lis\/sz\u00f6gelt\u00e9r\u00e9seket. Az ilyen m\u0171k\u00f6d\u00e9si jellemz\u0151k seg\u00edtenek megv\u00e9deni a csatlakoztatott g\u00e9peket a t\u00falzott ig\u00e9nybev\u00e9telt\u0151l \u00e9s az id\u0151 el\u0151tti kop\u00e1st\u00f3l.<\/p>\n<p>A szerelv\u00e9ny h\u00e1rom f\u0151 alkot\u00f3elemb\u0151l \u00e1ll:<\/p>\n<ol start=\"1\">\n<li>Kett\u0151s f\u00e9m agyak radi\u00e1lis kiemelked\u00e9sekkel (\u00e1llkapocselemek)<\/li>\n<li>Rugalmas elasztomer bet\u00e9t (\u00e1ltal\u00e1ban p\u00f3kh\u00e1l\u00f3 elemnek nevezik)<br \/>\nEzek az alkatr\u00e9szek prec\u00edzi\u00f3s \u00f6sszeszerel\u00e9ssel rendelkeznek v\u00e1ltakoz\u00f3 \u00f6sszekapcsol\u00e1si mint\u00e1zatban, ahol az agypof\u00e1k a p\u00f3k rugalmas lebenyeivel \u00f6sszekapcsol\u00f3dnak. A nyomat\u00e9k\u00e1tvitel az \u00f6sszenyomott polimer bet\u00e9t rugalmas deform\u00e1ci\u00f3j\u00e1n kereszt\u00fcl t\u00f6rt\u00e9nik, ami torzi\u00f3s rugalmass\u00e1got \u00e9s csillap\u00edt\u00f3 tulajdons\u00e1gokat is biztos\u00edt. A p\u00f3k viszkoelasztikus anyagjellemz\u0151i lehet\u0151v\u00e9 teszik a hat\u00e9kony rezg\u00e9scsillap\u00edt\u00e1st, mik\u00f6zben folyamatos er\u0151\u00e1tvitelt biztos\u00edtanak a csatlakoztatott tengelyek k\u00f6z\u00f6tt.<\/li>\n<\/ol>\n<h2>Pof\u00e1s csatlakoz\u00f3 m\u00e9retei<\/h2>\n<p><img loading=\"lazy\" decoding=\"async\" class=\"size-full wp-image-6423 aligncenter\" src=\"https:\/\/fmp-components.com\/wp-content\/uploads\/2025\/03\/Jaw-Coupling-specification-2.webp\" alt=\"Pof\u00e1s tengelykapcsol\u00f3k specifik\u00e1ci\u00f3ja\" width=\"828\" height=\"620\" title=\"\" srcset=\"https:\/\/fmp-components.com\/wp-content\/uploads\/2025\/03\/Jaw-Coupling-specification-2.webp 828w, https:\/\/fmp-components.com\/wp-content\/uploads\/2025\/03\/Jaw-Coupling-specification-2-480x359.webp 480w\" sizes=\"(min-width: 0px) and (max-width: 480px) 480px, (min-width: 481px) 828px, 100vw\" \/> <img loading=\"lazy\" decoding=\"async\" class=\"wp-image-6424 aligncenter\" src=\"https:\/\/fmp-components.com\/wp-content\/uploads\/2025\/03\/Jaw-Coupling-specification-1.webp\" alt=\"Pof\u00e1s tengelykapcsol\u00f3k specifik\u00e1ci\u00f3ja\" width=\"804\" height=\"658\" title=\"\" srcset=\"https:\/\/fmp-components.com\/wp-content\/uploads\/2025\/03\/Jaw-Coupling-specification-1.webp 804w, https:\/\/fmp-components.com\/wp-content\/uploads\/2025\/03\/Jaw-Coupling-specification-1-480x393.webp 480w\" sizes=\"(min-width: 0px) and (max-width: 480px) 480px, (min-width: 481px) 804px, 100vw\" \/><\/p>\n<h2>A pof\u00e1s t\u00edpus\u00fa rugalmas tengelykapcsol\u00f3k jellemz\u0151i<\/h2>\n<p>Az \u00e1llkapocs t\u00edpus\u00fa tengelykapcsol\u00f3k elasztomer alkatr\u00e9szei jellemz\u0151en nagy teljes\u00edtm\u00e9ny\u0171 m\u0171anyagokb\u00f3l vagy gumib\u00f3l k\u00e9sz\u00fclnek. Ezek a bet\u00e9tek hat\u00e1rozz\u00e1k meg a tengelykapcsol\u00f3 \u00fczemi \u00e9lettartam\u00e1t, amely szabv\u00e1nyos k\u00f6r\u00fclm\u00e9nyek k\u00f6z\u00f6tt \u00e1ltal\u00e1ban ak\u00e1r 10 \u00e9vig is eltarthat. Kialak\u00edt\u00e1suknak k\u00f6sz\u00f6nhet\u0151en az elasztomerek els\u0151sorban nyom\u00f3er\u0151ket, nem pedig h\u00faz\u00f3fesz\u00fclts\u00e9get b\u00edrnak el. Rezg\u00e9scsillap\u00edt\u00f3 \u00e9s \u00fct\u00e9selnyel\u0151 tulajdons\u00e1gaikr\u00f3l ismertek, \u00edgy ezek a tengelykapcsol\u00f3k ide\u00e1lisak nagy rezg\u00e9s\u0171 k\u00f6rnyezetekhez. A merev tengelykapcsol\u00f3kkal ellent\u00e9tben \u00fczemi h\u0151m\u00e9rs\u00e9kleti tartom\u00e1nyukat (-35\u00b0C \u00e9s +80\u00b0C k\u00f6z\u00f6tt) az elasztomer h\u0151hat\u00e1rai hat\u00e1rozz\u00e1k meg.<\/p>\n<p><strong>F\u0151bb el\u0151ny\u00f6k<\/strong>:<\/p>\n<ol start=\"1\">\n<li><strong>Kompakt kialak\u00edt\u00e1s<\/strong>Holtj\u00e1t\u00e9kmentes konstrukci\u00f3 elasztomer opci\u00f3kkal, h\u00e1rom kem\u00e9nys\u00e9gi fokozatban.<\/li>\n<li><strong>Dinamikus teljes\u00edtm\u00e9ny<\/strong>Hat\u00e9konyan csillap\u00edtja a rezg\u00e9seket \u00e9s kiegyenl\u00edti a radi\u00e1lis\/sz\u00f6gbeli elt\u00e9r\u00e9seket.<\/li>\n<li><strong>K\u00f6nny\u0171 haszn\u00e1lat<\/strong>Egyszer\u0171s\u00edtett fel\u00e9p\u00edt\u00e9s az egyszer\u0171 telep\u00edt\u00e9s, ellen\u0151rz\u00e9s \u00e9s karbantart\u00e1s \u00e9rdek\u00e9ben.<\/li>\n<li><strong>Tart\u00f3ss\u00e1g<\/strong>Karbantart\u00e1smentes m\u0171k\u00f6d\u00e9s olaj\u00e1ll\u00f3s\u00e1ggal \u00e9s elektromos szigetel\u00e9ssel; optim\u00e1lis teljes\u00edtm\u00e9ny 20\u00b0C \u00e9s 60\u00b0C k\u00f6z\u00f6tt.<\/li>\n<li><strong>Elasztomer v\u00e1ltozatok<\/strong>T\u00f6bblebenyes konfigur\u00e1ci\u00f3kkal (4, 6, 8 vagy 10 szirom) rendelkezik a testreszabott rugalmass\u00e1g \u00e9rdek\u00e9ben.<\/li>\n<li><strong>Felszerel\u00e9si lehet\u0151s\u00e9gek<\/strong>K\u00fcl\u00f6nf\u00e9le beszerel\u00e9si m\u00f3dszereket t\u00e1mogat, bele\u00e9rtve a r\u00f6gz\u00edt\u0151csavarokat, a szor\u00edt\u00f3mechanizmusokat \u00e9s a reteszhornyos r\u00f6gz\u00edt\u00e9st.<\/li>\n<\/ol>\n<p><img loading=\"lazy\" decoding=\"async\" class=\"size-full wp-image-6425 aligncenter\" src=\"https:\/\/fmp-components.com\/wp-content\/uploads\/2025\/03\/jaw-coupling-1.webp\" alt=\"Pof\u00e1s tengelykapcsol\u00f3k\" width=\"600\" height=\"600\" title=\"\" srcset=\"https:\/\/fmp-components.com\/wp-content\/uploads\/2025\/03\/jaw-coupling-1.webp 600w, https:\/\/fmp-components.com\/wp-content\/uploads\/2025\/03\/jaw-coupling-1-480x480.webp 480w\" sizes=\"(min-width: 0px) and (max-width: 480px) 480px, (min-width: 481px) 600px, 100vw\" \/><\/p>","protected":false},"excerpt":{"rendered":"<p>Jaw couplings represent a versatile mechanical component widely used for power transmission applications. This flexible coupling mechanism functions by interconnecting two rotating shafts to transmit rotational force while simultaneously absorbing vibrational energy and compensating for axial\/angular misalignments. Such operational characteristics help safeguard connected machinery from excessive stress and premature wear. The assembly comprises three primary [&hellip;]<\/p>","protected":false},"featured_media":6422,"comment_status":"open","ping_status":"closed","template":"","meta":{"_et_pb_use_builder":"","_et_pb_old_content":"","_et_gb_content_width":""},"product_brand":[],"product_cat":[101],"product_tag":[],"class_list":{"0":"post-6420","1":"product","2":"type-product","3":"status-publish","4":"has-post-thumbnail","6":"product_cat-coupling","8":"first","9":"instock","10":"shipping-taxable","11":"product-type-simple"},"_links":{"self":[{"href":"https:\/\/fmp-components.com\/hu\/wp-json\/wp\/v2\/product\/6420","targetHints":{"allow":["GET"]}}],"collection":[{"href":"https:\/\/fmp-components.com\/hu\/wp-json\/wp\/v2\/product"}],"about":[{"href":"https:\/\/fmp-components.com\/hu\/wp-json\/wp\/v2\/types\/product"}],"replies":[{"embeddable":true,"href":"https:\/\/fmp-components.com\/hu\/wp-json\/wp\/v2\/comments?post=6420"}],"wp:featuredmedia":[{"embeddable":true,"href":"https:\/\/fmp-components.com\/hu\/wp-json\/wp\/v2\/media\/6422"}],"wp:attachment":[{"href":"https:\/\/fmp-components.com\/hu\/wp-json\/wp\/v2\/media?parent=6420"}],"wp:term":[{"taxonomy":"product_brand","embeddable":true,"href":"https:\/\/fmp-components.com\/hu\/wp-json\/wp\/v2\/product_brand?post=6420"},{"taxonomy":"product_cat","embeddable":true,"href":"https:\/\/fmp-components.com\/hu\/wp-json\/wp\/v2\/product_cat?post=6420"},{"taxonomy":"product_tag","embeddable":true,"href":"https:\/\/fmp-components.com\/hu\/wp-json\/wp\/v2\/product_tag?post=6420"}],"curies":[{"name":"munkaf\u00fczet","href":"https:\/\/api.w.org\/{rel}","templated":true}]}}