{"id":6416,"date":"2025-03-10T06:11:29","date_gmt":"2025-03-10T06:11:29","guid":{"rendered":"https:\/\/fmp-components.com\/?post_type=product&#038;p=6416"},"modified":"2025-03-10T06:22:50","modified_gmt":"2025-03-10T06:22:50","slug":"spacer-couplings","status":"publish","type":"product","link":"https:\/\/fmp-components.com\/hu\/product\/spacer-couplings\/","title":{"rendered":"T\u00e1vtart\u00f3 tengelykapcsol\u00f3k"},"content":{"rendered":"<p><img loading=\"lazy\" decoding=\"async\" class=\"alignnone size-full wp-image-6418\" src=\"https:\/\/fmp-components.com\/wp-content\/uploads\/2025\/03\/Spacer-Couplings-2.webp\" alt=\"T\u00e1vtart\u00f3 tengelykapcsol\u00f3\" width=\"1002\" height=\"362\" title=\"\" srcset=\"https:\/\/fmp-components.com\/wp-content\/uploads\/2025\/03\/Spacer-Couplings-2.webp 1002w, https:\/\/fmp-components.com\/wp-content\/uploads\/2025\/03\/Spacer-Couplings-2-980x354.webp 980w, https:\/\/fmp-components.com\/wp-content\/uploads\/2025\/03\/Spacer-Couplings-2-480x173.webp 480w\" sizes=\"(min-width: 0px) and (max-width: 480px) 480px, (min-width: 481px) and (max-width: 980px) 980px, (min-width: 981px) 1002px, 100vw\" \/><\/p>\n<p><img loading=\"lazy\" decoding=\"async\" class=\"alignnone size-full wp-image-6417\" src=\"https:\/\/fmp-components.com\/wp-content\/uploads\/2025\/03\/Spacer-Couplings-3.webp\" alt=\"T\u00e1vtart\u00f3 tengelykapcsol\u00f3\" width=\"915\" height=\"844\" title=\"\" srcset=\"https:\/\/fmp-components.com\/wp-content\/uploads\/2025\/03\/Spacer-Couplings-3.webp 915w, https:\/\/fmp-components.com\/wp-content\/uploads\/2025\/03\/Spacer-Couplings-3-480x443.webp 480w\" sizes=\"(min-width: 0px) and (max-width: 480px) 480px, (min-width: 481px) 915px, 100vw\" \/><\/p>\n<div class=\"dad65929\">\n<div class=\"f9bf7997 d7dc56a8 c05b5566\">\n<div class=\"ds-markdown ds-markdown--block\">\n<h3>T\u00e1vtart\u00f3 tengelykapcsol\u00f3 vs. rugalmas tengelykapcsol\u00f3<\/h3>\n<ol start=\"1\">\n<li><strong>Els\u0151dleges funkci\u00f3<\/strong>:\n<ul>\n<li><strong>T\u00e1vtart\u00f3 tengelykapcsol\u00f3<\/strong>: K\u00e9t \u00f6sszekapcsolt tengely k\u00f6z\u00f6tti meghat\u00e1rozott t\u00e1vols\u00e1g fenntart\u00e1s\u00e1ra szolg\u00e1l. \u00c1ltal\u00e1ban akkor haszn\u00e1lj\u00e1k, ha a berendez\u00e9seket (pl. szivatty\u00fakat, motorokat) nem lehet egym\u00e1shoz k\u00f6zel elhelyezni. A t\u00e1vtart\u00f3 merev vagy \u00e1ll\u00edthat\u00f3 alkatr\u00e9szk\u00e9nt m\u0171k\u00f6dik a r\u00e9s \u00e1thidal\u00e1s\u00e1ra.<\/li>\n<li><strong>Rugalmas tengelykapcsol\u00f3<\/strong>A tengelyelt\u00e9r\u00e9sek (sz\u00f6g, p\u00e1rhuzamos vagy axi\u00e1lis) kiegyenl\u00edt\u00e9s\u00e9re \u00e9s a rezg\u00e9sek\/l\u00f6k\u00e9sszer\u0171 terhel\u00e9sek elnyel\u00e9s\u00e9re \u00f6sszpontos\u00edt. Lehet\u0151v\u00e9 teszi a tengelyek k\u00f6z\u00f6tti mozg\u00e1st an\u00e9lk\u00fcl, hogy t\u00falzott terhel\u00e9st adna \u00e1t a csatlakoztatott g\u00e9peknek.<\/li>\n<\/ul>\n<\/li>\n<li><strong>Design \u00e9s rugalmass\u00e1g<\/strong>:\n<ul>\n<li><strong>T\u00e1vtart\u00f3 tengelykapcsol\u00f3<\/strong>:\n<ul>\n<li>Lehet\u00a0<strong>merev<\/strong>\u00a0(fix be\u00e1ll\u00edt\u00e1sok pontos be\u00e1ll\u00edt\u00e1s\u00e1hoz) vagy\u00a0<strong>rugalmas<\/strong>\u00a0(a t\u00e1vols\u00e1g \u00e9s az elt\u00e9r\u00e9si tolerancia kombin\u00e1ci\u00f3ja).<\/li>\n<li>Ilyenek p\u00e9ld\u00e1ul a merev t\u00e1vtart\u00f3 h\u00fcvelyek vagy az elasztomer elemekkel ell\u00e1tott rugalmas t\u00e1vtart\u00f3 kialak\u00edt\u00e1sok.<\/li>\n<\/ul>\n<\/li>\n<li><strong>Rugalmas tengelykapcsol\u00f3<\/strong>:\n<ul>\n<li>A rugalmass\u00e1got helyezi el\u0151t\u00e9rbe olyan anyagok r\u00e9v\u00e9n, mint az elasztomerek (pl. gumi a pof\u00e1s tengelykapcsol\u00f3kban) vagy a mechanikus elemek (pl. f\u00e9mrug\u00f3k a t\u00e1rcs\u00e1s tengelykapcsol\u00f3kban).<\/li>\n<li>A t\u00edpusok k\u00f6z\u00e9 tartoznak a pof\u00e1s, fogasker\u00e9k-, t\u00e1rcs\u00e1s \u00e9s elasztomer tengelykapcsol\u00f3k.<\/li>\n<\/ul>\n<\/li>\n<\/ul>\n<\/li>\n<li><strong>Alkalmaz\u00e1sok<\/strong>:\n<ul>\n<li><strong>T\u00e1vtart\u00f3 tengelykapcsol\u00f3<\/strong>:\n<ul>\n<li>Fix tengelyelv\u00e1laszt\u00e1st ig\u00e9nyl\u0151 esetekben haszn\u00e1lj\u00e1k, p\u00e9ld\u00e1ul nagy ipari g\u00e9pekn\u00e9l, tengeri meghajt\u00e1si rendszerekn\u00e9l vagy sz\u00e1ll\u00edt\u00f3szalagokn\u00e1l.<\/li>\n<\/ul>\n<\/li>\n<li><strong>Rugalmas tengelykapcsol\u00f3<\/strong>:\n<ul>\n<li>Olyan rendszerekben alkalmazz\u00e1k, ahol v\u00e1rhat\u00f3 h\u0151t\u00e1gul\u00e1s, rezg\u00e9s vagy tengelyelt\u00e9r\u00e9s jelentkezik, mint p\u00e9ld\u00e1ul aut\u00f3ipari hajt\u00e1sl\u00e1ncok, HVAC rendszerek vagy turbin\u00e1k.<\/li>\n<\/ul>\n<\/li>\n<\/ul>\n<\/li>\n<li><strong>Telep\u00edt\u00e9s \u00e9s karbantart\u00e1s<\/strong>:\n<ul>\n<li><strong>T\u00e1vtart\u00f3 tengelykapcsol\u00f3<\/strong>:\n<ul>\n<li>Gyakran prec\u00edz be\u00e1ll\u00edt\u00e1st ig\u00e9nyel a telep\u00edt\u00e9s sor\u00e1n, k\u00fcl\u00f6n\u00f6sen a merev t\u00edpusokn\u00e1l. A karbantart\u00e1s mag\u00e1ban foglalhatja a t\u00e1vtart\u00f3 \u00e9ps\u00e9g\u00e9nek ellen\u0151rz\u00e9s\u00e9t.<\/li>\n<\/ul>\n<\/li>\n<li><strong>Rugalmas tengelykapcsol\u00f3<\/strong>:\n<ul>\n<li>Kisebb be\u00e1ll\u00edt\u00e1si elt\u00e9r\u00e9seket is elvisel, megk\u00f6nny\u00edtve a beszerel\u00e9st. A karbantart\u00e1s a rugalmas elemek kop\u00e1s\u00e1ra \u00f6sszpontos\u00edt (pl. gumibet\u00e9tek cser\u00e9je).<\/li>\n<\/ul>\n<\/li>\n<\/ul>\n<\/li>\n<li><strong>Anyagi szempontok<\/strong>:\n<ul>\n<li><strong>T\u00e1vtart\u00f3 tengelykapcsol\u00f3<\/strong>Jellemz\u0151en f\u00e9mb\u0151l (ac\u00e9l, alum\u00ednium) k\u00e9sz\u00fclt a tart\u00f3ss\u00e1g \u00e9s a t\u00e1vols\u00e1gtart\u00e1s \u00e9rdek\u00e9ben. A rugalmas v\u00e1ltozatok elasztomereket is tartalmazhatnak.<\/li>\n<li><strong>Rugalmas tengelykapcsol\u00f3<\/strong>: F\u00e9meket kombin\u00e1l rugalmas anyagokkal (gumi, uret\u00e1n) vagy rugalmas f\u00e9m alkatr\u00e9szeket haszn\u00e1l (pl. rozsdamentes ac\u00e9l korongok).<\/li>\n<\/ul>\n<\/li>\n<\/ol>\n<p>N\u00e9h\u00e1ny tengelykapcsol\u00f3 mindk\u00e9t tulajdons\u00e1got \u00f6tv\u00f6zi (pl. a rugalmas t\u00e1vtart\u00f3 tengelykapcsol\u00f3k), \u00edgy mind a t\u00e1vols\u00e1g, mind az eltol\u00f3d\u00e1s kiegyenl\u00edt\u00e9s\u00e9t biztos\u00edtja. A f\u0151 k\u00fcl\u00f6nbs\u00e9g azonban tov\u00e1bbra is az els\u0151dleges c\u00e9ljuk: a t\u00e1vols\u00e1g kontra rugalmass\u00e1g. V\u00e1lasszon t\u00e1vtart\u00f3 tengelykapcsol\u00f3t, ha a t\u00e1vols\u00e1g kritikus, \u00e9s rugalmas tengelykapcsol\u00f3t, ha az elmozdul\u00e1s vagy az eltol\u00f3d\u00e1s a f\u0151 szempont.<\/p>\n<\/div>\n<\/div>\n<\/div>","protected":false},"excerpt":{"rendered":"<p>Spacer Coupling vs. Flexible Coupling Primary Function: Spacer Coupling: Designed to maintain a specific distance between two connected shafts. Commonly used when equipment (e.g., pumps, motors) cannot be positioned close together. The spacer acts as a rigid or adjustable component to bridge the gap. Flexible Coupling: Focuses on accommodating misalignment (angular, parallel, or axial) and [&hellip;]<\/p>","protected":false},"featured_media":6419,"comment_status":"open","ping_status":"closed","template":"","meta":{"_et_pb_use_builder":"","_et_pb_old_content":"","_et_gb_content_width":""},"product_brand":[],"product_cat":[101],"product_tag":[],"class_list":{"0":"post-6416","1":"product","2":"type-product","3":"status-publish","4":"has-post-thumbnail","6":"product_cat-coupling","8":"first","9":"instock","10":"shipping-taxable","11":"product-type-simple"},"_links":{"self":[{"href":"https:\/\/fmp-components.com\/hu\/wp-json\/wp\/v2\/product\/6416","targetHints":{"allow":["GET"]}}],"collection":[{"href":"https:\/\/fmp-components.com\/hu\/wp-json\/wp\/v2\/product"}],"about":[{"href":"https:\/\/fmp-components.com\/hu\/wp-json\/wp\/v2\/types\/product"}],"replies":[{"embeddable":true,"href":"https:\/\/fmp-components.com\/hu\/wp-json\/wp\/v2\/comments?post=6416"}],"wp:featuredmedia":[{"embeddable":true,"href":"https:\/\/fmp-components.com\/hu\/wp-json\/wp\/v2\/media\/6419"}],"wp:attachment":[{"href":"https:\/\/fmp-components.com\/hu\/wp-json\/wp\/v2\/media?parent=6416"}],"wp:term":[{"taxonomy":"product_brand","embeddable":true,"href":"https:\/\/fmp-components.com\/hu\/wp-json\/wp\/v2\/product_brand?post=6416"},{"taxonomy":"product_cat","embeddable":true,"href":"https:\/\/fmp-components.com\/hu\/wp-json\/wp\/v2\/product_cat?post=6416"},{"taxonomy":"product_tag","embeddable":true,"href":"https:\/\/fmp-components.com\/hu\/wp-json\/wp\/v2\/product_tag?post=6416"}],"curies":[{"name":"munkaf\u00fczet","href":"https:\/\/api.w.org\/{rel}","templated":true}]}}