{"id":6412,"date":"2025-03-10T06:01:59","date_gmt":"2025-03-10T06:01:59","guid":{"rendered":"https:\/\/fmp-components.com\/?post_type=product&#038;p=6412"},"modified":"2025-03-10T06:02:00","modified_gmt":"2025-03-10T06:02:00","slug":"nm-couplings","status":"publish","type":"product","link":"https:\/\/fmp-components.com\/hu\/product\/nm-couplings\/","title":{"rendered":"NM tengelykapcsol\u00f3k"},"content":{"rendered":"<h2>NM tengelykapcsol\u00f3k param\u00e9terei<\/h2>\n<table class=\"has-title all magic-9\" border=\"1\">\n<tbody>\n<tr>\n<td colspan=\"1\" rowspan=\"1\">\n<div class=\"magic-10\" data-spm-anchor-id=\"a2700.details.0.i13.236d5a3715iTIC\"><strong>t\u00e9tel<\/strong><\/div>\n<\/td>\n<td colspan=\"1\" rowspan=\"1\">\n<div class=\"magic-11\">NM tengelykapcsol\u00f3k<\/div>\n<\/td>\n<\/tr>\n<tr>\n<td colspan=\"1\" rowspan=\"1\">\n<div class=\"magic-10\"><strong>Alkalmazhat\u00f3 ipar\u00e1gak<\/strong><\/div>\n<\/td>\n<td colspan=\"1\" rowspan=\"1\">\n<div class=\"magic-11\">Sz\u00e1llod\u00e1k, Ruha\u00fczletek, \u00c9p\u00edt\u0151anyag-\u00fczletek, Gy\u00e1rt\u00f3\u00fczem, G\u00e9pjav\u00edt\u00f3 m\u0171helyek, \u00c9lelmiszer- \u00e9s italgy\u00e1r, Farmok, \u00c9tterem, Otthoni haszn\u00e1latra, Kiskereskedelem, \u00c9lelmiszerbolt, Nyomda, \u00c9p\u00edt\u0151ipari munk\u00e1k, Energia \u00e9s b\u00e1ny\u00e1szat, \u00c9lelmiszer- \u00e9s italboltok, Egy\u00e9b, Rekl\u00e1mc\u00e9gek<\/div>\n<\/td>\n<\/tr>\n<tr>\n<td colspan=\"1\" rowspan=\"1\">\n<div class=\"magic-10\"><strong>Testreszabott t\u00e1mogat\u00e1s<\/strong><\/div>\n<\/td>\n<td colspan=\"1\" rowspan=\"1\">\n<div class=\"magic-11\">OEM<\/div>\n<\/td>\n<\/tr>\n<tr>\n<td colspan=\"1\" rowspan=\"1\">\n<div class=\"magic-10\"><strong>Szerkezet<\/strong><\/div>\n<\/td>\n<td colspan=\"1\" rowspan=\"1\">\n<div class=\"magic-11\">\u00c1llkapocs<\/div>\n<\/td>\n<\/tr>\n<tr>\n<td colspan=\"1\" rowspan=\"1\">\n<div class=\"magic-10\"><strong>Rugalmas vagy merev<\/strong><\/div>\n<\/td>\n<td colspan=\"1\" rowspan=\"1\">\n<div class=\"magic-11\">Rugalmas<\/div>\n<\/td>\n<\/tr>\n<tr>\n<td colspan=\"1\" rowspan=\"1\">\n<div class=\"magic-10\"><strong>Standard vagy nem szabv\u00e1nyos<\/strong><\/div>\n<\/td>\n<td colspan=\"1\" rowspan=\"1\">\n<div class=\"magic-11\">Standard<\/div>\n<\/td>\n<\/tr>\n<tr>\n<td colspan=\"1\" rowspan=\"1\">\n<div class=\"magic-10\"><strong>Anyag<\/strong><\/div>\n<\/td>\n<td colspan=\"1\" rowspan=\"1\">\n<div class=\"magic-11\">Vas<\/div>\n<\/td>\n<\/tr>\n<tr>\n<td colspan=\"1\" rowspan=\"1\">\n<div class=\"magic-10\"><strong>Sz\u00e1rmaz\u00e1si hely<\/strong><\/div>\n<\/td>\n<td colspan=\"1\" rowspan=\"1\">\n<div class=\"magic-11\">Olaszorsz\u00e1g<\/div>\n<\/td>\n<\/tr>\n<tr>\n<td colspan=\"1\" rowspan=\"1\">\n<div class=\"magic-10\"><strong>Sz\u00edn<\/strong><\/div>\n<\/td>\n<td colspan=\"1\" rowspan=\"1\">\n<div class=\"magic-11\" data-spm-anchor-id=\"a2700.details.0.i12.236d5a3715iTIC\">z\u00f6ld\/k\u00e9k\/piros\/narancss\u00e1rga<\/div>\n<\/td>\n<\/tr>\n<\/tbody>\n<\/table>\n<p><img loading=\"lazy\" decoding=\"async\" class=\"alignnone size-full wp-image-6413\" src=\"https:\/\/fmp-components.com\/wp-content\/uploads\/2025\/03\/nm-coupling-1.webp\" alt=\"MH tengelykapcsol\u00f3\" width=\"836\" height=\"669\" title=\"\" srcset=\"https:\/\/fmp-components.com\/wp-content\/uploads\/2025\/03\/nm-coupling-1.webp 836w, https:\/\/fmp-components.com\/wp-content\/uploads\/2025\/03\/nm-coupling-1-480x384.webp 480w\" sizes=\"(min-width: 0px) and (max-width: 480px) 480px, (min-width: 481px) 836px, 100vw\" \/><\/p>\n<h2>Az NM tengelykapcsol\u00f3k jellemz\u0151i<\/h2>\n<ul>\n<li>A kiv\u00e1l\u00f3 min\u0151s\u00e9g\u0171 \u00f6nt\u00f6ttvas ellen\u00e1ll a hirtelen nyomat\u00e9kv\u00e1ltoz\u00e1soknak.<\/li>\n<li>A speci\u00e1lis gumi anyag kop\u00e1s- \u00e9s h\u0151\u00e1ll\u00f3, valamint olaj- \u00e9s g\u00e1z\u00e1ll\u00f3, \u00edgy biztos\u00edtva a sima hajt\u00e1st \u00e9s a hossz\u00fa \u00e9lettartamot.<\/li>\n<li>Alacsony zajszint\u0171 fut\u00e1s.<\/li>\n<li>Gumi alkatr\u00e9szek gyors, k\u00e9nyelmes \u00e9s gazdas\u00e1gos cser\u00e9je.<\/li>\n<li>Kiegyenl\u00edti a radi\u00e1lis \u00e9s axi\u00e1lis ir\u00e1ny\u00fa eltol\u00f3d\u00e1sokat<\/li>\n<li>Szintetikus gumi k\u00f6zgy\u0171r\u0171<\/li>\n<li>Cs\u00f6kkenti az \u00fct\u00e9seket, rezg\u00e9seket \u00e9s zajokat a hajt\u00e1s \u00e9s a meghajtott rendszer k\u00f6z\u00f6tt<\/li>\n<li>V\u00e9di a meghajt\u00e1s rezonanci\u00e1ja \u00e9s a l\u00f6k\u00e9sszer\u0171 terhel\u00e9sek ellen<\/li>\n<li>Kaphat\u00f3 t\u00f6m\u00f6r agygal vagy k\u00e9sz furattal<\/li>\n<\/ul>\n<p><img loading=\"lazy\" decoding=\"async\" class=\"wp-image-6415 aligncenter\" src=\"https:\/\/fmp-components.com\/wp-content\/uploads\/2025\/03\/nm-coupling.webp\" alt=\"MH tengelykapcsol\u00f3\" width=\"884\" height=\"663\" title=\"\" srcset=\"https:\/\/fmp-components.com\/wp-content\/uploads\/2025\/03\/nm-coupling.webp 480w, https:\/\/fmp-components.com\/wp-content\/uploads\/2025\/03\/nm-coupling-300x225.webp 300w, https:\/\/fmp-components.com\/wp-content\/uploads\/2025\/03\/nm-coupling-16x12.webp 16w\" sizes=\"(max-width: 884px) 100vw, 884px\" \/><\/p>","protected":false},"excerpt":{"rendered":"<p>Parameters of NM Couplings item NM Couplings Applicable Industries Hotels, Garment Shops, Building Material Shops, Manufacturing Plant, Machinery Repair Shops, Food &amp; Beverage Factory, Farms, Restaurant, Home Use, Retail, Food Shop, Printing Shops, Construction works\u00a0, Energy &amp; Mining, Food &amp; Beverage Shops, Other, Advertising Company Customized support OEM Structure Jaw Flexible or Rigid Flexible Standard [&hellip;]<\/p>","protected":false},"featured_media":6414,"comment_status":"open","ping_status":"closed","template":"","meta":{"_et_pb_use_builder":"","_et_pb_old_content":"","_et_gb_content_width":""},"product_brand":[],"product_cat":[101],"product_tag":[],"class_list":{"0":"post-6412","1":"product","2":"type-product","3":"status-publish","4":"has-post-thumbnail","6":"product_cat-coupling","8":"first","9":"instock","10":"shipping-taxable","11":"product-type-simple"},"_links":{"self":[{"href":"https:\/\/fmp-components.com\/hu\/wp-json\/wp\/v2\/product\/6412","targetHints":{"allow":["GET"]}}],"collection":[{"href":"https:\/\/fmp-components.com\/hu\/wp-json\/wp\/v2\/product"}],"about":[{"href":"https:\/\/fmp-components.com\/hu\/wp-json\/wp\/v2\/types\/product"}],"replies":[{"embeddable":true,"href":"https:\/\/fmp-components.com\/hu\/wp-json\/wp\/v2\/comments?post=6412"}],"wp:featuredmedia":[{"embeddable":true,"href":"https:\/\/fmp-components.com\/hu\/wp-json\/wp\/v2\/media\/6414"}],"wp:attachment":[{"href":"https:\/\/fmp-components.com\/hu\/wp-json\/wp\/v2\/media?parent=6412"}],"wp:term":[{"taxonomy":"product_brand","embeddable":true,"href":"https:\/\/fmp-components.com\/hu\/wp-json\/wp\/v2\/product_brand?post=6412"},{"taxonomy":"product_cat","embeddable":true,"href":"https:\/\/fmp-components.com\/hu\/wp-json\/wp\/v2\/product_cat?post=6412"},{"taxonomy":"product_tag","embeddable":true,"href":"https:\/\/fmp-components.com\/hu\/wp-json\/wp\/v2\/product_tag?post=6412"}],"curies":[{"name":"munkaf\u00fczet","href":"https:\/\/api.w.org\/{rel}","templated":true}]}}