{"id":6409,"date":"2025-03-10T05:58:14","date_gmt":"2025-03-10T05:58:14","guid":{"rendered":"https:\/\/fmp-components.com\/?post_type=product&#038;p=6409"},"modified":"2025-03-10T05:58:16","modified_gmt":"2025-03-10T05:58:16","slug":"rigid-couplings","status":"publish","type":"product","link":"https:\/\/fmp-components.com\/hu\/product\/rigid-couplings\/","title":{"rendered":"Merev tengelykapcsol\u00f3k"},"content":{"rendered":"<h2>Merev tengelykapcsol\u00f3k specifik\u00e1ci\u00f3i<\/h2>\n<p><img loading=\"lazy\" decoding=\"async\" class=\"alignnone size-full wp-image-6411\" src=\"https:\/\/fmp-components.com\/wp-content\/uploads\/2025\/03\/rigid-coupling-1.webp\" alt=\"merev tengelykapcsol\u00f3\" width=\"879\" height=\"698\" title=\"\" srcset=\"https:\/\/fmp-components.com\/wp-content\/uploads\/2025\/03\/rigid-coupling-1.webp 879w, https:\/\/fmp-components.com\/wp-content\/uploads\/2025\/03\/rigid-coupling-1-480x381.webp 480w\" sizes=\"(min-width: 0px) and (max-width: 480px) 480px, (min-width: 481px) 879px, 100vw\" \/><\/p>\n<h2>Merev tengelykapcsol\u00f3k jellemz\u0151i<\/h2>\n<ul>\n<li>K\u00f6nny\u0171, ultra alacsony tehetetlens\u00e9g\u0171 \u00e9s nagy \u00e9rz\u00e9kenys\u00e9g\u0171<\/li>\n<li>Karbantart\u00e1smentes, kiv\u00e1l\u00f3 olaj- \u00e9s korr\u00f3zi\u00f3\u00e1ll\u00f3s\u00e1g<\/li>\n<li>Alum\u00ednium\u00f6tv\u00f6zet \u00e9s rozsdamentes ac\u00e9l anyagok<\/li>\n<li>Adja meg a r\u00f6gz\u00edt\u0151csavar, a bilincs \u00e9s az elv\u00e1laszt\u00e1s t\u00edpus\u00e1t<\/li>\n<li>K\u00fcl\u00f6nb\u00f6z\u0151 lyukm\u00e9ret\u0171 modellek is kaphat\u00f3k rakt\u00e1ron mindk\u00e9t v\u00e9g\u00e9n<\/li>\n<\/ul>\n<h2>A merev tengelykapcsol\u00f3k el\u0151nyei \u00e9s h\u00e1tr\u00e1nyai<\/h2>\n<p><strong>A merev tengelykapcsol\u00f3k el\u0151nyei<\/strong><br \/>\nA merev tengelykapcsol\u00f3kat sz\u00e9les k\u00f6rben haszn\u00e1lj\u00e1k alacsony sebess\u00e9g\u0171, \u00fct\u00e9smentes alkalmaz\u00e1sokban, ahol a tengelyek nagy merevs\u00e9get \u00e9s pontos be\u00e1ll\u00edt\u00e1st mutatnak egyszer\u0171 kialak\u00edt\u00e1suk, k\u00f6lts\u00e9ghat\u00e9konys\u00e1guk \u00e9s nagy nyomat\u00e9k \u00e1tvitel\u00e9re val\u00f3 k\u00e9pess\u00e9g\u00fck miatt. Gyakori p\u00e9lda erre a\u00a0<strong>karim\u00e1s tengelykapcsol\u00f3<\/strong>, amely k\u00e9t csavarokkal \u00f6sszek\u00f6t\u00f6tt peremes t\u00e1rcs\u00e1b\u00f3l \u00e1ll. Mindegyik t\u00e1rcsa egy reteszcsatlakoz\u00f3n kereszt\u00fcl van egy tengelyre r\u00f6gz\u00edtve, lehet\u0151v\u00e9 t\u00e9ve a nyomat\u00e9k \u00e9s a mozg\u00e1s \u00e1tvitel\u00e9t a k\u00e9t tengely k\u00f6z\u00f6tt.<\/p>\n<p>A peremes csatlakoz\u00f3k f\u0151 el\u0151nyei a k\u00f6vetkez\u0151k:<\/p>\n<ol start=\"1\">\n<li><strong>Egyszer\u0171s\u00e9g \u00e9s megfizethet\u0151s\u00e9g<\/strong>K\u00f6nnyen gy\u00e1rthat\u00f3, telep\u00edthet\u0151 \u00e9s karbantarthat\u00f3, alacsony el\u0151\u00e1ll\u00edt\u00e1si k\u00f6lts\u00e9gekkel.<\/li>\n<li><strong>Nagy nyomat\u00e9kkapacit\u00e1s<\/strong>K\u00e9pes jelent\u0151s nyomat\u00e9k megb\u00edzhat\u00f3 \u00e1tvitel\u00e9re.<\/li>\n<li><strong>Prec\u00edz igaz\u00edt\u00e1s<\/strong>Pontos tengelybe\u00e1ll\u00edt\u00e1st biztos\u00edt, \u00edgy ide\u00e1lisak nagy sebess\u00e9g\u0171 alkalmaz\u00e1sokhoz vagy szigor\u00fa \u00e1tviteli pontoss\u00e1got ig\u00e9nyl\u0151 rendszerekhez.<\/li>\n<li><strong>Tart\u00f3ss\u00e1g<\/strong>A robusztus konstrukci\u00f3 minimaliz\u00e1lja a kop\u00e1st stabil terhel\u00e9si k\u00f6r\u00fclm\u00e9nyek k\u00f6z\u00f6tt.<\/li>\n<\/ol>\n<p>A merev tengelykapcsol\u00f3k azonban nem rendelkeznek radi\u00e1lis, axi\u00e1lis vagy sz\u00f6gkompenz\u00e1ci\u00f3val. Ha a tengelybe\u00e1ll\u00edt\u00e1s m\u0171k\u00f6d\u00e9s k\u00f6zben nem t\u00f6k\u00e9letes, az cs\u00f6kkent hat\u00e1sfokhoz, felgyorsult kop\u00e1shoz, fokozott rezg\u00e9shez \u00e9s zajhoz vezethet. A nyomat\u00e9kig\u00e9nyek kiel\u00e9g\u00edt\u00e9se \u00e9rdek\u00e9ben a peremes tengelykapcsol\u00f3k a csatlakoz\u00e1sok eg\u00e9sz\u00e9hez vagy fel\u00e9hez d\u00f6rzs\u00e1razott furat\u00fa csavarokat haszn\u00e1lhatnak, a fennmarad\u00f3 csavarok pedig szabv\u00e1nyosak.<\/p>\n<p><strong>A merev tengelykapcsol\u00f3k h\u00e1tr\u00e1nyai<\/strong><br \/>\nA merev tengelykapcsol\u00f3k, p\u00e9ld\u00e1ul a peremes tengelykapcsol\u00f3k els\u0151dleges h\u00e1tr\u00e1nya a\u00a0<strong>szigor\u00fa k\u00f6vetelm\u00e9ny a prec\u00edz tengelybe\u00e1ll\u00edt\u00e1sra<\/strong>A tengelyek k\u00f6z\u00f6tti b\u00e1rmilyen relat\u00edv elmozdul\u00e1s tov\u00e1bbi ig\u00e9nybev\u00e9telt jelent a csatlakoztatott alkatr\u00e9szekre, rontva az \u00fczemi felt\u00e9teleket. Ez a korl\u00e1toz\u00e1s alkalmatlann\u00e1 teszi \u0151ket olyan rendszerekhez, ahol potenci\u00e1lisan elt\u00e9r\u00e9s l\u00e9phet fel a tengelyen, dinamikus terhel\u00e9sek l\u00e9phetnek fel, vagy l\u00f6k\u00e9scsillap\u00edt\u00e1sra van sz\u00fcks\u00e9g.<\/p>\n<p>\u00d6sszefoglalva, m\u00edg a merev tengelykapcsol\u00f3k az egyszer\u0171s\u00e9g \u00e9s a nyomat\u00e9k\u00e1tvitel ter\u00e9n kiv\u00e1l\u00f3ak a j\u00f3l be\u00e1ll\u00edtott tengelyek eset\u00e9ben, a be\u00e1ll\u00edt\u00e1si hib\u00e1k kompenz\u00e1l\u00e1s\u00e1ra val\u00f3 k\u00e9ptelens\u00e9g\u00fck korl\u00e1tozza alkalmaz\u00e1sukat dinamikusabb vagy rugalmasabb rendszerekben.<\/p>\n<p>&nbsp;<\/p>","protected":false},"excerpt":{"rendered":"<p>Specifications of Rigid Couplings Rigid Couplings Features Lightweight, ultra-low inertia, and high sensitivity Maintenance-free, super oil and corrosion resistance Aluminum alloy and stainless steel materials Provide fastening bolt type, clip type and separation type Models with different hole sizes at both ends are also available in stock Advantages and Disadvantages of Rigid Couplings Advantages of [&hellip;]<\/p>","protected":false},"featured_media":6410,"comment_status":"open","ping_status":"closed","template":"","meta":{"_et_pb_use_builder":"","_et_pb_old_content":"","_et_gb_content_width":""},"product_brand":[],"product_cat":[101],"product_tag":[],"class_list":{"0":"post-6409","1":"product","2":"type-product","3":"status-publish","4":"has-post-thumbnail","6":"product_cat-coupling","8":"first","9":"instock","10":"shipping-taxable","11":"product-type-simple"},"_links":{"self":[{"href":"https:\/\/fmp-components.com\/hu\/wp-json\/wp\/v2\/product\/6409","targetHints":{"allow":["GET"]}}],"collection":[{"href":"https:\/\/fmp-components.com\/hu\/wp-json\/wp\/v2\/product"}],"about":[{"href":"https:\/\/fmp-components.com\/hu\/wp-json\/wp\/v2\/types\/product"}],"replies":[{"embeddable":true,"href":"https:\/\/fmp-components.com\/hu\/wp-json\/wp\/v2\/comments?post=6409"}],"wp:featuredmedia":[{"embeddable":true,"href":"https:\/\/fmp-components.com\/hu\/wp-json\/wp\/v2\/media\/6410"}],"wp:attachment":[{"href":"https:\/\/fmp-components.com\/hu\/wp-json\/wp\/v2\/media?parent=6409"}],"wp:term":[{"taxonomy":"product_brand","embeddable":true,"href":"https:\/\/fmp-components.com\/hu\/wp-json\/wp\/v2\/product_brand?post=6409"},{"taxonomy":"product_cat","embeddable":true,"href":"https:\/\/fmp-components.com\/hu\/wp-json\/wp\/v2\/product_cat?post=6409"},{"taxonomy":"product_tag","embeddable":true,"href":"https:\/\/fmp-components.com\/hu\/wp-json\/wp\/v2\/product_tag?post=6409"}],"curies":[{"name":"munkaf\u00fczet","href":"https:\/\/api.w.org\/{rel}","templated":true}]}}