{"id":6408,"date":"2025-03-10T05:49:58","date_gmt":"2025-03-10T05:49:58","guid":{"rendered":"https:\/\/fmp-components.com\/?post_type=product&#038;p=6408"},"modified":"2025-03-10T05:49:59","modified_gmt":"2025-03-10T05:49:59","slug":"flexible-couplings","status":"publish","type":"product","link":"https:\/\/fmp-components.com\/hu\/product\/flexible-couplings\/","title":{"rendered":"Rugalmas tengelykapcsol\u00f3k"},"content":{"rendered":"<p>A rugalmas tengelykapcsol\u00f3 egy mechanikus eszk\u00f6z, amelyet k\u00e9t forg\u00f3 tengely \u00f6sszekapcsol\u00e1s\u00e1ra terveztek, mik\u00f6zben kiegyenl\u00edti az eltol\u00f3d\u00e1st, elnyeli az \u00fct\u00e9seket\/rezg\u00e9seket, \u00e9s tov\u00e1bb\u00edtja a nyomat\u00e9kot k\u00f6z\u00f6tt\u00fck. Sz\u00e9les k\u00f6rben haszn\u00e1lj\u00e1k olyan g\u00e9pekben, ahol a t\u00f6k\u00e9letes tengelybe\u00e1ll\u00edt\u00e1s nem praktikus, vagy ahol a dinamikus er\u0151ket (pl. h\u0151t\u00e1gul\u00e1s, rezg\u00e9s) kell m\u00e9rs\u00e9kelni. Az al\u00e1bbiakban r\u00e9szletesen bemutatjuk a rugalmas tengelykapcsol\u00f3kat:<\/p>\n<h3>F\u0151bb jellemz\u0151k<\/h3>\n<ol start=\"1\">\n<li><strong>Eltol\u00e1si kompenz\u00e1ci\u00f3<\/strong>:\n<ul>\n<li><strong>Sz\u00f6g-, p\u00e1rhuzamos \u00e9s axi\u00e1lis eltol\u00f3d\u00e1s<\/strong>A rugalmas tengelykapcsol\u00f3k elviselik a tengelyek k\u00f6z\u00f6tti kism\u00e9rt\u00e9k\u0171 sz\u00f6g-, p\u00e1rhuzamos (eltol\u00e1sos) vagy axi\u00e1lis elmozdul\u00e1st.<\/li>\n<li><strong>A rugalmass\u00e1g t\u00edpusai<\/strong>Elasztomer elemeken, f\u00e9mb\u0151l k\u00e9sz\u00fclt hajl\u00e9kony alkatr\u00e9szeken (pl. f\u00fajtat\u00f3, gerend\u00e1k) vagy mechanikus csatlakoz\u00e1sokon (pl. univerz\u00e1lis csatlakoz\u00e1sok) kereszt\u00fcl \u00e9rhet\u0151 el.<\/li>\n<\/ul>\n<\/li>\n<li><strong>Rezg\u00e9s- \u00e9s l\u00f6k\u00e9scsillap\u00edt\u00e1s<\/strong>:\n<ul>\n<li>Cs\u00f6kkenti a rezg\u00e9sek \u00e1tvitel\u00e9t a motorokb\u00f3l, hajt\u00f3m\u0171vekb\u0151l vagy egyenetlen terhel\u00e9sekb\u0151l a csatlakoztatott berendez\u00e9sekre.<\/li>\n<li>Az elasztomer (gumi\/poliuret\u00e1n) csatlakoz\u00f3k kiv\u00e1l\u00f3an csillap\u00edtj\u00e1k a nagyfrekvenci\u00e1s rezg\u00e9seket.<\/li>\n<\/ul>\n<\/li>\n<li><strong>Nyomat\u00e9k\u00e1tvitel<\/strong>:\n<ul>\n<li>Hat\u00e9konyan tov\u00e1bb\u00edtja a forg\u00e1si teljes\u00edtm\u00e9nyt, mik\u00f6zben megv\u00e9di a g\u00e9peket a t\u00falterhel\u00e9st\u0151l (egyes kivitelek nyomat\u00e9kkorl\u00e1toz\u00f3 funkci\u00f3kkal is rendelkeznek).<\/li>\n<\/ul>\n<\/li>\n<li><strong>Elektromos szigetel\u00e9s<\/strong>:\n<ul>\n<li>Bizonyos csatlakoz\u00f3k (pl. nemf\u00e9mes elasztomer t\u00edpusok) a k\u00fcl\u00f6nb\u00f6z\u0151 f\u00e9mek elektromos izol\u00e1l\u00e1s\u00e1val megakad\u00e1lyozz\u00e1k a galv\u00e1nkorr\u00f3zi\u00f3t.<\/li>\n<\/ul>\n<\/li>\n<li><strong>Karbantart\u00e1smentes vagy alacsony karbantart\u00e1st ig\u00e9nyl\u0151<\/strong>:\n<ul>\n<li>Sok modern rugalmas tengelykapcsol\u00f3 nem ig\u00e9nyel ken\u00e9st, \u00e9s hossz\u00fa \u00e9lettartam\u00fa.<\/li>\n<\/ul>\n<\/li>\n<\/ol>\n<p><img loading=\"lazy\" decoding=\"async\" class=\"alignnone size-full wp-image-6398\" src=\"https:\/\/fmp-components.com\/wp-content\/uploads\/2025\/03\/flexible-coupling-1.webp\" alt=\"Rugalmas tengelykapcsol\u00f3\" width=\"911\" height=\"349\" title=\"\" srcset=\"https:\/\/fmp-components.com\/wp-content\/uploads\/2025\/03\/flexible-coupling-1.webp 911w, https:\/\/fmp-components.com\/wp-content\/uploads\/2025\/03\/flexible-coupling-1-480x184.webp 480w\" sizes=\"(min-width: 0px) and (max-width: 480px) 480px, (min-width: 481px) 911px, 100vw\" \/><\/p>\n<p><img loading=\"lazy\" decoding=\"async\" class=\"wp-image-6399 aligncenter\" src=\"https:\/\/fmp-components.com\/wp-content\/uploads\/2025\/03\/flexible-coupling-2.webp\" alt=\"rugalmas tengelykapcsol\u00f3\" width=\"872\" height=\"938\" title=\"\" srcset=\"https:\/\/fmp-components.com\/wp-content\/uploads\/2025\/03\/flexible-coupling-2.webp 872w, https:\/\/fmp-components.com\/wp-content\/uploads\/2025\/03\/flexible-coupling-2-480x516.webp 480w\" sizes=\"(min-width: 0px) and (max-width: 480px) 480px, (min-width: 481px) 872px, 100vw\" \/><\/p>","protected":false},"excerpt":{"rendered":"<p>A\u00a0flexible coupling\u00a0is a mechanical device designed to connect two rotating shafts while accommodating misalignment, absorbing shocks\/vibrations, and transmitting torque between them. It is widely used in machinery where perfect shaft alignment is impractical or where dynamic forces (e.g., thermal expansion, vibration) must be mitigated. Below is a detailed introduction to flexible couplings: Key Features Misalignment [&hellip;]<\/p>","protected":false},"featured_media":6400,"comment_status":"open","ping_status":"closed","template":"","meta":{"_et_pb_use_builder":"","_et_pb_old_content":"","_et_gb_content_width":""},"product_brand":[],"product_cat":[101],"product_tag":[],"class_list":{"0":"post-6408","1":"product","2":"type-product","3":"status-publish","4":"has-post-thumbnail","6":"product_cat-coupling","8":"first","9":"instock","10":"shipping-taxable","11":"product-type-simple"},"_links":{"self":[{"href":"https:\/\/fmp-components.com\/hu\/wp-json\/wp\/v2\/product\/6408","targetHints":{"allow":["GET"]}}],"collection":[{"href":"https:\/\/fmp-components.com\/hu\/wp-json\/wp\/v2\/product"}],"about":[{"href":"https:\/\/fmp-components.com\/hu\/wp-json\/wp\/v2\/types\/product"}],"replies":[{"embeddable":true,"href":"https:\/\/fmp-components.com\/hu\/wp-json\/wp\/v2\/comments?post=6408"}],"wp:featuredmedia":[{"embeddable":true,"href":"https:\/\/fmp-components.com\/hu\/wp-json\/wp\/v2\/media\/6400"}],"wp:attachment":[{"href":"https:\/\/fmp-components.com\/hu\/wp-json\/wp\/v2\/media?parent=6408"}],"wp:term":[{"taxonomy":"product_brand","embeddable":true,"href":"https:\/\/fmp-components.com\/hu\/wp-json\/wp\/v2\/product_brand?post=6408"},{"taxonomy":"product_cat","embeddable":true,"href":"https:\/\/fmp-components.com\/hu\/wp-json\/wp\/v2\/product_cat?post=6408"},{"taxonomy":"product_tag","embeddable":true,"href":"https:\/\/fmp-components.com\/hu\/wp-json\/wp\/v2\/product_tag?post=6408"}],"curies":[{"name":"munkaf\u00fczet","href":"https:\/\/api.w.org\/{rel}","templated":true}]}}