{"id":6402,"date":"2025-03-10T05:41:33","date_gmt":"2025-03-10T05:41:33","guid":{"rendered":"https:\/\/fmp-components.com\/?post_type=product&#038;p=6402"},"modified":"2025-03-10T05:41:33","modified_gmt":"2025-03-10T05:41:33","slug":"mh-couplings","status":"publish","type":"product","link":"https:\/\/fmp-components.com\/hu\/product\/mh-couplings\/","title":{"rendered":"MH tengelykapcsol\u00f3k"},"content":{"rendered":"<p>Az MH sorozat egy szintetikus gumib\u00f3l k\u00e9sz\u00fclt rugalmas csatlakoz\u00f3eszk\u00f6z, k\u00e9t hasonl\u00f3 \u00f6nt\u00f6ttvas testtel. A kiv\u00e1l\u00f3 min\u0151s\u00e9g\u0171 \u00f6nt\u00f6ttvas karim\u00e1kat els\u0151sorban er\u0151\u00e1tvitelre haszn\u00e1lj\u00e1k, \u00e9s v\u00e9dik a rugalmas gumit. Rugalmas gumija kiv\u00e1l\u00f3 tart\u00f3ss\u00e1got \u00e9s min\u0151s\u00e9gi csatlakoz\u00f3teljes\u00edtm\u00e9nyt biztos\u00edt. Az MH tengelykapcsol\u00f3 k\u00e9t karim\u00e1b\u00f3l \u00e9s rugalmas gy\u0171r\u0171kb\u0151l \u00e1ll, amelyek k\u00e9pesek kompenz\u00e1lni a tengelyek k\u00fcl\u00f6nb\u00f6z\u0151 t\u00edpus\u00fa eltol\u00f3d\u00e1sait. A rugalmas gy\u0171r\u0171 szintetikus gumib\u00f3l k\u00e9sz\u00fcl, \u00e9s bel\u00fcl ac\u00e9lmaggal van meger\u0151s\u00edtve, hogy n\u00f6velje a tengelykapcsol\u00f3 megb\u00edzhat\u00f3s\u00e1g\u00e1t \u00e9s a maxim\u00e1lis \u00fczemi sebess\u00e9get. A gumi csillap\u00edt\u00f3 tulajdons\u00e1gai k\u00e9pesek elnyelni \u00e9s elnyomni a torzi\u00f3s rezg\u00e9seket, \u00e9s hat\u00e9konyan m\u0171k\u00f6dnek -40 \u00e9s +100\u00b0C k\u00f6z\u00f6tti h\u0151m\u00e9rs\u00e9kleti tartom\u00e1nyban. Ezenk\u00edv\u00fcl a gumi ellen\u00e1ll az olajnak, szennyez\u0151d\u00e9snek, zs\u00edrnak, nedvess\u00e9gnek, \u00f3zonnak \u00e9s sz\u00e1mos k\u00e9miai old\u00f3szernek.<\/p>\n<h2>MH tengelykapcsol\u00f3k fel\u00e9p\u00edt\u00e9se<\/h2>\n<p><img loading=\"lazy\" decoding=\"async\" class=\"size-full wp-image-6405 aligncenter\" src=\"https:\/\/fmp-components.com\/wp-content\/uploads\/2025\/03\/mh-couplings-1.webp\" alt=\"MH csatol\u00e1s\" width=\"600\" height=\"400\" title=\"\" srcset=\"https:\/\/fmp-components.com\/wp-content\/uploads\/2025\/03\/mh-couplings-1.webp 600w, https:\/\/fmp-components.com\/wp-content\/uploads\/2025\/03\/mh-couplings-1-480x320.webp 480w\" sizes=\"(min-width: 0px) and (max-width: 480px) 480px, (min-width: 481px) 600px, 100vw\" \/> \u00a0<img loading=\"lazy\" decoding=\"async\" class=\"size-full wp-image-6407 aligncenter\" src=\"https:\/\/fmp-components.com\/wp-content\/uploads\/2025\/03\/k3gaks3a-mh-coupling-2.webp\" alt=\"MH csatol\u00e1s\" width=\"686\" height=\"429\" title=\"\" srcset=\"https:\/\/fmp-components.com\/wp-content\/uploads\/2025\/03\/k3gaks3a-mh-coupling-2.webp 686w, https:\/\/fmp-components.com\/wp-content\/uploads\/2025\/03\/k3gaks3a-mh-coupling-2-480x300.webp 480w\" sizes=\"(min-width: 0px) and (max-width: 480px) 480px, (min-width: 481px) 686px, 100vw\" \/><\/p>\n<h2>MH tengelykapcsol\u00f3 specifik\u00e1ci\u00f3k<\/h2>\n<p><img loading=\"lazy\" decoding=\"async\" class=\"alignnone size-full wp-image-6395\" src=\"https:\/\/fmp-components.com\/wp-content\/uploads\/2025\/03\/mh-coupling-1.webp\" alt=\"MH csatol\u00e1s\" width=\"867\" height=\"567\" title=\"\" srcset=\"https:\/\/fmp-components.com\/wp-content\/uploads\/2025\/03\/mh-coupling-1.webp 867w, https:\/\/fmp-components.com\/wp-content\/uploads\/2025\/03\/mh-coupling-1-480x314.webp 480w\" sizes=\"(min-width: 0px) and (max-width: 480px) 480px, (min-width: 481px) 867px, 100vw\" \/><\/p>\n<h3>MH tengelykapcsol\u00f3k alkalmaz\u00e1sai<\/h3>\n<p>Az MH tengelykapcsol\u00f3k, a konkr\u00e9t kialak\u00edt\u00e1sukt\u00f3l \u00e9s az ipar\u00e1gi kontextust\u00f3l f\u00fcgg\u0151en, k\u00fcl\u00f6nf\u00e9le t\u00edpus\u00fa tengelykapcsol\u00f3kra utalhatnak, amelyek mindegyik\u00e9nek elt\u00e9r\u0151 alkalmaz\u00e1sai vannak. Az al\u00e1bbiakban a lehets\u00e9ges alkalmaz\u00e1sok struktur\u00e1lt \u00e1ttekint\u00e9se tal\u00e1lhat\u00f3 a gyakori \u00e9rtelmez\u00e9sek alapj\u00e1n:<\/p>\n<h4>\u00c1ltal\u00e1nos ipari g\u00e9pek<\/h4>\n<ul>\n<li>Szivatty\u00fak \u00e9s kompresszorok: Motorok tengelyekhez csatlakoztat\u00e1sa, az elt\u00e9r\u00e9sek kiegyenl\u00edt\u00e9se \u00e9s a rezg\u00e9s\u00e1tvitel cs\u00f6kkent\u00e9se.<\/li>\n<li>Sz\u00e1ll\u00edt\u00f3szalag-rendszerek: Csatlakoztassa a hajt\u00f3motorokat a sz\u00e1ll\u00edt\u00f3szalagokhoz, lehet\u0151v\u00e9 t\u00e9ve az \u00fczemi kop\u00e1s miatti be\u00e1ll\u00edt\u00e1si eltol\u00f3d\u00e1sokat.<\/li>\n<li>Ventil\u00e1torok \u00e9s f\u00fav\u00f3k: Csillap\u00edtj\u00e1k a rezg\u00e9seket \u00e9s kezelik a h\u0151t\u00e1gul\u00e1st a HVAC rendszerekben.<\/li>\n<\/ul>\n<h4>Prec\u00edzi\u00f3s mozg\u00e1svez\u00e9rl\u00e9s<\/h4>\n<ul>\n<li>Robotika: A nagy pontoss\u00e1g\u00fa harmonika- vagy spir\u00e1lis tengelykapcsol\u00f3k (pl. R+W MH sorozat) nulla holtj\u00e1t\u00e9kot biztos\u00edtanak a szervohajt\u00e1s\u00fa k\u00f6t\u00e9sekben.<\/li>\n<li>CNC g\u00e9pek: Pontos mozg\u00e1s \u00e1tvitele motorokr\u00f3l ors\u00f3kra vagy vez\u00e9rors\u00f3kra.<\/li>\n<li>F\u00e9lvezet\u0151gy\u00e1rt\u00e1s: Tisztat\u00e9ri berendez\u00e9sekben haszn\u00e1lj\u00e1k a pontos pozicion\u00e1l\u00e1shoz.<\/li>\n<\/ul>\n<h4>Hidraulikus \u00e9s folyad\u00e9krendszerek<\/h4>\n<ul>\n<li>Gyorscsatlakoz\u00f3k: Gyors, sziv\u00e1rg\u00e1smentes csatlakoz\u00e1sokat tesznek lehet\u0151v\u00e9 hidraulikus g\u00e9pekben (\u00e9p\u00edt\u0151ipar, mez\u0151gazdas\u00e1g).<\/li>\n<li>Vegyipari \u00fczemek: A f\u00e9m t\u00f6ml\u0151csatlakoz\u00f3k korroz\u00edv folyad\u00e9kokat \u00e9s magas h\u0151m\u00e9rs\u00e9kleteket kezelnek.<\/li>\n<\/ul>\n<h4>Magas h\u0151m\u00e9rs\u00e9klet\u0171\/korroz\u00edv k\u00f6rnyezetek<\/h4>\n<ul>\n<li>Kipufog\u00f3rendszerek: Aut\u00f3ipari\/tengeri alkalmaz\u00e1sok h\u0151\u00e1ll\u00f3 f\u00e9m t\u00f6ml\u0151csatlakoz\u00f3kkal.<\/li>\n<li>Olaj \u00e9s g\u00e1z: Rugalmas csatlakoz\u00f3k cs\u0151vezet\u00e9kekben a h\u0151t\u00e1gul\u00e1s \u00e9s a rezg\u00e9s kezel\u00e9s\u00e9re.<\/li>\n<\/ul>\n<h4>Tengeri \u00e9s offshore<\/h4>\n<ul>\n<li>Meghajt\u00e1si rendszerek: Kiegyenl\u00edtik a haj\u00f3test g\u00f6rb\u00fcl\u00e9se \u00e1ltal okozott tengelyelt\u00e9r\u00e9seket.<\/li>\n<li>Fed\u00e9lzeti g\u00e9pek: Csatlakoztassa a dinamikus terhel\u00e9snek kitett cs\u00f6rl\u0151k\/daruk meghajt\u00e1sait.<\/li>\n<\/ul>\n<h4>Meg\u00fajul\u00f3 energia<\/h4>\n<ul>\n<li><strong>Sz\u00e9lturbin\u00e1k<\/strong>: Hajt\u00f3m\u0171vek \u00e9s gener\u00e1torok k\u00f6z\u00f6tti tengelykapcsol\u00f3k, v\u00e1ltoz\u00f3 terhel\u00e9sek \u00e9s tengelyeltol\u00f3d\u00e1sok kezel\u00e9se.<\/li>\n<\/ul>\n<p><img loading=\"lazy\" decoding=\"async\" class=\"wp-image-6406 aligncenter\" src=\"https:\/\/fmp-components.com\/wp-content\/uploads\/2025\/03\/mh-couplings-2.webp\" alt=\"MH csatol\u00e1s\" width=\"652\" height=\"652\" title=\"\" srcset=\"https:\/\/fmp-components.com\/wp-content\/uploads\/2025\/03\/mh-couplings-2.webp 652w, https:\/\/fmp-components.com\/wp-content\/uploads\/2025\/03\/mh-couplings-2-480x480.webp 480w\" sizes=\"(min-width: 0px) and (max-width: 480px) 480px, (min-width: 481px) 652px, 100vw\" \/><\/p>","protected":false},"excerpt":{"rendered":"<p>The MH series is a flexible coupling device constructed of synthetic rubber with two similar cast iron bodies. The high-quality cast iron flanges are mainly used for power transmission and protect the flexible rubber. Its elastic rubber provides excellent durability and quality coupling performance. The MH coupling consists of two flanges and elastic rings, which [&hellip;]<\/p>","protected":false},"featured_media":6404,"comment_status":"open","ping_status":"closed","template":"","meta":{"_et_pb_use_builder":"","_et_pb_old_content":"","_et_gb_content_width":""},"product_brand":[],"product_cat":[101],"product_tag":[],"class_list":{"0":"post-6402","1":"product","2":"type-product","3":"status-publish","4":"has-post-thumbnail","6":"product_cat-coupling","8":"first","9":"instock","10":"shipping-taxable","11":"product-type-simple"},"_links":{"self":[{"href":"https:\/\/fmp-components.com\/hu\/wp-json\/wp\/v2\/product\/6402","targetHints":{"allow":["GET"]}}],"collection":[{"href":"https:\/\/fmp-components.com\/hu\/wp-json\/wp\/v2\/product"}],"about":[{"href":"https:\/\/fmp-components.com\/hu\/wp-json\/wp\/v2\/types\/product"}],"replies":[{"embeddable":true,"href":"https:\/\/fmp-components.com\/hu\/wp-json\/wp\/v2\/comments?post=6402"}],"wp:featuredmedia":[{"embeddable":true,"href":"https:\/\/fmp-components.com\/hu\/wp-json\/wp\/v2\/media\/6404"}],"wp:attachment":[{"href":"https:\/\/fmp-components.com\/hu\/wp-json\/wp\/v2\/media?parent=6402"}],"wp:term":[{"taxonomy":"product_brand","embeddable":true,"href":"https:\/\/fmp-components.com\/hu\/wp-json\/wp\/v2\/product_brand?post=6402"},{"taxonomy":"product_cat","embeddable":true,"href":"https:\/\/fmp-components.com\/hu\/wp-json\/wp\/v2\/product_cat?post=6402"},{"taxonomy":"product_tag","embeddable":true,"href":"https:\/\/fmp-components.com\/hu\/wp-json\/wp\/v2\/product_tag?post=6402"}],"curies":[{"name":"munkaf\u00fczet","href":"https:\/\/api.w.org\/{rel}","templated":true}]}}