{"id":6394,"date":"2025-03-10T05:33:12","date_gmt":"2025-03-10T05:33:12","guid":{"rendered":"https:\/\/fmp-components.com\/?post_type=product&#038;p=6394"},"modified":"2025-03-10T05:57:43","modified_gmt":"2025-03-10T05:57:43","slug":"pin-couplings","status":"publish","type":"product","link":"https:\/\/fmp-components.com\/hu\/product\/pin-couplings\/","title":{"rendered":"PIN-csatlakoz\u00f3k"},"content":{"rendered":"<p>A perselyes csapos tengelykapcsol\u00f3ban egy k\u00f6zbens\u0151 gy\u0171r\u0171 tal\u00e1lhat\u00f3 a rugalmas elemek k\u00f6z\u00f6tt. Ez a gy\u0171r\u0171 lebeg, \u00e9s egy csappal van \u00f6sszek\u00f6tve a v\u00e9gt\u00e1rcs\u00e1val. A tengelykapcsol\u00f3 a csapra szerelt rugalmas elemen kereszt\u00fcl jut el a tengelykapcsol\u00f3 m\u00e1sik fel\u00e9be, mik\u00f6zben a csap \u00e9s a tengelykapcsol\u00f3 fele laza m\u00f3don van \u00f6sszek\u00f6tve, ami sim\u00e1n terhelhet\u0151 \u00e9s jelent\u0151sen cs\u00f6kkenti az oldalir\u00e1ny\u00fa er\u0151ket.<\/p>\n<p>Ennek a tengelykapcsol\u00f3nak az az el\u0151nye, hogy k\u00f6nnyed\u00e9n egy\u00fcttm\u0171k\u00f6dik enyh\u00e9n eltol\u00f3dott tengelyekkel, \u00e9s bizonyos rugalmass\u00e1got biztos\u00edt a rezg\u00e9sek \u00e9s l\u00f6k\u00e9sek elnyel\u00e9s\u00e9hez. Ez a tengelykapcsol\u00f3 k\u00fcl\u00f6n\u00f6sen alkalmas olyan helyzetekben, ahol axi\u00e1lis, radi\u00e1lis vagy sz\u00f6gelt\u00e9r\u00e9s van, \u00e9s rugalmas csatlakoz\u00f3eszk\u00f6z.<\/p>\n<h2>Csapos tengelykapcsol\u00f3k m\u00e9retei<\/h2>\n<p><img loading=\"lazy\" decoding=\"async\" class=\"alignnone size-full wp-image-6401\" src=\"https:\/\/fmp-components.com\/wp-content\/uploads\/2025\/03\/pin-coupling-specification.webp\" alt=\"pin-coupling-specifik\u00e1ci\u00f3\" width=\"873\" height=\"687\" title=\"\" srcset=\"https:\/\/fmp-components.com\/wp-content\/uploads\/2025\/03\/pin-coupling-specification.webp 873w, https:\/\/fmp-components.com\/wp-content\/uploads\/2025\/03\/pin-coupling-specification-480x378.webp 480w\" sizes=\"(min-width: 0px) and (max-width: 480px) 480px, (min-width: 481px) 873px, 100vw\" \/><\/p>\n<h3>A csapos tengelykapcsol\u00f3k jellemz\u0151i<\/h3>\n<p>1. K\u00f6lts\u00e9ghat\u00e9kony \u00e9s felhaszn\u00e1l\u00f3bar\u00e1t kialak\u00edt\u00e1s<\/p>\n<ul>\n<li>Alacsony k\u00f6lts\u00e9g: Gazdas\u00e1gos megold\u00e1s a nyomat\u00e9k\u00e1tvitelre a tengelyek k\u00f6z\u00f6tt.<\/li>\n<li>Egyszer\u0171 \u00f6sszeszerel\u00e9s: Az egyszer\u0171s\u00edtett telep\u00edt\u00e9si folyamat minimaliz\u00e1lja az \u00e1ll\u00e1sid\u0151t.<\/li>\n<li>Anyagsokoldal\u00fas\u00e1g: \u00c1ltal\u00e1ban f\u00e9mb\u0151l vagy gumib\u00f3l k\u00e9sz\u00fcl, de speci\u00e1lis v\u00e1ltozatok is kaphat\u00f3k a fokozott illeszt\u00e9si szil\u00e1rds\u00e1g \u00e9rdek\u00e9ben.<\/li>\n<\/ul>\n<p>2. Mechanikai el\u0151ny\u00f6k<\/p>\n<ul>\n<li>Eltol\u00f3d\u00e1si t\u0171r\u00e9shat\u00e1r: K\u00e9pes kiegyenl\u00edteni a sz\u00f6gletes, p\u00e1rhuzamos \u00e9s axi\u00e1lis tengelyelt\u00e9r\u00e9seket, cs\u00f6kkentve a csatlakoztatott berendez\u00e9sek terhel\u00e9s\u00e9t.<\/li>\n<li>Er\u0151\u00e1ll\u00f3s\u00e1g: Kihaszn\u00e1lja az \u00e9rintkez\u0151 fel\u00fcleteken a s\u00farl\u00f3d\u00e1st a nagy er\u0151k elvisel\u00e9s\u00e9re, hat\u00e9konyan csillap\u00edtva a rezg\u00e9seket \u00e9s meghosszabb\u00edtva a g\u00e9pek \u00e9lettartam\u00e1t.<\/li>\n<\/ul>\n<p>3. M\u0171szaki tervez\u00e9si szempontok<\/p>\n<ul>\n<li>H\u00e1romt\u0171s csatlakoz\u00f3 optimaliz\u00e1l\u00e1sa:\n<ul>\n<li>S\u00farl\u00f3d\u00e1skezel\u00e9s: A nagyobb s\u00farl\u00f3d\u00e1s \u00e9rdek\u00e9ben tervezett interf\u00e9sz s\u00edk, m\u00edg a csapszegek alacsony s\u00farl\u00f3d\u00e1st biztos\u00edtanak az aszimmetrikus hajl\u00edt\u00e1s megakad\u00e1lyoz\u00e1sa \u00e9rdek\u00e9ben.<\/li>\n<li>Gomblyukasztott s\u00farl\u00f3d\u00f3lemezek: Opcion\u00e1lis funkci\u00f3 a s\u00farl\u00f3d\u00e1si tulajdons\u00e1gok \u00e9s a nyomat\u00e9k\u00e1tviteli hat\u00e9konys\u00e1g jav\u00edt\u00e1s\u00e1ra.<\/li>\n<\/ul>\n<\/li>\n<li>El\u0151terhel\u00e9s pontoss\u00e1ga: A csavarokat legal\u00e1bb a v\u00e9gs\u0151 terhel\u00e9s 10% nyomat\u00e9k\u00e1val kell megh\u00fazni a biztons\u00e1gos t\u0171-illeszt\u0151fel\u00fclet \u00e9rintkez\u00e9s \u00e9s az optim\u00e1lis teljes\u00edtm\u00e9ny biztos\u00edt\u00e1sa \u00e9rdek\u00e9ben.<\/li>\n<\/ul>\n<p>4. Hibabiztos \u00e9s v\u00e9d\u0151 szerepk\u00f6r<\/p>\n<ul>\n<li>Mechanikus v\u00e9d\u0151elemk\u00e9nt m\u0171k\u00f6dik, elnyeli a l\u00f6k\u00e9sszer\u0171 terhel\u00e9seket \u00e9s megakad\u00e1lyozza a kritikus alkatr\u00e9szek k\u00e1rosod\u00e1s\u00e1t t\u00falterhel\u00e9s eset\u00e9n.<\/li>\n<\/ul>\n<p>5. Testreszabhat\u00f3s\u00e1g \u00e9s alkalmazkod\u00f3k\u00e9pess\u00e9g<\/p>\n<ul>\n<li>Speci\u00e1lis konfigur\u00e1ci\u00f3k: Testreszabott kivitelben kaphat\u00f3, hogy megfeleljen az olyan speci\u00e1lis m\u0171k\u00f6d\u00e9si ig\u00e9nyeknek, mint a nagy nyomat\u00e9k\u00fa vagy korroz\u00edv k\u00f6rnyezetek.<\/li>\n<\/ul>\n<p>A csapos tengelykapcsol\u00f3k az egyszer\u0171s\u00e9g, a rugalmass\u00e1g \u00e9s az alkalmazkod\u00f3k\u00e9pess\u00e9g gyakorlatias egyens\u00faly\u00e1t k\u00edn\u00e1lj\u00e1k, \u00edgy ide\u00e1lisak olyan rendszerekhez, amelyek k\u00f6lts\u00e9ghat\u00e9kony nyomat\u00e9k\u00e1tvitelt ig\u00e9nyelnek be\u00e9p\u00edtett eltol\u00f3d\u00e1ssal \u00e9s rezg\u00e9skezel\u00e9ssel.<\/p>","protected":false},"excerpt":{"rendered":"<p>A perselycsapos tengelykapcsol\u00f3ban egy k\u00f6zbens\u0151 gy\u0171r\u0171 tal\u00e1lhat\u00f3 a rugalmas elemek k\u00f6z\u00f6tt. Ez a gy\u0171r\u0171 lebeg, \u00e9s egy csappal van \u00f6sszek\u00f6tve a v\u00e9gt\u00e1rcs\u00e1val, amely egy vonalban van. A tengelykapcsol\u00f3 a csapra szerelt rugalmas elemen kereszt\u00fcl jut el a tengelykapcsol\u00f3 m\u00e1sik fel\u00e9be, m\u00edg a csap \u00e9s a [\u2026] fele<\/p>","protected":false},"featured_media":6396,"comment_status":"open","ping_status":"closed","template":"","meta":{"_et_pb_use_builder":"","_et_pb_old_content":"","_et_gb_content_width":""},"product_brand":[],"product_cat":[101],"product_tag":[],"class_list":{"0":"post-6394","1":"product","2":"type-product","3":"status-publish","4":"has-post-thumbnail","6":"product_cat-coupling","8":"first","9":"instock","10":"shipping-taxable","11":"product-type-simple"},"_links":{"self":[{"href":"https:\/\/fmp-components.com\/hu\/wp-json\/wp\/v2\/product\/6394","targetHints":{"allow":["GET"]}}],"collection":[{"href":"https:\/\/fmp-components.com\/hu\/wp-json\/wp\/v2\/product"}],"about":[{"href":"https:\/\/fmp-components.com\/hu\/wp-json\/wp\/v2\/types\/product"}],"replies":[{"embeddable":true,"href":"https:\/\/fmp-components.com\/hu\/wp-json\/wp\/v2\/comments?post=6394"}],"wp:featuredmedia":[{"embeddable":true,"href":"https:\/\/fmp-components.com\/hu\/wp-json\/wp\/v2\/media\/6396"}],"wp:attachment":[{"href":"https:\/\/fmp-components.com\/hu\/wp-json\/wp\/v2\/media?parent=6394"}],"wp:term":[{"taxonomy":"product_brand","embeddable":true,"href":"https:\/\/fmp-components.com\/hu\/wp-json\/wp\/v2\/product_brand?post=6394"},{"taxonomy":"product_cat","embeddable":true,"href":"https:\/\/fmp-components.com\/hu\/wp-json\/wp\/v2\/product_cat?post=6394"},{"taxonomy":"product_tag","embeddable":true,"href":"https:\/\/fmp-components.com\/hu\/wp-json\/wp\/v2\/product_tag?post=6394"}],"curies":[{"name":"munkaf\u00fczet","href":"https:\/\/api.w.org\/{rel}","templated":true}]}}