{"id":6390,"date":"2025-03-10T05:14:19","date_gmt":"2025-03-10T05:14:19","guid":{"rendered":"https:\/\/fmp-components.com\/?post_type=product&#038;p=6390"},"modified":"2025-03-10T05:14:19","modified_gmt":"2025-03-10T05:14:19","slug":"spacer-couplings-replacement-of-fenaflex-spacer-couplings","status":"publish","type":"product","link":"https:\/\/fmp-components.com\/hu\/product\/spacer-couplings-replacement-of-fenaflex-spacer-couplings\/","title":{"rendered":"T\u00e1vtart\u00f3 tengelykapcsol\u00f3k - Fenaflex t\u00e1vtart\u00f3 tengelykapcsol\u00f3k cser\u00e9je"},"content":{"rendered":"<p>A Fenaflex t\u00e1vtart\u00f3 tengelykapcsol\u00f3k Fenaflex gumiabroncs-tengelykapcsol\u00f3kb\u00f3l (F40-F140 m\u00e9retek) \u00e9s t\u00e1vtart\u00f3 peremes szerelv\u00e9nyekb\u0151l \u00e1llnak. Ezeket a tengelykapcsol\u00f3kat \u00fagy tervezt\u00e9k, hogy megk\u00f6nny\u00edts\u00e9k az egyik tengely el\u0151re-h\u00e1tra mozgat\u00e1s\u00e1t an\u00e9lk\u00fcl, hogy megzavarn\u00e1k a g\u00e9pet vagy a hozz\u00e1 csatlakoztatott hajt\u00e1st, mint p\u00e9ld\u00e1ul egy centrifug\u00e1lis szivatty\u00fa rotorj\u00e1ban.<\/p>\n<p>\u00dagy k\u00e9sz\u00fclnek, hogy illeszkedjenek a tengelyek v\u00e9gei k\u00f6z\u00f6tti 80, 100, 140 \u00e9s 180 mm-es szabv\u00e1nyt\u00e1vols\u00e1gokhoz. Ezek a csatlakoz\u00f3k nagyon rugalmasak \u00e9s tart\u00f3sak, \u00edgy a m\u00e9rn\u00f6k\u00f6k \u00e9s tervez\u0151k sz\u00e1m\u00e1ra k\u00fcl\u00f6nb\u00f6z\u0151 lehet\u0151s\u00e9geket k\u00edn\u00e1lnak a megfelel\u0151 csatlakoz\u00f3karim\u00e1k kiv\u00e1laszt\u00e1s\u00e1val a k\u00fcl\u00f6nf\u00e9le felhaszn\u00e1l\u00e1si m\u00f3dokhoz val\u00f3 illeszked\u00e9sre.<\/p>\n<p><img loading=\"lazy\" decoding=\"async\" class=\"alignnone  wp-image-6391\" src=\"https:\/\/fmp-components.com\/wp-content\/uploads\/2025\/03\/fenaflex-spacer-coupling-2.webp\" alt=\"Fenaflex-T\u00e1vtart\u00f3-Csatlakoz\u00f3k\" width=\"902\" height=\"666\" title=\"\" srcset=\"https:\/\/fmp-components.com\/wp-content\/uploads\/2025\/03\/fenaflex-spacer-coupling-2.webp 902w, https:\/\/fmp-components.com\/wp-content\/uploads\/2025\/03\/fenaflex-spacer-coupling-2-480x354.webp 480w\" sizes=\"(min-width: 0px) and (max-width: 480px) 480px, (min-width: 481px) 902px, 100vw\" \/> \u00a0<img loading=\"lazy\" decoding=\"async\" class=\"alignnone size-full wp-image-6393\" src=\"https:\/\/fmp-components.com\/wp-content\/uploads\/2025\/03\/Spacer-Couplings-1.webp\" alt=\"T\u00e1vtart\u00f3 tengelykapcsol\u00f3k\" width=\"892\" height=\"772\" title=\"\" srcset=\"https:\/\/fmp-components.com\/wp-content\/uploads\/2025\/03\/Spacer-Couplings-1.webp 892w, https:\/\/fmp-components.com\/wp-content\/uploads\/2025\/03\/Spacer-Couplings-1-480x415.webp 480w\" sizes=\"(min-width: 0px) and (max-width: 480px) 480px, (min-width: 481px) 892px, 100vw\" \/><\/p>\n<div class=\"dad65929\">\n<div class=\"f9bf7997 d7dc56a8 c05b5566\">\n<div class=\"ds-markdown ds-markdown--block\">\n<h2>A Fenaflex t\u00e1vtart\u00f3 tengelykapcsol\u00f3k cser\u00e9j\u00e9nek jellemz\u0151i<\/h2>\n<p><strong>1. Egyszer\u0171s\u00edtett telep\u00edt\u00e9s \u00e9s rugalmas be\u00e1ll\u00edt\u00e1s<\/strong><\/p>\n<ul>\n<li><strong>Egyszer\u0171 be\u00e1ll\u00edt\u00e1s<\/strong>Gyors \u00e9s egyszer\u0171 telep\u00edt\u00e9sre tervezt\u00e9k, cs\u00f6kkentve az \u00e1ll\u00e1sid\u0151t.<\/li>\n<li><strong>Kiv\u00e1l\u00f3 eltol\u00f3d\u00e1si tolerancia<\/strong>Ak\u00e1r sz\u00f6gelt\u00e9r\u00e9st is kiegyenl\u00edt\u00a0<strong>4 fok<\/strong>, p\u00e1rhuzamos elmozdul\u00e1sa\u00a0<strong>6 mm<\/strong>, \u00e9s a radi\u00e1lis eltol\u00e1s\u00a0<strong>8 mm<\/strong>\u00a0minden s\u00edkon.<\/li>\n<\/ul>\n<p><strong>2. Robusztus konstrukci\u00f3 \u00e9s sokoldal\u00fa kialak\u00edt\u00e1s<\/strong><\/p>\n<ul>\n<li><strong>K\u00e9tir\u00e1ny\u00fa bels\u0151 teherhord\u00f3 huzal<\/strong>Mindk\u00e9t ir\u00e1nyban tekercselt dr\u00f3ttal meger\u0151s\u00edtve, ami megb\u00edzhat\u00f3 teljes\u00edtm\u00e9nyt biztos\u00edt\u00a0<strong>ford\u00edtott menet\u0171 alkalmaz\u00e1sok<\/strong>.<\/li>\n<li><strong>Anyagbe\u00e1ll\u00edt\u00e1sok<\/strong>Gumiabroncsok kaphat\u00f3k\u00a0<strong>standard<\/strong>\u00a0vagy\u00a0<strong>FRAS (T\u0171z\u00e1ll\u00f3 Antisztatikus)<\/strong>\u00a0konstrukci\u00f3, megfelel a szabv\u00e1nyoknak\u00a0<strong>ATEX min\u0151s\u00edt\u00e9s<\/strong>\u00a0vesz\u00e9lyes k\u00f6rnyezetekhez.<\/li>\n<li><strong>Alkalmazhat\u00f3 r\u00f6gz\u00edt\u00e9s<\/strong>T\u00e1mogat\u00e1sok\u00a0<strong>szivatty\u00fa t\u00e1vtart\u00f3<\/strong>\u00a0\u00e9s\u00a0<strong>lendker\u00e9k konfigur\u00e1ci\u00f3k<\/strong>, karim\u00e1kkal, amelyek jellemz\u0151i\u00a0<strong>F&amp;H r\u00f6gz\u00edt\u0151gy\u0171r\u0171s k\u00fapos perselyek<\/strong>\u00a0vagy\u00a0<strong>B t\u00edpus\u00fa el\u0151f\u00fart kivitelek<\/strong>\u00a0az univerz\u00e1lis kompatibilit\u00e1s \u00e9rdek\u00e9ben.<\/li>\n<\/ul>\n<p><strong>3. Fokozott teljes\u00edtm\u00e9ny a hagyom\u00e1nyos tengelykapcsol\u00f3khoz k\u00e9pest<\/strong><\/p>\n<ul>\n<li><strong>Nagy rugalmass\u00e1g \u00e9s nulla ken\u00e9s<\/strong>A hagyom\u00e1nyos gumiabroncs-csatlakoz\u00f3kkal ellent\u00e9tben a Fenaflex csatlakoz\u00f3k cser\u00e9je kik\u00fcsz\u00f6b\u00f6li a ken\u00e9s sz\u00fcks\u00e9gess\u00e9g\u00e9t, mik\u00f6zben kiv\u00e1l\u00f3 rugalmass\u00e1got \u00e9s rugalmass\u00e1got biztos\u00edt.<\/li>\n<li><strong>Rezg\u00e9scsillap\u00edt\u00e1s<\/strong>Kiv\u00e9teles \u00fct\u00e9s- \u00e9s torzi\u00f3s rezg\u00e9scsillap\u00edt\u00e1s, amely megv\u00e9di a csatlakoztatott berendez\u00e9seket a dinamikus ig\u00e9nybev\u00e9telekt\u0151l.<\/li>\n<\/ul>\n<p><strong>4. Karbantart\u00e1si \u00e9s szervizel\u00e9si el\u0151ny\u00f6k<\/strong><\/p>\n<ul>\n<li><strong>Modul\u00e1ris kialak\u00edt\u00e1s<\/strong>Egy\u00a0<strong>k\u00f6zbens\u0151 t\u00e1vtart\u00f3 (DBSE)<\/strong>\u00a0Lehet\u0151v\u00e9 teszi a centrifug\u00e1lszivatty\u00fak karbantart\u00e1s\u00e1t a motorok vagy g\u00e9pek elmozd\u00edt\u00e1sa n\u00e9lk\u00fcl a gumiabroncsok cser\u00e9je sor\u00e1n.<\/li>\n<li><strong>Ellen\u0151rz\u00e9sbar\u00e1t<\/strong>Az egyszer\u0171 kialak\u00edt\u00e1s lehet\u0151v\u00e9 teszi a k\u00f6nny\u0171 vizu\u00e1lis ellen\u0151rz\u00e9st \u00e9s az alkatr\u00e9szek cser\u00e9j\u00e9t a teljes hajt\u00e1srendszer sz\u00e9tszerel\u00e9se n\u00e9lk\u00fcl.<\/li>\n<\/ul>\n<p><strong>5. Testreszabhat\u00f3 megold\u00e1sok<\/strong><\/p>\n<ul>\n<li><strong>T\u00e1vtart\u00f3 alkalmazkod\u00f3k\u00e9pess\u00e9ge<\/strong>K\u00f6ztes eszk\u00f6z\u00f6k integr\u00e1lhat\u00f3k a tengely\u00e1tm\u00e9r\u0151k k\u00f6z\u00f6tti t\u00e1vols\u00e1g be\u00e1ll\u00edt\u00e1s\u00e1hoz, biztos\u00edtva a kompatibilit\u00e1st a k\u00fcl\u00f6nf\u00e9le rendszerk\u00f6vetelm\u00e9nyekkel.<\/li>\n<\/ul>\n<p><strong>F\u0151bb el\u0151ny\u00f6k \u00f6sszefoglal\u00e1sa<\/strong><\/p>\n<ul>\n<li><strong>Tart\u00f3ss\u00e1g<\/strong>Nagy ig\u00e9nybev\u00e9tel\u0171 alkalmaz\u00e1sokhoz tervezt\u00e9k, minim\u00e1lis kop\u00e1ssal.<\/li>\n<li><strong>Biztons\u00e1g<\/strong>A FRAS \u00e9s ATEX tan\u00fas\u00edtv\u00e1nyok biztos\u00edtj\u00e1k a megfelel\u0151s\u00e9get t\u0171zvesz\u00e9lyes vagy robban\u00e1svesz\u00e9lyes k\u00f6rnyezetben.<\/li>\n<li><strong>K\u00f6lts\u00e9ghat\u00e9konys\u00e1g<\/strong>A cs\u00f6kkentett karbantart\u00e1si ig\u00e9ny \u00e9s a hosszabb \u00e9lettartam alacsonyabb \u00fczemeltet\u00e9si k\u00f6lts\u00e9geket eredm\u00e9nyez.<\/li>\n<\/ul>\n<p>A Fenaflex t\u00e1vtart\u00f3 tengelykapcsol\u00f3k cser\u00e9je a rugalmass\u00e1got, a ellen\u00e1ll\u00f3 k\u00e9pess\u00e9get \u00e9s a felhaszn\u00e1l\u00f3bar\u00e1t kialak\u00edt\u00e1st \u00f6tv\u00f6zi, \u00edgy ide\u00e1lisak azoknak az ipar\u00e1gaknak, amelyek megb\u00edzhat\u00f3s\u00e1got ig\u00e9nyelnek nagyfok\u00fa illeszt\u00e9si elt\u00e9r\u00e9s, nagy rezg\u00e9s vagy vesz\u00e9lyes k\u00f6r\u00fclm\u00e9nyek k\u00f6z\u00f6tt.<\/p>\n<\/div>\n<\/div>\n<\/div>\n<p>&nbsp;<\/p>","protected":false},"excerpt":{"rendered":"<p>Fenaflex spacer couplings are made up of Fenaflex tire couplings (sizes F40-F140) and spacer flange assemblies. These couplings are designed to make it easier to move one of the shafts back and forth without disturbing the machine or drive it\u2019s connected to, like in a centrifugal pump rotor. They are made to fit standard distances [&hellip;]<\/p>","protected":false},"featured_media":6392,"comment_status":"open","ping_status":"closed","template":"","meta":{"_et_pb_use_builder":"","_et_pb_old_content":"","_et_gb_content_width":""},"product_brand":[],"product_cat":[101],"product_tag":[],"class_list":{"0":"post-6390","1":"product","2":"type-product","3":"status-publish","4":"has-post-thumbnail","6":"product_cat-coupling","8":"first","9":"instock","10":"shipping-taxable","11":"product-type-simple"},"_links":{"self":[{"href":"https:\/\/fmp-components.com\/hu\/wp-json\/wp\/v2\/product\/6390","targetHints":{"allow":["GET"]}}],"collection":[{"href":"https:\/\/fmp-components.com\/hu\/wp-json\/wp\/v2\/product"}],"about":[{"href":"https:\/\/fmp-components.com\/hu\/wp-json\/wp\/v2\/types\/product"}],"replies":[{"embeddable":true,"href":"https:\/\/fmp-components.com\/hu\/wp-json\/wp\/v2\/comments?post=6390"}],"wp:featuredmedia":[{"embeddable":true,"href":"https:\/\/fmp-components.com\/hu\/wp-json\/wp\/v2\/media\/6392"}],"wp:attachment":[{"href":"https:\/\/fmp-components.com\/hu\/wp-json\/wp\/v2\/media?parent=6390"}],"wp:term":[{"taxonomy":"product_brand","embeddable":true,"href":"https:\/\/fmp-components.com\/hu\/wp-json\/wp\/v2\/product_brand?post=6390"},{"taxonomy":"product_cat","embeddable":true,"href":"https:\/\/fmp-components.com\/hu\/wp-json\/wp\/v2\/product_cat?post=6390"},{"taxonomy":"product_tag","embeddable":true,"href":"https:\/\/fmp-components.com\/hu\/wp-json\/wp\/v2\/product_tag?post=6390"}],"curies":[{"name":"munkaf\u00fczet","href":"https:\/\/api.w.org\/{rel}","templated":true}]}}