{"id":6385,"date":"2025-03-10T03:41:49","date_gmt":"2025-03-10T03:41:49","guid":{"rendered":"https:\/\/fmp-components.com\/?post_type=product&#038;p=6385"},"modified":"2025-03-10T03:48:37","modified_gmt":"2025-03-10T03:48:37","slug":"hrc-couplings","status":"publish","type":"product","link":"https:\/\/fmp-components.com\/hu\/product\/hrc-couplings\/","title":{"rendered":"HRC tengelykapcsol\u00f3k"},"content":{"rendered":"<h2>HRC tengelykapcsol\u00f3 specifik\u00e1ci\u00f3i<\/h2>\n<p><img loading=\"lazy\" decoding=\"async\" class=\"alignnone size-full wp-image-6387\" src=\"https:\/\/fmp-components.com\/wp-content\/uploads\/2025\/03\/hrc-coupling-1.webp\" alt=\"HRC tengelykapcsol\u00f3\" width=\"897\" height=\"502\" title=\"\" srcset=\"https:\/\/fmp-components.com\/wp-content\/uploads\/2025\/03\/hrc-coupling-1.webp 897w, https:\/\/fmp-components.com\/wp-content\/uploads\/2025\/03\/hrc-coupling-1-480x269.webp 480w\" sizes=\"(min-width: 0px) and (max-width: 480px) 480px, (min-width: 481px) 897px, 100vw\" \/><\/p>\n<h2>A HRC tengelykapcsol\u00f3k jellemz\u0151i<\/h2>\n<ul>\n<li><strong>Megfizethet\u0151 diz\u00e1jn<\/strong>A HRC tengelykapcsol\u00f3k a teljes\u00edtm\u00e9ny \u00e9s a tengelym\u00e9ret egyens\u00faly\u00e1nak megteremt\u00e9s\u00e9re szolg\u00e1lnak, Taper-Lock perselyrendszerrel, amely hat\u00e9kony \u00e9s megfizethet\u0151 megold\u00e1st k\u00edn\u00e1l.<\/li>\n<li><strong>Er\u0151s \u00e9s rugalmas<\/strong>A tengelykapcsol\u00f3 rugalmas r\u00e9szei seg\u00edtenek elnyelni a hirtelen fell\u00e9p\u0151 nagy terhel\u00e9seket, \u00edgy a kialak\u00edt\u00e1s er\u0151s \u00e9s megb\u00edzhat\u00f3.<\/li>\n<li><strong>Igazodik az eltol\u00f3d\u00e1shoz<\/strong>A HRC tengelykapcsol\u00f3k k\u00e9pesek kezelni a kisebb elt\u00e9r\u00e9seket, p\u00e9ld\u00e1ul a sz\u00f6gben, helyzetben vagy illeszt\u00e9sben kiss\u00e9 eltol\u00f3d\u00f3 tengelyeket, biztos\u00edtva a sima teljes\u00edtm\u00e9nyt.<\/li>\n<li><strong>K\u00f6nnyen telep\u00edthet\u0151<\/strong>A HRC tengelykapcsol\u00f3 be\u00e1ll\u00edt\u00e1sa gyors \u00e9s egyszer\u0171. Csak egy imbuszkulcsra van sz\u00fcks\u00e9ge \u2013 nincs sz\u00fcks\u00e9g speci\u00e1lis szersz\u00e1mokra.<\/li>\n<li><strong>Szinte nincs karbantart\u00e1s<\/strong>A HRC tengelykapcsol\u00f3k nem ig\u00e9nyelnek ken\u00e9st, ami kevesebb karbantart\u00e1st \u00e9s id\u0151vel kevesebb jav\u00edt\u00e1st jelent.<\/li>\n<li><strong>Neh\u00e9z k\u00f6r\u00fclm\u00e9nyek k\u00f6z\u00f6tt is m\u0171k\u00f6dik<\/strong>A csatlakoz\u00f3ban tal\u00e1lhat\u00f3 rugalmas anyag sz\u00e9les k\u00f6r\u00fclm\u00e9nytartom\u00e1nyban j\u00f3l m\u0171k\u00f6dik, a nagyon hidegt\u0151l (-40\u00b0C) a nagyon melegig (+100\u00b0C).<\/li>\n<li><strong>Biztons\u00e1gos \u00e9s megb\u00edzhat\u00f3<\/strong>Ha a rugalmas r\u00e9sz valaha is elt\u00f6rik (ami nagyon ritka), a tengelykapcsol\u00f3 a be\u00e9p\u00edtett karim\u00e1k seg\u00edts\u00e9g\u00e9vel tov\u00e1bbra is hajtja a rendszert, \u00edgy a m\u0171k\u00f6d\u00e9s nem \u00e1ll le.<\/li>\n<\/ul>\n<p><img loading=\"lazy\" decoding=\"async\" class=\"wp-image-6386 aligncenter\" src=\"https:\/\/fmp-components.com\/wp-content\/uploads\/2025\/03\/HRC-Coupling.webp\" alt=\"HRC tengelykapcsol\u00f3\" width=\"660\" height=\"660\" title=\"\" srcset=\"https:\/\/fmp-components.com\/wp-content\/uploads\/2025\/03\/HRC-Coupling.webp 660w, https:\/\/fmp-components.com\/wp-content\/uploads\/2025\/03\/HRC-Coupling-480x480.webp 480w\" sizes=\"(min-width: 0px) and (max-width: 480px) 480px, (min-width: 481px) 660px, 100vw\" \/><\/p>","protected":false},"excerpt":{"rendered":"<p>HRC Coupling Specifications Features of HRC Couplings Affordable Design: HRC couplings are made to balance power and shaft size, using a Taper-Lock Bush system to keep them both effective and affordable. Strong and Flexible: The flexible parts of the coupling help absorb sudden heavy loads, making the design strong and reliable. Adjusts to Misalignment: HRC [&hellip;]<\/p>","protected":false},"featured_media":6386,"comment_status":"open","ping_status":"closed","template":"","meta":{"_et_pb_use_builder":"","_et_pb_old_content":"","_et_gb_content_width":""},"product_brand":[],"product_cat":[101],"product_tag":[],"class_list":{"0":"post-6385","1":"product","2":"type-product","3":"status-publish","4":"has-post-thumbnail","6":"product_cat-coupling","8":"first","9":"instock","10":"shipping-taxable","11":"product-type-simple"},"_links":{"self":[{"href":"https:\/\/fmp-components.com\/hu\/wp-json\/wp\/v2\/product\/6385","targetHints":{"allow":["GET"]}}],"collection":[{"href":"https:\/\/fmp-components.com\/hu\/wp-json\/wp\/v2\/product"}],"about":[{"href":"https:\/\/fmp-components.com\/hu\/wp-json\/wp\/v2\/types\/product"}],"replies":[{"embeddable":true,"href":"https:\/\/fmp-components.com\/hu\/wp-json\/wp\/v2\/comments?post=6385"}],"wp:featuredmedia":[{"embeddable":true,"href":"https:\/\/fmp-components.com\/hu\/wp-json\/wp\/v2\/media\/6386"}],"wp:attachment":[{"href":"https:\/\/fmp-components.com\/hu\/wp-json\/wp\/v2\/media?parent=6385"}],"wp:term":[{"taxonomy":"product_brand","embeddable":true,"href":"https:\/\/fmp-components.com\/hu\/wp-json\/wp\/v2\/product_brand?post=6385"},{"taxonomy":"product_cat","embeddable":true,"href":"https:\/\/fmp-components.com\/hu\/wp-json\/wp\/v2\/product_cat?post=6385"},{"taxonomy":"product_tag","embeddable":true,"href":"https:\/\/fmp-components.com\/hu\/wp-json\/wp\/v2\/product_tag?post=6385"}],"curies":[{"name":"munkaf\u00fczet","href":"https:\/\/api.w.org\/{rel}","templated":true}]}}