{"id":6375,"date":"2025-03-10T03:17:22","date_gmt":"2025-03-10T03:17:22","guid":{"rendered":"https:\/\/fmp-components.com\/?post_type=product&#038;p=6375"},"modified":"2025-04-05T07:23:10","modified_gmt":"2025-04-05T07:23:10","slug":"flange-flexible-couplings","status":"publish","type":"product","link":"https:\/\/fmp-components.com\/hu\/product\/flange-flexible-couplings\/","title":{"rendered":"Karim\u00e1s rugalmas csatlakoz\u00f3k"},"content":{"rendered":"<p>Az FMP rugalmas tengelykapcsol\u00f3i cs\u00f6kkentik a rezg\u00e9st \u00e9s a sebess\u00e9gv\u00e1lt\u00f3 rendszerek jav\u00edt\u00e1si k\u00f6lts\u00e9geit. Speci\u00e1lis kialak\u00edt\u00e1suk seg\u00edt megv\u00e9deni a sebess\u00e9gv\u00e1lt\u00f3t a s\u00e9r\u00fcl\u00e9sekt\u0151l, \u00e9s kevesebb zajt bocs\u00e1t ki m\u0171k\u00f6d\u00e9s k\u00f6zben, aminek k\u00f6sz\u00f6nhet\u0151en a rendszer jobban m\u0171k\u00f6dik \u00e9s hosszabb \u00e9lettartam\u00fa. R\u00e1ad\u00e1sul ezek a tengelykapcsol\u00f3k k\u00f6nnyen telep\u00edthet\u0151k \u00e9s \u00e1ll\u00edthat\u00f3k, \u00edgy id\u0151t \u00e9s energi\u00e1t takar\u00edthat meg.<\/p>\n<p>Az FMP er\u0151s poli\u00e9szter elasztomerb\u0151l gy\u00e1rtja csatlakoz\u00f3it. Ez az anyag sz\u00edv\u00f3s, \u00e9s m\u00e9g ken\u0151folyad\u00e9kokkal \u00e9rintkezve sem deform\u00e1l\u00f3dik. Ez\u00e1ltal a csatlakoz\u00f3 er\u0151s \u00e9s j\u00f3l m\u0171k\u00f6d\u0151 marad, m\u00e9g neh\u00e9z k\u00f6r\u00fclm\u00e9nyek k\u00f6z\u00f6tt is.<\/p>\n<p>A tengelykapcsol\u00f3 \u00fagy van kialak\u00edtva, hogy a nyomat\u00e9kot (egyfajta forgat\u00f3er\u0151t) egyenletesen, k\u00f6r\u00fclbel\u00fcl percenk\u00e9nt negyed h\u00fcvelyk sebess\u00e9ggel tov\u00e1bb\u00edtsa. Ez az egyenletes \u00e9s \u00e1lland\u00f3 er\u0151 seg\u00edt a tengelykapcsol\u00f3 hosszabb \u00e9lettartam\u00e1ban, \u00edgy \u00e9vekig j\u00f3l m\u0171k\u00f6dik nagyon kev\u00e9s karbantart\u00e1ssal.<\/p>\n<p>Ezek a tulajdons\u00e1gok teszik az FMP rugalmas tengelykapcsol\u00f3it nagyszer\u0171 v\u00e1laszt\u00e1ss\u00e1, ha azt szeretn\u00e9, hogy az er\u0151\u00e1tviteli rendszere jobban m\u0171k\u00f6dj\u00f6n \u00e9s hosszabb ideig tartson.<\/p>\n<p><img loading=\"lazy\" decoding=\"async\" class=\"wp-image-6377 aligncenter\" src=\"https:\/\/fmp-components.com\/wp-content\/uploads\/2025\/03\/Flange-Flexible-Couplings-2.webp\" alt=\"Karim\u00e1s rugalmas csatlakoz\u00f3k\" width=\"836\" height=\"303\" title=\"\" srcset=\"https:\/\/fmp-components.com\/wp-content\/uploads\/2025\/03\/Flange-Flexible-Couplings-2.webp 836w, https:\/\/fmp-components.com\/wp-content\/uploads\/2025\/03\/Flange-Flexible-Couplings-2-480x174.webp 480w\" sizes=\"(min-width: 0px) and (max-width: 480px) 480px, (min-width: 481px) 836px, 100vw\" \/><\/p>\n<h2 style=\"text-align: left;\" align=\"center\">Karim\u00e1s rugalmas tengelykapcsol\u00f3k specifik\u00e1ci\u00f3i<\/h2>\n<p><img loading=\"lazy\" decoding=\"async\" class=\"wp-image-6378 aligncenter\" src=\"https:\/\/fmp-components.com\/wp-content\/uploads\/2025\/03\/Flange-Flexible-Couplings-3.webp\" alt=\"Karim\u00e1s rugalmas csatlakoz\u00f3k\" width=\"200\" height=\"216\" title=\"\"><\/p>\n<table style=\"width: 102.258%; height: 601px;\" border=\"1\" cellspacing=\"1\" cellpadding=\"1\" bgcolor=\"#99ccff\">\n<tbody>\n<tr>\n<td align=\"center\" width=\"45\">M\u00c9RET<\/td>\n<td align=\"center\" width=\"35\">Nm<\/td>\n<td align=\"center\" width=\"29\">fordulat\/perc<\/td>\n<td align=\"center\" width=\"21\">D<\/td>\n<td align=\"center\" width=\"25\">D1<\/td>\n<td align=\"center\" width=\"14\">d1<\/td>\n<td align=\"center\" width=\"25\">L<\/td>\n<td align=\"center\" width=\"9\">C<\/td>\n<td align=\"center\" width=\"73\">nM<\/td>\n<td align=\"center\" width=\"34\">KG<\/td>\n<\/tr>\n<tr bgcolor=\"#cccccc\">\n<td align=\"center\" width=\"45\">90<\/td>\n<td align=\"center\" width=\"35\">4<\/td>\n<td align=\"center\" width=\"29\">4000<\/td>\n<td align=\"center\" width=\"21\">90<\/td>\n<td align=\"center\" width=\"25\">35.5<\/td>\n<td align=\"center\" width=\"14\">11<\/td>\n<td align=\"center\" width=\"25\">28<\/td>\n<td align=\"center\" width=\"9\">3<\/td>\n<td align=\"center\" width=\"73\">4-M8*50<\/td>\n<td align=\"center\" width=\"34\">1.7<\/td>\n<\/tr>\n<tr>\n<td align=\"center\" width=\"45\">100<\/td>\n<td align=\"center\" width=\"35\">10<\/td>\n<td align=\"center\" width=\"29\">4000<\/td>\n<td align=\"center\" width=\"21\">100<\/td>\n<td align=\"center\" width=\"25\">40<\/td>\n<td align=\"center\" width=\"14\">11<\/td>\n<td align=\"center\" width=\"25\">35.5<\/td>\n<td align=\"center\" width=\"9\">3<\/td>\n<td align=\"center\" width=\"73\">4-M10*56<\/td>\n<td align=\"center\" width=\"34\">2.3<\/td>\n<\/tr>\n<tr bgcolor=\"#cccccc\">\n<td align=\"center\" width=\"45\">112<\/td>\n<td align=\"center\" width=\"35\">16<\/td>\n<td align=\"center\" width=\"29\">4000<\/td>\n<td align=\"center\" width=\"21\">112<\/td>\n<td align=\"center\" width=\"25\">45<\/td>\n<td align=\"center\" width=\"14\">13<\/td>\n<td align=\"center\" width=\"25\">40<\/td>\n<td align=\"center\" width=\"9\">3<\/td>\n<td align=\"center\" width=\"73\">4-M10*56<\/td>\n<td align=\"center\" width=\"34\">2.8<\/td>\n<\/tr>\n<tr>\n<td align=\"center\" width=\"45\">125<\/td>\n<td align=\"center\" width=\"35\">25<\/td>\n<td align=\"center\" width=\"29\">4000<\/td>\n<td align=\"center\" width=\"21\">125<\/td>\n<td align=\"center\" width=\"25\">50<\/td>\n<td align=\"center\" width=\"14\">13<\/td>\n<td align=\"center\" width=\"25\">45<\/td>\n<td align=\"center\" width=\"9\">3<\/td>\n<td align=\"center\" width=\"73\">4-M12*64<\/td>\n<td align=\"center\" width=\"34\">4.0<\/td>\n<\/tr>\n<tr bgcolor=\"#cccccc\">\n<td align=\"center\" width=\"45\">140<\/td>\n<td align=\"center\" width=\"35\">50<\/td>\n<td align=\"center\" width=\"29\">4000<\/td>\n<td align=\"center\" width=\"21\">140<\/td>\n<td align=\"center\" width=\"25\">63<\/td>\n<td align=\"center\" width=\"14\">13<\/td>\n<td align=\"center\" width=\"25\">50<\/td>\n<td align=\"center\" width=\"9\">3<\/td>\n<td align=\"center\" width=\"73\">6-M12*64<\/td>\n<td align=\"center\" width=\"34\">5.4<\/td>\n<\/tr>\n<tr>\n<td align=\"center\" width=\"45\">160<\/td>\n<td align=\"center\" width=\"35\">110<\/td>\n<td align=\"center\" width=\"29\">4000<\/td>\n<td align=\"center\" width=\"21\">160<\/td>\n<td align=\"center\" width=\"25\">80<\/td>\n<td align=\"center\" width=\"14\">15<\/td>\n<td align=\"center\" width=\"25\">56<\/td>\n<td align=\"center\" width=\"9\">3<\/td>\n<td align=\"center\" width=\"73\">8-M12*64<\/td>\n<td align=\"center\" width=\"34\">8.0<\/td>\n<\/tr>\n<tr bgcolor=\"#cccccc\">\n<td align=\"center\" width=\"45\">180<\/td>\n<td align=\"center\" width=\"35\">157<\/td>\n<td align=\"center\" width=\"29\">3500<\/td>\n<td align=\"center\" width=\"21\">180<\/td>\n<td align=\"center\" width=\"25\">90<\/td>\n<td align=\"center\" width=\"14\">15<\/td>\n<td align=\"center\" width=\"25\">63<\/td>\n<td align=\"center\" width=\"9\">3<\/td>\n<td align=\"center\" width=\"73\">8-M12*64<\/td>\n<td align=\"center\" width=\"34\">10.5<\/td>\n<\/tr>\n<tr>\n<td align=\"center\" width=\"45\">200<\/td>\n<td align=\"center\" width=\"35\">245<\/td>\n<td align=\"center\" width=\"29\">3200<\/td>\n<td align=\"center\" width=\"21\">200<\/td>\n<td align=\"center\" width=\"25\">100<\/td>\n<td align=\"center\" width=\"14\">21<\/td>\n<td align=\"center\" width=\"25\">71<\/td>\n<td align=\"center\" width=\"9\">4<\/td>\n<td align=\"center\" width=\"73\">8-M20*85<\/td>\n<td align=\"center\" width=\"34\">16.2<\/td>\n<\/tr>\n<tr bgcolor=\"#cccccc\">\n<td align=\"center\" width=\"45\">224<\/td>\n<td align=\"center\" width=\"35\">392<\/td>\n<td align=\"center\" width=\"29\">2850<\/td>\n<td align=\"center\" width=\"21\">224<\/td>\n<td align=\"center\" width=\"25\">112<\/td>\n<td align=\"center\" width=\"14\">21<\/td>\n<td align=\"center\" width=\"25\">80<\/td>\n<td align=\"center\" width=\"9\">4<\/td>\n<td align=\"center\" width=\"73\">8-M20*85<\/td>\n<td align=\"center\" width=\"34\">21.3<\/td>\n<\/tr>\n<tr>\n<td align=\"center\" width=\"45\">250<\/td>\n<td align=\"center\" width=\"35\">618<\/td>\n<td align=\"center\" width=\"29\">2550<\/td>\n<td align=\"center\" width=\"21\">250<\/td>\n<td align=\"center\" width=\"25\">125<\/td>\n<td align=\"center\" width=\"14\">25<\/td>\n<td align=\"center\" width=\"25\">90<\/td>\n<td align=\"center\" width=\"9\">4<\/td>\n<td align=\"center\" width=\"73\">8-M24*100<\/td>\n<td align=\"center\" width=\"34\">31.6<\/td>\n<\/tr>\n<tr bgcolor=\"#cccccc\">\n<td align=\"center\" width=\"45\">280<\/td>\n<td align=\"center\" width=\"35\">980<\/td>\n<td align=\"center\" width=\"29\">2300<\/td>\n<td align=\"center\" width=\"21\">280<\/td>\n<td align=\"center\" width=\"25\">140<\/td>\n<td align=\"center\" width=\"14\">34<\/td>\n<td align=\"center\" width=\"25\">100<\/td>\n<td align=\"center\" width=\"9\">4<\/td>\n<td align=\"center\" width=\"73\">8-M24*116<\/td>\n<td align=\"center\" width=\"34\">44.0<\/td>\n<\/tr>\n<tr>\n<td align=\"center\" width=\"45\">315<\/td>\n<td align=\"center\" width=\"35\">1568<\/td>\n<td align=\"center\" width=\"29\">2050<\/td>\n<td align=\"center\" width=\"21\">315<\/td>\n<td align=\"center\" width=\"25\">160<\/td>\n<td align=\"center\" width=\"14\">41<\/td>\n<td align=\"center\" width=\"25\">112<\/td>\n<td align=\"center\" width=\"9\">4<\/td>\n<td align=\"center\" width=\"73\">10-M24*116<\/td>\n<td align=\"center\" width=\"34\">57.7<\/td>\n<\/tr>\n<tr bgcolor=\"#cccccc\">\n<td align=\"center\" width=\"45\">355<\/td>\n<td align=\"center\" width=\"35\">2450<\/td>\n<td align=\"center\" width=\"29\">1800<\/td>\n<td align=\"center\" width=\"21\">355<\/td>\n<td align=\"center\" width=\"25\">180<\/td>\n<td align=\"center\" width=\"14\">60<\/td>\n<td align=\"center\" width=\"25\">125<\/td>\n<td align=\"center\" width=\"9\">5<\/td>\n<td align=\"center\" width=\"73\">8-M30*150<\/td>\n<td align=\"center\" width=\"34\">89.5<\/td>\n<\/tr>\n<tr>\n<td align=\"center\" width=\"45\">400<\/td>\n<td align=\"center\" width=\"35\">3920<\/td>\n<td align=\"center\" width=\"29\">1600<\/td>\n<td align=\"center\" width=\"21\">400<\/td>\n<td align=\"center\" width=\"25\">200<\/td>\n<td align=\"center\" width=\"14\">60<\/td>\n<td align=\"center\" width=\"25\">125<\/td>\n<td align=\"center\" width=\"9\">5<\/td>\n<td align=\"center\" width=\"73\">10-M30*150<\/td>\n<td align=\"center\" width=\"34\">89.5<\/td>\n<\/tr>\n<tr bgcolor=\"#cccccc\">\n<td align=\"center\" width=\"45\">450<\/td>\n<td align=\"center\" width=\"35\">6174<\/td>\n<td align=\"center\" width=\"29\">1400<\/td>\n<td align=\"center\" width=\"21\">450<\/td>\n<td align=\"center\" width=\"25\">224<\/td>\n<td align=\"center\" width=\"14\">65<\/td>\n<td align=\"center\" width=\"25\">140<\/td>\n<td align=\"center\" width=\"9\">5<\/td>\n<td align=\"center\" width=\"73\">12-M30*150<\/td>\n<td align=\"center\" width=\"34\">145<\/td>\n<\/tr>\n<tr>\n<td align=\"center\" width=\"45\">560<\/td>\n<td align=\"center\" width=\"35\">9800<\/td>\n<td align=\"center\" width=\"29\">1150<\/td>\n<td align=\"center\" width=\"21\">560<\/td>\n<td align=\"center\" width=\"25\">250<\/td>\n<td align=\"center\" width=\"14\">85<\/td>\n<td align=\"center\" width=\"25\">160<\/td>\n<td align=\"center\" width=\"9\">5<\/td>\n<td align=\"center\" width=\"73\">14-M30*150<\/td>\n<td align=\"center\" width=\"34\">229<\/td>\n<\/tr>\n<tr bgcolor=\"#cccccc\">\n<td align=\"center\" width=\"45\">630<\/td>\n<td align=\"center\" width=\"35\">15680<\/td>\n<td align=\"center\" width=\"29\">1000<\/td>\n<td align=\"center\" width=\"21\">630<\/td>\n<td align=\"center\" width=\"25\">280<\/td>\n<td align=\"center\" width=\"14\">95<\/td>\n<td align=\"center\" width=\"25\">180<\/td>\n<td align=\"center\" width=\"9\">5<\/td>\n<td align=\"center\" width=\"73\">18-M30*150<\/td>\n<td align=\"center\" width=\"34\">296<\/td>\n<\/tr>\n<\/tbody>\n<\/table>\n<h3>A rugalmas tengelykapcsol\u00f3k t\u00edpusai<\/h3>\n<div>\n<p class=\"break-words\" dir=\"auto\">A rugalmas tengelykapcsol\u00f3k mechanikus eszk\u00f6z\u00f6k, amelyeket k\u00e9t tengely \u00f6sszekapcsol\u00e1s\u00e1ra haszn\u00e1lnak, lehet\u0151v\u00e9 t\u00e9ve a nyomat\u00e9k \u00e1tvitel\u00e9t, mik\u00f6zben kiegyenl\u00edtik az eltol\u00f3d\u00e1st \u00e9s cs\u00f6kkentik a csatlakoztatott alkatr\u00e9szekre hat\u00f3 terhel\u00e9st. Az egyik gyakori t\u00edpus a pof\u00e1s tengelykapcsol\u00f3, amely k\u00e9t agyb\u00f3l \u00e1ll, \u00f6sszekapcsol\u00f3d\u00f3 pof\u00e1kkal \u00e9s egy elasztomer p\u00f3kbet\u00e9ttel. A p\u00f3k elnyeli az \u00fct\u00e9seket, csillap\u00edtja a rezg\u00e9seket, \u00e9s kompenz\u00e1lja a kisebb sz\u00f6g-, p\u00e1rhuzamos \u00e9s axi\u00e1lis elt\u00e9r\u00e9seket, \u00edgy ide\u00e1lis \u00e1ltal\u00e1nos c\u00e9l\u00fa alkalmaz\u00e1sokhoz, p\u00e9ld\u00e1ul szivatty\u00fakhoz \u00e9s motorokhoz.<\/p>\n<p class=\"break-words\" dir=\"auto\">Egy m\u00e1sik t\u00edpus a harmonika alak\u00fa tengelykapcsol\u00f3, amelyet egy v\u00e9kony, rugalmas f\u00e9m harmonika jellemez, amely \u00f6sszek\u00f6ti a tengelyeket. Ez a kialak\u00edt\u00e1s nagy torzi\u00f3s merevs\u00e9get biztos\u00edt a pontos nyomat\u00e9k\u00e1tvitelhez, mik\u00f6zben rugalmass\u00e1got biztos\u00edt a sz\u00f6g- \u00e9s tengelyir\u00e1ny\u00fa elt\u00e9r\u00e9sek kezel\u00e9s\u00e9ben. A harmonika alak\u00fa tengelykapcsol\u00f3kat gyakran haszn\u00e1lj\u00e1k nagy pontoss\u00e1g\u00fa rendszerekben, p\u00e9ld\u00e1ul szervomotorokban \u00e9s k\u00f3dol\u00f3kban, ahol a pontoss\u00e1g fenntart\u00e1sa dinamikus k\u00f6r\u00fclm\u00e9nyek k\u00f6z\u00f6tt kritikus fontoss\u00e1g\u00fa.<\/p>\n<p class=\"break-words\" dir=\"auto\">Egy harmadik t\u00edpus a t\u00e1rcs\u00e1s tengelykapcsol\u00f3, amely v\u00e9kony, rugalmas f\u00e9mt\u00e1rcs\u00e1k sorozat\u00e1t haszn\u00e1lja egym\u00e1sra halmozva, hogy egy csomagot alkosson. A t\u00e1rcsacsomag rugalmasan alkalmazkodik az eltol\u00f3d\u00e1sokhoz \u00e9s elnyeli a rezg\u00e9seket, mik\u00f6zben tov\u00e1bbra is hat\u00e9konyan tov\u00e1bb\u00edtja a nyomat\u00e9kot. A t\u00e1rcs\u00e1s tengelykapcsol\u00f3k rendk\u00edv\u00fcl tart\u00f3sak \u00e9s alkalmasak ig\u00e9nyes alkalmaz\u00e1sokhoz, p\u00e9ld\u00e1ul turbin\u00e1khoz \u00e9s kompresszorokhoz, ahol a megb\u00edzhat\u00f3s\u00e1g \u00e9s a minim\u00e1lis karbantart\u00e1s elengedhetetlen.<\/p>\n<p dir=\"auto\"><img loading=\"lazy\" decoding=\"async\" class=\"wp-image-7803 aligncenter\" src=\"https:\/\/fmp-components.com\/wp-content\/uploads\/2025\/03\/flexible-coupling3.webp\" alt=\"rugalmas tengelykapcsol\u00f3\" width=\"531\" height=\"476\" title=\"\" srcset=\"https:\/\/fmp-components.com\/wp-content\/uploads\/2025\/03\/flexible-coupling3.webp 173w, https:\/\/fmp-components.com\/wp-content\/uploads\/2025\/03\/flexible-coupling3-13x12.webp 13w\" sizes=\"(max-width: 531px) 100vw, 531px\" \/><\/p>\n<\/div>\n<h2>Karim\u00e1s rugalmas tengelykapcsol\u00f3k: Prec\u00edzi\u00f3s m\u00e9rn\u00f6ki munka az olasz tengelykapcsol\u00f3-szak\u00e9rt\u0151kt\u0151l (FMP)<\/h2>\n<p>Az FMP egy vezet\u0151 olasz gy\u00e1rt\u00f3, amely a tengelyek k\u00f6z\u00f6tti nyomat\u00e9k\u00e1tvitelre tervezett tengelykapcsol\u00f3k sz\u00e9les v\u00e1laszt\u00e9k\u00e1ra specializ\u00e1l\u00f3dott, mik\u00f6zben figyelembe veszi az eltol\u00f3d\u00e1st \u00e9s a mozg\u00e1st. Ak\u00e1r Mil\u00e1n\u00f3 ny\u00fczsg\u0151 gy\u00e1rt\u00f3ipar\u00e1ban, ak\u00e1r Firenze k\u00e9zm\u0171ves m\u0171hely\u00e9ben dolgozik, karim\u00e1s, rugalmas tengelykapcsol\u00f3ink \u200b\u200b\u2013 amelyek tart\u00f3s anyagokb\u00f3l, p\u00e9ld\u00e1ul rozsdamentes ac\u00e9lb\u00f3l, gumib\u00f3l \u00e9s s\u00e1rgar\u00e9zb\u0151l k\u00e9sz\u00fclnek \u2013 z\u00f6kken\u0151mentes er\u0151\u00e1tvitelt \u00e9s m\u0171k\u00f6d\u00e9si hat\u00e9konys\u00e1got biztos\u00edtanak a szivatty\u00faegys\u00e9gekt\u0151l a haj\u00f3meghajt\u00e1sokig terjed\u0151 alkalmaz\u00e1sokban.<\/p>\n<p>Az FMP b\u00fcszke arra, hogy sz\u00e9les v\u00e1laszt\u00e9kban k\u00edn\u00e1l tengelykapcsol\u00f3kat, bele\u00e9rtve a mechanikusan rugalmas, f\u00e9melemes \u00e9s elasztomer elemes kialak\u00edt\u00e1sokat, amelyek mindegyike az adott ipari ig\u00e9nyekhez igazodik. Kiterjedt term\u00e9kk\u00edn\u00e1latunk mellett egyedi megold\u00e1sokat is k\u00edn\u00e1lunk olaszorsz\u00e1gi \u00e9s k\u00fclf\u00f6ldi \u00fcgyfeleink sz\u00e1m\u00e1ra. Ha Bologn\u00e1ban tart\u00f3zkodik, \u00e9s egyedi peremes, rugalmas tengelykapcsol\u00f3ra van sz\u00fcks\u00e9ge mez\u0151gazdas\u00e1gi g\u00e9peihez, vagy egyedi kialak\u00edt\u00e1st keres nagysebess\u00e9g\u0171 alkalmaz\u00e1shoz Mil\u00e1n\u00f3ban, az FMP szak\u00e9rt\u0151 m\u00e9rn\u00f6kei k\u00e9szen \u00e1llnak az egy\u00fcttm\u0171k\u00f6d\u00e9sre. Egyedi folyamatunk biztos\u00edtja, hogy minden tengelykapcsol\u00f3 az \u00d6n pontos specifik\u00e1ci\u00f3i szerint k\u00e9sz\u00fclj\u00f6n, \u00edgy biztos\u00edtva a megb\u00edzhat\u00f3 teljes\u00edtm\u00e9nyt \u00e9s tart\u00f3ss\u00e1got.<\/p>\n<p>Nem tal\u00e1lja a pontosan megfelel\u0151 modellt a term\u00e9klist\u00e1nkban? Ne agg\u00f3djon \u2013 katal\u00f3gusunkat folyamatosan friss\u00edtj\u00fck, \u00e9s lehet, hogy m\u00e9g nem t\u00f6lt\u00f6tt\u00fck fel az \u00f6sszes opci\u00f3t. Firenz\u00e9ben, Bologn\u00e1ban vagy b\u00e1rhol m\u00e1shol m\u0171k\u00f6d\u0151 v\u00e1llalkoz\u00e1soknak csak k\u00fcldj\u00e9k el nek\u00fcnk e-mailben ig\u00e9nyeiket. Elk\u00f6telezett olasz m\u00e9rn\u00f6keinkb\u0151l \u00e1ll\u00f3 csapatunk 24 \u00f3r\u00e1n bel\u00fcl v\u00e1laszol szem\u00e9lyre szabott tan\u00e1csokkal \u00e9s megold\u00e1sokkal.<\/p>","protected":false},"excerpt":{"rendered":"<p>FMP&#8217;s flexible couplings are made to reduce vibration and cut down the cost of fixing transmission systems. Their special design helps protect the transmission from damage and makes less noise while running, which makes the system work better and last longer. Plus, these couplings are easy to install and adjust, so you can save time [&hellip;]<\/p>","protected":false},"featured_media":6376,"comment_status":"open","ping_status":"closed","template":"","meta":{"_et_pb_use_builder":"","_et_pb_old_content":"","_et_gb_content_width":""},"product_brand":[],"product_cat":[101],"product_tag":[],"class_list":{"0":"post-6375","1":"product","2":"type-product","3":"status-publish","4":"has-post-thumbnail","6":"product_cat-coupling","8":"first","9":"instock","10":"shipping-taxable","11":"product-type-simple"},"_links":{"self":[{"href":"https:\/\/fmp-components.com\/hu\/wp-json\/wp\/v2\/product\/6375","targetHints":{"allow":["GET"]}}],"collection":[{"href":"https:\/\/fmp-components.com\/hu\/wp-json\/wp\/v2\/product"}],"about":[{"href":"https:\/\/fmp-components.com\/hu\/wp-json\/wp\/v2\/types\/product"}],"replies":[{"embeddable":true,"href":"https:\/\/fmp-components.com\/hu\/wp-json\/wp\/v2\/comments?post=6375"}],"wp:featuredmedia":[{"embeddable":true,"href":"https:\/\/fmp-components.com\/hu\/wp-json\/wp\/v2\/media\/6376"}],"wp:attachment":[{"href":"https:\/\/fmp-components.com\/hu\/wp-json\/wp\/v2\/media?parent=6375"}],"wp:term":[{"taxonomy":"product_brand","embeddable":true,"href":"https:\/\/fmp-components.com\/hu\/wp-json\/wp\/v2\/product_brand?post=6375"},{"taxonomy":"product_cat","embeddable":true,"href":"https:\/\/fmp-components.com\/hu\/wp-json\/wp\/v2\/product_cat?post=6375"},{"taxonomy":"product_tag","embeddable":true,"href":"https:\/\/fmp-components.com\/hu\/wp-json\/wp\/v2\/product_tag?post=6375"}],"curies":[{"name":"munkaf\u00fczet","href":"https:\/\/api.w.org\/{rel}","templated":true}]}}