{"id":555,"date":"2024-12-16T08:31:00","date_gmt":"2024-12-16T08:31:00","guid":{"rendered":"https:\/\/fmp-components.com\/?page_id=8"},"modified":"2024-12-16T08:31:00","modified_gmt":"2024-12-16T08:31:00","slug":"rotary-drilling-cylinder","status":"publish","type":"product","link":"https:\/\/fmp-components.com\/hu\/product\/rotary-drilling-cylinder\/","title":{"rendered":"Forg\u00f3f\u00far\u00f3 henger"},"content":{"rendered":"<p style=\"text-align: center;\"><span style=\"font-size: 18pt;\">Forg\u00f3f\u00far\u00f3 henger<\/span><\/p>\n<p>A forg\u00f3f\u00far\u00f3henger egy kulcsfontoss\u00e1g\u00fa hidraulikus alkatr\u00e9sz, amelyet a f\u00far\u00e1si m\u0171veletekhez sz\u00fcks\u00e9ges forg\u00f3mozg\u00e1s el\u0151seg\u00edt\u00e9s\u00e9re terveztek k\u00fcl\u00f6nf\u00e9le alkalmaz\u00e1sokban, bele\u00e9rtve az \u00e9p\u00edt\u0151ipar, a b\u00e1ny\u00e1szat \u00e9s a geotechnikai m\u00e9rn\u00f6ki tudom\u00e1nyokat. Ez a henger biztos\u00edtja a f\u00far\u00f3fej forgat\u00e1s\u00e1hoz sz\u00fcks\u00e9ges er\u0151t, lehet\u0151v\u00e9 t\u00e9ve a hat\u00e9kony behatol\u00e1st k\u00fcl\u00f6nb\u00f6z\u0151 talaj- \u00e9s k\u0151zett\u00edpusokba.<\/p>\n<p><img loading=\"lazy\" decoding=\"async\" class=\"size-full wp-image-556 aligncenter\" src=\"https:\/\/fmp-components.com\/wp-content\/uploads\/2024\/12\/Rotary-Drilling-Cylinder.webp\" alt=\"Forg\u00f3f\u00far\u00f3 henger\" width=\"760\" height=\"533\" title=\"\" srcset=\"https:\/\/fmp-components.com\/wp-content\/uploads\/2024\/12\/Rotary-Drilling-Cylinder.webp 760w, https:\/\/fmp-components.com\/wp-content\/uploads\/2024\/12\/Rotary-Drilling-Cylinder-480x337.webp 480w\" sizes=\"(min-width: 0px) and (max-width: 480px) 480px, (min-width: 481px) 760px, 100vw\" \/><\/p>\n<h4>F\u0151bb jellemz\u0151k:<\/h4>\n<ul>\n<li><strong>Robusztus konstrukci\u00f3:<\/strong> A nagy szil\u00e1rds\u00e1g\u00fa anyagokb\u00f3l k\u00e9sz\u00fclt forg\u00f3f\u00far\u00f3henger \u00fagy van kialak\u00edtva, hogy ellen\u00e1lljon a f\u00far\u00e1si k\u00f6rnyezet neh\u00e9z k\u00f6r\u00fclm\u00e9nyeinek, biztos\u00edtva a hossz\u00fa t\u00e1v\u00fa tart\u00f3ss\u00e1got \u00e9s megb\u00edzhat\u00f3s\u00e1got.<\/li>\n<li><strong>Sima m\u0171k\u00f6d\u00e9s:<\/strong> A hidraulikus kialak\u00edt\u00e1s sima \u00e9s szab\u00e1lyozott forg\u00e1st tesz lehet\u0151v\u00e9, ami prec\u00edz f\u00far\u00e1si k\u00e9pess\u00e9geket biztos\u00edt \u00e9s jav\u00edtja az \u00e1ltal\u00e1nos m\u0171k\u00f6d\u00e9si hat\u00e9konys\u00e1got.<\/li>\n<li><strong>Sokoldal\u00fa alkalmaz\u00e1s:<\/strong> Sz\u00e9les k\u00f6r\u0171 f\u00far\u00f3berendez\u00e9sekhez alkalmas, ez a henger fokozza a forg\u00f3f\u00far\u00f3k, f\u00far\u00f3k \u00e9s egy\u00e9b f\u00far\u00f3g\u00e9pek funkcionalit\u00e1s\u00e1t, \u00edgy ide\u00e1lis v\u00e1laszt\u00e1s k\u00fcl\u00f6nf\u00e9le projektekhez.<\/li>\n<li><strong>Fokozott teljes\u00edtm\u00e9ny:<\/strong> Az\u00e1ltal, hogy \u00e1lland\u00f3 teljes\u00edtm\u00e9nyt \u00e9s nyomat\u00e9kot biztos\u00edt, a forg\u00f3 f\u00far\u00f3henger optimaliz\u00e1lja a f\u00far\u00e1si teljes\u00edtm\u00e9nyt, lehet\u0151v\u00e9 t\u00e9ve a gyorsabb \u00e9s hat\u00e9konyabb behatol\u00e1st.<\/li>\n<li><strong>Alacsony karbantart\u00e1si ig\u00e9ny:<\/strong> Minim\u00e1lis kop\u00e1sra tervezt\u00e9k, ez a henger kevesebb karbantart\u00e1st ig\u00e9nyel, cs\u00f6kkentve az \u00e1ll\u00e1sid\u0151t \u00e9s hozz\u00e1j\u00e1rulva a f\u00far\u00e1si m\u0171veletek termel\u00e9kenys\u00e9g\u00e9nek n\u00f6veked\u00e9s\u00e9hez.<\/li>\n<\/ul>\n<p>\u00d6sszefoglalva, a forg\u00f3f\u00far\u00f3henger egy alapvet\u0151 alkatr\u00e9sz, amely n\u00f6veli a f\u00far\u00e1si m\u0171veletek hat\u00e9konys\u00e1g\u00e1t \u00e9s eredm\u00e9nyess\u00e9g\u00e9t, \u00edgy n\u00e9lk\u00fcl\u00f6zhetetlen a k\u00fcl\u00f6nf\u00e9le ipari \u00e9s \u00e9p\u00edt\u0151ipari alkalmaz\u00e1sokhoz.<\/p>\n<h2>Forg\u00f3f\u00far\u00f3 henger specifik\u00e1ci\u00f3i:<\/h2>\n<p>A forg\u00f3f\u00far\u00f3 g\u00e9md\u00f6ng\u00f6l\u0151 henger egy l\u00e9tfontoss\u00e1g\u00fa hidraulikus alkatr\u00e9sz, amely a f\u00far\u00f3berendez\u00e9s g\u00e9mj\u00e9nek sz\u00f6g\u00e9nek szab\u00e1lyoz\u00e1s\u00e1ra szolg\u00e1l, lehet\u0151v\u00e9 t\u00e9ve a pontos pozicion\u00e1l\u00e1st f\u00far\u00e1si m\u0171veletek sor\u00e1n. Ez a henger teszi lehet\u0151v\u00e9 a g\u00e9md\u00f6ng\u00f6l\u0151 mozg\u00e1st, amely a g\u00e9m magass\u00e1g\u00e1t \u00e9s sz\u00f6g\u00e9t \u00e1ll\u00edtja be az optim\u00e1lis f\u00far\u00e1si hat\u00e9konys\u00e1g \u00e9s a k\u00fcl\u00f6nb\u00f6z\u0151 m\u00e9lys\u00e9gekhez val\u00f3 hozz\u00e1f\u00e9r\u00e9s optimaliz\u00e1l\u00e1sa \u00e9rdek\u00e9ben. Nagy szil\u00e1rds\u00e1g\u00fa anyagokb\u00f3l k\u00e9sz\u00fclt, \u00edgy ellen\u00e1ll az \u00e9p\u00edt\u00e9si \u00e9s f\u00far\u00e1si k\u00f6rnyezet ig\u00e9nyes k\u00f6r\u00fclm\u00e9nyeinek, biztos\u00edtva a tart\u00f3ss\u00e1got \u00e9s a megb\u00edzhat\u00f3s\u00e1got. A g\u00e9md\u00f6ng\u00f6l\u0151 henger sima hidraulikus m\u0171k\u00f6d\u00e9se lehet\u0151v\u00e9 teszi a gyors be\u00e1ll\u00edt\u00e1sokat, n\u00f6velve a berendez\u00e9s sokoldal\u00fas\u00e1g\u00e1t \u00e9s teljes\u00edtm\u00e9ny\u00e9t, mik\u00f6zben biztons\u00e1gos \u00e9s hat\u00e9kony f\u00far\u00e1st biztos\u00edt a k\u00fcl\u00f6nf\u00e9le alkalmaz\u00e1sokban.<\/p>\n<p><img loading=\"lazy\" decoding=\"async\" class=\"size-full wp-image-558 aligncenter\" src=\"https:\/\/fmp-components.com\/wp-content\/uploads\/2024\/12\/Rotary-Drilling-Luffing-Cylinder1.webp\" alt=\"Forg\u00f3f\u00far\u00f3 henger\" width=\"500\" height=\"200\" title=\"\" srcset=\"https:\/\/fmp-components.com\/wp-content\/uploads\/2024\/12\/Rotary-Drilling-Luffing-Cylinder1.webp 500w, https:\/\/fmp-components.com\/wp-content\/uploads\/2024\/12\/Rotary-Drilling-Luffing-Cylinder1-480x192.webp 480w\" sizes=\"(min-width: 0px) and (max-width: 480px) 480px, (min-width: 481px) 500px, 100vw\" \/><\/p>\n<table style=\"width: 92.1166%; height: 218px;\" border=\"1\" cellspacing=\"0\" cellpadding=\"0\">\n<tbody>\n<tr>\n<td>Term\u00e9k neve<\/td>\n<td>Forg\u00f3f\u00far\u00f3 henger<\/td>\n<\/tr>\n<tr>\n<td>Jellemz\u0151k:<\/td>\n<td>Szab\u00e1lyozza az \u00e1rboc d\u0151l\u00e9ssz\u00f6g\u00e9t, \u00e1ll\u00edtsa be az \u00e1rboc \u00e9s a gazda k\u00f6z\u00f6tti t\u00e1vols\u00e1got<\/td>\n<\/tr>\n<tr>\n<td>Furat\u00e1tm\u00e9r\u0151:<\/td>\n<td>125 mm\uff5e250 mm<\/td>\n<\/tr>\n<tr>\n<td>R\u00fad \u00e1tm\u00e9r\u0151je:<\/td>\n<td>90 mm\uff5e160 mm<br \/>\nL\u00f6ket \u22641640 mm<\/td>\n<\/tr>\n<tr>\n<td>Nyom\u00e1s:<\/td>\n<td>ak\u00e1r 32 MPa<\/td>\n<\/tr>\n<tr>\n<td>Luffing henger alkalmaz\u00e1sok:<\/td>\n<td>Rot\u00e1ci\u00f3s f\u00far\u00e1s<\/td>\n<\/tr>\n<\/tbody>\n<\/table>\n<p><img loading=\"lazy\" decoding=\"async\" class=\"alignnone size-full wp-image-565\" src=\"https:\/\/fmp-components.com\/wp-content\/uploads\/2024\/12\/Rotary-Drilling-Luffing-Cylinder1-1.webp\" alt=\"Forg\u00f3f\u00far\u00f3 henger\" width=\"839\" height=\"425\" title=\"\" srcset=\"https:\/\/fmp-components.com\/wp-content\/uploads\/2024\/12\/Rotary-Drilling-Luffing-Cylinder1-1.webp 839w, https:\/\/fmp-components.com\/wp-content\/uploads\/2024\/12\/Rotary-Drilling-Luffing-Cylinder1-1-480x243.webp 480w\" sizes=\"(min-width: 0px) and (max-width: 480px) 480px, (min-width: 481px) 839px, 100vw\" \/> <img loading=\"lazy\" decoding=\"async\" class=\"alignnone size-full wp-image-566\" src=\"https:\/\/fmp-components.com\/wp-content\/uploads\/2024\/12\/Rotary-Drilling-Luffing-Cylinder2.webp\" alt=\"Forg\u00f3f\u00far\u00f3 henger\" width=\"831\" height=\"417\" title=\"\" srcset=\"https:\/\/fmp-components.com\/wp-content\/uploads\/2024\/12\/Rotary-Drilling-Luffing-Cylinder2.webp 831w, https:\/\/fmp-components.com\/wp-content\/uploads\/2024\/12\/Rotary-Drilling-Luffing-Cylinder2-480x241.webp 480w\" sizes=\"(min-width: 0px) and (max-width: 480px) 480px, (min-width: 481px) 831px, 100vw\" \/><\/p>\n<h2>Forg\u00f3 f\u00far\u00f3oszlop henger specifik\u00e1ci\u00f3i:<\/h2>\n<p>A forg\u00f3 f\u00far\u00f3\u00e1rboc hengere egy kulcsfontoss\u00e1g\u00fa hidraulikus alkatr\u00e9sz, amely t\u00e1mogatja a f\u00far\u00f3\u00e1rboc f\u00fcgg\u0151leges mozg\u00e1s\u00e1t, lehet\u0151v\u00e9 t\u00e9ve annak emelked\u00e9s\u00e9t \u00e9s s\u00fcllyeszt\u00e9s\u00e9t f\u00far\u00e1si m\u0171veletek k\u00f6zben. Ez a henger \u00fagy van kialak\u00edtva, hogy biztos\u00edtsa a sz\u00fcks\u00e9ges er\u0151t az \u00e1rboc k\u00fcl\u00f6nb\u00f6z\u0151 magass\u00e1gokba val\u00f3 kiny\u00fajt\u00e1s\u00e1hoz, lehet\u0151v\u00e9 t\u00e9ve a f\u00far\u00e1shoz sz\u00fcks\u00e9ges m\u00e9lys\u00e9gek hat\u00e9kony el\u00e9r\u00e9s\u00e9t. Nagy szil\u00e1rds\u00e1g\u00fa anyagokb\u00f3l k\u00e9sz\u00fclt, \u00e9s \u00fagy tervezt\u00e9k, hogy ellen\u00e1lljon a f\u00far\u00e1si k\u00f6rnyezet szigor\u00fa k\u00f6vetelm\u00e9nyeinek, biztos\u00edtva a hossz\u00fa t\u00e1v\u00fa tart\u00f3ss\u00e1got \u00e9s megb\u00edzhat\u00f3s\u00e1got. Az \u00e1rbochenger sima hidraulikus m\u0171k\u00f6d\u00e9se megk\u00f6nny\u00edti a pontos vez\u00e9rl\u00e9st, jav\u00edtja a f\u00far\u00f3berendez\u00e9s \u00e1ltal\u00e1nos stabilit\u00e1s\u00e1t \u00e9s teljes\u00edtm\u00e9ny\u00e9t, mik\u00f6zben biztons\u00e1gos \u00e9s hat\u00e9kony m\u0171k\u00f6d\u00e9st biztos\u00edt sz\u00e1mos alkalmaz\u00e1sban.<\/p>\n<p><img loading=\"lazy\" decoding=\"async\" class=\"size-full wp-image-559 aligncenter\" src=\"https:\/\/fmp-components.com\/wp-content\/uploads\/2024\/12\/Rotary-Drilling-Mast-Cylinder1.webp\" alt=\"Forg\u00f3f\u00far\u00f3 \u00e1rbochenger\" width=\"500\" height=\"200\" title=\"\" srcset=\"https:\/\/fmp-components.com\/wp-content\/uploads\/2024\/12\/Rotary-Drilling-Mast-Cylinder1.webp 500w, https:\/\/fmp-components.com\/wp-content\/uploads\/2024\/12\/Rotary-Drilling-Mast-Cylinder1-480x192.webp 480w\" sizes=\"(min-width: 0px) and (max-width: 480px) 480px, (min-width: 481px) 500px, 100vw\" \/><\/p>\n<table style=\"width: 92.4146%; height: 200px;\" border=\"1\" cellspacing=\"0\" cellpadding=\"0\">\n<tbody>\n<tr style=\"height: 23px;\">\n<td style=\"width: 30.6306%; height: 23px;\">Term\u00e9k neve<\/td>\n<td style=\"width: 69.009%; height: 23px;\">Forg\u00f3f\u00far\u00f3 \u00e1rbochenger<\/td>\n<\/tr>\n<tr style=\"height: 23px;\">\n<td style=\"width: 30.6306%; height: 23px;\">Jellemz\u0151k:<\/td>\n<td style=\"width: 69.009%; height: 23px;\">Ir\u00e1ny\u00edtsd az \u00e1rbocot, \u00e1ll\u00edtsd be az \u00e1rboc \u00e9s a talaj sz\u00f6g\u00e9t<\/td>\n<\/tr>\n<tr style=\"height: 23px;\">\n<td style=\"width: 30.6306%; height: 23px;\">Furat\u00e1tm\u00e9r\u0151:<\/td>\n<td style=\"width: 69.009%; height: 23px;\">140 mm\uff5e350 mm<\/td>\n<\/tr>\n<tr style=\"height: 47px;\">\n<td style=\"width: 30.6306%; height: 47px;\">R\u00fad \u00e1tm\u00e9r\u0151je:<\/td>\n<td style=\"width: 69.009%; height: 47px;\">90 mm\uff5e230 mm<br \/>\nL\u00f6ket \u22645550 mm<\/td>\n<\/tr>\n<tr style=\"height: 23px;\">\n<td style=\"width: 30.6306%; height: 23px;\">Nyom\u00e1s:<\/td>\n<td style=\"width: 69.009%; height: 23px;\">ak\u00e1r 32 MPa<\/td>\n<\/tr>\n<tr style=\"height: 23px;\">\n<td style=\"width: 30.6306%; height: 23px;\">\u00c1rbochenger alkalmaz\u00e1sok:<\/td>\n<td style=\"width: 69.009%; height: 23px;\">Rot\u00e1ci\u00f3s f\u00far\u00e1s<\/td>\n<\/tr>\n<\/tbody>\n<\/table>\n<p><img loading=\"lazy\" decoding=\"async\" class=\"alignnone size-full wp-image-563\" src=\"https:\/\/fmp-components.com\/wp-content\/uploads\/2024\/12\/Rotary-Drilling-Mast-Cylinder1-1.webp\" alt=\"Forg\u00f3f\u00far\u00f3 \u00e1rbochenger\" width=\"821\" height=\"426\" title=\"\" srcset=\"https:\/\/fmp-components.com\/wp-content\/uploads\/2024\/12\/Rotary-Drilling-Mast-Cylinder1-1.webp 821w, https:\/\/fmp-components.com\/wp-content\/uploads\/2024\/12\/Rotary-Drilling-Mast-Cylinder1-1-480x249.webp 480w\" sizes=\"(min-width: 0px) and (max-width: 480px) 480px, (min-width: 481px) 821px, 100vw\" \/> <img loading=\"lazy\" decoding=\"async\" class=\"alignnone size-full wp-image-564\" src=\"https:\/\/fmp-components.com\/wp-content\/uploads\/2024\/12\/Rotary-Drilling-Mast-Cylinder2.webp\" alt=\"Forg\u00f3f\u00far\u00f3 \u00e1rbochenger\" width=\"828\" height=\"414\" title=\"\" srcset=\"https:\/\/fmp-components.com\/wp-content\/uploads\/2024\/12\/Rotary-Drilling-Mast-Cylinder2.webp 828w, https:\/\/fmp-components.com\/wp-content\/uploads\/2024\/12\/Rotary-Drilling-Mast-Cylinder2-480x240.webp 480w\" sizes=\"(min-width: 0px) and (max-width: 480px) 480px, (min-width: 481px) 828px, 100vw\" \/><\/p>\n<h2>Forg\u00f3f\u00far\u00f3 nyom\u00e1sos henger specifik\u00e1ci\u00f3i:<\/h2>\n<p>A forg\u00f3f\u00far\u00f3 nyom\u00e1sos henger egy kritikus hidraulikus alkatr\u00e9sz, amelyet a nyom\u00e1s alkalmaz\u00e1s\u00e1ra \u00e9s fenntart\u00e1s\u00e1ra terveztek forg\u00f3f\u00far\u00e1si m\u0171veletek sor\u00e1n. Ez a henger biztos\u00edtja, hogy a f\u00far\u00f3fej \u00e1lland\u00f3 er\u0151t kapjon, n\u00f6velve hat\u00e9konys\u00e1g\u00e1t a k\u00fcl\u00f6nf\u00e9le talaj- \u00e9s k\u0151zetk\u00e9pz\u0151dm\u00e9nyekbe val\u00f3 behatol\u00e1sban. Nagy szil\u00e1rds\u00e1g\u00fa anyagokb\u00f3l k\u00e9sz\u00fclt, \u00edgy ellen\u00e1ll a f\u00far\u00e1si k\u00f6rnyezet ig\u00e9nyes k\u00f6r\u00fclm\u00e9nyeinek, tart\u00f3ss\u00e1got \u00e9s megb\u00edzhat\u00f3s\u00e1got biztos\u00edtva. A nyom\u00e1s alatti m\u0171k\u00f6d\u00e9s lehet\u0151v\u00e9 teszi a hat\u00e9kony f\u00far\u00e1si teljes\u00edtm\u00e9nyt, jav\u00edtva a m\u0171veletek sebess\u00e9g\u00e9t \u00e9s hat\u00e9konys\u00e1g\u00e1t. Ezenk\u00edv\u00fcl a henger kialak\u00edt\u00e1sa megk\u00f6nny\u00edti a sima hidraulikus mozg\u00e1st, biztos\u00edtva a pontos vez\u00e9rl\u00e9st \u00e9s stabilit\u00e1st a f\u00far\u00e1si feladatok sor\u00e1n, \u00edgy elengedhetetlen a k\u00fcl\u00f6nf\u00e9le \u00e9p\u00edt\u00e9si \u00e9s geotechnikai alkalmaz\u00e1sokhoz.<\/p>\n<p><img loading=\"lazy\" decoding=\"async\" class=\"size-full wp-image-560 aligncenter\" src=\"https:\/\/fmp-components.com\/wp-content\/uploads\/2024\/12\/Rotary-Drilling-Pressurized-Cylinder.webp\" alt=\"Forg\u00f3f\u00far\u00f3 nyom\u00e1sos henger\" width=\"500\" height=\"200\" title=\"\" srcset=\"https:\/\/fmp-components.com\/wp-content\/uploads\/2024\/12\/Rotary-Drilling-Pressurized-Cylinder.webp 500w, https:\/\/fmp-components.com\/wp-content\/uploads\/2024\/12\/Rotary-Drilling-Pressurized-Cylinder-480x192.webp 480w\" sizes=\"(min-width: 0px) and (max-width: 480px) 480px, (min-width: 481px) 500px, 100vw\" \/><\/p>\n<table style=\"width: 91.2553%; height: 204px;\" border=\"1\" cellspacing=\"0\" cellpadding=\"0\">\n<tbody>\n<tr>\n<td>Term\u00e9k neve<\/td>\n<td>Forg\u00f3f\u00far\u00f3 nyom\u00e1sos henger<\/td>\n<\/tr>\n<tr>\n<td>Jellemz\u0151k:<\/td>\n<td>A motorfej emel\u00e9s\u00e9nek \u00e9s s\u00fcllyeszt\u00e9s\u00e9nek vez\u00e9rl\u00e9se<\/td>\n<\/tr>\n<tr>\n<td>Furat\u00e1tm\u00e9r\u0151:<\/td>\n<td>125 mm\uff5e210 mm<\/td>\n<\/tr>\n<tr>\n<td>R\u00fad \u00e1tm\u00e9r\u0151je:<\/td>\n<td>90 mm\uff5e150 mm<br \/>\nL\u00f6ket \u22648500 mm<\/td>\n<\/tr>\n<tr>\n<td>Nyom\u00e1s:<\/td>\n<td>ak\u00e1r 35 MPa<\/td>\n<\/tr>\n<tr>\n<td>Nyom\u00e1sos palack alkalmaz\u00e1sok:<\/td>\n<td>Rot\u00e1ci\u00f3s f\u00far\u00e1s<\/td>\n<\/tr>\n<\/tbody>\n<\/table>\n<p><img loading=\"lazy\" decoding=\"async\" class=\"alignnone size-full wp-image-561\" src=\"https:\/\/fmp-components.com\/wp-content\/uploads\/2024\/12\/Rotary-Drilling-Pressurized-Cylinder2.webp\" alt=\"Forg\u00f3f\u00far\u00f3 nyom\u00e1sos henger\" width=\"831\" height=\"416\" title=\"\" srcset=\"https:\/\/fmp-components.com\/wp-content\/uploads\/2024\/12\/Rotary-Drilling-Pressurized-Cylinder2.webp 831w, https:\/\/fmp-components.com\/wp-content\/uploads\/2024\/12\/Rotary-Drilling-Pressurized-Cylinder2-480x240.webp 480w\" sizes=\"(min-width: 0px) and (max-width: 480px) 480px, (min-width: 481px) 831px, 100vw\" \/> <img loading=\"lazy\" decoding=\"async\" class=\"alignnone size-full wp-image-562\" src=\"https:\/\/fmp-components.com\/wp-content\/uploads\/2024\/12\/Rotary-Drilling-Pressurized-Cylinder1.png\" alt=\"Forg\u00f3f\u00far\u00f3 nyom\u00e1sos henger\" width=\"817\" height=\"430\" title=\"\" srcset=\"https:\/\/fmp-components.com\/wp-content\/uploads\/2024\/12\/Rotary-Drilling-Pressurized-Cylinder1.png 817w, https:\/\/fmp-components.com\/wp-content\/uploads\/2024\/12\/Rotary-Drilling-Pressurized-Cylinder1-480x253.png 480w\" sizes=\"(min-width: 0px) and (max-width: 480px) 480px, (min-width: 481px) 817px, 100vw\" \/><\/p>\n<h2>Az FMP-r\u0151l<\/h2>\n<p>Az FMP egy speci\u00e1lis g\u00e9pgy\u00e1rt\u00f3 v\u00e1llalat, amely hidraulikus hengerek gy\u00e1rt\u00e1s\u00e1ra specializ\u00e1l\u00f3dott. Megalakul\u00e1sa \u00f3ta a v\u00e1llalat a hidraulikus technol\u00f3gia kutat\u00e1s\u00e1ra \u00e9s gy\u00e1rt\u00e1s\u00e1ra \u00f6sszpontos\u00edt, \u00e9s sikeresen \u00e1tt\u00e9rt a soksz\u00edn\u0171 term\u00e9kk\u00edn\u00e1latr\u00f3l, amely mag\u00e1ban foglalta a betakar\u00edt\u00f3 \u00e9s \u00e9p\u00edt\u0151ipari g\u00e9peket, a mez\u0151gazdas\u00e1gi traktoralkatr\u00e9szekre specializ\u00e1l\u00f3d\u00e1sra. T\u00f6bb mint egy \u00e9vtizedes gy\u00e1rt\u00e1si \u00e9s ir\u00e1ny\u00edt\u00e1si tapasztalattal az FMP fejlett gy\u00e1rt\u00e1si technik\u00e1kkal biztos\u00edtja a kiv\u00e1l\u00f3 min\u0151s\u00e9g\u0171 term\u00e9keket.<\/p>\n<p>A v\u00e1llalat fejl\u0151d\u00e9s\u00e9vel \u00e1tfog\u00f3 megmunk\u00e1l\u00f3 gy\u00e1rt\u00f3sort, \u00f6sszeszerel\u0151 sort \u00e9s bevon\u00f3sort fejlesztett ki. Csapatunk k\u00e9pzett vezet\u0151kb\u0151l, tapasztalt g\u00e9p\u00e9sztervez\u0151kb\u0151l \u00e9s magasan k\u00e9pzett technikusokb\u00f3l \u00e1ll, akik egy\u00fcttm\u0171k\u00f6dve biztos\u00edtj\u00e1k a stabil termel\u00e9si min\u0151s\u00e9get, mik\u00f6zben hat\u00e9konyan ellen\u0151rzik a folyamatok folytonoss\u00e1g\u00e1t \u00e9s hat\u00e9konys\u00e1g\u00e1t.<\/p>\n<p>Az FMP a k\u00f6vetkez\u0151 filoz\u00f3fi\u00e1t vallja: \u201eA technol\u00f3giai innov\u00e1ci\u00f3 hajtja a fejl\u0151d\u00e9st, a min\u0151s\u00e9g teremti a m\u00e1rk\u00e1kat, a szak\u00e9rtelem garant\u00e1lja a min\u0151s\u00e9get, \u00e9s hossz\u00fa t\u00e1v\u00fa, mindenki sz\u00e1m\u00e1ra el\u0151ny\u00f6s kapcsolatokat \u00e9p\u00edt.\u201d Elk\u00f6telezetts\u00e9g\u00fcnk a kiv\u00e1l\u00f3 min\u0151s\u00e9g\u0171 term\u00e9kek \u00e9s a kiv\u00e1l\u00f3 \u00fcgyf\u00e9lszolg\u00e1lat ir\u00e1nt tov\u00e1bbra is alapvet\u0151 c\u00e9lunk, mik\u00f6zben folyamatosan megfelel\u00fcnk a piac v\u00e1ltoz\u00f3 ig\u00e9nyeinek.<\/p>\n<p><img loading=\"lazy\" decoding=\"async\" class=\"alignnone size-full wp-image-426\" src=\"https:\/\/fmp-components.com\/wp-content\/uploads\/2024\/12\/Sanitation-Machinery-Locking-Hydraulic-Cylinder-factory.webp\" sizes=\"(min-width: 0px) and (max-width: 480px) 480px, (min-width: 481px) and (max-width: 980px) 980px, (min-width: 981px) and (max-width: 1280px) 1280px, (min-width: 1281px) 1414px, 100vw\" srcset=\"https:\/\/fmp-components.com\/wp-content\/uploads\/2024\/12\/Sanitation-Machinery-Locking-Hydraulic-Cylinder-factory.webp 1414w, https:\/\/fmp-components.com\/wp-content\/uploads\/2024\/12\/Sanitation-Machinery-Locking-Hydraulic-Cylinder-factory-1280x529.webp 1280w, https:\/\/fmp-components.com\/wp-content\/uploads\/2024\/12\/Sanitation-Machinery-Locking-Hydraulic-Cylinder-factory-980x405.webp 980w, https:\/\/fmp-components.com\/wp-content\/uploads\/2024\/12\/Sanitation-Machinery-Locking-Hydraulic-Cylinder-factory-480x198.webp 480w\" alt=\"Higi\u00e9niai-G\u00e9p-Z\u00e1r\u00f3-Hidraulikus-Henger-gy\u00e1r\" width=\"1414\" height=\"584\" title=\"\"><\/p>\n<p>Szerz\u0151: CX<\/p>","protected":false},"excerpt":{"rendered":"<p>Rotary Drilling Cylinder The Rotary Drilling Cylinder is a crucial hydraulic component designed to facilitate the rotary motion required for drilling operations in various applications, including construction, mining, and geotechnical engineering. This cylinder provides the necessary force to rotate the drill bit, enabling efficient penetration into different types of soil and rock. Key Features: Robust [&hellip;]<\/p>","protected":false},"featured_media":557,"comment_status":"open","ping_status":"closed","template":"","meta":{"_et_pb_use_builder":"","_et_pb_old_content":"","_et_gb_content_width":""},"product_brand":[],"product_cat":[25],"product_tag":[],"class_list":{"0":"post-555","1":"product","2":"type-product","3":"status-publish","4":"has-post-thumbnail","6":"product_cat-mobile-machinery-hydraulic-cylinder","8":"first","9":"instock","10":"shipping-taxable","11":"product-type-simple"},"_links":{"self":[{"href":"https:\/\/fmp-components.com\/hu\/wp-json\/wp\/v2\/product\/555","targetHints":{"allow":["GET"]}}],"collection":[{"href":"https:\/\/fmp-components.com\/hu\/wp-json\/wp\/v2\/product"}],"about":[{"href":"https:\/\/fmp-components.com\/hu\/wp-json\/wp\/v2\/types\/product"}],"replies":[{"embeddable":true,"href":"https:\/\/fmp-components.com\/hu\/wp-json\/wp\/v2\/comments?post=555"}],"wp:featuredmedia":[{"embeddable":true,"href":"https:\/\/fmp-components.com\/hu\/wp-json\/wp\/v2\/media\/557"}],"wp:attachment":[{"href":"https:\/\/fmp-components.com\/hu\/wp-json\/wp\/v2\/media?parent=555"}],"wp:term":[{"taxonomy":"product_brand","embeddable":true,"href":"https:\/\/fmp-components.com\/hu\/wp-json\/wp\/v2\/product_brand?post=555"},{"taxonomy":"product_cat","embeddable":true,"href":"https:\/\/fmp-components.com\/hu\/wp-json\/wp\/v2\/product_cat?post=555"},{"taxonomy":"product_tag","embeddable":true,"href":"https:\/\/fmp-components.com\/hu\/wp-json\/wp\/v2\/product_tag?post=555"}],"curies":[{"name":"munkaf\u00fczet","href":"https:\/\/api.w.org\/{rel}","templated":true}]}}