{"id":5271,"date":"2025-02-05T06:15:34","date_gmt":"2025-02-05T06:15:34","guid":{"rendered":"https:\/\/fmp-components.com\/?post_type=product&#038;p=5271"},"modified":"2025-02-05T06:20:23","modified_gmt":"2025-02-05T06:20:23","slug":"cast-iron-sprocket","status":"publish","type":"product","link":"https:\/\/fmp-components.com\/hu\/product\/cast-iron-sprocket\/","title":{"rendered":"\u00d6nt\u00f6ttvas l\u00e1ncker\u00e9k"},"content":{"rendered":"<h2>Az \u00f6nt\u00f6ttvas l\u00e1ncker\u00e9k \u00e1ttekint\u00e9se<\/h2>\n<p>\u00d6nt\u00f6ttvas l\u00e1nckerekeinket \u00fagy tervezt\u00fck \u00e9s gy\u00e1rtottuk, hogy kiv\u00e9teles teljes\u00edtm\u00e9nyt \u00e9s tart\u00f3ss\u00e1got biztos\u00edtsunk. Ezeket a l\u00e1nckerekeket sz\u00e9les k\u00f6rben haszn\u00e1lj\u00e1k k\u00fcl\u00f6nf\u00e9le ipari alkalmaz\u00e1sokban, ahol a megb\u00edzhat\u00f3s\u00e1g \u00e9s a hossz\u00fa \u00e9lettartam kulcsfontoss\u00e1g\u00fa. Kiv\u00e1l\u00f3 min\u0151s\u00e9g\u0171 anyagokat \u00e9s fejlett gy\u00e1rt\u00e1si technik\u00e1kat haszn\u00e1lunk olyan l\u00e1nckerekek el\u0151\u00e1ll\u00edt\u00e1s\u00e1hoz, amelyek megfelelnek a legmagasabb pontoss\u00e1gi \u00e9s tart\u00f3ss\u00e1gi szabv\u00e1nyoknak.<\/p>\n<h3>Anyagv\u00e1laszt\u00e1s<\/h3>\n<p>Nagy \u00e9s kis l\u00e1nckerekeink kiv\u00e1l\u00f3 min\u0151s\u00e9g\u0171 sz\u00e9n szerkezeti ac\u00e9lb\u00f3l k\u00e9sz\u00fclnek, ami kiv\u00e1l\u00f3 szil\u00e1rds\u00e1got \u00e9s kop\u00e1s\u00e1ll\u00f3s\u00e1got biztos\u00edt. Ezenk\u00edv\u00fcl testreszab\u00e1si lehet\u0151s\u00e9geket k\u00edn\u00e1lunk k\u00fcl\u00f6nf\u00e9le anyagokb\u00f3l, p\u00e9ld\u00e1ul rozsdamentes ac\u00e9lb\u00f3l, sz\u00e9nac\u00e9lb\u00f3l \u00e9s m\u00e1s speci\u00e1lis \u00f6tv\u00f6zetekb\u0151l, \u00edgy a l\u00e1nckerekeket az \u00fcgyfelek egyedi ig\u00e9nyeihez igaz\u00edthatjuk.<\/p>\n<h3>Feldolgoz\u00e1si \u00e9s kezel\u00e9si technol\u00f3gia<\/h3>\n<p>Az optim\u00e1lis teljes\u00edtm\u00e9ny biztos\u00edt\u00e1sa \u00e9rdek\u00e9ben fejlett fogasker\u00e9k-mar\u00e1si technol\u00f3gi\u00e1t alkalmazunk a gy\u00e1rt\u00e1si folyamat sor\u00e1n. Ennek eredm\u00e9nyek\u00e9nt rendk\u00edv\u00fcl pontos fogprofil\u00fa l\u00e1nckerekek k\u00e9sz\u00fclnek. A form\u00e1z\u00e1s ut\u00e1n a l\u00e1nckerekek edz\u00e9si \u00e9s megereszt\u00e9si folyamaton esnek \u00e1t, amely jelent\u0151sen jav\u00edtja mechanikai tulajdons\u00e1gaikat. A fogkem\u00e9nys\u00e9get gondosan szab\u00e1lyozzuk, \u00e9s el\u00e9ri a 68-72 HRA k\u00f6z\u00f6tti szintet, ami kiv\u00e1l\u00f3 kop\u00e1s\u00e1ll\u00f3s\u00e1got \u00e9s szil\u00e1rds\u00e1got biztos\u00edt.<\/p>\n<h3>Term\u00e9ksorozat<\/h3>\n<p>Sz\u00e9les v\u00e1laszt\u00e9kban k\u00edn\u00e1lunk l\u00e1nckerekeket, a standard, k\u00f6lts\u00e9ghat\u00e9kony modellekt\u0151l a pr\u00e9mium min\u0151s\u00e9g\u0171, ig\u00e9nyes alkalmaz\u00e1sokhoz tervezett l\u00e1nckerekekig. Gy\u00e1rt\u00e1si folyamatunkat minden szakaszban szigor\u00faan ellen\u0151rizz\u00fck, hogy garant\u00e1ljuk minden term\u00e9k\u00fcnk \u00e1lland\u00f3s\u00e1g\u00e1t \u00e9s pontoss\u00e1g\u00e1t.<\/p>\n<h3>Az \u00f6nt\u00f6ttvas l\u00e1nckerekek f\u0151bb jellemz\u0151i<\/h3>\n<ul>\n<li><strong>Anyagok sokf\u00e9les\u00e9ge<\/strong>\u00d6nt\u00f6ttvas l\u00e1nckerekeink t\u00f6bbf\u00e9le anyagb\u00f3l kaphat\u00f3k, bele\u00e9rtve a sz\u00e9nac\u00e9lt, rozsdamentes ac\u00e9lt \u00e9s m\u00e1s \u00f6tv\u00f6zeteket, hogy megfeleljenek \u00fcgyfeleink v\u00e1ltozatos ig\u00e9nyeinek.<\/li>\n<li><strong>Testreszab\u00e1s el\u00e9rhet\u0151<\/strong>Teljes testreszab\u00e1st k\u00edn\u00e1lunk a felhaszn\u00e1l\u00f3i ig\u00e9nyek alapj\u00e1n, biztos\u00edtva, hogy a l\u00e1nckerekek megfeleljenek az adott \u00fczemi k\u00f6r\u00fclm\u00e9nyeknek.<\/li>\n<li><strong>H\u0151kezel\u00e9s<\/strong>Minden egyes l\u00e1nckereket h\u0151kezel\u00e9si folyamatnak vetnek al\u00e1 a k\u00edv\u00e1nt kem\u00e9nys\u00e9g el\u00e9r\u00e9se \u00e9rdek\u00e9ben, ami n\u00f6veli a tart\u00f3ss\u00e1g\u00e1t \u00e9s a kop\u00e1s\u00e1ll\u00f3s\u00e1g\u00e1t.<\/li>\n<li><strong>Prec\u00edz gy\u00e1rt\u00e1s<\/strong>A l\u00e1nckerekeket gondosan megmunk\u00e1lj\u00e1k a tiszta \u00e9lek \u00e9s a sorjamentes fel\u00fcletek biztos\u00edt\u00e1sa \u00e9rdek\u00e9ben, jav\u00edtva az \u00e1ltal\u00e1nos eszt\u00e9tikai \u00e9s m\u0171k\u00f6d\u00e9si min\u0151s\u00e9get.<\/li>\n<li><strong>Hossz\u00fa \u00e9lettartam<\/strong>Szigor\u00fa anyagv\u00e1laszt\u00e1ssal, nagy kem\u00e9nys\u00e9ggel \u00e9s stabil m\u0171k\u00f6d\u00e9ssel \u00f6nt\u00f6ttvas l\u00e1nckerekeink tart\u00f3sak, \u00e9s m\u00e9g nagy ig\u00e9nybev\u00e9tel\u0171 k\u00f6rnyezetben is megn\u00f6velt \u00e9lettartamot biztos\u00edtanak.<\/li>\n<li><strong>Stabil m\u0171k\u00f6d\u00e9s<\/strong>L\u00e1nckerekeinket nagy sebess\u00e9g\u0171 m\u0171k\u00f6d\u00e9sre tervezt\u00fck, \u00edgy sima \u00e9s stabil teljes\u00edtm\u00e9nyt ny\u00fajtanak, cs\u00f6kkentve a m\u0171k\u00f6d\u00e9si megszak\u00edt\u00e1sok vagy rezg\u00e9sek kock\u00e1zat\u00e1t.<\/li>\n<\/ul>\n<p>\u00d6nt\u00f6ttvas l\u00e1nckerekeinket a megb\u00edzhat\u00f3s\u00e1g \u00e9s a teljes\u00edtm\u00e9ny jegy\u00e9ben tervezt\u00fck. Szigor\u00fa anyagv\u00e1laszt\u00e1ssal, fejlett feldolgoz\u00e1si technik\u00e1kkal \u00e9s testreszab\u00e1si lehet\u0151s\u00e9gekkel ide\u00e1lis megold\u00e1st k\u00edn\u00e1lnak a nagy tart\u00f3ss\u00e1got \u00e9s stabil m\u0171k\u00f6d\u00e9st ig\u00e9nyl\u0151 alkalmaz\u00e1sokhoz. Ak\u00e1r standard, ak\u00e1r egyedi tervez\u00e9s\u0171 l\u00e1ncker\u00e9kre van sz\u00fcks\u00e9ge, mi itt vagyunk, hogy az \u00d6n ig\u00e9nyeire szabott, kiv\u00e1l\u00f3 min\u0151s\u00e9g\u0171 megold\u00e1sokat k\u00edn\u00e1ljunk.<\/p>\n<h2>\u00d6nt\u00f6ttvas l\u00e1ncker\u00e9k lista\uff1a<\/h2>\n<p><img loading=\"lazy\" decoding=\"async\" class=\"alignnone size-full wp-image-5272\" src=\"https:\/\/fmp-components.com\/wp-content\/uploads\/2025\/02\/fmp-cast-iron-sprocket-1.webp\" alt=\"fmp-\u00f6nt\u00f6ttvas-l\u00e1ncker\u00e9k\" width=\"1059\" height=\"464\" title=\"\" srcset=\"https:\/\/fmp-components.com\/wp-content\/uploads\/2025\/02\/fmp-cast-iron-sprocket-1.webp 1059w, https:\/\/fmp-components.com\/wp-content\/uploads\/2025\/02\/fmp-cast-iron-sprocket-1-980x429.webp 980w, https:\/\/fmp-components.com\/wp-content\/uploads\/2025\/02\/fmp-cast-iron-sprocket-1-480x210.webp 480w\" sizes=\"(min-width: 0px) and (max-width: 480px) 480px, (min-width: 481px) and (max-width: 980px) 980px, (min-width: 981px) 1059px, 100vw\" \/><\/p>\n<h3>06B \u00f6nt\u00f6ttvas l\u00e1ncker\u00e9k<\/h3>\n<p><img loading=\"lazy\" decoding=\"async\" class=\"alignnone size-full wp-image-5273\" src=\"https:\/\/fmp-components.com\/wp-content\/uploads\/2025\/02\/fmp-cast-iron-sprocket-2.webp\" alt=\"fmp-\u00f6nt\u00f6ttvas-l\u00e1ncker\u00e9k\" width=\"935\" height=\"434\" title=\"\" srcset=\"https:\/\/fmp-components.com\/wp-content\/uploads\/2025\/02\/fmp-cast-iron-sprocket-2.webp 935w, https:\/\/fmp-components.com\/wp-content\/uploads\/2025\/02\/fmp-cast-iron-sprocket-2-480x223.webp 480w\" sizes=\"(min-width: 0px) and (max-width: 480px) 480px, (min-width: 481px) 935px, 100vw\" \/><\/p>\n<h3>08B \u00f6nt\u00f6ttvas l\u00e1ncker\u00e9k<\/h3>\n<p><img loading=\"lazy\" decoding=\"async\" class=\"alignnone size-full wp-image-5274\" src=\"https:\/\/fmp-components.com\/wp-content\/uploads\/2025\/02\/fmp-cast-iron-sprocket-3.webp\" alt=\"fmp-\u00f6nt\u00f6ttvas-l\u00e1ncker\u00e9k\" width=\"934\" height=\"442\" title=\"\" srcset=\"https:\/\/fmp-components.com\/wp-content\/uploads\/2025\/02\/fmp-cast-iron-sprocket-3.webp 934w, https:\/\/fmp-components.com\/wp-content\/uploads\/2025\/02\/fmp-cast-iron-sprocket-3-480x227.webp 480w\" sizes=\"(min-width: 0px) and (max-width: 480px) 480px, (min-width: 481px) 934px, 100vw\" \/><\/p>\n<h3>10B \u00f6nt\u00f6ttvas l\u00e1ncker\u00e9k<\/h3>\n<p><img loading=\"lazy\" decoding=\"async\" class=\"alignnone size-full wp-image-5275\" src=\"https:\/\/fmp-components.com\/wp-content\/uploads\/2025\/02\/fmp-cast-iron-sprocket-4.webp\" alt=\"fmp-\u00f6nt\u00f6ttvas-l\u00e1ncker\u00e9k\" width=\"937\" height=\"403\" title=\"\" srcset=\"https:\/\/fmp-components.com\/wp-content\/uploads\/2025\/02\/fmp-cast-iron-sprocket-4.webp 937w, https:\/\/fmp-components.com\/wp-content\/uploads\/2025\/02\/fmp-cast-iron-sprocket-4-480x206.webp 480w\" sizes=\"(min-width: 0px) and (max-width: 480px) 480px, (min-width: 481px) 937px, 100vw\" \/><\/p>\n<h3>12B \u00f6nt\u00f6ttvas l\u00e1ncker\u00e9k<\/h3>\n<p><img loading=\"lazy\" decoding=\"async\" class=\"alignnone size-full wp-image-5276\" src=\"https:\/\/fmp-components.com\/wp-content\/uploads\/2025\/02\/fmp-cast-iron-sprocket-5.webp\" alt=\"fmp-\u00f6nt\u00f6ttvas-l\u00e1ncker\u00e9k\" width=\"937\" height=\"426\" title=\"\" srcset=\"https:\/\/fmp-components.com\/wp-content\/uploads\/2025\/02\/fmp-cast-iron-sprocket-5.webp 937w, https:\/\/fmp-components.com\/wp-content\/uploads\/2025\/02\/fmp-cast-iron-sprocket-5-480x218.webp 480w\" sizes=\"(min-width: 0px) and (max-width: 480px) 480px, (min-width: 481px) 937px, 100vw\" \/><\/p>\n<h3>16B \u00f6nt\u00f6ttvas l\u00e1ncker\u00e9k<\/h3>\n<p><img loading=\"lazy\" decoding=\"async\" class=\"alignnone size-full wp-image-5277\" src=\"https:\/\/fmp-components.com\/wp-content\/uploads\/2025\/02\/fmp-cast-iron-sprocket-6.webp\" alt=\"fmp-\u00f6nt\u00f6ttvas-l\u00e1ncker\u00e9k\" width=\"938\" height=\"442\" title=\"\" srcset=\"https:\/\/fmp-components.com\/wp-content\/uploads\/2025\/02\/fmp-cast-iron-sprocket-6.webp 938w, https:\/\/fmp-components.com\/wp-content\/uploads\/2025\/02\/fmp-cast-iron-sprocket-6-480x226.webp 480w\" sizes=\"(min-width: 0px) and (max-width: 480px) 480px, (min-width: 481px) 938px, 100vw\" \/><\/p>\n<h3>20B \u00f6nt\u00f6ttvas l\u00e1ncker\u00e9k<\/h3>\n<p><img loading=\"lazy\" decoding=\"async\" class=\"alignnone size-full wp-image-5278\" src=\"https:\/\/fmp-components.com\/wp-content\/uploads\/2025\/02\/fmp-cast-iron-sprocket-7.webp\" alt=\"fmp-\u00f6nt\u00f6ttvas-l\u00e1ncker\u00e9k\" width=\"938\" height=\"333\" title=\"\" srcset=\"https:\/\/fmp-components.com\/wp-content\/uploads\/2025\/02\/fmp-cast-iron-sprocket-7.webp 938w, https:\/\/fmp-components.com\/wp-content\/uploads\/2025\/02\/fmp-cast-iron-sprocket-7-480x170.webp 480w\" sizes=\"(min-width: 0px) and (max-width: 480px) 480px, (min-width: 481px) 938px, 100vw\" \/><\/p>\n<h3>24B \u00f6nt\u00f6ttvas l\u00e1ncker\u00e9k<\/h3>\n<p><img loading=\"lazy\" decoding=\"async\" class=\"alignnone size-full wp-image-5279\" src=\"https:\/\/fmp-components.com\/wp-content\/uploads\/2025\/02\/fmp-cast-iron-sprocket-8.webp\" alt=\"fmp-\u00f6nt\u00f6ttvas-l\u00e1ncker\u00e9k\" width=\"935\" height=\"404\" title=\"\" srcset=\"https:\/\/fmp-components.com\/wp-content\/uploads\/2025\/02\/fmp-cast-iron-sprocket-8.webp 935w, https:\/\/fmp-components.com\/wp-content\/uploads\/2025\/02\/fmp-cast-iron-sprocket-8-480x207.webp 480w\" sizes=\"(min-width: 0px) and (max-width: 480px) 480px, (min-width: 481px) 935px, 100vw\" \/><\/p>\n<h3>28B \u00f6nt\u00f6ttvas l\u00e1ncker\u00e9k<\/h3>\n<p><img loading=\"lazy\" decoding=\"async\" class=\"alignnone size-full wp-image-5280\" src=\"https:\/\/fmp-components.com\/wp-content\/uploads\/2025\/02\/fmp-cast-iron-sprocket-9.webp\" alt=\"fmp-\u00f6nt\u00f6ttvas-l\u00e1ncker\u00e9k\" width=\"938\" height=\"340\" title=\"\" srcset=\"https:\/\/fmp-components.com\/wp-content\/uploads\/2025\/02\/fmp-cast-iron-sprocket-9.webp 938w, https:\/\/fmp-components.com\/wp-content\/uploads\/2025\/02\/fmp-cast-iron-sprocket-9-480x174.webp 480w\" sizes=\"(min-width: 0px) and (max-width: 480px) 480px, (min-width: 481px) 938px, 100vw\" \/><\/p>\n<h3>32B \u00f6nt\u00f6ttvas l\u00e1ncker\u00e9k<\/h3>\n<p><img loading=\"lazy\" decoding=\"async\" class=\"alignnone size-full wp-image-5283\" src=\"https:\/\/fmp-components.com\/wp-content\/uploads\/2025\/02\/fmp-cast-iron-sprocket-10.webp\" alt=\"fmp-\u00f6nt\u00f6ttvas-l\u00e1ncker\u00e9k\" width=\"937\" height=\"382\" title=\"\" srcset=\"https:\/\/fmp-components.com\/wp-content\/uploads\/2025\/02\/fmp-cast-iron-sprocket-10.webp 937w, https:\/\/fmp-components.com\/wp-content\/uploads\/2025\/02\/fmp-cast-iron-sprocket-10-480x196.webp 480w\" sizes=\"(min-width: 0px) and (max-width: 480px) 480px, (min-width: 481px) 937px, 100vw\" \/><\/p>\n<h2>Az FMP-r\u0151l<\/h2>\n<p>Az FMP-n\u00e9l b\u00fcszk\u00e9k vagyunk arra, hogy a kiv\u00e1l\u00f3 min\u0151s\u00e9g\u0171 l\u00e1nckerekek vezet\u0151 gy\u00e1rt\u00f3i vagyunk, amelyeket olaszorsz\u00e1gi modern \u00fczem\u00fcnkben gy\u00e1rtunk. Sz\u00e9les v\u00e1laszt\u00e9kban k\u00edn\u00e1lunk l\u00e1nckerekeket, amelyeket a k\u00fcl\u00f6nb\u00f6z\u0151 ipar\u00e1gak egyedi ig\u00e9nyeinek kiel\u00e9g\u00edt\u00e9s\u00e9re tervezt\u00fcnk. Ak\u00e1r k\u00e9sz furat\u00fa l\u00e1nckerekeket, fesz\u00edt\u0151g\u00f6rg\u0151s l\u00e1nckerekeket, k\u00fapos z\u00e1r\u00fa l\u00e1nckerekeket vagy sz\u00e1ll\u00edt\u00f3szalag-l\u00e1nckerekeket keres, minden term\u00e9ket prec\u00edzen \u00e9s tart\u00f3san k\u00e9sz\u00edt\u00fcnk el az optim\u00e1lis teljes\u00edtm\u00e9ny biztos\u00edt\u00e1sa \u00e9rdek\u00e9ben. V\u00e1laszt\u00e9kunkban rozsdamentes ac\u00e9l, m\u0171anyag \u00e9s ac\u00e9l l\u00e1nckerekek, valamint speci\u00e1lis modellek, p\u00e9ld\u00e1ul dupla oszt\u00e1s\u00fa \u00e9s dupla soros l\u00e1nckerekek is megtal\u00e1lhat\u00f3k, \u00edgy ide\u00e1lis megold\u00e1st k\u00edn\u00e1lunk b\u00e1rmilyen alkalmaz\u00e1shoz.<\/p>\n<p>Az FMP-t az egyedi ig\u00e9nyekre szab\u00e1s ir\u00e1nti elk\u00f6telezetts\u00e9g\u00fcnk k\u00fcl\u00f6nb\u00f6zteti meg. Elismerj\u00fck, hogy minden projektnek megvannak a saj\u00e1t, speci\u00e1lis k\u00f6vetelm\u00e9nyei, ez\u00e9rt k\u00edn\u00e1lunk egyedi l\u00e1ncker\u00e9k-megold\u00e1sokat, amelyek pontosan az \u00d6n ig\u00e9nyeire szabottak. Ak\u00e1r egyedi tervez\u00e9sre, ak\u00e1r speci\u00e1lis m\u0171szaki ig\u00e9nyei vannak, szak\u00e9rt\u0151i csapatunk k\u00e9szen \u00e1ll a prec\u00edz, megb\u00edzhat\u00f3 \u00e9s nagy teljes\u00edtm\u00e9ny\u0171 megold\u00e1sok sz\u00e1ll\u00edt\u00e1s\u00e1ra.<\/p>\n<p>Elk\u00f6telezettek vagyunk a kiv\u00e1l\u00f3s\u00e1g ir\u00e1nt mind a m\u00e9rn\u00f6ki, mind a gy\u00e1rt\u00e1si folyamatokban, biztos\u00edtva, hogy minden \u00e1ltalunk gy\u00e1rtott l\u00e1ncker\u00e9k megfeleljen a legmagasabb min\u0151s\u00e9gi el\u0151\u00edr\u00e1soknak \u00e9s tart\u00f3s legyen. Ha b\u00e1rmilyen k\u00e9rd\u00e9se van, vagy egyedi l\u00e1ncker\u00e9k-megold\u00e1sra van sz\u00fcks\u00e9ge, ne habozzon kapcsolatba l\u00e9pni vel\u00fcnk. Csapatunk szak\u00e9rt\u0151i \u00fatmutat\u00e1ssal \u00e9s gyors v\u00e1laszokkal \u00e1ll rendelkez\u00e9s\u00e9re, hogy teljes m\u00e9rt\u00e9kben el\u00e9gedett legyen. Egyszer\u0171en vegye fel vel\u00fcnk a kapcsolatot e-mailben, \u00e9s amint lehets\u00e9ges, felvessz\u00fck \u00d6nnel a kapcsolatot.<\/p>\n<p><img loading=\"lazy\" decoding=\"async\" class=\"alignnone size-full wp-image-5246\" src=\"https:\/\/fmp-components.com\/wp-content\/uploads\/2025\/02\/fmp-cast-sprocket-1.webp\" sizes=\"(min-width: 0px) and (max-width: 480px) 480px, (min-width: 481px) and (max-width: 980px) 980px, (min-width: 981px) and (max-width: 1280px) 1280px, (min-width: 1281px) 2492px, 100vw\" srcset=\"https:\/\/fmp-components.com\/wp-content\/uploads\/2025\/02\/fmp-cast-sprocket-1.webp 2492w, https:\/\/fmp-components.com\/wp-content\/uploads\/2025\/02\/fmp-cast-sprocket-1-1280x606.webp 1280w, https:\/\/fmp-components.com\/wp-content\/uploads\/2025\/02\/fmp-cast-sprocket-1-980x464.webp 980w, https:\/\/fmp-components.com\/wp-content\/uploads\/2025\/02\/fmp-cast-sprocket-1-480x227.webp 480w\" alt=\"fmp-\u00f6nt\u00f6tt-l\u00e1ncker\u00e9k\" width=\"2492\" height=\"1179\" title=\"\"><\/p>","protected":false},"excerpt":{"rendered":"<p>Overview of Cast Iron Sprocket Our cast iron sprockets are designed and manufactured to provide exceptional performance and durability. These sprockets are widely used in various industrial applications where reliability and long service life are crucial. We use high-quality materials and advanced manufacturing techniques to produce sprockets that meet the highest standards of precision and [&hellip;]<\/p>","protected":false},"featured_media":5284,"comment_status":"open","ping_status":"closed","template":"","meta":{"_et_pb_use_builder":"","_et_pb_old_content":"","_et_gb_content_width":""},"product_brand":[],"product_cat":[99],"product_tag":[],"class_list":{"0":"post-5271","1":"product","2":"type-product","3":"status-publish","4":"has-post-thumbnail","6":"product_cat-specialty-sprockets","8":"first","9":"instock","10":"shipping-taxable","11":"product-type-simple"},"_links":{"self":[{"href":"https:\/\/fmp-components.com\/hu\/wp-json\/wp\/v2\/product\/5271","targetHints":{"allow":["GET"]}}],"collection":[{"href":"https:\/\/fmp-components.com\/hu\/wp-json\/wp\/v2\/product"}],"about":[{"href":"https:\/\/fmp-components.com\/hu\/wp-json\/wp\/v2\/types\/product"}],"replies":[{"embeddable":true,"href":"https:\/\/fmp-components.com\/hu\/wp-json\/wp\/v2\/comments?post=5271"}],"wp:featuredmedia":[{"embeddable":true,"href":"https:\/\/fmp-components.com\/hu\/wp-json\/wp\/v2\/media\/5284"}],"wp:attachment":[{"href":"https:\/\/fmp-components.com\/hu\/wp-json\/wp\/v2\/media?parent=5271"}],"wp:term":[{"taxonomy":"product_brand","embeddable":true,"href":"https:\/\/fmp-components.com\/hu\/wp-json\/wp\/v2\/product_brand?post=5271"},{"taxonomy":"product_cat","embeddable":true,"href":"https:\/\/fmp-components.com\/hu\/wp-json\/wp\/v2\/product_cat?post=5271"},{"taxonomy":"product_tag","embeddable":true,"href":"https:\/\/fmp-components.com\/hu\/wp-json\/wp\/v2\/product_tag?post=5271"}],"curies":[{"name":"munkaf\u00fczet","href":"https:\/\/api.w.org\/{rel}","templated":true}]}}