{"id":5256,"date":"2025-02-05T05:17:19","date_gmt":"2025-02-05T05:17:19","guid":{"rendered":"https:\/\/fmp-components.com\/?post_type=product&#038;p=5256"},"modified":"2025-02-05T06:13:06","modified_gmt":"2025-02-05T06:13:06","slug":"hand-or-electric-chain-hoist-sprocket-for-crane-lifting","status":"publish","type":"product","link":"https:\/\/fmp-components.com\/hu\/product\/hand-or-electric-chain-hoist-sprocket-for-crane-lifting\/","title":{"rendered":"K\u00e9zi vagy elektromos l\u00e1ncos emel\u0151 l\u00e1ncker\u00e9k daru emel\u00e9shez"},"content":{"rendered":"<h2>L\u00e1ncos emel\u0151 l\u00e1ncker\u00e9k term\u00e9k \u00e1ttekint\u00e9se<\/h2>\n<p>A l\u00e1ncos emel\u0151 l\u00e1nckerek\u00e9t a k\u00f6nny\u0171 kezelhet\u0151s\u00e9g, a hordozhat\u00f3s\u00e1g \u00e9s a biztons\u00e1g jegy\u00e9ben tervezt\u00e9k, \u00edgy n\u00e9pszer\u0171 v\u00e1laszt\u00e1s a felhaszn\u00e1l\u00f3k k\u00f6r\u00e9ben. Innovat\u00edv kialak\u00edt\u00e1s\u00e1nak \u00e9s z\u00f6kken\u0151mentes m\u0171k\u00f6d\u00e9s\u00e9nek k\u00f6sz\u00f6nhet\u0151en ez a l\u00e1ncker\u00e9k kiv\u00e1l\u00f3an alkalmas neh\u00e9z emel\u00e9si alkalmaz\u00e1sokhoz. De mi teszi k\u00fcl\u00f6nlegess\u00e9?<\/p>\n<p>A l\u00e1ncos emel\u0151 l\u00e1nckereke olyan alkatr\u00e9szekb\u0151l k\u00e9sz\u00fcl, mint a horgok, l\u00e1ncok \u00e9s egy\u00e9b, nagy teherb\u00edr\u00e1s\u00fa, kiv\u00e1l\u00f3 sz\u00edv\u00f3ss\u00e1g\u00fa \u00e9s szil\u00e1rds\u00e1g\u00fa alkatr\u00e9szek. Ezek a tulajdons\u00e1gok biztos\u00edtj\u00e1k, hogy a l\u00e1ncker\u00e9k tart\u00f3s \u00e9s t\u00f6r\u00e9s\u00e1ll\u00f3 maradjon haszn\u00e1lat k\u00f6zben, jelent\u0151sen jav\u00edtva az \u00fczembiztons\u00e1got. A l\u00e1ncker\u00e9k robusztus konstrukci\u00f3ja lehet\u0151v\u00e9 teszi, hogy neh\u00e9z terheket emeljen hossz\u00fa id\u0151n kereszt\u00fcl, ez\u00e1ltal n\u00f6velve a munka hat\u00e9konys\u00e1g\u00e1t \u00e9s cs\u00f6kkentve a k\u00e9zi munkaer\u0151 sz\u00fcks\u00e9gess\u00e9g\u00e9t.<\/p>\n<p>A l\u00e1ncos emel\u0151 l\u00e1nckerek\u00e9t sz\u00e9les k\u00f6rben alkalmazz\u00e1k olyan ipar\u00e1gakban, mint az energetika, a sz\u00e1ll\u00edtm\u00e1nyoz\u00e1s, a h\u00edd\u00e9p\u00edt\u00e9s \u00e9s a sz\u00e9nipar. Az egyedi el\u0151ny\u00f6ket k\u00edn\u00e1lva hozz\u00e1j\u00e1rul a hat\u00e9konyabb \u00e9s biztons\u00e1gosabb m\u0171k\u00f6d\u00e9shez k\u00fcl\u00f6nb\u00f6z\u0151 ter\u00fcleteken, \u00edgy felbecs\u00fclhetetlen \u00e9rt\u00e9k\u0171 eszk\u00f6z a termel\u00e9kenys\u00e9g jav\u00edt\u00e1s\u00e1ra.<\/p>\n<h3>Tov\u00e1bbfejlesztett fix csiga kialak\u00edt\u00e1s<\/h3>\n<p>A l\u00e1ncos emel\u0151 l\u00e1ncker\u00e9ke a hagyom\u00e1nyos fix sz\u00edjt\u00e1rcsa tov\u00e1bbfejlesztett v\u00e1ltozata, amely a fix sz\u00edjt\u00e1rcsa legjobb tulajdons\u00e1gait \u00f6tv\u00f6zi a hozz\u00e1adott funkcionalit\u00e1ssal. Egy szimmetrikus m\u00e1sodlagos homlokker\u00e9k-rendszeren bel\u00fcl integr\u00e1l egy reduktort, egy h\u00e1trameneti visszacsap\u00f3 f\u00e9ket \u00e9s a l\u00e1ncos emel\u0151 l\u00e1nckerek\u00e9t. Ez az \u00f6ssze\u00e1ll\u00edt\u00e1s egyszer\u0171, tart\u00f3s \u00e9s rendk\u00edv\u00fcl hat\u00e9kony.<\/p>\n<p>A m\u0171k\u00f6dtet\u00e9s egyszer\u0171: a k\u00e9zi l\u00e1ncot \u00e9s a k\u00e9zi l\u00e1nckereket megh\u00fazva a s\u00farl\u00f3d\u00f3t\u00e1rcs\u00e1s racsnis kar \u00e9s a f\u00e9kez\u0151fogasker\u00e9k \u00f6sszekapcsol\u00f3dik, ami egy\u00fcttes forg\u00e1st eredm\u00e9nyez. Ahogy a foghossz\u00fas\u00e1g\u00fa tengely forgatja a t\u00e1rcs\u00e1s fogaskereket, a r\u00f6vid foghossz\u00fas\u00e1g\u00fa tengely \u00e9s a bord\u00e1s furat\u00fa fogasker\u00e9k is k\u00f6veti a l\u00e9p\u00e9st. Ez a mozg\u00e1s hajtja az emel\u0151l\u00e1ncot, amely viszont mozgatja az emel\u0151l\u00e1ncot, hogy egyenletesen emelje a neh\u00e9z terhet. Ezenk\u00edv\u00fcl az egyir\u00e1ny\u00fa f\u00e9kmechanizmus, amely racsnis s\u00farl\u00f3d\u00f3t\u00e1rcs\u00e1val rendelkezik, biztos\u00edtja az automatikus f\u00e9kez\u00e9st terhel\u00e9s alatt. A kilincs rug\u00f3er\u0151 alatt kapcsol\u00f3dik a racsnihoz, lehet\u0151v\u00e9 t\u00e9ve a f\u00e9k biztons\u00e1gos \u00e9s stabil m\u0171k\u00f6d\u00e9s\u00e9t.<\/p>\n<p>A l\u00e1ncos emel\u0151 l\u00e1nckerek\u00e9t \u00fagy tervezt\u00e9k, hogy megb\u00edzhat\u00f3, hat\u00e9kony \u00e9s biztons\u00e1gos emel\u00e9st biztos\u00edtson, \u00edgy ide\u00e1lis v\u00e1laszt\u00e1s az ig\u00e9nyes ipari feladatokhoz.<\/p>\n<h3>A k\u00e9zi l\u00e1ncos emel\u0151 l\u00e1nckerek\u00e9nek karbantart\u00e1sa<\/h3>\n<p>A k\u00e9zi l\u00e1ncos emel\u0151 l\u00e1nckerek\u00e9t els\u0151sorban neh\u00e9z t\u00e1rgyak emel\u00e9s\u00e9re \u00e9s berendez\u00e9sek telep\u00edt\u00e9s\u00e9re haszn\u00e1lj\u00e1k. A biztons\u00e1gos \u00e9s z\u00f6kken\u0151mentes m\u0171k\u00f6d\u00e9s biztos\u00edt\u00e1sa \u00e9rdek\u00e9ben az emel\u00e9si feladatok megkezd\u00e9se el\u0151tt a k\u00f6vetkez\u0151 l\u00e9p\u00e9seket kell k\u00f6vetni:<\/p>\n<ol>\n<li><strong>Teherb\u00edr\u00e1s ellen\u0151rz\u00e9se<\/strong>: A t\u00falterhel\u00e9s elker\u00fcl\u00e9se \u00e9rdek\u00e9ben gy\u0151z\u0151dj\u00f6n meg arr\u00f3l, hogy az emelend\u0151 t\u00e1rgy s\u00falya a k\u00e9zi l\u00e1ncos emel\u0151 n\u00e9vleges teherb\u00edr\u00e1s\u00e1n bel\u00fcl van.<\/li>\n<li><strong>Vizsg\u00e1lja meg a munkak\u00f6rnyezetet<\/strong>: Ellen\u0151rizze, hogy a munkater\u00fclet megfelel-e a sz\u00fcks\u00e9ges biztons\u00e1gi k\u00f6vetelm\u00e9nyeknek. A balesetek kock\u00e1zat\u00e1nak minimaliz\u00e1l\u00e1sa \u00e9rdek\u00e9ben hozzon l\u00e9tre egy kijel\u00f6lt biztons\u00e1gi z\u00f3n\u00e1t az emel\u00e9si m\u0171velet k\u00f6r\u00fcl.<\/li>\n<li><strong>Vizsg\u00e1lja meg az emel\u0151 alkatr\u00e9szeit<\/strong>: Vizsg\u00e1lja meg a k\u00e9zi l\u00e1ncos emel\u0151t, k\u00fcl\u00f6n\u00f6s figyelmet ford\u00edtva az alkatr\u00e9szeken l\u00e1that\u00f3 rozsda, kop\u00e1s vagy reped\u00e9sek jeleire. Ha b\u00e1rmilyen probl\u00e9m\u00e1t tal\u00e1l, azonnal \u00e1ll\u00edtsa le a m\u0171k\u00f6d\u00e9st, \u00e9s cser\u00e9lje ki vagy jav\u00edtsa meg a s\u00e9r\u00fclt alkatr\u00e9szeket.<\/li>\n<li><strong>R\u00f6gz\u00edtse a rakom\u00e1nyt<\/strong>Emel\u00e9s el\u0151tt gy\u0151z\u0151dj\u00f6n meg arr\u00f3l, hogy a teher megfelel\u0151en r\u00f6gz\u00edtve van, hogy megakad\u00e1lyozza a m\u0171velet k\u00f6zbeni lees\u00e9st.<\/li>\n<\/ol>\n<p>A karbantart\u00e1si \u00e9s biztons\u00e1gi ir\u00e1nyelvek betart\u00e1s\u00e1val biztos\u00edthatja k\u00e9zi l\u00e1ncos emel\u0151 l\u00e1nckerek\u00e9nek hossz\u00fa \u00e9lettartam\u00e1t, mik\u00f6zben biztons\u00e1gos munkak\u00f6rnyezetet is fenntart.<\/p>\n<table style=\"width: 100%;\" border=\"1\" width=\"100%\" cellspacing=\"0\" cellpadding=\"0\">\n<tbody>\n<tr style=\"height: 14.40pt;\">\n<td style=\"height: 14.4pt; width: 26.5659%;\" width=\"166\" height=\"24\">K\u00e9zi l\u00e1ncos emel\u0151<\/td>\n<td style=\"width: 26.5658%;\" width=\"187\">Elektromos l\u00e1ncos emel\u0151<\/td>\n<td style=\"width: 23.2181%;\" width=\"123\">Emel\u0151karos emel\u0151<\/td>\n<td style=\"width: 23.4341%;\" width=\"80\">Sebess\u00e9gv\u00e1lt\u00f3 kocsi<\/td>\n<\/tr>\n<tr style=\"height: 14.40pt;\">\n<td style=\"height: 14.4pt; width: 26.5659%;\" align=\"right\" height=\"24\"><img loading=\"lazy\" decoding=\"async\" class=\"alignnone size-full wp-image-5267\" src=\"https:\/\/fmp-components.com\/wp-content\/uploads\/2025\/02\/fmp_cast-sprocket-4.webp\" alt=\"fmp_cast-sprocket\" width=\"300\" height=\"300\" title=\"\" srcset=\"https:\/\/fmp-components.com\/wp-content\/uploads\/2025\/02\/fmp_cast-sprocket-4.webp 300w, https:\/\/fmp-components.com\/wp-content\/uploads\/2025\/02\/fmp_cast-sprocket-4-150x150.webp 150w, https:\/\/fmp-components.com\/wp-content\/uploads\/2025\/02\/fmp_cast-sprocket-4-12x12.webp 12w, https:\/\/fmp-components.com\/wp-content\/uploads\/2025\/02\/fmp_cast-sprocket-4-100x100.webp 100w\" sizes=\"(max-width: 300px) 100vw, 300px\" \/><\/td>\n<td style=\"width: 26.5658%;\" align=\"right\"><img loading=\"lazy\" decoding=\"async\" class=\"alignnone size-full wp-image-5259\" src=\"https:\/\/fmp-components.com\/wp-content\/uploads\/2025\/02\/fmp_cast-sprocket-7.webp\" alt=\"fmp_cast-sprocket\" width=\"300\" height=\"300\" title=\"\" srcset=\"https:\/\/fmp-components.com\/wp-content\/uploads\/2025\/02\/fmp_cast-sprocket-7.webp 300w, https:\/\/fmp-components.com\/wp-content\/uploads\/2025\/02\/fmp_cast-sprocket-7-150x150.webp 150w, https:\/\/fmp-components.com\/wp-content\/uploads\/2025\/02\/fmp_cast-sprocket-7-12x12.webp 12w, https:\/\/fmp-components.com\/wp-content\/uploads\/2025\/02\/fmp_cast-sprocket-7-100x100.webp 100w\" sizes=\"(max-width: 300px) 100vw, 300px\" \/><\/td>\n<td style=\"width: 23.2181%;\" align=\"right\"><img loading=\"lazy\" decoding=\"async\" class=\"alignnone size-full wp-image-5260\" src=\"https:\/\/fmp-components.com\/wp-content\/uploads\/2025\/02\/fmp_cast-sprocket-9.webp\" alt=\"fmp_cast-sprocket\" width=\"300\" height=\"300\" title=\"\" srcset=\"https:\/\/fmp-components.com\/wp-content\/uploads\/2025\/02\/fmp_cast-sprocket-9.webp 300w, https:\/\/fmp-components.com\/wp-content\/uploads\/2025\/02\/fmp_cast-sprocket-9-150x150.webp 150w, https:\/\/fmp-components.com\/wp-content\/uploads\/2025\/02\/fmp_cast-sprocket-9-12x12.webp 12w, https:\/\/fmp-components.com\/wp-content\/uploads\/2025\/02\/fmp_cast-sprocket-9-100x100.webp 100w\" sizes=\"(max-width: 300px) 100vw, 300px\" \/><\/td>\n<td style=\"width: 23.4341%;\" align=\"right\"><img loading=\"lazy\" decoding=\"async\" class=\"alignnone size-full wp-image-5266\" src=\"https:\/\/fmp-components.com\/wp-content\/uploads\/2025\/02\/fmp_cast-sprocket-101.webp\" alt=\"fmp_cast-sprocket\" width=\"225\" height=\"225\" title=\"\" srcset=\"https:\/\/fmp-components.com\/wp-content\/uploads\/2025\/02\/fmp_cast-sprocket-101.webp 225w, https:\/\/fmp-components.com\/wp-content\/uploads\/2025\/02\/fmp_cast-sprocket-101-150x150.webp 150w, https:\/\/fmp-components.com\/wp-content\/uploads\/2025\/02\/fmp_cast-sprocket-101-12x12.webp 12w, https:\/\/fmp-components.com\/wp-content\/uploads\/2025\/02\/fmp_cast-sprocket-101-100x100.webp 100w\" sizes=\"(max-width: 225px) 100vw, 225px\" \/><\/td>\n<\/tr>\n<tr style=\"height: 14.40pt;\">\n<td style=\"height: 14.4pt; width: 26.5659%;\" align=\"right\" height=\"24\"><img loading=\"lazy\" decoding=\"async\" class=\"alignnone size-full wp-image-5262\" src=\"https:\/\/fmp-components.com\/wp-content\/uploads\/2025\/02\/fmp_cast-sprocket-6.webp\" alt=\"fmp_cast-sprocket-\" width=\"300\" height=\"300\" title=\"\" srcset=\"https:\/\/fmp-components.com\/wp-content\/uploads\/2025\/02\/fmp_cast-sprocket-6.webp 300w, https:\/\/fmp-components.com\/wp-content\/uploads\/2025\/02\/fmp_cast-sprocket-6-150x150.webp 150w, https:\/\/fmp-components.com\/wp-content\/uploads\/2025\/02\/fmp_cast-sprocket-6-12x12.webp 12w, https:\/\/fmp-components.com\/wp-content\/uploads\/2025\/02\/fmp_cast-sprocket-6-100x100.webp 100w\" sizes=\"(max-width: 300px) 100vw, 300px\" \/><\/td>\n<td style=\"width: 26.5658%;\" align=\"right\"><img loading=\"lazy\" decoding=\"async\" class=\"alignnone size-full wp-image-5263\" src=\"https:\/\/fmp-components.com\/wp-content\/uploads\/2025\/02\/fmp_cast-sprocket-8.webp\" alt=\"fmp_cast-sprocket\" width=\"300\" height=\"300\" title=\"\" srcset=\"https:\/\/fmp-components.com\/wp-content\/uploads\/2025\/02\/fmp_cast-sprocket-8.webp 300w, https:\/\/fmp-components.com\/wp-content\/uploads\/2025\/02\/fmp_cast-sprocket-8-150x150.webp 150w, https:\/\/fmp-components.com\/wp-content\/uploads\/2025\/02\/fmp_cast-sprocket-8-12x12.webp 12w, https:\/\/fmp-components.com\/wp-content\/uploads\/2025\/02\/fmp_cast-sprocket-8-100x100.webp 100w\" sizes=\"(max-width: 300px) 100vw, 300px\" \/><\/td>\n<td style=\"width: 23.2181%;\" align=\"right\"><img loading=\"lazy\" decoding=\"async\" class=\"alignnone size-full wp-image-5264\" src=\"https:\/\/fmp-components.com\/wp-content\/uploads\/2025\/02\/fmp_cast-sprocket-81.webp\" alt=\"fmp_cast-sprocket\" width=\"347\" height=\"347\" title=\"\" srcset=\"https:\/\/fmp-components.com\/wp-content\/uploads\/2025\/02\/fmp_cast-sprocket-81.webp 347w, https:\/\/fmp-components.com\/wp-content\/uploads\/2025\/02\/fmp_cast-sprocket-81-300x300.webp 300w, https:\/\/fmp-components.com\/wp-content\/uploads\/2025\/02\/fmp_cast-sprocket-81-150x150.webp 150w, https:\/\/fmp-components.com\/wp-content\/uploads\/2025\/02\/fmp_cast-sprocket-81-12x12.webp 12w, https:\/\/fmp-components.com\/wp-content\/uploads\/2025\/02\/fmp_cast-sprocket-81-100x100.webp 100w\" sizes=\"(max-width: 347px) 100vw, 347px\" \/><\/td>\n<td style=\"width: 23.4341%;\" align=\"right\"><img loading=\"lazy\" decoding=\"async\" class=\"alignnone size-full wp-image-5265\" src=\"https:\/\/fmp-components.com\/wp-content\/uploads\/2025\/02\/fmp_cast-sprocket-11.webp\" alt=\"fmp_cast-sprocket\" width=\"300\" height=\"300\" title=\"\" srcset=\"https:\/\/fmp-components.com\/wp-content\/uploads\/2025\/02\/fmp_cast-sprocket-11.webp 300w, https:\/\/fmp-components.com\/wp-content\/uploads\/2025\/02\/fmp_cast-sprocket-11-150x150.webp 150w, https:\/\/fmp-components.com\/wp-content\/uploads\/2025\/02\/fmp_cast-sprocket-11-12x12.webp 12w, https:\/\/fmp-components.com\/wp-content\/uploads\/2025\/02\/fmp_cast-sprocket-11-100x100.webp 100w\" sizes=\"(max-width: 300px) 100vw, 300px\" \/><\/td>\n<\/tr>\n<\/tbody>\n<\/table>\n<h3>L\u00e1ncos emel\u0151 l\u00e1ncker\u00e9k m\u00e1s anyagokb\u00f3l<\/h3>\n<table style=\"width: 100%;\" border=\"1\" width=\"100%\" cellspacing=\"0\" cellpadding=\"0\">\n<tbody>\n<tr style=\"height: 14.40pt;\">\n<td style=\"height: 14.4pt; width: 49.0281%; text-align: center;\" align=\"right\" width=\"166\" height=\"24\">M\u0171anyag l\u00e1ncos emel\u0151 l\u00e1ncker\u00e9k<\/td>\n<td style=\"width: 50.7559%; text-align: center;\" align=\"right\" width=\"187\">Rozsdamentes ac\u00e9l l\u00e1ncos emel\u0151 l\u00e1ncker\u00e9k<\/td>\n<\/tr>\n<tr style=\"height: 14.40pt;\">\n<td class=\"et2\" style=\"height: 14.4pt; width: 49.0281%;\" height=\"24\"><img loading=\"lazy\" decoding=\"async\" class=\"alignnone wp-image-5268\" src=\"https:\/\/fmp-components.com\/wp-content\/uploads\/2025\/02\/fmp_plastic-sprocket-11.webp\" alt=\"fmp_m\u0171anyag-l\u00e1ncker\u00e9k\" width=\"447\" height=\"447\" title=\"\" srcset=\"https:\/\/fmp-components.com\/wp-content\/uploads\/2025\/02\/fmp_plastic-sprocket-11.webp 300w, https:\/\/fmp-components.com\/wp-content\/uploads\/2025\/02\/fmp_plastic-sprocket-11-150x150.webp 150w, https:\/\/fmp-components.com\/wp-content\/uploads\/2025\/02\/fmp_plastic-sprocket-11-12x12.webp 12w, https:\/\/fmp-components.com\/wp-content\/uploads\/2025\/02\/fmp_plastic-sprocket-11-100x100.webp 100w\" sizes=\"(max-width: 447px) 100vw, 447px\" \/><\/td>\n<td class=\"et2\" style=\"width: 50.7559%;\"><img loading=\"lazy\" decoding=\"async\" class=\"alignnone wp-image-5269\" src=\"https:\/\/fmp-components.com\/wp-content\/uploads\/2025\/02\/fmp_plastic-sprocket-12.webp\" alt=\"fmp_m\u0171anyag-l\u00e1ncker\u00e9k\" width=\"486\" height=\"486\" title=\"\" srcset=\"https:\/\/fmp-components.com\/wp-content\/uploads\/2025\/02\/fmp_plastic-sprocket-12.webp 300w, https:\/\/fmp-components.com\/wp-content\/uploads\/2025\/02\/fmp_plastic-sprocket-12-150x150.webp 150w, https:\/\/fmp-components.com\/wp-content\/uploads\/2025\/02\/fmp_plastic-sprocket-12-12x12.webp 12w, https:\/\/fmp-components.com\/wp-content\/uploads\/2025\/02\/fmp_plastic-sprocket-12-100x100.webp 100w\" sizes=\"(max-width: 486px) 100vw, 486px\" \/><\/td>\n<\/tr>\n<\/tbody>\n<\/table>\n<h2>Az FMP-r\u0151l<\/h2>\n<p>Az FMP-n\u00e9l b\u00fcszk\u00e9k vagyunk arra, hogy a kiv\u00e1l\u00f3 min\u0151s\u00e9g\u0171 l\u00e1nckerekek vezet\u0151 gy\u00e1rt\u00f3i vagyunk, amelyeket olaszorsz\u00e1gi modern \u00fczem\u00fcnkben gy\u00e1rtunk. Sz\u00e9les v\u00e1laszt\u00e9kban k\u00edn\u00e1lunk l\u00e1nckerekeket, amelyeket a k\u00fcl\u00f6nb\u00f6z\u0151 ipar\u00e1gak egyedi ig\u00e9nyeinek kiel\u00e9g\u00edt\u00e9s\u00e9re tervezt\u00fcnk. Ak\u00e1r k\u00e9sz furat\u00fa l\u00e1nckerekeket, fesz\u00edt\u0151g\u00f6rg\u0151s l\u00e1nckerekeket, k\u00fapos z\u00e1r\u00fa l\u00e1nckerekeket vagy sz\u00e1ll\u00edt\u00f3szalag-l\u00e1nckerekeket keres, minden term\u00e9ket prec\u00edzen \u00e9s tart\u00f3san k\u00e9sz\u00edt\u00fcnk el az optim\u00e1lis teljes\u00edtm\u00e9ny biztos\u00edt\u00e1sa \u00e9rdek\u00e9ben. V\u00e1laszt\u00e9kunkban rozsdamentes ac\u00e9l, m\u0171anyag \u00e9s ac\u00e9l l\u00e1nckerekek, valamint speci\u00e1lis modellek, p\u00e9ld\u00e1ul dupla oszt\u00e1s\u00fa \u00e9s dupla soros l\u00e1nckerekek is megtal\u00e1lhat\u00f3k, \u00edgy ide\u00e1lis megold\u00e1st k\u00edn\u00e1lunk b\u00e1rmilyen alkalmaz\u00e1shoz.<\/p>\n<p>Az FMP-t az egyedi ig\u00e9nyekre szab\u00e1s ir\u00e1nti elk\u00f6telezetts\u00e9g\u00fcnk k\u00fcl\u00f6nb\u00f6zteti meg. Elismerj\u00fck, hogy minden projektnek megvannak a saj\u00e1t, speci\u00e1lis k\u00f6vetelm\u00e9nyei, ez\u00e9rt k\u00edn\u00e1lunk egyedi l\u00e1ncker\u00e9k-megold\u00e1sokat, amelyek pontosan az \u00d6n ig\u00e9nyeire szabottak. Ak\u00e1r egyedi tervez\u00e9sre, ak\u00e1r speci\u00e1lis m\u0171szaki ig\u00e9nyei vannak, szak\u00e9rt\u0151i csapatunk k\u00e9szen \u00e1ll a prec\u00edz, megb\u00edzhat\u00f3 \u00e9s nagy teljes\u00edtm\u00e9ny\u0171 megold\u00e1sok sz\u00e1ll\u00edt\u00e1s\u00e1ra.<\/p>\n<p>Elk\u00f6telezettek vagyunk a kiv\u00e1l\u00f3s\u00e1g ir\u00e1nt mind a m\u00e9rn\u00f6ki, mind a gy\u00e1rt\u00e1si folyamatokban, biztos\u00edtva, hogy minden \u00e1ltalunk gy\u00e1rtott l\u00e1ncker\u00e9k megfeleljen a legmagasabb min\u0151s\u00e9gi el\u0151\u00edr\u00e1soknak \u00e9s tart\u00f3s legyen. Ha b\u00e1rmilyen k\u00e9rd\u00e9se van, vagy egyedi l\u00e1ncker\u00e9k-megold\u00e1sra van sz\u00fcks\u00e9ge, ne habozzon kapcsolatba l\u00e9pni vel\u00fcnk. Csapatunk szak\u00e9rt\u0151i \u00fatmutat\u00e1ssal \u00e9s gyors v\u00e1laszokkal \u00e1ll rendelkez\u00e9s\u00e9re, hogy teljes m\u00e9rt\u00e9kben el\u00e9gedett legyen. Egyszer\u0171en vegye fel vel\u00fcnk a kapcsolatot e-mailben, \u00e9s amint lehets\u00e9ges, felvessz\u00fck \u00d6nnel a kapcsolatot.<\/p>\n<p><img loading=\"lazy\" decoding=\"async\" class=\"alignnone size-full wp-image-5246\" src=\"https:\/\/fmp-components.com\/wp-content\/uploads\/2025\/02\/fmp-cast-sprocket-1.webp\" alt=\"fmp-\u00f6nt\u00f6tt-l\u00e1ncker\u00e9k\" width=\"2492\" height=\"1179\" title=\"\" srcset=\"https:\/\/fmp-components.com\/wp-content\/uploads\/2025\/02\/fmp-cast-sprocket-1.webp 2492w, https:\/\/fmp-components.com\/wp-content\/uploads\/2025\/02\/fmp-cast-sprocket-1-1280x606.webp 1280w, https:\/\/fmp-components.com\/wp-content\/uploads\/2025\/02\/fmp-cast-sprocket-1-980x464.webp 980w, https:\/\/fmp-components.com\/wp-content\/uploads\/2025\/02\/fmp-cast-sprocket-1-480x227.webp 480w\" sizes=\"(min-width: 0px) and (max-width: 480px) 480px, (min-width: 481px) and (max-width: 980px) 980px, (min-width: 981px) and (max-width: 1280px) 1280px, (min-width: 1281px) 2492px, 100vw\" \/><\/p>","protected":false},"excerpt":{"rendered":"<p>Chain Hoist Sprocket Product Overview The chain hoist sprocket is designed for ease of operation, portability, and safety, making it a popular choice among users. With its innovative design and smooth functionality, this sprocket excels in heavy lifting applications. But what sets it apart? The chain hoist sprocket is built with components such as hooks, [&hellip;]<\/p>","protected":false},"featured_media":5257,"comment_status":"open","ping_status":"closed","template":"","meta":{"_et_pb_use_builder":"","_et_pb_old_content":"","_et_gb_content_width":""},"product_brand":[],"product_cat":[99],"product_tag":[],"class_list":{"0":"post-5256","1":"product","2":"type-product","3":"status-publish","4":"has-post-thumbnail","6":"product_cat-specialty-sprockets","8":"first","9":"instock","10":"shipping-taxable","11":"product-type-simple"},"_links":{"self":[{"href":"https:\/\/fmp-components.com\/hu\/wp-json\/wp\/v2\/product\/5256","targetHints":{"allow":["GET"]}}],"collection":[{"href":"https:\/\/fmp-components.com\/hu\/wp-json\/wp\/v2\/product"}],"about":[{"href":"https:\/\/fmp-components.com\/hu\/wp-json\/wp\/v2\/types\/product"}],"replies":[{"embeddable":true,"href":"https:\/\/fmp-components.com\/hu\/wp-json\/wp\/v2\/comments?post=5256"}],"wp:featuredmedia":[{"embeddable":true,"href":"https:\/\/fmp-components.com\/hu\/wp-json\/wp\/v2\/media\/5257"}],"wp:attachment":[{"href":"https:\/\/fmp-components.com\/hu\/wp-json\/wp\/v2\/media?parent=5256"}],"wp:term":[{"taxonomy":"product_brand","embeddable":true,"href":"https:\/\/fmp-components.com\/hu\/wp-json\/wp\/v2\/product_brand?post=5256"},{"taxonomy":"product_cat","embeddable":true,"href":"https:\/\/fmp-components.com\/hu\/wp-json\/wp\/v2\/product_cat?post=5256"},{"taxonomy":"product_tag","embeddable":true,"href":"https:\/\/fmp-components.com\/hu\/wp-json\/wp\/v2\/product_tag?post=5256"}],"curies":[{"name":"munkaf\u00fczet","href":"https:\/\/api.w.org\/{rel}","templated":true}]}}