{"id":5250,"date":"2025-02-05T05:02:51","date_gmt":"2025-02-05T05:02:51","guid":{"rendered":"https:\/\/fmp-components.com\/?post_type=product&#038;p=5250"},"modified":"2025-02-05T05:09:56","modified_gmt":"2025-02-05T05:09:56","slug":"boiler-sprocket-for-fire-grate-slag-remover","status":"publish","type":"product","link":"https:\/\/fmp-components.com\/hu\/product\/boiler-sprocket-for-fire-grate-slag-remover\/","title":{"rendered":"Kaz\u00e1n l\u00e1ncker\u00e9k t\u0171zr\u00e1cs salak elt\u00e1vol\u00edt\u00f3hoz"},"content":{"rendered":"<h2>Kaz\u00e1n l\u00e1ncker\u00e9k t\u0171zrost\u00e9ly salak elt\u00e1vol\u00edt\u00f3hoz<\/h2>\n<p>A t\u0171zrost\u00e9ly salakj\u00e1nak elt\u00e1vol\u00edt\u00e1s\u00e1ra szolg\u00e1l\u00f3 kaz\u00e1nl\u00e1nckerek\u00fcnk l\u00e9tfontoss\u00e1g\u00fa szerepet j\u00e1tszik a szenet a kaz\u00e1nhoz sz\u00e1ll\u00edt\u00f3 l\u00e1ncszemek meghajt\u00e1s\u00e1ban. A kaz\u00e1n seg\u00e9drendszer\u00e9nek kulcsfontoss\u00e1g\u00fa elemek\u00e9nt biztos\u00edtja a z\u00f6kken\u0151mentes \u00e9s hat\u00e9kony m\u0171k\u00f6d\u00e9st. Ez a l\u00e1ncker\u00e9k fejlett technol\u00f3gi\u00e1val k\u00e9sz\u00fclt, hogy ellen\u00e1lljon a magas h\u0151m\u00e9rs\u00e9kletnek \u00e9s a s\u00farl\u00f3d\u00e1snak, \u00edgy tart\u00f3s \u00e9s megb\u00edzhat\u00f3. Felhaszn\u00e1l\u00f3bar\u00e1t kialak\u00edt\u00e1sa lehet\u0151v\u00e9 teszi a k\u00f6nny\u0171 cser\u00e9t, minimaliz\u00e1lva az \u00e1ll\u00e1sid\u0151t \u00e9s a karbantart\u00e1si k\u00f6lts\u00e9geket.<\/p>\n<p>A l\u00e1nckereket h\u00e1romf\u00e9le, kiv\u00e1l\u00f3 min\u0151s\u00e9g\u0171 alapanyagb\u00f3l gy\u00e1rtjuk: \u00f6nt\u00f6tt ac\u00e9lb\u00f3l, \u00f3nozott vasb\u00f3l \u00e9s \u00f6nt\u00f6ttvasb\u00f3l. Ez az anyagv\u00e1laszt\u00e9k biztos\u00edtja, hogy a l\u00e1ncker\u00e9k megfeleljen glob\u00e1lis \u00fcgyfeleink v\u00e1ltozatos ig\u00e9nyeinek. A l\u00e1ncker\u00e9k specifik\u00e1ci\u00f3i 9, 11, 12, 13, 15, 16 \u00e9s 18 m\u00e9retek k\u00f6z\u00f6tt mozognak, az egyedi \u00fcgyf\u00e9lig\u00e9nyeknek megfelel\u0151 gy\u00e1rt\u00e1s rugalmass\u00e1g\u00e1val.<\/p>\n<p><img loading=\"lazy\" decoding=\"async\" class=\"alignnone size-full wp-image-5251\" src=\"https:\/\/fmp-components.com\/wp-content\/uploads\/2025\/02\/fmp_cast-sprocket-3.webp\" alt=\"fmp_cast-sprocket\" width=\"650\" height=\"650\" title=\"\" srcset=\"https:\/\/fmp-components.com\/wp-content\/uploads\/2025\/02\/fmp_cast-sprocket-3.webp 650w, https:\/\/fmp-components.com\/wp-content\/uploads\/2025\/02\/fmp_cast-sprocket-3-480x480.webp 480w\" sizes=\"(min-width: 0px) and (max-width: 480px) 480px, (min-width: 481px) 650px, 100vw\" \/><\/p>\n<h3>A kaz\u00e1n l\u00e1nckerekeinek \u00e9s alkatr\u00e9szeinek jellemz\u0151i:<\/h3>\n<ul>\n<li><strong>Nagy m\u00e9retpontoss\u00e1g<\/strong>: Biztos\u00edtja a prec\u00edz illeszked\u00e9st az optim\u00e1lis teljes\u00edtm\u00e9ny \u00e9rdek\u00e9ben.<\/li>\n<li><strong>Kiv\u00e1l\u00f3 fel\u00fcletkezel\u00e9s<\/strong>: Sima m\u0171k\u00f6d\u00e9st \u00e9s fokozott tart\u00f3ss\u00e1got biztos\u00edt.<\/li>\n<li><strong>Komplex \u00f6tv\u00f6zet \u00f6ntv\u00e9nyek sz\u00e9les v\u00e1laszt\u00e9ka<\/strong>K\u00e9pes k\u00fcl\u00f6nf\u00e9le kaz\u00e1nalkatr\u00e9szek gy\u00e1rt\u00e1s\u00e1ra, az ig\u00e9nyek kiel\u00e9g\u00edt\u00e9s\u00e9re.<\/li>\n<li><strong>Fejlett \u00f6nt\u00e9si technik\u00e1k<\/strong>\u201eViaszvesz\u00e9s\u0171 \u00f6nt\u00e9s\u201d vagy \u201ebefektet\u00e9ses \u00f6nt\u00e9s\u201d alkalmaz\u00e1sa, amely t\u00f6bbr\u00e9teg\u0171 t\u0171z\u00e1ll\u00f3 \u00f6nt\u0151form\u00e1t foglal mag\u00e1ban prec\u00edz \u00e9s bonyolult alkatr\u00e9szek el\u0151\u00e1ll\u00edt\u00e1s\u00e1ra.<\/li>\n<\/ul>\n<p>Sz\u00e1mos egy\u00e9b alapvet\u0151 kaz\u00e1nalkatr\u00e9szt is gy\u00e1rtunk, p\u00e9ld\u00e1ul keringtet\u0151 fluid\u00e1gyas kaz\u00e1nburkolatokat, leveg\u0151bevezet\u0151 cs\u00f6veket, kop\u00e1s\u00e1ll\u00f3 v\u00e9d\u0151t\u00e9gl\u00e1kat, tart\u00f3h\u00fcvelyeket 300 MW-os keringtet\u0151 fluid\u00e1gyas kaz\u00e1nokhoz, \u00edvlemezeket, \u00f6sszek\u00f6t\u0151 cs\u00f6veket, r\u00e9selt elv\u00e1laszt\u00f3kat, vaklemezeket, horgokat \u00e9s lap\u00e1tokat. Minden term\u00e9k\u00fcnket a legmagasabb min\u0151s\u00e9gi \u00e9s teljes\u00edtm\u00e9nyi szabv\u00e1nyoknak megfelel\u0151en gy\u00e1rtjuk, a legig\u00e9nyesebb ipari alkalmaz\u00e1sokhoz.<\/p>\n<p>&nbsp;<\/p>\n<p><strong>Kaz\u00e1n l\u00e1ncker\u00e9k anyagok kiv\u00e1laszt\u00e1sa<\/strong><\/p>\n<p>A l\u00e1ncker\u00e9khez kiv\u00e1lasztott anyagnak biztos\u00edtania kell, hogy a fogasker\u00e9k fogai megfelel\u0151 szil\u00e1rds\u00e1ggal \u00e9s kop\u00e1s\u00e1ll\u00f3s\u00e1ggal rendelkezzenek. A l\u00e1ncker\u00e9k fogfel\u00fclete jellemz\u0151en h\u0151kezel\u00e9sen esik \u00e1t, hogy el\u00e9rje a k\u00edv\u00e1nt kem\u00e9nys\u00e9get az optim\u00e1lis teljes\u00edtm\u00e9ny \u00e9s tart\u00f3ss\u00e1g \u00e9rdek\u00e9ben.<\/p>\n<p>A kaz\u00e1ntartoz\u00e9kok eset\u00e9ben mind a nagy, mind a kis l\u00e1nckerekek jellemz\u0151en kiv\u00e1l\u00f3 min\u0151s\u00e9g\u0171 sz\u00e9n szerkezeti ac\u00e9lb\u00f3l k\u00e9sz\u00fclnek, amelyet sajtolnak a l\u00e1nckerekek kialak\u00edt\u00e1s\u00e1hoz.<\/p>\n<p>A Ningsen Machinery r\u00f6vid \u00e1ttekint\u00e9se kiemeli a kaz\u00e1nrendszerekben haszn\u00e1lt \u00f6nt\u00f6ttvagon-l\u00e1nckerekek f\u0151bb jellemz\u0151it, \u00e9s \u00e9rt\u00e9kes betekint\u00e9st ny\u00fajt azok kiv\u00e1laszt\u00e1s\u00e1ba \u00e9s karbantart\u00e1s\u00e1ba.<\/p>\n<h2>A kaz\u00e1nrost\u00e9ly l\u00e1nckerek\u00e9nek rendszeres karbantart\u00e1sa<\/h2>\n<p>A kaz\u00e1nl\u00e1nckerekek z\u00f6kken\u0151mentes m\u0171k\u00f6d\u00e9se kulcsfontoss\u00e1g\u00fa az ipari kaz\u00e1nrendszerekre t\u00e1maszkod\u00f3 ipar\u00e1gak \u00e1ltal\u00e1nos hat\u00e9konys\u00e1ga \u00e9s sikere szempontj\u00e1b\u00f3l. Annak \u00e9rdek\u00e9ben, hogy a kaz\u00e1nrendszer cs\u00facsteljes\u00edtm\u00e9nyen m\u0171k\u00f6dj\u00f6n, \u00e9s \u00e9lettartama meghosszabbodjon, elengedhetetlen a rendszeres karbantart\u00e1s. A napi karbantart\u00e1s l\u00e9tfontoss\u00e1g\u00fa szerepet j\u00e1tszik a k\u00f6lts\u00e9ges \u00e1ll\u00e1sid\u0151t \u00e9s biztons\u00e1gi kock\u00e1zatokat okoz\u00f3 probl\u00e9m\u00e1k megel\u0151z\u00e9s\u00e9ben.<img loading=\"lazy\" decoding=\"async\" class=\"size-full wp-image-5252 alignleft\" src=\"https:\/\/fmp-components.com\/wp-content\/uploads\/2025\/02\/boiler.webp\" alt=\"kaz\u00e1n\" width=\"500\" height=\"333\" title=\"\" srcset=\"https:\/\/fmp-components.com\/wp-content\/uploads\/2025\/02\/boiler.webp 500w, https:\/\/fmp-components.com\/wp-content\/uploads\/2025\/02\/boiler-480x320.webp 480w\" sizes=\"(min-width: 0px) and (max-width: 480px) 480px, (min-width: 481px) 500px, 100vw\" \/><\/p>\n<p>A megfelel\u0151 karbantart\u00e1s seg\u00edt megel\u0151zni a korom \u00e9s a v\u00edzk\u0151 lerak\u00f3d\u00e1s\u00e1t, ami jelent\u0151sen befoly\u00e1solhatja az ipari kaz\u00e1nok hat\u00e9konys\u00e1g\u00e1t. A rendszer meghib\u00e1sod\u00e1sai vesz\u00e9lyesek lehetnek, cs\u00f6kkent termel\u00e9kenys\u00e9ghez, bev\u00e9telkies\u00e9shez, s\u0151t katasztrof\u00e1lis esem\u00e9nyekhez, p\u00e9ld\u00e1ul robban\u00e1sokhoz vezethetnek. A rendszeres ellen\u0151rz\u00e9sek biztos\u00edtj\u00e1k a munkav\u00e1llal\u00f3k biztons\u00e1g\u00e1t \u00e9s a berendez\u00e9sek hossz\u00fa \u00e9lettartam\u00e1t.<\/p>\n<h3>A kaz\u00e1n l\u00e1nckerekeinek \u00e9s rendszereinek legfontosabb karbantart\u00e1si l\u00e9p\u00e9sei:<\/h3>\n<ol>\n<li><strong>Ellen\u0151rizze a v\u00edz sz\u00e9l\u00e9t \u00e9s az alkatr\u00e9szeket:<\/strong> Az ipari kaz\u00e1nrendszer v\u00edzkomponenseinek rendszeres ellen\u0151rz\u00e9se elengedhetetlen. Az \u00e1sv\u00e1nyi lerak\u00f3d\u00e1sok cs\u00f6kkenthetik a kaz\u00e1n hat\u00e9konys\u00e1g\u00e1t, elt\u00f6m\u0151d\u00e9seket okozhatnak, amelyek ronthatj\u00e1k a rendszer g\u0151ztermel\u00e9si k\u00e9pess\u00e9g\u00e9t. \u00c9rt\u00e9kelje a cs\u00f6veket, a kemence ter\u00fclet\u00e9t \u00e9s a t\u00f6m\u00edt\u00e9s t\u00f6m\u00edt\u0151fel\u00fcleteit. Sz\u00fcks\u00e9g eset\u00e9n k\u00e9rjen szakember seg\u00edts\u00e9g\u00e9t a r\u00e9szletes ellen\u0151rz\u00e9sekhez.<\/li>\n<li><strong>A kemence sz\u00e9leinek \u00e9s \u00e9g\u0151fejeinek ellen\u0151rz\u00e9se:<\/strong> A kemence sz\u00e9leit \u00e9s az \u00e9g\u0151ket ellen\u0151rizni kell minden olyan probl\u00e9ma szempontj\u00e1b\u00f3l, amely cs\u00f6kkentheti a kaz\u00e1n hat\u00e9konys\u00e1g\u00e1t, p\u00e9ld\u00e1ul sziv\u00e1rg\u00e1sok vagy koromlerak\u00f3d\u00e1s. Ezenk\u00edv\u00fcl a leng\u00e9scsillap\u00edt\u00f3kat, elektr\u00f3d\u00e1kat, lamell\u00e1kat, t\u00f6ml\u0151ket, szkennereket \u00e9s diff\u00fazorokat is ellen\u0151rizni kell elt\u00f6m\u0151d\u00e9s vagy er\u00f3zi\u00f3 jelei szempontj\u00e1b\u00f3l. A kopott vagy s\u00e9r\u00fclt alkatr\u00e9szeket halad\u00e9ktalanul ki kell cser\u00e9lni az \u00e9g\u00e9si folyamat optimaliz\u00e1l\u00e1sa \u00e9s a kaz\u00e1n \u00e1ltal\u00e1nos hat\u00e9konys\u00e1g\u00e1nak n\u00f6vel\u00e9se \u00e9rdek\u00e9ben.<\/li>\n<li><strong>Az ellen\u0151rz\u0151 int\u00e9zked\u00e9sek elemz\u00e9se:<\/strong> A kaz\u00e1n biztons\u00e1gos m\u0171k\u00f6d\u00e9s\u00e9hez elengedhetetlen a szab\u00e1lyoz\u00f3 int\u00e9zked\u00e9sek rendszeres elemz\u00e9se. Gy\u0151z\u0151dj\u00f6n meg arr\u00f3l, hogy a v\u00edzszint megfelel\u0151, \u00e9s hogy nincsenek reped\u00e9sek vagy er\u00f3zi\u00f3 jelei. A gy\u00e1r szem\u00e9lyzet\u00e9nek gondosan meg kell vizsg\u00e1lnia a berendez\u00e9s teljes\u00edtm\u00e9ny\u00e9t, \u00e9s figyelnie kell a szab\u00e1lyoz\u00f3 leolvas\u00e1sait. Ha b\u00e1rmelyik leolvas\u00e1s pontatlan, az egy m\u00e9lyebb probl\u00e9m\u00e1ra utalhat, amely szakmai seg\u00edts\u00e9get ig\u00e9nyel.<\/li>\n<li><strong>Reped\u00e9sek vizu\u00e1lis ellen\u0151rz\u00e9se:<\/strong> Rendszeresen v\u00e9gezzen vizu\u00e1lis ellen\u0151rz\u00e9st a reped\u00e9sek, m\u00e9g a kisebb reped\u00e9sek jelei ut\u00e1n is. A reped\u00e9sek jelent\u0151sen cs\u00f6kkenthetik a kaz\u00e1n hat\u00e9konys\u00e1g\u00e1t, \u00e9s indokolatlan terhel\u00e9st jelenthetnek a bels\u0151 alkatr\u00e9szekre. Ez magasabb v\u00edz- \u00e9s \u00e1ramk\u00f6lts\u00e9gekhez vezethet. Ha reped\u00e9seket tal\u00e1l, a karbantart\u00e1s sor\u00e1n gondoskodjon a min\u0151s\u00e9gi jav\u00edt\u00f3szerek haszn\u00e1lat\u00e1r\u00f3l a j\u00f6v\u0151beni probl\u00e9m\u00e1k megel\u0151z\u00e9se \u00e9rdek\u00e9ben.<\/li>\n<li><strong>Napi karbantart\u00e1s \u00e9s ellen\u0151rz\u00e9s:<\/strong> M\u00e9g ha a kaz\u00e1n l\u00e1tsz\u00f3lag norm\u00e1lisan m\u0171k\u00f6dik is, a napi ellen\u0151rz\u00e9sek kritikus fontoss\u00e1g\u00faak a k\u00e1rosod\u00e1s korai jeleinek, p\u00e9ld\u00e1ul sziv\u00e1rg\u00e1sok, reped\u00e9sek vagy laza alkatr\u00e9szek azonos\u00edt\u00e1s\u00e1hoz. Ezen apr\u00f3 r\u00e9szletek elhanyagol\u00e1sa a kaz\u00e1n hat\u00e1sfok\u00e1nak cs\u00f6kken\u00e9s\u00e9hez \u00e9s a berendez\u00e9s meghib\u00e1sod\u00e1s\u00e1nak nagyobb kock\u00e1zat\u00e1hoz vezethet. A rutinszer\u0171 ellen\u0151rz\u00e9sek seg\u00edthetnek az \u00fczemanyag- \u00e9s energiafelhaszn\u00e1l\u00e1s optimaliz\u00e1l\u00e1s\u00e1ban is, minimaliz\u00e1lva a k\u00f6lts\u00e9geket, mik\u00f6zben fenntartj\u00e1k a termel\u00e9kenys\u00e9gi szintet.<\/li>\n<\/ol>\n<p>A napi ellen\u0151rz\u00e9seken t\u00fal a megb\u00edzhat\u00f3 gy\u00e1rt\u00f3k \u00e1ltal v\u00e9gzett havi karbantart\u00e1s biztos\u00edtja a kaz\u00e1nrendszer hossz\u00fa t\u00e1v\u00fa teljes\u00edtm\u00e9ny\u00e9t. A karbantart\u00e1si tervnek figyelembe kell vennie a rendszer gyakoris\u00e1g\u00e1t, id\u0151tartam\u00e1t \u00e9s \u00fczemeltet\u00e9si ig\u00e9nyeit a folyamatos \u00e9s hat\u00e9kony teljes\u00edtm\u00e9ny biztos\u00edt\u00e1sa \u00e9rdek\u00e9ben.<\/p>\n<p>Ezen legjobb gyakorlatok betart\u00e1s\u00e1val az ipar\u00e1gak biztos\u00edthatj\u00e1k, hogy kaz\u00e1nrendszereik hat\u00e9konyan, biztons\u00e1gosan \u00e9s hossz\u00fa \u00e9lettartammal m\u0171k\u00f6djenek.<\/p>\n<p><img loading=\"lazy\" decoding=\"async\" class=\"wp-image-5253 aligncenter\" src=\"https:\/\/fmp-components.com\/wp-content\/uploads\/2025\/02\/fmp_gear-sprocket.webp\" alt=\"fmp_gear-sprocket\" width=\"864\" height=\"576\" title=\"\" srcset=\"https:\/\/fmp-components.com\/wp-content\/uploads\/2025\/02\/fmp_gear-sprocket.webp 864w, https:\/\/fmp-components.com\/wp-content\/uploads\/2025\/02\/fmp_gear-sprocket-480x320.webp 480w\" sizes=\"(min-width: 0px) and (max-width: 480px) 480px, (min-width: 481px) 864px, 100vw\" \/><\/p>\n<div class=\"flex max-w-full flex-col flex-grow\">\n<div class=\"min-h-8 text-message flex w-full flex-col items-end gap-2 whitespace-normal break-words text-start [.text-message+&amp;]:mt-5\" dir=\"auto\" data-message-author-role=\"assistant\" data-message-id=\"24ae20e9-9f74-4024-a282-a852b18b5b58\" data-message-model-slug=\"gpt-4o\">\n<div class=\"flex w-full flex-col gap-1 empty:hidden first:pt-[3px]\">\n<div class=\"markdown prose w-full break-words dark:prose-invert light\">\n<h3>Az FMP-r\u0151l<\/h3>\n<p>Az FMP-n\u00e9l elk\u00f6telezettek vagyunk amellett, hogy a legmodernebb olaszorsz\u00e1gi \u00fczem\u00fcnkben gy\u00e1rtott, kiv\u00e1l\u00f3 min\u0151s\u00e9g\u0171 l\u00e1nckerekek vezet\u0151 gy\u00e1rt\u00f3ja legy\u00fcnk. \u00c1tfog\u00f3 l\u00e1ncker\u00e9k-v\u00e1laszt\u00e9kunkat \u00fagy tervezt\u00fck, hogy megfeleljen az ipar\u00e1gak v\u00e1ltozatos ig\u00e9nyeinek vil\u00e1gszerte. A k\u00e9sz furat\u00fa l\u00e1nckerekekt\u0151l a fesz\u00edt\u0151g\u00f6rg\u0151s l\u00e1nckerekeken \u00e1t a k\u00fapos r\u00f6gz\u00edt\u00e9s\u0171 l\u00e1nckerekekig \u00e9s a sz\u00e1ll\u00edt\u00f3szalag-l\u00e1nckerekekig minden term\u00e9k\u00fcnket prec\u00edzen gy\u00e1rtjuk, hogy kiemelked\u0151 teljes\u00edtm\u00e9nyt \u00e9s tart\u00f3ss\u00e1got biztos\u00edtsunk. K\u00fcl\u00f6nb\u00f6z\u0151 anyagokat k\u00edn\u00e1lunk, bele\u00e9rtve a rozsdamentes ac\u00e9lt, m\u0171anyagot \u00e9s ac\u00e9lt, valamint speci\u00e1lis opci\u00f3kat, mint p\u00e9ld\u00e1ul a dupla oszt\u00e1s\u00fa \u00e9s a dupla soros l\u00e1nckerekek, sokoldal\u00fa megold\u00e1st ny\u00fajtva b\u00e1rmilyen alkalmaz\u00e1shoz.<\/p>\n<p>Az FMP-t igaz\u00e1n az egyedi ig\u00e9nyekre szabott megold\u00e1sok ir\u00e1nti elk\u00f6telezetts\u00e9g\u00fcnk k\u00fcl\u00f6nb\u00f6zteti meg. Meg\u00e9rtj\u00fck, hogy minden projekt egyedi, \u00e9s b\u00fcszk\u00e9k vagyunk arra, hogy egyedi ig\u00e9nyekre szabott l\u00e1ncker\u00e9k-megold\u00e1sokat k\u00edn\u00e1lunk. Ak\u00e1r egyedi tervez\u00e9sre van sz\u00fcks\u00e9ge, ak\u00e1r speci\u00e1lis m\u0171szaki ig\u00e9nyei vannak, szak\u00e9rt\u0151i csapatunk k\u00e9szen \u00e1ll arra, hogy megb\u00edzhat\u00f3, nagy teljes\u00edtm\u00e9ny\u0171 megold\u00e1sokat ny\u00fajtson \u00d6nnek.<\/p>\n<p>Elk\u00f6telezettek vagyunk a m\u00e9rn\u00f6ki kiv\u00e1l\u00f3s\u00e1g \u00e9s a szigor\u00fa gy\u00e1rt\u00e1si szabv\u00e1nyok ir\u00e1nt, \u00edgy minden \u00e1ltalunk gy\u00e1rtott l\u00e1ncker\u00e9k kiv\u00e9teles megb\u00edzhat\u00f3s\u00e1got \u00e9s hossz\u00fa \u00e9lettartamot biztos\u00edt. Ha b\u00e1rmilyen k\u00e9rd\u00e9se van, vagy egyedi l\u00e1ncker\u00e9kre van sz\u00fcks\u00e9ge, k\u00e9rj\u00fck, vegye fel vel\u00fcnk a kapcsolatot. Csapatunk mindig k\u00e9szen \u00e1ll, hogy szak\u00e9rt\u0151i tan\u00e1csokkal \u00e9s gyors v\u00e1laszokkal seg\u00edtsen \u00d6nnek, hogy teljes m\u00e9rt\u00e9kben el\u00e9gedett legyen. L\u00e9pjen kapcsolatba vel\u00fcnk e-mailben, \u00e9s amint lehets\u00e9ges, felvessz\u00fck \u00d6nnel a kapcsolatot.<\/p>\n<p><img loading=\"lazy\" decoding=\"async\" class=\"alignnone size-full wp-image-5246\" src=\"https:\/\/fmp-components.com\/wp-content\/uploads\/2025\/02\/fmp-cast-sprocket-1.webp\" alt=\"fmp-\u00f6nt\u00f6tt-l\u00e1ncker\u00e9k\" width=\"2492\" height=\"1179\" title=\"\" srcset=\"https:\/\/fmp-components.com\/wp-content\/uploads\/2025\/02\/fmp-cast-sprocket-1.webp 2492w, https:\/\/fmp-components.com\/wp-content\/uploads\/2025\/02\/fmp-cast-sprocket-1-1280x606.webp 1280w, https:\/\/fmp-components.com\/wp-content\/uploads\/2025\/02\/fmp-cast-sprocket-1-980x464.webp 980w, https:\/\/fmp-components.com\/wp-content\/uploads\/2025\/02\/fmp-cast-sprocket-1-480x227.webp 480w\" sizes=\"(min-width: 0px) and (max-width: 480px) 480px, (min-width: 481px) and (max-width: 980px) 980px, (min-width: 981px) and (max-width: 1280px) 1280px, (min-width: 1281px) 2492px, 100vw\" \/><\/p>\n<\/div>\n<\/div>\n<\/div>\n<\/div>","protected":false},"excerpt":{"rendered":"<p>Boiler Sprocket for Fire Grate Slag Remover Our Boiler Sprocket for fire grate slag removal plays a vital role in driving the chain links that transport coal to the boiler. As a crucial component of the boiler auxiliary system, it ensures smooth and efficient operation. This sprocket is designed with advanced technology to withstand high [&hellip;]<\/p>","protected":false},"featured_media":5251,"comment_status":"open","ping_status":"closed","template":"","meta":{"_et_pb_use_builder":"on","_et_pb_old_content":"<h2>Boiler Sprocket for Fire Grate Slag Remover<\/h2>\r\nOur Boiler Sprocket for fire grate slag removal plays a vital role in driving the chain links that transport coal to the boiler. As a crucial component of the boiler auxiliary system, it ensures smooth and efficient operation. This sprocket is designed with advanced technology to withstand high temperatures and friction, making it durable and reliable. Its user-friendly design allows for easy replacement, minimizing downtime and maintenance costs.\r\n\r\nThe sprocket is manufactured using three types of high-quality raw materials: cast steel, tinplate iron, and cast iron. This variety of materials ensures the sprocket meets the diverse needs of our global clientele. The specifications for the sprocket range from sizes 9, 11, 12, 13, 15, 16, to 18, with the added flexibility of custom manufacturing according to specific customer requirements.\r\n\r\n<img class=\"alignnone size-full wp-image-5251\" src=\"https:\/\/fmp-components.com\/wp-content\/uploads\/2025\/02\/fmp_cast-sprocket-3.webp\" alt=\"fmp_cast-sprocket\" width=\"650\" height=\"650\" \/>\r\n<h3>Characteristics of Boiler Sprockets and Parts:<\/h3>\r\n<ul>\r\n \t<li><strong>High Dimensional Accuracy<\/strong>: Ensures precision fit for optimal performance.<\/li>\r\n \t<li><strong>Excellent Surface Finish<\/strong>: Provides smooth operation and increased durability.<\/li>\r\n \t<li><strong>Wide Range of Complex Alloy Castings<\/strong>: Capable of producing various boiler components to meet specific needs.<\/li>\r\n \t<li><strong>Advanced Casting Techniques<\/strong>: Utilizing \"lost wax casting\" or \"investment casting,\" which involves a multi-layer refractory mold to produce precise and intricate parts.<\/li>\r\n<\/ul>\r\nWe also manufacture a range of other essential boiler components, such as circulating fluidized bed boiler covers, air inlet pipes, wear-resistant protective bricks, support sleeves for 300 MW circulating fluidized bed boilers, arc plates, connecting pipes, slotted separators, blind plates, hooks, and blades. All products are crafted to meet the highest standards of quality and performance for the most demanding industrial applications.\r\n\r\n&nbsp;\r\n\r\n<strong>Selection of Boiler Sprocket Materials<\/strong>\r\n\r\nThe material chosen for the sprocket must ensure that the gear teeth possess adequate strength and wear resistance. Typically, the sprocket\u2019s tooth surface undergoes heat treatment to achieve the required hardness for optimal performance and durability.\r\n\r\nFor boiler accessories, both the large and small chain sprockets are typically made from high-quality carbon structural steel, which is stamped to form the sprockets.\r\n\r\nThis brief overview from Ningsen Machinery highlights the key features of casting boiler sprockets used in boiler systems, aiming to provide valuable insights into their selection and maintenance.\r\n<h2>Routine Maintenance of Boiler Grate Sprocket<\/h2>\r\nThe seamless operation of boiler sprockets is crucial for the overall efficiency and success of industries that rely on industrial boiler systems. To ensure the boiler system operates at peak performance and to extend its service life, regular maintenance is essential. Daily maintenance plays a vital role in preventing issues that could lead to costly downtime and safety hazards.<img class=\"size-full wp-image-5252 alignleft\" src=\"https:\/\/fmp-components.com\/wp-content\/uploads\/2025\/02\/boiler.webp\" alt=\"boiler\" width=\"500\" height=\"333\" \/>\r\n\r\nProper maintenance helps prevent the buildup of soot and scale, which can significantly impact the efficiency of industrial boilers. Failures in the system can be dangerous, leading to reduced productivity, loss of revenue, and even catastrophic incidents such as explosions. Routine checks ensure the safety of workers and the longevity of the equipment.\r\n<h3>Key Maintenance Steps for Boiler Sprockets and Systems:<\/h3>\r\n<ol>\r\n \t<li><strong>Check Water Edge and Components:<\/strong> Regular inspections of the water components in the industrial boiler system are crucial. Mineral scale buildup can reduce the efficiency of the boiler, causing blockages that may impair the system's ability to produce steam effectively. Evaluate the pipes, furnace area, and gasket sealing surfaces. If needed, seek professional assistance for detailed inspections.<\/li>\r\n \t<li><strong>Inspect Furnace Edges and Burners:<\/strong> The furnace edges and burners should be checked for any issues that may decrease boiler efficiency, such as leaks or soot accumulation. Also, inspect dampers, electrodes, fins, hoses, scanners, and diffusers for signs of blockage or erosion. Worn or damaged parts should be replaced promptly to optimize the combustion process and enhance overall boiler efficiency.<\/li>\r\n \t<li><strong>Analysis of Control Measures:<\/strong> Regular analysis of control measures is essential for the safe operation of the boiler. Ensure that the water level is maintained correctly and that there are no signs of cracking or erosion. Factory personnel should carefully examine the equipment's output and monitor control readings. If any readings are inaccurate, it may indicate a deeper issue that requires professional assistance.<\/li>\r\n \t<li><strong>Visual Inspection for Cracks:<\/strong> Conduct regular visual inspections for any signs of cracks, even minor ones. Cracks can significantly reduce the efficiency of the boiler and place undue stress on internal components. This can lead to higher operational costs for water and electricity. If cracks are found, ensure that high-quality repair agents are used during maintenance to prevent future issues.<\/li>\r\n \t<li><strong>Daily Maintenance and Inspection:<\/strong> Even if the boiler appears to be operating normally, daily inspections are critical for identifying early signs of damage such as leaks, cracks, or loose components. Neglecting these small details can result in reduced boiler efficiency and a higher risk of equipment failure. Routine checks can also help optimize fuel and energy use, minimizing costs while maintaining productivity levels.<\/li>\r\n<\/ol>\r\nIn addition to daily checks, monthly maintenance from reliable manufacturers will ensure the long-term performance of the boiler system. The maintenance plan should consider the frequency, duration, and operational demands of the system to ensure continuous, efficient performance.\r\n\r\nBy adhering to these best practices, industries can ensure their boiler systems operate efficiently, safely, and with a prolonged service life.\r\n\r\n<img class=\"wp-image-5253 aligncenter\" src=\"https:\/\/fmp-components.com\/wp-content\/uploads\/2025\/02\/fmp_gear-sprocket.webp\" alt=\"fmp_gear-sprocket\" width=\"864\" height=\"576\" \/>\r\n<div class=\"flex max-w-full flex-col flex-grow\">\r\n<div class=\"min-h-8 text-message flex w-full flex-col items-end gap-2 whitespace-normal break-words text-start [.text-message+&amp;]:mt-5\" dir=\"auto\" data-message-author-role=\"assistant\" data-message-id=\"24ae20e9-9f74-4024-a282-a852b18b5b58\" data-message-model-slug=\"gpt-4o\">\r\n<div class=\"flex w-full flex-col gap-1 empty:hidden first:pt-[3px]\">\r\n<div class=\"markdown prose w-full break-words dark:prose-invert light\">\r\n<h3>About FMP<\/h3>\r\nAt FMP, we are dedicated to being a premier manufacturer of top-quality sprockets, produced at our state-of-the-art facility in Italy. Our comprehensive range of sprockets is designed to meet the diverse needs of industries worldwide. From finished bore sprockets to idler sprockets, taper lock sprockets to conveyor sprockets, each product is crafted with precision to ensure outstanding performance and durability. We offer a variety of materials, including stainless steel, plastic, and steel, as well as specialized options like double pitch and double row sprockets, providing versatile solutions for any application.\r\n\r\nWhat truly distinguishes FMP is our commitment to customization. We understand that every project is unique, and we take pride in offering bespoke sprocket solutions that are tailored to meet your specific requirements. Whether you need a custom design or have specialized technical needs, our team of experts is ready to provide you with reliable, high-performance solutions.\r\n\r\nOur commitment to engineering excellence and rigorous manufacturing standards ensures that every sprocket we produce delivers exceptional reliability and longevity. If you have any questions or require a custom sprocket, we encourage you to get in touch. Our team is always ready to assist with expert advice and prompt responses to ensure your full satisfaction. Contact us via email, and we will get back to you as soon as possible.\r\n\r\n<img class=\"alignnone size-full wp-image-5246\" src=\"https:\/\/fmp-components.com\/wp-content\/uploads\/2025\/02\/fmp-cast-sprocket-1.webp\" alt=\"fmp-cast-sprocket\" width=\"2492\" height=\"1179\" \/>\r\n\r\n<\/div>\r\n<\/div>\r\n<\/div>\r\n<\/div>","_et_gb_content_width":""},"product_brand":[],"product_cat":[99],"product_tag":[],"class_list":{"0":"post-5250","1":"product","2":"type-product","3":"status-publish","4":"has-post-thumbnail","6":"product_cat-specialty-sprockets","8":"first","9":"instock","10":"shipping-taxable","11":"product-type-simple"},"_links":{"self":[{"href":"https:\/\/fmp-components.com\/hu\/wp-json\/wp\/v2\/product\/5250","targetHints":{"allow":["GET"]}}],"collection":[{"href":"https:\/\/fmp-components.com\/hu\/wp-json\/wp\/v2\/product"}],"about":[{"href":"https:\/\/fmp-components.com\/hu\/wp-json\/wp\/v2\/types\/product"}],"replies":[{"embeddable":true,"href":"https:\/\/fmp-components.com\/hu\/wp-json\/wp\/v2\/comments?post=5250"}],"wp:featuredmedia":[{"embeddable":true,"href":"https:\/\/fmp-components.com\/hu\/wp-json\/wp\/v2\/media\/5251"}],"wp:attachment":[{"href":"https:\/\/fmp-components.com\/hu\/wp-json\/wp\/v2\/media?parent=5250"}],"wp:term":[{"taxonomy":"product_brand","embeddable":true,"href":"https:\/\/fmp-components.com\/hu\/wp-json\/wp\/v2\/product_brand?post=5250"},{"taxonomy":"product_cat","embeddable":true,"href":"https:\/\/fmp-components.com\/hu\/wp-json\/wp\/v2\/product_cat?post=5250"},{"taxonomy":"product_tag","embeddable":true,"href":"https:\/\/fmp-components.com\/hu\/wp-json\/wp\/v2\/product_tag?post=5250"}],"curies":[{"name":"munkaf\u00fczet","href":"https:\/\/api.w.org\/{rel}","templated":true}]}}