{"id":5245,"date":"2025-02-05T03:47:45","date_gmt":"2025-02-05T03:47:45","guid":{"rendered":"https:\/\/fmp-components.com\/?post_type=product&#038;p=5245"},"modified":"2025-02-05T03:47:46","modified_gmt":"2025-02-05T03:47:46","slug":"bucket-elevator-sprocket","status":"publish","type":"product","link":"https:\/\/fmp-components.com\/hu\/product\/bucket-elevator-sprocket\/","title":{"rendered":"V\u00f6d\u00f6rlift l\u00e1ncker\u00e9k"},"content":{"rendered":"<h2>V\u00f6d\u00f6rlift l\u00e1ncker\u00e9k<\/h2>\n<p>A serleges felvon\u00f3t \u00fagy tervezt\u00e9k, hogy hat\u00e9konyan sz\u00e1ll\u00edtson anyagokat alacsonyabb szintekr\u0151l magasabb szintekre. <img loading=\"lazy\" decoding=\"async\" class=\"size-full wp-image-5248 alignright\" src=\"https:\/\/fmp-components.com\/wp-content\/uploads\/2025\/02\/fmp_cast-sprocket-16.webp\" alt=\"fmp_cast-sprocket\" width=\"538\" height=\"522\" title=\"\" srcset=\"https:\/\/fmp-components.com\/wp-content\/uploads\/2025\/02\/fmp_cast-sprocket-16.webp 538w, https:\/\/fmp-components.com\/wp-content\/uploads\/2025\/02\/fmp_cast-sprocket-16-480x466.webp 480w\" sizes=\"(min-width: 0px) and (max-width: 480px) 480px, (min-width: 481px) 538px, 100vw\" \/>Miut\u00e1n az anyagokat egy vibr\u00e1ci\u00f3s asztal seg\u00edts\u00e9g\u00e9vel a tart\u00e1lyba helyezt\u00e9k, a g\u00e9p automatikusan \u00e9s folyamatosan m\u0171k\u00f6dik, felfel\u00e9 emelve az anyagokat. A sz\u00e1ll\u00edt\u00f3szalag sebess\u00e9ge a sz\u00fcks\u00e9ges sz\u00e1ll\u00edt\u00e1si mennyis\u00e9g alapj\u00e1n \u00e1ll\u00edthat\u00f3, az emel\u00e9si magass\u00e1g pedig az ig\u00e9nyeknek megfelel\u0151en testreszabhat\u00f3.<\/p>\n<p>Serleges felvon\u00f3nk saj\u00e1t tervez\u00e9s\u0171, nem m\u00e9rgez\u0151 PP garattal rendelkezik, amely sz\u00e9les\u00edti alkalmaz\u00e1si ter\u00fclet\u00e9t a k\u00fcl\u00f6nb\u00f6z\u0151 ipar\u00e1gakban. A garatot gondosan tervezt\u00e9k az optim\u00e1lis teljes\u00edtm\u00e9ny \u00e9rdek\u00e9ben, biztos\u00edtva a tart\u00f3ss\u00e1got \u00e9s az anyagok biztons\u00e1gos kezel\u00e9s\u00e9t. A rendszer minden m\u00e9rete az alkalmaz\u00e1s konkr\u00e9t k\u00f6vetelm\u00e9nyeinek megfelel\u0151en van kialak\u00edtva.<\/p>\n<p>Ez a serleges felvon\u00f3 ide\u00e1lis f\u00fcgg\u0151leges csomagol\u00f3g\u00e9pek \u00e9s sz\u00e1m\u00edt\u00f3g\u00e9pes adagol\u00f3rendszerek t\u00e1mogat\u00e1s\u00e1ra. Sz\u00e9les k\u00f6rben haszn\u00e1lj\u00e1k olyan term\u00e9kek emel\u00e9s\u00e9re \u00e9s adagol\u00e1s\u00e1ra, mint az \u00e9lelmiszerek, gy\u00f3gyszerek, ipari vegyszerek, csavarok, any\u00e1k \u00e9s egy\u00e9b t\u00e1rgyak. A g\u00e9p m\u0171k\u00f6d\u00e9se automatikusan vez\u00e9relhet\u0151 a csatlakoztatott csomagol\u00f3g\u00e9p jelfelismer\u00e9s\u00e9vel, lehet\u0151v\u00e9 t\u00e9ve a z\u00f6kken\u0151mentes ind\u00edt\u00e1st \u00e9s le\u00e1ll\u00edt\u00e1st.<\/p>\n<p>Rugalmas kialak\u00edt\u00e1s\u00e1nak \u00e9s kiv\u00e1l\u00f3 min\u0151s\u00e9g\u0171 alkatr\u00e9szeinek k\u00f6sz\u00f6nhet\u0151en serleges felvon\u00f3nk megb\u00edzhat\u00f3 megold\u00e1st k\u00edn\u00e1l a hat\u00e9kony f\u00fcgg\u0151leges sz\u00e1ll\u00edt\u00e1shoz a k\u00fcl\u00f6nf\u00e9le ipar\u00e1gakban.<\/p>\n<h2>A v\u00f6dr\u00f6s lift m\u0171k\u00f6d\u00e9si elve<\/h2>\n<p>A serleges felvon\u00f3 \u00fagy m\u0171k\u00f6dik, hogy egy sor garat seg\u00edts\u00e9g\u00e9vel emeli ki az anyagokat az als\u00f3 t\u00e1rol\u00f3ter\u00fcletr\u0151l. Ahogy a sz\u00e1ll\u00edt\u00f3szalag vagy l\u00e1nc felemelkedik, \u00e1thalad a fels\u0151 ker\u00e9ken, majd leereszkedik, hogy az anyagokat egy fogad\u00f3tart\u00e1lyba \u00fcr\u00edtse. Ez a folyamat lehet\u0151v\u00e9 teszi a serleges felvon\u00f3 sz\u00e1m\u00e1ra, hogy folyamatos f\u00fcgg\u0151leges mozg\u00e1sban sz\u00e1ll\u00edtsa az anyagokat.<\/p>\n<p><img loading=\"lazy\" decoding=\"async\" class=\"size-full wp-image-5247 alignleft\" src=\"https:\/\/fmp-components.com\/wp-content\/uploads\/2025\/02\/fmp_cast-sprocket-15.webp\" alt=\"fmp_cast-sprocket\" width=\"526\" height=\"435\" title=\"\" srcset=\"https:\/\/fmp-components.com\/wp-content\/uploads\/2025\/02\/fmp_cast-sprocket-15.webp 526w, https:\/\/fmp-components.com\/wp-content\/uploads\/2025\/02\/fmp_cast-sprocket-15-480x397.webp 480w\" sizes=\"(min-width: 0px) and (max-width: 480px) 480px, (min-width: 481px) 526px, 100vw\" \/>A legt\u00f6bb serleges felvon\u00f3ban a hajt\u00e1srendszert egy gumisz\u00edj hajtja, amely mind az als\u00f3, mind a fels\u0151 hajt\u00f3dobra, valamint a fels\u0151 \u00e9s az als\u00f3 korm\u00e1nydobra van felszerelve. Alternat\u00edv megold\u00e1sk\u00e9nt a l\u00e1nchajt\u00e1s\u00fa serleges felvon\u00f3k k\u00e9t p\u00e1rhuzamos er\u0151\u00e1tviteli l\u00e1nccal vannak felszerelve. Ezek a l\u00e1ncok egy p\u00e1r er\u0151\u00e1tviteli l\u00e1ncker\u00e9kkel m\u0171k\u00f6dnek egy\u00fctt, amelyek fel\u00fcl vagy alul helyezkednek el, valamint a m\u00e1sik v\u00e9g\u00e9n tal\u00e1lhat\u00f3 korm\u00e1nyker\u00e9kkel.<\/p>\n<p>A hat\u00e9kony \u00e9s tiszta m\u0171k\u00f6d\u00e9s biztos\u00edt\u00e1sa \u00e9rdek\u00e9ben a serleges felvon\u00f3kat jellemz\u0151en burkolatokba z\u00e1rj\u00e1k, amelyek seg\u00edtenek megakad\u00e1lyozni a por kijut\u00e1s\u00e1t az anyagsz\u00e1ll\u00edt\u00e1s sor\u00e1n.<\/p>\n<p>A serleges felvon\u00f3k ide\u00e1lisak anyagok f\u00fcgg\u0151leges sz\u00e1ll\u00edt\u00e1s\u00e1ra. Miut\u00e1n az anyagokat egy vibr\u00e1ci\u00f3s asztal seg\u00edts\u00e9g\u00e9vel a tart\u00e1lyba helyezt\u00e9k, a rendszer automatikusan \u00e9s folyamatosan m\u0171k\u00f6dik, hogy az anyagokat a k\u00edv\u00e1nt magass\u00e1gba emelje, megb\u00edzhat\u00f3 \u00e9s hat\u00e9kony anyagmozgat\u00e1st biztos\u00edtva.<\/p>\n<h2>Az FMP-r\u0151l<\/h2>\n<p>Az FMP-n\u00e9l b\u00fcszk\u00e9k vagyunk arra, hogy a kiv\u00e1l\u00f3 min\u0151s\u00e9g\u0171 l\u00e1nckerekek vezet\u0151 gy\u00e1rt\u00f3i vagyunk, amelyeket olaszorsz\u00e1gi modern \u00fczem\u00fcnkben gy\u00e1rtunk. Sz\u00e9les v\u00e1laszt\u00e9kban k\u00edn\u00e1lunk l\u00e1nckerekeket, amelyeket a k\u00fcl\u00f6nb\u00f6z\u0151 ipar\u00e1gak egyedi ig\u00e9nyeinek kiel\u00e9g\u00edt\u00e9s\u00e9re tervezt\u00fcnk. Ak\u00e1r k\u00e9sz furat\u00fa l\u00e1nckerekeket, fesz\u00edt\u0151g\u00f6rg\u0151s l\u00e1nckerekeket, k\u00fapos z\u00e1r\u00fa l\u00e1nckerekeket vagy sz\u00e1ll\u00edt\u00f3szalag-l\u00e1nckerekeket keres, minden term\u00e9ket prec\u00edzen \u00e9s tart\u00f3san k\u00e9sz\u00edt\u00fcnk el az optim\u00e1lis teljes\u00edtm\u00e9ny biztos\u00edt\u00e1sa \u00e9rdek\u00e9ben. V\u00e1laszt\u00e9kunkban rozsdamentes ac\u00e9l, m\u0171anyag \u00e9s ac\u00e9l l\u00e1nckerekek, valamint speci\u00e1lis modellek, p\u00e9ld\u00e1ul dupla oszt\u00e1s\u00fa \u00e9s dupla soros l\u00e1nckerekek is megtal\u00e1lhat\u00f3k, \u00edgy ide\u00e1lis megold\u00e1st k\u00edn\u00e1lunk b\u00e1rmilyen alkalmaz\u00e1shoz.<\/p>\n<p>Az FMP-t az egyedi ig\u00e9nyekre szab\u00e1s ir\u00e1nti elk\u00f6telezetts\u00e9g\u00fcnk k\u00fcl\u00f6nb\u00f6zteti meg. Elismerj\u00fck, hogy minden projektnek megvannak a saj\u00e1t, speci\u00e1lis k\u00f6vetelm\u00e9nyei, ez\u00e9rt k\u00edn\u00e1lunk egyedi l\u00e1ncker\u00e9k-megold\u00e1sokat, amelyek pontosan az \u00d6n ig\u00e9nyeire szabottak. Ak\u00e1r egyedi tervez\u00e9sre, ak\u00e1r speci\u00e1lis m\u0171szaki ig\u00e9nyei vannak, szak\u00e9rt\u0151i csapatunk k\u00e9szen \u00e1ll a prec\u00edz, megb\u00edzhat\u00f3 \u00e9s nagy teljes\u00edtm\u00e9ny\u0171 megold\u00e1sok sz\u00e1ll\u00edt\u00e1s\u00e1ra.<\/p>\n<p>Elk\u00f6telezettek vagyunk a kiv\u00e1l\u00f3s\u00e1g ir\u00e1nt mind a m\u00e9rn\u00f6ki, mind a gy\u00e1rt\u00e1si folyamatokban, biztos\u00edtva, hogy minden \u00e1ltalunk gy\u00e1rtott l\u00e1ncker\u00e9k megfeleljen a legmagasabb min\u0151s\u00e9gi el\u0151\u00edr\u00e1soknak \u00e9s tart\u00f3s legyen. Ha b\u00e1rmilyen k\u00e9rd\u00e9se van, vagy egyedi l\u00e1ncker\u00e9k-megold\u00e1sra van sz\u00fcks\u00e9ge, ne habozzon kapcsolatba l\u00e9pni vel\u00fcnk. Csapatunk szak\u00e9rt\u0151i \u00fatmutat\u00e1ssal \u00e9s gyors v\u00e1laszokkal \u00e1ll rendelkez\u00e9s\u00e9re, hogy teljes m\u00e9rt\u00e9kben el\u00e9gedett legyen. Egyszer\u0171en vegye fel vel\u00fcnk a kapcsolatot e-mailben, \u00e9s amint lehets\u00e9ges, felvessz\u00fck \u00d6nnel a kapcsolatot.<\/p>\n<p><img loading=\"lazy\" decoding=\"async\" class=\"alignnone size-full wp-image-5246\" src=\"https:\/\/fmp-components.com\/wp-content\/uploads\/2025\/02\/fmp-cast-sprocket-1.webp\" alt=\"fmp-\u00f6nt\u00f6tt-l\u00e1ncker\u00e9k\" width=\"2492\" height=\"1179\" title=\"\" srcset=\"https:\/\/fmp-components.com\/wp-content\/uploads\/2025\/02\/fmp-cast-sprocket-1.webp 2492w, https:\/\/fmp-components.com\/wp-content\/uploads\/2025\/02\/fmp-cast-sprocket-1-1280x606.webp 1280w, https:\/\/fmp-components.com\/wp-content\/uploads\/2025\/02\/fmp-cast-sprocket-1-980x464.webp 980w, https:\/\/fmp-components.com\/wp-content\/uploads\/2025\/02\/fmp-cast-sprocket-1-480x227.webp 480w\" sizes=\"(min-width: 0px) and (max-width: 480px) 480px, (min-width: 481px) and (max-width: 980px) 980px, (min-width: 981px) and (max-width: 1280px) 1280px, (min-width: 1281px) 2492px, 100vw\" \/><\/p>","protected":false},"excerpt":{"rendered":"<p>Bucket Elevator Sprocket The bucket elevator is designed to efficiently transport materials from lower to higher elevations. After materials are placed into the hopper via a vibration table, the machine operates automatically and continuously, lifting the materials upward. The speed of the conveyor can be adjusted based on the required transport volume, and the lifting [&hellip;]<\/p>","protected":false},"featured_media":5249,"comment_status":"open","ping_status":"closed","template":"","meta":{"_et_pb_use_builder":"","_et_pb_old_content":"","_et_gb_content_width":""},"product_brand":[],"product_cat":[99],"product_tag":[],"class_list":{"0":"post-5245","1":"product","2":"type-product","3":"status-publish","4":"has-post-thumbnail","6":"product_cat-specialty-sprockets","8":"first","9":"instock","10":"shipping-taxable","11":"product-type-simple"},"_links":{"self":[{"href":"https:\/\/fmp-components.com\/hu\/wp-json\/wp\/v2\/product\/5245","targetHints":{"allow":["GET"]}}],"collection":[{"href":"https:\/\/fmp-components.com\/hu\/wp-json\/wp\/v2\/product"}],"about":[{"href":"https:\/\/fmp-components.com\/hu\/wp-json\/wp\/v2\/types\/product"}],"replies":[{"embeddable":true,"href":"https:\/\/fmp-components.com\/hu\/wp-json\/wp\/v2\/comments?post=5245"}],"wp:featuredmedia":[{"embeddable":true,"href":"https:\/\/fmp-components.com\/hu\/wp-json\/wp\/v2\/media\/5249"}],"wp:attachment":[{"href":"https:\/\/fmp-components.com\/hu\/wp-json\/wp\/v2\/media?parent=5245"}],"wp:term":[{"taxonomy":"product_brand","embeddable":true,"href":"https:\/\/fmp-components.com\/hu\/wp-json\/wp\/v2\/product_brand?post=5245"},{"taxonomy":"product_cat","embeddable":true,"href":"https:\/\/fmp-components.com\/hu\/wp-json\/wp\/v2\/product_cat?post=5245"},{"taxonomy":"product_tag","embeddable":true,"href":"https:\/\/fmp-components.com\/hu\/wp-json\/wp\/v2\/product_tag?post=5245"}],"curies":[{"name":"munkaf\u00fczet","href":"https:\/\/api.w.org\/{rel}","templated":true}]}}