{"id":5239,"date":"2025-02-05T03:00:22","date_gmt":"2025-02-05T03:00:22","guid":{"rendered":"https:\/\/fmp-components.com\/?post_type=product&#038;p=5239"},"modified":"2025-02-05T03:00:22","modified_gmt":"2025-02-05T03:00:22","slug":"fu-scraper-conveyor-cast-sprocket","status":"publish","type":"product","link":"https:\/\/fmp-components.com\/hu\/product\/fu-scraper-conveyor-cast-sprocket\/","title":{"rendered":"FU kapar\u00f3 sz\u00e1ll\u00edt\u00f3szalag \u00f6nt\u00f6tt l\u00e1ncker\u00e9k"},"content":{"rendered":"<h2>Kapar\u00f3 l\u00e1ncker\u00e9k<\/h2>\n<p>Az FU kapar\u00f3s sz\u00e1ll\u00edt\u00f3szalag \u00f6nt\u00f6tt l\u00e1nckereke kulcsfontoss\u00e1g\u00fa eleme a k\u00fcl\u00f6nf\u00e9le kapar\u00f3g\u00e9pek hajt\u00e1smechanizmus\u00e1nak. A l\u00e1nccal egy\u00fcttm\u0171k\u00f6dve alkotja a kapar\u00f3s sz\u00e1ll\u00edt\u00f3szalagok els\u0151dleges hajt\u00e1srendszer\u00e9t. Ezeknek a g\u00e9peknek a l\u00e1nckerekei \u00e9s l\u00e1ncai hat\u00e9konyan sz\u00e1ll\u00edtj\u00e1k az \u00f6mlesztett anyagokat a v\u00e1ly\u00faban, stabilit\u00e1st \u00e9s tart\u00f3ss\u00e1got biztos\u00edtva. A kapar\u00f3g\u00e9pek v\u00edzszintes \u00e9s ferde anyagsz\u00e1ll\u00edt\u00e1sra is haszn\u00e1lhat\u00f3k.<\/p>\n<p>A l\u00e1ncker\u00e9k-tengely szerelv\u00e9ny, amelyet gyakran l\u00e1ncker\u00e9kcsoportnak is neveznek, a teljesen g\u00e9pes\u00edtett kapar\u00f3fej \u00e9s a rakod\u00f3 kulcsfontoss\u00e1g\u00fa alkot\u00f3eleme. Sz\u00e9nb\u00e1ny\u00e1szati \u200b\u200balkalmaz\u00e1sokban a l\u00e1ncker\u00e9k egy reduktoron kereszt\u00fcl hajtja a l\u00e1ncot, lehet\u0151v\u00e9 t\u00e9ve a kapar\u00f3 sz\u00e1m\u00e1ra, hogy olyan anyagokat, mint a sz\u00e9n, a k\u00f6zponti ny\u00edl\u00e1son bel\u00fcl mozgassa.<\/p>\n<p><img loading=\"lazy\" decoding=\"async\" class=\"wp-image-5241 alignleft\" src=\"https:\/\/fmp-components.com\/wp-content\/uploads\/2025\/02\/scraper2.webp\" alt=\"kapar\u00f3\" width=\"304\" height=\"304\" title=\"\"> A kapar\u00f3 l\u00e1nckerekei nagy szil\u00e1rds\u00e1g\u00fa szerkezeti \u00f6tv\u00f6z\u00f6tt ac\u00e9lb\u00f3l k\u00e9sz\u00fclnek, \u00e9s t\u00f6bbl\u00e9pcs\u0151s feldolgoz\u00e1si elj\u00e1r\u00e1son esnek \u00e1t. Ezek a l\u00e1nckerekek kiv\u00e1l\u00f3 szil\u00e1rds\u00e1gukr\u00f3l, kop\u00e1s\u00e1ll\u00f3s\u00e1gukr\u00f3l \u00e9s \u00e1ltal\u00e1nos megb\u00edzhat\u00f3s\u00e1gukr\u00f3l ismertek. K\u00fcl\u00f6nb\u00f6z\u0151 modellekben kaphat\u00f3k, hogy illeszkedjenek a k\u00fcl\u00f6nb\u00f6z\u0151 kapar\u00f3 sz\u00e1ll\u00edt\u00f3szalagokhoz, \u00e9s \u00fagy tervezt\u00e9k, hogy megfeleljenek a v\u00e1ltozatos \u00fczemi k\u00f6r\u00fclm\u00e9nyek ig\u00e9nyeinek.<\/p>\n<h3>A kapar\u00f3 l\u00e1nckerekek f\u0151bb jellemz\u0151i a k\u00f6vetkez\u0151k:<\/h3>\n<p>Nagy szil\u00e1rds\u00e1g \u00e9s kop\u00e1s\u00e1ll\u00f3s\u00e1g<br \/>\nImpulzuskombin\u00e1ci\u00f3k \u00e9s \u00fct\u00e9sterhel\u00e9sek elvisel\u00e9s\u00e9nek k\u00e9pess\u00e9ge<br \/>\nTart\u00f3ss\u00e1g \u00e9s sz\u00edv\u00f3ss\u00e1g<br \/>\nPrec\u00edz fogm\u00e9ret \u00e9s nagyfok\u00fa megmunk\u00e1l\u00e1si pontoss\u00e1g az optim\u00e1lis l\u00e1nckompatibilit\u00e1s \u00e9rdek\u00e9ben<br \/>\nA kapar\u00f3 l\u00e1nckerekei jellemz\u0151en 6-8 foggal rendelkeznek, az adott alkalmaz\u00e1st\u00f3l f\u00fcgg\u0151en.<\/p>\n<h2>A kapar\u00f3 l\u00e1ncker\u00e9k anyaga<\/h2>\n<p>A s\u00e1rkapar\u00f3 l\u00e1nckerekek t\u00f6bbs\u00e9ge nagy szil\u00e1rds\u00e1g\u00fa \u00f6tv\u00f6z\u00f6tt ac\u00e9lb\u00f3l, p\u00e9ld\u00e1ul 42CrMo vagy 45CrMnMo-b\u00f3l k\u00e9sz\u00fcl. Ezeket az anyagokat kiv\u00e9teles szil\u00e1rds\u00e1guk, tart\u00f3ss\u00e1guk \u00e9s kop\u00e1s\u00e1ll\u00f3s\u00e1guk miatt v\u00e1lasztj\u00e1k ki, amelyek elengedhetetlenek a s\u00e1rkapar\u00f3 l\u00e1nckerekek \u00fczemeltet\u00e9se sor\u00e1n felmer\u00fcl\u0151 neh\u00e9z k\u00f6r\u00fclm\u00e9nyekhez.<\/p>\n<p>A l\u00e1nckerekek kop\u00e1s\u00e1ll\u00f3s\u00e1g\u00e1nak \u00e9s \u00e1ltal\u00e1nos teljes\u00edtm\u00e9ny\u00e9nek n\u00f6vel\u00e9se \u00e9rdek\u00e9ben a l\u00e1nckerekek kov\u00e1csol\u00e1si \u00e9s edz\u00e9si folyamaton esnek \u00e1t. A kov\u00e1csol\u00e1si folyamat biztos\u00edtja, hogy a l\u00e1nckerekek s\u0171r\u0171 \u00e9s egyenletes szerkezettel rendelkezzenek, jelent\u0151sen jav\u00edtva sz\u00edv\u00f3ss\u00e1gukat \u00e9s f\u00e1rad\u00e1si ellen\u00e1ll\u00e1sukat. Az edz\u00e9s tov\u00e1bb n\u00f6veli az anyag kem\u00e9nys\u00e9g\u00e9t, \u00edgy a l\u00e1nckerekek jobban ellen\u00e1llnak a nagy ig\u00e9nybev\u00e9tel\u0171 alkalmaz\u00e1sokban fell\u00e9p\u0151 ig\u00e9nybev\u00e9teleknek \u00e9s kop\u00e1snak.<\/p>\n<p>A gy\u00e1rt\u00e1si folyamat sor\u00e1n szigor\u00fa min\u0151s\u00e9gellen\u0151rz\u00e9si int\u00e9zked\u00e9seket alkalmaznak annak biztos\u00edt\u00e1s\u00e1ra, hogy minden egyes l\u00e1ncker\u00e9k kov\u00e1csol\u00e1si fel\u00fclete mentes legyen olyan hib\u00e1kt\u00f3l, mint a reped\u00e9sek, k\u00f6zbens\u0151 r\u00e9tegek, gy\u0171r\u0151d\u00e9sek, kialakul\u00f3 s\u00e9r\u00fcl\u00e9sek \u00e9s salakz\u00e1rv\u00e1nyok. Ezek a t\u00f6k\u00e9letlens\u00e9gek vesz\u00e9lyeztethetik a l\u00e1nckerekek szil\u00e1rds\u00e1g\u00e1t \u00e9s m\u0171k\u00f6d\u00e9s\u00e9t, ez\u00e9rt szigor\u00fa tesztel\u00e9st \u00e9s ellen\u0151rz\u00e9st v\u00e9geznek a legmagasabb min\u0151s\u00e9gi szabv\u00e1nyok biztos\u00edt\u00e1sa \u00e9rdek\u00e9ben.<\/p>\n<p>Minden egyes l\u00e1ncker\u00e9k gy\u00e1rt\u00e1sa t\u00f6bb mint h\u00fasz k\u00fcl\u00f6nb\u00f6z\u0151 feldolgoz\u00e1si l\u00e9p\u00e9sb\u0151l \u00e1ll. Ezek a l\u00e9p\u00e9sek magukban foglalj\u00e1k a prec\u00edz megmunk\u00e1l\u00e1st, form\u00e1z\u00e1st \u00e9s kik\u00e9sz\u00edt\u00e9st, biztos\u00edtva, hogy minden l\u00e1ncker\u00e9k megfeleljen a kapar\u00f3g\u00e9pek k\u00f6vetelm\u00e9nyeinek. A kialak\u00edt\u00e1s ut\u00e1n a l\u00e1nckerekeket a kapar\u00f3g\u00e9p fej\u00e9be \u00e9s fark\u00e1ba szerelik be, ahol kulcsszerepet j\u00e1tszanak a l\u00e1nc meghajt\u00e1s\u00e1ban \u00e9s a hat\u00e9kony anyagsz\u00e1ll\u00edt\u00e1s biztos\u00edt\u00e1s\u00e1ban.<\/p>\n<p>A fejlett gy\u00e1rt\u00e1si technik\u00e1knak \u00e9s a kiv\u00e1l\u00f3 min\u0151s\u00e9g\u0171 anyagoknak k\u00f6sz\u00f6nhet\u0151en a kapar\u00f3 l\u00e1nckerekei megb\u00edzhat\u00f3 teljes\u00edtm\u00e9nyt ny\u00fajtanak kih\u00edv\u00e1st jelent\u0151 k\u00f6rnyezetben, hossz\u00fa \u00e9lettartamot \u00e9s fokozott m\u0171k\u00f6d\u00e9si hat\u00e9konys\u00e1got k\u00edn\u00e1lva.<\/p>\n<p><img loading=\"lazy\" decoding=\"async\" class=\"wp-image-5243 aligncenter\" src=\"https:\/\/fmp-components.com\/wp-content\/uploads\/2025\/02\/fmp_cast-sprocket-12.webp\" alt=\"fmp_cast-sprocket\" width=\"863\" height=\"859\" title=\"\" srcset=\"https:\/\/fmp-components.com\/wp-content\/uploads\/2025\/02\/fmp_cast-sprocket-12.webp 863w, https:\/\/fmp-components.com\/wp-content\/uploads\/2025\/02\/fmp_cast-sprocket-12-480x478.webp 480w\" sizes=\"(min-width: 0px) and (max-width: 480px) 480px, (min-width: 481px) 863px, 100vw\" \/><\/p>\n<h3>A kapar\u00f3 sz\u00e1ll\u00edt\u00f3szalag m\u0171k\u00f6d\u00e9si elve<\/h3>\n<p>A kapar\u00f3 sz\u00e1ll\u00edt\u00f3szalag egy egyszer\u0171, m\u00e9gis hat\u00e9kony mechanizmussal m\u0171k\u00f6dik, amelyet \u00f6mlesztett anyagok, p\u00e9ld\u00e1ul sz\u00e9n, medd\u0151h\u00e1ny\u00f3 vagy egy\u00e9b anyagok sz\u00e1ll\u00edt\u00e1s\u00e1ra terveztek. A sz\u00e1ll\u00edt\u00f3szalag egy nyitott cs\u00faszd\u00e1val rendelkezik, amely vezet\u0151- \u00e9s csap\u00e1gyszerkezetk\u00e9nt szolg\u00e1l az anyagok sz\u00e1m\u00e1ra. A l\u00e1nc ment\u00e9n r\u00f6gz\u00edtett kapar\u00f3 (amely a kapar\u00f3l\u00e1ncot alkotja) von\u00f3elemk\u00e9nt m\u0171k\u00f6dik, amely az anyagokat a cs\u00faszd\u00e1n kereszt\u00fcl mozgatja.<\/p>\n<p>Amikor a fejhajt\u00e1si rendszer, bele\u00e9rtve a sz\u00e1ll\u00edt\u00f3szalag sebess\u00e9gv\u00e1lt\u00f3j\u00e1t is, aktiv\u00e1l\u00f3dik, mozg\u00e1sba hozza a sz\u00e1ll\u00edt\u00f3szalag fejtengely\u00e9n l\u00e9v\u0151 l\u00e1nckereket. Ez a forg\u00e1s hajtja a kapar\u00f3l\u00e1ncot, ami folyamatos kering\u00e9st biztos\u00edt. Ahogy a kapar\u00f3l\u00e1nc mozog, h\u00fazza az anyagot a cs\u00faszd\u00e1n, hat\u00e9konyan sz\u00e1ll\u00edtva azt a v\u00e9g\u00e9t\u0151l a sz\u00e1ll\u00edt\u00f3szalag feje fel\u00e9.<\/p>\n<p><img loading=\"lazy\" decoding=\"async\" class=\"wp-image-5242 aligncenter\" src=\"https:\/\/fmp-components.com\/wp-content\/uploads\/2025\/02\/fmp-scraper.webp\" alt=\"fmp-leh\u00faz\u00f3\" width=\"880\" height=\"660\" title=\"\" srcset=\"https:\/\/fmp-components.com\/wp-content\/uploads\/2025\/02\/fmp-scraper.webp 880w, https:\/\/fmp-components.com\/wp-content\/uploads\/2025\/02\/fmp-scraper-480x360.webp 480w\" sizes=\"(min-width: 0px) and (max-width: 480px) 480px, (min-width: 481px) 880px, 100vw\" \/><\/p>\n<p>A sz\u00e1ll\u00edt\u00f3szalag elej\u00e9n az anyag ki\u00fcr\u00edt\u00e9se megt\u00f6rt\u00e9nik, ezzel befejezve a sz\u00e1ll\u00edt\u00e1si ciklust. A kapar\u00f3l\u00e1nc ezut\u00e1n megker\u00fcli a l\u00e1nckereket, \u00e9s folyamatos, z\u00e1rt hurk\u00fa m\u0171k\u00f6d\u00e9sben t\u00e9r vissza a rendszeren kereszt\u00fcl, biztos\u00edtva az anyag egyenletes \u00e1raml\u00e1s\u00e1t a folyamat sor\u00e1n. Ez a z\u00f6kken\u0151mentes m\u0171k\u00f6d\u00e9s lehet\u0151v\u00e9 teszi a hat\u00e9kony \u00e9s megb\u00edzhat\u00f3 anyagmozgat\u00e1st, \u00edgy a kapar\u00f3szalagok ide\u00e1lisak sz\u00e1mos ipar\u00e1g sz\u00e1m\u00e1ra, p\u00e9ld\u00e1ul a b\u00e1ny\u00e1szat, a sz\u00e9nkezel\u00e9s \u00e9s az \u00f6mlesztett anyagok sz\u00e1ll\u00edt\u00e1sa sz\u00e1m\u00e1ra.<\/p>\n<p>\u00d6sszefoglalva, a kapar\u00f3szalag-rendszer m\u0171k\u00f6d\u00e9si elve a kapar\u00f3l\u00e1nc \u00e9s a l\u00e1nckerekek \u00f6sszehangolt mozg\u00e1s\u00e1n alapul, amelyet a fejhajt\u00e1si rendszer hajt, hogy az anyagokat folyamatosan sz\u00e1ll\u00edts\u00e1k a cs\u00faszd\u00e1n egy z\u00e1rt ciklusban, biztos\u00edtva az \u00e1lland\u00f3 \u00e9s z\u00f6kken\u0151mentes m\u0171k\u00f6d\u00e9st.<\/p>\n<h2>Az FMP-r\u0151l<\/h2>\n<p>Olaszorsz\u00e1gi, korszer\u0171 \u00fczem\u00fcnkben sz\u00e9les v\u00e1laszt\u00e9kban gy\u00e1rtunk kiv\u00e1l\u00f3 min\u0151s\u00e9g\u0171 l\u00e1nckerekeket, hogy kiel\u00e9g\u00edts\u00fck \u00fcgyfeleink v\u00e1ltozatos ig\u00e9nyeit. A k\u00e9sz furat\u00fa l\u00e1nckerekekt\u0151l a fesz\u00edt\u0151g\u00f6rg\u0151k\u00f6n \u00e1t a k\u00fapos r\u00f6gz\u00edt\u00e9s\u0171 l\u00e1nckerekekig \u00e9s a sz\u00e1ll\u00edt\u00f3szalag-l\u00e1nckerekekig prec\u00edz \u00e9s tart\u00f3s term\u00e9keket k\u00edn\u00e1lunk. Sz\u00e9les v\u00e1laszt\u00e9kunkban rozsdamentes ac\u00e9l, m\u0171anyag \u00e9s ac\u00e9l l\u00e1nckerekek, valamint speci\u00e1lis kivitelek, p\u00e9ld\u00e1ul dupla oszt\u00e1s\u00fa \u00e9s dupla soros l\u00e1nckerekek is megtal\u00e1lhat\u00f3k, \u00edgy biztos\u00edtva, hogy b\u00e1rmilyen alkalmaz\u00e1shoz t\u00f6k\u00e9letes megold\u00e1st k\u00edn\u00e1lhassunk.<img loading=\"lazy\" decoding=\"async\" class=\"wp-image-5244 alignleft\" src=\"https:\/\/fmp-components.com\/wp-content\/uploads\/2025\/02\/fmp_cast-sprocket-13.webp\" alt=\"fmp_cast-sprocket\" width=\"235\" height=\"295\" title=\"\"><\/p>\n<p>Ami megk\u00fcl\u00f6nb\u00f6ztet minket, az a testreszab\u00e1s ir\u00e1nti elk\u00f6telezetts\u00e9g\u00fcnk. Meg\u00e9rtj\u00fck, hogy minden projekt egyedi, ez\u00e9rt k\u00edn\u00e1lunk testreszabott l\u00e1ncker\u00e9k-megold\u00e1sokat, hogy megfelelj\u00fcnk az \u00d6n egyedi ig\u00e9nyeinek. Ak\u00e1r egyedi tervez\u00e9sre van sz\u00fcks\u00e9ge, ak\u00e1r egyedi m\u0171szaki ig\u00e9nyei vannak, szak\u00e9rt\u0151 csapatunk k\u00e9szen \u00e1ll, hogy prec\u00edz \u00e9s megb\u00edzhat\u00f3 megold\u00e1sokat k\u00edn\u00e1ljon \u00d6nnek.<\/p>\n<p>B\u00fcszk\u00e9k vagyunk m\u00e9rn\u00f6ki szak\u00e9rtelm\u00fcnkre \u00e9s gy\u00e1rt\u00e1si folyamatunk min\u0151s\u00e9g\u00e9re, \u00edgy biztos\u00edtva, hogy minden \u00e1ltalunk gy\u00e1rtott l\u00e1ncker\u00e9k tart\u00f3s legyen. Ha b\u00e1rmilyen k\u00e9rd\u00e9se van, vagy egyedi l\u00e1ncker\u00e9kre van sz\u00fcks\u00e9ge, ne habozzon kapcsolatba l\u00e9pni vel\u00fcnk. Csapatunk k\u00e9szen \u00e1ll, hogy seg\u00edtsen \u00d6nnek, \u00e9s id\u0151ben szak\u00e9rt\u0151i tan\u00e1csokkal szolg\u00e1ljon, hogy teljes m\u00e9rt\u00e9kben el\u00e9gedett legyen. Egyszer\u0171en k\u00fcldj\u00f6n nek\u00fcnk egy e-mailt, \u00e9s amint lehets\u00e9ges, felvessz\u00fck \u00d6nnel a kapcsolatot.<\/p>","protected":false},"excerpt":{"rendered":"<p>Scraper Sprocket The FU Scraper Conveyor Cast Sprocket is a crucial component in the drive mechanism of various scraper machines. It works together with the chain to form the primary drive system for scraper conveyors. The chain sprockets and chains of these machines efficiently transport bulk materials within the trough, offering stability and durability. Scraper [&hellip;]<\/p>","protected":false},"featured_media":5240,"comment_status":"open","ping_status":"closed","template":"","meta":{"_et_pb_use_builder":"","_et_pb_old_content":"","_et_gb_content_width":""},"product_brand":[],"product_cat":[99],"product_tag":[],"class_list":{"0":"post-5239","1":"product","2":"type-product","3":"status-publish","4":"has-post-thumbnail","6":"product_cat-specialty-sprockets","8":"first","9":"instock","10":"shipping-taxable","11":"product-type-simple"},"_links":{"self":[{"href":"https:\/\/fmp-components.com\/hu\/wp-json\/wp\/v2\/product\/5239","targetHints":{"allow":["GET"]}}],"collection":[{"href":"https:\/\/fmp-components.com\/hu\/wp-json\/wp\/v2\/product"}],"about":[{"href":"https:\/\/fmp-components.com\/hu\/wp-json\/wp\/v2\/types\/product"}],"replies":[{"embeddable":true,"href":"https:\/\/fmp-components.com\/hu\/wp-json\/wp\/v2\/comments?post=5239"}],"wp:featuredmedia":[{"embeddable":true,"href":"https:\/\/fmp-components.com\/hu\/wp-json\/wp\/v2\/media\/5240"}],"wp:attachment":[{"href":"https:\/\/fmp-components.com\/hu\/wp-json\/wp\/v2\/media?parent=5239"}],"wp:term":[{"taxonomy":"product_brand","embeddable":true,"href":"https:\/\/fmp-components.com\/hu\/wp-json\/wp\/v2\/product_brand?post=5239"},{"taxonomy":"product_cat","embeddable":true,"href":"https:\/\/fmp-components.com\/hu\/wp-json\/wp\/v2\/product_cat?post=5239"},{"taxonomy":"product_tag","embeddable":true,"href":"https:\/\/fmp-components.com\/hu\/wp-json\/wp\/v2\/product_tag?post=5239"}],"curies":[{"name":"munkaf\u00fczet","href":"https:\/\/api.w.org\/{rel}","templated":true}]}}