{"id":5072,"date":"2025-01-26T06:53:34","date_gmt":"2025-01-26T06:53:34","guid":{"rendered":"https:\/\/fmp-components.com\/?post_type=product&#038;p=5072"},"modified":"2025-01-26T06:53:34","modified_gmt":"2025-01-26T06:53:34","slug":"idler-sprocket-13t-1%e2%80%b31-43-4%e2%80%b3","status":"publish","type":"product","link":"https:\/\/fmp-components.com\/hu\/product\/idler-sprocket-13t-1%e2%80%b31-43-4%e2%80%b3\/","title":{"rendered":"L\u00e1nckereke fesz\u00edt\u0151 13 fog\u00fa 1\u20331\/4*3\/4\u2033"},"content":{"rendered":"<h2>L\u00e1nckereke fesz\u00edt\u0151 13 fog\u00fa 1\u20331\/4*3\/4\u2033<\/h2>\n<p>A l\u00e1ncfesz\u00edt\u0151 l\u00e1ncker\u00e9k a l\u00e1nchajt\u00e1srendszer egyik alkot\u00f3eleme. A l\u00e1nc vezet\u00e9s\u00e9re \u00e9s a megfelel\u0151 feszess\u00e9g fenntart\u00e1s\u00e1ra szolg\u00e1l. A 13 fog\u00fa, 1\u20331\/4*3\/4\u2033 m\u00e9ret\u0171 l\u00e1ncfesz\u00edt\u0151 l\u00e1ncker\u00e9k egy speci\u00e1lis t\u00edpus\u00fa, 13 fog\u00fa \u00e9s 1\u20331\/4*3\/4\u2033 m\u00e9ret\u0171 l\u00e1ncfesz\u00edt\u0151 l\u00e1ncker\u00e9k.<\/p>\n<p><img loading=\"lazy\" decoding=\"async\" class=\"alignnone size-full wp-image-5074\" src=\"https:\/\/fmp-components.com\/wp-content\/uploads\/2025\/01\/0-idler-sprocket-type.webp\" alt=\"0-f\u00e9le szabadonfut\u00f3 l\u00e1ncker\u00e9kt\u00edpus\" width=\"1589\" height=\"980\" title=\"\" srcset=\"https:\/\/fmp-components.com\/wp-content\/uploads\/2025\/01\/0-idler-sprocket-type.webp 1589w, https:\/\/fmp-components.com\/wp-content\/uploads\/2025\/01\/0-idler-sprocket-type-1280x789.webp 1280w, https:\/\/fmp-components.com\/wp-content\/uploads\/2025\/01\/0-idler-sprocket-type-980x604.webp 980w, https:\/\/fmp-components.com\/wp-content\/uploads\/2025\/01\/0-idler-sprocket-type-480x296.webp 480w\" sizes=\"(min-width: 0px) and (max-width: 480px) 480px, (min-width: 481px) and (max-width: 980px) 980px, (min-width: 981px) and (max-width: 1280px) 1280px, (min-width: 1281px) 1589px, 100vw\" \/><\/p>","protected":false},"excerpt":{"rendered":"<p>Idler Sprocket 13T 1&#8243;1\/4*3\/4&#8243; An idler sprocket is a component of a chain drive system. It is used to guide the chain and maintain proper tension. The Idler Sprocket 13T 1&#8243;1\/4*3\/4&#8243; is a specific type of idler sprocket that has 13 teeth and measures 1&#8243;1\/4*3\/4&#8243;.<\/p>","protected":false},"featured_media":5073,"comment_status":"open","ping_status":"closed","template":"","meta":{"_et_pb_use_builder":"","_et_pb_old_content":"","_et_gb_content_width":""},"product_brand":[],"product_cat":[96,95],"product_tag":[],"class_list":{"0":"post-5072","1":"product","2":"type-product","3":"status-publish","4":"has-post-thumbnail","6":"product_cat-idler-sprocket","7":"product_cat-sprocket","9":"first","10":"instock","11":"shipping-taxable","12":"product-type-simple"},"_links":{"self":[{"href":"https:\/\/fmp-components.com\/hu\/wp-json\/wp\/v2\/product\/5072","targetHints":{"allow":["GET"]}}],"collection":[{"href":"https:\/\/fmp-components.com\/hu\/wp-json\/wp\/v2\/product"}],"about":[{"href":"https:\/\/fmp-components.com\/hu\/wp-json\/wp\/v2\/types\/product"}],"replies":[{"embeddable":true,"href":"https:\/\/fmp-components.com\/hu\/wp-json\/wp\/v2\/comments?post=5072"}],"wp:featuredmedia":[{"embeddable":true,"href":"https:\/\/fmp-components.com\/hu\/wp-json\/wp\/v2\/media\/5073"}],"wp:attachment":[{"href":"https:\/\/fmp-components.com\/hu\/wp-json\/wp\/v2\/media?parent=5072"}],"wp:term":[{"taxonomy":"product_brand","embeddable":true,"href":"https:\/\/fmp-components.com\/hu\/wp-json\/wp\/v2\/product_brand?post=5072"},{"taxonomy":"product_cat","embeddable":true,"href":"https:\/\/fmp-components.com\/hu\/wp-json\/wp\/v2\/product_cat?post=5072"},{"taxonomy":"product_tag","embeddable":true,"href":"https:\/\/fmp-components.com\/hu\/wp-json\/wp\/v2\/product_tag?post=5072"}],"curies":[{"name":"munkaf\u00fczet","href":"https:\/\/api.w.org\/{rel}","templated":true}]}}